{"id":9998,"date":"2022-12-13T16:07:29","date_gmt":"2022-12-13T15:07:29","guid":{"rendered":"https:\/\/atelier-diospyros.fr\/?post_type=product&#038;p=9998"},"modified":"2023-11-21T11:37:38","modified_gmt":"2023-11-21T10:37:38","slug":"petites-puces-doreilles-flores-en-bois-rose-violette-ebene","status":"publish","type":"product","link":"https:\/\/atelier-diospyros.fr\/index.php\/produit\/petites-puces-doreilles-flores-en-bois-rose-violette-ebene\/","title":{"rendered":"Petites puces d&rsquo;oreilles Flores en bois de rose, bois de violette et \u00e9b\u00e8ne"},"content":{"rendered":"[vc_row][vc_column][vc_column_text]Bijou fleur en bois massif en bois de rose, bois de violette et \u00e9b\u00e8ne avec tige en acier chirurgical.<\/p>\n<p>Cette paire de boucles d&rsquo;oreilles mesure environ 1.5 cm par 2 cm.<\/p>\n<p>Inspir\u00e9e des fleurs, la collection <em>Flores<\/em> propose une ligne de boucles d&rsquo;oreilles faites de trois p\u00e9tales de bois. Retrouvez ici trois couleurs : le rose du bois de rose, le violet du bois de violette et le noir profond de l&rsquo;\u00e9b\u00e8ne.<\/p>\n<p>La collection <em>Flores<\/em> est une nouveaut\u00e9 2022. Elle est n\u00e9e du souhait de trouver une nouvelle vie \u00e0 des chutes de bois tr\u00e8s plates, tout en mettant en valeur l&rsquo;\u00e9ventail des couleurs naturelles des bois pr\u00e9cieux. Chaque bijou est un pi\u00e8ce unique et est con\u00e7u avec soin \u00e0 partir des chutes de l&rsquo;atelier.<\/p>\n<p>Un bijou inspir\u00e9 par les fleurs unique et graphique.<br \/>\n<a href=\"https:\/\/atelier-diospyros.fr\/index.php\/categorie-produit\/bijoux\/boucles-doreilles\/collection-flores\/\">D\u00e9couvrez les autres cr\u00e9ations de la collection flores<\/a><\/p>\n<p><span style=\"color: #999999;\">\u00a0<\/span>[\/vc_column_text][\/vc_column][\/vc_row][vc_row][vc_column][vc_column_text]<em><span style=\"color: #999999;\">Upcycling : ce bijou est con\u00e7u \u00e0 partir d&rsquo;une chute de bois pr\u00e9cieux. Nous concevons nos bijoux dans le but de sauver des essences de bois rares en leur donnant une nouvelle vie !<\/span><\/em><\/p>\n<p><em><span style=\"color: #999999;\">Nos cr\u00e9ations sont issues d\u2019une d\u00e9marche \u00e9co-responsable. Ainsi, nous n\u2019utilisons que des chutes de bois pour notre mati\u00e8re premi\u00e8re, le bois pr\u00e9cieux.<\/span><\/em><br \/>\n<em><span style=\"color: #999999;\">La valorisation, ou \u00ab\u00a0upcycling\u00a0\u00bb est au c\u0153ur de notre m\u00e9tier. Parce que nous sommes conscients de la valeur inestimable de ces bois rares, nous n\u2019utilisons que des chutes de bois que nous achetons en France. Nous nourrissons et prot\u00e9geons nos bois simplement \u00e0 l\u2019huile de lin.<\/span><\/em><\/p>\n<p><em><span style=\"color: #999999;\">\u00c0 la mani\u00e8re des pierres pr\u00e9cieuses, nous fa\u00e7onnons nos cr\u00e9ations \u00e0 la main dans une esth\u00e9tique min\u00e9rale et g\u00e9om\u00e9trique.<br \/>\n<\/span><\/em><\/p>\n<p><em><span style=\"color: #999999;\">En achetant un bijou ou accessoire en bois <a style=\"color: #999999;\" href=\"https:\/\/atelier-diospyros.fr\/index.php\/boutique\/\">Atelier Diospyros<\/a>, vous soutenez la cr\u00e9ation artisanale fabriqu\u00e9e en France, l&rsquo;artisanat en circuit court ainsi que le savoir-faire de deux \u00e9b\u00e9nistes engag\u00e9s : Merci !<\/span><\/em>[\/vc_column_text][\/vc_column][\/vc_row]\n","protected":false},"excerpt":{"rendered":"<p>[vc_row][vc_column][vc_column_text]Bijou fleur en bois massif en bois de rose, bois de violette et \u00e9b\u00e8ne avec tige en acier chirurgical. Cette paire de boucles d&rsquo;oreilles mesure environ 1.5 cm par 2 cm. Inspir\u00e9e des fleurs, la collection Flores propose une ligne &hellip; <a class=\"kt-excerpt-readmore\" href=\"https:\/\/atelier-diospyros.fr\/index.php\/produit\/petites-puces-doreilles-flores-en-bois-rose-violette-ebene\/\" aria-label=\"Petites puces d&rsquo;oreilles Flores en bois de rose, bois de violette et \u00e9b\u00e8ne\">Lire la suite<\/a><\/p>\n","protected":false},"featured_media":10003,"template":"","meta":[],"product_cat":[24,331],"product_tag":[300,195,284,169,182,86,35,266,352,140,65,335,333,332,336,334,293,337],"class_list":{"0":"post-9998","1":"product","2":"type-product","3":"status-publish","4":"has-post-thumbnail","6":"product_cat-boucles-doreilles","7":"product_cat-collection-flores","8":"product_tag-acier-chirurgical","9":"product_tag-artisanal","10":"product_tag-bijou-bois","11":"product_tag-bijou","12":"product_tag-bois","13":"product_tag-bois-de-rose","14":"product_tag-bois-de-violette","15":"product_tag-bois-precieux","16":"product_tag-bouquet","17":"product_tag-clous-doreilles","18":"product_tag-ebene","19":"product_tag-eventail","20":"product_tag-fleur","21":"product_tag-flores","22":"product_tag-noces-de-bois","23":"product_tag-petale","24":"product_tag-puces","25":"product_tag-trois","27":"first","28":"outofstock","29":"shipping-taxable","30":"purchasable","31":"product-type-simple"},"yoast_head":"<!-- This site is optimized with the Yoast SEO plugin v24.2 - https:\/\/yoast.com\/wordpress\/plugins\/seo\/ -->\n<title>Petites puces d&#039;oreilles Flores en bois de rose, bois de violette et \u00e9b\u00e8ne<\/title>\n<meta name=\"description\" content=\"Bijou fleur en bois. La collection flores est inspir\u00e9e des fleurs avec ces p\u00e9tales de bois. Pi\u00e8ce unique fabriqu\u00e9e en France.\" \/>\n<meta name=\"robots\" content=\"index, follow, max-snippet:-1, max-image-preview:large, max-video-preview:-1\" \/>\n<link rel=\"canonical\" href=\"https:\/\/atelier-diospyros.fr\/index.php\/produit\/petites-puces-doreilles-flores-en-bois-rose-violette-ebene\/\" \/>\n<meta property=\"og:locale\" content=\"fr_FR\" \/>\n<meta property=\"og:type\" content=\"article\" \/>\n<meta property=\"og:title\" content=\"Petites puces d&#039;oreilles Flores en bois de rose, bois de violette et \u00e9b\u00e8ne\" \/>\n<meta property=\"og:description\" content=\"Bijou fleur en bois. La collection flores est inspir\u00e9e des fleurs avec ces p\u00e9tales de bois. Pi\u00e8ce unique fabriqu\u00e9e en France.\" \/>\n<meta property=\"og:url\" content=\"https:\/\/atelier-diospyros.fr\/index.php\/produit\/petites-puces-doreilles-flores-en-bois-rose-violette-ebene\/\" \/>\n<meta property=\"og:site_name\" content=\"Atelier Diospyros &amp; Cl\u00e9mence Quitterel\" \/>\n<meta property=\"article:modified_time\" content=\"2023-11-21T10:37:38+00:00\" \/>\n<meta property=\"og:image\" content=\"https:\/\/atelier-diospyros.fr\/wp-content\/uploads\/2022\/12\/20221207_113147.jpg\" \/>\n\t<meta property=\"og:image:width\" content=\"2048\" \/>\n\t<meta property=\"og:image:height\" content=\"2048\" \/>\n\t<meta property=\"og:image:type\" content=\"image\/jpeg\" \/>\n<meta name=\"twitter:card\" content=\"summary_large_image\" \/>\n<meta name=\"twitter:label1\" content=\"Dur\u00e9e de lecture estim\u00e9e\" \/>\n\t<meta name=\"twitter:data1\" content=\"2 minutes\" \/>\n<script type=\"application\/ld+json\" class=\"yoast-schema-graph\">{\"@context\":\"https:\/\/schema.org\",\"@graph\":[{\"@type\":\"WebPage\",\"@id\":\"https:\/\/atelier-diospyros.fr\/index.php\/produit\/petites-puces-doreilles-flores-en-bois-rose-violette-ebene\/\",\"url\":\"https:\/\/atelier-diospyros.fr\/index.php\/produit\/petites-puces-doreilles-flores-en-bois-rose-violette-ebene\/\",\"name\":\"Petites puces d'oreilles Flores en bois de rose, bois de violette et \u00e9b\u00e8ne\",\"isPartOf\":{\"@id\":\"https:\/\/atelier-diospyros.fr\/#website\"},\"primaryImageOfPage\":{\"@id\":\"https:\/\/atelier-diospyros.fr\/index.php\/produit\/petites-puces-doreilles-flores-en-bois-rose-violette-ebene\/#primaryimage\"},\"image\":{\"@id\":\"https:\/\/atelier-diospyros.fr\/index.php\/produit\/petites-puces-doreilles-flores-en-bois-rose-violette-ebene\/#primaryimage\"},\"thumbnailUrl\":\"https:\/\/atelier-diospyros.fr\/wp-content\/uploads\/2022\/12\/20221207_113147.jpg\",\"datePublished\":\"2022-12-13T15:07:29+00:00\",\"dateModified\":\"2023-11-21T10:37:38+00:00\",\"description\":\"Bijou fleur en bois. La collection flores est inspir\u00e9e des fleurs avec ces p\u00e9tales de bois. Pi\u00e8ce unique fabriqu\u00e9e en France.\",\"breadcrumb\":{\"@id\":\"https:\/\/atelier-diospyros.fr\/index.php\/produit\/petites-puces-doreilles-flores-en-bois-rose-violette-ebene\/#breadcrumb\"},\"inLanguage\":\"fr-FR\",\"potentialAction\":[{\"@type\":\"ReadAction\",\"target\":[\"https:\/\/atelier-diospyros.fr\/index.php\/produit\/petites-puces-doreilles-flores-en-bois-rose-violette-ebene\/\"]}]},{\"@type\":\"ImageObject\",\"inLanguage\":\"fr-FR\",\"@id\":\"https:\/\/atelier-diospyros.fr\/index.php\/produit\/petites-puces-doreilles-flores-en-bois-rose-violette-ebene\/#primaryimage\",\"url\":\"https:\/\/atelier-diospyros.fr\/wp-content\/uploads\/2022\/12\/20221207_113147.jpg\",\"contentUrl\":\"https:\/\/atelier-diospyros.fr\/wp-content\/uploads\/2022\/12\/20221207_113147.jpg\",\"width\":2048,\"height\":2048},{\"@type\":\"BreadcrumbList\",\"@id\":\"https:\/\/atelier-diospyros.fr\/index.php\/produit\/petites-puces-doreilles-flores-en-bois-rose-violette-ebene\/#breadcrumb\",\"itemListElement\":[{\"@type\":\"ListItem\",\"position\":1,\"name\":\"Accueil\",\"item\":\"https:\/\/atelier-diospyros.fr\/\"},{\"@type\":\"ListItem\",\"position\":2,\"name\":\"Boutique\",\"item\":\"https:\/\/atelier-diospyros.fr\/index.php\/boutique\/\"},{\"@type\":\"ListItem\",\"position\":3,\"name\":\"Petites puces d&rsquo;oreilles Flores en bois de rose, bois de violette et \u00e9b\u00e8ne\"}]},{\"@type\":\"WebSite\",\"@id\":\"https:\/\/atelier-diospyros.fr\/#website\",\"url\":\"https:\/\/atelier-diospyros.fr\/\",\"name\":\"Atelier Diospyros &amp; Cl\u00e9mence Quitterel\",\"description\":\"Objets en bois precieux et Cyanotypes : bijoux, d\u00e9coration d&#039;interieur, noeud papillon en bois, planches a decouper\",\"potentialAction\":[{\"@type\":\"SearchAction\",\"target\":{\"@type\":\"EntryPoint\",\"urlTemplate\":\"https:\/\/atelier-diospyros.fr\/?s={search_term_string}\"},\"query-input\":{\"@type\":\"PropertyValueSpecification\",\"valueRequired\":true,\"valueName\":\"search_term_string\"}}],\"inLanguage\":\"fr-FR\"}]}<\/script>\n<!-- \/ Yoast SEO plugin. -->","yoast_head_json":{"title":"Petites puces d'oreilles Flores en bois de rose, bois de violette et \u00e9b\u00e8ne","description":"Bijou fleur en bois. La collection flores est inspir\u00e9e des fleurs avec ces p\u00e9tales de bois. Pi\u00e8ce unique fabriqu\u00e9e en France.","robots":{"index":"index","follow":"follow","max-snippet":"max-snippet:-1","max-image-preview":"max-image-preview:large","max-video-preview":"max-video-preview:-1"},"canonical":"https:\/\/atelier-diospyros.fr\/index.php\/produit\/petites-puces-doreilles-flores-en-bois-rose-violette-ebene\/","og_locale":"fr_FR","og_type":"article","og_title":"Petites puces d'oreilles Flores en bois de rose, bois de violette et \u00e9b\u00e8ne","og_description":"Bijou fleur en bois. La collection flores est inspir\u00e9e des fleurs avec ces p\u00e9tales de bois. Pi\u00e8ce unique fabriqu\u00e9e en France.","og_url":"https:\/\/atelier-diospyros.fr\/index.php\/produit\/petites-puces-doreilles-flores-en-bois-rose-violette-ebene\/","og_site_name":"Atelier Diospyros &amp; Cl\u00e9mence Quitterel","article_modified_time":"2023-11-21T10:37:38+00:00","og_image":[{"width":2048,"height":2048,"url":"https:\/\/atelier-diospyros.fr\/wp-content\/uploads\/2022\/12\/20221207_113147.jpg","type":"image\/jpeg"}],"twitter_card":"summary_large_image","twitter_misc":{"Dur\u00e9e de lecture estim\u00e9e":"2 minutes"},"schema":{"@context":"https:\/\/schema.org","@graph":[{"@type":"WebPage","@id":"https:\/\/atelier-diospyros.fr\/index.php\/produit\/petites-puces-doreilles-flores-en-bois-rose-violette-ebene\/","url":"https:\/\/atelier-diospyros.fr\/index.php\/produit\/petites-puces-doreilles-flores-en-bois-rose-violette-ebene\/","name":"Petites puces d'oreilles Flores en bois de rose, bois de violette et \u00e9b\u00e8ne","isPartOf":{"@id":"https:\/\/atelier-diospyros.fr\/#website"},"primaryImageOfPage":{"@id":"https:\/\/atelier-diospyros.fr\/index.php\/produit\/petites-puces-doreilles-flores-en-bois-rose-violette-ebene\/#primaryimage"},"image":{"@id":"https:\/\/atelier-diospyros.fr\/index.php\/produit\/petites-puces-doreilles-flores-en-bois-rose-violette-ebene\/#primaryimage"},"thumbnailUrl":"https:\/\/atelier-diospyros.fr\/wp-content\/uploads\/2022\/12\/20221207_113147.jpg","datePublished":"2022-12-13T15:07:29+00:00","dateModified":"2023-11-21T10:37:38+00:00","description":"Bijou fleur en bois. La collection flores est inspir\u00e9e des fleurs avec ces p\u00e9tales de bois. Pi\u00e8ce unique fabriqu\u00e9e en France.","breadcrumb":{"@id":"https:\/\/atelier-diospyros.fr\/index.php\/produit\/petites-puces-doreilles-flores-en-bois-rose-violette-ebene\/#breadcrumb"},"inLanguage":"fr-FR","potentialAction":[{"@type":"ReadAction","target":["https:\/\/atelier-diospyros.fr\/index.php\/produit\/petites-puces-doreilles-flores-en-bois-rose-violette-ebene\/"]}]},{"@type":"ImageObject","inLanguage":"fr-FR","@id":"https:\/\/atelier-diospyros.fr\/index.php\/produit\/petites-puces-doreilles-flores-en-bois-rose-violette-ebene\/#primaryimage","url":"https:\/\/atelier-diospyros.fr\/wp-content\/uploads\/2022\/12\/20221207_113147.jpg","contentUrl":"https:\/\/atelier-diospyros.fr\/wp-content\/uploads\/2022\/12\/20221207_113147.jpg","width":2048,"height":2048},{"@type":"BreadcrumbList","@id":"https:\/\/atelier-diospyros.fr\/index.php\/produit\/petites-puces-doreilles-flores-en-bois-rose-violette-ebene\/#breadcrumb","itemListElement":[{"@type":"ListItem","position":1,"name":"Accueil","item":"https:\/\/atelier-diospyros.fr\/"},{"@type":"ListItem","position":2,"name":"Boutique","item":"https:\/\/atelier-diospyros.fr\/index.php\/boutique\/"},{"@type":"ListItem","position":3,"name":"Petites puces d&rsquo;oreilles Flores en bois de rose, bois de violette et \u00e9b\u00e8ne"}]},{"@type":"WebSite","@id":"https:\/\/atelier-diospyros.fr\/#website","url":"https:\/\/atelier-diospyros.fr\/","name":"Atelier Diospyros &amp; Cl\u00e9mence Quitterel","description":"Objets en bois precieux et Cyanotypes : bijoux, d\u00e9coration d&#039;interieur, noeud papillon en bois, planches a decouper","potentialAction":[{"@type":"SearchAction","target":{"@type":"EntryPoint","urlTemplate":"https:\/\/atelier-diospyros.fr\/?s={search_term_string}"},"query-input":{"@type":"PropertyValueSpecification","valueRequired":true,"valueName":"search_term_string"}}],"inLanguage":"fr-FR"}]}},"jetpack_sharing_enabled":true,"_links":{"self":[{"href":"https:\/\/atelier-diospyros.fr\/index.php\/wp-json\/wp\/v2\/product\/9998"}],"collection":[{"href":"https:\/\/atelier-diospyros.fr\/index.php\/wp-json\/wp\/v2\/product"}],"about":[{"href":"https:\/\/atelier-diospyros.fr\/index.php\/wp-json\/wp\/v2\/types\/product"}],"wp:featuredmedia":[{"embeddable":true,"href":"https:\/\/atelier-diospyros.fr\/index.php\/wp-json\/wp\/v2\/media\/10003"}],"wp:attachment":[{"href":"https:\/\/atelier-diospyros.fr\/index.php\/wp-json\/wp\/v2\/media?parent=9998"}],"wp:term":[{"taxonomy":"product_cat","embeddable":true,"href":"https:\/\/atelier-diospyros.fr\/index.php\/wp-json\/wp\/v2\/product_cat?post=9998"},{"taxonomy":"product_tag","embeddable":true,"href":"https:\/\/atelier-diospyros.fr\/index.php\/wp-json\/wp\/v2\/product_tag?post=9998"}],"curies":[{"name":"wp","href":"https:\/\/api.w.org\/{rel}","templated":true}]}}