{"id":9904,"date":"2022-07-30T17:57:29","date_gmt":"2022-07-30T15:57:29","guid":{"rendered":"https:\/\/atelier-diospyros.fr\/?post_type=product&#038;p=9904"},"modified":"2023-05-12T12:31:43","modified_gmt":"2023-05-12T10:31:43","slug":"petites-creoles-flores-en-bois-doranger-pernambouc-et-padouk","status":"publish","type":"product","link":"https:\/\/atelier-diospyros.fr\/index.php\/produit\/petites-creoles-flores-en-bois-doranger-pernambouc-et-padouk\/","title":{"rendered":"Petites cr\u00e9oles Flores en bois d&rsquo;Oranger, Pernambouc et Padouk"},"content":{"rendered":"[vc_row][vc_column][vc_column_text]Petites cr\u00e9oles fleur en bois massif et pr\u00e9cieux, anneau dor\u00e9 en <a href=\"https:\/\/fr.wikipedia.org\/wiki\/Gold-filled\">gold-filled<\/a> diam\u00e8tre 21mm .<\/p>\n<p>Trois p\u00e9tales en \u00e9ventail avec le bois jaune de l<a href=\"https:\/\/fr.wikipedia.org\/wiki\/Oranger_des_Osages\">&lsquo;Oranger des osages<\/a>, le orange du pernambouc et le rouge du padouk. Les trois couleurs sont assembl\u00e9es en miroir invers\u00e9 pour cr\u00e9er de l&rsquo;asym\u00e9trie.<\/p>\n<p>Cette paire de boucles d&rsquo;oreilles originale mesure environ 1.5 cm par 2 cmet est une pi\u00e8ce unique.<\/p>\n<p>Inspir\u00e9e des fleurs, la collection<em> Flores<\/em> propose une ligne de bijoux faits de trois p\u00e9tales de bois. Retrouvez ici trois couleurs naturelles de bois pr\u00e9cieux : le jaune de l&rsquo;Oranger des Osages, l&rsquo;orange du Pernambouc, et le rouge du Padouk.<\/p>\n<p>La collection<em> Flores<\/em> est une nouveaut\u00e9 de l&rsquo;\u00e9t\u00e9 2022. Elle est n\u00e9e du souhait de trouver une nouvelle vie \u00e0 des chutes de bois tr\u00e8s plates, tout en mettant en valeur l&rsquo;\u00e9ventail des couleurs naturelles des bois pr\u00e9cieux. Chaque bijoux est unique et con\u00e7u avec soin \u00e0 partir des chutes de l&rsquo;atelier.<\/p>\n<p>Un bijou unique et graphique.<br \/>\n<a href=\"https:\/\/atelier-diospyros.fr\/index.php\/categorie-produit\/bijoux\/boucles-doreilles\/collection-flores\/\">D\u00e9couvrez les autres cr\u00e9ations de la collection Flores !<\/a><\/p>\n<p><span style=\"color: #999999;\">\u00a0<\/span>[\/vc_column_text][\/vc_column][\/vc_row][vc_row][vc_column][vc_column_text]<em><span style=\"color: #999999;\">Upcycling : ce bijou est con\u00e7u \u00e0 partir d&rsquo;une chute de bois pr\u00e9cieux. Nous concevons nos bijoux dans le but de sauver des essences de bois rares en leur donnant une nouvelle vie !<\/span><\/em><\/p>\n<p><em><span style=\"color: #999999;\">Nos cr\u00e9ations sont issues d\u2019une d\u00e9marche \u00e9co-responsable. Ainsi, nous n\u2019utilisons que des chutes de bois pour notre mati\u00e8re premi\u00e8re, le bois pr\u00e9cieux.<\/span><\/em><br \/>\n<em><span style=\"color: #999999;\">La valorisation, ou \u00ab\u00a0upcycling\u00a0\u00bb est au c\u0153ur de notre m\u00e9tier. Parce que nous sommes conscients de la valeur inestimable de ces bois rares, nous n\u2019utilisons que des chutes de bois que nous achetons en France. Nous nourrissons et prot\u00e9geons nos bois simplement \u00e0 l\u2019huile de lin.<\/span><\/em><\/p>\n<p><em><span style=\"color: #999999;\">\u00c0 la mani\u00e8re des pierres pr\u00e9cieuses, nous fa\u00e7onnons nos cr\u00e9ations \u00e0 la main dans une esth\u00e9tique min\u00e9rale et g\u00e9om\u00e9trique.<br \/>\n<\/span><\/em><\/p>\n<p><em><span style=\"color: #999999;\">En achetant un bijou ou accessoire en bois <a style=\"color: #999999;\" href=\"https:\/\/atelier-diospyros.fr\/index.php\/boutique\/\">Atelier Diospyros<\/a>, vous soutenez la cr\u00e9ation artisanale fabriqu\u00e9e en France, l&rsquo;artisanat en circuit court ainsi que le savoir-faire de deux \u00e9b\u00e9nistes engag\u00e9s : Merci !<\/span><\/em>[\/vc_column_text][\/vc_column][\/vc_row]\n","protected":false},"excerpt":{"rendered":"<p>[vc_row][vc_column][vc_column_text]Petites cr\u00e9oles fleur en bois massif et pr\u00e9cieux, anneau dor\u00e9 en gold-filled diam\u00e8tre 21mm . Trois p\u00e9tales en \u00e9ventail avec le bois jaune de l&lsquo;Oranger des osages, le orange du pernambouc et le rouge du padouk. Les trois couleurs sont &hellip; <a class=\"kt-excerpt-readmore\" href=\"https:\/\/atelier-diospyros.fr\/index.php\/produit\/petites-creoles-flores-en-bois-doranger-pernambouc-et-padouk\/\" aria-label=\"Petites cr\u00e9oles Flores en bois d&rsquo;Oranger, Pernambouc et Padouk\">Lire la suite<\/a><\/p>\n","protected":false},"featured_media":9900,"template":"","meta":[],"product_cat":[24,331],"product_tag":[346,195,350,284,169,182,340,341,266,342,243,347,335,333,332,348,258,336,343,338,339,334,252,337],"class_list":{"0":"post-9904","1":"product","2":"type-product","3":"status-publish","4":"has-post-thumbnail","6":"product_cat-boucles-doreilles","7":"product_cat-collection-flores","8":"product_tag-anneau","9":"product_tag-artisanal","10":"product_tag-asymetrique","11":"product_tag-bijou-bois","12":"product_tag-bijou","13":"product_tag-bois","14":"product_tag-bois-jaune","15":"product_tag-bois-orange","16":"product_tag-bois-precieux","17":"product_tag-bois-rouge","18":"product_tag-boucles-doreilles","19":"product_tag-creoles","20":"product_tag-eventail","21":"product_tag-fleur","22":"product_tag-flores","23":"product_tag-gold-filled","24":"product_tag-jaune","25":"product_tag-noces-de-bois","26":"product_tag-orange","27":"product_tag-oranger-des-osages","28":"product_tag-pernambouc","29":"product_tag-petale","30":"product_tag-rouge","31":"product_tag-trois","33":"first","34":"outofstock","35":"shipping-taxable","36":"purchasable","37":"product-type-simple"},"yoast_head":"<!-- This site is optimized with the Yoast SEO plugin v24.2 - https:\/\/yoast.com\/wordpress\/plugins\/seo\/ -->\n<title>Petites cr\u00e9oles Flores en bois d&#039;Oranger, Pernambouc et Padouk<\/title>\n<meta name=\"description\" content=\"Boucles d&#039;oreilles Cr\u00e9oles fleur en bois jaune orange et rouge. La collection flores est inspir\u00e9e des fleurs avec ces p\u00e9tales de bois.\" \/>\n<meta name=\"robots\" content=\"index, follow, max-snippet:-1, max-image-preview:large, max-video-preview:-1\" \/>\n<link rel=\"canonical\" href=\"https:\/\/atelier-diospyros.fr\/index.php\/produit\/petites-creoles-flores-en-bois-doranger-pernambouc-et-padouk\/\" \/>\n<meta property=\"og:locale\" content=\"fr_FR\" \/>\n<meta property=\"og:type\" content=\"article\" \/>\n<meta property=\"og:title\" content=\"Petites cr\u00e9oles Flores en bois d&#039;Oranger, Pernambouc et Padouk\" \/>\n<meta property=\"og:description\" content=\"Boucles d&#039;oreilles Cr\u00e9oles fleur en bois jaune orange et rouge. La collection flores est inspir\u00e9e des fleurs avec ces p\u00e9tales de bois.\" \/>\n<meta property=\"og:url\" content=\"https:\/\/atelier-diospyros.fr\/index.php\/produit\/petites-creoles-flores-en-bois-doranger-pernambouc-et-padouk\/\" \/>\n<meta property=\"og:site_name\" content=\"Atelier Diospyros &amp; Cl\u00e9mence Quitterel\" \/>\n<meta property=\"article:modified_time\" content=\"2023-05-12T10:31:43+00:00\" \/>\n<meta property=\"og:image\" content=\"https:\/\/atelier-diospyros.fr\/wp-content\/uploads\/2022\/07\/Diospyros-Oranger-flores-PC2.jpg\" \/>\n\t<meta property=\"og:image:width\" content=\"1602\" \/>\n\t<meta property=\"og:image:height\" content=\"1602\" \/>\n\t<meta property=\"og:image:type\" content=\"image\/jpeg\" \/>\n<meta name=\"twitter:card\" content=\"summary_large_image\" \/>\n<meta name=\"twitter:label1\" content=\"Dur\u00e9e de lecture estim\u00e9e\" \/>\n\t<meta name=\"twitter:data1\" content=\"2 minutes\" \/>\n<script type=\"application\/ld+json\" class=\"yoast-schema-graph\">{\"@context\":\"https:\/\/schema.org\",\"@graph\":[{\"@type\":\"WebPage\",\"@id\":\"https:\/\/atelier-diospyros.fr\/index.php\/produit\/petites-creoles-flores-en-bois-doranger-pernambouc-et-padouk\/\",\"url\":\"https:\/\/atelier-diospyros.fr\/index.php\/produit\/petites-creoles-flores-en-bois-doranger-pernambouc-et-padouk\/\",\"name\":\"Petites cr\u00e9oles Flores en bois d'Oranger, Pernambouc et Padouk\",\"isPartOf\":{\"@id\":\"https:\/\/atelier-diospyros.fr\/#website\"},\"primaryImageOfPage\":{\"@id\":\"https:\/\/atelier-diospyros.fr\/index.php\/produit\/petites-creoles-flores-en-bois-doranger-pernambouc-et-padouk\/#primaryimage\"},\"image\":{\"@id\":\"https:\/\/atelier-diospyros.fr\/index.php\/produit\/petites-creoles-flores-en-bois-doranger-pernambouc-et-padouk\/#primaryimage\"},\"thumbnailUrl\":\"https:\/\/atelier-diospyros.fr\/wp-content\/uploads\/2022\/07\/Diospyros-Oranger-flores-PC2.jpg\",\"datePublished\":\"2022-07-30T15:57:29+00:00\",\"dateModified\":\"2023-05-12T10:31:43+00:00\",\"description\":\"Boucles d'oreilles Cr\u00e9oles fleur en bois jaune orange et rouge. La collection flores est inspir\u00e9e des fleurs avec ces p\u00e9tales de bois.\",\"breadcrumb\":{\"@id\":\"https:\/\/atelier-diospyros.fr\/index.php\/produit\/petites-creoles-flores-en-bois-doranger-pernambouc-et-padouk\/#breadcrumb\"},\"inLanguage\":\"fr-FR\",\"potentialAction\":[{\"@type\":\"ReadAction\",\"target\":[\"https:\/\/atelier-diospyros.fr\/index.php\/produit\/petites-creoles-flores-en-bois-doranger-pernambouc-et-padouk\/\"]}]},{\"@type\":\"ImageObject\",\"inLanguage\":\"fr-FR\",\"@id\":\"https:\/\/atelier-diospyros.fr\/index.php\/produit\/petites-creoles-flores-en-bois-doranger-pernambouc-et-padouk\/#primaryimage\",\"url\":\"https:\/\/atelier-diospyros.fr\/wp-content\/uploads\/2022\/07\/Diospyros-Oranger-flores-PC2.jpg\",\"contentUrl\":\"https:\/\/atelier-diospyros.fr\/wp-content\/uploads\/2022\/07\/Diospyros-Oranger-flores-PC2.jpg\",\"width\":1602,\"height\":1602},{\"@type\":\"BreadcrumbList\",\"@id\":\"https:\/\/atelier-diospyros.fr\/index.php\/produit\/petites-creoles-flores-en-bois-doranger-pernambouc-et-padouk\/#breadcrumb\",\"itemListElement\":[{\"@type\":\"ListItem\",\"position\":1,\"name\":\"Accueil\",\"item\":\"https:\/\/atelier-diospyros.fr\/\"},{\"@type\":\"ListItem\",\"position\":2,\"name\":\"Boutique\",\"item\":\"https:\/\/atelier-diospyros.fr\/index.php\/boutique\/\"},{\"@type\":\"ListItem\",\"position\":3,\"name\":\"Petites cr\u00e9oles Flores en bois d&rsquo;Oranger, Pernambouc et Padouk\"}]},{\"@type\":\"WebSite\",\"@id\":\"https:\/\/atelier-diospyros.fr\/#website\",\"url\":\"https:\/\/atelier-diospyros.fr\/\",\"name\":\"Atelier Diospyros &amp; Cl\u00e9mence Quitterel\",\"description\":\"Objets en bois precieux et Cyanotypes : bijoux, d\u00e9coration d&#039;interieur, noeud papillon en bois, planches a decouper\",\"potentialAction\":[{\"@type\":\"SearchAction\",\"target\":{\"@type\":\"EntryPoint\",\"urlTemplate\":\"https:\/\/atelier-diospyros.fr\/?s={search_term_string}\"},\"query-input\":{\"@type\":\"PropertyValueSpecification\",\"valueRequired\":true,\"valueName\":\"search_term_string\"}}],\"inLanguage\":\"fr-FR\"}]}<\/script>\n<!-- \/ Yoast SEO plugin. -->","yoast_head_json":{"title":"Petites cr\u00e9oles Flores en bois d'Oranger, Pernambouc et Padouk","description":"Boucles d'oreilles Cr\u00e9oles fleur en bois jaune orange et rouge. La collection flores est inspir\u00e9e des fleurs avec ces p\u00e9tales de bois.","robots":{"index":"index","follow":"follow","max-snippet":"max-snippet:-1","max-image-preview":"max-image-preview:large","max-video-preview":"max-video-preview:-1"},"canonical":"https:\/\/atelier-diospyros.fr\/index.php\/produit\/petites-creoles-flores-en-bois-doranger-pernambouc-et-padouk\/","og_locale":"fr_FR","og_type":"article","og_title":"Petites cr\u00e9oles Flores en bois d'Oranger, Pernambouc et Padouk","og_description":"Boucles d'oreilles Cr\u00e9oles fleur en bois jaune orange et rouge. La collection flores est inspir\u00e9e des fleurs avec ces p\u00e9tales de bois.","og_url":"https:\/\/atelier-diospyros.fr\/index.php\/produit\/petites-creoles-flores-en-bois-doranger-pernambouc-et-padouk\/","og_site_name":"Atelier Diospyros &amp; Cl\u00e9mence Quitterel","article_modified_time":"2023-05-12T10:31:43+00:00","og_image":[{"width":1602,"height":1602,"url":"https:\/\/atelier-diospyros.fr\/wp-content\/uploads\/2022\/07\/Diospyros-Oranger-flores-PC2.jpg","type":"image\/jpeg"}],"twitter_card":"summary_large_image","twitter_misc":{"Dur\u00e9e de lecture estim\u00e9e":"2 minutes"},"schema":{"@context":"https:\/\/schema.org","@graph":[{"@type":"WebPage","@id":"https:\/\/atelier-diospyros.fr\/index.php\/produit\/petites-creoles-flores-en-bois-doranger-pernambouc-et-padouk\/","url":"https:\/\/atelier-diospyros.fr\/index.php\/produit\/petites-creoles-flores-en-bois-doranger-pernambouc-et-padouk\/","name":"Petites cr\u00e9oles Flores en bois d'Oranger, Pernambouc et Padouk","isPartOf":{"@id":"https:\/\/atelier-diospyros.fr\/#website"},"primaryImageOfPage":{"@id":"https:\/\/atelier-diospyros.fr\/index.php\/produit\/petites-creoles-flores-en-bois-doranger-pernambouc-et-padouk\/#primaryimage"},"image":{"@id":"https:\/\/atelier-diospyros.fr\/index.php\/produit\/petites-creoles-flores-en-bois-doranger-pernambouc-et-padouk\/#primaryimage"},"thumbnailUrl":"https:\/\/atelier-diospyros.fr\/wp-content\/uploads\/2022\/07\/Diospyros-Oranger-flores-PC2.jpg","datePublished":"2022-07-30T15:57:29+00:00","dateModified":"2023-05-12T10:31:43+00:00","description":"Boucles d'oreilles Cr\u00e9oles fleur en bois jaune orange et rouge. La collection flores est inspir\u00e9e des fleurs avec ces p\u00e9tales de bois.","breadcrumb":{"@id":"https:\/\/atelier-diospyros.fr\/index.php\/produit\/petites-creoles-flores-en-bois-doranger-pernambouc-et-padouk\/#breadcrumb"},"inLanguage":"fr-FR","potentialAction":[{"@type":"ReadAction","target":["https:\/\/atelier-diospyros.fr\/index.php\/produit\/petites-creoles-flores-en-bois-doranger-pernambouc-et-padouk\/"]}]},{"@type":"ImageObject","inLanguage":"fr-FR","@id":"https:\/\/atelier-diospyros.fr\/index.php\/produit\/petites-creoles-flores-en-bois-doranger-pernambouc-et-padouk\/#primaryimage","url":"https:\/\/atelier-diospyros.fr\/wp-content\/uploads\/2022\/07\/Diospyros-Oranger-flores-PC2.jpg","contentUrl":"https:\/\/atelier-diospyros.fr\/wp-content\/uploads\/2022\/07\/Diospyros-Oranger-flores-PC2.jpg","width":1602,"height":1602},{"@type":"BreadcrumbList","@id":"https:\/\/atelier-diospyros.fr\/index.php\/produit\/petites-creoles-flores-en-bois-doranger-pernambouc-et-padouk\/#breadcrumb","itemListElement":[{"@type":"ListItem","position":1,"name":"Accueil","item":"https:\/\/atelier-diospyros.fr\/"},{"@type":"ListItem","position":2,"name":"Boutique","item":"https:\/\/atelier-diospyros.fr\/index.php\/boutique\/"},{"@type":"ListItem","position":3,"name":"Petites cr\u00e9oles Flores en bois d&rsquo;Oranger, Pernambouc et Padouk"}]},{"@type":"WebSite","@id":"https:\/\/atelier-diospyros.fr\/#website","url":"https:\/\/atelier-diospyros.fr\/","name":"Atelier Diospyros &amp; Cl\u00e9mence Quitterel","description":"Objets en bois precieux et Cyanotypes : bijoux, d\u00e9coration d&#039;interieur, noeud papillon en bois, planches a decouper","potentialAction":[{"@type":"SearchAction","target":{"@type":"EntryPoint","urlTemplate":"https:\/\/atelier-diospyros.fr\/?s={search_term_string}"},"query-input":{"@type":"PropertyValueSpecification","valueRequired":true,"valueName":"search_term_string"}}],"inLanguage":"fr-FR"}]}},"jetpack_sharing_enabled":true,"_links":{"self":[{"href":"https:\/\/atelier-diospyros.fr\/index.php\/wp-json\/wp\/v2\/product\/9904"}],"collection":[{"href":"https:\/\/atelier-diospyros.fr\/index.php\/wp-json\/wp\/v2\/product"}],"about":[{"href":"https:\/\/atelier-diospyros.fr\/index.php\/wp-json\/wp\/v2\/types\/product"}],"wp:featuredmedia":[{"embeddable":true,"href":"https:\/\/atelier-diospyros.fr\/index.php\/wp-json\/wp\/v2\/media\/9900"}],"wp:attachment":[{"href":"https:\/\/atelier-diospyros.fr\/index.php\/wp-json\/wp\/v2\/media?parent=9904"}],"wp:term":[{"taxonomy":"product_cat","embeddable":true,"href":"https:\/\/atelier-diospyros.fr\/index.php\/wp-json\/wp\/v2\/product_cat?post=9904"},{"taxonomy":"product_tag","embeddable":true,"href":"https:\/\/atelier-diospyros.fr\/index.php\/wp-json\/wp\/v2\/product_tag?post=9904"}],"curies":[{"name":"wp","href":"https:\/\/api.w.org\/{rel}","templated":true}]}}