{"id":9769,"date":"2021-06-02T17:29:12","date_gmt":"2021-06-02T15:29:12","guid":{"rendered":"https:\/\/atelier-diospyros.fr\/?post_type=product&#038;p=9769"},"modified":"2024-11-19T16:28:56","modified_gmt":"2024-11-19T15:28:56","slug":"decoration-murale-en-bois-marqueterie","status":"publish","type":"product","link":"https:\/\/atelier-diospyros.fr\/index.php\/produit\/decoration-murale-en-bois-marqueterie\/","title":{"rendered":"D\u00e9coration murale marqueterie d&rsquo;\u00e9b\u00e8ne et z\u00e9brano"},"content":{"rendered":"[vc_row][vc_column][vc_column_text]D\u00e9coration murale en marqueterie debois.<\/p>\n<p>Marqueterie de placage de bois d&rsquo;\u00e9b\u00e8ne et de bois de z\u00e9brano.<\/p>\n<p>Faite de 4 cellules en bois, cette d\u00e9coration murale en bois se pr\u00e9sente \u00e0 l&rsquo;horizontale. Elle met en valeur le contraste de deux essences de <a href=\"https:\/\/fr.wikipedia.org\/wiki\/Bois_pr%C3%A9cieux\">bois pr\u00e9cieux<\/a> : le noir profond de l&rsquo;\u00e9b\u00e8ne et l&rsquo;aspect z\u00e9br\u00e9 du z\u00e9brano.<\/p>\n<p>Attaches au dos pour une fixation au clou.<\/p>\n<p>Pi\u00e8ce unique avec certificat d\u2019authenticit\u00e9.<\/p>\n<p>Particuliers ou architecte d&rsquo;int\u00e9rieur : n&rsquo;h\u00e9sitez pas \u00e0 nous contacter pour une cr\u00e9ation sur mesure. Nous imaginons pour vous la d\u00e9coration murale en marqueterie qui conviendra \u00e0 votre int\u00e9rieur.[\/vc_column_text][\/vc_column][\/vc_row][vc_row][vc_column][vc_column_text]\n<h5><span style=\"color: #999999;\"><em>Notre d\u00e9marche<\/em><\/span><\/h5>\n<p><span style=\"color: #999999;\"><em>Nos cr\u00e9ations sont issues d\u2019une d\u00e9marche \u00e9co-responsable.<\/em><em> Ainsi, nous n\u2019utilisons que des chutes de bois pour notre mati\u00e8re premi\u00e8re, le bois pr\u00e9cieux.<br \/>\nLa valorisation, ou \u00ab\u00a0upcycling\u00a0\u00bb est au c\u0153ur de notre m\u00e9tier. Parce que nous sommes conscients de la valeur inestimable de ces bois rares, nous n\u2019utilisons que des chutes de bois que nous achetons en France. Nos bois sont simplement nourris et prot\u00e9g\u00e9s \u00e0 l\u2019huile de lin. <\/em><\/span><\/p>\n<p><span style=\"color: #999999;\"><em>\u00c0 la mani\u00e8re des pierres pr\u00e9cieuses, nous fa\u00e7onnons nos cr\u00e9ations \u00e0 la main dans une esth\u00e9tique min\u00e9rale et g\u00e9om\u00e9trique.<br \/>\n<\/em><\/span><\/p>\n<p><span style=\"color: #999999;\"><em>En achetant un bijou ou accessoire en bois <a style=\"color: #999999;\" href=\"https:\/\/atelier-diospyros.fr\/index.php\/boutique\/\">Atelier Diospyros<\/a>, vous soutenez l&rsquo;artisanat Made In France, la cr\u00e9ation locale en circuit court ainsi que le savoir-faire de deux artisans Bretons passionn\u00e9s : Merci !<\/em><\/span>[\/vc_column_text][\/vc_column][\/vc_row]\n","protected":false},"excerpt":{"rendered":"<p>[vc_row][vc_column][vc_column_text]D\u00e9coration murale en marqueterie debois. Marqueterie de placage de bois d&rsquo;\u00e9b\u00e8ne et de bois de z\u00e9brano. Faite de 4 cellules en bois, cette d\u00e9coration murale en bois se pr\u00e9sente \u00e0 l&rsquo;horizontale. Elle met en valeur le contraste de deux essences &hellip; <a class=\"kt-excerpt-readmore\" href=\"https:\/\/atelier-diospyros.fr\/index.php\/produit\/decoration-murale-en-bois-marqueterie\/\" aria-label=\"D\u00e9coration murale marqueterie d&rsquo;\u00e9b\u00e8ne et z\u00e9brano\">Lire la suite<\/a><\/p>\n","protected":false},"featured_media":9766,"template":"","meta":[],"product_cat":[29,271],"product_tag":[278,277,322,65,80],"class_list":{"0":"post-9769","1":"product","2":"type-product","3":"status-publish","4":"has-post-thumbnail","6":"product_cat-accessoires-maison","7":"product_cat-decoration","8":"product_tag-deco","9":"product_tag-decoration-interieure","10":"product_tag-decoration-murale","11":"product_tag-ebene","12":"product_tag-zebrano","14":"first","15":"outofstock","16":"shipping-taxable","17":"purchasable","18":"product-type-simple"},"yoast_head":"<!-- This site is optimized with the Yoast SEO plugin v24.2 - https:\/\/yoast.com\/wordpress\/plugins\/seo\/ -->\n<title>D\u00e9coration murale marqueterie d&#039;\u00e9b\u00e8ne et z\u00e9brano<\/title>\n<meta name=\"description\" content=\"D\u00e9coration murale en placage de bois d&#039;\u00e9b\u00e8ne et z\u00e9brano, Pi\u00e8ce unique artisanale fabriqu\u00e9e en France \u00e0 Foug\u00e8res.\" \/>\n<meta name=\"robots\" content=\"index, follow, max-snippet:-1, max-image-preview:large, max-video-preview:-1\" \/>\n<link rel=\"canonical\" href=\"https:\/\/atelier-diospyros.fr\/index.php\/produit\/decoration-murale-en-bois-marqueterie\/\" \/>\n<meta property=\"og:locale\" content=\"fr_FR\" \/>\n<meta property=\"og:type\" content=\"article\" \/>\n<meta property=\"og:title\" content=\"D\u00e9coration murale marqueterie d&#039;\u00e9b\u00e8ne et z\u00e9brano\" \/>\n<meta property=\"og:description\" content=\"D\u00e9coration murale en placage de bois d&#039;\u00e9b\u00e8ne et z\u00e9brano, Pi\u00e8ce unique artisanale fabriqu\u00e9e en France \u00e0 Foug\u00e8res.\" \/>\n<meta property=\"og:url\" content=\"https:\/\/atelier-diospyros.fr\/index.php\/produit\/decoration-murale-en-bois-marqueterie\/\" \/>\n<meta property=\"og:site_name\" content=\"Atelier Diospyros &amp; Cl\u00e9mence Quitterel\" \/>\n<meta property=\"article:modified_time\" content=\"2024-11-19T15:28:56+00:00\" \/>\n<meta property=\"og:image\" content=\"https:\/\/atelier-diospyros.fr\/wp-content\/uploads\/2022\/06\/Bois-atelierDiospyros-DecorationsMurales-2.jpg\" \/>\n\t<meta property=\"og:image:width\" content=\"1421\" \/>\n\t<meta property=\"og:image:height\" content=\"1421\" \/>\n\t<meta property=\"og:image:type\" content=\"image\/jpeg\" \/>\n<meta name=\"twitter:card\" content=\"summary_large_image\" \/>\n<meta name=\"twitter:label1\" content=\"Dur\u00e9e de lecture estim\u00e9e\" \/>\n\t<meta name=\"twitter:data1\" content=\"2 minutes\" \/>\n<script type=\"application\/ld+json\" class=\"yoast-schema-graph\">{\"@context\":\"https:\/\/schema.org\",\"@graph\":[{\"@type\":\"WebPage\",\"@id\":\"https:\/\/atelier-diospyros.fr\/index.php\/produit\/decoration-murale-en-bois-marqueterie\/\",\"url\":\"https:\/\/atelier-diospyros.fr\/index.php\/produit\/decoration-murale-en-bois-marqueterie\/\",\"name\":\"D\u00e9coration murale marqueterie d'\u00e9b\u00e8ne et z\u00e9brano\",\"isPartOf\":{\"@id\":\"https:\/\/atelier-diospyros.fr\/#website\"},\"primaryImageOfPage\":{\"@id\":\"https:\/\/atelier-diospyros.fr\/index.php\/produit\/decoration-murale-en-bois-marqueterie\/#primaryimage\"},\"image\":{\"@id\":\"https:\/\/atelier-diospyros.fr\/index.php\/produit\/decoration-murale-en-bois-marqueterie\/#primaryimage\"},\"thumbnailUrl\":\"https:\/\/atelier-diospyros.fr\/wp-content\/uploads\/2022\/06\/Bois-atelierDiospyros-DecorationsMurales-2.jpg\",\"datePublished\":\"2021-06-02T15:29:12+00:00\",\"dateModified\":\"2024-11-19T15:28:56+00:00\",\"description\":\"D\u00e9coration murale en placage de bois d'\u00e9b\u00e8ne et z\u00e9brano, Pi\u00e8ce unique artisanale fabriqu\u00e9e en France \u00e0 Foug\u00e8res.\",\"breadcrumb\":{\"@id\":\"https:\/\/atelier-diospyros.fr\/index.php\/produit\/decoration-murale-en-bois-marqueterie\/#breadcrumb\"},\"inLanguage\":\"fr-FR\",\"potentialAction\":[{\"@type\":\"ReadAction\",\"target\":[\"https:\/\/atelier-diospyros.fr\/index.php\/produit\/decoration-murale-en-bois-marqueterie\/\"]}]},{\"@type\":\"ImageObject\",\"inLanguage\":\"fr-FR\",\"@id\":\"https:\/\/atelier-diospyros.fr\/index.php\/produit\/decoration-murale-en-bois-marqueterie\/#primaryimage\",\"url\":\"https:\/\/atelier-diospyros.fr\/wp-content\/uploads\/2022\/06\/Bois-atelierDiospyros-DecorationsMurales-2.jpg\",\"contentUrl\":\"https:\/\/atelier-diospyros.fr\/wp-content\/uploads\/2022\/06\/Bois-atelierDiospyros-DecorationsMurales-2.jpg\",\"width\":1421,\"height\":1421,\"caption\":\"d\u00e9coration murale marqueterie bois ebene zebrano\"},{\"@type\":\"BreadcrumbList\",\"@id\":\"https:\/\/atelier-diospyros.fr\/index.php\/produit\/decoration-murale-en-bois-marqueterie\/#breadcrumb\",\"itemListElement\":[{\"@type\":\"ListItem\",\"position\":1,\"name\":\"Accueil\",\"item\":\"https:\/\/atelier-diospyros.fr\/\"},{\"@type\":\"ListItem\",\"position\":2,\"name\":\"Boutique\",\"item\":\"https:\/\/atelier-diospyros.fr\/index.php\/boutique\/\"},{\"@type\":\"ListItem\",\"position\":3,\"name\":\"D\u00e9coration murale marqueterie d&rsquo;\u00e9b\u00e8ne et z\u00e9brano\"}]},{\"@type\":\"WebSite\",\"@id\":\"https:\/\/atelier-diospyros.fr\/#website\",\"url\":\"https:\/\/atelier-diospyros.fr\/\",\"name\":\"Atelier Diospyros &amp; Cl\u00e9mence Quitterel\",\"description\":\"Objets en bois precieux et Cyanotypes : bijoux, d\u00e9coration d&#039;interieur, noeud papillon en bois, planches a decouper\",\"potentialAction\":[{\"@type\":\"SearchAction\",\"target\":{\"@type\":\"EntryPoint\",\"urlTemplate\":\"https:\/\/atelier-diospyros.fr\/?s={search_term_string}\"},\"query-input\":{\"@type\":\"PropertyValueSpecification\",\"valueRequired\":true,\"valueName\":\"search_term_string\"}}],\"inLanguage\":\"fr-FR\"}]}<\/script>\n<!-- \/ Yoast SEO plugin. -->","yoast_head_json":{"title":"D\u00e9coration murale marqueterie d'\u00e9b\u00e8ne et z\u00e9brano","description":"D\u00e9coration murale en placage de bois d'\u00e9b\u00e8ne et z\u00e9brano, Pi\u00e8ce unique artisanale fabriqu\u00e9e en France \u00e0 Foug\u00e8res.","robots":{"index":"index","follow":"follow","max-snippet":"max-snippet:-1","max-image-preview":"max-image-preview:large","max-video-preview":"max-video-preview:-1"},"canonical":"https:\/\/atelier-diospyros.fr\/index.php\/produit\/decoration-murale-en-bois-marqueterie\/","og_locale":"fr_FR","og_type":"article","og_title":"D\u00e9coration murale marqueterie d'\u00e9b\u00e8ne et z\u00e9brano","og_description":"D\u00e9coration murale en placage de bois d'\u00e9b\u00e8ne et z\u00e9brano, Pi\u00e8ce unique artisanale fabriqu\u00e9e en France \u00e0 Foug\u00e8res.","og_url":"https:\/\/atelier-diospyros.fr\/index.php\/produit\/decoration-murale-en-bois-marqueterie\/","og_site_name":"Atelier Diospyros &amp; Cl\u00e9mence Quitterel","article_modified_time":"2024-11-19T15:28:56+00:00","og_image":[{"width":1421,"height":1421,"url":"https:\/\/atelier-diospyros.fr\/wp-content\/uploads\/2022\/06\/Bois-atelierDiospyros-DecorationsMurales-2.jpg","type":"image\/jpeg"}],"twitter_card":"summary_large_image","twitter_misc":{"Dur\u00e9e de lecture estim\u00e9e":"2 minutes"},"schema":{"@context":"https:\/\/schema.org","@graph":[{"@type":"WebPage","@id":"https:\/\/atelier-diospyros.fr\/index.php\/produit\/decoration-murale-en-bois-marqueterie\/","url":"https:\/\/atelier-diospyros.fr\/index.php\/produit\/decoration-murale-en-bois-marqueterie\/","name":"D\u00e9coration murale marqueterie d'\u00e9b\u00e8ne et z\u00e9brano","isPartOf":{"@id":"https:\/\/atelier-diospyros.fr\/#website"},"primaryImageOfPage":{"@id":"https:\/\/atelier-diospyros.fr\/index.php\/produit\/decoration-murale-en-bois-marqueterie\/#primaryimage"},"image":{"@id":"https:\/\/atelier-diospyros.fr\/index.php\/produit\/decoration-murale-en-bois-marqueterie\/#primaryimage"},"thumbnailUrl":"https:\/\/atelier-diospyros.fr\/wp-content\/uploads\/2022\/06\/Bois-atelierDiospyros-DecorationsMurales-2.jpg","datePublished":"2021-06-02T15:29:12+00:00","dateModified":"2024-11-19T15:28:56+00:00","description":"D\u00e9coration murale en placage de bois d'\u00e9b\u00e8ne et z\u00e9brano, Pi\u00e8ce unique artisanale fabriqu\u00e9e en France \u00e0 Foug\u00e8res.","breadcrumb":{"@id":"https:\/\/atelier-diospyros.fr\/index.php\/produit\/decoration-murale-en-bois-marqueterie\/#breadcrumb"},"inLanguage":"fr-FR","potentialAction":[{"@type":"ReadAction","target":["https:\/\/atelier-diospyros.fr\/index.php\/produit\/decoration-murale-en-bois-marqueterie\/"]}]},{"@type":"ImageObject","inLanguage":"fr-FR","@id":"https:\/\/atelier-diospyros.fr\/index.php\/produit\/decoration-murale-en-bois-marqueterie\/#primaryimage","url":"https:\/\/atelier-diospyros.fr\/wp-content\/uploads\/2022\/06\/Bois-atelierDiospyros-DecorationsMurales-2.jpg","contentUrl":"https:\/\/atelier-diospyros.fr\/wp-content\/uploads\/2022\/06\/Bois-atelierDiospyros-DecorationsMurales-2.jpg","width":1421,"height":1421,"caption":"d\u00e9coration murale marqueterie bois ebene zebrano"},{"@type":"BreadcrumbList","@id":"https:\/\/atelier-diospyros.fr\/index.php\/produit\/decoration-murale-en-bois-marqueterie\/#breadcrumb","itemListElement":[{"@type":"ListItem","position":1,"name":"Accueil","item":"https:\/\/atelier-diospyros.fr\/"},{"@type":"ListItem","position":2,"name":"Boutique","item":"https:\/\/atelier-diospyros.fr\/index.php\/boutique\/"},{"@type":"ListItem","position":3,"name":"D\u00e9coration murale marqueterie d&rsquo;\u00e9b\u00e8ne et z\u00e9brano"}]},{"@type":"WebSite","@id":"https:\/\/atelier-diospyros.fr\/#website","url":"https:\/\/atelier-diospyros.fr\/","name":"Atelier Diospyros &amp; Cl\u00e9mence Quitterel","description":"Objets en bois precieux et Cyanotypes : bijoux, d\u00e9coration d&#039;interieur, noeud papillon en bois, planches a decouper","potentialAction":[{"@type":"SearchAction","target":{"@type":"EntryPoint","urlTemplate":"https:\/\/atelier-diospyros.fr\/?s={search_term_string}"},"query-input":{"@type":"PropertyValueSpecification","valueRequired":true,"valueName":"search_term_string"}}],"inLanguage":"fr-FR"}]}},"jetpack_sharing_enabled":true,"_links":{"self":[{"href":"https:\/\/atelier-diospyros.fr\/index.php\/wp-json\/wp\/v2\/product\/9769"}],"collection":[{"href":"https:\/\/atelier-diospyros.fr\/index.php\/wp-json\/wp\/v2\/product"}],"about":[{"href":"https:\/\/atelier-diospyros.fr\/index.php\/wp-json\/wp\/v2\/types\/product"}],"wp:featuredmedia":[{"embeddable":true,"href":"https:\/\/atelier-diospyros.fr\/index.php\/wp-json\/wp\/v2\/media\/9766"}],"wp:attachment":[{"href":"https:\/\/atelier-diospyros.fr\/index.php\/wp-json\/wp\/v2\/media?parent=9769"}],"wp:term":[{"taxonomy":"product_cat","embeddable":true,"href":"https:\/\/atelier-diospyros.fr\/index.php\/wp-json\/wp\/v2\/product_cat?post=9769"},{"taxonomy":"product_tag","embeddable":true,"href":"https:\/\/atelier-diospyros.fr\/index.php\/wp-json\/wp\/v2\/product_tag?post=9769"}],"curies":[{"name":"wp","href":"https:\/\/api.w.org\/{rel}","templated":true}]}}