{"id":9728,"date":"2022-06-01T16:28:37","date_gmt":"2022-06-01T14:28:37","guid":{"rendered":"https:\/\/atelier-diospyros.fr\/?post_type=product&#038;p=9728"},"modified":"2024-11-19T16:04:16","modified_gmt":"2024-11-19T15:04:16","slug":"noeud-papillon-reversible-en-bois-palissandre-et-zebrano","status":"publish","type":"product","link":"https:\/\/atelier-diospyros.fr\/index.php\/produit\/noeud-papillon-reversible-en-bois-palissandre-et-zebrano\/","title":{"rendered":"Noeud-papillon r\u00e9versible en bois palissandre et z\u00e9brano"},"content":{"rendered":"[vc_row][vc_column][vc_column_text]\n<h5>D\u00e9couvrez nos\u00a0 noeuds-papillon en bois r\u00e9versibles\u00a0 !<\/h5>\n<p><em>La taille du noeud-papillon en bois adulte <\/em>est de 12 cm par 5 cm.<br \/>\n<em>Si vous souhaitez un mod\u00e8le taille enfant, nous pouvons \u00e9tudiez votre demande. Contactez-nous par <a href=\"https:\/\/atelier-diospyros.fr\/index.php\/contact\/\">email<\/a><\/em>\u00a0 (dimensions 9.5 cm, hauteur 4.3 cm)<\/p>\n<p><strong>Deux essences de bois<\/strong> : votre noeud-papillon est r\u00e9versible ! D&rsquo;un cot\u00e9 le palissandre de santos (brun) et de l&rsquo;autre le z\u00e9brano (plus clair et z\u00e9br\u00e9)<\/p>\n<p><strong>Votre tour de cou est r\u00e9glable<\/strong> en fonction de la taille de votre tour de cou (de 30 \u00e0 53 cm) gr\u00e2ce \u00e0 des attaches en m\u00e9tal.<\/p>\n<p>Le bouton pression sur la partie centrale du noeud vous permet de changer de couleur de tour de cou, et ainsi l&rsquo;assortir \u00e0 votre tenue !<\/p>\n<h5>Vous aimez le changement ?<\/h5>\n<p>Choisissez des<a href=\"https:\/\/atelier-diospyros.fr\/index.php\/produit\/tour-de-cou-supplementaire-pour-noeud-papillon\/\"> tours de cou suppl\u00e9mentaires<\/a> et changez votre noeud-papillon \u00e0 volont\u00e9 gr\u00e2ce au bouton pression du tour de cou ![\/vc_column_text][vc_column_text]\n<h5><span style=\"color: #999999;\"><em>Notre d\u00e9marche<\/em><\/span><\/h5>\n<p><span style=\"color: #999999;\"><em>Nos cr\u00e9ations sont issues d\u2019une d\u00e9marche \u00e9co-responsable.<\/em><em> Ainsi, nous n\u2019utilisons que des chutes de bois pour notre mati\u00e8re premi\u00e8re, le bois pr\u00e9cieux.<br \/>\nLa valorisation, ou \u00ab\u00a0upcycling\u00a0\u00bb est au c\u0153ur de notre m\u00e9tier. Parce que nous sommes conscients de la valeur inestimable de ces bois rares, nous n\u2019utilisons que des chutes de bois que nous achetons en France. Nos bois sont simplement nourris et prot\u00e9g\u00e9s \u00e0 l\u2019huile de lin. <\/em><\/span><\/p>\n<p><span style=\"color: #999999;\"><em>\u00c0 la mani\u00e8re des pierres pr\u00e9cieuses, nous fa\u00e7onnons nos cr\u00e9ations \u00e0 la main dans une esth\u00e9tique min\u00e9rale et g\u00e9om\u00e9trique.<br \/>\n<\/em><\/span><\/p>\n<p><span style=\"color: #999999;\"><em>En achetant un bijou ou accessoire en bois <a style=\"color: #999999;\" href=\"https:\/\/atelier-diospyros.fr\/index.php\/boutique\/\">Atelier Diospyros<\/a>, vous soutenez l&rsquo;artisanat Made In France, la cr\u00e9ation locale en circuit court ainsi que le savoir-faire de deux artisans Bretons passionn\u00e9s : Merci !<\/em><\/span>[\/vc_column_text][\/vc_column][\/vc_row][vc_row][vc_column][vc_column_text]Nos noeuds-papillons sont fabriqu\u00e9s en petite s\u00e9rie, le veinage du bois peut l\u00e9g\u00e8rement varier de la photo pr\u00e9sent\u00e9e.<\/p>\n<h5>Coloris disponibles :<\/h5>\n<p>Liberty \u00ae Mitsi Val\u00e9ria gris, Liberty \u00ae Eloise rose, Bleu et ancres marines, Liberty \u00ae Wiltshire rouge, Liberty \u00ae Eloise bleu, Liberty \u00ae Capel moutarde, Vert \u00e0 pois, Liberty \u00ae Wiltshire pois de senteur, noir satin\u00e9, noir coton.<br \/>\nDepuis mi-2019 nos tours de cou sont cousus avec amour par notre partenaire <a href=\"https:\/\/www.ungrandmarche.fr\/boutique\/mathilde-coud-pour-l\">Mathilde coud pour L<\/a>.[\/vc_column_text][\/vc_column][\/vc_row]\n","protected":false},"excerpt":{"rendered":"<p>Noeud-papillon r\u00e9versible en bois avec un tour de cou r\u00e9glable<br \/>\nEnvie de nouveaut\u00e9 ? Ajoutez un<a href=\"https:\/\/atelier-diospyros.fr\/index.php\/produit\/tour-de-cou-supplementaire-pour-noeud-papillon\/\"> tour de cou suppl\u00e9mentaire<\/a> \u00e0 votre collection !<\/p>\n<p><span style=\"color: #808080;\"><em>Livraison : le noeud papillon personnalisable est fabriqu\u00e9 pour vous sur mesure dans un d\u00e9lai de 3 \u00e0 5 jours jours puis est envoy\u00e9 en lettre suivie d\u00e8s qu&rsquo;il est pr\u00eat !<br \/>\n<\/em><\/span><\/p>\n","protected":false},"featured_media":9730,"template":"","meta":[],"product_cat":[28,26],"product_tag":[101,319,315,62,138,260,314,320,270,82,52,313,80],"class_list":{"0":"post-9728","1":"product","2":"type-product","3":"status-publish","4":"has-post-thumbnail","6":"product_cat-accessoires-mode","7":"product_cat-noeud-papillon","8":"product_tag-enfant","9":"product_tag-fete","10":"product_tag-homme","11":"product_tag-idee-cadeau-homme","12":"product_tag-liberty","13":"product_tag-mariage","14":"product_tag-marie","15":"product_tag-noeud-pap","16":"product_tag-noir","17":"product_tag-palissandre-de-santos","18":"product_tag-personnalise","19":"product_tag-wedding","20":"product_tag-zebrano","22":"first","23":"instock","24":"featured","25":"shipping-taxable","26":"purchasable","27":"product-type-simple"},"yoast_head":"<!-- This site is optimized with the Yoast SEO plugin v24.2 - https:\/\/yoast.com\/wordpress\/plugins\/seo\/ -->\n<title>Noeud-papillon r\u00e9versible en bois - Atelier Diospyros<\/title>\n<meta name=\"description\" content=\"Noeud-papillon en bois r\u00e9versible ! Choisissez l&#039;essence du bois et la couleur du tour de cou. liberty, vert \u00e0 pois, noir, personnalis\u00e9...\" \/>\n<meta name=\"robots\" content=\"index, follow, max-snippet:-1, max-image-preview:large, max-video-preview:-1\" \/>\n<link rel=\"canonical\" href=\"https:\/\/atelier-diospyros.fr\/index.php\/produit\/noeud-papillon-reversible-en-bois-palissandre-et-zebrano\/\" \/>\n<meta property=\"og:locale\" content=\"fr_FR\" \/>\n<meta property=\"og:type\" content=\"article\" \/>\n<meta property=\"og:title\" content=\"Noeud-papillon r\u00e9versible en bois - Atelier Diospyros\" \/>\n<meta property=\"og:description\" content=\"Noeud-papillon en bois r\u00e9versible ! Choisissez l&#039;essence du bois et la couleur du tour de cou. liberty, vert \u00e0 pois, noir, personnalis\u00e9...\" \/>\n<meta property=\"og:url\" content=\"https:\/\/atelier-diospyros.fr\/index.php\/produit\/noeud-papillon-reversible-en-bois-palissandre-et-zebrano\/\" \/>\n<meta property=\"og:site_name\" content=\"Atelier Diospyros &amp; Cl\u00e9mence Quitterel\" \/>\n<meta property=\"article:modified_time\" content=\"2024-11-19T15:04:16+00:00\" \/>\n<meta property=\"og:image\" content=\"https:\/\/atelier-diospyros.fr\/wp-content\/uploads\/2022\/05\/Photos-Atelier-Diospyros-124-2.jpg\" \/>\n\t<meta property=\"og:image:width\" content=\"2048\" \/>\n\t<meta property=\"og:image:height\" content=\"2048\" \/>\n\t<meta property=\"og:image:type\" content=\"image\/jpeg\" \/>\n<meta name=\"twitter:card\" content=\"summary_large_image\" \/>\n<meta name=\"twitter:label1\" content=\"Dur\u00e9e de lecture estim\u00e9e\" \/>\n\t<meta name=\"twitter:data1\" content=\"2 minutes\" \/>\n<script type=\"application\/ld+json\" class=\"yoast-schema-graph\">{\"@context\":\"https:\/\/schema.org\",\"@graph\":[{\"@type\":\"WebPage\",\"@id\":\"https:\/\/atelier-diospyros.fr\/index.php\/produit\/noeud-papillon-reversible-en-bois-palissandre-et-zebrano\/\",\"url\":\"https:\/\/atelier-diospyros.fr\/index.php\/produit\/noeud-papillon-reversible-en-bois-palissandre-et-zebrano\/\",\"name\":\"Noeud-papillon r\u00e9versible en bois - Atelier Diospyros\",\"isPartOf\":{\"@id\":\"https:\/\/atelier-diospyros.fr\/#website\"},\"primaryImageOfPage\":{\"@id\":\"https:\/\/atelier-diospyros.fr\/index.php\/produit\/noeud-papillon-reversible-en-bois-palissandre-et-zebrano\/#primaryimage\"},\"image\":{\"@id\":\"https:\/\/atelier-diospyros.fr\/index.php\/produit\/noeud-papillon-reversible-en-bois-palissandre-et-zebrano\/#primaryimage\"},\"thumbnailUrl\":\"https:\/\/atelier-diospyros.fr\/wp-content\/uploads\/2022\/05\/Photos-Atelier-Diospyros-124-2.jpg\",\"datePublished\":\"2022-06-01T14:28:37+00:00\",\"dateModified\":\"2024-11-19T15:04:16+00:00\",\"description\":\"Noeud-papillon en bois r\u00e9versible ! Choisissez l'essence du bois et la couleur du tour de cou. liberty, vert \u00e0 pois, noir, personnalis\u00e9...\",\"breadcrumb\":{\"@id\":\"https:\/\/atelier-diospyros.fr\/index.php\/produit\/noeud-papillon-reversible-en-bois-palissandre-et-zebrano\/#breadcrumb\"},\"inLanguage\":\"fr-FR\",\"potentialAction\":[{\"@type\":\"ReadAction\",\"target\":[\"https:\/\/atelier-diospyros.fr\/index.php\/produit\/noeud-papillon-reversible-en-bois-palissandre-et-zebrano\/\"]}]},{\"@type\":\"ImageObject\",\"inLanguage\":\"fr-FR\",\"@id\":\"https:\/\/atelier-diospyros.fr\/index.php\/produit\/noeud-papillon-reversible-en-bois-palissandre-et-zebrano\/#primaryimage\",\"url\":\"https:\/\/atelier-diospyros.fr\/wp-content\/uploads\/2022\/05\/Photos-Atelier-Diospyros-124-2.jpg\",\"contentUrl\":\"https:\/\/atelier-diospyros.fr\/wp-content\/uploads\/2022\/05\/Photos-Atelier-Diospyros-124-2.jpg\",\"width\":2048,\"height\":2048,\"caption\":\"Noeud papillon palissandre zebrano\"},{\"@type\":\"BreadcrumbList\",\"@id\":\"https:\/\/atelier-diospyros.fr\/index.php\/produit\/noeud-papillon-reversible-en-bois-palissandre-et-zebrano\/#breadcrumb\",\"itemListElement\":[{\"@type\":\"ListItem\",\"position\":1,\"name\":\"Accueil\",\"item\":\"https:\/\/atelier-diospyros.fr\/\"},{\"@type\":\"ListItem\",\"position\":2,\"name\":\"Boutique\",\"item\":\"https:\/\/atelier-diospyros.fr\/index.php\/boutique\/\"},{\"@type\":\"ListItem\",\"position\":3,\"name\":\"Noeud-papillon r\u00e9versible en bois palissandre et z\u00e9brano\"}]},{\"@type\":\"WebSite\",\"@id\":\"https:\/\/atelier-diospyros.fr\/#website\",\"url\":\"https:\/\/atelier-diospyros.fr\/\",\"name\":\"Atelier Diospyros &amp; Cl\u00e9mence Quitterel\",\"description\":\"Objets en bois precieux et Cyanotypes : bijoux, d\u00e9coration d&#039;interieur, noeud papillon en bois, planches a decouper\",\"potentialAction\":[{\"@type\":\"SearchAction\",\"target\":{\"@type\":\"EntryPoint\",\"urlTemplate\":\"https:\/\/atelier-diospyros.fr\/?s={search_term_string}\"},\"query-input\":{\"@type\":\"PropertyValueSpecification\",\"valueRequired\":true,\"valueName\":\"search_term_string\"}}],\"inLanguage\":\"fr-FR\"}]}<\/script>\n<!-- \/ Yoast SEO plugin. -->","yoast_head_json":{"title":"Noeud-papillon r\u00e9versible en bois - Atelier Diospyros","description":"Noeud-papillon en bois r\u00e9versible ! Choisissez l'essence du bois et la couleur du tour de cou. liberty, vert \u00e0 pois, noir, personnalis\u00e9...","robots":{"index":"index","follow":"follow","max-snippet":"max-snippet:-1","max-image-preview":"max-image-preview:large","max-video-preview":"max-video-preview:-1"},"canonical":"https:\/\/atelier-diospyros.fr\/index.php\/produit\/noeud-papillon-reversible-en-bois-palissandre-et-zebrano\/","og_locale":"fr_FR","og_type":"article","og_title":"Noeud-papillon r\u00e9versible en bois - Atelier Diospyros","og_description":"Noeud-papillon en bois r\u00e9versible ! Choisissez l'essence du bois et la couleur du tour de cou. liberty, vert \u00e0 pois, noir, personnalis\u00e9...","og_url":"https:\/\/atelier-diospyros.fr\/index.php\/produit\/noeud-papillon-reversible-en-bois-palissandre-et-zebrano\/","og_site_name":"Atelier Diospyros &amp; Cl\u00e9mence Quitterel","article_modified_time":"2024-11-19T15:04:16+00:00","og_image":[{"width":2048,"height":2048,"url":"https:\/\/atelier-diospyros.fr\/wp-content\/uploads\/2022\/05\/Photos-Atelier-Diospyros-124-2.jpg","type":"image\/jpeg"}],"twitter_card":"summary_large_image","twitter_misc":{"Dur\u00e9e de lecture estim\u00e9e":"2 minutes"},"schema":{"@context":"https:\/\/schema.org","@graph":[{"@type":"WebPage","@id":"https:\/\/atelier-diospyros.fr\/index.php\/produit\/noeud-papillon-reversible-en-bois-palissandre-et-zebrano\/","url":"https:\/\/atelier-diospyros.fr\/index.php\/produit\/noeud-papillon-reversible-en-bois-palissandre-et-zebrano\/","name":"Noeud-papillon r\u00e9versible en bois - Atelier Diospyros","isPartOf":{"@id":"https:\/\/atelier-diospyros.fr\/#website"},"primaryImageOfPage":{"@id":"https:\/\/atelier-diospyros.fr\/index.php\/produit\/noeud-papillon-reversible-en-bois-palissandre-et-zebrano\/#primaryimage"},"image":{"@id":"https:\/\/atelier-diospyros.fr\/index.php\/produit\/noeud-papillon-reversible-en-bois-palissandre-et-zebrano\/#primaryimage"},"thumbnailUrl":"https:\/\/atelier-diospyros.fr\/wp-content\/uploads\/2022\/05\/Photos-Atelier-Diospyros-124-2.jpg","datePublished":"2022-06-01T14:28:37+00:00","dateModified":"2024-11-19T15:04:16+00:00","description":"Noeud-papillon en bois r\u00e9versible ! Choisissez l'essence du bois et la couleur du tour de cou. liberty, vert \u00e0 pois, noir, personnalis\u00e9...","breadcrumb":{"@id":"https:\/\/atelier-diospyros.fr\/index.php\/produit\/noeud-papillon-reversible-en-bois-palissandre-et-zebrano\/#breadcrumb"},"inLanguage":"fr-FR","potentialAction":[{"@type":"ReadAction","target":["https:\/\/atelier-diospyros.fr\/index.php\/produit\/noeud-papillon-reversible-en-bois-palissandre-et-zebrano\/"]}]},{"@type":"ImageObject","inLanguage":"fr-FR","@id":"https:\/\/atelier-diospyros.fr\/index.php\/produit\/noeud-papillon-reversible-en-bois-palissandre-et-zebrano\/#primaryimage","url":"https:\/\/atelier-diospyros.fr\/wp-content\/uploads\/2022\/05\/Photos-Atelier-Diospyros-124-2.jpg","contentUrl":"https:\/\/atelier-diospyros.fr\/wp-content\/uploads\/2022\/05\/Photos-Atelier-Diospyros-124-2.jpg","width":2048,"height":2048,"caption":"Noeud papillon palissandre zebrano"},{"@type":"BreadcrumbList","@id":"https:\/\/atelier-diospyros.fr\/index.php\/produit\/noeud-papillon-reversible-en-bois-palissandre-et-zebrano\/#breadcrumb","itemListElement":[{"@type":"ListItem","position":1,"name":"Accueil","item":"https:\/\/atelier-diospyros.fr\/"},{"@type":"ListItem","position":2,"name":"Boutique","item":"https:\/\/atelier-diospyros.fr\/index.php\/boutique\/"},{"@type":"ListItem","position":3,"name":"Noeud-papillon r\u00e9versible en bois palissandre et z\u00e9brano"}]},{"@type":"WebSite","@id":"https:\/\/atelier-diospyros.fr\/#website","url":"https:\/\/atelier-diospyros.fr\/","name":"Atelier Diospyros &amp; Cl\u00e9mence Quitterel","description":"Objets en bois precieux et Cyanotypes : bijoux, d\u00e9coration d&#039;interieur, noeud papillon en bois, planches a decouper","potentialAction":[{"@type":"SearchAction","target":{"@type":"EntryPoint","urlTemplate":"https:\/\/atelier-diospyros.fr\/?s={search_term_string}"},"query-input":{"@type":"PropertyValueSpecification","valueRequired":true,"valueName":"search_term_string"}}],"inLanguage":"fr-FR"}]}},"jetpack_sharing_enabled":true,"_links":{"self":[{"href":"https:\/\/atelier-diospyros.fr\/index.php\/wp-json\/wp\/v2\/product\/9728"}],"collection":[{"href":"https:\/\/atelier-diospyros.fr\/index.php\/wp-json\/wp\/v2\/product"}],"about":[{"href":"https:\/\/atelier-diospyros.fr\/index.php\/wp-json\/wp\/v2\/types\/product"}],"wp:featuredmedia":[{"embeddable":true,"href":"https:\/\/atelier-diospyros.fr\/index.php\/wp-json\/wp\/v2\/media\/9730"}],"wp:attachment":[{"href":"https:\/\/atelier-diospyros.fr\/index.php\/wp-json\/wp\/v2\/media?parent=9728"}],"wp:term":[{"taxonomy":"product_cat","embeddable":true,"href":"https:\/\/atelier-diospyros.fr\/index.php\/wp-json\/wp\/v2\/product_cat?post=9728"},{"taxonomy":"product_tag","embeddable":true,"href":"https:\/\/atelier-diospyros.fr\/index.php\/wp-json\/wp\/v2\/product_tag?post=9728"}],"curies":[{"name":"wp","href":"https:\/\/api.w.org\/{rel}","templated":true}]}}