{"id":9600,"date":"2022-05-14T18:39:11","date_gmt":"2022-05-14T16:39:11","guid":{"rendered":"https:\/\/atelier-diospyros.fr\/?post_type=product&#038;p=9600"},"modified":"2025-12-03T14:38:56","modified_gmt":"2025-12-03T13:38:56","slug":"bague-en-amarante","status":"publish","type":"product","link":"https:\/\/atelier-diospyros.fr\/index.php\/produit\/bague-en-amarante\/","title":{"rendered":"Bague en bois d&rsquo;amarante"},"content":{"rendered":"[vc_row][vc_column][vc_column_text]Cette bague en bois d&rsquo;amarante est mont\u00e9e sur un anneau dor\u00e9 \u00e0 l&rsquo;or fin (base laiton) r\u00e9glable.<\/p>\n<p>\u00c9l\u00e9gante et color\u00e9e, cette <em>bague en bois <\/em>est un bijou aussi bien pour les occasions comme le quotidien.<\/p>\n<p>Le <a href=\"https:\/\/fr.wikipedia.org\/wiki\/Amarante_(arbre)\">bois d&rsquo;amarante<\/a> est tr\u00e8s surprenant avec sa couleur violette naturelle ! L\u2019Amarante est une essence exotique tr\u00e8s pris\u00e9e pour sa couleur violet (couleur amarante) naturelle exceptionelle, couleur qui ne se r\u00e9v\u00e8le pleinement qu\u2019apr\u00e8s une exposition d\u2019un jour ou deux \u00e0 la lumi\u00e8re.<\/p>\n<p><a href=\"https:\/\/atelier-diospyros.fr\/index.php\/categorie-produit\/bijoux\/\">Nos bijoux<\/a> et leur formes g\u00e9om\u00e9triques sont inspir\u00e9s de l\u2019orf\u00e8vrerie.\u00a0 Ils mettent en valeur ainsi le bois pr\u00e9cieux, sa finesse et ses couleurs naturelles.<\/p>\n<p>Nos bagues vous plaisent ? Sentez-vous libre de d\u00e9couvrir <a href=\"https:\/\/atelier-diospyros.fr\/index.php\/categorie-produit\/bijoux\/bagues\/\">nos autres <\/a><a href=\"https:\/\/atelier-diospyros.fr\/index.php\/categorie-produit\/bijoux\/bagues\/\">bagues.<\/a><\/p>\n<p>Upcycling : ce bijou est con\u00e7u \u00e0 partir d&rsquo;une chute de bois pr\u00e9cieux. Nous concevons nos bijoux dans le but de sauver des essences de bois rares en leur donnant une nouvelle vie !<br \/>\nUn \u00e9crin noir en carton accompagne votre bijou.[\/vc_column_text][\/vc_column][\/vc_row][vc_row][vc_column][vc_column_text]<span style=\"color: #999999;\"><em>Nos cr\u00e9ations sont issues d\u2019une d\u00e9marche \u00e9co-responsable.<\/em><em> Ainsi, nous n\u2019utilisons que des chutes de bois pour notre mati\u00e8re premi\u00e8re, le bois pr\u00e9cieux.<br \/>\nLa valorisation, ou \u00ab\u00a0upcycling\u00a0\u00bb est au c\u0153ur de notre m\u00e9tier. Parce que nous sommes conscients de la valeur inestimable de ces bois rares, nous n\u2019utilisons que des chutes de bois que nous achetons en France. Nos bois sont simplement nourris et prot\u00e9g\u00e9s \u00e0 l\u2019huile de lin. <\/em><\/span><\/p>\n<p><span style=\"color: #999999;\"><em>\u00c0 la mani\u00e8re des pierres pr\u00e9cieuses, nous fa\u00e7onnons nos cr\u00e9ations \u00e0 la main dans une esth\u00e9tique min\u00e9rale et g\u00e9om\u00e9trique.<br \/>\n<\/em><\/span><\/p>\n<p><span style=\"color: #999999;\"><em>En achetant un bijou ou accessoire en bois <a style=\"color: #999999;\" href=\"https:\/\/atelier-diospyros.fr\/index.php\/boutique\/\">Atelier Diospyros<\/a>, vous soutenez l&rsquo;artisanat Made In France, la cr\u00e9ation locale en circuit court et le savoir-faire de deux artisans Bretons passionn\u00e9s : Merci !<\/em><\/span>[\/vc_column_text][\/vc_column][\/vc_row][vc_row][vc_column][vc_column_text]Ce bijou est une pi\u00e8ce unique.[\/vc_column_text][\/vc_column][\/vc_row]\n","protected":false},"excerpt":{"rendered":"<p>Bague en bois de violette mont\u00e9e sur un anneau dor\u00e9 \u00e0 l&rsquo;or fin (sur base laiton)<\/p>\n<p><span style=\"color: #808080;\"><em>Livraison : nos cr\u00e9ations sont envoy\u00e9es en lettre suivie dans un d\u00e9lai de 3 \u00e0 5 jours \u00e0 r\u00e9ception du paiement.<\/em><\/span><\/p>\n","protected":false},"featured_media":9605,"template":"","meta":[],"product_cat":[27,116],"product_tag":[287,286,169,266,308,309,64,267],"class_list":{"0":"post-9600","1":"product","2":"type-product","3":"status-publish","4":"has-post-thumbnail","6":"product_cat-bijoux","7":"product_cat-bagues","8":"product_tag-amarante","9":"product_tag-bague-reglable","10":"product_tag-bijou","11":"product_tag-bois-precieux","12":"product_tag-boucles-doreille","13":"product_tag-couleur-naturelle","14":"product_tag-idee-cadeau-femme","15":"product_tag-violet","17":"first","18":"instock","19":"sale","20":"featured","21":"sold-individually","22":"shipping-taxable","23":"purchasable","24":"product-type-simple"},"yoast_head":"<!-- This site is optimized with the Yoast SEO plugin v24.2 - https:\/\/yoast.com\/wordpress\/plugins\/seo\/ -->\n<title>Bague en bois d&#039;amarante - Fabriqu\u00e9e en Bretagne - Atelier Diospyros<\/title>\n<meta name=\"description\" content=\"Bague violette en bois d&#039;amarante mont\u00e9e sur un anneau dor\u00e9 \u00e0 l&#039;or fin. Fabrication artisanale dans notre atelier en Bretagne (35).\" \/>\n<meta name=\"robots\" content=\"index, follow, max-snippet:-1, max-image-preview:large, max-video-preview:-1\" \/>\n<link rel=\"canonical\" href=\"https:\/\/atelier-diospyros.fr\/index.php\/produit\/bague-en-amarante\/\" \/>\n<meta property=\"og:locale\" content=\"fr_FR\" \/>\n<meta property=\"og:type\" content=\"article\" \/>\n<meta property=\"og:title\" content=\"Bague en bois d&#039;amarante - Fabriqu\u00e9e en Bretagne - Atelier Diospyros\" \/>\n<meta property=\"og:description\" content=\"Bague violette en bois d&#039;amarante mont\u00e9e sur un anneau dor\u00e9 \u00e0 l&#039;or fin. Fabrication artisanale dans notre atelier en Bretagne (35).\" \/>\n<meta property=\"og:url\" content=\"https:\/\/atelier-diospyros.fr\/index.php\/produit\/bague-en-amarante\/\" \/>\n<meta property=\"og:site_name\" content=\"Atelier Diospyros &amp; Cl\u00e9mence Quitterel\" \/>\n<meta property=\"article:modified_time\" content=\"2025-12-03T13:38:56+00:00\" \/>\n<meta property=\"og:image\" content=\"https:\/\/atelier-diospyros.fr\/wp-content\/uploads\/2022\/05\/IMG_3566.jpg\" \/>\n\t<meta property=\"og:image:width\" content=\"1880\" \/>\n\t<meta property=\"og:image:height\" content=\"1880\" \/>\n\t<meta property=\"og:image:type\" content=\"image\/jpeg\" \/>\n<meta name=\"twitter:card\" content=\"summary_large_image\" \/>\n<meta name=\"twitter:label1\" content=\"Dur\u00e9e de lecture estim\u00e9e\" \/>\n\t<meta name=\"twitter:data1\" content=\"2 minutes\" \/>\n<script type=\"application\/ld+json\" class=\"yoast-schema-graph\">{\"@context\":\"https:\/\/schema.org\",\"@graph\":[{\"@type\":\"WebPage\",\"@id\":\"https:\/\/atelier-diospyros.fr\/index.php\/produit\/bague-en-amarante\/\",\"url\":\"https:\/\/atelier-diospyros.fr\/index.php\/produit\/bague-en-amarante\/\",\"name\":\"Bague en bois d'amarante - Fabriqu\u00e9e en Bretagne - Atelier Diospyros\",\"isPartOf\":{\"@id\":\"https:\/\/atelier-diospyros.fr\/#website\"},\"primaryImageOfPage\":{\"@id\":\"https:\/\/atelier-diospyros.fr\/index.php\/produit\/bague-en-amarante\/#primaryimage\"},\"image\":{\"@id\":\"https:\/\/atelier-diospyros.fr\/index.php\/produit\/bague-en-amarante\/#primaryimage\"},\"thumbnailUrl\":\"https:\/\/atelier-diospyros.fr\/wp-content\/uploads\/2022\/05\/IMG_3566.jpg\",\"datePublished\":\"2022-05-14T16:39:11+00:00\",\"dateModified\":\"2025-12-03T13:38:56+00:00\",\"description\":\"Bague violette en bois d'amarante mont\u00e9e sur un anneau dor\u00e9 \u00e0 l'or fin. Fabrication artisanale dans notre atelier en Bretagne (35).\",\"breadcrumb\":{\"@id\":\"https:\/\/atelier-diospyros.fr\/index.php\/produit\/bague-en-amarante\/#breadcrumb\"},\"inLanguage\":\"fr-FR\",\"potentialAction\":[{\"@type\":\"ReadAction\",\"target\":[\"https:\/\/atelier-diospyros.fr\/index.php\/produit\/bague-en-amarante\/\"]}]},{\"@type\":\"ImageObject\",\"inLanguage\":\"fr-FR\",\"@id\":\"https:\/\/atelier-diospyros.fr\/index.php\/produit\/bague-en-amarante\/#primaryimage\",\"url\":\"https:\/\/atelier-diospyros.fr\/wp-content\/uploads\/2022\/05\/IMG_3566.jpg\",\"contentUrl\":\"https:\/\/atelier-diospyros.fr\/wp-content\/uploads\/2022\/05\/IMG_3566.jpg\",\"width\":1880,\"height\":1880,\"caption\":\"bague amarante\"},{\"@type\":\"BreadcrumbList\",\"@id\":\"https:\/\/atelier-diospyros.fr\/index.php\/produit\/bague-en-amarante\/#breadcrumb\",\"itemListElement\":[{\"@type\":\"ListItem\",\"position\":1,\"name\":\"Accueil\",\"item\":\"https:\/\/atelier-diospyros.fr\/\"},{\"@type\":\"ListItem\",\"position\":2,\"name\":\"Boutique\",\"item\":\"https:\/\/atelier-diospyros.fr\/index.php\/boutique\/\"},{\"@type\":\"ListItem\",\"position\":3,\"name\":\"Bague en bois d&rsquo;amarante\"}]},{\"@type\":\"WebSite\",\"@id\":\"https:\/\/atelier-diospyros.fr\/#website\",\"url\":\"https:\/\/atelier-diospyros.fr\/\",\"name\":\"Atelier Diospyros &amp; Cl\u00e9mence Quitterel\",\"description\":\"Objets en bois precieux et Cyanotypes : bijoux, d\u00e9coration d&#039;interieur, noeud papillon en bois, planches a decouper\",\"potentialAction\":[{\"@type\":\"SearchAction\",\"target\":{\"@type\":\"EntryPoint\",\"urlTemplate\":\"https:\/\/atelier-diospyros.fr\/?s={search_term_string}\"},\"query-input\":{\"@type\":\"PropertyValueSpecification\",\"valueRequired\":true,\"valueName\":\"search_term_string\"}}],\"inLanguage\":\"fr-FR\"}]}<\/script>\n<!-- \/ Yoast SEO plugin. -->","yoast_head_json":{"title":"Bague en bois d'amarante - Fabriqu\u00e9e en Bretagne - Atelier Diospyros","description":"Bague violette en bois d'amarante mont\u00e9e sur un anneau dor\u00e9 \u00e0 l'or fin. Fabrication artisanale dans notre atelier en Bretagne (35).","robots":{"index":"index","follow":"follow","max-snippet":"max-snippet:-1","max-image-preview":"max-image-preview:large","max-video-preview":"max-video-preview:-1"},"canonical":"https:\/\/atelier-diospyros.fr\/index.php\/produit\/bague-en-amarante\/","og_locale":"fr_FR","og_type":"article","og_title":"Bague en bois d'amarante - Fabriqu\u00e9e en Bretagne - Atelier Diospyros","og_description":"Bague violette en bois d'amarante mont\u00e9e sur un anneau dor\u00e9 \u00e0 l'or fin. Fabrication artisanale dans notre atelier en Bretagne (35).","og_url":"https:\/\/atelier-diospyros.fr\/index.php\/produit\/bague-en-amarante\/","og_site_name":"Atelier Diospyros &amp; Cl\u00e9mence Quitterel","article_modified_time":"2025-12-03T13:38:56+00:00","og_image":[{"width":1880,"height":1880,"url":"https:\/\/atelier-diospyros.fr\/wp-content\/uploads\/2022\/05\/IMG_3566.jpg","type":"image\/jpeg"}],"twitter_card":"summary_large_image","twitter_misc":{"Dur\u00e9e de lecture estim\u00e9e":"2 minutes"},"schema":{"@context":"https:\/\/schema.org","@graph":[{"@type":"WebPage","@id":"https:\/\/atelier-diospyros.fr\/index.php\/produit\/bague-en-amarante\/","url":"https:\/\/atelier-diospyros.fr\/index.php\/produit\/bague-en-amarante\/","name":"Bague en bois d'amarante - Fabriqu\u00e9e en Bretagne - Atelier Diospyros","isPartOf":{"@id":"https:\/\/atelier-diospyros.fr\/#website"},"primaryImageOfPage":{"@id":"https:\/\/atelier-diospyros.fr\/index.php\/produit\/bague-en-amarante\/#primaryimage"},"image":{"@id":"https:\/\/atelier-diospyros.fr\/index.php\/produit\/bague-en-amarante\/#primaryimage"},"thumbnailUrl":"https:\/\/atelier-diospyros.fr\/wp-content\/uploads\/2022\/05\/IMG_3566.jpg","datePublished":"2022-05-14T16:39:11+00:00","dateModified":"2025-12-03T13:38:56+00:00","description":"Bague violette en bois d'amarante mont\u00e9e sur un anneau dor\u00e9 \u00e0 l'or fin. Fabrication artisanale dans notre atelier en Bretagne (35).","breadcrumb":{"@id":"https:\/\/atelier-diospyros.fr\/index.php\/produit\/bague-en-amarante\/#breadcrumb"},"inLanguage":"fr-FR","potentialAction":[{"@type":"ReadAction","target":["https:\/\/atelier-diospyros.fr\/index.php\/produit\/bague-en-amarante\/"]}]},{"@type":"ImageObject","inLanguage":"fr-FR","@id":"https:\/\/atelier-diospyros.fr\/index.php\/produit\/bague-en-amarante\/#primaryimage","url":"https:\/\/atelier-diospyros.fr\/wp-content\/uploads\/2022\/05\/IMG_3566.jpg","contentUrl":"https:\/\/atelier-diospyros.fr\/wp-content\/uploads\/2022\/05\/IMG_3566.jpg","width":1880,"height":1880,"caption":"bague amarante"},{"@type":"BreadcrumbList","@id":"https:\/\/atelier-diospyros.fr\/index.php\/produit\/bague-en-amarante\/#breadcrumb","itemListElement":[{"@type":"ListItem","position":1,"name":"Accueil","item":"https:\/\/atelier-diospyros.fr\/"},{"@type":"ListItem","position":2,"name":"Boutique","item":"https:\/\/atelier-diospyros.fr\/index.php\/boutique\/"},{"@type":"ListItem","position":3,"name":"Bague en bois d&rsquo;amarante"}]},{"@type":"WebSite","@id":"https:\/\/atelier-diospyros.fr\/#website","url":"https:\/\/atelier-diospyros.fr\/","name":"Atelier Diospyros &amp; Cl\u00e9mence Quitterel","description":"Objets en bois precieux et Cyanotypes : bijoux, d\u00e9coration d&#039;interieur, noeud papillon en bois, planches a decouper","potentialAction":[{"@type":"SearchAction","target":{"@type":"EntryPoint","urlTemplate":"https:\/\/atelier-diospyros.fr\/?s={search_term_string}"},"query-input":{"@type":"PropertyValueSpecification","valueRequired":true,"valueName":"search_term_string"}}],"inLanguage":"fr-FR"}]}},"jetpack_sharing_enabled":true,"_links":{"self":[{"href":"https:\/\/atelier-diospyros.fr\/index.php\/wp-json\/wp\/v2\/product\/9600"}],"collection":[{"href":"https:\/\/atelier-diospyros.fr\/index.php\/wp-json\/wp\/v2\/product"}],"about":[{"href":"https:\/\/atelier-diospyros.fr\/index.php\/wp-json\/wp\/v2\/types\/product"}],"wp:featuredmedia":[{"embeddable":true,"href":"https:\/\/atelier-diospyros.fr\/index.php\/wp-json\/wp\/v2\/media\/9605"}],"wp:attachment":[{"href":"https:\/\/atelier-diospyros.fr\/index.php\/wp-json\/wp\/v2\/media?parent=9600"}],"wp:term":[{"taxonomy":"product_cat","embeddable":true,"href":"https:\/\/atelier-diospyros.fr\/index.php\/wp-json\/wp\/v2\/product_cat?post=9600"},{"taxonomy":"product_tag","embeddable":true,"href":"https:\/\/atelier-diospyros.fr\/index.php\/wp-json\/wp\/v2\/product_tag?post=9600"}],"curies":[{"name":"wp","href":"https:\/\/api.w.org\/{rel}","templated":true}]}}