{"id":9292,"date":"2020-04-21T14:55:08","date_gmt":"2020-04-21T12:55:08","guid":{"rendered":"https:\/\/atelier-diospyros.fr\/?post_type=product&#038;p=9292"},"modified":"2024-11-19T16:32:05","modified_gmt":"2024-11-19T15:32:05","slug":"bague-bois-de-violette","status":"publish","type":"product","link":"https:\/\/atelier-diospyros.fr\/index.php\/produit\/bague-bois-de-violette\/","title":{"rendered":"Bague en bois de violette"},"content":{"rendered":"[vc_row][vc_column][vc_column_text]Cette bague en bois de violette est mont\u00e9e sur support laiton r\u00e9glable. Le bois de violette fait partie de la famille des <a href=\"https:\/\/fr.wikipedia.org\/wiki\/Bois_pr%C3%A9cieux\">bois pr\u00e9cieux<\/a>.<\/p>\n<p>\u00c9l\u00e9gante et color\u00e9e, cette <em>bague en bois de violette <\/em>est un bijou aussi bien pour les occasions comme le quotidien.<\/p>\n<p>Son violet vein\u00e9 se mariera avec toute vos tenues.<\/p>\n<p><a href=\"https:\/\/atelier-diospyros.fr\/index.php\/categorie-produit\/bijoux\/\">Nos bijoux<\/a> et leur formes g\u00e9om\u00e9triques sont inspir\u00e9s de l\u2019orf\u00e8vrerie.\u00a0 Ils mettent en valeur ainsi le bois pr\u00e9cieux, sa finesse et ses couleurs naturelles.<br \/>\nNos bagues vous plaisent ? Sentez-vous libre de d\u00e9couvrir <a href=\"https:\/\/atelier-diospyros.fr\/index.php\/categorie-produit\/bijoux\/bagues\/\">nos autres <\/a><a href=\"https:\/\/atelier-diospyros.fr\/index.php\/categorie-produit\/bijoux\/bagues\/\">bagues<\/a> ![\/vc_column_text][\/vc_column][\/vc_row][vc_row][vc_column][vc_column_text]<span style=\"color: #999999;\"><em>Nos cr\u00e9ations sont issues d\u2019une d\u00e9marche \u00e9co-responsable.<\/em><em> Ainsi, nous n\u2019utilisons que des chutes de bois pour notre mati\u00e8re premi\u00e8re, le bois pr\u00e9cieux.<br \/>\nLa valorisation, ou \u00ab\u00a0upcycling\u00a0\u00bb est au c\u0153ur de notre m\u00e9tier. Parce que nous sommes conscients de la valeur inestimable de ces bois rares, nous n\u2019utilisons que des chutes de bois que nous achetons en France. Nos bois sont simplement nourris et prot\u00e9g\u00e9s \u00e0 l\u2019huile de lin. <\/em><\/span><\/p>\n<p><span style=\"color: #999999;\"><em>\u00c0 la mani\u00e8re des pierres pr\u00e9cieuses, nous fa\u00e7onnons nos cr\u00e9ations \u00e0 la main dans une esth\u00e9tique min\u00e9rale et g\u00e9om\u00e9trique.<br \/>\n<\/em><\/span><\/p>\n<p><span style=\"color: #999999;\"><em>En achetant un bijou ou accessoire en bois <a style=\"color: #999999;\" href=\"https:\/\/atelier-diospyros.fr\/index.php\/boutique\/\">Atelier Diospyros<\/a>, vous soutenez l&rsquo;artisanat Made In France, la cr\u00e9ation locale en circuit court et le savoir-faire de deux artisans Bretons passionn\u00e9s : Merci !<\/em><\/span>[\/vc_column_text][\/vc_column][\/vc_row][vc_row][vc_column][vc_column_text]Ce bijou est une pi\u00e8ce unique.[\/vc_column_text][\/vc_column][\/vc_row]\n","protected":false},"excerpt":{"rendered":"<p>Bague en bois de violette mont\u00e9e sur un anneau dor\u00e9 \u00e0 l&rsquo;or fin (sur base laiton)<\/p>\n<p><span style=\"color: #808080;\"><em>Livraison : nos cr\u00e9ations sont envoy\u00e9es en lettre suivie dans un d\u00e9lai de 3 \u00e0 5 jours \u00e0 r\u00e9ception du paiement.<\/em><\/span><\/p>\n","protected":false},"featured_media":9562,"template":"","meta":[],"product_cat":[27,116],"product_tag":[286,35,64],"class_list":{"0":"post-9292","1":"product","2":"type-product","3":"status-publish","4":"has-post-thumbnail","6":"product_cat-bijoux","7":"product_cat-bagues","8":"product_tag-bague-reglable","9":"product_tag-bois-de-violette","10":"product_tag-idee-cadeau-femme","12":"first","13":"outofstock","14":"sold-individually","15":"shipping-taxable","16":"purchasable","17":"product-type-simple"},"yoast_head":"<!-- This site is optimized with the Yoast SEO plugin v24.2 - https:\/\/yoast.com\/wordpress\/plugins\/seo\/ -->\n<title>Bague en bois de violette - Fabriqu\u00e9e en Bretagne - Atelier Diospyros<\/title>\n<meta name=\"description\" content=\"Bague en bois de violette mont\u00e9e sur un anneau dor\u00e9 \u00e0 l&#039;or fin. Fabrication artisanale dans notre atelier en Bretagne \u00e0 Foug\u00e8res (35).\" \/>\n<meta name=\"robots\" content=\"index, follow, max-snippet:-1, max-image-preview:large, max-video-preview:-1\" \/>\n<link rel=\"canonical\" href=\"https:\/\/atelier-diospyros.fr\/index.php\/produit\/bague-bois-de-violette\/\" \/>\n<meta property=\"og:locale\" content=\"fr_FR\" \/>\n<meta property=\"og:type\" content=\"article\" \/>\n<meta property=\"og:title\" content=\"Bague en bois de violette - Fabriqu\u00e9e en Bretagne - Atelier Diospyros\" \/>\n<meta property=\"og:description\" content=\"Bague en bois de violette mont\u00e9e sur un anneau dor\u00e9 \u00e0 l&#039;or fin. Fabrication artisanale dans notre atelier en Bretagne \u00e0 Foug\u00e8res (35).\" \/>\n<meta property=\"og:url\" content=\"https:\/\/atelier-diospyros.fr\/index.php\/produit\/bague-bois-de-violette\/\" \/>\n<meta property=\"og:site_name\" content=\"Atelier Diospyros &amp; Cl\u00e9mence Quitterel\" \/>\n<meta property=\"article:modified_time\" content=\"2024-11-19T15:32:05+00:00\" \/>\n<meta property=\"og:image\" content=\"https:\/\/atelier-diospyros.fr\/wp-content\/uploads\/2021\/11\/IMG_3538.jpg\" \/>\n\t<meta property=\"og:image:width\" content=\"1859\" \/>\n\t<meta property=\"og:image:height\" content=\"1859\" \/>\n\t<meta property=\"og:image:type\" content=\"image\/jpeg\" \/>\n<meta name=\"twitter:card\" content=\"summary_large_image\" \/>\n<meta name=\"twitter:label1\" content=\"Dur\u00e9e de lecture estim\u00e9e\" \/>\n\t<meta name=\"twitter:data1\" content=\"2 minutes\" \/>\n<script type=\"application\/ld+json\" class=\"yoast-schema-graph\">{\"@context\":\"https:\/\/schema.org\",\"@graph\":[{\"@type\":\"WebPage\",\"@id\":\"https:\/\/atelier-diospyros.fr\/index.php\/produit\/bague-bois-de-violette\/\",\"url\":\"https:\/\/atelier-diospyros.fr\/index.php\/produit\/bague-bois-de-violette\/\",\"name\":\"Bague en bois de violette - Fabriqu\u00e9e en Bretagne - Atelier Diospyros\",\"isPartOf\":{\"@id\":\"https:\/\/atelier-diospyros.fr\/#website\"},\"primaryImageOfPage\":{\"@id\":\"https:\/\/atelier-diospyros.fr\/index.php\/produit\/bague-bois-de-violette\/#primaryimage\"},\"image\":{\"@id\":\"https:\/\/atelier-diospyros.fr\/index.php\/produit\/bague-bois-de-violette\/#primaryimage\"},\"thumbnailUrl\":\"https:\/\/atelier-diospyros.fr\/wp-content\/uploads\/2021\/11\/IMG_3538.jpg\",\"datePublished\":\"2020-04-21T12:55:08+00:00\",\"dateModified\":\"2024-11-19T15:32:05+00:00\",\"description\":\"Bague en bois de violette mont\u00e9e sur un anneau dor\u00e9 \u00e0 l'or fin. Fabrication artisanale dans notre atelier en Bretagne \u00e0 Foug\u00e8res (35).\",\"breadcrumb\":{\"@id\":\"https:\/\/atelier-diospyros.fr\/index.php\/produit\/bague-bois-de-violette\/#breadcrumb\"},\"inLanguage\":\"fr-FR\",\"potentialAction\":[{\"@type\":\"ReadAction\",\"target\":[\"https:\/\/atelier-diospyros.fr\/index.php\/produit\/bague-bois-de-violette\/\"]}]},{\"@type\":\"ImageObject\",\"inLanguage\":\"fr-FR\",\"@id\":\"https:\/\/atelier-diospyros.fr\/index.php\/produit\/bague-bois-de-violette\/#primaryimage\",\"url\":\"https:\/\/atelier-diospyros.fr\/wp-content\/uploads\/2021\/11\/IMG_3538.jpg\",\"contentUrl\":\"https:\/\/atelier-diospyros.fr\/wp-content\/uploads\/2021\/11\/IMG_3538.jpg\",\"width\":1859,\"height\":1859,\"caption\":\"Bague bois de violette\"},{\"@type\":\"BreadcrumbList\",\"@id\":\"https:\/\/atelier-diospyros.fr\/index.php\/produit\/bague-bois-de-violette\/#breadcrumb\",\"itemListElement\":[{\"@type\":\"ListItem\",\"position\":1,\"name\":\"Accueil\",\"item\":\"https:\/\/atelier-diospyros.fr\/\"},{\"@type\":\"ListItem\",\"position\":2,\"name\":\"Boutique\",\"item\":\"https:\/\/atelier-diospyros.fr\/index.php\/boutique\/\"},{\"@type\":\"ListItem\",\"position\":3,\"name\":\"Bague en bois de violette\"}]},{\"@type\":\"WebSite\",\"@id\":\"https:\/\/atelier-diospyros.fr\/#website\",\"url\":\"https:\/\/atelier-diospyros.fr\/\",\"name\":\"Atelier Diospyros &amp; Cl\u00e9mence Quitterel\",\"description\":\"Objets en bois precieux et Cyanotypes : bijoux, d\u00e9coration d&#039;interieur, noeud papillon en bois, planches a decouper\",\"potentialAction\":[{\"@type\":\"SearchAction\",\"target\":{\"@type\":\"EntryPoint\",\"urlTemplate\":\"https:\/\/atelier-diospyros.fr\/?s={search_term_string}\"},\"query-input\":{\"@type\":\"PropertyValueSpecification\",\"valueRequired\":true,\"valueName\":\"search_term_string\"}}],\"inLanguage\":\"fr-FR\"}]}<\/script>\n<!-- \/ Yoast SEO plugin. -->","yoast_head_json":{"title":"Bague en bois de violette - Fabriqu\u00e9e en Bretagne - Atelier Diospyros","description":"Bague en bois de violette mont\u00e9e sur un anneau dor\u00e9 \u00e0 l'or fin. Fabrication artisanale dans notre atelier en Bretagne \u00e0 Foug\u00e8res (35).","robots":{"index":"index","follow":"follow","max-snippet":"max-snippet:-1","max-image-preview":"max-image-preview:large","max-video-preview":"max-video-preview:-1"},"canonical":"https:\/\/atelier-diospyros.fr\/index.php\/produit\/bague-bois-de-violette\/","og_locale":"fr_FR","og_type":"article","og_title":"Bague en bois de violette - Fabriqu\u00e9e en Bretagne - Atelier Diospyros","og_description":"Bague en bois de violette mont\u00e9e sur un anneau dor\u00e9 \u00e0 l'or fin. Fabrication artisanale dans notre atelier en Bretagne \u00e0 Foug\u00e8res (35).","og_url":"https:\/\/atelier-diospyros.fr\/index.php\/produit\/bague-bois-de-violette\/","og_site_name":"Atelier Diospyros &amp; Cl\u00e9mence Quitterel","article_modified_time":"2024-11-19T15:32:05+00:00","og_image":[{"width":1859,"height":1859,"url":"https:\/\/atelier-diospyros.fr\/wp-content\/uploads\/2021\/11\/IMG_3538.jpg","type":"image\/jpeg"}],"twitter_card":"summary_large_image","twitter_misc":{"Dur\u00e9e de lecture estim\u00e9e":"2 minutes"},"schema":{"@context":"https:\/\/schema.org","@graph":[{"@type":"WebPage","@id":"https:\/\/atelier-diospyros.fr\/index.php\/produit\/bague-bois-de-violette\/","url":"https:\/\/atelier-diospyros.fr\/index.php\/produit\/bague-bois-de-violette\/","name":"Bague en bois de violette - Fabriqu\u00e9e en Bretagne - Atelier Diospyros","isPartOf":{"@id":"https:\/\/atelier-diospyros.fr\/#website"},"primaryImageOfPage":{"@id":"https:\/\/atelier-diospyros.fr\/index.php\/produit\/bague-bois-de-violette\/#primaryimage"},"image":{"@id":"https:\/\/atelier-diospyros.fr\/index.php\/produit\/bague-bois-de-violette\/#primaryimage"},"thumbnailUrl":"https:\/\/atelier-diospyros.fr\/wp-content\/uploads\/2021\/11\/IMG_3538.jpg","datePublished":"2020-04-21T12:55:08+00:00","dateModified":"2024-11-19T15:32:05+00:00","description":"Bague en bois de violette mont\u00e9e sur un anneau dor\u00e9 \u00e0 l'or fin. Fabrication artisanale dans notre atelier en Bretagne \u00e0 Foug\u00e8res (35).","breadcrumb":{"@id":"https:\/\/atelier-diospyros.fr\/index.php\/produit\/bague-bois-de-violette\/#breadcrumb"},"inLanguage":"fr-FR","potentialAction":[{"@type":"ReadAction","target":["https:\/\/atelier-diospyros.fr\/index.php\/produit\/bague-bois-de-violette\/"]}]},{"@type":"ImageObject","inLanguage":"fr-FR","@id":"https:\/\/atelier-diospyros.fr\/index.php\/produit\/bague-bois-de-violette\/#primaryimage","url":"https:\/\/atelier-diospyros.fr\/wp-content\/uploads\/2021\/11\/IMG_3538.jpg","contentUrl":"https:\/\/atelier-diospyros.fr\/wp-content\/uploads\/2021\/11\/IMG_3538.jpg","width":1859,"height":1859,"caption":"Bague bois de violette"},{"@type":"BreadcrumbList","@id":"https:\/\/atelier-diospyros.fr\/index.php\/produit\/bague-bois-de-violette\/#breadcrumb","itemListElement":[{"@type":"ListItem","position":1,"name":"Accueil","item":"https:\/\/atelier-diospyros.fr\/"},{"@type":"ListItem","position":2,"name":"Boutique","item":"https:\/\/atelier-diospyros.fr\/index.php\/boutique\/"},{"@type":"ListItem","position":3,"name":"Bague en bois de violette"}]},{"@type":"WebSite","@id":"https:\/\/atelier-diospyros.fr\/#website","url":"https:\/\/atelier-diospyros.fr\/","name":"Atelier Diospyros &amp; Cl\u00e9mence Quitterel","description":"Objets en bois precieux et Cyanotypes : bijoux, d\u00e9coration d&#039;interieur, noeud papillon en bois, planches a decouper","potentialAction":[{"@type":"SearchAction","target":{"@type":"EntryPoint","urlTemplate":"https:\/\/atelier-diospyros.fr\/?s={search_term_string}"},"query-input":{"@type":"PropertyValueSpecification","valueRequired":true,"valueName":"search_term_string"}}],"inLanguage":"fr-FR"}]}},"jetpack_sharing_enabled":true,"_links":{"self":[{"href":"https:\/\/atelier-diospyros.fr\/index.php\/wp-json\/wp\/v2\/product\/9292"}],"collection":[{"href":"https:\/\/atelier-diospyros.fr\/index.php\/wp-json\/wp\/v2\/product"}],"about":[{"href":"https:\/\/atelier-diospyros.fr\/index.php\/wp-json\/wp\/v2\/types\/product"}],"wp:featuredmedia":[{"embeddable":true,"href":"https:\/\/atelier-diospyros.fr\/index.php\/wp-json\/wp\/v2\/media\/9562"}],"wp:attachment":[{"href":"https:\/\/atelier-diospyros.fr\/index.php\/wp-json\/wp\/v2\/media?parent=9292"}],"wp:term":[{"taxonomy":"product_cat","embeddable":true,"href":"https:\/\/atelier-diospyros.fr\/index.php\/wp-json\/wp\/v2\/product_cat?post=9292"},{"taxonomy":"product_tag","embeddable":true,"href":"https:\/\/atelier-diospyros.fr\/index.php\/wp-json\/wp\/v2\/product_tag?post=9292"}],"curies":[{"name":"wp","href":"https:\/\/api.w.org\/{rel}","templated":true}]}}