{"id":9239,"date":"2022-10-04T19:42:50","date_gmt":"2022-10-04T17:42:50","guid":{"rendered":"https:\/\/atelier-diospyros.fr\/?post_type=product&#038;p=9239"},"modified":"2023-08-22T17:32:14","modified_gmt":"2023-08-22T15:32:14","slug":"soliflore-bois-cocobolo","status":"publish","type":"product","link":"https:\/\/atelier-diospyros.fr\/index.php\/produit\/soliflore-bois-cocobolo\/","title":{"rendered":"Soliflore en bois de cocobolo"},"content":{"rendered":"<p>Petit soliflore en bois de cocobolo \u00e0 poser et \u00e0 garnir d&rsquo;une fleur s\u00e9ch\u00e9e. Hauteur 8 cm.<\/p>\n<p>Un objet d\u00e9coratif \u00e9coresponsable : ce soliflore en bois de <em><a href=\"https:\/\/fr.wikipedia.org\/wiki\/Cocobolo\">cocobolo <\/a><\/em>valorise une chute de bois pr\u00e9cieux. Ici le morceau utilis\u00e9 est bicolore car il est fait d&rsquo;aubier (la partie jeune du bois) et de duramen (le c\u0153ur color\u00e9 du bois). Ce jeu de contraste de couleurs en fait une cr\u00e9ation originale pour votre int\u00e9rieur.<\/p>\n<p>Cet objet au design g\u00e9om\u00e9trique est une pi\u00e8ce unique, il vous suffira d\u2019y ajouter une fleur s\u00e9ch\u00e9e pour une d\u00e9coration \u00e9pur\u00e9e et po\u00e9tique.<\/p>\n<p>Une d\u00e9co design \u00e0 poser o\u00f9 vous voulez !<\/p>\n<p>D\u00e9couvrez aussi nos <a href=\"https:\/\/atelier-diospyros.fr\/index.php\/produit\/trio-de-soliflores-en-bois-hetre\/\">trios de soliflores en bois de h\u00eatre<\/a> vendus par trois !<\/p>\n[vc_row][vc_column][vc_column_text]<em>Nos cr\u00e9ations sont issues d\u2019une d\u00e9marche \u00e9co-responsable. Ainsi, nous n\u2019utilisons que des chutes de bois pour nos mati\u00e8res premi\u00e8res, le bois pr\u00e9cieux et le bois local.<\/em><\/p>\n<p><em>La valorisation, ou \u00ab\u00a0upcycling\u00a0\u00bb est au c\u0153ur de notre m\u00e9tier. Parce que nous sommes conscients de la valeur inestimable de ces bois rares, nous n\u2019utilisons que des chutes de bois que nous achetons en France. <\/em><br \/>\n<em>\u00c0 la mani\u00e8re des pierres pr\u00e9cieuses, nous fa\u00e7onnons nos cr\u00e9ations \u00e0 la main dans une esth\u00e9tique min\u00e9rale et g\u00e9om\u00e9trique.<\/em><br \/>\n<em>En achetant un bijou ou accessoire en bois <\/em><em><a href=\"https:\/\/atelier-diospyros.fr\/index.php\/boutique\/\">Atelier Diospyros<\/a><\/em><em>, vous soutenez l&rsquo;artisanat Made In France, la cr\u00e9ation locale en circuit court ainsi que le savoir-faire de deux artisans Bretons passionn\u00e9s : Merci !<\/em>[\/vc_column_text][\/vc_column][\/vc_row][vc_row][vc_column][\/vc_column][\/vc_row]\n","protected":false},"excerpt":{"rendered":"<p>Soliflore en bois pr\u00e9cieux. Pi\u00e8ce unique fabriqu\u00e9e dans notre atelier \u00e0 Foug\u00e8res (35).<\/p>\n<p><span style=\"color: #999999;\"><em>Livraison : nos cr\u00e9ations sont envoy\u00e9es en lettre suivie dans un d\u00e9lai de 3 \u00e0 5 jours \u00e0 r\u00e9ception du paiement.<\/em><\/span><\/p>\n","protected":false},"featured_media":9323,"template":"","meta":[],"product_cat":[271],"product_tag":[195,251,278,275,277,280,281,64,276,196,279,274],"class_list":{"0":"post-9239","1":"product","2":"type-product","3":"status-publish","4":"has-post-thumbnail","6":"product_cat-decoration","7":"product_tag-artisanal","8":"product_tag-cocobolo","9":"product_tag-deco","10":"product_tag-decoration","11":"product_tag-decoration-interieure","12":"product_tag-fabrique-en-bretagne","13":"product_tag-fougeres","14":"product_tag-idee-cadeau-femme","15":"product_tag-interieur","16":"product_tag-made-in-france","17":"product_tag-piece-unique","18":"product_tag-soliflore","20":"first","21":"outofstock","22":"shipping-taxable","23":"purchasable","24":"product-type-simple"},"yoast_head":"<!-- This site is optimized with the Yoast SEO plugin v24.2 - https:\/\/yoast.com\/wordpress\/plugins\/seo\/ -->\n<title>Soliflore en bois de cocobolo -<\/title>\n<meta name=\"description\" content=\"V\u00e9ritable objet d\u00e9coratif, ce soliflore en bois de cocobolo est \u00e0 garnir d&#039;une petite fleur s\u00e9ch\u00e9e pour d\u00e9corer votre int\u00e9rieur !\" \/>\n<meta name=\"robots\" content=\"index, follow, max-snippet:-1, max-image-preview:large, max-video-preview:-1\" \/>\n<link rel=\"canonical\" href=\"https:\/\/atelier-diospyros.fr\/index.php\/produit\/soliflore-bois-cocobolo\/\" \/>\n<meta property=\"og:locale\" content=\"fr_FR\" \/>\n<meta property=\"og:type\" content=\"article\" \/>\n<meta property=\"og:title\" content=\"Soliflore en bois de cocobolo -\" \/>\n<meta property=\"og:description\" content=\"V\u00e9ritable objet d\u00e9coratif, ce soliflore en bois de cocobolo est \u00e0 garnir d&#039;une petite fleur s\u00e9ch\u00e9e pour d\u00e9corer votre int\u00e9rieur !\" \/>\n<meta property=\"og:url\" content=\"https:\/\/atelier-diospyros.fr\/index.php\/produit\/soliflore-bois-cocobolo\/\" \/>\n<meta property=\"og:site_name\" content=\"Atelier Diospyros &amp; Cl\u00e9mence Quitterel\" \/>\n<meta property=\"article:modified_time\" content=\"2023-08-22T15:32:14+00:00\" \/>\n<meta property=\"og:image\" content=\"https:\/\/atelier-diospyros.fr\/wp-content\/uploads\/2021\/11\/IMG_3175-2.jpg\" \/>\n\t<meta property=\"og:image:width\" content=\"2048\" \/>\n\t<meta property=\"og:image:height\" content=\"2048\" \/>\n\t<meta property=\"og:image:type\" content=\"image\/jpeg\" \/>\n<meta name=\"twitter:card\" content=\"summary_large_image\" \/>\n<meta name=\"twitter:label1\" content=\"Dur\u00e9e de lecture estim\u00e9e\" \/>\n\t<meta name=\"twitter:data1\" content=\"2 minutes\" \/>\n<script type=\"application\/ld+json\" class=\"yoast-schema-graph\">{\"@context\":\"https:\/\/schema.org\",\"@graph\":[{\"@type\":\"WebPage\",\"@id\":\"https:\/\/atelier-diospyros.fr\/index.php\/produit\/soliflore-bois-cocobolo\/\",\"url\":\"https:\/\/atelier-diospyros.fr\/index.php\/produit\/soliflore-bois-cocobolo\/\",\"name\":\"Soliflore en bois de cocobolo -\",\"isPartOf\":{\"@id\":\"https:\/\/atelier-diospyros.fr\/#website\"},\"primaryImageOfPage\":{\"@id\":\"https:\/\/atelier-diospyros.fr\/index.php\/produit\/soliflore-bois-cocobolo\/#primaryimage\"},\"image\":{\"@id\":\"https:\/\/atelier-diospyros.fr\/index.php\/produit\/soliflore-bois-cocobolo\/#primaryimage\"},\"thumbnailUrl\":\"https:\/\/atelier-diospyros.fr\/wp-content\/uploads\/2021\/11\/IMG_3175-2.jpg\",\"datePublished\":\"2022-10-04T17:42:50+00:00\",\"dateModified\":\"2023-08-22T15:32:14+00:00\",\"description\":\"V\u00e9ritable objet d\u00e9coratif, ce soliflore en bois de cocobolo est \u00e0 garnir d'une petite fleur s\u00e9ch\u00e9e pour d\u00e9corer votre int\u00e9rieur !\",\"breadcrumb\":{\"@id\":\"https:\/\/atelier-diospyros.fr\/index.php\/produit\/soliflore-bois-cocobolo\/#breadcrumb\"},\"inLanguage\":\"fr-FR\",\"potentialAction\":[{\"@type\":\"ReadAction\",\"target\":[\"https:\/\/atelier-diospyros.fr\/index.php\/produit\/soliflore-bois-cocobolo\/\"]}]},{\"@type\":\"ImageObject\",\"inLanguage\":\"fr-FR\",\"@id\":\"https:\/\/atelier-diospyros.fr\/index.php\/produit\/soliflore-bois-cocobolo\/#primaryimage\",\"url\":\"https:\/\/atelier-diospyros.fr\/wp-content\/uploads\/2021\/11\/IMG_3175-2.jpg\",\"contentUrl\":\"https:\/\/atelier-diospyros.fr\/wp-content\/uploads\/2021\/11\/IMG_3175-2.jpg\",\"width\":2048,\"height\":2048,\"caption\":\"Soliflore en cocobolo\"},{\"@type\":\"BreadcrumbList\",\"@id\":\"https:\/\/atelier-diospyros.fr\/index.php\/produit\/soliflore-bois-cocobolo\/#breadcrumb\",\"itemListElement\":[{\"@type\":\"ListItem\",\"position\":1,\"name\":\"Accueil\",\"item\":\"https:\/\/atelier-diospyros.fr\/\"},{\"@type\":\"ListItem\",\"position\":2,\"name\":\"Boutique\",\"item\":\"https:\/\/atelier-diospyros.fr\/index.php\/boutique\/\"},{\"@type\":\"ListItem\",\"position\":3,\"name\":\"Soliflore en bois de cocobolo\"}]},{\"@type\":\"WebSite\",\"@id\":\"https:\/\/atelier-diospyros.fr\/#website\",\"url\":\"https:\/\/atelier-diospyros.fr\/\",\"name\":\"Atelier Diospyros &amp; Cl\u00e9mence Quitterel\",\"description\":\"Objets en bois precieux et Cyanotypes : bijoux, d\u00e9coration d&#039;interieur, noeud papillon en bois, planches a decouper\",\"potentialAction\":[{\"@type\":\"SearchAction\",\"target\":{\"@type\":\"EntryPoint\",\"urlTemplate\":\"https:\/\/atelier-diospyros.fr\/?s={search_term_string}\"},\"query-input\":{\"@type\":\"PropertyValueSpecification\",\"valueRequired\":true,\"valueName\":\"search_term_string\"}}],\"inLanguage\":\"fr-FR\"}]}<\/script>\n<!-- \/ Yoast SEO plugin. -->","yoast_head_json":{"title":"Soliflore en bois de cocobolo -","description":"V\u00e9ritable objet d\u00e9coratif, ce soliflore en bois de cocobolo est \u00e0 garnir d'une petite fleur s\u00e9ch\u00e9e pour d\u00e9corer votre int\u00e9rieur !","robots":{"index":"index","follow":"follow","max-snippet":"max-snippet:-1","max-image-preview":"max-image-preview:large","max-video-preview":"max-video-preview:-1"},"canonical":"https:\/\/atelier-diospyros.fr\/index.php\/produit\/soliflore-bois-cocobolo\/","og_locale":"fr_FR","og_type":"article","og_title":"Soliflore en bois de cocobolo -","og_description":"V\u00e9ritable objet d\u00e9coratif, ce soliflore en bois de cocobolo est \u00e0 garnir d'une petite fleur s\u00e9ch\u00e9e pour d\u00e9corer votre int\u00e9rieur !","og_url":"https:\/\/atelier-diospyros.fr\/index.php\/produit\/soliflore-bois-cocobolo\/","og_site_name":"Atelier Diospyros &amp; Cl\u00e9mence Quitterel","article_modified_time":"2023-08-22T15:32:14+00:00","og_image":[{"width":2048,"height":2048,"url":"https:\/\/atelier-diospyros.fr\/wp-content\/uploads\/2021\/11\/IMG_3175-2.jpg","type":"image\/jpeg"}],"twitter_card":"summary_large_image","twitter_misc":{"Dur\u00e9e de lecture estim\u00e9e":"2 minutes"},"schema":{"@context":"https:\/\/schema.org","@graph":[{"@type":"WebPage","@id":"https:\/\/atelier-diospyros.fr\/index.php\/produit\/soliflore-bois-cocobolo\/","url":"https:\/\/atelier-diospyros.fr\/index.php\/produit\/soliflore-bois-cocobolo\/","name":"Soliflore en bois de cocobolo -","isPartOf":{"@id":"https:\/\/atelier-diospyros.fr\/#website"},"primaryImageOfPage":{"@id":"https:\/\/atelier-diospyros.fr\/index.php\/produit\/soliflore-bois-cocobolo\/#primaryimage"},"image":{"@id":"https:\/\/atelier-diospyros.fr\/index.php\/produit\/soliflore-bois-cocobolo\/#primaryimage"},"thumbnailUrl":"https:\/\/atelier-diospyros.fr\/wp-content\/uploads\/2021\/11\/IMG_3175-2.jpg","datePublished":"2022-10-04T17:42:50+00:00","dateModified":"2023-08-22T15:32:14+00:00","description":"V\u00e9ritable objet d\u00e9coratif, ce soliflore en bois de cocobolo est \u00e0 garnir d'une petite fleur s\u00e9ch\u00e9e pour d\u00e9corer votre int\u00e9rieur !","breadcrumb":{"@id":"https:\/\/atelier-diospyros.fr\/index.php\/produit\/soliflore-bois-cocobolo\/#breadcrumb"},"inLanguage":"fr-FR","potentialAction":[{"@type":"ReadAction","target":["https:\/\/atelier-diospyros.fr\/index.php\/produit\/soliflore-bois-cocobolo\/"]}]},{"@type":"ImageObject","inLanguage":"fr-FR","@id":"https:\/\/atelier-diospyros.fr\/index.php\/produit\/soliflore-bois-cocobolo\/#primaryimage","url":"https:\/\/atelier-diospyros.fr\/wp-content\/uploads\/2021\/11\/IMG_3175-2.jpg","contentUrl":"https:\/\/atelier-diospyros.fr\/wp-content\/uploads\/2021\/11\/IMG_3175-2.jpg","width":2048,"height":2048,"caption":"Soliflore en cocobolo"},{"@type":"BreadcrumbList","@id":"https:\/\/atelier-diospyros.fr\/index.php\/produit\/soliflore-bois-cocobolo\/#breadcrumb","itemListElement":[{"@type":"ListItem","position":1,"name":"Accueil","item":"https:\/\/atelier-diospyros.fr\/"},{"@type":"ListItem","position":2,"name":"Boutique","item":"https:\/\/atelier-diospyros.fr\/index.php\/boutique\/"},{"@type":"ListItem","position":3,"name":"Soliflore en bois de cocobolo"}]},{"@type":"WebSite","@id":"https:\/\/atelier-diospyros.fr\/#website","url":"https:\/\/atelier-diospyros.fr\/","name":"Atelier Diospyros &amp; Cl\u00e9mence Quitterel","description":"Objets en bois precieux et Cyanotypes : bijoux, d\u00e9coration d&#039;interieur, noeud papillon en bois, planches a decouper","potentialAction":[{"@type":"SearchAction","target":{"@type":"EntryPoint","urlTemplate":"https:\/\/atelier-diospyros.fr\/?s={search_term_string}"},"query-input":{"@type":"PropertyValueSpecification","valueRequired":true,"valueName":"search_term_string"}}],"inLanguage":"fr-FR"}]}},"jetpack_sharing_enabled":true,"_links":{"self":[{"href":"https:\/\/atelier-diospyros.fr\/index.php\/wp-json\/wp\/v2\/product\/9239"}],"collection":[{"href":"https:\/\/atelier-diospyros.fr\/index.php\/wp-json\/wp\/v2\/product"}],"about":[{"href":"https:\/\/atelier-diospyros.fr\/index.php\/wp-json\/wp\/v2\/types\/product"}],"wp:featuredmedia":[{"embeddable":true,"href":"https:\/\/atelier-diospyros.fr\/index.php\/wp-json\/wp\/v2\/media\/9323"}],"wp:attachment":[{"href":"https:\/\/atelier-diospyros.fr\/index.php\/wp-json\/wp\/v2\/media?parent=9239"}],"wp:term":[{"taxonomy":"product_cat","embeddable":true,"href":"https:\/\/atelier-diospyros.fr\/index.php\/wp-json\/wp\/v2\/product_cat?post=9239"},{"taxonomy":"product_tag","embeddable":true,"href":"https:\/\/atelier-diospyros.fr\/index.php\/wp-json\/wp\/v2\/product_tag?post=9239"}],"curies":[{"name":"wp","href":"https:\/\/api.w.org\/{rel}","templated":true}]}}