{"id":9191,"date":"2021-07-29T22:50:23","date_gmt":"2021-07-29T20:50:23","guid":{"rendered":"https:\/\/atelier-diospyros.fr\/index.php\/produit\/bouton-de-manchette-en-bois-de-padouk\/"},"modified":"2023-08-22T17:50:00","modified_gmt":"2023-08-22T15:50:00","slug":"bouton-de-manchette-en-bois-de-padouk","status":"publish","type":"product","link":"https:\/\/atelier-diospyros.fr\/index.php\/produit\/bouton-de-manchette-en-bois-de-padouk\/","title":{"rendered":"Bouton de manchette en bois de padouk"},"content":{"rendered":"<p>Bouton de manchette en <a href=\"https:\/\/fr.wikipedia.org\/wiki\/Pterocarpus_soyauxii\">bois de padouk<\/a> d&rsquo;un rouge intense et fonc\u00e9 . D\u00e9tail chic de vos tenues habill\u00e9es, choisissez nos<a href=\"https:\/\/atelier-diospyros.fr\/index.php\/categorie-produit\/accessoires-mode\/boutons-de-manchette\/\"> boutons de manchette<\/a> en bois pr\u00e9cieux !<\/p>\n<p>Disponible en version dor\u00e9e ou argent\u00e9e. Ainsi, nous avons s\u00e9lectionn\u00e9 pour vous un syst\u00e8me de bouton de manchette parfait pour retenir les manches des chemises\u00a0 !<\/p>\n<p>Passez votre bouton de manchette en bois \u00e0 travers les ouvertures de la manchette et faites ensuite tourner le bouton pour les bloquer et les maintenir en place.<\/p>\n[vc_row][vc_column][vc_column_text]<em>Nos cr\u00e9ations sont issues d\u2019une d\u00e9marche \u00e9co-responsable. Ainsi, nous n\u2019utilisons que des chutes de bois pour notre mati\u00e8re premi\u00e8re, le bois pr\u00e9cieux.<\/em><\/p>\n<p><em>La valorisation, ou \u00ab\u00a0upcycling\u00a0\u00bb est au c\u0153ur de notre m\u00e9tier. Parce que nous sommes conscients de la valeur inestimable de ces bois rares, nous n\u2019utilisons que des chutes de bois que nous achetons en France. Nos bois sont simplement nourris et prot\u00e9g\u00e9s \u00e0 l\u2019huile de lin. <\/em><br \/>\n<em>\u00c0 la mani\u00e8re des pierres pr\u00e9cieuses, nous fa\u00e7onnons nos cr\u00e9ations \u00e0 la main dans une esth\u00e9tique min\u00e9rale et g\u00e9om\u00e9trique.<\/em><br \/>\n<em>En achetant un bijou ou accessoire en bois <\/em><em><a href=\"https:\/\/atelier-diospyros.fr\/index.php\/boutique\/\">Atelier Diospyros<\/a><\/em><em>, vous soutenez l&rsquo;artisanat Made In France, la cr\u00e9ation locale en circuit court ainsi que le savoir-faire de deux artisans Bretons passionn\u00e9s : Merci !<\/em>[\/vc_column_text][\/vc_column][\/vc_row][vc_row][vc_column][\/vc_column][\/vc_row]\n","protected":false},"excerpt":{"rendered":"<p>Bouton de manchette en bois pr\u00e9cieux avec syst\u00e8me argent\u00e9 ou dor\u00e9 au choix. Livr\u00e9 dans sa bo\u00eete de rangement.<\/p>\n<p><span style=\"color: #999999;\"><em>Livraison : nos cr\u00e9ations sont envoy\u00e9es en lettre suivie dans un d\u00e9lai de 3 \u00e0 5 jours \u00e0 r\u00e9ception du paiement.<\/em><\/span><\/p>\n","protected":false},"featured_media":9189,"template":"","meta":[],"product_cat":[28,259],"product_tag":[232,195,182,228,229,62,30,252,51],"class_list":{"0":"post-9191","1":"product","2":"type-product","3":"status-publish","4":"has-post-thumbnail","6":"product_cat-accessoires-mode","7":"product_cat-boutons-de-manchette","8":"product_tag-accessoire","9":"product_tag-artisanal","10":"product_tag-bois","11":"product_tag-cadeau","12":"product_tag-grand-pere","13":"product_tag-idee-cadeau-homme","14":"product_tag-padouk","15":"product_tag-rouge","16":"product_tag-sur-mesure","18":"first","19":"outofstock","20":"sold-individually","21":"purchasable","22":"product-type-variable"},"yoast_head":"<!-- This site is optimized with the Yoast SEO plugin v24.2 - https:\/\/yoast.com\/wordpress\/plugins\/seo\/ -->\n<title>Bouton de manchette en bois de padouk Made in France<\/title>\n<meta name=\"description\" content=\"Bouton de manchette en bois de padouk d&#039;un rouge intense et fonc\u00e9. Disponible en version dor\u00e9e ou argent\u00e9e. Fabriqu\u00e9 en Bretagne.\" \/>\n<meta name=\"robots\" content=\"index, follow, max-snippet:-1, max-image-preview:large, max-video-preview:-1\" \/>\n<link rel=\"canonical\" href=\"https:\/\/atelier-diospyros.fr\/index.php\/produit\/bouton-de-manchette-en-bois-de-padouk\/\" \/>\n<meta property=\"og:locale\" content=\"fr_FR\" \/>\n<meta property=\"og:type\" content=\"article\" \/>\n<meta property=\"og:title\" content=\"Bouton de manchette en bois de padouk Made in France\" \/>\n<meta property=\"og:description\" content=\"Bouton de manchette en bois de padouk d&#039;un rouge intense et fonc\u00e9. Disponible en version dor\u00e9e ou argent\u00e9e. Fabriqu\u00e9 en Bretagne.\" \/>\n<meta property=\"og:url\" content=\"https:\/\/atelier-diospyros.fr\/index.php\/produit\/bouton-de-manchette-en-bois-de-padouk\/\" \/>\n<meta property=\"og:site_name\" content=\"Atelier Diospyros &amp; Cl\u00e9mence Quitterel\" \/>\n<meta property=\"article:modified_time\" content=\"2023-08-22T15:50:00+00:00\" \/>\n<meta property=\"og:image\" content=\"https:\/\/atelier-diospyros.fr\/wp-content\/uploads\/2021\/07\/IMG_299828129-1.jpg\" \/>\n\t<meta property=\"og:image:width\" content=\"2048\" \/>\n\t<meta property=\"og:image:height\" content=\"2048\" \/>\n\t<meta property=\"og:image:type\" content=\"image\/jpeg\" \/>\n<meta name=\"twitter:card\" content=\"summary_large_image\" \/>\n<meta name=\"twitter:label1\" content=\"Dur\u00e9e de lecture estim\u00e9e\" \/>\n\t<meta name=\"twitter:data1\" content=\"2 minutes\" \/>\n<script type=\"application\/ld+json\" class=\"yoast-schema-graph\">{\"@context\":\"https:\/\/schema.org\",\"@graph\":[{\"@type\":\"WebPage\",\"@id\":\"https:\/\/atelier-diospyros.fr\/index.php\/produit\/bouton-de-manchette-en-bois-de-padouk\/\",\"url\":\"https:\/\/atelier-diospyros.fr\/index.php\/produit\/bouton-de-manchette-en-bois-de-padouk\/\",\"name\":\"Bouton de manchette en bois de padouk Made in France\",\"isPartOf\":{\"@id\":\"https:\/\/atelier-diospyros.fr\/#website\"},\"primaryImageOfPage\":{\"@id\":\"https:\/\/atelier-diospyros.fr\/index.php\/produit\/bouton-de-manchette-en-bois-de-padouk\/#primaryimage\"},\"image\":{\"@id\":\"https:\/\/atelier-diospyros.fr\/index.php\/produit\/bouton-de-manchette-en-bois-de-padouk\/#primaryimage\"},\"thumbnailUrl\":\"https:\/\/atelier-diospyros.fr\/wp-content\/uploads\/2021\/07\/IMG_299828129-1.jpg\",\"datePublished\":\"2021-07-29T20:50:23+00:00\",\"dateModified\":\"2023-08-22T15:50:00+00:00\",\"description\":\"Bouton de manchette en bois de padouk d'un rouge intense et fonc\u00e9. Disponible en version dor\u00e9e ou argent\u00e9e. Fabriqu\u00e9 en Bretagne.\",\"breadcrumb\":{\"@id\":\"https:\/\/atelier-diospyros.fr\/index.php\/produit\/bouton-de-manchette-en-bois-de-padouk\/#breadcrumb\"},\"inLanguage\":\"fr-FR\",\"potentialAction\":[{\"@type\":\"ReadAction\",\"target\":[\"https:\/\/atelier-diospyros.fr\/index.php\/produit\/bouton-de-manchette-en-bois-de-padouk\/\"]}]},{\"@type\":\"ImageObject\",\"inLanguage\":\"fr-FR\",\"@id\":\"https:\/\/atelier-diospyros.fr\/index.php\/produit\/bouton-de-manchette-en-bois-de-padouk\/#primaryimage\",\"url\":\"https:\/\/atelier-diospyros.fr\/wp-content\/uploads\/2021\/07\/IMG_299828129-1.jpg\",\"contentUrl\":\"https:\/\/atelier-diospyros.fr\/wp-content\/uploads\/2021\/07\/IMG_299828129-1.jpg\",\"width\":2048,\"height\":2048,\"caption\":\"bouton de manchette bois rouge\"},{\"@type\":\"BreadcrumbList\",\"@id\":\"https:\/\/atelier-diospyros.fr\/index.php\/produit\/bouton-de-manchette-en-bois-de-padouk\/#breadcrumb\",\"itemListElement\":[{\"@type\":\"ListItem\",\"position\":1,\"name\":\"Accueil\",\"item\":\"https:\/\/atelier-diospyros.fr\/\"},{\"@type\":\"ListItem\",\"position\":2,\"name\":\"Boutique\",\"item\":\"https:\/\/atelier-diospyros.fr\/index.php\/boutique\/\"},{\"@type\":\"ListItem\",\"position\":3,\"name\":\"Bouton de manchette en bois de padouk\"}]},{\"@type\":\"WebSite\",\"@id\":\"https:\/\/atelier-diospyros.fr\/#website\",\"url\":\"https:\/\/atelier-diospyros.fr\/\",\"name\":\"Atelier Diospyros &amp; Cl\u00e9mence Quitterel\",\"description\":\"Objets en bois precieux et Cyanotypes : bijoux, d\u00e9coration d&#039;interieur, noeud papillon en bois, planches a decouper\",\"potentialAction\":[{\"@type\":\"SearchAction\",\"target\":{\"@type\":\"EntryPoint\",\"urlTemplate\":\"https:\/\/atelier-diospyros.fr\/?s={search_term_string}\"},\"query-input\":{\"@type\":\"PropertyValueSpecification\",\"valueRequired\":true,\"valueName\":\"search_term_string\"}}],\"inLanguage\":\"fr-FR\"}]}<\/script>\n<!-- \/ Yoast SEO plugin. -->","yoast_head_json":{"title":"Bouton de manchette en bois de padouk Made in France","description":"Bouton de manchette en bois de padouk d'un rouge intense et fonc\u00e9. Disponible en version dor\u00e9e ou argent\u00e9e. Fabriqu\u00e9 en Bretagne.","robots":{"index":"index","follow":"follow","max-snippet":"max-snippet:-1","max-image-preview":"max-image-preview:large","max-video-preview":"max-video-preview:-1"},"canonical":"https:\/\/atelier-diospyros.fr\/index.php\/produit\/bouton-de-manchette-en-bois-de-padouk\/","og_locale":"fr_FR","og_type":"article","og_title":"Bouton de manchette en bois de padouk Made in France","og_description":"Bouton de manchette en bois de padouk d'un rouge intense et fonc\u00e9. Disponible en version dor\u00e9e ou argent\u00e9e. Fabriqu\u00e9 en Bretagne.","og_url":"https:\/\/atelier-diospyros.fr\/index.php\/produit\/bouton-de-manchette-en-bois-de-padouk\/","og_site_name":"Atelier Diospyros &amp; Cl\u00e9mence Quitterel","article_modified_time":"2023-08-22T15:50:00+00:00","og_image":[{"width":2048,"height":2048,"url":"https:\/\/atelier-diospyros.fr\/wp-content\/uploads\/2021\/07\/IMG_299828129-1.jpg","type":"image\/jpeg"}],"twitter_card":"summary_large_image","twitter_misc":{"Dur\u00e9e de lecture estim\u00e9e":"2 minutes"},"schema":{"@context":"https:\/\/schema.org","@graph":[{"@type":"WebPage","@id":"https:\/\/atelier-diospyros.fr\/index.php\/produit\/bouton-de-manchette-en-bois-de-padouk\/","url":"https:\/\/atelier-diospyros.fr\/index.php\/produit\/bouton-de-manchette-en-bois-de-padouk\/","name":"Bouton de manchette en bois de padouk Made in France","isPartOf":{"@id":"https:\/\/atelier-diospyros.fr\/#website"},"primaryImageOfPage":{"@id":"https:\/\/atelier-diospyros.fr\/index.php\/produit\/bouton-de-manchette-en-bois-de-padouk\/#primaryimage"},"image":{"@id":"https:\/\/atelier-diospyros.fr\/index.php\/produit\/bouton-de-manchette-en-bois-de-padouk\/#primaryimage"},"thumbnailUrl":"https:\/\/atelier-diospyros.fr\/wp-content\/uploads\/2021\/07\/IMG_299828129-1.jpg","datePublished":"2021-07-29T20:50:23+00:00","dateModified":"2023-08-22T15:50:00+00:00","description":"Bouton de manchette en bois de padouk d'un rouge intense et fonc\u00e9. Disponible en version dor\u00e9e ou argent\u00e9e. Fabriqu\u00e9 en Bretagne.","breadcrumb":{"@id":"https:\/\/atelier-diospyros.fr\/index.php\/produit\/bouton-de-manchette-en-bois-de-padouk\/#breadcrumb"},"inLanguage":"fr-FR","potentialAction":[{"@type":"ReadAction","target":["https:\/\/atelier-diospyros.fr\/index.php\/produit\/bouton-de-manchette-en-bois-de-padouk\/"]}]},{"@type":"ImageObject","inLanguage":"fr-FR","@id":"https:\/\/atelier-diospyros.fr\/index.php\/produit\/bouton-de-manchette-en-bois-de-padouk\/#primaryimage","url":"https:\/\/atelier-diospyros.fr\/wp-content\/uploads\/2021\/07\/IMG_299828129-1.jpg","contentUrl":"https:\/\/atelier-diospyros.fr\/wp-content\/uploads\/2021\/07\/IMG_299828129-1.jpg","width":2048,"height":2048,"caption":"bouton de manchette bois rouge"},{"@type":"BreadcrumbList","@id":"https:\/\/atelier-diospyros.fr\/index.php\/produit\/bouton-de-manchette-en-bois-de-padouk\/#breadcrumb","itemListElement":[{"@type":"ListItem","position":1,"name":"Accueil","item":"https:\/\/atelier-diospyros.fr\/"},{"@type":"ListItem","position":2,"name":"Boutique","item":"https:\/\/atelier-diospyros.fr\/index.php\/boutique\/"},{"@type":"ListItem","position":3,"name":"Bouton de manchette en bois de padouk"}]},{"@type":"WebSite","@id":"https:\/\/atelier-diospyros.fr\/#website","url":"https:\/\/atelier-diospyros.fr\/","name":"Atelier Diospyros &amp; Cl\u00e9mence Quitterel","description":"Objets en bois precieux et Cyanotypes : bijoux, d\u00e9coration d&#039;interieur, noeud papillon en bois, planches a decouper","potentialAction":[{"@type":"SearchAction","target":{"@type":"EntryPoint","urlTemplate":"https:\/\/atelier-diospyros.fr\/?s={search_term_string}"},"query-input":{"@type":"PropertyValueSpecification","valueRequired":true,"valueName":"search_term_string"}}],"inLanguage":"fr-FR"}]}},"jetpack_sharing_enabled":true,"_links":{"self":[{"href":"https:\/\/atelier-diospyros.fr\/index.php\/wp-json\/wp\/v2\/product\/9191"}],"collection":[{"href":"https:\/\/atelier-diospyros.fr\/index.php\/wp-json\/wp\/v2\/product"}],"about":[{"href":"https:\/\/atelier-diospyros.fr\/index.php\/wp-json\/wp\/v2\/types\/product"}],"wp:featuredmedia":[{"embeddable":true,"href":"https:\/\/atelier-diospyros.fr\/index.php\/wp-json\/wp\/v2\/media\/9189"}],"wp:attachment":[{"href":"https:\/\/atelier-diospyros.fr\/index.php\/wp-json\/wp\/v2\/media?parent=9191"}],"wp:term":[{"taxonomy":"product_cat","embeddable":true,"href":"https:\/\/atelier-diospyros.fr\/index.php\/wp-json\/wp\/v2\/product_cat?post=9191"},{"taxonomy":"product_tag","embeddable":true,"href":"https:\/\/atelier-diospyros.fr\/index.php\/wp-json\/wp\/v2\/product_tag?post=9191"}],"curies":[{"name":"wp","href":"https:\/\/api.w.org\/{rel}","templated":true}]}}