{"id":9036,"date":"2021-05-20T16:42:10","date_gmt":"2021-05-20T14:42:10","guid":{"rendered":"https:\/\/atelier-diospyros.fr\/?post_type=product&#038;p=9036"},"modified":"2023-08-29T12:24:38","modified_gmt":"2023-08-29T10:24:38","slug":"collier-selva-en-bois-de-rose","status":"publish","type":"product","link":"https:\/\/atelier-diospyros.fr\/index.php\/produit\/collier-selva-en-bois-de-rose\/","title":{"rendered":"Collier Selva en bois de rose"},"content":{"rendered":"[vc_row][vc_column][vc_column_text]Collier<em> Selva<\/em> en<a href=\"https:\/\/fr.wikipedia.org\/wiki\/Dalbergia\" target=\"_blank\" rel=\"noopener noreferrer\"> bois de rose<\/a> (bois massif).<\/p>\n<p>\u00c9l\u00e9gant et sobre, ce collier <em>Selva en bois de rose <\/em>est aussi bien un bijou pour les occasions comme le quotidien.\u00a0 <a href=\"https:\/\/atelier-diospyros.fr\/index.php\/etiquette-produit\/collection-selva\/\">L<\/a><a href=\"https:\/\/atelier-diospyros.fr\/index.php\/etiquette-produit\/collection-selva\/\">a collection <em>Selva<\/em><\/a> et ses formes g\u00e9om\u00e9triques est inspir\u00e9e de l\u2019orf\u00e8vrerie.\u00a0 Ainsi, le bois pr\u00e9cieux, sa finesse et ses couleurs naturelles sont mis en valeur.<\/p>\n<p>Vous aimez cette essence de bois ? <a href=\"https:\/\/atelier-diospyros.fr\/index.php\/etiquette-produit\/padouk\/\">D\u00e9couvrez nos autres cr\u00e9ations en padouk<\/a>, ce bois rouge aux reflets parfois intenses ![\/vc_column_text][\/vc_column][\/vc_row][vc_row][vc_column][vc_column_text]<span style=\"color: #999999;\"><em>Nos cr\u00e9ations sont issues d\u2019une d\u00e9marche \u00e9co-responsable.<\/em><em> Ainsi, nous n\u2019utilisons que des chutes de bois pour notre mati\u00e8re premi\u00e8re, le bois pr\u00e9cieux.<br \/>\nLa valorisation, ou \u00ab\u00a0upcycling\u00a0\u00bb est au c\u0153ur de notre m\u00e9tier. Parce que nous sommes conscients de la valeur inestimable de ces bois rares, nous n\u2019utilisons que des chutes de bois que nous achetons en France. Nos bois sont simplement nourris et prot\u00e9g\u00e9s \u00e0 l\u2019huile de lin. <\/em><\/span><\/p>\n<p><span style=\"color: #999999;\"><em>\u00c0 la mani\u00e8re des pierres pr\u00e9cieuses, nous fa\u00e7onnons nos cr\u00e9ations \u00e0 la main dans une esth\u00e9tique min\u00e9rale et g\u00e9om\u00e9trique.<br \/>\n<\/em><\/span><\/p>\n<p><span style=\"color: #999999;\"><em>En achetant un bijou ou accessoire en bois <a style=\"color: #999999;\" href=\"https:\/\/atelier-diospyros.fr\/index.php\/boutique\/\">Atelier Diospyros<\/a>, vous soutenez l&rsquo;artisanat Made In France, la cr\u00e9ation locale en circuit court ainsi que le savoir-faire de deux artisans Bretons passionn\u00e9s : Merci !<\/em><\/span>[\/vc_column_text][\/vc_column][\/vc_row][vc_row][vc_column][vc_column_text]Ce bijou est fabriqu\u00e9 en petite s\u00e9rie, le veinage du bois peut l\u00e9g\u00e8rement varier de la photo pr\u00e9sent\u00e9e.[\/vc_column_text][\/vc_column][\/vc_row]\n","protected":false},"excerpt":{"rendered":"<p>Collier <em><a href=\"https:\/\/atelier-diospyros.fr\/index.php\/etiquette-produit\/collection-selva\/?customize_changeset_uuid=af74ae66-a1b1-4d5e-9bc7-dc4e6938da05\">Selva<\/a><\/em> : Chaine de 45 cm plaqu\u00e9e Argent (au choix). Pendentif en bois massif.<br \/>\n<span style=\"color: #808080;\"><em>Livraison : nos cr\u00e9ations sont envoy\u00e9es en lettre suivie dans un d\u00e9lai de 3 \u00e0 5 jours \u00e0 r\u00e9ception du paiement.<\/em><\/span><\/p>\n","protected":false},"featured_media":9044,"template":"","meta":[],"product_cat":[27,111,298],"product_tag":[182,86,88,64],"class_list":{"0":"post-9036","1":"product","2":"type-product","3":"status-publish","4":"has-post-thumbnail","6":"product_cat-bijoux","7":"product_cat-collier","8":"product_cat-selva-bois-massif","9":"product_tag-bois","10":"product_tag-bois-de-rose","11":"product_tag-collection-selva","12":"product_tag-idee-cadeau-femme","14":"first","15":"outofstock","16":"featured","17":"shipping-taxable","18":"purchasable","19":"product-type-simple"},"yoast_head":"<!-- This site is optimized with the Yoast SEO plugin v24.2 - https:\/\/yoast.com\/wordpress\/plugins\/seo\/ -->\n<title>Collier Selva en bois de rose - Atelier Diospyros bijoux en bois pr\u00e9cieux<\/title>\n<meta name=\"description\" content=\"Ce collier Selva en padouk (bois massif). Attaches crochet argent 1\/925. Fabrication artisanale dans notre atelier en bretagne.\" \/>\n<meta name=\"robots\" content=\"index, follow, max-snippet:-1, max-image-preview:large, max-video-preview:-1\" \/>\n<link rel=\"canonical\" href=\"https:\/\/atelier-diospyros.fr\/index.php\/produit\/collier-selva-en-bois-de-rose\/\" \/>\n<meta property=\"og:locale\" content=\"fr_FR\" \/>\n<meta property=\"og:type\" content=\"article\" \/>\n<meta property=\"og:title\" content=\"Collier Selva en bois de rose - Atelier Diospyros bijoux en bois pr\u00e9cieux\" \/>\n<meta property=\"og:description\" content=\"Ce collier Selva en padouk (bois massif). Attaches crochet argent 1\/925. Fabrication artisanale dans notre atelier en bretagne.\" \/>\n<meta property=\"og:url\" content=\"https:\/\/atelier-diospyros.fr\/index.php\/produit\/collier-selva-en-bois-de-rose\/\" \/>\n<meta property=\"og:site_name\" content=\"Atelier Diospyros &amp; Cl\u00e9mence Quitterel\" \/>\n<meta property=\"article:modified_time\" content=\"2023-08-29T10:24:38+00:00\" \/>\n<meta property=\"og:image\" content=\"https:\/\/atelier-diospyros.fr\/wp-content\/uploads\/2021\/05\/Collier-boisderose.jpg\" \/>\n\t<meta property=\"og:image:width\" content=\"1536\" \/>\n\t<meta property=\"og:image:height\" content=\"2048\" \/>\n\t<meta property=\"og:image:type\" content=\"image\/jpeg\" \/>\n<meta name=\"twitter:card\" content=\"summary_large_image\" \/>\n<meta name=\"twitter:label1\" content=\"Dur\u00e9e de lecture estim\u00e9e\" \/>\n\t<meta name=\"twitter:data1\" content=\"2 minutes\" \/>\n<script type=\"application\/ld+json\" class=\"yoast-schema-graph\">{\"@context\":\"https:\/\/schema.org\",\"@graph\":[{\"@type\":\"WebPage\",\"@id\":\"https:\/\/atelier-diospyros.fr\/index.php\/produit\/collier-selva-en-bois-de-rose\/\",\"url\":\"https:\/\/atelier-diospyros.fr\/index.php\/produit\/collier-selva-en-bois-de-rose\/\",\"name\":\"Collier Selva en bois de rose - Atelier Diospyros bijoux en bois pr\u00e9cieux\",\"isPartOf\":{\"@id\":\"https:\/\/atelier-diospyros.fr\/#website\"},\"primaryImageOfPage\":{\"@id\":\"https:\/\/atelier-diospyros.fr\/index.php\/produit\/collier-selva-en-bois-de-rose\/#primaryimage\"},\"image\":{\"@id\":\"https:\/\/atelier-diospyros.fr\/index.php\/produit\/collier-selva-en-bois-de-rose\/#primaryimage\"},\"thumbnailUrl\":\"https:\/\/atelier-diospyros.fr\/wp-content\/uploads\/2021\/05\/Collier-boisderose.jpg\",\"datePublished\":\"2021-05-20T14:42:10+00:00\",\"dateModified\":\"2023-08-29T10:24:38+00:00\",\"description\":\"Ce collier Selva en padouk (bois massif). Attaches crochet argent 1\/925. Fabrication artisanale dans notre atelier en bretagne.\",\"breadcrumb\":{\"@id\":\"https:\/\/atelier-diospyros.fr\/index.php\/produit\/collier-selva-en-bois-de-rose\/#breadcrumb\"},\"inLanguage\":\"fr-FR\",\"potentialAction\":[{\"@type\":\"ReadAction\",\"target\":[\"https:\/\/atelier-diospyros.fr\/index.php\/produit\/collier-selva-en-bois-de-rose\/\"]}]},{\"@type\":\"ImageObject\",\"inLanguage\":\"fr-FR\",\"@id\":\"https:\/\/atelier-diospyros.fr\/index.php\/produit\/collier-selva-en-bois-de-rose\/#primaryimage\",\"url\":\"https:\/\/atelier-diospyros.fr\/wp-content\/uploads\/2021\/05\/Collier-boisderose.jpg\",\"contentUrl\":\"https:\/\/atelier-diospyros.fr\/wp-content\/uploads\/2021\/05\/Collier-boisderose.jpg\",\"width\":1536,\"height\":2048,\"caption\":\"collier bois de rose avec chaine argent\"},{\"@type\":\"BreadcrumbList\",\"@id\":\"https:\/\/atelier-diospyros.fr\/index.php\/produit\/collier-selva-en-bois-de-rose\/#breadcrumb\",\"itemListElement\":[{\"@type\":\"ListItem\",\"position\":1,\"name\":\"Accueil\",\"item\":\"https:\/\/atelier-diospyros.fr\/\"},{\"@type\":\"ListItem\",\"position\":2,\"name\":\"Boutique\",\"item\":\"https:\/\/atelier-diospyros.fr\/index.php\/boutique\/\"},{\"@type\":\"ListItem\",\"position\":3,\"name\":\"Collier Selva en bois de rose\"}]},{\"@type\":\"WebSite\",\"@id\":\"https:\/\/atelier-diospyros.fr\/#website\",\"url\":\"https:\/\/atelier-diospyros.fr\/\",\"name\":\"Atelier Diospyros &amp; Cl\u00e9mence Quitterel\",\"description\":\"Objets en bois precieux et Cyanotypes : bijoux, d\u00e9coration d&#039;interieur, noeud papillon en bois, planches a decouper\",\"potentialAction\":[{\"@type\":\"SearchAction\",\"target\":{\"@type\":\"EntryPoint\",\"urlTemplate\":\"https:\/\/atelier-diospyros.fr\/?s={search_term_string}\"},\"query-input\":{\"@type\":\"PropertyValueSpecification\",\"valueRequired\":true,\"valueName\":\"search_term_string\"}}],\"inLanguage\":\"fr-FR\"}]}<\/script>\n<!-- \/ Yoast SEO plugin. -->","yoast_head_json":{"title":"Collier Selva en bois de rose - Atelier Diospyros bijoux en bois pr\u00e9cieux","description":"Ce collier Selva en padouk (bois massif). Attaches crochet argent 1\/925. Fabrication artisanale dans notre atelier en bretagne.","robots":{"index":"index","follow":"follow","max-snippet":"max-snippet:-1","max-image-preview":"max-image-preview:large","max-video-preview":"max-video-preview:-1"},"canonical":"https:\/\/atelier-diospyros.fr\/index.php\/produit\/collier-selva-en-bois-de-rose\/","og_locale":"fr_FR","og_type":"article","og_title":"Collier Selva en bois de rose - Atelier Diospyros bijoux en bois pr\u00e9cieux","og_description":"Ce collier Selva en padouk (bois massif). Attaches crochet argent 1\/925. Fabrication artisanale dans notre atelier en bretagne.","og_url":"https:\/\/atelier-diospyros.fr\/index.php\/produit\/collier-selva-en-bois-de-rose\/","og_site_name":"Atelier Diospyros &amp; Cl\u00e9mence Quitterel","article_modified_time":"2023-08-29T10:24:38+00:00","og_image":[{"width":1536,"height":2048,"url":"https:\/\/atelier-diospyros.fr\/wp-content\/uploads\/2021\/05\/Collier-boisderose.jpg","type":"image\/jpeg"}],"twitter_card":"summary_large_image","twitter_misc":{"Dur\u00e9e de lecture estim\u00e9e":"2 minutes"},"schema":{"@context":"https:\/\/schema.org","@graph":[{"@type":"WebPage","@id":"https:\/\/atelier-diospyros.fr\/index.php\/produit\/collier-selva-en-bois-de-rose\/","url":"https:\/\/atelier-diospyros.fr\/index.php\/produit\/collier-selva-en-bois-de-rose\/","name":"Collier Selva en bois de rose - Atelier Diospyros bijoux en bois pr\u00e9cieux","isPartOf":{"@id":"https:\/\/atelier-diospyros.fr\/#website"},"primaryImageOfPage":{"@id":"https:\/\/atelier-diospyros.fr\/index.php\/produit\/collier-selva-en-bois-de-rose\/#primaryimage"},"image":{"@id":"https:\/\/atelier-diospyros.fr\/index.php\/produit\/collier-selva-en-bois-de-rose\/#primaryimage"},"thumbnailUrl":"https:\/\/atelier-diospyros.fr\/wp-content\/uploads\/2021\/05\/Collier-boisderose.jpg","datePublished":"2021-05-20T14:42:10+00:00","dateModified":"2023-08-29T10:24:38+00:00","description":"Ce collier Selva en padouk (bois massif). Attaches crochet argent 1\/925. Fabrication artisanale dans notre atelier en bretagne.","breadcrumb":{"@id":"https:\/\/atelier-diospyros.fr\/index.php\/produit\/collier-selva-en-bois-de-rose\/#breadcrumb"},"inLanguage":"fr-FR","potentialAction":[{"@type":"ReadAction","target":["https:\/\/atelier-diospyros.fr\/index.php\/produit\/collier-selva-en-bois-de-rose\/"]}]},{"@type":"ImageObject","inLanguage":"fr-FR","@id":"https:\/\/atelier-diospyros.fr\/index.php\/produit\/collier-selva-en-bois-de-rose\/#primaryimage","url":"https:\/\/atelier-diospyros.fr\/wp-content\/uploads\/2021\/05\/Collier-boisderose.jpg","contentUrl":"https:\/\/atelier-diospyros.fr\/wp-content\/uploads\/2021\/05\/Collier-boisderose.jpg","width":1536,"height":2048,"caption":"collier bois de rose avec chaine argent"},{"@type":"BreadcrumbList","@id":"https:\/\/atelier-diospyros.fr\/index.php\/produit\/collier-selva-en-bois-de-rose\/#breadcrumb","itemListElement":[{"@type":"ListItem","position":1,"name":"Accueil","item":"https:\/\/atelier-diospyros.fr\/"},{"@type":"ListItem","position":2,"name":"Boutique","item":"https:\/\/atelier-diospyros.fr\/index.php\/boutique\/"},{"@type":"ListItem","position":3,"name":"Collier Selva en bois de rose"}]},{"@type":"WebSite","@id":"https:\/\/atelier-diospyros.fr\/#website","url":"https:\/\/atelier-diospyros.fr\/","name":"Atelier Diospyros &amp; Cl\u00e9mence Quitterel","description":"Objets en bois precieux et Cyanotypes : bijoux, d\u00e9coration d&#039;interieur, noeud papillon en bois, planches a decouper","potentialAction":[{"@type":"SearchAction","target":{"@type":"EntryPoint","urlTemplate":"https:\/\/atelier-diospyros.fr\/?s={search_term_string}"},"query-input":{"@type":"PropertyValueSpecification","valueRequired":true,"valueName":"search_term_string"}}],"inLanguage":"fr-FR"}]}},"jetpack_sharing_enabled":true,"_links":{"self":[{"href":"https:\/\/atelier-diospyros.fr\/index.php\/wp-json\/wp\/v2\/product\/9036"}],"collection":[{"href":"https:\/\/atelier-diospyros.fr\/index.php\/wp-json\/wp\/v2\/product"}],"about":[{"href":"https:\/\/atelier-diospyros.fr\/index.php\/wp-json\/wp\/v2\/types\/product"}],"wp:featuredmedia":[{"embeddable":true,"href":"https:\/\/atelier-diospyros.fr\/index.php\/wp-json\/wp\/v2\/media\/9044"}],"wp:attachment":[{"href":"https:\/\/atelier-diospyros.fr\/index.php\/wp-json\/wp\/v2\/media?parent=9036"}],"wp:term":[{"taxonomy":"product_cat","embeddable":true,"href":"https:\/\/atelier-diospyros.fr\/index.php\/wp-json\/wp\/v2\/product_cat?post=9036"},{"taxonomy":"product_tag","embeddable":true,"href":"https:\/\/atelier-diospyros.fr\/index.php\/wp-json\/wp\/v2\/product_tag?post=9036"}],"curies":[{"name":"wp","href":"https:\/\/api.w.org\/{rel}","templated":true}]}}