{"id":8994,"date":"2021-04-12T10:14:03","date_gmt":"2021-04-12T08:14:03","guid":{"rendered":"https:\/\/atelier-diospyros.fr\/?post_type=product&#038;p=8994"},"modified":"2025-12-03T14:44:01","modified_gmt":"2025-12-03T13:44:01","slug":"clous-doreilles-clous-pour-homme-ou-femme","status":"publish","type":"product","link":"https:\/\/atelier-diospyros.fr\/index.php\/produit\/clous-doreilles-clous-pour-homme-ou-femme\/","title":{"rendered":"Clous d&rsquo;oreilles pour homme ou femme en sycomore"},"content":{"rendered":"[vc_row][vc_column][vc_column_text]Clous d&rsquo;oreilles pour homme ou femme en bois de <a href=\"https:\/\/fr.wikipedia.org\/wiki\/%C3%89rable_sycomore\">sycomore<\/a> (bois massif).<\/p>\n<p>\u00c9l\u00e9gante et discr\u00e8te, cette paire de petites puces d&rsquo;oreilles est aussi bien un bijou pour les occasions comme le quotidien.<\/p>\n<p>Ces clous d&rsquo;oreilles unisexes plairont aux hommes comme aux femmes, petits et grands.<\/p>\n<p>Avec ses formes g\u00e9om\u00e9triques et min\u00e9rales, et sa tige en acier chirurgical, ce bijou conviendra aux plus exigeant(e)s.<\/p>\n<p>Faites vous plaisir avec le bois pr\u00e9cieux : d\u00e9couvrez sa finesse et ses couleurs naturelles ![\/vc_column_text][\/vc_column][\/vc_row][vc_row][vc_column][vc_column_text]<span style=\"color: #999999;\"><em>Nos cr\u00e9ations sont issues d\u2019une d\u00e9marche \u00e9co-responsable.<\/em><em> Ainsi, nous n\u2019utilisons que des chutes de bois pour notre mati\u00e8re premi\u00e8re, le bois pr\u00e9cieux.<\/em><br \/>\nLa valorisation, ou \u00ab\u00a0upcycling\u00a0\u00bb est au c\u0153ur de notre m\u00e9tier. Parce que nous sommes conscients de la valeur inestimable de ces bois rares, nous n\u2019utilisons que des chutes de bois que nous achetons en France. Nous nourissons et prot\u00e9geons nos bois simplement \u00e0 l\u2019huile de lin. <\/span><\/p>\n<p><span style=\"color: #999999;\"><em>\u00c0 la mani\u00e8re des pierres pr\u00e9cieuses, nous fa\u00e7onnons nos cr\u00e9ations \u00e0 la main dans une esth\u00e9tique min\u00e9rale et g\u00e9om\u00e9trique.<br \/>\n<\/em><\/span><\/p>\n<p><span style=\"color: #999999;\"><em>En achetant un bijou ou accessoire en bois <a style=\"color: #999999;\" href=\"https:\/\/atelier-diospyros.fr\/index.php\/boutique\/\">Atelier Diospyros<\/a>, vous soutenez l&rsquo;artisanat Made In France, la cr\u00e9ation locale en circuit court ainsi que le savoir-faire de deux artisans Bretons passionn\u00e9s : Merci !<\/em><\/span>[\/vc_column_text][\/vc_column][\/vc_row][vc_row][vc_column][vc_column_text]Ce bijou est fabriqu\u00e9 en petite s\u00e9rie, le veinage du bois peut l\u00e9g\u00e8rement varier de la photo pr\u00e9sent\u00e9e.[\/vc_column_text][\/vc_column][\/vc_row]\n","protected":false},"excerpt":{"rendered":"<p>Clous d&rsquo;oreilles<a href=\"https:\/\/atelier-diospyros.fr\/index.php\/etiquette-produit\/collection-selva\/?customize_changeset_uuid=af74ae66-a1b1-4d5e-9bc7-dc4e6938da05\">\u00a0<\/a>: attache en acier chirurgical. Bois massif.<\/p>\n<p><span style=\"color: #808080;\"><em>Livraison : nos cr\u00e9ations sont envoy\u00e9es en lettre suivie dans un d\u00e9lai de 3 \u00e0 5 jours \u00e0 r\u00e9ception du paiement.<\/em><\/span><\/p>\n","protected":false},"featured_media":8991,"template":"","meta":[],"product_cat":[27,24,298],"product_tag":[140,106,62,79],"class_list":{"0":"post-8994","1":"product","2":"type-product","3":"status-publish","4":"has-post-thumbnail","6":"product_cat-bijoux","7":"product_cat-boucles-doreilles","8":"product_cat-selva-bois-massif","9":"product_tag-clous-doreilles","10":"product_tag-idee-cadeau-enfant","11":"product_tag-idee-cadeau-homme","12":"product_tag-sycomore","14":"first","15":"outofstock","16":"shipping-taxable","17":"purchasable","18":"product-type-simple"},"yoast_head":"<!-- This site is optimized with the Yoast SEO plugin v24.2 - https:\/\/yoast.com\/wordpress\/plugins\/seo\/ -->\n<title>Clous d&#039;oreilles pour homme ou femme en sycomore -<\/title>\n<meta name=\"description\" content=\"Clous d&#039;oreilles en bois de sycomore pour homme et femme. Attaches acier chirurgical. Fabrication artisanale dans notre atelier Breton.\" \/>\n<meta name=\"robots\" content=\"index, follow, max-snippet:-1, max-image-preview:large, max-video-preview:-1\" \/>\n<link rel=\"canonical\" href=\"https:\/\/atelier-diospyros.fr\/index.php\/produit\/clous-doreilles-clous-pour-homme-ou-femme\/\" \/>\n<meta property=\"og:locale\" content=\"fr_FR\" \/>\n<meta property=\"og:type\" content=\"article\" \/>\n<meta property=\"og:title\" content=\"Clous d&#039;oreilles pour homme ou femme en sycomore -\" \/>\n<meta property=\"og:description\" content=\"Clous d&#039;oreilles en bois de sycomore pour homme et femme. Attaches acier chirurgical. Fabrication artisanale dans notre atelier Breton.\" \/>\n<meta property=\"og:url\" content=\"https:\/\/atelier-diospyros.fr\/index.php\/produit\/clous-doreilles-clous-pour-homme-ou-femme\/\" \/>\n<meta property=\"og:site_name\" content=\"Atelier Diospyros &amp; Cl\u00e9mence Quitterel\" \/>\n<meta property=\"article:modified_time\" content=\"2025-12-03T13:44:01+00:00\" \/>\n<meta property=\"og:image\" content=\"https:\/\/atelier-diospyros.fr\/wp-content\/uploads\/2021\/04\/IMG_20210407_154830-1024x1024.jpg\" \/>\n\t<meta property=\"og:image:width\" content=\"1024\" \/>\n\t<meta property=\"og:image:height\" content=\"1024\" \/>\n\t<meta property=\"og:image:type\" content=\"image\/jpeg\" \/>\n<meta name=\"twitter:card\" content=\"summary_large_image\" \/>\n<meta name=\"twitter:label1\" content=\"Dur\u00e9e de lecture estim\u00e9e\" \/>\n\t<meta name=\"twitter:data1\" content=\"2 minutes\" \/>\n<script type=\"application\/ld+json\" class=\"yoast-schema-graph\">{\"@context\":\"https:\/\/schema.org\",\"@graph\":[{\"@type\":\"WebPage\",\"@id\":\"https:\/\/atelier-diospyros.fr\/index.php\/produit\/clous-doreilles-clous-pour-homme-ou-femme\/\",\"url\":\"https:\/\/atelier-diospyros.fr\/index.php\/produit\/clous-doreilles-clous-pour-homme-ou-femme\/\",\"name\":\"Clous d'oreilles pour homme ou femme en sycomore -\",\"isPartOf\":{\"@id\":\"https:\/\/atelier-diospyros.fr\/#website\"},\"primaryImageOfPage\":{\"@id\":\"https:\/\/atelier-diospyros.fr\/index.php\/produit\/clous-doreilles-clous-pour-homme-ou-femme\/#primaryimage\"},\"image\":{\"@id\":\"https:\/\/atelier-diospyros.fr\/index.php\/produit\/clous-doreilles-clous-pour-homme-ou-femme\/#primaryimage\"},\"thumbnailUrl\":\"https:\/\/atelier-diospyros.fr\/wp-content\/uploads\/2021\/04\/IMG_20210407_154830.jpg\",\"datePublished\":\"2021-04-12T08:14:03+00:00\",\"dateModified\":\"2025-12-03T13:44:01+00:00\",\"description\":\"Clous d'oreilles en bois de sycomore pour homme et femme. Attaches acier chirurgical. Fabrication artisanale dans notre atelier Breton.\",\"breadcrumb\":{\"@id\":\"https:\/\/atelier-diospyros.fr\/index.php\/produit\/clous-doreilles-clous-pour-homme-ou-femme\/#breadcrumb\"},\"inLanguage\":\"fr-FR\",\"potentialAction\":[{\"@type\":\"ReadAction\",\"target\":[\"https:\/\/atelier-diospyros.fr\/index.php\/produit\/clous-doreilles-clous-pour-homme-ou-femme\/\"]}]},{\"@type\":\"ImageObject\",\"inLanguage\":\"fr-FR\",\"@id\":\"https:\/\/atelier-diospyros.fr\/index.php\/produit\/clous-doreilles-clous-pour-homme-ou-femme\/#primaryimage\",\"url\":\"https:\/\/atelier-diospyros.fr\/wp-content\/uploads\/2021\/04\/IMG_20210407_154830.jpg\",\"contentUrl\":\"https:\/\/atelier-diospyros.fr\/wp-content\/uploads\/2021\/04\/IMG_20210407_154830.jpg\",\"width\":2048,\"height\":2048,\"caption\":\"Clous d'oreilles homme\"},{\"@type\":\"BreadcrumbList\",\"@id\":\"https:\/\/atelier-diospyros.fr\/index.php\/produit\/clous-doreilles-clous-pour-homme-ou-femme\/#breadcrumb\",\"itemListElement\":[{\"@type\":\"ListItem\",\"position\":1,\"name\":\"Accueil\",\"item\":\"https:\/\/atelier-diospyros.fr\/\"},{\"@type\":\"ListItem\",\"position\":2,\"name\":\"Boutique\",\"item\":\"https:\/\/atelier-diospyros.fr\/index.php\/boutique\/\"},{\"@type\":\"ListItem\",\"position\":3,\"name\":\"Clous d&rsquo;oreilles pour homme ou femme en sycomore\"}]},{\"@type\":\"WebSite\",\"@id\":\"https:\/\/atelier-diospyros.fr\/#website\",\"url\":\"https:\/\/atelier-diospyros.fr\/\",\"name\":\"Atelier Diospyros &amp; Cl\u00e9mence Quitterel\",\"description\":\"Objets en bois precieux et Cyanotypes : bijoux, d\u00e9coration d&#039;interieur, noeud papillon en bois, planches a decouper\",\"potentialAction\":[{\"@type\":\"SearchAction\",\"target\":{\"@type\":\"EntryPoint\",\"urlTemplate\":\"https:\/\/atelier-diospyros.fr\/?s={search_term_string}\"},\"query-input\":{\"@type\":\"PropertyValueSpecification\",\"valueRequired\":true,\"valueName\":\"search_term_string\"}}],\"inLanguage\":\"fr-FR\"}]}<\/script>\n<!-- \/ Yoast SEO plugin. -->","yoast_head_json":{"title":"Clous d'oreilles pour homme ou femme en sycomore -","description":"Clous d'oreilles en bois de sycomore pour homme et femme. Attaches acier chirurgical. Fabrication artisanale dans notre atelier Breton.","robots":{"index":"index","follow":"follow","max-snippet":"max-snippet:-1","max-image-preview":"max-image-preview:large","max-video-preview":"max-video-preview:-1"},"canonical":"https:\/\/atelier-diospyros.fr\/index.php\/produit\/clous-doreilles-clous-pour-homme-ou-femme\/","og_locale":"fr_FR","og_type":"article","og_title":"Clous d'oreilles pour homme ou femme en sycomore -","og_description":"Clous d'oreilles en bois de sycomore pour homme et femme. Attaches acier chirurgical. Fabrication artisanale dans notre atelier Breton.","og_url":"https:\/\/atelier-diospyros.fr\/index.php\/produit\/clous-doreilles-clous-pour-homme-ou-femme\/","og_site_name":"Atelier Diospyros &amp; Cl\u00e9mence Quitterel","article_modified_time":"2025-12-03T13:44:01+00:00","og_image":[{"width":1024,"height":1024,"url":"https:\/\/atelier-diospyros.fr\/wp-content\/uploads\/2021\/04\/IMG_20210407_154830-1024x1024.jpg","type":"image\/jpeg"}],"twitter_card":"summary_large_image","twitter_misc":{"Dur\u00e9e de lecture estim\u00e9e":"2 minutes"},"schema":{"@context":"https:\/\/schema.org","@graph":[{"@type":"WebPage","@id":"https:\/\/atelier-diospyros.fr\/index.php\/produit\/clous-doreilles-clous-pour-homme-ou-femme\/","url":"https:\/\/atelier-diospyros.fr\/index.php\/produit\/clous-doreilles-clous-pour-homme-ou-femme\/","name":"Clous d'oreilles pour homme ou femme en sycomore -","isPartOf":{"@id":"https:\/\/atelier-diospyros.fr\/#website"},"primaryImageOfPage":{"@id":"https:\/\/atelier-diospyros.fr\/index.php\/produit\/clous-doreilles-clous-pour-homme-ou-femme\/#primaryimage"},"image":{"@id":"https:\/\/atelier-diospyros.fr\/index.php\/produit\/clous-doreilles-clous-pour-homme-ou-femme\/#primaryimage"},"thumbnailUrl":"https:\/\/atelier-diospyros.fr\/wp-content\/uploads\/2021\/04\/IMG_20210407_154830.jpg","datePublished":"2021-04-12T08:14:03+00:00","dateModified":"2025-12-03T13:44:01+00:00","description":"Clous d'oreilles en bois de sycomore pour homme et femme. Attaches acier chirurgical. Fabrication artisanale dans notre atelier Breton.","breadcrumb":{"@id":"https:\/\/atelier-diospyros.fr\/index.php\/produit\/clous-doreilles-clous-pour-homme-ou-femme\/#breadcrumb"},"inLanguage":"fr-FR","potentialAction":[{"@type":"ReadAction","target":["https:\/\/atelier-diospyros.fr\/index.php\/produit\/clous-doreilles-clous-pour-homme-ou-femme\/"]}]},{"@type":"ImageObject","inLanguage":"fr-FR","@id":"https:\/\/atelier-diospyros.fr\/index.php\/produit\/clous-doreilles-clous-pour-homme-ou-femme\/#primaryimage","url":"https:\/\/atelier-diospyros.fr\/wp-content\/uploads\/2021\/04\/IMG_20210407_154830.jpg","contentUrl":"https:\/\/atelier-diospyros.fr\/wp-content\/uploads\/2021\/04\/IMG_20210407_154830.jpg","width":2048,"height":2048,"caption":"Clous d'oreilles homme"},{"@type":"BreadcrumbList","@id":"https:\/\/atelier-diospyros.fr\/index.php\/produit\/clous-doreilles-clous-pour-homme-ou-femme\/#breadcrumb","itemListElement":[{"@type":"ListItem","position":1,"name":"Accueil","item":"https:\/\/atelier-diospyros.fr\/"},{"@type":"ListItem","position":2,"name":"Boutique","item":"https:\/\/atelier-diospyros.fr\/index.php\/boutique\/"},{"@type":"ListItem","position":3,"name":"Clous d&rsquo;oreilles pour homme ou femme en sycomore"}]},{"@type":"WebSite","@id":"https:\/\/atelier-diospyros.fr\/#website","url":"https:\/\/atelier-diospyros.fr\/","name":"Atelier Diospyros &amp; Cl\u00e9mence Quitterel","description":"Objets en bois precieux et Cyanotypes : bijoux, d\u00e9coration d&#039;interieur, noeud papillon en bois, planches a decouper","potentialAction":[{"@type":"SearchAction","target":{"@type":"EntryPoint","urlTemplate":"https:\/\/atelier-diospyros.fr\/?s={search_term_string}"},"query-input":{"@type":"PropertyValueSpecification","valueRequired":true,"valueName":"search_term_string"}}],"inLanguage":"fr-FR"}]}},"jetpack_sharing_enabled":true,"_links":{"self":[{"href":"https:\/\/atelier-diospyros.fr\/index.php\/wp-json\/wp\/v2\/product\/8994"}],"collection":[{"href":"https:\/\/atelier-diospyros.fr\/index.php\/wp-json\/wp\/v2\/product"}],"about":[{"href":"https:\/\/atelier-diospyros.fr\/index.php\/wp-json\/wp\/v2\/types\/product"}],"wp:featuredmedia":[{"embeddable":true,"href":"https:\/\/atelier-diospyros.fr\/index.php\/wp-json\/wp\/v2\/media\/8991"}],"wp:attachment":[{"href":"https:\/\/atelier-diospyros.fr\/index.php\/wp-json\/wp\/v2\/media?parent=8994"}],"wp:term":[{"taxonomy":"product_cat","embeddable":true,"href":"https:\/\/atelier-diospyros.fr\/index.php\/wp-json\/wp\/v2\/product_cat?post=8994"},{"taxonomy":"product_tag","embeddable":true,"href":"https:\/\/atelier-diospyros.fr\/index.php\/wp-json\/wp\/v2\/product_tag?post=8994"}],"curies":[{"name":"wp","href":"https:\/\/api.w.org\/{rel}","templated":true}]}}