{"id":8785,"date":"2020-10-12T16:09:46","date_gmt":"2020-10-12T14:09:46","guid":{"rendered":"https:\/\/atelier-diospyros.fr\/?post_type=product&#038;p=8785"},"modified":"2023-08-23T12:57:42","modified_gmt":"2023-08-23T10:57:42","slug":"bague-en-bois-de-fer","status":"publish","type":"product","link":"https:\/\/atelier-diospyros.fr\/index.php\/produit\/bague-en-bois-de-fer\/","title":{"rendered":"Bague en bois de fer"},"content":{"rendered":"[vc_row][vc_column][vc_column_text]Cette bague en <a href=\"https:\/\/fr.wikipedia.org\/wiki\/Bois_de_fer\">bois de fer<\/a> est mont\u00e9e sur support laiton r\u00e9glable.<\/p>\n<p>\u00c9l\u00e9gante et graphique, cette <em>bague en bois de fer <\/em>est un bijou aussi bien pour les occasions comme le quotidien.<\/p>\n<p>Son brun profond aux l\u00e9gers reflets se mariera avec toute vos tenues.<\/p>\n<p><a href=\"https:\/\/atelier-diospyros.fr\/index.php\/categorie-produit\/bijoux\/\">Nos bijoux<\/a> et leur formes g\u00e9om\u00e9triques sont inspir\u00e9s de l\u2019orf\u00e8vrerie. Ils mettent en valeur ainsi le bois pr\u00e9cieux, sa finesse et ses couleurs naturelles.[\/vc_column_text][\/vc_column][\/vc_row][vc_row][vc_column][vc_column_text]<span style=\"color: #999999;\"><em>Nos cr\u00e9ations sont issues d\u2019une d\u00e9marche \u00e9co-responsable.<\/em><em> Ainsi, nous n\u2019utilisons que des chutes de bois pour notre mati\u00e8re premi\u00e8re, le bois pr\u00e9cieux.<br \/>\nLa valorisation, ou \u00ab\u00a0upcycling\u00a0\u00bb est au c\u0153ur de notre m\u00e9tier. Parce que nous sommes conscients de la valeur inestimable de ces bois rares, nous n\u2019utilisons que des chutes de bois que nous achetons en France. Nos bois sont simplement nourris et prot\u00e9g\u00e9s \u00e0 l\u2019huile de lin. <\/em><\/span><\/p>\n<p><span style=\"color: #999999;\"><em>\u00c0 la mani\u00e8re des pierres pr\u00e9cieuses, nous fa\u00e7onnons nos cr\u00e9ations \u00e0 la main dans une esth\u00e9tique min\u00e9rale et g\u00e9om\u00e9trique.<br \/>\n<\/em><\/span><\/p>\n<p><span style=\"color: #999999;\"><em>En achetant un bijou ou accessoire en bois <a style=\"color: #999999;\" href=\"https:\/\/atelier-diospyros.fr\/index.php\/boutique\/\">Atelier Diospyros<\/a>, vous soutenez l&rsquo;artisanat Made In France, la cr\u00e9ation locale en circuit court et le savoir-faire de deux artisans Bretons passionn\u00e9s : Merci !<\/em><\/span>[\/vc_column_text][\/vc_column][\/vc_row][vc_row][vc_column][vc_column_text]Ce bijou est une pi\u00e8ce unique.[\/vc_column_text][\/vc_column][\/vc_row]\n","protected":false},"excerpt":{"rendered":"<p>Bague en bois massif mont\u00e9e sur un anneau en laiton r\u00e9glable.<\/p>\n<p><span style=\"color: #808080;\"><em>Livraison : nos cr\u00e9ations sont envoy\u00e9es en lettre suivie dans un d\u00e9lai de 3 \u00e0 5 jours \u00e0 r\u00e9ception du paiement.<\/em><\/span><\/p>\n","protected":false},"featured_media":8779,"template":"","meta":[],"product_cat":[27,116],"product_tag":[181,64],"class_list":{"0":"post-8785","1":"product","2":"type-product","3":"status-publish","4":"has-post-thumbnail","6":"product_cat-bijoux","7":"product_cat-bagues","8":"product_tag-bois-de-fer","9":"product_tag-idee-cadeau-femme","11":"first","12":"outofstock","13":"sold-individually","14":"shipping-taxable","15":"purchasable","16":"product-type-simple"},"yoast_head":"<!-- This site is optimized with the Yoast SEO plugin v24.2 - https:\/\/yoast.com\/wordpress\/plugins\/seo\/ -->\n<title>Bague en bois de fer - Fabriqu\u00e9e en Bretagne - Atelier Diospyros<\/title>\n<meta name=\"description\" content=\"Bague en bois de fer mont\u00e9e sur un anneau en laiton. Fabrication artisanale dans notre atelier en Bretagne \u00e0 Foug\u00e8res (35). Pi\u00e8ce unique.\" \/>\n<meta name=\"robots\" content=\"index, follow, max-snippet:-1, max-image-preview:large, max-video-preview:-1\" \/>\n<link rel=\"canonical\" href=\"https:\/\/atelier-diospyros.fr\/index.php\/produit\/bague-en-bois-de-fer\/\" \/>\n<meta property=\"og:locale\" content=\"fr_FR\" \/>\n<meta property=\"og:type\" content=\"article\" \/>\n<meta property=\"og:title\" content=\"Bague en bois de fer - Fabriqu\u00e9e en Bretagne - Atelier Diospyros\" \/>\n<meta property=\"og:description\" content=\"Bague en bois de fer mont\u00e9e sur un anneau en laiton. Fabrication artisanale dans notre atelier en Bretagne \u00e0 Foug\u00e8res (35). Pi\u00e8ce unique.\" \/>\n<meta property=\"og:url\" content=\"https:\/\/atelier-diospyros.fr\/index.php\/produit\/bague-en-bois-de-fer\/\" \/>\n<meta property=\"og:site_name\" content=\"Atelier Diospyros &amp; Cl\u00e9mence Quitterel\" \/>\n<meta property=\"article:modified_time\" content=\"2023-08-23T10:57:42+00:00\" \/>\n<meta property=\"og:image\" content=\"https:\/\/atelier-diospyros.fr\/wp-content\/uploads\/2020\/10\/IMG_1746.jpg\" \/>\n\t<meta property=\"og:image:width\" content=\"2048\" \/>\n\t<meta property=\"og:image:height\" content=\"2048\" \/>\n\t<meta property=\"og:image:type\" content=\"image\/jpeg\" \/>\n<meta name=\"twitter:card\" content=\"summary_large_image\" \/>\n<meta name=\"twitter:label1\" content=\"Dur\u00e9e de lecture estim\u00e9e\" \/>\n\t<meta name=\"twitter:data1\" content=\"1 minute\" \/>\n<script type=\"application\/ld+json\" class=\"yoast-schema-graph\">{\"@context\":\"https:\/\/schema.org\",\"@graph\":[{\"@type\":\"WebPage\",\"@id\":\"https:\/\/atelier-diospyros.fr\/index.php\/produit\/bague-en-bois-de-fer\/\",\"url\":\"https:\/\/atelier-diospyros.fr\/index.php\/produit\/bague-en-bois-de-fer\/\",\"name\":\"Bague en bois de fer - Fabriqu\u00e9e en Bretagne - Atelier Diospyros\",\"isPartOf\":{\"@id\":\"https:\/\/atelier-diospyros.fr\/#website\"},\"primaryImageOfPage\":{\"@id\":\"https:\/\/atelier-diospyros.fr\/index.php\/produit\/bague-en-bois-de-fer\/#primaryimage\"},\"image\":{\"@id\":\"https:\/\/atelier-diospyros.fr\/index.php\/produit\/bague-en-bois-de-fer\/#primaryimage\"},\"thumbnailUrl\":\"https:\/\/atelier-diospyros.fr\/wp-content\/uploads\/2020\/10\/IMG_1746.jpg\",\"datePublished\":\"2020-10-12T14:09:46+00:00\",\"dateModified\":\"2023-08-23T10:57:42+00:00\",\"description\":\"Bague en bois de fer mont\u00e9e sur un anneau en laiton. Fabrication artisanale dans notre atelier en Bretagne \u00e0 Foug\u00e8res (35). Pi\u00e8ce unique.\",\"breadcrumb\":{\"@id\":\"https:\/\/atelier-diospyros.fr\/index.php\/produit\/bague-en-bois-de-fer\/#breadcrumb\"},\"inLanguage\":\"fr-FR\",\"potentialAction\":[{\"@type\":\"ReadAction\",\"target\":[\"https:\/\/atelier-diospyros.fr\/index.php\/produit\/bague-en-bois-de-fer\/\"]}]},{\"@type\":\"ImageObject\",\"inLanguage\":\"fr-FR\",\"@id\":\"https:\/\/atelier-diospyros.fr\/index.php\/produit\/bague-en-bois-de-fer\/#primaryimage\",\"url\":\"https:\/\/atelier-diospyros.fr\/wp-content\/uploads\/2020\/10\/IMG_1746.jpg\",\"contentUrl\":\"https:\/\/atelier-diospyros.fr\/wp-content\/uploads\/2020\/10\/IMG_1746.jpg\",\"width\":2048,\"height\":2048,\"caption\":\"Bague en bois de fer\"},{\"@type\":\"BreadcrumbList\",\"@id\":\"https:\/\/atelier-diospyros.fr\/index.php\/produit\/bague-en-bois-de-fer\/#breadcrumb\",\"itemListElement\":[{\"@type\":\"ListItem\",\"position\":1,\"name\":\"Accueil\",\"item\":\"https:\/\/atelier-diospyros.fr\/\"},{\"@type\":\"ListItem\",\"position\":2,\"name\":\"Boutique\",\"item\":\"https:\/\/atelier-diospyros.fr\/index.php\/boutique\/\"},{\"@type\":\"ListItem\",\"position\":3,\"name\":\"Bague en bois de fer\"}]},{\"@type\":\"WebSite\",\"@id\":\"https:\/\/atelier-diospyros.fr\/#website\",\"url\":\"https:\/\/atelier-diospyros.fr\/\",\"name\":\"Atelier Diospyros &amp; Cl\u00e9mence Quitterel\",\"description\":\"Objets en bois precieux et Cyanotypes : bijoux, d\u00e9coration d&#039;interieur, noeud papillon en bois, planches a decouper\",\"potentialAction\":[{\"@type\":\"SearchAction\",\"target\":{\"@type\":\"EntryPoint\",\"urlTemplate\":\"https:\/\/atelier-diospyros.fr\/?s={search_term_string}\"},\"query-input\":{\"@type\":\"PropertyValueSpecification\",\"valueRequired\":true,\"valueName\":\"search_term_string\"}}],\"inLanguage\":\"fr-FR\"}]}<\/script>\n<!-- \/ Yoast SEO plugin. -->","yoast_head_json":{"title":"Bague en bois de fer - Fabriqu\u00e9e en Bretagne - Atelier Diospyros","description":"Bague en bois de fer mont\u00e9e sur un anneau en laiton. Fabrication artisanale dans notre atelier en Bretagne \u00e0 Foug\u00e8res (35). Pi\u00e8ce unique.","robots":{"index":"index","follow":"follow","max-snippet":"max-snippet:-1","max-image-preview":"max-image-preview:large","max-video-preview":"max-video-preview:-1"},"canonical":"https:\/\/atelier-diospyros.fr\/index.php\/produit\/bague-en-bois-de-fer\/","og_locale":"fr_FR","og_type":"article","og_title":"Bague en bois de fer - Fabriqu\u00e9e en Bretagne - Atelier Diospyros","og_description":"Bague en bois de fer mont\u00e9e sur un anneau en laiton. Fabrication artisanale dans notre atelier en Bretagne \u00e0 Foug\u00e8res (35). Pi\u00e8ce unique.","og_url":"https:\/\/atelier-diospyros.fr\/index.php\/produit\/bague-en-bois-de-fer\/","og_site_name":"Atelier Diospyros &amp; Cl\u00e9mence Quitterel","article_modified_time":"2023-08-23T10:57:42+00:00","og_image":[{"width":2048,"height":2048,"url":"https:\/\/atelier-diospyros.fr\/wp-content\/uploads\/2020\/10\/IMG_1746.jpg","type":"image\/jpeg"}],"twitter_card":"summary_large_image","twitter_misc":{"Dur\u00e9e de lecture estim\u00e9e":"1 minute"},"schema":{"@context":"https:\/\/schema.org","@graph":[{"@type":"WebPage","@id":"https:\/\/atelier-diospyros.fr\/index.php\/produit\/bague-en-bois-de-fer\/","url":"https:\/\/atelier-diospyros.fr\/index.php\/produit\/bague-en-bois-de-fer\/","name":"Bague en bois de fer - Fabriqu\u00e9e en Bretagne - Atelier Diospyros","isPartOf":{"@id":"https:\/\/atelier-diospyros.fr\/#website"},"primaryImageOfPage":{"@id":"https:\/\/atelier-diospyros.fr\/index.php\/produit\/bague-en-bois-de-fer\/#primaryimage"},"image":{"@id":"https:\/\/atelier-diospyros.fr\/index.php\/produit\/bague-en-bois-de-fer\/#primaryimage"},"thumbnailUrl":"https:\/\/atelier-diospyros.fr\/wp-content\/uploads\/2020\/10\/IMG_1746.jpg","datePublished":"2020-10-12T14:09:46+00:00","dateModified":"2023-08-23T10:57:42+00:00","description":"Bague en bois de fer mont\u00e9e sur un anneau en laiton. Fabrication artisanale dans notre atelier en Bretagne \u00e0 Foug\u00e8res (35). Pi\u00e8ce unique.","breadcrumb":{"@id":"https:\/\/atelier-diospyros.fr\/index.php\/produit\/bague-en-bois-de-fer\/#breadcrumb"},"inLanguage":"fr-FR","potentialAction":[{"@type":"ReadAction","target":["https:\/\/atelier-diospyros.fr\/index.php\/produit\/bague-en-bois-de-fer\/"]}]},{"@type":"ImageObject","inLanguage":"fr-FR","@id":"https:\/\/atelier-diospyros.fr\/index.php\/produit\/bague-en-bois-de-fer\/#primaryimage","url":"https:\/\/atelier-diospyros.fr\/wp-content\/uploads\/2020\/10\/IMG_1746.jpg","contentUrl":"https:\/\/atelier-diospyros.fr\/wp-content\/uploads\/2020\/10\/IMG_1746.jpg","width":2048,"height":2048,"caption":"Bague en bois de fer"},{"@type":"BreadcrumbList","@id":"https:\/\/atelier-diospyros.fr\/index.php\/produit\/bague-en-bois-de-fer\/#breadcrumb","itemListElement":[{"@type":"ListItem","position":1,"name":"Accueil","item":"https:\/\/atelier-diospyros.fr\/"},{"@type":"ListItem","position":2,"name":"Boutique","item":"https:\/\/atelier-diospyros.fr\/index.php\/boutique\/"},{"@type":"ListItem","position":3,"name":"Bague en bois de fer"}]},{"@type":"WebSite","@id":"https:\/\/atelier-diospyros.fr\/#website","url":"https:\/\/atelier-diospyros.fr\/","name":"Atelier Diospyros &amp; Cl\u00e9mence Quitterel","description":"Objets en bois precieux et Cyanotypes : bijoux, d\u00e9coration d&#039;interieur, noeud papillon en bois, planches a decouper","potentialAction":[{"@type":"SearchAction","target":{"@type":"EntryPoint","urlTemplate":"https:\/\/atelier-diospyros.fr\/?s={search_term_string}"},"query-input":{"@type":"PropertyValueSpecification","valueRequired":true,"valueName":"search_term_string"}}],"inLanguage":"fr-FR"}]}},"jetpack_sharing_enabled":true,"_links":{"self":[{"href":"https:\/\/atelier-diospyros.fr\/index.php\/wp-json\/wp\/v2\/product\/8785"}],"collection":[{"href":"https:\/\/atelier-diospyros.fr\/index.php\/wp-json\/wp\/v2\/product"}],"about":[{"href":"https:\/\/atelier-diospyros.fr\/index.php\/wp-json\/wp\/v2\/types\/product"}],"wp:featuredmedia":[{"embeddable":true,"href":"https:\/\/atelier-diospyros.fr\/index.php\/wp-json\/wp\/v2\/media\/8779"}],"wp:attachment":[{"href":"https:\/\/atelier-diospyros.fr\/index.php\/wp-json\/wp\/v2\/media?parent=8785"}],"wp:term":[{"taxonomy":"product_cat","embeddable":true,"href":"https:\/\/atelier-diospyros.fr\/index.php\/wp-json\/wp\/v2\/product_cat?post=8785"},{"taxonomy":"product_tag","embeddable":true,"href":"https:\/\/atelier-diospyros.fr\/index.php\/wp-json\/wp\/v2\/product_tag?post=8785"}],"curies":[{"name":"wp","href":"https:\/\/api.w.org\/{rel}","templated":true}]}}