{"id":8732,"date":"2020-09-08T14:30:06","date_gmt":"2020-09-08T12:30:06","guid":{"rendered":"https:\/\/atelier-diospyros.fr\/?post_type=product&#038;p=8732"},"modified":"2023-08-29T12:25:16","modified_gmt":"2023-08-29T10:25:16","slug":"boucles-sierra-triangle-padouk","status":"publish","type":"product","link":"https:\/\/atelier-diospyros.fr\/index.php\/produit\/boucles-sierra-triangle-padouk\/","title":{"rendered":"Boucles Sierra triangle en padouk"},"content":{"rendered":"[vc_row][vc_column][vc_column_text]Ces boucles d&rsquo;oreilles Sierra en forme de triangle <a href=\"https:\/\/fr.wikipedia.org\/wiki\/Pterocarpus_soyauxii\">padouk<\/a> sont faites de placage bois et d&rsquo;une forme en laiton. Les attaches sont plaqu\u00e9es Or sur base laiton.<\/p>\n<p>Plusieurs essences sont disponibles : \u00e9b\u00e8ne, padouk, sycomore&#8230; Moderne et g\u00e9om\u00e9trique, la <a href=\"https:\/\/atelier-diospyros.fr\/index.php\/etiquette-produit\/collection-sierra\/?customize_changeset_uuid=af74ae66-a1b1-4d5e-9bc7-dc4e6938da05\"><em>Collection Sierra<\/em> <\/a>se d\u00e9cline aussi en plusieurs formes et diff\u00e9rentes essences de bois (par exemple carr\u00e9es, triangles, losanges..).<\/p>\n<p>Id\u00e9e cadeau : offrez-vous une parure avec le <a href=\"https:\/\/atelier-diospyros.fr\/?post_type=product&amp;p=816&amp;preview=true\">collier assorti<\/a> ![\/vc_column_text][\/vc_column][\/vc_row][vc_row][vc_column][vc_column_text]<span style=\"color: #999999;\"><em>Nos cr\u00e9ations sont issues d\u2019une d\u00e9marche \u00e9co-responsable.<\/em><em> C&rsquo;est pourquoi nous n\u2019utilisons que des chutes de bois pour notre mati\u00e8re premi\u00e8re : le bois pr\u00e9cieux.<\/em><br \/>\nLa valorisation, ou \u00ab\u00a0upcycling\u00a0\u00bb est au c\u0153ur de notre m\u00e9tier. Conscients de la valeur inestimable de ces bois rares, nous n\u2019utilisons que des chutes de bois que nous achetons en France. Nous nourrissons et prot\u00e9geons simplement nos bois \u00e0 l\u2019huile de lin. <\/span><\/p>\n<p><span style=\"color: #999999;\"><em>\u00c0 la mani\u00e8re des pierres pr\u00e9cieuses, nous fa\u00e7onnons nos cr\u00e9ations \u00e0 la main dans une esth\u00e9tique min\u00e9rale et g\u00e9om\u00e9trique.<br \/>\n<\/em><\/span><\/p>\n<p><span style=\"color: #999999;\"><em>En achetant un bijou ou accessoire en bois <a style=\"color: #999999;\" href=\"https:\/\/atelier-diospyros.fr\/index.php\/boutique\/\">Atelier Diospyros<\/a>, vous soutenez l&rsquo;artisanat Made In France, la cr\u00e9ation locale en circuit court ainsi que le savoir-faire de deux artisans Bretons passionn\u00e9s : Merci !<\/em><\/span>[\/vc_column_text][\/vc_column][\/vc_row][vc_row][vc_column][vc_column_text] Nous fabriquons ce bijou en petite s\u00e9rie, ainsi le veinage du bois peut l\u00e9g\u00e8rement varier de la photo pr\u00e9sent\u00e9e.[\/vc_column_text][\/vc_column][\/vc_row]\n","protected":false},"excerpt":{"rendered":"<p>Attaches plaqu\u00e9es Or sur base laiton. Forme en laiton laiton et placage bois. Stoppeurs en silicone.<\/p>\n<p><span style=\"color: #808080;\"><em>Livraison : nos cr\u00e9ations sont envoy\u00e9es en lettre suivie dans un d\u00e9lai de 3 \u00e0 5 jours \u00e0 r\u00e9ception du paiement.<br \/>\n<\/em><\/span><\/p>\n","protected":false},"featured_media":8718,"template":"","meta":[],"product_cat":[27,24,299],"product_tag":[103,64,179,30,180],"class_list":{"0":"post-8732","1":"product","2":"type-product","3":"status-publish","4":"has-post-thumbnail","6":"product_cat-bijoux","7":"product_cat-boucles-doreilles","8":"product_cat-sierra-bois-et-laiton","9":"product_tag-collection-sierra","10":"product_tag-idee-cadeau-femme","11":"product_tag-laiton","12":"product_tag-padouk","13":"product_tag-placage","15":"first","16":"outofstock","17":"shipping-taxable","18":"purchasable","19":"product-type-simple"},"yoast_head":"<!-- This site is optimized with the Yoast SEO plugin v24.2 - https:\/\/yoast.com\/wordpress\/plugins\/seo\/ -->\n<title>Boucles Sierra triangle en padouk - Bois et laiton Atelier diospyros<\/title>\n<meta name=\"description\" content=\"Boucles d&#039;oreilles Sierra triangle en laiton et placage de padouk. Fabriqu\u00e9es dans notre atelier en Bretagne pr\u00e8s de Foug\u00e8res (35).\" \/>\n<meta name=\"robots\" content=\"index, follow, max-snippet:-1, max-image-preview:large, max-video-preview:-1\" \/>\n<link rel=\"canonical\" href=\"https:\/\/atelier-diospyros.fr\/index.php\/produit\/boucles-sierra-triangle-padouk\/\" \/>\n<meta property=\"og:locale\" content=\"fr_FR\" \/>\n<meta property=\"og:type\" content=\"article\" \/>\n<meta property=\"og:title\" content=\"Boucles Sierra triangle en padouk - Bois et laiton Atelier diospyros\" \/>\n<meta property=\"og:description\" content=\"Boucles d&#039;oreilles Sierra triangle en laiton et placage de padouk. Fabriqu\u00e9es dans notre atelier en Bretagne pr\u00e8s de Foug\u00e8res (35).\" \/>\n<meta property=\"og:url\" content=\"https:\/\/atelier-diospyros.fr\/index.php\/produit\/boucles-sierra-triangle-padouk\/\" \/>\n<meta property=\"og:site_name\" content=\"Atelier Diospyros &amp; Cl\u00e9mence Quitterel\" \/>\n<meta property=\"article:modified_time\" content=\"2023-08-29T10:25:16+00:00\" \/>\n<meta property=\"og:image\" content=\"https:\/\/atelier-diospyros.fr\/wp-content\/uploads\/2020\/09\/IMG_1688-2.jpg\" \/>\n\t<meta property=\"og:image:width\" content=\"1536\" \/>\n\t<meta property=\"og:image:height\" content=\"2048\" \/>\n\t<meta property=\"og:image:type\" content=\"image\/jpeg\" \/>\n<meta name=\"twitter:card\" content=\"summary_large_image\" \/>\n<meta name=\"twitter:label1\" content=\"Dur\u00e9e de lecture estim\u00e9e\" \/>\n\t<meta name=\"twitter:data1\" content=\"2 minutes\" \/>\n<script type=\"application\/ld+json\" class=\"yoast-schema-graph\">{\"@context\":\"https:\/\/schema.org\",\"@graph\":[{\"@type\":\"WebPage\",\"@id\":\"https:\/\/atelier-diospyros.fr\/index.php\/produit\/boucles-sierra-triangle-padouk\/\",\"url\":\"https:\/\/atelier-diospyros.fr\/index.php\/produit\/boucles-sierra-triangle-padouk\/\",\"name\":\"Boucles Sierra triangle en padouk - Bois et laiton Atelier diospyros\",\"isPartOf\":{\"@id\":\"https:\/\/atelier-diospyros.fr\/#website\"},\"primaryImageOfPage\":{\"@id\":\"https:\/\/atelier-diospyros.fr\/index.php\/produit\/boucles-sierra-triangle-padouk\/#primaryimage\"},\"image\":{\"@id\":\"https:\/\/atelier-diospyros.fr\/index.php\/produit\/boucles-sierra-triangle-padouk\/#primaryimage\"},\"thumbnailUrl\":\"https:\/\/atelier-diospyros.fr\/wp-content\/uploads\/2020\/09\/IMG_1688-2.jpg\",\"datePublished\":\"2020-09-08T12:30:06+00:00\",\"dateModified\":\"2023-08-29T10:25:16+00:00\",\"description\":\"Boucles d'oreilles Sierra triangle en laiton et placage de padouk. Fabriqu\u00e9es dans notre atelier en Bretagne pr\u00e8s de Foug\u00e8res (35).\",\"breadcrumb\":{\"@id\":\"https:\/\/atelier-diospyros.fr\/index.php\/produit\/boucles-sierra-triangle-padouk\/#breadcrumb\"},\"inLanguage\":\"fr-FR\",\"potentialAction\":[{\"@type\":\"ReadAction\",\"target\":[\"https:\/\/atelier-diospyros.fr\/index.php\/produit\/boucles-sierra-triangle-padouk\/\"]}]},{\"@type\":\"ImageObject\",\"inLanguage\":\"fr-FR\",\"@id\":\"https:\/\/atelier-diospyros.fr\/index.php\/produit\/boucles-sierra-triangle-padouk\/#primaryimage\",\"url\":\"https:\/\/atelier-diospyros.fr\/wp-content\/uploads\/2020\/09\/IMG_1688-2.jpg\",\"contentUrl\":\"https:\/\/atelier-diospyros.fr\/wp-content\/uploads\/2020\/09\/IMG_1688-2.jpg\",\"width\":1536,\"height\":2048,\"caption\":\"triangle padouk\"},{\"@type\":\"BreadcrumbList\",\"@id\":\"https:\/\/atelier-diospyros.fr\/index.php\/produit\/boucles-sierra-triangle-padouk\/#breadcrumb\",\"itemListElement\":[{\"@type\":\"ListItem\",\"position\":1,\"name\":\"Accueil\",\"item\":\"https:\/\/atelier-diospyros.fr\/\"},{\"@type\":\"ListItem\",\"position\":2,\"name\":\"Boutique\",\"item\":\"https:\/\/atelier-diospyros.fr\/index.php\/boutique\/\"},{\"@type\":\"ListItem\",\"position\":3,\"name\":\"Boucles Sierra triangle en padouk\"}]},{\"@type\":\"WebSite\",\"@id\":\"https:\/\/atelier-diospyros.fr\/#website\",\"url\":\"https:\/\/atelier-diospyros.fr\/\",\"name\":\"Atelier Diospyros &amp; Cl\u00e9mence Quitterel\",\"description\":\"Objets en bois precieux et Cyanotypes : bijoux, d\u00e9coration d&#039;interieur, noeud papillon en bois, planches a decouper\",\"potentialAction\":[{\"@type\":\"SearchAction\",\"target\":{\"@type\":\"EntryPoint\",\"urlTemplate\":\"https:\/\/atelier-diospyros.fr\/?s={search_term_string}\"},\"query-input\":{\"@type\":\"PropertyValueSpecification\",\"valueRequired\":true,\"valueName\":\"search_term_string\"}}],\"inLanguage\":\"fr-FR\"}]}<\/script>\n<!-- \/ Yoast SEO plugin. -->","yoast_head_json":{"title":"Boucles Sierra triangle en padouk - Bois et laiton Atelier diospyros","description":"Boucles d'oreilles Sierra triangle en laiton et placage de padouk. Fabriqu\u00e9es dans notre atelier en Bretagne pr\u00e8s de Foug\u00e8res (35).","robots":{"index":"index","follow":"follow","max-snippet":"max-snippet:-1","max-image-preview":"max-image-preview:large","max-video-preview":"max-video-preview:-1"},"canonical":"https:\/\/atelier-diospyros.fr\/index.php\/produit\/boucles-sierra-triangle-padouk\/","og_locale":"fr_FR","og_type":"article","og_title":"Boucles Sierra triangle en padouk - Bois et laiton Atelier diospyros","og_description":"Boucles d'oreilles Sierra triangle en laiton et placage de padouk. Fabriqu\u00e9es dans notre atelier en Bretagne pr\u00e8s de Foug\u00e8res (35).","og_url":"https:\/\/atelier-diospyros.fr\/index.php\/produit\/boucles-sierra-triangle-padouk\/","og_site_name":"Atelier Diospyros &amp; Cl\u00e9mence Quitterel","article_modified_time":"2023-08-29T10:25:16+00:00","og_image":[{"width":1536,"height":2048,"url":"https:\/\/atelier-diospyros.fr\/wp-content\/uploads\/2020\/09\/IMG_1688-2.jpg","type":"image\/jpeg"}],"twitter_card":"summary_large_image","twitter_misc":{"Dur\u00e9e de lecture estim\u00e9e":"2 minutes"},"schema":{"@context":"https:\/\/schema.org","@graph":[{"@type":"WebPage","@id":"https:\/\/atelier-diospyros.fr\/index.php\/produit\/boucles-sierra-triangle-padouk\/","url":"https:\/\/atelier-diospyros.fr\/index.php\/produit\/boucles-sierra-triangle-padouk\/","name":"Boucles Sierra triangle en padouk - Bois et laiton Atelier diospyros","isPartOf":{"@id":"https:\/\/atelier-diospyros.fr\/#website"},"primaryImageOfPage":{"@id":"https:\/\/atelier-diospyros.fr\/index.php\/produit\/boucles-sierra-triangle-padouk\/#primaryimage"},"image":{"@id":"https:\/\/atelier-diospyros.fr\/index.php\/produit\/boucles-sierra-triangle-padouk\/#primaryimage"},"thumbnailUrl":"https:\/\/atelier-diospyros.fr\/wp-content\/uploads\/2020\/09\/IMG_1688-2.jpg","datePublished":"2020-09-08T12:30:06+00:00","dateModified":"2023-08-29T10:25:16+00:00","description":"Boucles d'oreilles Sierra triangle en laiton et placage de padouk. Fabriqu\u00e9es dans notre atelier en Bretagne pr\u00e8s de Foug\u00e8res (35).","breadcrumb":{"@id":"https:\/\/atelier-diospyros.fr\/index.php\/produit\/boucles-sierra-triangle-padouk\/#breadcrumb"},"inLanguage":"fr-FR","potentialAction":[{"@type":"ReadAction","target":["https:\/\/atelier-diospyros.fr\/index.php\/produit\/boucles-sierra-triangle-padouk\/"]}]},{"@type":"ImageObject","inLanguage":"fr-FR","@id":"https:\/\/atelier-diospyros.fr\/index.php\/produit\/boucles-sierra-triangle-padouk\/#primaryimage","url":"https:\/\/atelier-diospyros.fr\/wp-content\/uploads\/2020\/09\/IMG_1688-2.jpg","contentUrl":"https:\/\/atelier-diospyros.fr\/wp-content\/uploads\/2020\/09\/IMG_1688-2.jpg","width":1536,"height":2048,"caption":"triangle padouk"},{"@type":"BreadcrumbList","@id":"https:\/\/atelier-diospyros.fr\/index.php\/produit\/boucles-sierra-triangle-padouk\/#breadcrumb","itemListElement":[{"@type":"ListItem","position":1,"name":"Accueil","item":"https:\/\/atelier-diospyros.fr\/"},{"@type":"ListItem","position":2,"name":"Boutique","item":"https:\/\/atelier-diospyros.fr\/index.php\/boutique\/"},{"@type":"ListItem","position":3,"name":"Boucles Sierra triangle en padouk"}]},{"@type":"WebSite","@id":"https:\/\/atelier-diospyros.fr\/#website","url":"https:\/\/atelier-diospyros.fr\/","name":"Atelier Diospyros &amp; Cl\u00e9mence Quitterel","description":"Objets en bois precieux et Cyanotypes : bijoux, d\u00e9coration d&#039;interieur, noeud papillon en bois, planches a decouper","potentialAction":[{"@type":"SearchAction","target":{"@type":"EntryPoint","urlTemplate":"https:\/\/atelier-diospyros.fr\/?s={search_term_string}"},"query-input":{"@type":"PropertyValueSpecification","valueRequired":true,"valueName":"search_term_string"}}],"inLanguage":"fr-FR"}]}},"jetpack_sharing_enabled":true,"_links":{"self":[{"href":"https:\/\/atelier-diospyros.fr\/index.php\/wp-json\/wp\/v2\/product\/8732"}],"collection":[{"href":"https:\/\/atelier-diospyros.fr\/index.php\/wp-json\/wp\/v2\/product"}],"about":[{"href":"https:\/\/atelier-diospyros.fr\/index.php\/wp-json\/wp\/v2\/types\/product"}],"wp:featuredmedia":[{"embeddable":true,"href":"https:\/\/atelier-diospyros.fr\/index.php\/wp-json\/wp\/v2\/media\/8718"}],"wp:attachment":[{"href":"https:\/\/atelier-diospyros.fr\/index.php\/wp-json\/wp\/v2\/media?parent=8732"}],"wp:term":[{"taxonomy":"product_cat","embeddable":true,"href":"https:\/\/atelier-diospyros.fr\/index.php\/wp-json\/wp\/v2\/product_cat?post=8732"},{"taxonomy":"product_tag","embeddable":true,"href":"https:\/\/atelier-diospyros.fr\/index.php\/wp-json\/wp\/v2\/product_tag?post=8732"}],"curies":[{"name":"wp","href":"https:\/\/api.w.org\/{rel}","templated":true}]}}