{"id":8730,"date":"2020-09-08T14:14:28","date_gmt":"2020-09-08T12:14:28","guid":{"rendered":"https:\/\/atelier-diospyros.fr\/?post_type=product&#038;p=8730"},"modified":"2025-12-03T14:44:39","modified_gmt":"2025-12-03T13:44:39","slug":"bague-ebene","status":"publish","type":"product","link":"https:\/\/atelier-diospyros.fr\/index.php\/produit\/bague-ebene\/","title":{"rendered":"Bague en \u00e9b\u00e8ne"},"content":{"rendered":"[vc_row][vc_column][vc_column_text]Cette bague en <a href=\"https:\/\/fr.wikipedia.org\/wiki\/%C3%89b%C3%A8ne\" target=\"_blank\" rel=\"noopener noreferrer\">\u00e9b\u00e8ne<\/a> est faite d&rsquo;un anneau r\u00e9glable dor\u00e9 \u00e0 l&rsquo;or fin (sur base laiton).<\/p>\n<p>\u00c9l\u00e9gante et discr\u00e8te, cette <em>bague en bois d&rsquo;\u00e9b\u00e8ne <\/em>est un bijou unisexe qui plara aux hommes et aux femmes.<\/p>\n<p>Son noir profond se mariera avec toute vos tenues.<\/p>\n<p><a href=\"https:\/\/atelier-diospyros.fr\/index.php\/categorie-produit\/bijoux\/\">Nos bijoux<\/a> et leur formes g\u00e9om\u00e9triques sont inspir\u00e9s de l\u2019orf\u00e8vrerie.\u00a0 Ils mettent en valeur ainsi le bois pr\u00e9cieux, sa finesse et ses couleurs naturelles.<br \/>\nLe bois d&rsquo;\u00e9b\u00e8ne vous plait ? Sentez-vous libre de d\u00e9couvrir <a href=\"https:\/\/atelier-diospyros.fr\/index.php\/etiquette-produit\/ebene\/\">nos autres cr\u00e9ations<\/a> dans cette essence de bois.[\/vc_column_text][\/vc_column][\/vc_row][vc_row][vc_column][vc_column_text]<span style=\"color: #999999;\"><em>Nos cr\u00e9ations sont issues d\u2019une d\u00e9marche \u00e9co-responsable.<\/em><em> Ainsi, nous n\u2019utilisons que des chutes de bois pour notre mati\u00e8re premi\u00e8re, le bois pr\u00e9cieux.<br \/>\nLa valorisation, ou \u00ab\u00a0upcycling\u00a0\u00bb est au c\u0153ur de notre m\u00e9tier. Parce que nous sommes conscients de la valeur inestimable de ces bois rares, nous n\u2019utilisons que des chutes de bois que nous achetons en France. Nos bois sont simplement nourris et prot\u00e9g\u00e9s \u00e0 l\u2019huile de lin. <\/em><\/span><\/p>\n<p><span style=\"color: #999999;\"><em>\u00c0 la mani\u00e8re des pierres pr\u00e9cieuses, nous fa\u00e7onnons nos cr\u00e9ations \u00e0 la main dans une esth\u00e9tique min\u00e9rale et g\u00e9om\u00e9trique.<br \/>\n<\/em><\/span><\/p>\n<p><span style=\"color: #999999;\"><em>En achetant un bijou ou accessoire en bois <a style=\"color: #999999;\" href=\"https:\/\/atelier-diospyros.fr\/index.php\/boutique\/\">Atelier Diospyros<\/a>, vous soutenez l&rsquo;artisanat Made In France, la cr\u00e9ation locale en circuit court et le savoir-faire de deux artisans Bretons passionn\u00e9s : Merci !<\/em><\/span>[\/vc_column_text][\/vc_column][\/vc_row][vc_row][vc_column][vc_column_text]Ce bijou est une pi\u00e8ce unique.[\/vc_column_text][\/vc_column][\/vc_row]\n","protected":false},"excerpt":{"rendered":"<p>Bague en \u00e9b\u00e8ne mont\u00e9e sur un anneau r\u00e9glable dor\u00e9 \u00e0 l&rsquo;or fin (sur base laiton).<\/p>\n<p><span style=\"color: #808080;\"><em>Livraison : nos cr\u00e9ations sont envoy\u00e9es en lettre suivie dans un d\u00e9lai de 3 \u00e0 5 jours \u00e0 r\u00e9ception du paiement.<\/em><\/span><\/p>\n","protected":false},"featured_media":9559,"template":"","meta":[],"product_cat":[27,116],"product_tag":[65,64,62,506],"class_list":{"0":"post-8730","1":"product","2":"type-product","3":"status-publish","4":"has-post-thumbnail","6":"product_cat-bijoux","7":"product_cat-bagues","8":"product_tag-ebene","9":"product_tag-idee-cadeau-femme","10":"product_tag-idee-cadeau-homme","11":"product_tag-idees-cadeau-a-moins-de-25-euros","13":"first","14":"instock","15":"sale","16":"sold-individually","17":"shipping-taxable","18":"purchasable","19":"product-type-simple"},"yoast_head":"<!-- This site is optimized with the Yoast SEO plugin v24.2 - https:\/\/yoast.com\/wordpress\/plugins\/seo\/ -->\n<title>Bague en \u00e9b\u00e8ne - Fabriqu\u00e9e en Bretagne - Atelier Diospyros<\/title>\n<meta name=\"description\" content=\"Bague en \u00e9b\u00e8ne sur anneau r\u00e9glable. Fabrication artisanale dans notre atelier en Bretagne \u00e0 Foug\u00e8res (35). Pi\u00e8ce unique.\" \/>\n<meta name=\"robots\" content=\"index, follow, max-snippet:-1, max-image-preview:large, max-video-preview:-1\" \/>\n<link rel=\"canonical\" href=\"https:\/\/atelier-diospyros.fr\/index.php\/produit\/bague-ebene\/\" \/>\n<meta property=\"og:locale\" content=\"fr_FR\" \/>\n<meta property=\"og:type\" content=\"article\" \/>\n<meta property=\"og:title\" content=\"Bague en \u00e9b\u00e8ne - Fabriqu\u00e9e en Bretagne - Atelier Diospyros\" \/>\n<meta property=\"og:description\" content=\"Bague en \u00e9b\u00e8ne sur anneau r\u00e9glable. Fabrication artisanale dans notre atelier en Bretagne \u00e0 Foug\u00e8res (35). Pi\u00e8ce unique.\" \/>\n<meta property=\"og:url\" content=\"https:\/\/atelier-diospyros.fr\/index.php\/produit\/bague-ebene\/\" \/>\n<meta property=\"og:site_name\" content=\"Atelier Diospyros &amp; Cl\u00e9mence Quitterel\" \/>\n<meta property=\"article:modified_time\" content=\"2025-12-03T13:44:39+00:00\" \/>\n<meta property=\"og:image\" content=\"https:\/\/atelier-diospyros.fr\/wp-content\/uploads\/2020\/09\/IMG_3531-2.jpg\" \/>\n\t<meta property=\"og:image:width\" content=\"2048\" \/>\n\t<meta property=\"og:image:height\" content=\"2048\" \/>\n\t<meta property=\"og:image:type\" content=\"image\/jpeg\" \/>\n<meta name=\"twitter:card\" content=\"summary_large_image\" \/>\n<meta name=\"twitter:label1\" content=\"Dur\u00e9e de lecture estim\u00e9e\" \/>\n\t<meta name=\"twitter:data1\" content=\"2 minutes\" \/>\n<script type=\"application\/ld+json\" class=\"yoast-schema-graph\">{\"@context\":\"https:\/\/schema.org\",\"@graph\":[{\"@type\":\"WebPage\",\"@id\":\"https:\/\/atelier-diospyros.fr\/index.php\/produit\/bague-ebene\/\",\"url\":\"https:\/\/atelier-diospyros.fr\/index.php\/produit\/bague-ebene\/\",\"name\":\"Bague en \u00e9b\u00e8ne - Fabriqu\u00e9e en Bretagne - Atelier Diospyros\",\"isPartOf\":{\"@id\":\"https:\/\/atelier-diospyros.fr\/#website\"},\"primaryImageOfPage\":{\"@id\":\"https:\/\/atelier-diospyros.fr\/index.php\/produit\/bague-ebene\/#primaryimage\"},\"image\":{\"@id\":\"https:\/\/atelier-diospyros.fr\/index.php\/produit\/bague-ebene\/#primaryimage\"},\"thumbnailUrl\":\"https:\/\/atelier-diospyros.fr\/wp-content\/uploads\/2020\/09\/IMG_3531-2.jpg\",\"datePublished\":\"2020-09-08T12:14:28+00:00\",\"dateModified\":\"2025-12-03T13:44:39+00:00\",\"description\":\"Bague en \u00e9b\u00e8ne sur anneau r\u00e9glable. Fabrication artisanale dans notre atelier en Bretagne \u00e0 Foug\u00e8res (35). Pi\u00e8ce unique.\",\"breadcrumb\":{\"@id\":\"https:\/\/atelier-diospyros.fr\/index.php\/produit\/bague-ebene\/#breadcrumb\"},\"inLanguage\":\"fr-FR\",\"potentialAction\":[{\"@type\":\"ReadAction\",\"target\":[\"https:\/\/atelier-diospyros.fr\/index.php\/produit\/bague-ebene\/\"]}]},{\"@type\":\"ImageObject\",\"inLanguage\":\"fr-FR\",\"@id\":\"https:\/\/atelier-diospyros.fr\/index.php\/produit\/bague-ebene\/#primaryimage\",\"url\":\"https:\/\/atelier-diospyros.fr\/wp-content\/uploads\/2020\/09\/IMG_3531-2.jpg\",\"contentUrl\":\"https:\/\/atelier-diospyros.fr\/wp-content\/uploads\/2020\/09\/IMG_3531-2.jpg\",\"width\":2048,\"height\":2048,\"caption\":\"bague \u00e9b\u00e8ne\"},{\"@type\":\"BreadcrumbList\",\"@id\":\"https:\/\/atelier-diospyros.fr\/index.php\/produit\/bague-ebene\/#breadcrumb\",\"itemListElement\":[{\"@type\":\"ListItem\",\"position\":1,\"name\":\"Accueil\",\"item\":\"https:\/\/atelier-diospyros.fr\/\"},{\"@type\":\"ListItem\",\"position\":2,\"name\":\"Boutique\",\"item\":\"https:\/\/atelier-diospyros.fr\/index.php\/boutique\/\"},{\"@type\":\"ListItem\",\"position\":3,\"name\":\"Bague en \u00e9b\u00e8ne\"}]},{\"@type\":\"WebSite\",\"@id\":\"https:\/\/atelier-diospyros.fr\/#website\",\"url\":\"https:\/\/atelier-diospyros.fr\/\",\"name\":\"Atelier Diospyros &amp; Cl\u00e9mence Quitterel\",\"description\":\"Objets en bois precieux et Cyanotypes : bijoux, d\u00e9coration d&#039;interieur, noeud papillon en bois, planches a decouper\",\"potentialAction\":[{\"@type\":\"SearchAction\",\"target\":{\"@type\":\"EntryPoint\",\"urlTemplate\":\"https:\/\/atelier-diospyros.fr\/?s={search_term_string}\"},\"query-input\":{\"@type\":\"PropertyValueSpecification\",\"valueRequired\":true,\"valueName\":\"search_term_string\"}}],\"inLanguage\":\"fr-FR\"}]}<\/script>\n<!-- \/ Yoast SEO plugin. -->","yoast_head_json":{"title":"Bague en \u00e9b\u00e8ne - Fabriqu\u00e9e en Bretagne - Atelier Diospyros","description":"Bague en \u00e9b\u00e8ne sur anneau r\u00e9glable. Fabrication artisanale dans notre atelier en Bretagne \u00e0 Foug\u00e8res (35). Pi\u00e8ce unique.","robots":{"index":"index","follow":"follow","max-snippet":"max-snippet:-1","max-image-preview":"max-image-preview:large","max-video-preview":"max-video-preview:-1"},"canonical":"https:\/\/atelier-diospyros.fr\/index.php\/produit\/bague-ebene\/","og_locale":"fr_FR","og_type":"article","og_title":"Bague en \u00e9b\u00e8ne - Fabriqu\u00e9e en Bretagne - Atelier Diospyros","og_description":"Bague en \u00e9b\u00e8ne sur anneau r\u00e9glable. Fabrication artisanale dans notre atelier en Bretagne \u00e0 Foug\u00e8res (35). Pi\u00e8ce unique.","og_url":"https:\/\/atelier-diospyros.fr\/index.php\/produit\/bague-ebene\/","og_site_name":"Atelier Diospyros &amp; Cl\u00e9mence Quitterel","article_modified_time":"2025-12-03T13:44:39+00:00","og_image":[{"width":2048,"height":2048,"url":"https:\/\/atelier-diospyros.fr\/wp-content\/uploads\/2020\/09\/IMG_3531-2.jpg","type":"image\/jpeg"}],"twitter_card":"summary_large_image","twitter_misc":{"Dur\u00e9e de lecture estim\u00e9e":"2 minutes"},"schema":{"@context":"https:\/\/schema.org","@graph":[{"@type":"WebPage","@id":"https:\/\/atelier-diospyros.fr\/index.php\/produit\/bague-ebene\/","url":"https:\/\/atelier-diospyros.fr\/index.php\/produit\/bague-ebene\/","name":"Bague en \u00e9b\u00e8ne - Fabriqu\u00e9e en Bretagne - Atelier Diospyros","isPartOf":{"@id":"https:\/\/atelier-diospyros.fr\/#website"},"primaryImageOfPage":{"@id":"https:\/\/atelier-diospyros.fr\/index.php\/produit\/bague-ebene\/#primaryimage"},"image":{"@id":"https:\/\/atelier-diospyros.fr\/index.php\/produit\/bague-ebene\/#primaryimage"},"thumbnailUrl":"https:\/\/atelier-diospyros.fr\/wp-content\/uploads\/2020\/09\/IMG_3531-2.jpg","datePublished":"2020-09-08T12:14:28+00:00","dateModified":"2025-12-03T13:44:39+00:00","description":"Bague en \u00e9b\u00e8ne sur anneau r\u00e9glable. Fabrication artisanale dans notre atelier en Bretagne \u00e0 Foug\u00e8res (35). Pi\u00e8ce unique.","breadcrumb":{"@id":"https:\/\/atelier-diospyros.fr\/index.php\/produit\/bague-ebene\/#breadcrumb"},"inLanguage":"fr-FR","potentialAction":[{"@type":"ReadAction","target":["https:\/\/atelier-diospyros.fr\/index.php\/produit\/bague-ebene\/"]}]},{"@type":"ImageObject","inLanguage":"fr-FR","@id":"https:\/\/atelier-diospyros.fr\/index.php\/produit\/bague-ebene\/#primaryimage","url":"https:\/\/atelier-diospyros.fr\/wp-content\/uploads\/2020\/09\/IMG_3531-2.jpg","contentUrl":"https:\/\/atelier-diospyros.fr\/wp-content\/uploads\/2020\/09\/IMG_3531-2.jpg","width":2048,"height":2048,"caption":"bague \u00e9b\u00e8ne"},{"@type":"BreadcrumbList","@id":"https:\/\/atelier-diospyros.fr\/index.php\/produit\/bague-ebene\/#breadcrumb","itemListElement":[{"@type":"ListItem","position":1,"name":"Accueil","item":"https:\/\/atelier-diospyros.fr\/"},{"@type":"ListItem","position":2,"name":"Boutique","item":"https:\/\/atelier-diospyros.fr\/index.php\/boutique\/"},{"@type":"ListItem","position":3,"name":"Bague en \u00e9b\u00e8ne"}]},{"@type":"WebSite","@id":"https:\/\/atelier-diospyros.fr\/#website","url":"https:\/\/atelier-diospyros.fr\/","name":"Atelier Diospyros &amp; Cl\u00e9mence Quitterel","description":"Objets en bois precieux et Cyanotypes : bijoux, d\u00e9coration d&#039;interieur, noeud papillon en bois, planches a decouper","potentialAction":[{"@type":"SearchAction","target":{"@type":"EntryPoint","urlTemplate":"https:\/\/atelier-diospyros.fr\/?s={search_term_string}"},"query-input":{"@type":"PropertyValueSpecification","valueRequired":true,"valueName":"search_term_string"}}],"inLanguage":"fr-FR"}]}},"jetpack_sharing_enabled":true,"_links":{"self":[{"href":"https:\/\/atelier-diospyros.fr\/index.php\/wp-json\/wp\/v2\/product\/8730"}],"collection":[{"href":"https:\/\/atelier-diospyros.fr\/index.php\/wp-json\/wp\/v2\/product"}],"about":[{"href":"https:\/\/atelier-diospyros.fr\/index.php\/wp-json\/wp\/v2\/types\/product"}],"wp:featuredmedia":[{"embeddable":true,"href":"https:\/\/atelier-diospyros.fr\/index.php\/wp-json\/wp\/v2\/media\/9559"}],"wp:attachment":[{"href":"https:\/\/atelier-diospyros.fr\/index.php\/wp-json\/wp\/v2\/media?parent=8730"}],"wp:term":[{"taxonomy":"product_cat","embeddable":true,"href":"https:\/\/atelier-diospyros.fr\/index.php\/wp-json\/wp\/v2\/product_cat?post=8730"},{"taxonomy":"product_tag","embeddable":true,"href":"https:\/\/atelier-diospyros.fr\/index.php\/wp-json\/wp\/v2\/product_tag?post=8730"}],"curies":[{"name":"wp","href":"https:\/\/api.w.org\/{rel}","templated":true}]}}