{"id":8668,"date":"2024-06-02T07:45:11","date_gmt":"2024-06-02T05:45:11","guid":{"rendered":"https:\/\/atelier-diospyros.fr\/?post_type=product&#038;p=8668"},"modified":"2025-12-03T10:13:42","modified_gmt":"2025-12-03T09:13:42","slug":"atelier-realisez-votre-bijou-en-bois-precieux","status":"publish","type":"product","link":"https:\/\/atelier-diospyros.fr\/index.php\/produit\/atelier-realisez-votre-bijou-en-bois-precieux\/","title":{"rendered":"Atelier \u00ab\u00a0R\u00e9alisez votre bijou en bois \u00ab\u00a0"},"content":{"rendered":"[vc_row][vc_column][vc_column_text]\n<h3>Travaillez le bois et cr\u00e9ez un bijou le temps d&rsquo;un atelier<\/h3>\n<p>Bienvenue dans l&rsquo;atelier de Cl\u00e9mence et Antoine ! Nous vous accueillons dans notre atelier partag\u00e9 autour du travail du bois. Ici,\u00a0 Cl\u00e9mence fabrique des cr\u00e9ations \u00e0 partir de chutes de bois pr\u00e9cieux et Antoine restaure du mobilier ancien.<\/p>\n<p>De la mati\u00e8re brute au produit fini, lors de cet atelier vous fabriquerez de A \u00e0 Z votre propre bijou en bois. Nous vous pr\u00e9senterons tout d&rsquo;abord les bois pr\u00e9cieux : notre mati\u00e8re premi\u00e8re pour notre marque de bijoux et accessoires \u00ab\u00a0Atelier Diospyros\u00a0\u00bb.<\/p>\n<p><strong>Vous pourrez ainsi choisir parmi plusieurs essences propos\u00e9es, et fa\u00e7onner la forme de votre bijou \u00e0 partir de mod\u00e8les propos\u00e9s (une paire de boucles d&rsquo;oreilles ou un pendentif).<\/strong><\/p>\n<p>Vous d\u00e9couvrirez la perceuse \u00e0 colonne, pour le per\u00e7age qui accueillera le piton en m\u00e9tal. Ensuite vous utiliserez la ponceuse \u00e0 bande pour fa\u00e7onner et cr\u00e9er la forme de votre bijou unique ! Enfin viendra la finition \u00e0 la main (huile de lin et montage des appr\u00eats).<\/p>\n<p>Cet atelier sera l&rsquo;occasion de manier vous-m\u00eame plusieurs outils professionnels et de repartir avec votre bijou, v\u00e9ritable pi\u00e8ce unique.<\/p>\n<p><strong>S\u00e9curit\u00e9 :<\/strong> un casque anti-bruit et un masque anti-poussi\u00e8re seront \u00e0 disposition pendant l&rsquo;atelier. Pensez \u00e0 venir en pantalon et chaussures ferm\u00e9es de pr\u00e9f\u00e9rence.<\/p>\n<p><strong>Lieu : <\/strong>L&rsquo;atelier de Cl\u00e9mence est install\u00e9 \u00e0 Montreuil des Landes, un petit village \u00e0 45 mn de Rennes, 15 minutes de Foug\u00e8res, 20 mn de Vitr\u00e9 et 20 mn de St aubin du Cormier.<br \/>\nL&rsquo;atelier est situ\u00e9 au 7 rue de chatillon 35210 Montreuil des Landes<strong><br \/>\n<\/strong> Stationnement sur le parking de l&rsquo;\u00e9glise \u00e0 2 minutes \u00e0 pieds de l&rsquo;atelier. Sonnez au portillon, l&rsquo;atelier est au fond de la cour !<\/p>\n<p><strong>Dates :<\/strong> Vous souhaitez privatiser l&rsquo;atelier ? <a href=\"https:\/\/atelier-diospyros.fr\/index.php\/contact-ille-et-vilaine\/\">On peut en discuter !<\/a> Proposez nous une date via notre <a href=\"https:\/\/atelier-diospyros.fr\/index.php\/contact-ille-et-vilaine\/\">formulaire de contact<\/a>.<br \/>\nSi vous \u00eatre d\u00e9j\u00e0 deux participant.e.s, poussibilit\u00e9 d&rsquo;ouvrir un cr\u00e9neau sur demande.<\/p>\n<p>Les dates de nos ateliers sont aussi visibles sur le site de<a href=\"https:\/\/booking.wecandoo.fr\/artisans\/b2078023-0699-4a60-9491-5e956527f6a6\/workshops\/86a9f377-8533-4052-8d16-87fbd6acc725\/book\"> Wecandoo !<\/a><\/p>\n<h5><span style=\"color: #999999;\"><em>L&rsquo;Atelier Diospyros : qui sommes nous ?<\/em><\/span><\/h5>\n<p><span style=\"color: #999999;\"><em>Nos cr\u00e9ations sont issues d\u2019une d\u00e9marche \u00e9co-responsable.<\/em><em> Ainsi, nous n\u2019utilisons que des chutes de bois pour notre mati\u00e8re premi\u00e8re, le bois pr\u00e9cieux.<\/em><br \/>\nLa valorisation, ou \u00ab\u00a0upcycling\u00a0\u00bb est au c\u0153ur de notre m\u00e9tier. Parce que nous sommes conscients de la valeur inestimable de ces bois rares, nous n\u2019utilisons que des chutes de bois que nous achetons en France. Nos bois sont simplement nourris et prot\u00e9g\u00e9s \u00e0 l\u2019huile de lin. <\/span><\/p>\n<p><span style=\"color: #999999;\"><em>\u00c0 la mani\u00e8re des pierres pr\u00e9cieuses, nous fa\u00e7onnons nos cr\u00e9ations \u00e0 la main dans une esth\u00e9tique min\u00e9rale et g\u00e9om\u00e9trique.<br \/>\n<\/em><\/span><\/p>\n<p><span style=\"color: #999999;\"><em>En achetant un bijoux ou accessoire en bois <a style=\"color: #999999;\" href=\"https:\/\/atelier-diospyros.fr\/index.php\/boutique\/\">Atelier Diospyros<\/a>, vous soutenez l&rsquo;artisanat Made In France, la cr\u00e9ation locale en circuit court ainsi que le savoir-faire de deux artisans Bretons passionn\u00e9s : Merci !<\/em><\/span>[\/vc_column_text][\/vc_column][\/vc_row][vc_row][vc_column][\/vc_column][\/vc_row]\n<h5><strong><a href=\"https:\/\/booking.wecandoo.fr\/artisans\/b2078023-0699-4a60-9491-5e956527f6a6\/workshops\/86a9f377-8533-4052-8d16-87fbd6acc725\/book\" target=\"_blank\" rel=\"noopener\">&gt;&gt;Voir les dates disponibles sur Wecandoo <\/a><\/strong><\/h5>\n","protected":false},"excerpt":{"rendered":"<div class=\"nl2go_class_13_white_l\"><strong>Travaillez des chutes de bois pr\u00e9cieux et repartez avec votre bijou unique !<\/strong><\/div>\n<ul>\n<li>1h30 d&rsquo;initiation avec Cl\u00e9mence<\/li>\n<li>Des connaissances en travail du bois<\/li>\n<li>Une paire de boucles d&rsquo;oreilles ou un pendentif \u00e0 partir de mod\u00e8les<\/li>\n<\/ul>\n<p>Prix par personne.Nombre de participants : 2 personnes\u00a0 (\u00e0 partir de 16 ans). Privatisation possible jusqu&rsquo;\u00e0 3 personnes : nous contacter pour fixer une date.<\/p>\n<p><span style=\"color: #808080;\"><em><strong>Suite \u00e0 votre commande, vous pouvez recevoir \u00e0 votre demande sous 48h un ch\u00e8que cadeau \u00e0 imprimer.<\/strong> Les ch\u00e8ques cadeaux sont valables 1 an.<br \/>\n<\/em><\/span><\/p>\n","protected":false},"featured_media":8670,"template":"","meta":[],"product_cat":[27,111,24,164],"product_tag":[166,169,452,420,220,221,64,451,450,538],"class_list":{"0":"post-8668","1":"product","2":"type-product","3":"status-publish","4":"has-post-thumbnail","6":"product_cat-bijoux","7":"product_cat-collier","8":"product_cat-boucles-doreilles","9":"product_cat-ateliers","10":"product_tag-atelier","11":"product_tag-bijou","12":"product_tag-decouverte","13":"product_tag-diy","14":"product_tag-evjf","15":"product_tag-evjg","16":"product_tag-idee-cadeau-femme","17":"product_tag-ille-et-vilaine","18":"product_tag-montreuil-des-landes","19":"product_tag-wecandoo","20":"product_shipping_class-offert","22":"first","23":"instock","24":"shipping-taxable","25":"purchasable","26":"product-type-variable","27":"has-default-attributes"},"yoast_head":"<!-- This site is optimized with the Yoast SEO plugin v24.2 - https:\/\/yoast.com\/wordpress\/plugins\/seo\/ -->\n<title>Atelier &quot;R\u00e9alisez votre bijou en bois &quot; - Atelier Diospyros<\/title>\n<meta name=\"description\" content=\"Atelier fabrication de bijou en bois pr\u00e9cieux. Fabrication artisanale dans notre atelier \u00e0 Montreuil des Landes entre Foug\u00e8res et Vitr\u00e9 (35).\" \/>\n<meta name=\"robots\" content=\"index, follow, max-snippet:-1, max-image-preview:large, max-video-preview:-1\" \/>\n<link rel=\"canonical\" href=\"https:\/\/atelier-diospyros.fr\/index.php\/produit\/atelier-realisez-votre-bijou-en-bois-precieux\/\" \/>\n<meta property=\"og:locale\" content=\"fr_FR\" \/>\n<meta property=\"og:type\" content=\"article\" \/>\n<meta property=\"og:title\" content=\"Atelier &quot;R\u00e9alisez votre bijou en bois &quot; - Atelier Diospyros\" \/>\n<meta property=\"og:description\" content=\"Atelier fabrication de bijou en bois pr\u00e9cieux. Fabrication artisanale dans notre atelier \u00e0 Montreuil des Landes entre Foug\u00e8res et Vitr\u00e9 (35).\" \/>\n<meta property=\"og:url\" content=\"https:\/\/atelier-diospyros.fr\/index.php\/produit\/atelier-realisez-votre-bijou-en-bois-precieux\/\" \/>\n<meta property=\"og:site_name\" content=\"Atelier Diospyros &amp; Cl\u00e9mence Quitterel\" \/>\n<meta property=\"article:modified_time\" content=\"2025-12-03T09:13:42+00:00\" \/>\n<meta property=\"og:image\" content=\"https:\/\/atelier-diospyros.fr\/wp-content\/uploads\/2020\/07\/AtelierBO.jpg\" \/>\n\t<meta property=\"og:image:width\" content=\"250\" \/>\n\t<meta property=\"og:image:height\" content=\"250\" \/>\n\t<meta property=\"og:image:type\" content=\"image\/jpeg\" \/>\n<meta name=\"twitter:card\" content=\"summary_large_image\" \/>\n<meta name=\"twitter:label1\" content=\"Dur\u00e9e de lecture estim\u00e9e\" \/>\n\t<meta name=\"twitter:data1\" content=\"3 minutes\" \/>\n<script type=\"application\/ld+json\" class=\"yoast-schema-graph\">{\"@context\":\"https:\/\/schema.org\",\"@graph\":[{\"@type\":\"WebPage\",\"@id\":\"https:\/\/atelier-diospyros.fr\/index.php\/produit\/atelier-realisez-votre-bijou-en-bois-precieux\/\",\"url\":\"https:\/\/atelier-diospyros.fr\/index.php\/produit\/atelier-realisez-votre-bijou-en-bois-precieux\/\",\"name\":\"Atelier \\\"R\u00e9alisez votre bijou en bois \\\" - Atelier Diospyros\",\"isPartOf\":{\"@id\":\"https:\/\/atelier-diospyros.fr\/#website\"},\"primaryImageOfPage\":{\"@id\":\"https:\/\/atelier-diospyros.fr\/index.php\/produit\/atelier-realisez-votre-bijou-en-bois-precieux\/#primaryimage\"},\"image\":{\"@id\":\"https:\/\/atelier-diospyros.fr\/index.php\/produit\/atelier-realisez-votre-bijou-en-bois-precieux\/#primaryimage\"},\"thumbnailUrl\":\"https:\/\/atelier-diospyros.fr\/wp-content\/uploads\/2020\/07\/AtelierBO.jpg\",\"datePublished\":\"2024-06-02T05:45:11+00:00\",\"dateModified\":\"2025-12-03T09:13:42+00:00\",\"description\":\"Atelier fabrication de bijou en bois pr\u00e9cieux. Fabrication artisanale dans notre atelier \u00e0 Montreuil des Landes entre Foug\u00e8res et Vitr\u00e9 (35).\",\"breadcrumb\":{\"@id\":\"https:\/\/atelier-diospyros.fr\/index.php\/produit\/atelier-realisez-votre-bijou-en-bois-precieux\/#breadcrumb\"},\"inLanguage\":\"fr-FR\",\"potentialAction\":[{\"@type\":\"ReadAction\",\"target\":[\"https:\/\/atelier-diospyros.fr\/index.php\/produit\/atelier-realisez-votre-bijou-en-bois-precieux\/\"]}]},{\"@type\":\"ImageObject\",\"inLanguage\":\"fr-FR\",\"@id\":\"https:\/\/atelier-diospyros.fr\/index.php\/produit\/atelier-realisez-votre-bijou-en-bois-precieux\/#primaryimage\",\"url\":\"https:\/\/atelier-diospyros.fr\/wp-content\/uploads\/2020\/07\/AtelierBO.jpg\",\"contentUrl\":\"https:\/\/atelier-diospyros.fr\/wp-content\/uploads\/2020\/07\/AtelierBO.jpg\",\"width\":250,\"height\":250,\"caption\":\"Atelier bijou\"},{\"@type\":\"BreadcrumbList\",\"@id\":\"https:\/\/atelier-diospyros.fr\/index.php\/produit\/atelier-realisez-votre-bijou-en-bois-precieux\/#breadcrumb\",\"itemListElement\":[{\"@type\":\"ListItem\",\"position\":1,\"name\":\"Accueil\",\"item\":\"https:\/\/atelier-diospyros.fr\/\"},{\"@type\":\"ListItem\",\"position\":2,\"name\":\"Boutique\",\"item\":\"https:\/\/atelier-diospyros.fr\/index.php\/boutique\/\"},{\"@type\":\"ListItem\",\"position\":3,\"name\":\"Atelier \u00ab\u00a0R\u00e9alisez votre bijou en bois \u00ab\u00a0\"}]},{\"@type\":\"WebSite\",\"@id\":\"https:\/\/atelier-diospyros.fr\/#website\",\"url\":\"https:\/\/atelier-diospyros.fr\/\",\"name\":\"Atelier Diospyros &amp; Cl\u00e9mence Quitterel\",\"description\":\"Objets en bois precieux et Cyanotypes : bijoux, d\u00e9coration d&#039;interieur, noeud papillon en bois, planches a decouper\",\"potentialAction\":[{\"@type\":\"SearchAction\",\"target\":{\"@type\":\"EntryPoint\",\"urlTemplate\":\"https:\/\/atelier-diospyros.fr\/?s={search_term_string}\"},\"query-input\":{\"@type\":\"PropertyValueSpecification\",\"valueRequired\":true,\"valueName\":\"search_term_string\"}}],\"inLanguage\":\"fr-FR\"}]}<\/script>\n<!-- \/ Yoast SEO plugin. -->","yoast_head_json":{"title":"Atelier \"R\u00e9alisez votre bijou en bois \" - Atelier Diospyros","description":"Atelier fabrication de bijou en bois pr\u00e9cieux. Fabrication artisanale dans notre atelier \u00e0 Montreuil des Landes entre Foug\u00e8res et Vitr\u00e9 (35).","robots":{"index":"index","follow":"follow","max-snippet":"max-snippet:-1","max-image-preview":"max-image-preview:large","max-video-preview":"max-video-preview:-1"},"canonical":"https:\/\/atelier-diospyros.fr\/index.php\/produit\/atelier-realisez-votre-bijou-en-bois-precieux\/","og_locale":"fr_FR","og_type":"article","og_title":"Atelier \"R\u00e9alisez votre bijou en bois \" - Atelier Diospyros","og_description":"Atelier fabrication de bijou en bois pr\u00e9cieux. Fabrication artisanale dans notre atelier \u00e0 Montreuil des Landes entre Foug\u00e8res et Vitr\u00e9 (35).","og_url":"https:\/\/atelier-diospyros.fr\/index.php\/produit\/atelier-realisez-votre-bijou-en-bois-precieux\/","og_site_name":"Atelier Diospyros &amp; Cl\u00e9mence Quitterel","article_modified_time":"2025-12-03T09:13:42+00:00","og_image":[{"width":250,"height":250,"url":"https:\/\/atelier-diospyros.fr\/wp-content\/uploads\/2020\/07\/AtelierBO.jpg","type":"image\/jpeg"}],"twitter_card":"summary_large_image","twitter_misc":{"Dur\u00e9e de lecture estim\u00e9e":"3 minutes"},"schema":{"@context":"https:\/\/schema.org","@graph":[{"@type":"WebPage","@id":"https:\/\/atelier-diospyros.fr\/index.php\/produit\/atelier-realisez-votre-bijou-en-bois-precieux\/","url":"https:\/\/atelier-diospyros.fr\/index.php\/produit\/atelier-realisez-votre-bijou-en-bois-precieux\/","name":"Atelier \"R\u00e9alisez votre bijou en bois \" - Atelier Diospyros","isPartOf":{"@id":"https:\/\/atelier-diospyros.fr\/#website"},"primaryImageOfPage":{"@id":"https:\/\/atelier-diospyros.fr\/index.php\/produit\/atelier-realisez-votre-bijou-en-bois-precieux\/#primaryimage"},"image":{"@id":"https:\/\/atelier-diospyros.fr\/index.php\/produit\/atelier-realisez-votre-bijou-en-bois-precieux\/#primaryimage"},"thumbnailUrl":"https:\/\/atelier-diospyros.fr\/wp-content\/uploads\/2020\/07\/AtelierBO.jpg","datePublished":"2024-06-02T05:45:11+00:00","dateModified":"2025-12-03T09:13:42+00:00","description":"Atelier fabrication de bijou en bois pr\u00e9cieux. Fabrication artisanale dans notre atelier \u00e0 Montreuil des Landes entre Foug\u00e8res et Vitr\u00e9 (35).","breadcrumb":{"@id":"https:\/\/atelier-diospyros.fr\/index.php\/produit\/atelier-realisez-votre-bijou-en-bois-precieux\/#breadcrumb"},"inLanguage":"fr-FR","potentialAction":[{"@type":"ReadAction","target":["https:\/\/atelier-diospyros.fr\/index.php\/produit\/atelier-realisez-votre-bijou-en-bois-precieux\/"]}]},{"@type":"ImageObject","inLanguage":"fr-FR","@id":"https:\/\/atelier-diospyros.fr\/index.php\/produit\/atelier-realisez-votre-bijou-en-bois-precieux\/#primaryimage","url":"https:\/\/atelier-diospyros.fr\/wp-content\/uploads\/2020\/07\/AtelierBO.jpg","contentUrl":"https:\/\/atelier-diospyros.fr\/wp-content\/uploads\/2020\/07\/AtelierBO.jpg","width":250,"height":250,"caption":"Atelier bijou"},{"@type":"BreadcrumbList","@id":"https:\/\/atelier-diospyros.fr\/index.php\/produit\/atelier-realisez-votre-bijou-en-bois-precieux\/#breadcrumb","itemListElement":[{"@type":"ListItem","position":1,"name":"Accueil","item":"https:\/\/atelier-diospyros.fr\/"},{"@type":"ListItem","position":2,"name":"Boutique","item":"https:\/\/atelier-diospyros.fr\/index.php\/boutique\/"},{"@type":"ListItem","position":3,"name":"Atelier \u00ab\u00a0R\u00e9alisez votre bijou en bois \u00ab\u00a0"}]},{"@type":"WebSite","@id":"https:\/\/atelier-diospyros.fr\/#website","url":"https:\/\/atelier-diospyros.fr\/","name":"Atelier Diospyros &amp; Cl\u00e9mence Quitterel","description":"Objets en bois precieux et Cyanotypes : bijoux, d\u00e9coration d&#039;interieur, noeud papillon en bois, planches a decouper","potentialAction":[{"@type":"SearchAction","target":{"@type":"EntryPoint","urlTemplate":"https:\/\/atelier-diospyros.fr\/?s={search_term_string}"},"query-input":{"@type":"PropertyValueSpecification","valueRequired":true,"valueName":"search_term_string"}}],"inLanguage":"fr-FR"}]}},"jetpack_sharing_enabled":true,"_links":{"self":[{"href":"https:\/\/atelier-diospyros.fr\/index.php\/wp-json\/wp\/v2\/product\/8668"}],"collection":[{"href":"https:\/\/atelier-diospyros.fr\/index.php\/wp-json\/wp\/v2\/product"}],"about":[{"href":"https:\/\/atelier-diospyros.fr\/index.php\/wp-json\/wp\/v2\/types\/product"}],"wp:featuredmedia":[{"embeddable":true,"href":"https:\/\/atelier-diospyros.fr\/index.php\/wp-json\/wp\/v2\/media\/8670"}],"wp:attachment":[{"href":"https:\/\/atelier-diospyros.fr\/index.php\/wp-json\/wp\/v2\/media?parent=8668"}],"wp:term":[{"taxonomy":"product_cat","embeddable":true,"href":"https:\/\/atelier-diospyros.fr\/index.php\/wp-json\/wp\/v2\/product_cat?post=8668"},{"taxonomy":"product_tag","embeddable":true,"href":"https:\/\/atelier-diospyros.fr\/index.php\/wp-json\/wp\/v2\/product_tag?post=8668"}],"curies":[{"name":"wp","href":"https:\/\/api.w.org\/{rel}","templated":true}]}}