{"id":862,"date":"2019-11-29T14:59:38","date_gmt":"2019-11-29T13:59:38","guid":{"rendered":"https:\/\/atelier-diospyros.fr\/?post_type=product&#038;p=862"},"modified":"2023-08-22T18:28:10","modified_gmt":"2023-08-22T16:28:10","slug":"tire-bouchon-wenge-avec-aubier","status":"publish","type":"product","link":"https:\/\/atelier-diospyros.fr\/index.php\/produit\/tire-bouchon-wenge-avec-aubier\/","title":{"rendered":"Tire-bouchon weng\u00e9 avec aubier"},"content":{"rendered":"[vc_row][vc_column][vc_column_text]\n<div>Tire-bouchon en <a href=\"https:\/\/fr.wikipedia.org\/wiki\/Millettia_laurentii\">weng\u00e9<\/a> avec <a href=\"https:\/\/fr.wikipedia.org\/wiki\/Aubier\">aubier<\/a> (bois massif).<\/div>\n<div>Incontournable de l&rsquo;ap\u00e9ritif, ce tire-bouchon artisanal en weng\u00e9 (avec aubier) est une pi\u00e8ce unique fabriqu\u00e9e dans notre atelier en Bretagne.<\/div>\n<div>Inspir\u00e9e par les diff\u00e9rentes ambiances li\u00e9es au vin d\u00e9couvrez<a href=\"https:\/\/atelier-diospyros.fr\/index.php\/categorie-produit\/accessoires-maison\/tire-bouchon\/\"> notre gamme de tire-bouchons<\/a>. D\u00e9clin\u00e9s en de nombreuses variantes d&rsquo;essences de bois et donc de couleurs, ils s&rsquo;accorderont \u00e0 la personnalit\u00e9, \u00e0 la table et aux instants de vie de chacun&#8230;<\/div>\n<div>Nous travaillons aussi sur commande. Nous pouvons par exemple utiliser un bois de votre choix, ou m\u00eame un bois que vous nous fournissez, afin de vous cr\u00e9er votre tire-bouchon personnalis\u00e9.<\/div>\n<div><\/div>\n[\/vc_column_text][\/vc_column][\/vc_row][vc_row][vc_column][vc_column_text]\n<div class=\"vc_row wpb_row vc_row-fluid\">\n<div class=\"wpb_column vc_column_container vc_col-sm-12\">\n<div class=\"vc_column-inner\">\n<div class=\"wpb_wrapper\">\n<div class=\"wpb_text_column wpb_content_element \">\n<div class=\"wpb_wrapper\">\n<p><em>Nos cr\u00e9ations sont issues d\u2019une d\u00e9marche \u00e9co-responsable.<\/em><em> Ainsi, nous n\u2019utilisons que des chutes de bois pour notre mati\u00e8re premi\u00e8re, le bois pr\u00e9cieux.<br \/>\nLa valorisation, ou \u00ab\u00a0upcycling\u00a0\u00bb est au c\u0153ur de notre m\u00e9tier. Parce que nous sommes conscients de la valeur inestimable de ces bois rares, nous n\u2019utilisons que des chutes de bois que nous achetons en France. Nos bois sont simplement nourris et prot\u00e9g\u00e9s \u00e0 l\u2019huile de lin. <\/em><\/p>\n<p><em>\u00c0 la mani\u00e8re des pierres pr\u00e9cieuses, nous fa\u00e7onnons nos cr\u00e9ations \u00e0 la main dans une esth\u00e9tique min\u00e9rale et g\u00e9om\u00e9trique.<br \/>\n<\/em><\/p>\n<p><em>En achetant un bijou ou accessoire en bois <a href=\"https:\/\/atelier-diospyros.fr\/index.php\/boutique\/\">Atelier Diospyros<\/a>, vous soutenez l&rsquo;artisanat Made In France, la cr\u00e9ation locale en circuit court et le savoir-faire de deux artisans Bretons passionn\u00e9s : Merci !<\/em><\/p>\n<\/div>\n<\/div>\n<\/div>\n<\/div>\n<\/div>\n<\/div>\n[\/vc_column_text][\/vc_column][\/vc_row]\n","protected":false},"excerpt":{"rendered":"<p>Tire-bouchon en bois massif : weng\u00e9. Pi\u00e8ce unique.<\/p>\n<p><span style=\"color: #808080;\"><em>Livraison : nos cr\u00e9ations sont envoy\u00e9es en lettre suivie dans un d\u00e9lai de 3 \u00e0 5 jours \u00e0 r\u00e9ception du paiement.<\/em><\/span><\/p>\n","protected":false},"featured_media":1131,"template":"","meta":[],"product_cat":[29,34],"product_tag":[62,61],"class_list":{"0":"post-862","1":"product","2":"type-product","3":"status-publish","4":"has-post-thumbnail","6":"product_cat-accessoires-maison","7":"product_cat-tire-bouchon","8":"product_tag-idee-cadeau-homme","9":"product_tag-wenge","11":"first","12":"outofstock","13":"sold-individually","14":"shipping-taxable","15":"purchasable","16":"product-type-simple"},"yoast_head":"<!-- This site is optimized with the Yoast SEO plugin v24.2 - https:\/\/yoast.com\/wordpress\/plugins\/seo\/ -->\n<title>Tire-bouchon weng\u00e9 avec aubier - Pi\u00e8ce unique fabriqu\u00e9e en Bretagne<\/title>\n<meta name=\"description\" content=\"Tire-bouchon en weng\u00e9 avec aubier. Pi\u00e8ces uniques en bois massif : d\u00e9couvrez notre gamme de tire-bouchons en bois pr\u00e9cieux fabriqu\u00e9s en Bretagne.\" \/>\n<meta name=\"robots\" content=\"index, follow, max-snippet:-1, max-image-preview:large, max-video-preview:-1\" \/>\n<link rel=\"canonical\" href=\"https:\/\/atelier-diospyros.fr\/index.php\/produit\/tire-bouchon-wenge-avec-aubier\/\" \/>\n<meta property=\"og:locale\" content=\"fr_FR\" \/>\n<meta property=\"og:type\" content=\"article\" \/>\n<meta property=\"og:title\" content=\"Tire-bouchon weng\u00e9 avec aubier - Pi\u00e8ce unique fabriqu\u00e9e en Bretagne\" \/>\n<meta property=\"og:description\" content=\"Tire-bouchon en weng\u00e9 avec aubier. Pi\u00e8ces uniques en bois massif : d\u00e9couvrez notre gamme de tire-bouchons en bois pr\u00e9cieux fabriqu\u00e9s en Bretagne.\" \/>\n<meta property=\"og:url\" content=\"https:\/\/atelier-diospyros.fr\/index.php\/produit\/tire-bouchon-wenge-avec-aubier\/\" \/>\n<meta property=\"og:site_name\" content=\"Atelier Diospyros &amp; Cl\u00e9mence Quitterel\" \/>\n<meta property=\"article:modified_time\" content=\"2023-08-22T16:28:10+00:00\" \/>\n<meta property=\"og:image\" content=\"https:\/\/atelier-diospyros.fr\/wp-content\/uploads\/2019\/11\/IMG_1027.jpg\" \/>\n\t<meta property=\"og:image:width\" content=\"1536\" \/>\n\t<meta property=\"og:image:height\" content=\"2048\" \/>\n\t<meta property=\"og:image:type\" content=\"image\/jpeg\" \/>\n<meta name=\"twitter:card\" content=\"summary_large_image\" \/>\n<meta name=\"twitter:label1\" content=\"Dur\u00e9e de lecture estim\u00e9e\" \/>\n\t<meta name=\"twitter:data1\" content=\"2 minutes\" \/>\n<script type=\"application\/ld+json\" class=\"yoast-schema-graph\">{\"@context\":\"https:\/\/schema.org\",\"@graph\":[{\"@type\":\"WebPage\",\"@id\":\"https:\/\/atelier-diospyros.fr\/index.php\/produit\/tire-bouchon-wenge-avec-aubier\/\",\"url\":\"https:\/\/atelier-diospyros.fr\/index.php\/produit\/tire-bouchon-wenge-avec-aubier\/\",\"name\":\"Tire-bouchon weng\u00e9 avec aubier - Pi\u00e8ce unique fabriqu\u00e9e en Bretagne\",\"isPartOf\":{\"@id\":\"https:\/\/atelier-diospyros.fr\/#website\"},\"primaryImageOfPage\":{\"@id\":\"https:\/\/atelier-diospyros.fr\/index.php\/produit\/tire-bouchon-wenge-avec-aubier\/#primaryimage\"},\"image\":{\"@id\":\"https:\/\/atelier-diospyros.fr\/index.php\/produit\/tire-bouchon-wenge-avec-aubier\/#primaryimage\"},\"thumbnailUrl\":\"https:\/\/atelier-diospyros.fr\/wp-content\/uploads\/2019\/11\/IMG_1027.jpg\",\"datePublished\":\"2019-11-29T13:59:38+00:00\",\"dateModified\":\"2023-08-22T16:28:10+00:00\",\"description\":\"Tire-bouchon en weng\u00e9 avec aubier. Pi\u00e8ces uniques en bois massif : d\u00e9couvrez notre gamme de tire-bouchons en bois pr\u00e9cieux fabriqu\u00e9s en Bretagne.\",\"breadcrumb\":{\"@id\":\"https:\/\/atelier-diospyros.fr\/index.php\/produit\/tire-bouchon-wenge-avec-aubier\/#breadcrumb\"},\"inLanguage\":\"fr-FR\",\"potentialAction\":[{\"@type\":\"ReadAction\",\"target\":[\"https:\/\/atelier-diospyros.fr\/index.php\/produit\/tire-bouchon-wenge-avec-aubier\/\"]}]},{\"@type\":\"ImageObject\",\"inLanguage\":\"fr-FR\",\"@id\":\"https:\/\/atelier-diospyros.fr\/index.php\/produit\/tire-bouchon-wenge-avec-aubier\/#primaryimage\",\"url\":\"https:\/\/atelier-diospyros.fr\/wp-content\/uploads\/2019\/11\/IMG_1027.jpg\",\"contentUrl\":\"https:\/\/atelier-diospyros.fr\/wp-content\/uploads\/2019\/11\/IMG_1027.jpg\",\"width\":1536,\"height\":2048,\"caption\":\"Tire bouchon weng\u00e9 avec aubier\"},{\"@type\":\"BreadcrumbList\",\"@id\":\"https:\/\/atelier-diospyros.fr\/index.php\/produit\/tire-bouchon-wenge-avec-aubier\/#breadcrumb\",\"itemListElement\":[{\"@type\":\"ListItem\",\"position\":1,\"name\":\"Accueil\",\"item\":\"https:\/\/atelier-diospyros.fr\/\"},{\"@type\":\"ListItem\",\"position\":2,\"name\":\"Boutique\",\"item\":\"https:\/\/atelier-diospyros.fr\/index.php\/boutique\/\"},{\"@type\":\"ListItem\",\"position\":3,\"name\":\"Tire-bouchon weng\u00e9 avec aubier\"}]},{\"@type\":\"WebSite\",\"@id\":\"https:\/\/atelier-diospyros.fr\/#website\",\"url\":\"https:\/\/atelier-diospyros.fr\/\",\"name\":\"Atelier Diospyros &amp; Cl\u00e9mence Quitterel\",\"description\":\"Objets en bois precieux et Cyanotypes : bijoux, d\u00e9coration d&#039;interieur, noeud papillon en bois, planches a decouper\",\"potentialAction\":[{\"@type\":\"SearchAction\",\"target\":{\"@type\":\"EntryPoint\",\"urlTemplate\":\"https:\/\/atelier-diospyros.fr\/?s={search_term_string}\"},\"query-input\":{\"@type\":\"PropertyValueSpecification\",\"valueRequired\":true,\"valueName\":\"search_term_string\"}}],\"inLanguage\":\"fr-FR\"}]}<\/script>\n<!-- \/ Yoast SEO plugin. -->","yoast_head_json":{"title":"Tire-bouchon weng\u00e9 avec aubier - Pi\u00e8ce unique fabriqu\u00e9e en Bretagne","description":"Tire-bouchon en weng\u00e9 avec aubier. Pi\u00e8ces uniques en bois massif : d\u00e9couvrez notre gamme de tire-bouchons en bois pr\u00e9cieux fabriqu\u00e9s en Bretagne.","robots":{"index":"index","follow":"follow","max-snippet":"max-snippet:-1","max-image-preview":"max-image-preview:large","max-video-preview":"max-video-preview:-1"},"canonical":"https:\/\/atelier-diospyros.fr\/index.php\/produit\/tire-bouchon-wenge-avec-aubier\/","og_locale":"fr_FR","og_type":"article","og_title":"Tire-bouchon weng\u00e9 avec aubier - Pi\u00e8ce unique fabriqu\u00e9e en Bretagne","og_description":"Tire-bouchon en weng\u00e9 avec aubier. Pi\u00e8ces uniques en bois massif : d\u00e9couvrez notre gamme de tire-bouchons en bois pr\u00e9cieux fabriqu\u00e9s en Bretagne.","og_url":"https:\/\/atelier-diospyros.fr\/index.php\/produit\/tire-bouchon-wenge-avec-aubier\/","og_site_name":"Atelier Diospyros &amp; Cl\u00e9mence Quitterel","article_modified_time":"2023-08-22T16:28:10+00:00","og_image":[{"width":1536,"height":2048,"url":"https:\/\/atelier-diospyros.fr\/wp-content\/uploads\/2019\/11\/IMG_1027.jpg","type":"image\/jpeg"}],"twitter_card":"summary_large_image","twitter_misc":{"Dur\u00e9e de lecture estim\u00e9e":"2 minutes"},"schema":{"@context":"https:\/\/schema.org","@graph":[{"@type":"WebPage","@id":"https:\/\/atelier-diospyros.fr\/index.php\/produit\/tire-bouchon-wenge-avec-aubier\/","url":"https:\/\/atelier-diospyros.fr\/index.php\/produit\/tire-bouchon-wenge-avec-aubier\/","name":"Tire-bouchon weng\u00e9 avec aubier - Pi\u00e8ce unique fabriqu\u00e9e en Bretagne","isPartOf":{"@id":"https:\/\/atelier-diospyros.fr\/#website"},"primaryImageOfPage":{"@id":"https:\/\/atelier-diospyros.fr\/index.php\/produit\/tire-bouchon-wenge-avec-aubier\/#primaryimage"},"image":{"@id":"https:\/\/atelier-diospyros.fr\/index.php\/produit\/tire-bouchon-wenge-avec-aubier\/#primaryimage"},"thumbnailUrl":"https:\/\/atelier-diospyros.fr\/wp-content\/uploads\/2019\/11\/IMG_1027.jpg","datePublished":"2019-11-29T13:59:38+00:00","dateModified":"2023-08-22T16:28:10+00:00","description":"Tire-bouchon en weng\u00e9 avec aubier. Pi\u00e8ces uniques en bois massif : d\u00e9couvrez notre gamme de tire-bouchons en bois pr\u00e9cieux fabriqu\u00e9s en Bretagne.","breadcrumb":{"@id":"https:\/\/atelier-diospyros.fr\/index.php\/produit\/tire-bouchon-wenge-avec-aubier\/#breadcrumb"},"inLanguage":"fr-FR","potentialAction":[{"@type":"ReadAction","target":["https:\/\/atelier-diospyros.fr\/index.php\/produit\/tire-bouchon-wenge-avec-aubier\/"]}]},{"@type":"ImageObject","inLanguage":"fr-FR","@id":"https:\/\/atelier-diospyros.fr\/index.php\/produit\/tire-bouchon-wenge-avec-aubier\/#primaryimage","url":"https:\/\/atelier-diospyros.fr\/wp-content\/uploads\/2019\/11\/IMG_1027.jpg","contentUrl":"https:\/\/atelier-diospyros.fr\/wp-content\/uploads\/2019\/11\/IMG_1027.jpg","width":1536,"height":2048,"caption":"Tire bouchon weng\u00e9 avec aubier"},{"@type":"BreadcrumbList","@id":"https:\/\/atelier-diospyros.fr\/index.php\/produit\/tire-bouchon-wenge-avec-aubier\/#breadcrumb","itemListElement":[{"@type":"ListItem","position":1,"name":"Accueil","item":"https:\/\/atelier-diospyros.fr\/"},{"@type":"ListItem","position":2,"name":"Boutique","item":"https:\/\/atelier-diospyros.fr\/index.php\/boutique\/"},{"@type":"ListItem","position":3,"name":"Tire-bouchon weng\u00e9 avec aubier"}]},{"@type":"WebSite","@id":"https:\/\/atelier-diospyros.fr\/#website","url":"https:\/\/atelier-diospyros.fr\/","name":"Atelier Diospyros &amp; Cl\u00e9mence Quitterel","description":"Objets en bois precieux et Cyanotypes : bijoux, d\u00e9coration d&#039;interieur, noeud papillon en bois, planches a decouper","potentialAction":[{"@type":"SearchAction","target":{"@type":"EntryPoint","urlTemplate":"https:\/\/atelier-diospyros.fr\/?s={search_term_string}"},"query-input":{"@type":"PropertyValueSpecification","valueRequired":true,"valueName":"search_term_string"}}],"inLanguage":"fr-FR"}]}},"jetpack_sharing_enabled":true,"_links":{"self":[{"href":"https:\/\/atelier-diospyros.fr\/index.php\/wp-json\/wp\/v2\/product\/862"}],"collection":[{"href":"https:\/\/atelier-diospyros.fr\/index.php\/wp-json\/wp\/v2\/product"}],"about":[{"href":"https:\/\/atelier-diospyros.fr\/index.php\/wp-json\/wp\/v2\/types\/product"}],"wp:featuredmedia":[{"embeddable":true,"href":"https:\/\/atelier-diospyros.fr\/index.php\/wp-json\/wp\/v2\/media\/1131"}],"wp:attachment":[{"href":"https:\/\/atelier-diospyros.fr\/index.php\/wp-json\/wp\/v2\/media?parent=862"}],"wp:term":[{"taxonomy":"product_cat","embeddable":true,"href":"https:\/\/atelier-diospyros.fr\/index.php\/wp-json\/wp\/v2\/product_cat?post=862"},{"taxonomy":"product_tag","embeddable":true,"href":"https:\/\/atelier-diospyros.fr\/index.php\/wp-json\/wp\/v2\/product_tag?post=862"}],"curies":[{"name":"wp","href":"https:\/\/api.w.org\/{rel}","templated":true}]}}