{"id":610,"date":"2019-11-27T17:29:51","date_gmt":"2019-11-27T16:29:51","guid":{"rendered":"https:\/\/atelier-diospyros.fr\/?post_type=product&#038;p=610"},"modified":"2023-08-22T18:30:55","modified_gmt":"2023-08-22T16:30:55","slug":"boucles-selva-en-ebene-2","status":"publish","type":"product","link":"https:\/\/atelier-diospyros.fr\/index.php\/produit\/boucles-selva-en-ebene-2\/","title":{"rendered":"Boucles Selva en \u00e9b\u00e8ne"},"content":{"rendered":"[vc_row][vc_column][vc_column_text]Boucles d&rsquo;oreilles<em> Selva<\/em> en <a href=\"https:\/\/fr.wikipedia.org\/wiki\/%C3%89b%C3%A8ne\" target=\"_blank\" rel=\"noopener noreferrer\">\u00e9b\u00e8ne<\/a> et aubier (bois massif).<\/p>\n<p>\u00c9l\u00e9gante et sobre, cette paire de boucles d&rsquo;oreilles <em>Selva en \u00e9b\u00e8ne <\/em>est aussi bien un bijou pour les occasions comme le quotidien.\u00a0 <a href=\"https:\/\/atelier-diospyros.fr\/index.php\/etiquette-produit\/collection-selva\/\">L<\/a><a href=\"https:\/\/atelier-diospyros.fr\/index.php\/etiquette-produit\/collection-selva\/\">a collection <em>Selva<\/em><\/a> et ses formes g\u00e9om\u00e9triques est inspir\u00e9e de l\u2019orf\u00e8vrerie.\u00a0 Ainsi, le bois pr\u00e9cieux, sa finesse et ses couleurs naturelles sont mis en valeur.[\/vc_column_text][\/vc_column][\/vc_row][vc_row][vc_column][vc_column_text]<span style=\"color: #999999;\"><em>Nos cr\u00e9ations sont issues d\u2019une d\u00e9marche \u00e9co-responsable.<\/em><em> Ainsi, nous n\u2019utilisons que des chutes de bois pour notre mati\u00e8re premi\u00e8re, le bois pr\u00e9cieux.<br \/>\nLa valorisation, ou \u00ab\u00a0upcycling\u00a0\u00bb est au c\u0153ur de notre m\u00e9tier. Parce que nous sommes conscients de la valeur inestimable de ces bois rares, nous n\u2019utilisons que des chutes de bois que nous achetons en France. Nos bois sont simplement nourris et prot\u00e9g\u00e9s \u00e0 l\u2019huile de lin. <\/em><\/span><\/p>\n<p><span style=\"color: #999999;\"><em>\u00c0 la mani\u00e8re des pierres pr\u00e9cieuses, nous fa\u00e7onnons nos cr\u00e9ations \u00e0 la main dans une esth\u00e9tique min\u00e9rale et g\u00e9om\u00e9trique.<br \/>\n<\/em><\/span><\/p>\n<p><span style=\"color: #999999;\"><em>En achetant un bijou ou accessoire en bois <a style=\"color: #999999;\" href=\"https:\/\/atelier-diospyros.fr\/index.php\/boutique\/\">Atelier Diospyros<\/a>, vous soutenez l&rsquo;artisanat Made In France, la cr\u00e9ation locale en circuit court ainsi que le savoir-faire de deux artisans Bretons passionn\u00e9s : Merci !<\/em><\/span>[\/vc_column_text][\/vc_column][\/vc_row][vc_row][vc_column][vc_column_text]Ce bijou est une pi\u00e8ce unique. L&rsquo;aubier qui est apparant donne un cot\u00e9 asym\u00e9trique au mod\u00e8le.[\/vc_column_text][\/vc_column][\/vc_row]\n","protected":false},"excerpt":{"rendered":"<p>Boucles d&rsquo;oreilles <a href=\"https:\/\/atelier-diospyros.fr\/index.php\/etiquette-produit\/collection-selva\/?customize_changeset_uuid=af74ae66-a1b1-4d5e-9bc7-dc4e6938da05\"><em>Selva<\/em> <\/a>: Attaches plaqu\u00e9es or sur base laiton. Bois massif (\u00e9b\u00e8ne).<\/p>\n<p><span style=\"color: #808080;\"><em>Livraison : nos cr\u00e9ations sont envoy\u00e9es en lettre suivie dans un d\u00e9lai de 3 \u00e0 5 jours \u00e0 r\u00e9ception du paiement.<\/em><\/span><\/p>\n","protected":false},"featured_media":1198,"template":"","meta":[],"product_cat":[27,24,298],"product_tag":[88,65,64],"class_list":{"0":"post-610","1":"product","2":"type-product","3":"status-publish","4":"has-post-thumbnail","6":"product_cat-bijoux","7":"product_cat-boucles-doreilles","8":"product_cat-selva-bois-massif","9":"product_tag-collection-selva","10":"product_tag-ebene","11":"product_tag-idee-cadeau-femme","13":"first","14":"outofstock","15":"sale","16":"shipping-taxable","17":"purchasable","18":"product-type-simple"},"yoast_head":"<!-- This site is optimized with the Yoast SEO plugin v24.2 - https:\/\/yoast.com\/wordpress\/plugins\/seo\/ -->\n<title>Boucles Selva en \u00e9b\u00e8ne - Atelier diospyros bijoux en bois pr\u00e9cieux<\/title>\n<meta name=\"description\" content=\"Boucles d&#039;oreilles Selva en \u00e9b\u00e8ne (bois massif). Attaches crochet plaqu\u00e9s Or. Fabrication artisanale dans notre atelier en bretagne.\" \/>\n<meta name=\"robots\" content=\"index, follow, max-snippet:-1, max-image-preview:large, max-video-preview:-1\" \/>\n<link rel=\"canonical\" href=\"https:\/\/atelier-diospyros.fr\/index.php\/produit\/boucles-selva-en-ebene-2\/\" \/>\n<meta property=\"og:locale\" content=\"fr_FR\" \/>\n<meta property=\"og:type\" content=\"article\" \/>\n<meta property=\"og:title\" content=\"Boucles Selva en \u00e9b\u00e8ne - Atelier diospyros bijoux en bois pr\u00e9cieux\" \/>\n<meta property=\"og:description\" content=\"Boucles d&#039;oreilles Selva en \u00e9b\u00e8ne (bois massif). Attaches crochet plaqu\u00e9s Or. Fabrication artisanale dans notre atelier en bretagne.\" \/>\n<meta property=\"og:url\" content=\"https:\/\/atelier-diospyros.fr\/index.php\/produit\/boucles-selva-en-ebene-2\/\" \/>\n<meta property=\"og:site_name\" content=\"Atelier Diospyros &amp; Cl\u00e9mence Quitterel\" \/>\n<meta property=\"article:modified_time\" content=\"2023-08-22T16:30:55+00:00\" \/>\n<meta property=\"og:image\" content=\"https:\/\/atelier-diospyros.fr\/wp-content\/uploads\/2019\/11\/IMG_1273-2.jpg\" \/>\n\t<meta property=\"og:image:width\" content=\"1536\" \/>\n\t<meta property=\"og:image:height\" content=\"2048\" \/>\n\t<meta property=\"og:image:type\" content=\"image\/jpeg\" \/>\n<meta name=\"twitter:card\" content=\"summary_large_image\" \/>\n<meta name=\"twitter:label1\" content=\"Dur\u00e9e de lecture estim\u00e9e\" \/>\n\t<meta name=\"twitter:data1\" content=\"1 minute\" \/>\n<script type=\"application\/ld+json\" class=\"yoast-schema-graph\">{\"@context\":\"https:\/\/schema.org\",\"@graph\":[{\"@type\":\"WebPage\",\"@id\":\"https:\/\/atelier-diospyros.fr\/index.php\/produit\/boucles-selva-en-ebene-2\/\",\"url\":\"https:\/\/atelier-diospyros.fr\/index.php\/produit\/boucles-selva-en-ebene-2\/\",\"name\":\"Boucles Selva en \u00e9b\u00e8ne - Atelier diospyros bijoux en bois pr\u00e9cieux\",\"isPartOf\":{\"@id\":\"https:\/\/atelier-diospyros.fr\/#website\"},\"primaryImageOfPage\":{\"@id\":\"https:\/\/atelier-diospyros.fr\/index.php\/produit\/boucles-selva-en-ebene-2\/#primaryimage\"},\"image\":{\"@id\":\"https:\/\/atelier-diospyros.fr\/index.php\/produit\/boucles-selva-en-ebene-2\/#primaryimage\"},\"thumbnailUrl\":\"https:\/\/atelier-diospyros.fr\/wp-content\/uploads\/2019\/11\/IMG_1273-2.jpg\",\"datePublished\":\"2019-11-27T16:29:51+00:00\",\"dateModified\":\"2023-08-22T16:30:55+00:00\",\"description\":\"Boucles d'oreilles Selva en \u00e9b\u00e8ne (bois massif). Attaches crochet plaqu\u00e9s Or. Fabrication artisanale dans notre atelier en bretagne.\",\"breadcrumb\":{\"@id\":\"https:\/\/atelier-diospyros.fr\/index.php\/produit\/boucles-selva-en-ebene-2\/#breadcrumb\"},\"inLanguage\":\"fr-FR\",\"potentialAction\":[{\"@type\":\"ReadAction\",\"target\":[\"https:\/\/atelier-diospyros.fr\/index.php\/produit\/boucles-selva-en-ebene-2\/\"]}]},{\"@type\":\"ImageObject\",\"inLanguage\":\"fr-FR\",\"@id\":\"https:\/\/atelier-diospyros.fr\/index.php\/produit\/boucles-selva-en-ebene-2\/#primaryimage\",\"url\":\"https:\/\/atelier-diospyros.fr\/wp-content\/uploads\/2019\/11\/IMG_1273-2.jpg\",\"contentUrl\":\"https:\/\/atelier-diospyros.fr\/wp-content\/uploads\/2019\/11\/IMG_1273-2.jpg\",\"width\":1536,\"height\":2048,\"caption\":\"Bous d'oreiles pi\u00e8ce unique\"},{\"@type\":\"BreadcrumbList\",\"@id\":\"https:\/\/atelier-diospyros.fr\/index.php\/produit\/boucles-selva-en-ebene-2\/#breadcrumb\",\"itemListElement\":[{\"@type\":\"ListItem\",\"position\":1,\"name\":\"Accueil\",\"item\":\"https:\/\/atelier-diospyros.fr\/\"},{\"@type\":\"ListItem\",\"position\":2,\"name\":\"Boutique\",\"item\":\"https:\/\/atelier-diospyros.fr\/index.php\/boutique\/\"},{\"@type\":\"ListItem\",\"position\":3,\"name\":\"Boucles Selva en \u00e9b\u00e8ne\"}]},{\"@type\":\"WebSite\",\"@id\":\"https:\/\/atelier-diospyros.fr\/#website\",\"url\":\"https:\/\/atelier-diospyros.fr\/\",\"name\":\"Atelier Diospyros &amp; Cl\u00e9mence Quitterel\",\"description\":\"Objets en bois precieux et Cyanotypes : bijoux, d\u00e9coration d&#039;interieur, noeud papillon en bois, planches a decouper\",\"potentialAction\":[{\"@type\":\"SearchAction\",\"target\":{\"@type\":\"EntryPoint\",\"urlTemplate\":\"https:\/\/atelier-diospyros.fr\/?s={search_term_string}\"},\"query-input\":{\"@type\":\"PropertyValueSpecification\",\"valueRequired\":true,\"valueName\":\"search_term_string\"}}],\"inLanguage\":\"fr-FR\"}]}<\/script>\n<!-- \/ Yoast SEO plugin. -->","yoast_head_json":{"title":"Boucles Selva en \u00e9b\u00e8ne - Atelier diospyros bijoux en bois pr\u00e9cieux","description":"Boucles d'oreilles Selva en \u00e9b\u00e8ne (bois massif). Attaches crochet plaqu\u00e9s Or. Fabrication artisanale dans notre atelier en bretagne.","robots":{"index":"index","follow":"follow","max-snippet":"max-snippet:-1","max-image-preview":"max-image-preview:large","max-video-preview":"max-video-preview:-1"},"canonical":"https:\/\/atelier-diospyros.fr\/index.php\/produit\/boucles-selva-en-ebene-2\/","og_locale":"fr_FR","og_type":"article","og_title":"Boucles Selva en \u00e9b\u00e8ne - Atelier diospyros bijoux en bois pr\u00e9cieux","og_description":"Boucles d'oreilles Selva en \u00e9b\u00e8ne (bois massif). Attaches crochet plaqu\u00e9s Or. Fabrication artisanale dans notre atelier en bretagne.","og_url":"https:\/\/atelier-diospyros.fr\/index.php\/produit\/boucles-selva-en-ebene-2\/","og_site_name":"Atelier Diospyros &amp; Cl\u00e9mence Quitterel","article_modified_time":"2023-08-22T16:30:55+00:00","og_image":[{"width":1536,"height":2048,"url":"https:\/\/atelier-diospyros.fr\/wp-content\/uploads\/2019\/11\/IMG_1273-2.jpg","type":"image\/jpeg"}],"twitter_card":"summary_large_image","twitter_misc":{"Dur\u00e9e de lecture estim\u00e9e":"1 minute"},"schema":{"@context":"https:\/\/schema.org","@graph":[{"@type":"WebPage","@id":"https:\/\/atelier-diospyros.fr\/index.php\/produit\/boucles-selva-en-ebene-2\/","url":"https:\/\/atelier-diospyros.fr\/index.php\/produit\/boucles-selva-en-ebene-2\/","name":"Boucles Selva en \u00e9b\u00e8ne - Atelier diospyros bijoux en bois pr\u00e9cieux","isPartOf":{"@id":"https:\/\/atelier-diospyros.fr\/#website"},"primaryImageOfPage":{"@id":"https:\/\/atelier-diospyros.fr\/index.php\/produit\/boucles-selva-en-ebene-2\/#primaryimage"},"image":{"@id":"https:\/\/atelier-diospyros.fr\/index.php\/produit\/boucles-selva-en-ebene-2\/#primaryimage"},"thumbnailUrl":"https:\/\/atelier-diospyros.fr\/wp-content\/uploads\/2019\/11\/IMG_1273-2.jpg","datePublished":"2019-11-27T16:29:51+00:00","dateModified":"2023-08-22T16:30:55+00:00","description":"Boucles d'oreilles Selva en \u00e9b\u00e8ne (bois massif). Attaches crochet plaqu\u00e9s Or. Fabrication artisanale dans notre atelier en bretagne.","breadcrumb":{"@id":"https:\/\/atelier-diospyros.fr\/index.php\/produit\/boucles-selva-en-ebene-2\/#breadcrumb"},"inLanguage":"fr-FR","potentialAction":[{"@type":"ReadAction","target":["https:\/\/atelier-diospyros.fr\/index.php\/produit\/boucles-selva-en-ebene-2\/"]}]},{"@type":"ImageObject","inLanguage":"fr-FR","@id":"https:\/\/atelier-diospyros.fr\/index.php\/produit\/boucles-selva-en-ebene-2\/#primaryimage","url":"https:\/\/atelier-diospyros.fr\/wp-content\/uploads\/2019\/11\/IMG_1273-2.jpg","contentUrl":"https:\/\/atelier-diospyros.fr\/wp-content\/uploads\/2019\/11\/IMG_1273-2.jpg","width":1536,"height":2048,"caption":"Bous d'oreiles pi\u00e8ce unique"},{"@type":"BreadcrumbList","@id":"https:\/\/atelier-diospyros.fr\/index.php\/produit\/boucles-selva-en-ebene-2\/#breadcrumb","itemListElement":[{"@type":"ListItem","position":1,"name":"Accueil","item":"https:\/\/atelier-diospyros.fr\/"},{"@type":"ListItem","position":2,"name":"Boutique","item":"https:\/\/atelier-diospyros.fr\/index.php\/boutique\/"},{"@type":"ListItem","position":3,"name":"Boucles Selva en \u00e9b\u00e8ne"}]},{"@type":"WebSite","@id":"https:\/\/atelier-diospyros.fr\/#website","url":"https:\/\/atelier-diospyros.fr\/","name":"Atelier Diospyros &amp; Cl\u00e9mence Quitterel","description":"Objets en bois precieux et Cyanotypes : bijoux, d\u00e9coration d&#039;interieur, noeud papillon en bois, planches a decouper","potentialAction":[{"@type":"SearchAction","target":{"@type":"EntryPoint","urlTemplate":"https:\/\/atelier-diospyros.fr\/?s={search_term_string}"},"query-input":{"@type":"PropertyValueSpecification","valueRequired":true,"valueName":"search_term_string"}}],"inLanguage":"fr-FR"}]}},"jetpack_sharing_enabled":true,"_links":{"self":[{"href":"https:\/\/atelier-diospyros.fr\/index.php\/wp-json\/wp\/v2\/product\/610"}],"collection":[{"href":"https:\/\/atelier-diospyros.fr\/index.php\/wp-json\/wp\/v2\/product"}],"about":[{"href":"https:\/\/atelier-diospyros.fr\/index.php\/wp-json\/wp\/v2\/types\/product"}],"wp:featuredmedia":[{"embeddable":true,"href":"https:\/\/atelier-diospyros.fr\/index.php\/wp-json\/wp\/v2\/media\/1198"}],"wp:attachment":[{"href":"https:\/\/atelier-diospyros.fr\/index.php\/wp-json\/wp\/v2\/media?parent=610"}],"wp:term":[{"taxonomy":"product_cat","embeddable":true,"href":"https:\/\/atelier-diospyros.fr\/index.php\/wp-json\/wp\/v2\/product_cat?post=610"},{"taxonomy":"product_tag","embeddable":true,"href":"https:\/\/atelier-diospyros.fr\/index.php\/wp-json\/wp\/v2\/product_tag?post=610"}],"curies":[{"name":"wp","href":"https:\/\/api.w.org\/{rel}","templated":true}]}}