{"id":379,"date":"2020-04-23T13:07:29","date_gmt":"2020-04-23T11:07:29","guid":{"rendered":"https:\/\/atelier-diospyros.fr\/?post_type=product&#038;p=379"},"modified":"2025-12-03T14:45:44","modified_gmt":"2025-12-03T13:45:44","slug":"boucles-doreilles-selva-en-bois-de-violette","status":"publish","type":"product","link":"https:\/\/atelier-diospyros.fr\/index.php\/produit\/boucles-doreilles-selva-en-bois-de-violette\/","title":{"rendered":"Boucles Selva en bois de violette"},"content":{"rendered":"[vc_row][vc_column][vc_column_text]Boucles d&rsquo;oreilles<em> Selva<\/em> en <a href=\"https:\/\/fr.wikipedia.org\/wiki\/Dalbergia_cearensis\" target=\"_blank\" rel=\"noopener noreferrer\">bois de violette<\/a> (bois massif).<\/p>\n<p>\u00c9l\u00e9gante et color\u00e9e, cette paire de boucles d&rsquo;oreilles <em>Selva <\/em>est aussi bien un bijou pour les occasions comme le quotidien. <a href=\"https:\/\/atelier-diospyros.fr\/index.php\/etiquette-produit\/collection-selva\/\">L<\/a><a href=\"https:\/\/atelier-diospyros.fr\/index.php\/etiquette-produit\/collection-selva\/\">a collection <em>Selva<\/em><\/a> et ses formes g\u00e9om\u00e9triques est inspir\u00e9e de l\u2019orf\u00e8vrerie.\u00a0 Elle met en valeur ainsi le bois pr\u00e9cieux, ici le bois de violette, sa finesse et ses couleurs naturelles.[\/vc_column_text][\/vc_column][\/vc_row][vc_row][vc_column][vc_column_text]<span style=\"color: #808080;\"><em>Nos cr\u00e9ations sont issues d\u2019une d\u00e9marche \u00e9co-responsable.<\/em><em> Ainsi, nous n\u2019utilisons que des chutes de bois pour notre mati\u00e8re premi\u00e8re, le bois pr\u00e9cieux.<br \/>\nLa valorisation est au c\u0153ur de notre m\u00e9tier. Parce que nous sommes conscients de la valeur inestimable de ces bois rares, nous n\u2019utilisons que des chutes de bois que nous achetons en France. Nos bois sont simplement nourris et prot\u00e9g\u00e9s \u00e0 l\u2019huile de lin. <\/em><\/span><\/p>\n<p><span style=\"color: #808080;\"><em>\u00c0 la mani\u00e8re des pierres pr\u00e9cieuses, nous fa\u00e7onnons nos cr\u00e9ations \u00e0 la main dans une esth\u00e9tique min\u00e9rale et g\u00e9om\u00e9trique.<\/em><\/span><\/p>\n<p><span style=\"color: #999999;\"><em>En achetant un bijou ou accessoire en bois <a style=\"color: #999999;\" href=\"https:\/\/atelier-diospyros.fr\/index.php\/boutique\/\">Atelier Diospyros<\/a>, vous soutenez l&rsquo;artisanat Made In France, la cr\u00e9ation locale en circuit court ainsi que le savoir-faire de deux artisans Bretons passionn\u00e9s : Merci !<\/em><\/span>[\/vc_column_text][\/vc_column][\/vc_row][vc_row][vc_column][vc_column_text]Ce bijou est fabriqu\u00e9 en petite s\u00e9rie, le veinage du bois peut l\u00e9g\u00e8rement varier de la photo pr\u00e9sent\u00e9e.[\/vc_column_text][\/vc_column][\/vc_row]\n","protected":false},"excerpt":{"rendered":"<p>Boucles d&rsquo;oreilles <a href=\"https:\/\/atelier-diospyros.fr\/index.php\/etiquette-produit\/collection-selva\/?customize_changeset_uuid=af74ae66-a1b1-4d5e-9bc7-dc4e6938da05\"><em>Selva<\/em> <\/a> : Attaches en argent. Bois massif (bois de violette).<\/p>\n<p><span style=\"color: #808080;\"><em>Livraison : nos cr\u00e9ations sont envoy\u00e9es en lettre suivie dans un d\u00e9lai de 3 \u00e0 5 jours \u00e0 r\u00e9ception du paiement.<\/em><\/span><\/p>\n","protected":false},"featured_media":1182,"template":"","meta":[],"product_cat":[27,24,298],"product_tag":[35,88,64],"class_list":{"0":"post-379","1":"product","2":"type-product","3":"status-publish","4":"has-post-thumbnail","6":"product_cat-bijoux","7":"product_cat-boucles-doreilles","8":"product_cat-selva-bois-massif","9":"product_tag-bois-de-violette","10":"product_tag-collection-selva","11":"product_tag-idee-cadeau-femme","13":"first","14":"instock","15":"sale","16":"shipping-taxable","17":"purchasable","18":"product-type-simple"},"yoast_head":"<!-- This site is optimized with the Yoast SEO plugin v24.2 - https:\/\/yoast.com\/wordpress\/plugins\/seo\/ -->\n<title>Boucles Selva en bois de violette - Fabriqu\u00e9 en Bretagne<\/title>\n<meta name=\"description\" content=\"Boucles d&#039;oreilles Selva en bois massif (bois de violette). Attaches crochet argent 1\/925. Fabrication artisanale par nos soins.\" \/>\n<meta name=\"robots\" content=\"index, follow, max-snippet:-1, max-image-preview:large, max-video-preview:-1\" \/>\n<link rel=\"canonical\" href=\"https:\/\/atelier-diospyros.fr\/index.php\/produit\/boucles-doreilles-selva-en-bois-de-violette\/\" \/>\n<meta property=\"og:locale\" content=\"fr_FR\" \/>\n<meta property=\"og:type\" content=\"article\" \/>\n<meta property=\"og:title\" content=\"Boucles Selva en bois de violette - Fabriqu\u00e9 en Bretagne\" \/>\n<meta property=\"og:description\" content=\"Boucles d&#039;oreilles Selva en bois massif (bois de violette). Attaches crochet argent 1\/925. Fabrication artisanale par nos soins.\" \/>\n<meta property=\"og:url\" content=\"https:\/\/atelier-diospyros.fr\/index.php\/produit\/boucles-doreilles-selva-en-bois-de-violette\/\" \/>\n<meta property=\"og:site_name\" content=\"Atelier Diospyros &amp; Cl\u00e9mence Quitterel\" \/>\n<meta property=\"article:modified_time\" content=\"2025-12-03T13:45:44+00:00\" \/>\n<meta property=\"og:image\" content=\"https:\/\/atelier-diospyros.fr\/wp-content\/uploads\/2019\/11\/IMG_1049-2.jpg\" \/>\n\t<meta property=\"og:image:width\" content=\"1536\" \/>\n\t<meta property=\"og:image:height\" content=\"2048\" \/>\n\t<meta property=\"og:image:type\" content=\"image\/jpeg\" \/>\n<meta name=\"twitter:card\" content=\"summary_large_image\" \/>\n<meta name=\"twitter:label1\" content=\"Dur\u00e9e de lecture estim\u00e9e\" \/>\n\t<meta name=\"twitter:data1\" content=\"2 minutes\" \/>\n<script type=\"application\/ld+json\" class=\"yoast-schema-graph\">{\"@context\":\"https:\/\/schema.org\",\"@graph\":[{\"@type\":\"WebPage\",\"@id\":\"https:\/\/atelier-diospyros.fr\/index.php\/produit\/boucles-doreilles-selva-en-bois-de-violette\/\",\"url\":\"https:\/\/atelier-diospyros.fr\/index.php\/produit\/boucles-doreilles-selva-en-bois-de-violette\/\",\"name\":\"Boucles Selva en bois de violette - Fabriqu\u00e9 en Bretagne\",\"isPartOf\":{\"@id\":\"https:\/\/atelier-diospyros.fr\/#website\"},\"primaryImageOfPage\":{\"@id\":\"https:\/\/atelier-diospyros.fr\/index.php\/produit\/boucles-doreilles-selva-en-bois-de-violette\/#primaryimage\"},\"image\":{\"@id\":\"https:\/\/atelier-diospyros.fr\/index.php\/produit\/boucles-doreilles-selva-en-bois-de-violette\/#primaryimage\"},\"thumbnailUrl\":\"https:\/\/atelier-diospyros.fr\/wp-content\/uploads\/2019\/11\/IMG_1049-2.jpg\",\"datePublished\":\"2020-04-23T11:07:29+00:00\",\"dateModified\":\"2025-12-03T13:45:44+00:00\",\"description\":\"Boucles d'oreilles Selva en bois massif (bois de violette). Attaches crochet argent 1\/925. Fabrication artisanale par nos soins.\",\"breadcrumb\":{\"@id\":\"https:\/\/atelier-diospyros.fr\/index.php\/produit\/boucles-doreilles-selva-en-bois-de-violette\/#breadcrumb\"},\"inLanguage\":\"fr-FR\",\"potentialAction\":[{\"@type\":\"ReadAction\",\"target\":[\"https:\/\/atelier-diospyros.fr\/index.php\/produit\/boucles-doreilles-selva-en-bois-de-violette\/\"]}]},{\"@type\":\"ImageObject\",\"inLanguage\":\"fr-FR\",\"@id\":\"https:\/\/atelier-diospyros.fr\/index.php\/produit\/boucles-doreilles-selva-en-bois-de-violette\/#primaryimage\",\"url\":\"https:\/\/atelier-diospyros.fr\/wp-content\/uploads\/2019\/11\/IMG_1049-2.jpg\",\"contentUrl\":\"https:\/\/atelier-diospyros.fr\/wp-content\/uploads\/2019\/11\/IMG_1049-2.jpg\",\"width\":1536,\"height\":2048,\"caption\":\"Selva bois de violette\"},{\"@type\":\"BreadcrumbList\",\"@id\":\"https:\/\/atelier-diospyros.fr\/index.php\/produit\/boucles-doreilles-selva-en-bois-de-violette\/#breadcrumb\",\"itemListElement\":[{\"@type\":\"ListItem\",\"position\":1,\"name\":\"Accueil\",\"item\":\"https:\/\/atelier-diospyros.fr\/\"},{\"@type\":\"ListItem\",\"position\":2,\"name\":\"Boutique\",\"item\":\"https:\/\/atelier-diospyros.fr\/index.php\/boutique\/\"},{\"@type\":\"ListItem\",\"position\":3,\"name\":\"Boucles Selva en bois de violette\"}]},{\"@type\":\"WebSite\",\"@id\":\"https:\/\/atelier-diospyros.fr\/#website\",\"url\":\"https:\/\/atelier-diospyros.fr\/\",\"name\":\"Atelier Diospyros &amp; Cl\u00e9mence Quitterel\",\"description\":\"Objets en bois precieux et Cyanotypes : bijoux, d\u00e9coration d&#039;interieur, noeud papillon en bois, planches a decouper\",\"potentialAction\":[{\"@type\":\"SearchAction\",\"target\":{\"@type\":\"EntryPoint\",\"urlTemplate\":\"https:\/\/atelier-diospyros.fr\/?s={search_term_string}\"},\"query-input\":{\"@type\":\"PropertyValueSpecification\",\"valueRequired\":true,\"valueName\":\"search_term_string\"}}],\"inLanguage\":\"fr-FR\"}]}<\/script>\n<!-- \/ Yoast SEO plugin. -->","yoast_head_json":{"title":"Boucles Selva en bois de violette - Fabriqu\u00e9 en Bretagne","description":"Boucles d'oreilles Selva en bois massif (bois de violette). Attaches crochet argent 1\/925. Fabrication artisanale par nos soins.","robots":{"index":"index","follow":"follow","max-snippet":"max-snippet:-1","max-image-preview":"max-image-preview:large","max-video-preview":"max-video-preview:-1"},"canonical":"https:\/\/atelier-diospyros.fr\/index.php\/produit\/boucles-doreilles-selva-en-bois-de-violette\/","og_locale":"fr_FR","og_type":"article","og_title":"Boucles Selva en bois de violette - Fabriqu\u00e9 en Bretagne","og_description":"Boucles d'oreilles Selva en bois massif (bois de violette). Attaches crochet argent 1\/925. Fabrication artisanale par nos soins.","og_url":"https:\/\/atelier-diospyros.fr\/index.php\/produit\/boucles-doreilles-selva-en-bois-de-violette\/","og_site_name":"Atelier Diospyros &amp; Cl\u00e9mence Quitterel","article_modified_time":"2025-12-03T13:45:44+00:00","og_image":[{"width":1536,"height":2048,"url":"https:\/\/atelier-diospyros.fr\/wp-content\/uploads\/2019\/11\/IMG_1049-2.jpg","type":"image\/jpeg"}],"twitter_card":"summary_large_image","twitter_misc":{"Dur\u00e9e de lecture estim\u00e9e":"2 minutes"},"schema":{"@context":"https:\/\/schema.org","@graph":[{"@type":"WebPage","@id":"https:\/\/atelier-diospyros.fr\/index.php\/produit\/boucles-doreilles-selva-en-bois-de-violette\/","url":"https:\/\/atelier-diospyros.fr\/index.php\/produit\/boucles-doreilles-selva-en-bois-de-violette\/","name":"Boucles Selva en bois de violette - Fabriqu\u00e9 en Bretagne","isPartOf":{"@id":"https:\/\/atelier-diospyros.fr\/#website"},"primaryImageOfPage":{"@id":"https:\/\/atelier-diospyros.fr\/index.php\/produit\/boucles-doreilles-selva-en-bois-de-violette\/#primaryimage"},"image":{"@id":"https:\/\/atelier-diospyros.fr\/index.php\/produit\/boucles-doreilles-selva-en-bois-de-violette\/#primaryimage"},"thumbnailUrl":"https:\/\/atelier-diospyros.fr\/wp-content\/uploads\/2019\/11\/IMG_1049-2.jpg","datePublished":"2020-04-23T11:07:29+00:00","dateModified":"2025-12-03T13:45:44+00:00","description":"Boucles d'oreilles Selva en bois massif (bois de violette). Attaches crochet argent 1\/925. Fabrication artisanale par nos soins.","breadcrumb":{"@id":"https:\/\/atelier-diospyros.fr\/index.php\/produit\/boucles-doreilles-selva-en-bois-de-violette\/#breadcrumb"},"inLanguage":"fr-FR","potentialAction":[{"@type":"ReadAction","target":["https:\/\/atelier-diospyros.fr\/index.php\/produit\/boucles-doreilles-selva-en-bois-de-violette\/"]}]},{"@type":"ImageObject","inLanguage":"fr-FR","@id":"https:\/\/atelier-diospyros.fr\/index.php\/produit\/boucles-doreilles-selva-en-bois-de-violette\/#primaryimage","url":"https:\/\/atelier-diospyros.fr\/wp-content\/uploads\/2019\/11\/IMG_1049-2.jpg","contentUrl":"https:\/\/atelier-diospyros.fr\/wp-content\/uploads\/2019\/11\/IMG_1049-2.jpg","width":1536,"height":2048,"caption":"Selva bois de violette"},{"@type":"BreadcrumbList","@id":"https:\/\/atelier-diospyros.fr\/index.php\/produit\/boucles-doreilles-selva-en-bois-de-violette\/#breadcrumb","itemListElement":[{"@type":"ListItem","position":1,"name":"Accueil","item":"https:\/\/atelier-diospyros.fr\/"},{"@type":"ListItem","position":2,"name":"Boutique","item":"https:\/\/atelier-diospyros.fr\/index.php\/boutique\/"},{"@type":"ListItem","position":3,"name":"Boucles Selva en bois de violette"}]},{"@type":"WebSite","@id":"https:\/\/atelier-diospyros.fr\/#website","url":"https:\/\/atelier-diospyros.fr\/","name":"Atelier Diospyros &amp; Cl\u00e9mence Quitterel","description":"Objets en bois precieux et Cyanotypes : bijoux, d\u00e9coration d&#039;interieur, noeud papillon en bois, planches a decouper","potentialAction":[{"@type":"SearchAction","target":{"@type":"EntryPoint","urlTemplate":"https:\/\/atelier-diospyros.fr\/?s={search_term_string}"},"query-input":{"@type":"PropertyValueSpecification","valueRequired":true,"valueName":"search_term_string"}}],"inLanguage":"fr-FR"}]}},"jetpack_sharing_enabled":true,"_links":{"self":[{"href":"https:\/\/atelier-diospyros.fr\/index.php\/wp-json\/wp\/v2\/product\/379"}],"collection":[{"href":"https:\/\/atelier-diospyros.fr\/index.php\/wp-json\/wp\/v2\/product"}],"about":[{"href":"https:\/\/atelier-diospyros.fr\/index.php\/wp-json\/wp\/v2\/types\/product"}],"wp:featuredmedia":[{"embeddable":true,"href":"https:\/\/atelier-diospyros.fr\/index.php\/wp-json\/wp\/v2\/media\/1182"}],"wp:attachment":[{"href":"https:\/\/atelier-diospyros.fr\/index.php\/wp-json\/wp\/v2\/media?parent=379"}],"wp:term":[{"taxonomy":"product_cat","embeddable":true,"href":"https:\/\/atelier-diospyros.fr\/index.php\/wp-json\/wp\/v2\/product_cat?post=379"},{"taxonomy":"product_tag","embeddable":true,"href":"https:\/\/atelier-diospyros.fr\/index.php\/wp-json\/wp\/v2\/product_tag?post=379"}],"curies":[{"name":"wp","href":"https:\/\/api.w.org\/{rel}","templated":true}]}}