{"id":277,"date":"2020-09-08T13:40:30","date_gmt":"2020-09-08T11:40:30","guid":{"rendered":"https:\/\/atelier-diospyros.fr\/?post_type=product&#038;p=277"},"modified":"2024-10-24T10:15:07","modified_gmt":"2024-10-24T08:15:07","slug":"tire-bouchon","status":"publish","type":"product","link":"https:\/\/atelier-diospyros.fr\/index.php\/produit\/tire-bouchon\/","title":{"rendered":"Tire-bouchon en Weng\u00e9"},"content":{"rendered":"[vc_row][vc_column][vc_column_text]\n<div>Tire-bouchon en <a href=\"https:\/\/fr.wikipedia.org\/wiki\/Millettia_laurentii\" target=\"_blank\" rel=\"noopener noreferrer\">Weng\u00e9<\/a> (bois massif).<\/div>\n<div>Incontournable de l&rsquo;ap\u00e9ritif, ce tire-bouchon artisanal en Weng\u00e9 est une pi\u00e8ce unique que nous fabriquons dans notre atelier.<\/div>\n<div>Inspir\u00e9e par les diff\u00e9rentes ambiances li\u00e9es au vin d\u00e9couvrez<a href=\"https:\/\/atelier-diospyros.fr\/index.php\/categorie-produit\/accessoires-maison\/tire-bouchon\/\"> notre gamme de tire-bouchons<\/a>. D\u00e9clin\u00e9s en de nombreuses variantes d&rsquo;essences de bois et donc de couleurs, ils s&rsquo;accorderont \u00e0 la personnalit\u00e9, \u00e0 la table et aux instants de vie de chacun&#8230;<\/div>\n<div>Nous travaillons aussi sur commande. Nous pouvons utiliser un bois de votre choix (en fonction de notre stock disponible), ou m\u00eame un bois que vous nous fournissez, afin de vous cr\u00e9er votre tire-bouchon personnalis\u00e9.<\/div>\n<div><\/div>\n[\/vc_column_text][\/vc_column][\/vc_row][vc_row][vc_column][vc_column_text]<em>Nos cr\u00e9ations sont issues d&rsquo;une d\u00e9marche \u00e9co-responsable. Nous n&rsquo;utilisons que des chutes de bois pour notre mati\u00e8re premi\u00e8re, le bois pr\u00e9cieux. La valorisation est au c\u0153ur de notre m\u00e9tier : conscients de la valeur inestimable de ces bois rares, nous achetons des lots de chutes de bois \u00e0 des fournisseurs fran\u00e7ais, ou \u00e0 des menuisiers\/\u00e9b\u00e9nistes. Nos bois sont simplement huil\u00e9s (huile de lin) pour mettre en valeur les couleurs naturelles du bois. <\/em><\/p>\n<p><em>\u00c0 la mani\u00e8re des pierres pr\u00e9cieuses, nous fa\u00e7onnons nos cr\u00e9ations \u00e0 la main dans une esth\u00e9tique min\u00e9rale et g\u00e9om\u00e9trique.<\/em><span style=\"color: #808080;\"><em>\u00a0<\/em><\/span>[\/vc_column_text][\/vc_column][\/vc_row][vc_row][vc_column][vc_column_text]Nous fabriquons ce tire-bouchon en tr\u00e8s petite s\u00e9rie. Chaque exemplaire est une pi\u00e8ce unique et le veinage du bois peut tr\u00e8s l\u00e9g\u00e8rement varier.[\/vc_column_text][\/vc_column][\/vc_row]\n","protected":false},"excerpt":{"rendered":"<p>Tire-bouchon en bois massif : Weng\u00e9.<\/p>\n<p><span style=\"color: #808080;\"><em>Livraison : nos cr\u00e9ations sont envoy\u00e9es en lettre suivie dans un d\u00e9lai de 3 \u00e0 5 jours \u00e0 r\u00e9ception du paiement.<br \/>\n<\/em><\/span><\/p>\n","protected":false},"featured_media":9161,"template":"","meta":[],"product_cat":[29,34],"product_tag":[62,61],"class_list":{"0":"post-277","1":"product","2":"type-product","3":"status-publish","4":"has-post-thumbnail","6":"product_cat-accessoires-maison","7":"product_cat-tire-bouchon","8":"product_tag-idee-cadeau-homme","9":"product_tag-wenge","11":"first","12":"instock","13":"sold-individually","14":"shipping-taxable","15":"purchasable","16":"product-type-simple"},"yoast_head":"<!-- This site is optimized with the Yoast SEO plugin v24.2 - https:\/\/yoast.com\/wordpress\/plugins\/seo\/ -->\n<title>Tire-bouchon artisanal en bois de weng\u00e9 - Fabriqu\u00e9 en bretagne<\/title>\n<meta name=\"description\" content=\"Tire-bouchon en Weng\u00e9 : d\u00e9couvrez les cr\u00e9ations en bois pr\u00e9cieux de l&#039;atelier Diospyros. Ce tire-bouchon artisanal est une pi\u00e8ce unique en bois massif.\" \/>\n<meta name=\"robots\" content=\"index, follow, max-snippet:-1, max-image-preview:large, max-video-preview:-1\" \/>\n<link rel=\"canonical\" href=\"https:\/\/atelier-diospyros.fr\/index.php\/produit\/tire-bouchon\/\" \/>\n<meta property=\"og:locale\" content=\"fr_FR\" \/>\n<meta property=\"og:type\" content=\"article\" \/>\n<meta property=\"og:title\" content=\"Tire-bouchon artisanal en bois de weng\u00e9 - Fabriqu\u00e9 en bretagne\" \/>\n<meta property=\"og:description\" content=\"Tire-bouchon en Weng\u00e9 : d\u00e9couvrez les cr\u00e9ations en bois pr\u00e9cieux de l&#039;atelier Diospyros. Ce tire-bouchon artisanal est une pi\u00e8ce unique en bois massif.\" \/>\n<meta property=\"og:url\" content=\"https:\/\/atelier-diospyros.fr\/index.php\/produit\/tire-bouchon\/\" \/>\n<meta property=\"og:site_name\" content=\"Atelier Diospyros &amp; Cl\u00e9mence Quitterel\" \/>\n<meta property=\"article:modified_time\" content=\"2024-10-24T08:15:07+00:00\" \/>\n<meta property=\"og:image\" content=\"https:\/\/atelier-diospyros.fr\/wp-content\/uploads\/2019\/07\/IMG_1944.jpg\" \/>\n\t<meta property=\"og:image:width\" content=\"1983\" \/>\n\t<meta property=\"og:image:height\" content=\"1983\" \/>\n\t<meta property=\"og:image:type\" content=\"image\/jpeg\" \/>\n<meta name=\"twitter:card\" content=\"summary_large_image\" \/>\n<meta name=\"twitter:label1\" content=\"Dur\u00e9e de lecture estim\u00e9e\" \/>\n\t<meta name=\"twitter:data1\" content=\"2 minutes\" \/>\n<script type=\"application\/ld+json\" class=\"yoast-schema-graph\">{\"@context\":\"https:\/\/schema.org\",\"@graph\":[{\"@type\":\"WebPage\",\"@id\":\"https:\/\/atelier-diospyros.fr\/index.php\/produit\/tire-bouchon\/\",\"url\":\"https:\/\/atelier-diospyros.fr\/index.php\/produit\/tire-bouchon\/\",\"name\":\"Tire-bouchon artisanal en bois de weng\u00e9 - Fabriqu\u00e9 en bretagne\",\"isPartOf\":{\"@id\":\"https:\/\/atelier-diospyros.fr\/#website\"},\"primaryImageOfPage\":{\"@id\":\"https:\/\/atelier-diospyros.fr\/index.php\/produit\/tire-bouchon\/#primaryimage\"},\"image\":{\"@id\":\"https:\/\/atelier-diospyros.fr\/index.php\/produit\/tire-bouchon\/#primaryimage\"},\"thumbnailUrl\":\"https:\/\/atelier-diospyros.fr\/wp-content\/uploads\/2019\/07\/IMG_1944.jpg\",\"datePublished\":\"2020-09-08T11:40:30+00:00\",\"dateModified\":\"2024-10-24T08:15:07+00:00\",\"description\":\"Tire-bouchon en Weng\u00e9 : d\u00e9couvrez les cr\u00e9ations en bois pr\u00e9cieux de l'atelier Diospyros. Ce tire-bouchon artisanal est une pi\u00e8ce unique en bois massif.\",\"breadcrumb\":{\"@id\":\"https:\/\/atelier-diospyros.fr\/index.php\/produit\/tire-bouchon\/#breadcrumb\"},\"inLanguage\":\"fr-FR\",\"potentialAction\":[{\"@type\":\"ReadAction\",\"target\":[\"https:\/\/atelier-diospyros.fr\/index.php\/produit\/tire-bouchon\/\"]}]},{\"@type\":\"ImageObject\",\"inLanguage\":\"fr-FR\",\"@id\":\"https:\/\/atelier-diospyros.fr\/index.php\/produit\/tire-bouchon\/#primaryimage\",\"url\":\"https:\/\/atelier-diospyros.fr\/wp-content\/uploads\/2019\/07\/IMG_1944.jpg\",\"contentUrl\":\"https:\/\/atelier-diospyros.fr\/wp-content\/uploads\/2019\/07\/IMG_1944.jpg\",\"width\":1983,\"height\":1983},{\"@type\":\"BreadcrumbList\",\"@id\":\"https:\/\/atelier-diospyros.fr\/index.php\/produit\/tire-bouchon\/#breadcrumb\",\"itemListElement\":[{\"@type\":\"ListItem\",\"position\":1,\"name\":\"Accueil\",\"item\":\"https:\/\/atelier-diospyros.fr\/\"},{\"@type\":\"ListItem\",\"position\":2,\"name\":\"Boutique\",\"item\":\"https:\/\/atelier-diospyros.fr\/index.php\/boutique\/\"},{\"@type\":\"ListItem\",\"position\":3,\"name\":\"Tire-bouchon en Weng\u00e9\"}]},{\"@type\":\"WebSite\",\"@id\":\"https:\/\/atelier-diospyros.fr\/#website\",\"url\":\"https:\/\/atelier-diospyros.fr\/\",\"name\":\"Atelier Diospyros &amp; Cl\u00e9mence Quitterel\",\"description\":\"Objets en bois precieux et Cyanotypes : bijoux, d\u00e9coration d&#039;interieur, noeud papillon en bois, planches a decouper\",\"potentialAction\":[{\"@type\":\"SearchAction\",\"target\":{\"@type\":\"EntryPoint\",\"urlTemplate\":\"https:\/\/atelier-diospyros.fr\/?s={search_term_string}\"},\"query-input\":{\"@type\":\"PropertyValueSpecification\",\"valueRequired\":true,\"valueName\":\"search_term_string\"}}],\"inLanguage\":\"fr-FR\"}]}<\/script>\n<!-- \/ Yoast SEO plugin. -->","yoast_head_json":{"title":"Tire-bouchon artisanal en bois de weng\u00e9 - Fabriqu\u00e9 en bretagne","description":"Tire-bouchon en Weng\u00e9 : d\u00e9couvrez les cr\u00e9ations en bois pr\u00e9cieux de l'atelier Diospyros. Ce tire-bouchon artisanal est une pi\u00e8ce unique en bois massif.","robots":{"index":"index","follow":"follow","max-snippet":"max-snippet:-1","max-image-preview":"max-image-preview:large","max-video-preview":"max-video-preview:-1"},"canonical":"https:\/\/atelier-diospyros.fr\/index.php\/produit\/tire-bouchon\/","og_locale":"fr_FR","og_type":"article","og_title":"Tire-bouchon artisanal en bois de weng\u00e9 - Fabriqu\u00e9 en bretagne","og_description":"Tire-bouchon en Weng\u00e9 : d\u00e9couvrez les cr\u00e9ations en bois pr\u00e9cieux de l'atelier Diospyros. Ce tire-bouchon artisanal est une pi\u00e8ce unique en bois massif.","og_url":"https:\/\/atelier-diospyros.fr\/index.php\/produit\/tire-bouchon\/","og_site_name":"Atelier Diospyros &amp; Cl\u00e9mence Quitterel","article_modified_time":"2024-10-24T08:15:07+00:00","og_image":[{"width":1983,"height":1983,"url":"https:\/\/atelier-diospyros.fr\/wp-content\/uploads\/2019\/07\/IMG_1944.jpg","type":"image\/jpeg"}],"twitter_card":"summary_large_image","twitter_misc":{"Dur\u00e9e de lecture estim\u00e9e":"2 minutes"},"schema":{"@context":"https:\/\/schema.org","@graph":[{"@type":"WebPage","@id":"https:\/\/atelier-diospyros.fr\/index.php\/produit\/tire-bouchon\/","url":"https:\/\/atelier-diospyros.fr\/index.php\/produit\/tire-bouchon\/","name":"Tire-bouchon artisanal en bois de weng\u00e9 - Fabriqu\u00e9 en bretagne","isPartOf":{"@id":"https:\/\/atelier-diospyros.fr\/#website"},"primaryImageOfPage":{"@id":"https:\/\/atelier-diospyros.fr\/index.php\/produit\/tire-bouchon\/#primaryimage"},"image":{"@id":"https:\/\/atelier-diospyros.fr\/index.php\/produit\/tire-bouchon\/#primaryimage"},"thumbnailUrl":"https:\/\/atelier-diospyros.fr\/wp-content\/uploads\/2019\/07\/IMG_1944.jpg","datePublished":"2020-09-08T11:40:30+00:00","dateModified":"2024-10-24T08:15:07+00:00","description":"Tire-bouchon en Weng\u00e9 : d\u00e9couvrez les cr\u00e9ations en bois pr\u00e9cieux de l'atelier Diospyros. Ce tire-bouchon artisanal est une pi\u00e8ce unique en bois massif.","breadcrumb":{"@id":"https:\/\/atelier-diospyros.fr\/index.php\/produit\/tire-bouchon\/#breadcrumb"},"inLanguage":"fr-FR","potentialAction":[{"@type":"ReadAction","target":["https:\/\/atelier-diospyros.fr\/index.php\/produit\/tire-bouchon\/"]}]},{"@type":"ImageObject","inLanguage":"fr-FR","@id":"https:\/\/atelier-diospyros.fr\/index.php\/produit\/tire-bouchon\/#primaryimage","url":"https:\/\/atelier-diospyros.fr\/wp-content\/uploads\/2019\/07\/IMG_1944.jpg","contentUrl":"https:\/\/atelier-diospyros.fr\/wp-content\/uploads\/2019\/07\/IMG_1944.jpg","width":1983,"height":1983},{"@type":"BreadcrumbList","@id":"https:\/\/atelier-diospyros.fr\/index.php\/produit\/tire-bouchon\/#breadcrumb","itemListElement":[{"@type":"ListItem","position":1,"name":"Accueil","item":"https:\/\/atelier-diospyros.fr\/"},{"@type":"ListItem","position":2,"name":"Boutique","item":"https:\/\/atelier-diospyros.fr\/index.php\/boutique\/"},{"@type":"ListItem","position":3,"name":"Tire-bouchon en Weng\u00e9"}]},{"@type":"WebSite","@id":"https:\/\/atelier-diospyros.fr\/#website","url":"https:\/\/atelier-diospyros.fr\/","name":"Atelier Diospyros &amp; Cl\u00e9mence Quitterel","description":"Objets en bois precieux et Cyanotypes : bijoux, d\u00e9coration d&#039;interieur, noeud papillon en bois, planches a decouper","potentialAction":[{"@type":"SearchAction","target":{"@type":"EntryPoint","urlTemplate":"https:\/\/atelier-diospyros.fr\/?s={search_term_string}"},"query-input":{"@type":"PropertyValueSpecification","valueRequired":true,"valueName":"search_term_string"}}],"inLanguage":"fr-FR"}]}},"jetpack_sharing_enabled":true,"_links":{"self":[{"href":"https:\/\/atelier-diospyros.fr\/index.php\/wp-json\/wp\/v2\/product\/277"}],"collection":[{"href":"https:\/\/atelier-diospyros.fr\/index.php\/wp-json\/wp\/v2\/product"}],"about":[{"href":"https:\/\/atelier-diospyros.fr\/index.php\/wp-json\/wp\/v2\/types\/product"}],"wp:featuredmedia":[{"embeddable":true,"href":"https:\/\/atelier-diospyros.fr\/index.php\/wp-json\/wp\/v2\/media\/9161"}],"wp:attachment":[{"href":"https:\/\/atelier-diospyros.fr\/index.php\/wp-json\/wp\/v2\/media?parent=277"}],"wp:term":[{"taxonomy":"product_cat","embeddable":true,"href":"https:\/\/atelier-diospyros.fr\/index.php\/wp-json\/wp\/v2\/product_cat?post=277"},{"taxonomy":"product_tag","embeddable":true,"href":"https:\/\/atelier-diospyros.fr\/index.php\/wp-json\/wp\/v2\/product_tag?post=277"}],"curies":[{"name":"wp","href":"https:\/\/api.w.org\/{rel}","templated":true}]}}