{"id":1288,"date":"2020-05-29T08:29:58","date_gmt":"2020-05-29T06:29:58","guid":{"rendered":"https:\/\/atelier-diospyros.fr\/?post_type=product&#038;p=1288"},"modified":"2023-08-22T18:05:27","modified_gmt":"2023-08-22T16:05:27","slug":"porte-clefs-wenge","status":"publish","type":"product","link":"https:\/\/atelier-diospyros.fr\/index.php\/produit\/porte-clefs-wenge\/","title":{"rendered":"Porte-clefs en weng\u00e9"},"content":{"rendered":"[vc_row][vc_column][vc_column_text]Porte clefs en<a href=\"https:\/\/fr.wikipedia.org\/wiki\/Millettia_laurentii\"> weng\u00e9<\/a> (bois massif).<\/p>\n<p>Original et color\u00e9, ce porte cl\u00e9s artisanal en bois de weng\u00e9 est assorti \u00e0 un cordon en su\u00e9dine verte.<\/p>\n<p>Une id\u00e9e cadeau qui plaira aux hommes comme aux femmes, petits et grands.<\/p>\n<p>&nbsp;<\/p>\n<p>Faites vous plaisir avec le bois pr\u00e9cieux : d\u00e9couvrez sa finesse et ses couleurs naturelles !<\/p>\n<p>Vous aimez cette essence de bois ? <a href=\"https:\/\/atelier-diospyros.fr\/index.php\/etiquette-produit\/wenge\/\">D\u00e9couvrez nos autres cr\u00e9ations en weng\u00e9<\/a>.[\/vc_column_text][\/vc_column][\/vc_row][vc_row][vc_column][vc_column_text]<span style=\"color: #999999;\"><em>Nos cr\u00e9ations sont issues d\u2019une d\u00e9marche \u00e9co-responsable.<\/em><em> Ainsi, nous n\u2019utilisons que des chutes de bois pour notre mati\u00e8re premi\u00e8re, le bois pr\u00e9cieux.<br \/>\nLa valorisation, ou \u00ab\u00a0upcycling\u00a0\u00bb est au c\u0153ur de notre m\u00e9tier. Parce que nous sommes conscients de la valeur inestimable de ces bois rares, nous n\u2019utilisons que des chutes de bois que nous achetons en France. Nos bois sont simplement nourris et prot\u00e9g\u00e9s \u00e0 l\u2019huile de lin. <\/em><\/span><\/p>\n<p><span style=\"color: #999999;\"><em>\u00c0 la mani\u00e8re des pierres pr\u00e9cieuses, nous fa\u00e7onnons nos cr\u00e9ations \u00e0 la main dans une esth\u00e9tique min\u00e9rale et g\u00e9om\u00e9trique.<br \/>\n<\/em><\/span><\/p>\n<p><span style=\"color: #999999;\"><em>En achetant un bijou ou accessoire en bois <a style=\"color: #999999;\" href=\"https:\/\/atelier-diospyros.fr\/index.php\/boutique\/\">Atelier Diospyros<\/a>, vous soutenez l&rsquo;artisanat Made In France, la cr\u00e9ation locale en circuit court ainsi que le savoir-faire de deux artisans Bretons passionn\u00e9s : Merci !<\/em><\/span>[\/vc_column_text][\/vc_column][\/vc_row][vc_row][vc_column][\/vc_column][\/vc_row]\n","protected":false},"excerpt":{"rendered":"<p>Porte cl\u00e9fs : Bois massif, su\u00e9dine, anneau en m\u00e9tal.<\/p>\n<p><span style=\"color: #808080;\"><em>Livraison : nos cr\u00e9ations sont envoy\u00e9es en lettre suivie dans un d\u00e9lai de 3 \u00e0 5 jours \u00e0 r\u00e9ception du paiement.<\/em><\/span><\/p>\n","protected":false},"featured_media":1298,"template":"","meta":[],"product_cat":[29,76],"product_tag":[106,64,62,61],"class_list":{"0":"post-1288","1":"product","2":"type-product","3":"status-publish","4":"has-post-thumbnail","6":"product_cat-accessoires-maison","7":"product_cat-porte-cles","8":"product_tag-idee-cadeau-enfant","9":"product_tag-idee-cadeau-femme","10":"product_tag-idee-cadeau-homme","11":"product_tag-wenge","13":"first","14":"outofstock","15":"shipping-taxable","16":"purchasable","17":"product-type-simple"},"yoast_head":"<!-- This site is optimized with the Yoast SEO plugin v24.2 - https:\/\/yoast.com\/wordpress\/plugins\/seo\/ -->\n<title>Porte-clefs en weng\u00e9 - Atelier Diospyros - Fabriqu\u00e9 en Bretagne<\/title>\n<meta name=\"description\" content=\"Porte clefs en bois massif (weng\u00e9). cordon en su\u00e9dine. Fabrication artisanale dans notre atelier &quot;LEs Artisans Voyageurs&quot; \u00e0 Foug\u00e8res (35).\" \/>\n<meta name=\"robots\" content=\"index, follow, max-snippet:-1, max-image-preview:large, max-video-preview:-1\" \/>\n<link rel=\"canonical\" href=\"https:\/\/atelier-diospyros.fr\/index.php\/produit\/porte-clefs-wenge\/\" \/>\n<meta property=\"og:locale\" content=\"fr_FR\" \/>\n<meta property=\"og:type\" content=\"article\" \/>\n<meta property=\"og:title\" content=\"Porte-clefs en weng\u00e9 - Atelier Diospyros - Fabriqu\u00e9 en Bretagne\" \/>\n<meta property=\"og:description\" content=\"Porte clefs en bois massif (weng\u00e9). cordon en su\u00e9dine. Fabrication artisanale dans notre atelier &quot;LEs Artisans Voyageurs&quot; \u00e0 Foug\u00e8res (35).\" \/>\n<meta property=\"og:url\" content=\"https:\/\/atelier-diospyros.fr\/index.php\/produit\/porte-clefs-wenge\/\" \/>\n<meta property=\"og:site_name\" content=\"Atelier Diospyros &amp; Cl\u00e9mence Quitterel\" \/>\n<meta property=\"article:modified_time\" content=\"2023-08-22T16:05:27+00:00\" \/>\n<meta property=\"og:image\" content=\"https:\/\/atelier-diospyros.fr\/wp-content\/uploads\/2020\/05\/IMG_1416.jpg\" \/>\n\t<meta property=\"og:image:width\" content=\"1536\" \/>\n\t<meta property=\"og:image:height\" content=\"2048\" \/>\n\t<meta property=\"og:image:type\" content=\"image\/jpeg\" \/>\n<meta name=\"twitter:card\" content=\"summary_large_image\" \/>\n<meta name=\"twitter:label1\" content=\"Dur\u00e9e de lecture estim\u00e9e\" \/>\n\t<meta name=\"twitter:data1\" content=\"1 minute\" \/>\n<script type=\"application\/ld+json\" class=\"yoast-schema-graph\">{\"@context\":\"https:\/\/schema.org\",\"@graph\":[{\"@type\":\"WebPage\",\"@id\":\"https:\/\/atelier-diospyros.fr\/index.php\/produit\/porte-clefs-wenge\/\",\"url\":\"https:\/\/atelier-diospyros.fr\/index.php\/produit\/porte-clefs-wenge\/\",\"name\":\"Porte-clefs en weng\u00e9 - Atelier Diospyros - Fabriqu\u00e9 en Bretagne\",\"isPartOf\":{\"@id\":\"https:\/\/atelier-diospyros.fr\/#website\"},\"primaryImageOfPage\":{\"@id\":\"https:\/\/atelier-diospyros.fr\/index.php\/produit\/porte-clefs-wenge\/#primaryimage\"},\"image\":{\"@id\":\"https:\/\/atelier-diospyros.fr\/index.php\/produit\/porte-clefs-wenge\/#primaryimage\"},\"thumbnailUrl\":\"https:\/\/atelier-diospyros.fr\/wp-content\/uploads\/2020\/05\/IMG_1416.jpg\",\"datePublished\":\"2020-05-29T06:29:58+00:00\",\"dateModified\":\"2023-08-22T16:05:27+00:00\",\"description\":\"Porte clefs en bois massif (weng\u00e9). cordon en su\u00e9dine. Fabrication artisanale dans notre atelier \\\"LEs Artisans Voyageurs\\\" \u00e0 Foug\u00e8res (35).\",\"breadcrumb\":{\"@id\":\"https:\/\/atelier-diospyros.fr\/index.php\/produit\/porte-clefs-wenge\/#breadcrumb\"},\"inLanguage\":\"fr-FR\",\"potentialAction\":[{\"@type\":\"ReadAction\",\"target\":[\"https:\/\/atelier-diospyros.fr\/index.php\/produit\/porte-clefs-wenge\/\"]}]},{\"@type\":\"ImageObject\",\"inLanguage\":\"fr-FR\",\"@id\":\"https:\/\/atelier-diospyros.fr\/index.php\/produit\/porte-clefs-wenge\/#primaryimage\",\"url\":\"https:\/\/atelier-diospyros.fr\/wp-content\/uploads\/2020\/05\/IMG_1416.jpg\",\"contentUrl\":\"https:\/\/atelier-diospyros.fr\/wp-content\/uploads\/2020\/05\/IMG_1416.jpg\",\"width\":1536,\"height\":2048,\"caption\":\"porte clefs wenge\"},{\"@type\":\"BreadcrumbList\",\"@id\":\"https:\/\/atelier-diospyros.fr\/index.php\/produit\/porte-clefs-wenge\/#breadcrumb\",\"itemListElement\":[{\"@type\":\"ListItem\",\"position\":1,\"name\":\"Accueil\",\"item\":\"https:\/\/atelier-diospyros.fr\/\"},{\"@type\":\"ListItem\",\"position\":2,\"name\":\"Boutique\",\"item\":\"https:\/\/atelier-diospyros.fr\/index.php\/boutique\/\"},{\"@type\":\"ListItem\",\"position\":3,\"name\":\"Porte-clefs en weng\u00e9\"}]},{\"@type\":\"WebSite\",\"@id\":\"https:\/\/atelier-diospyros.fr\/#website\",\"url\":\"https:\/\/atelier-diospyros.fr\/\",\"name\":\"Atelier Diospyros &amp; Cl\u00e9mence Quitterel\",\"description\":\"Objets en bois precieux et Cyanotypes : bijoux, d\u00e9coration d&#039;interieur, noeud papillon en bois, planches a decouper\",\"potentialAction\":[{\"@type\":\"SearchAction\",\"target\":{\"@type\":\"EntryPoint\",\"urlTemplate\":\"https:\/\/atelier-diospyros.fr\/?s={search_term_string}\"},\"query-input\":{\"@type\":\"PropertyValueSpecification\",\"valueRequired\":true,\"valueName\":\"search_term_string\"}}],\"inLanguage\":\"fr-FR\"}]}<\/script>\n<!-- \/ Yoast SEO plugin. -->","yoast_head_json":{"title":"Porte-clefs en weng\u00e9 - Atelier Diospyros - Fabriqu\u00e9 en Bretagne","description":"Porte clefs en bois massif (weng\u00e9). cordon en su\u00e9dine. Fabrication artisanale dans notre atelier \"LEs Artisans Voyageurs\" \u00e0 Foug\u00e8res (35).","robots":{"index":"index","follow":"follow","max-snippet":"max-snippet:-1","max-image-preview":"max-image-preview:large","max-video-preview":"max-video-preview:-1"},"canonical":"https:\/\/atelier-diospyros.fr\/index.php\/produit\/porte-clefs-wenge\/","og_locale":"fr_FR","og_type":"article","og_title":"Porte-clefs en weng\u00e9 - Atelier Diospyros - Fabriqu\u00e9 en Bretagne","og_description":"Porte clefs en bois massif (weng\u00e9). cordon en su\u00e9dine. Fabrication artisanale dans notre atelier \"LEs Artisans Voyageurs\" \u00e0 Foug\u00e8res (35).","og_url":"https:\/\/atelier-diospyros.fr\/index.php\/produit\/porte-clefs-wenge\/","og_site_name":"Atelier Diospyros &amp; Cl\u00e9mence Quitterel","article_modified_time":"2023-08-22T16:05:27+00:00","og_image":[{"width":1536,"height":2048,"url":"https:\/\/atelier-diospyros.fr\/wp-content\/uploads\/2020\/05\/IMG_1416.jpg","type":"image\/jpeg"}],"twitter_card":"summary_large_image","twitter_misc":{"Dur\u00e9e de lecture estim\u00e9e":"1 minute"},"schema":{"@context":"https:\/\/schema.org","@graph":[{"@type":"WebPage","@id":"https:\/\/atelier-diospyros.fr\/index.php\/produit\/porte-clefs-wenge\/","url":"https:\/\/atelier-diospyros.fr\/index.php\/produit\/porte-clefs-wenge\/","name":"Porte-clefs en weng\u00e9 - Atelier Diospyros - Fabriqu\u00e9 en Bretagne","isPartOf":{"@id":"https:\/\/atelier-diospyros.fr\/#website"},"primaryImageOfPage":{"@id":"https:\/\/atelier-diospyros.fr\/index.php\/produit\/porte-clefs-wenge\/#primaryimage"},"image":{"@id":"https:\/\/atelier-diospyros.fr\/index.php\/produit\/porte-clefs-wenge\/#primaryimage"},"thumbnailUrl":"https:\/\/atelier-diospyros.fr\/wp-content\/uploads\/2020\/05\/IMG_1416.jpg","datePublished":"2020-05-29T06:29:58+00:00","dateModified":"2023-08-22T16:05:27+00:00","description":"Porte clefs en bois massif (weng\u00e9). cordon en su\u00e9dine. Fabrication artisanale dans notre atelier \"LEs Artisans Voyageurs\" \u00e0 Foug\u00e8res (35).","breadcrumb":{"@id":"https:\/\/atelier-diospyros.fr\/index.php\/produit\/porte-clefs-wenge\/#breadcrumb"},"inLanguage":"fr-FR","potentialAction":[{"@type":"ReadAction","target":["https:\/\/atelier-diospyros.fr\/index.php\/produit\/porte-clefs-wenge\/"]}]},{"@type":"ImageObject","inLanguage":"fr-FR","@id":"https:\/\/atelier-diospyros.fr\/index.php\/produit\/porte-clefs-wenge\/#primaryimage","url":"https:\/\/atelier-diospyros.fr\/wp-content\/uploads\/2020\/05\/IMG_1416.jpg","contentUrl":"https:\/\/atelier-diospyros.fr\/wp-content\/uploads\/2020\/05\/IMG_1416.jpg","width":1536,"height":2048,"caption":"porte clefs wenge"},{"@type":"BreadcrumbList","@id":"https:\/\/atelier-diospyros.fr\/index.php\/produit\/porte-clefs-wenge\/#breadcrumb","itemListElement":[{"@type":"ListItem","position":1,"name":"Accueil","item":"https:\/\/atelier-diospyros.fr\/"},{"@type":"ListItem","position":2,"name":"Boutique","item":"https:\/\/atelier-diospyros.fr\/index.php\/boutique\/"},{"@type":"ListItem","position":3,"name":"Porte-clefs en weng\u00e9"}]},{"@type":"WebSite","@id":"https:\/\/atelier-diospyros.fr\/#website","url":"https:\/\/atelier-diospyros.fr\/","name":"Atelier Diospyros &amp; Cl\u00e9mence Quitterel","description":"Objets en bois precieux et Cyanotypes : bijoux, d\u00e9coration d&#039;interieur, noeud papillon en bois, planches a decouper","potentialAction":[{"@type":"SearchAction","target":{"@type":"EntryPoint","urlTemplate":"https:\/\/atelier-diospyros.fr\/?s={search_term_string}"},"query-input":{"@type":"PropertyValueSpecification","valueRequired":true,"valueName":"search_term_string"}}],"inLanguage":"fr-FR"}]}},"jetpack_sharing_enabled":true,"_links":{"self":[{"href":"https:\/\/atelier-diospyros.fr\/index.php\/wp-json\/wp\/v2\/product\/1288"}],"collection":[{"href":"https:\/\/atelier-diospyros.fr\/index.php\/wp-json\/wp\/v2\/product"}],"about":[{"href":"https:\/\/atelier-diospyros.fr\/index.php\/wp-json\/wp\/v2\/types\/product"}],"wp:featuredmedia":[{"embeddable":true,"href":"https:\/\/atelier-diospyros.fr\/index.php\/wp-json\/wp\/v2\/media\/1298"}],"wp:attachment":[{"href":"https:\/\/atelier-diospyros.fr\/index.php\/wp-json\/wp\/v2\/media?parent=1288"}],"wp:term":[{"taxonomy":"product_cat","embeddable":true,"href":"https:\/\/atelier-diospyros.fr\/index.php\/wp-json\/wp\/v2\/product_cat?post=1288"},{"taxonomy":"product_tag","embeddable":true,"href":"https:\/\/atelier-diospyros.fr\/index.php\/wp-json\/wp\/v2\/product_tag?post=1288"}],"curies":[{"name":"wp","href":"https:\/\/api.w.org\/{rel}","templated":true}]}}