{"id":11132,"date":"2026-04-03T16:03:19","date_gmt":"2026-04-03T14:03:19","guid":{"rendered":"https:\/\/atelier-diospyros.fr\/?post_type=product&#038;p=11132"},"modified":"2026-04-03T16:27:47","modified_gmt":"2026-04-03T14:27:47","slug":"planche-a-decouper","status":"publish","type":"product","link":"https:\/\/atelier-diospyros.fr\/index.php\/produit\/planche-a-decouper\/","title":{"rendered":"Nouvelles Planches \u00e0 d\u00e9couper"},"content":{"rendered":"<p><em><strong>Nos planches \u00e0 d\u00e9couper, c\u2019est la rencontre de deux passionn\u00e9s par le design, la cuisine et le travail du bois !<\/strong><\/em><\/p>\n<p>V\u00e9ritable planche \u00e0 d\u00e9couper, elle accueillera vos l\u00e9gumes, pains et saucissons !<br \/>\n\u00c0 la fois utiles et d\u00e9coratives, ce sont des pi\u00e8ces indispensables en cuisine. Inspir\u00e9es par le design dans anciennes planches \u00e0 d\u00e9couper, donner un look vintage avec une pi\u00e8ce artisanale fabriqu\u00e9e en Bretagne dans notre atelier.<\/p>\n<h3><strong>Une petite planche : pour l&rsquo;ap\u00e9ro !<\/strong><\/h3>\n<p>Id\u00e9ale pour les saucissons, petites mises en bouche&#8230;<\/p>\n<p>&nbsp;<\/p>\n<h3><strong>Une grande planche : pour cuisiner !<\/strong><\/h3>\n<p>Id\u00e9ale pour votre baguette, votre poireau ou un filet mignon !<strong><br \/>\n<\/strong><\/p>\n<p>&nbsp;<\/p>\n<p>Planches en bois de<a href=\"https:\/\/fr.wikipedia.org\/wiki\/H%C3%AAtre_commun\"> h\u00eatre<\/a> ou ch\u00e2taigner\u00a0 (propri\u00e9t\u00e9s anti bact\u00e9rienne) fabriqu\u00e9es en petite s\u00e9rie (le veinage du bois peu donc varier l\u00e9g\u00e8rement).<br \/>\nNotre objectif est de concevoir un objet de cuisine de qualit\u00e9, \u00e0 partir de bois brut, sans traitement chimique et \u00e9coresponsable.<\/p>\n<p>&nbsp;<\/p>\n<h5>Des planches \u00e0 d\u00e9couper artisanale enti\u00e8rement fabriqu\u00e9es en Bretagne<\/h5>\n<p>Dessin\u00e9es dans <a href=\"https:\/\/atelier-diospyros.fr\/index.php\/2020\/06\/12\/latelier-galerie-des-artisans-voyageurs-fougeres\/\">notre atelier,<\/a> ces planches sont issues de la r\u00e9cup\u00e9ration d&rsquo;anciens meubles fabriqu\u00e9s en bois non trait\u00e9. Les dimensions et les essences varient : choisissez la planche qui vous plait !<\/p>\n<p>Designer et \u00e9b\u00e9niste, nous imaginons et concevons nos cr\u00e9ations \u00e0 quatre main dans notre atelier breton. \u00c0 la mani\u00e8re des pierres pr\u00e9cieuses, nos cr\u00e9ations sont inscrites dans une esth\u00e9tique min\u00e9rale et g\u00e9om\u00e9trique.<\/p>\n<p>En achetant une cr\u00e9ation en bois Atelier Diospyros, vous soutenez l\u2019artisanat Made In France, la cr\u00e9ation locale en circuit court ainsi que le savoir-faire de deux artisans Bretons passionn\u00e9s : Merci !<\/p>\n<p>&nbsp;<\/p>\n<h5>Des planches \u00e0 d\u00e9couper pour les professionnels<\/h5>\n<p><em><strong>Vous \u00eates professionnels, n&rsquo;h\u00e9sitez pas \u00e0 nous contacter pour b\u00e9n\u00e9ficier de nos conditions particuli\u00e8res.<\/strong><\/em><\/p>\n<p>Cuisinistes, bouchers, restaurateurs, revendeurs, entreprises, comit\u00e9s d&rsquo;entreprise&#8230;, notre \u00e9quipe met tout en \u0153uvre pour vous satisfaire.<br \/>\nUne planche \u00e0 d\u00e9couper artisanale peut \u00eatre un magnifique cadeau personnalis\u00e9 pour vos clients ou vos salari\u00e9s.<br \/>\nNous vous proposons de vous rencontrer en amont de votre projet pour le r\u00e9aliser au mieux.<\/p>\n<h5><\/h5>\n<h5>Entretien de votre planche \u00e0 d\u00e9couper<\/h5>\n<p>Ne pas laver votre planche au lave vaisselle.<br \/>\nUn simple lavage l\u00e9ger \u00e0 la main puis un s\u00e9chage avec un chiffon suffisent.<\/p>\n","protected":false},"excerpt":{"rendered":"<p>Planches \u00e0 d\u00e9couper en bois.Petit mod\u00e8le(22 \u20ac) et Grand Mod\u00e8le (38\u20ac) au choix<\/p>\n","protected":false},"featured_media":11133,"template":"","meta":[],"product_cat":[29,193],"product_tag":[195,295,560,64,62,196,112,167,192,168,559],"class_list":{"0":"post-11132","1":"product","2":"type-product","3":"status-publish","4":"has-post-thumbnail","6":"product_cat-accessoires-maison","7":"product_cat-planches-a-decouper","8":"product_tag-artisanal","9":"product_tag-chataigner","10":"product_tag-cuisiner","11":"product_tag-idee-cadeau-femme","12":"product_tag-idee-cadeau-homme","13":"product_tag-made-in-france","14":"product_tag-noyer","15":"product_tag-planche-a-decouper","16":"product_tag-planche-a-saucisson","17":"product_tag-planche-apero","18":"product_tag-planche-bois","20":"first","21":"instock","22":"shipping-taxable","23":"purchasable","24":"product-type-variable"},"yoast_head":"<!-- This site is optimized with the Yoast SEO plugin v24.2 - https:\/\/yoast.com\/wordpress\/plugins\/seo\/ -->\n<title>Nouvelles Planches \u00e0 d\u00e9couper -<\/title>\n<meta name=\"description\" content=\"La planche d&#039;ici : v\u00e9ritable planche \u00e0 d\u00e9couper en bois de h\u00eatre, elle accueillera vos pains, l\u00e9gumes, viandes \u00e0 la d\u00e9coupe\u2026\" \/>\n<meta name=\"robots\" content=\"index, follow, max-snippet:-1, max-image-preview:large, max-video-preview:-1\" \/>\n<link rel=\"canonical\" href=\"https:\/\/atelier-diospyros.fr\/index.php\/produit\/planche-a-decouper\/\" \/>\n<meta property=\"og:locale\" content=\"fr_FR\" \/>\n<meta property=\"og:type\" content=\"article\" \/>\n<meta property=\"og:title\" content=\"Nouvelles Planches \u00e0 d\u00e9couper -\" \/>\n<meta property=\"og:description\" content=\"La planche d&#039;ici : v\u00e9ritable planche \u00e0 d\u00e9couper en bois de h\u00eatre, elle accueillera vos pains, l\u00e9gumes, viandes \u00e0 la d\u00e9coupe\u2026\" \/>\n<meta property=\"og:url\" content=\"https:\/\/atelier-diospyros.fr\/index.php\/produit\/planche-a-decouper\/\" \/>\n<meta property=\"og:site_name\" content=\"Atelier Diospyros &amp; Cl\u00e9mence Quitterel\" \/>\n<meta property=\"article:modified_time\" content=\"2026-04-03T14:27:47+00:00\" \/>\n<meta property=\"og:image\" content=\"https:\/\/atelier-diospyros.fr\/wp-content\/uploads\/2026\/04\/20260403_155147-scaled.jpg\" \/>\n\t<meta property=\"og:image:width\" content=\"1920\" \/>\n\t<meta property=\"og:image:height\" content=\"2560\" \/>\n\t<meta property=\"og:image:type\" content=\"image\/jpeg\" \/>\n<meta name=\"twitter:card\" content=\"summary_large_image\" \/>\n<meta name=\"twitter:label1\" content=\"Dur\u00e9e de lecture estim\u00e9e\" \/>\n\t<meta name=\"twitter:data1\" content=\"2 minutes\" \/>\n<script type=\"application\/ld+json\" class=\"yoast-schema-graph\">{\"@context\":\"https:\/\/schema.org\",\"@graph\":[{\"@type\":\"WebPage\",\"@id\":\"https:\/\/atelier-diospyros.fr\/index.php\/produit\/planche-a-decouper\/\",\"url\":\"https:\/\/atelier-diospyros.fr\/index.php\/produit\/planche-a-decouper\/\",\"name\":\"Nouvelles Planches \u00e0 d\u00e9couper -\",\"isPartOf\":{\"@id\":\"https:\/\/atelier-diospyros.fr\/#website\"},\"primaryImageOfPage\":{\"@id\":\"https:\/\/atelier-diospyros.fr\/index.php\/produit\/planche-a-decouper\/#primaryimage\"},\"image\":{\"@id\":\"https:\/\/atelier-diospyros.fr\/index.php\/produit\/planche-a-decouper\/#primaryimage\"},\"thumbnailUrl\":\"https:\/\/atelier-diospyros.fr\/wp-content\/uploads\/2026\/04\/20260403_155147-scaled.jpg\",\"datePublished\":\"2026-04-03T14:03:19+00:00\",\"dateModified\":\"2026-04-03T14:27:47+00:00\",\"description\":\"La planche d'ici : v\u00e9ritable planche \u00e0 d\u00e9couper en bois de h\u00eatre, elle accueillera vos pains, l\u00e9gumes, viandes \u00e0 la d\u00e9coupe\u2026\",\"breadcrumb\":{\"@id\":\"https:\/\/atelier-diospyros.fr\/index.php\/produit\/planche-a-decouper\/#breadcrumb\"},\"inLanguage\":\"fr-FR\",\"potentialAction\":[{\"@type\":\"ReadAction\",\"target\":[\"https:\/\/atelier-diospyros.fr\/index.php\/produit\/planche-a-decouper\/\"]}]},{\"@type\":\"ImageObject\",\"inLanguage\":\"fr-FR\",\"@id\":\"https:\/\/atelier-diospyros.fr\/index.php\/produit\/planche-a-decouper\/#primaryimage\",\"url\":\"https:\/\/atelier-diospyros.fr\/wp-content\/uploads\/2026\/04\/20260403_155147-scaled.jpg\",\"contentUrl\":\"https:\/\/atelier-diospyros.fr\/wp-content\/uploads\/2026\/04\/20260403_155147-scaled.jpg\",\"width\":1920,\"height\":2560,\"caption\":\"Planches ap\u00e9ro, bois, objet artisanal fran\u00e7ais\"},{\"@type\":\"BreadcrumbList\",\"@id\":\"https:\/\/atelier-diospyros.fr\/index.php\/produit\/planche-a-decouper\/#breadcrumb\",\"itemListElement\":[{\"@type\":\"ListItem\",\"position\":1,\"name\":\"Accueil\",\"item\":\"https:\/\/atelier-diospyros.fr\/\"},{\"@type\":\"ListItem\",\"position\":2,\"name\":\"Boutique\",\"item\":\"https:\/\/atelier-diospyros.fr\/index.php\/boutique\/\"},{\"@type\":\"ListItem\",\"position\":3,\"name\":\"Nouvelles Planches \u00e0 d\u00e9couper\"}]},{\"@type\":\"WebSite\",\"@id\":\"https:\/\/atelier-diospyros.fr\/#website\",\"url\":\"https:\/\/atelier-diospyros.fr\/\",\"name\":\"Atelier Diospyros &amp; Cl\u00e9mence Quitterel\",\"description\":\"Objets en bois precieux et Cyanotypes : bijoux, d\u00e9coration d&#039;interieur, noeud papillon en bois, planches a decouper\",\"potentialAction\":[{\"@type\":\"SearchAction\",\"target\":{\"@type\":\"EntryPoint\",\"urlTemplate\":\"https:\/\/atelier-diospyros.fr\/?s={search_term_string}\"},\"query-input\":{\"@type\":\"PropertyValueSpecification\",\"valueRequired\":true,\"valueName\":\"search_term_string\"}}],\"inLanguage\":\"fr-FR\"}]}<\/script>\n<!-- \/ Yoast SEO plugin. -->","yoast_head_json":{"title":"Nouvelles Planches \u00e0 d\u00e9couper -","description":"La planche d'ici : v\u00e9ritable planche \u00e0 d\u00e9couper en bois de h\u00eatre, elle accueillera vos pains, l\u00e9gumes, viandes \u00e0 la d\u00e9coupe\u2026","robots":{"index":"index","follow":"follow","max-snippet":"max-snippet:-1","max-image-preview":"max-image-preview:large","max-video-preview":"max-video-preview:-1"},"canonical":"https:\/\/atelier-diospyros.fr\/index.php\/produit\/planche-a-decouper\/","og_locale":"fr_FR","og_type":"article","og_title":"Nouvelles Planches \u00e0 d\u00e9couper -","og_description":"La planche d'ici : v\u00e9ritable planche \u00e0 d\u00e9couper en bois de h\u00eatre, elle accueillera vos pains, l\u00e9gumes, viandes \u00e0 la d\u00e9coupe\u2026","og_url":"https:\/\/atelier-diospyros.fr\/index.php\/produit\/planche-a-decouper\/","og_site_name":"Atelier Diospyros &amp; Cl\u00e9mence Quitterel","article_modified_time":"2026-04-03T14:27:47+00:00","og_image":[{"width":1920,"height":2560,"url":"https:\/\/atelier-diospyros.fr\/wp-content\/uploads\/2026\/04\/20260403_155147-scaled.jpg","type":"image\/jpeg"}],"twitter_card":"summary_large_image","twitter_misc":{"Dur\u00e9e de lecture estim\u00e9e":"2 minutes"},"schema":{"@context":"https:\/\/schema.org","@graph":[{"@type":"WebPage","@id":"https:\/\/atelier-diospyros.fr\/index.php\/produit\/planche-a-decouper\/","url":"https:\/\/atelier-diospyros.fr\/index.php\/produit\/planche-a-decouper\/","name":"Nouvelles Planches \u00e0 d\u00e9couper -","isPartOf":{"@id":"https:\/\/atelier-diospyros.fr\/#website"},"primaryImageOfPage":{"@id":"https:\/\/atelier-diospyros.fr\/index.php\/produit\/planche-a-decouper\/#primaryimage"},"image":{"@id":"https:\/\/atelier-diospyros.fr\/index.php\/produit\/planche-a-decouper\/#primaryimage"},"thumbnailUrl":"https:\/\/atelier-diospyros.fr\/wp-content\/uploads\/2026\/04\/20260403_155147-scaled.jpg","datePublished":"2026-04-03T14:03:19+00:00","dateModified":"2026-04-03T14:27:47+00:00","description":"La planche d'ici : v\u00e9ritable planche \u00e0 d\u00e9couper en bois de h\u00eatre, elle accueillera vos pains, l\u00e9gumes, viandes \u00e0 la d\u00e9coupe\u2026","breadcrumb":{"@id":"https:\/\/atelier-diospyros.fr\/index.php\/produit\/planche-a-decouper\/#breadcrumb"},"inLanguage":"fr-FR","potentialAction":[{"@type":"ReadAction","target":["https:\/\/atelier-diospyros.fr\/index.php\/produit\/planche-a-decouper\/"]}]},{"@type":"ImageObject","inLanguage":"fr-FR","@id":"https:\/\/atelier-diospyros.fr\/index.php\/produit\/planche-a-decouper\/#primaryimage","url":"https:\/\/atelier-diospyros.fr\/wp-content\/uploads\/2026\/04\/20260403_155147-scaled.jpg","contentUrl":"https:\/\/atelier-diospyros.fr\/wp-content\/uploads\/2026\/04\/20260403_155147-scaled.jpg","width":1920,"height":2560,"caption":"Planches ap\u00e9ro, bois, objet artisanal fran\u00e7ais"},{"@type":"BreadcrumbList","@id":"https:\/\/atelier-diospyros.fr\/index.php\/produit\/planche-a-decouper\/#breadcrumb","itemListElement":[{"@type":"ListItem","position":1,"name":"Accueil","item":"https:\/\/atelier-diospyros.fr\/"},{"@type":"ListItem","position":2,"name":"Boutique","item":"https:\/\/atelier-diospyros.fr\/index.php\/boutique\/"},{"@type":"ListItem","position":3,"name":"Nouvelles Planches \u00e0 d\u00e9couper"}]},{"@type":"WebSite","@id":"https:\/\/atelier-diospyros.fr\/#website","url":"https:\/\/atelier-diospyros.fr\/","name":"Atelier Diospyros &amp; Cl\u00e9mence Quitterel","description":"Objets en bois precieux et Cyanotypes : bijoux, d\u00e9coration d&#039;interieur, noeud papillon en bois, planches a decouper","potentialAction":[{"@type":"SearchAction","target":{"@type":"EntryPoint","urlTemplate":"https:\/\/atelier-diospyros.fr\/?s={search_term_string}"},"query-input":{"@type":"PropertyValueSpecification","valueRequired":true,"valueName":"search_term_string"}}],"inLanguage":"fr-FR"}]}},"jetpack_sharing_enabled":true,"_links":{"self":[{"href":"https:\/\/atelier-diospyros.fr\/index.php\/wp-json\/wp\/v2\/product\/11132"}],"collection":[{"href":"https:\/\/atelier-diospyros.fr\/index.php\/wp-json\/wp\/v2\/product"}],"about":[{"href":"https:\/\/atelier-diospyros.fr\/index.php\/wp-json\/wp\/v2\/types\/product"}],"wp:featuredmedia":[{"embeddable":true,"href":"https:\/\/atelier-diospyros.fr\/index.php\/wp-json\/wp\/v2\/media\/11133"}],"wp:attachment":[{"href":"https:\/\/atelier-diospyros.fr\/index.php\/wp-json\/wp\/v2\/media?parent=11132"}],"wp:term":[{"taxonomy":"product_cat","embeddable":true,"href":"https:\/\/atelier-diospyros.fr\/index.php\/wp-json\/wp\/v2\/product_cat?post=11132"},{"taxonomy":"product_tag","embeddable":true,"href":"https:\/\/atelier-diospyros.fr\/index.php\/wp-json\/wp\/v2\/product_tag?post=11132"}],"curies":[{"name":"wp","href":"https:\/\/api.w.org\/{rel}","templated":true}]}}