{"id":11028,"date":"2025-12-03T14:24:29","date_gmt":"2025-12-03T13:24:29","guid":{"rendered":"https:\/\/atelier-diospyros.fr\/?post_type=product&#038;p=11028"},"modified":"2025-12-03T14:31:16","modified_gmt":"2025-12-03T13:31:16","slug":"boucles-doreilles-selva-en-bois-bubinga","status":"publish","type":"product","link":"https:\/\/atelier-diospyros.fr\/index.php\/produit\/boucles-doreilles-selva-en-bois-bubinga\/","title":{"rendered":"Boucles d&rsquo;oreilles en bubinga"},"content":{"rendered":"[vc_row][vc_column][vc_column_text]Cette paire de Boucles d&rsquo;oreilles<em> Selva <\/em>est un bijou en bois de Bubinga (bois massif) avec des crochets plaqu\u00e9 Or et poussettes en silicone. Ce bois tr\u00e8s dur varie ici de la couleur rouge fonc\u00e9 au noir.<\/p>\n<h5>Couleur naturelle<\/h5>\n<p>L\u00e9g\u00e8re et graphique, c<em>ette paire e boucles d&rsquo;oreilles\u00a0 Selva en bois de bubinga <\/em>est aussi bien un bijou pour les occasions comme le quotidien.\u00a0 <a href=\"https:\/\/atelier-diospyros.fr\/index.php\/etiquette-produit\/collection-selva\/\">L<\/a><a href=\"https:\/\/atelier-diospyros.fr\/index.php\/etiquette-produit\/collection-selva\/\">a collection <em>Selva<\/em><\/a> et ses formes g\u00e9om\u00e9triques est inspir\u00e9e de l\u2019orf\u00e8vrerie.\u00a0 Ainsi, le bois, sa finesse et ses couleurs naturelles sont mis en valeur.<\/p>\n<h5>Un bijou \u00e9coresponsable<\/h5>\n<p>Upcycling : ce bijou est con\u00e7u \u00e0 partir d&rsquo;une chute de bois pr\u00e9cieux. Nous concevons nos bijoux dans le but de sauver des essences de bois rares en leur donnant une nouvelle vie ! Les nuances du bois peuvent varier pour chaque boucles d&rsquo;oreilles[\/vc_column_text][\/vc_column][\/vc_row][vc_row][vc_column][vc_column_text]<span style=\"color: #999999;\"><em>Nos cr\u00e9ations sont issues d\u2019une d\u00e9marche \u00e9co-responsable.<\/em><em> Ainsi, nous n\u2019utilisons que des chutes de bois pour notre mati\u00e8re premi\u00e8re, le bois pr\u00e9cieux.<\/em><br \/>\nLa valorisation, ou \u00ab\u00a0upcycling\u00a0\u00bb est au c\u0153ur de notre m\u00e9tier. Parce que nous sommes conscients de la valeur inestimable de ces bois rares, nous n\u2019utilisons que des chutes de bois que nous achetons en France. Nous nourissons et prot\u00e9geons simplement nos bois \u00e0 l\u2019huile de lin. <\/span><\/p>\n<p><span style=\"color: #999999;\"><em>\u00c0 la mani\u00e8re des pierres pr\u00e9cieuses, nous fa\u00e7onnons nos cr\u00e9ations \u00e0 la main dans une esth\u00e9tique min\u00e9rale et g\u00e9om\u00e9trique.<br \/>\n<\/em><\/span><\/p>\n<p><span style=\"color: #999999;\"><em>En achetant un bijou ou accessoire en bois <a style=\"color: #999999;\" href=\"https:\/\/atelier-diospyros.fr\/index.php\/boutique\/\">Atelier Diospyros<\/a>, vous soutenez l&rsquo;artisanat Made In France, la cr\u00e9ation locale en circuit court ainsi que le savoir-faire de deux artisans Bretons passionn\u00e9s : Merci !<\/em><\/span>[\/vc_column_text][\/vc_column][\/vc_row][vc_row][vc_column][vc_column_text] Le veinage du bois peut l\u00e9g\u00e8rement varier de la photo pr\u00e9sent\u00e9e car nous fabriquons ce bijoux en petite s\u00e9rie.[\/vc_column_text][\/vc_column][\/vc_row]\n","protected":false},"excerpt":{"rendered":"<p>Boucles d&rsquo;oreilles en bois massif de la collection<em> Selva<\/em> : crochets plaqu\u00e9s Or.<br \/>\n<span style=\"color: #808080;\"><em>Livraison : nos cr\u00e9ations sont envoy\u00e9es en lettre suivie.<\/em><\/span><\/p>\n","protected":false},"featured_media":11031,"template":"","meta":[],"product_cat":[27,24,298],"product_tag":[284,182,243,545,88,64],"class_list":{"0":"post-11028","1":"product","2":"type-product","3":"status-publish","4":"has-post-thumbnail","6":"product_cat-bijoux","7":"product_cat-boucles-doreilles","8":"product_cat-selva-bois-massif","9":"product_tag-bijou-bois","10":"product_tag-bois","11":"product_tag-boucles-doreilles","12":"product_tag-bubinga","13":"product_tag-collection-selva","14":"product_tag-idee-cadeau-femme","16":"first","17":"instock","18":"featured","19":"shipping-taxable","20":"purchasable","21":"product-type-simple"},"yoast_head":"<!-- This site is optimized with the Yoast SEO plugin v24.2 - https:\/\/yoast.com\/wordpress\/plugins\/seo\/ -->\n<title>Boucles d&#039;oreilles en bubinga - Atelier Diospyros<\/title>\n<meta name=\"description\" content=\"Boucles d&#039;oreilles Selvaen bois de Bubinga : boucles d&#039;oreilles l\u00e9g\u00e8res \u00e0 partir de chute de bois pr\u00e9cieux . Fabrication artisanale Fran\u00e7aise.\" \/>\n<meta name=\"robots\" content=\"index, follow, max-snippet:-1, max-image-preview:large, max-video-preview:-1\" \/>\n<link rel=\"canonical\" href=\"https:\/\/atelier-diospyros.fr\/index.php\/produit\/boucles-doreilles-selva-en-bois-bubinga\/\" \/>\n<meta property=\"og:locale\" content=\"fr_FR\" \/>\n<meta property=\"og:type\" content=\"article\" \/>\n<meta property=\"og:title\" content=\"Boucles d&#039;oreilles en bubinga - Atelier Diospyros\" \/>\n<meta property=\"og:description\" content=\"Boucles d&#039;oreilles Selvaen bois de Bubinga : boucles d&#039;oreilles l\u00e9g\u00e8res \u00e0 partir de chute de bois pr\u00e9cieux . Fabrication artisanale Fran\u00e7aise.\" \/>\n<meta property=\"og:url\" content=\"https:\/\/atelier-diospyros.fr\/index.php\/produit\/boucles-doreilles-selva-en-bois-bubinga\/\" \/>\n<meta property=\"og:site_name\" content=\"Atelier Diospyros &amp; Cl\u00e9mence Quitterel\" \/>\n<meta property=\"article:modified_time\" content=\"2025-12-03T13:31:16+00:00\" \/>\n<meta property=\"og:image\" content=\"https:\/\/atelier-diospyros.fr\/wp-content\/uploads\/2025\/12\/20250918_140854-scaled.jpg\" \/>\n\t<meta property=\"og:image:width\" content=\"2560\" \/>\n\t<meta property=\"og:image:height\" content=\"2560\" \/>\n\t<meta property=\"og:image:type\" content=\"image\/jpeg\" \/>\n<meta name=\"twitter:card\" content=\"summary_large_image\" \/>\n<meta name=\"twitter:label1\" content=\"Dur\u00e9e de lecture estim\u00e9e\" \/>\n\t<meta name=\"twitter:data1\" content=\"2 minutes\" \/>\n<script type=\"application\/ld+json\" class=\"yoast-schema-graph\">{\"@context\":\"https:\/\/schema.org\",\"@graph\":[{\"@type\":\"WebPage\",\"@id\":\"https:\/\/atelier-diospyros.fr\/index.php\/produit\/boucles-doreilles-selva-en-bois-bubinga\/\",\"url\":\"https:\/\/atelier-diospyros.fr\/index.php\/produit\/boucles-doreilles-selva-en-bois-bubinga\/\",\"name\":\"Boucles d'oreilles en bubinga - Atelier Diospyros\",\"isPartOf\":{\"@id\":\"https:\/\/atelier-diospyros.fr\/#website\"},\"primaryImageOfPage\":{\"@id\":\"https:\/\/atelier-diospyros.fr\/index.php\/produit\/boucles-doreilles-selva-en-bois-bubinga\/#primaryimage\"},\"image\":{\"@id\":\"https:\/\/atelier-diospyros.fr\/index.php\/produit\/boucles-doreilles-selva-en-bois-bubinga\/#primaryimage\"},\"thumbnailUrl\":\"https:\/\/atelier-diospyros.fr\/wp-content\/uploads\/2025\/12\/20250918_140854-scaled.jpg\",\"datePublished\":\"2025-12-03T13:24:29+00:00\",\"dateModified\":\"2025-12-03T13:31:16+00:00\",\"description\":\"Boucles d'oreilles Selvaen bois de Bubinga : boucles d'oreilles l\u00e9g\u00e8res \u00e0 partir de chute de bois pr\u00e9cieux . Fabrication artisanale Fran\u00e7aise.\",\"breadcrumb\":{\"@id\":\"https:\/\/atelier-diospyros.fr\/index.php\/produit\/boucles-doreilles-selva-en-bois-bubinga\/#breadcrumb\"},\"inLanguage\":\"fr-FR\",\"potentialAction\":[{\"@type\":\"ReadAction\",\"target\":[\"https:\/\/atelier-diospyros.fr\/index.php\/produit\/boucles-doreilles-selva-en-bois-bubinga\/\"]}]},{\"@type\":\"ImageObject\",\"inLanguage\":\"fr-FR\",\"@id\":\"https:\/\/atelier-diospyros.fr\/index.php\/produit\/boucles-doreilles-selva-en-bois-bubinga\/#primaryimage\",\"url\":\"https:\/\/atelier-diospyros.fr\/wp-content\/uploads\/2025\/12\/20250918_140854-scaled.jpg\",\"contentUrl\":\"https:\/\/atelier-diospyros.fr\/wp-content\/uploads\/2025\/12\/20250918_140854-scaled.jpg\",\"width\":2560,\"height\":2560,\"caption\":\"boucles d'oreilles bubinga\"},{\"@type\":\"BreadcrumbList\",\"@id\":\"https:\/\/atelier-diospyros.fr\/index.php\/produit\/boucles-doreilles-selva-en-bois-bubinga\/#breadcrumb\",\"itemListElement\":[{\"@type\":\"ListItem\",\"position\":1,\"name\":\"Accueil\",\"item\":\"https:\/\/atelier-diospyros.fr\/\"},{\"@type\":\"ListItem\",\"position\":2,\"name\":\"Boutique\",\"item\":\"https:\/\/atelier-diospyros.fr\/index.php\/boutique\/\"},{\"@type\":\"ListItem\",\"position\":3,\"name\":\"Boucles d&rsquo;oreilles en bubinga\"}]},{\"@type\":\"WebSite\",\"@id\":\"https:\/\/atelier-diospyros.fr\/#website\",\"url\":\"https:\/\/atelier-diospyros.fr\/\",\"name\":\"Atelier Diospyros &amp; Cl\u00e9mence Quitterel\",\"description\":\"Objets en bois precieux et Cyanotypes : bijoux, d\u00e9coration d&#039;interieur, noeud papillon en bois, planches a decouper\",\"potentialAction\":[{\"@type\":\"SearchAction\",\"target\":{\"@type\":\"EntryPoint\",\"urlTemplate\":\"https:\/\/atelier-diospyros.fr\/?s={search_term_string}\"},\"query-input\":{\"@type\":\"PropertyValueSpecification\",\"valueRequired\":true,\"valueName\":\"search_term_string\"}}],\"inLanguage\":\"fr-FR\"}]}<\/script>\n<!-- \/ Yoast SEO plugin. -->","yoast_head_json":{"title":"Boucles d'oreilles en bubinga - Atelier Diospyros","description":"Boucles d'oreilles Selvaen bois de Bubinga : boucles d'oreilles l\u00e9g\u00e8res \u00e0 partir de chute de bois pr\u00e9cieux . Fabrication artisanale Fran\u00e7aise.","robots":{"index":"index","follow":"follow","max-snippet":"max-snippet:-1","max-image-preview":"max-image-preview:large","max-video-preview":"max-video-preview:-1"},"canonical":"https:\/\/atelier-diospyros.fr\/index.php\/produit\/boucles-doreilles-selva-en-bois-bubinga\/","og_locale":"fr_FR","og_type":"article","og_title":"Boucles d'oreilles en bubinga - Atelier Diospyros","og_description":"Boucles d'oreilles Selvaen bois de Bubinga : boucles d'oreilles l\u00e9g\u00e8res \u00e0 partir de chute de bois pr\u00e9cieux . Fabrication artisanale Fran\u00e7aise.","og_url":"https:\/\/atelier-diospyros.fr\/index.php\/produit\/boucles-doreilles-selva-en-bois-bubinga\/","og_site_name":"Atelier Diospyros &amp; Cl\u00e9mence Quitterel","article_modified_time":"2025-12-03T13:31:16+00:00","og_image":[{"width":2560,"height":2560,"url":"https:\/\/atelier-diospyros.fr\/wp-content\/uploads\/2025\/12\/20250918_140854-scaled.jpg","type":"image\/jpeg"}],"twitter_card":"summary_large_image","twitter_misc":{"Dur\u00e9e de lecture estim\u00e9e":"2 minutes"},"schema":{"@context":"https:\/\/schema.org","@graph":[{"@type":"WebPage","@id":"https:\/\/atelier-diospyros.fr\/index.php\/produit\/boucles-doreilles-selva-en-bois-bubinga\/","url":"https:\/\/atelier-diospyros.fr\/index.php\/produit\/boucles-doreilles-selva-en-bois-bubinga\/","name":"Boucles d'oreilles en bubinga - Atelier Diospyros","isPartOf":{"@id":"https:\/\/atelier-diospyros.fr\/#website"},"primaryImageOfPage":{"@id":"https:\/\/atelier-diospyros.fr\/index.php\/produit\/boucles-doreilles-selva-en-bois-bubinga\/#primaryimage"},"image":{"@id":"https:\/\/atelier-diospyros.fr\/index.php\/produit\/boucles-doreilles-selva-en-bois-bubinga\/#primaryimage"},"thumbnailUrl":"https:\/\/atelier-diospyros.fr\/wp-content\/uploads\/2025\/12\/20250918_140854-scaled.jpg","datePublished":"2025-12-03T13:24:29+00:00","dateModified":"2025-12-03T13:31:16+00:00","description":"Boucles d'oreilles Selvaen bois de Bubinga : boucles d'oreilles l\u00e9g\u00e8res \u00e0 partir de chute de bois pr\u00e9cieux . Fabrication artisanale Fran\u00e7aise.","breadcrumb":{"@id":"https:\/\/atelier-diospyros.fr\/index.php\/produit\/boucles-doreilles-selva-en-bois-bubinga\/#breadcrumb"},"inLanguage":"fr-FR","potentialAction":[{"@type":"ReadAction","target":["https:\/\/atelier-diospyros.fr\/index.php\/produit\/boucles-doreilles-selva-en-bois-bubinga\/"]}]},{"@type":"ImageObject","inLanguage":"fr-FR","@id":"https:\/\/atelier-diospyros.fr\/index.php\/produit\/boucles-doreilles-selva-en-bois-bubinga\/#primaryimage","url":"https:\/\/atelier-diospyros.fr\/wp-content\/uploads\/2025\/12\/20250918_140854-scaled.jpg","contentUrl":"https:\/\/atelier-diospyros.fr\/wp-content\/uploads\/2025\/12\/20250918_140854-scaled.jpg","width":2560,"height":2560,"caption":"boucles d'oreilles bubinga"},{"@type":"BreadcrumbList","@id":"https:\/\/atelier-diospyros.fr\/index.php\/produit\/boucles-doreilles-selva-en-bois-bubinga\/#breadcrumb","itemListElement":[{"@type":"ListItem","position":1,"name":"Accueil","item":"https:\/\/atelier-diospyros.fr\/"},{"@type":"ListItem","position":2,"name":"Boutique","item":"https:\/\/atelier-diospyros.fr\/index.php\/boutique\/"},{"@type":"ListItem","position":3,"name":"Boucles d&rsquo;oreilles en bubinga"}]},{"@type":"WebSite","@id":"https:\/\/atelier-diospyros.fr\/#website","url":"https:\/\/atelier-diospyros.fr\/","name":"Atelier Diospyros &amp; Cl\u00e9mence Quitterel","description":"Objets en bois precieux et Cyanotypes : bijoux, d\u00e9coration d&#039;interieur, noeud papillon en bois, planches a decouper","potentialAction":[{"@type":"SearchAction","target":{"@type":"EntryPoint","urlTemplate":"https:\/\/atelier-diospyros.fr\/?s={search_term_string}"},"query-input":{"@type":"PropertyValueSpecification","valueRequired":true,"valueName":"search_term_string"}}],"inLanguage":"fr-FR"}]}},"jetpack_sharing_enabled":true,"_links":{"self":[{"href":"https:\/\/atelier-diospyros.fr\/index.php\/wp-json\/wp\/v2\/product\/11028"}],"collection":[{"href":"https:\/\/atelier-diospyros.fr\/index.php\/wp-json\/wp\/v2\/product"}],"about":[{"href":"https:\/\/atelier-diospyros.fr\/index.php\/wp-json\/wp\/v2\/types\/product"}],"wp:featuredmedia":[{"embeddable":true,"href":"https:\/\/atelier-diospyros.fr\/index.php\/wp-json\/wp\/v2\/media\/11031"}],"wp:attachment":[{"href":"https:\/\/atelier-diospyros.fr\/index.php\/wp-json\/wp\/v2\/media?parent=11028"}],"wp:term":[{"taxonomy":"product_cat","embeddable":true,"href":"https:\/\/atelier-diospyros.fr\/index.php\/wp-json\/wp\/v2\/product_cat?post=11028"},{"taxonomy":"product_tag","embeddable":true,"href":"https:\/\/atelier-diospyros.fr\/index.php\/wp-json\/wp\/v2\/product_tag?post=11028"}],"curies":[{"name":"wp","href":"https:\/\/api.w.org\/{rel}","templated":true}]}}