{"id":11027,"date":"2025-12-03T14:13:24","date_gmt":"2025-12-03T13:13:24","guid":{"rendered":"https:\/\/atelier-diospyros.fr\/?post_type=product&#038;p=11027"},"modified":"2025-12-03T14:17:00","modified_gmt":"2025-12-03T13:17:00","slug":"boucles-doreilles-tortuga-en-bois-palmier-rose","status":"publish","type":"product","link":"https:\/\/atelier-diospyros.fr\/index.php\/produit\/boucles-doreilles-tortuga-en-bois-palmier-rose\/","title":{"rendered":"Boucles d&rsquo;oreilles Tortuga en bois de palmier rose"},"content":{"rendered":"[vc_row][vc_column][vc_column_text]Cette paire de Boucles d&rsquo;oreilles<em> Tortuga<\/em> est un bijou en bois de Palmier Rose (bois massif) avec des crochets en argent 925 et poussettes en silicone.<\/p>\n<h5>Couleur naturelle<\/h5>\n<p>\u00c9l\u00e9gante et l\u00e9g\u00e8re, cette paire de<em> boucles d&rsquo;oreilles Tortuga en Palmier Rose <\/em>est aussi bien un bijou pour les occasions comme le quotidien.\u00a0 <a href=\"https:\/\/atelier-diospyros.fr\/index.php\/etiquette-produit\/collection-selva\/\">L<\/a><a href=\"https:\/\/atelier-diospyros.fr\/index.php\/etiquette-produit\/collection-tortuga\/\">a collection tortuga <\/a> et ses formes g\u00e9om\u00e9triques est inspir\u00e9e par les facettes des carapaces de tortues\u00a0 Ainsi, la finesse et les couleurs naturelles de cette essence de bois locale sont mis en valeur.<\/p>\n<h5>Un bijou \u00e9coresponsable<\/h5>\n<p>Upcycling : ce bijou est con\u00e7u \u00e0 partir d&rsquo;une chute de bois pr\u00e9cieux. Nous concevons nos bijoux dans le but de sauver des essences de bois rares en leur donnant une nouvelle vie ! Les nuances du bois peuvent varier pour chaque boucles d&rsquo;oreilles[\/vc_column_text][\/vc_column][\/vc_row][vc_row][vc_column][vc_column_text]<span style=\"color: #999999;\"><em>Nos cr\u00e9ations sont issues d\u2019une d\u00e9marche \u00e9co-responsable.<\/em><em> Ainsi, nous n\u2019utilisons que des chutes de bois pour notre mati\u00e8re premi\u00e8re, le bois pr\u00e9cieux.<\/em><br \/>\nLa valorisation, ou \u00ab\u00a0upcycling\u00a0\u00bb est au c\u0153ur de notre m\u00e9tier. Parce que nous sommes conscients de la valeur inestimable de ces bois rares, nous n\u2019utilisons que des chutes de bois que nous achetons en France. Nous nourissons et prot\u00e9geons simplement nos bois \u00e0 l\u2019huile de lin. <\/span><\/p>\n<p><span style=\"color: #999999;\"><em>\u00c0 la mani\u00e8re des pierres pr\u00e9cieuses, nous fa\u00e7onnons nos cr\u00e9ations \u00e0 la main dans une esth\u00e9tique min\u00e9rale et g\u00e9om\u00e9trique.<br \/>\n<\/em><\/span><\/p>\n<p><span style=\"color: #999999;\"><em>En achetant un bijou ou accessoire en bois <a style=\"color: #999999;\" href=\"https:\/\/atelier-diospyros.fr\/index.php\/boutique\/\">Atelier Diospyros<\/a>, vous soutenez l&rsquo;artisanat Made In France, la cr\u00e9ation locale en circuit court ainsi que le savoir-faire de deux artisans Bretons passionn\u00e9s : Merci !<\/em><\/span>[\/vc_column_text][\/vc_column][\/vc_row][vc_row][vc_column][vc_column_text] Le veinage du bois peut l\u00e9g\u00e8rement varier de la photo pr\u00e9sent\u00e9e car nous fabriquons ce bijoux en petite s\u00e9rie.[\/vc_column_text][\/vc_column][\/vc_row]\n","protected":false},"excerpt":{"rendered":"<p>Boucles d&rsquo;oreilles en bois massif de la collection<em> Tortuga<\/em> : crochets argent 925.<br \/>\n<span style=\"color: #808080;\"><em>Livraison : nos cr\u00e9ations sont envoy\u00e9es en lettre suivie.<\/em><\/span><\/p>\n","protected":false},"featured_media":10974,"template":"","meta":[],"product_cat":[27,24,298],"product_tag":[284,182,243,523,64,522,544],"class_list":{"0":"post-11027","1":"product","2":"type-product","3":"status-publish","4":"has-post-thumbnail","6":"product_cat-bijoux","7":"product_cat-boucles-doreilles","8":"product_cat-selva-bois-massif","9":"product_tag-bijou-bois","10":"product_tag-bois","11":"product_tag-boucles-doreilles","12":"product_tag-collection-tortuga","13":"product_tag-idee-cadeau-femme","14":"product_tag-if","15":"product_tag-tortue","17":"first","18":"instock","19":"featured","20":"shipping-taxable","21":"purchasable","22":"product-type-simple"},"yoast_head":"<!-- This site is optimized with the Yoast SEO plugin v24.2 - https:\/\/yoast.com\/wordpress\/plugins\/seo\/ -->\n<title>Boucles d&#039;oreilles Tortuga en bois de palmier rose - Atelier Diospyros<\/title>\n<meta name=\"description\" content=\"Boucles d&#039;oreilles Tortuga en bois de Palmier Rose : boucles d&#039;oreilles l\u00e9g\u00e8res en bois pr\u00e9cieux . Fabrication artisanale dans notre atelier en bretagne.\" \/>\n<meta name=\"robots\" content=\"index, follow, max-snippet:-1, max-image-preview:large, max-video-preview:-1\" \/>\n<link rel=\"canonical\" href=\"https:\/\/atelier-diospyros.fr\/index.php\/produit\/boucles-doreilles-tortuga-en-bois-palmier-rose\/\" \/>\n<meta property=\"og:locale\" content=\"fr_FR\" \/>\n<meta property=\"og:type\" content=\"article\" \/>\n<meta property=\"og:title\" content=\"Boucles d&#039;oreilles Tortuga en bois de palmier rose - Atelier Diospyros\" \/>\n<meta property=\"og:description\" content=\"Boucles d&#039;oreilles Tortuga en bois de Palmier Rose : boucles d&#039;oreilles l\u00e9g\u00e8res en bois pr\u00e9cieux . Fabrication artisanale dans notre atelier en bretagne.\" \/>\n<meta property=\"og:url\" content=\"https:\/\/atelier-diospyros.fr\/index.php\/produit\/boucles-doreilles-tortuga-en-bois-palmier-rose\/\" \/>\n<meta property=\"og:site_name\" content=\"Atelier Diospyros &amp; Cl\u00e9mence Quitterel\" \/>\n<meta property=\"article:modified_time\" content=\"2025-12-03T13:17:00+00:00\" \/>\n<meta property=\"og:image\" content=\"https:\/\/atelier-diospyros.fr\/wp-content\/uploads\/2025\/10\/20250918_135010-scaled.jpg\" \/>\n\t<meta property=\"og:image:width\" content=\"1920\" \/>\n\t<meta property=\"og:image:height\" content=\"2560\" \/>\n\t<meta property=\"og:image:type\" content=\"image\/jpeg\" \/>\n<meta name=\"twitter:card\" content=\"summary_large_image\" \/>\n<meta name=\"twitter:label1\" content=\"Dur\u00e9e de lecture estim\u00e9e\" \/>\n\t<meta name=\"twitter:data1\" content=\"2 minutes\" \/>\n<script type=\"application\/ld+json\" class=\"yoast-schema-graph\">{\"@context\":\"https:\/\/schema.org\",\"@graph\":[{\"@type\":\"WebPage\",\"@id\":\"https:\/\/atelier-diospyros.fr\/index.php\/produit\/boucles-doreilles-tortuga-en-bois-palmier-rose\/\",\"url\":\"https:\/\/atelier-diospyros.fr\/index.php\/produit\/boucles-doreilles-tortuga-en-bois-palmier-rose\/\",\"name\":\"Boucles d'oreilles Tortuga en bois de palmier rose - Atelier Diospyros\",\"isPartOf\":{\"@id\":\"https:\/\/atelier-diospyros.fr\/#website\"},\"primaryImageOfPage\":{\"@id\":\"https:\/\/atelier-diospyros.fr\/index.php\/produit\/boucles-doreilles-tortuga-en-bois-palmier-rose\/#primaryimage\"},\"image\":{\"@id\":\"https:\/\/atelier-diospyros.fr\/index.php\/produit\/boucles-doreilles-tortuga-en-bois-palmier-rose\/#primaryimage\"},\"thumbnailUrl\":\"https:\/\/atelier-diospyros.fr\/wp-content\/uploads\/2025\/10\/20250918_135010-scaled.jpg\",\"datePublished\":\"2025-12-03T13:13:24+00:00\",\"dateModified\":\"2025-12-03T13:17:00+00:00\",\"description\":\"Boucles d'oreilles Tortuga en bois de Palmier Rose : boucles d'oreilles l\u00e9g\u00e8res en bois pr\u00e9cieux . Fabrication artisanale dans notre atelier en bretagne.\",\"breadcrumb\":{\"@id\":\"https:\/\/atelier-diospyros.fr\/index.php\/produit\/boucles-doreilles-tortuga-en-bois-palmier-rose\/#breadcrumb\"},\"inLanguage\":\"fr-FR\",\"potentialAction\":[{\"@type\":\"ReadAction\",\"target\":[\"https:\/\/atelier-diospyros.fr\/index.php\/produit\/boucles-doreilles-tortuga-en-bois-palmier-rose\/\"]}]},{\"@type\":\"ImageObject\",\"inLanguage\":\"fr-FR\",\"@id\":\"https:\/\/atelier-diospyros.fr\/index.php\/produit\/boucles-doreilles-tortuga-en-bois-palmier-rose\/#primaryimage\",\"url\":\"https:\/\/atelier-diospyros.fr\/wp-content\/uploads\/2025\/10\/20250918_135010-scaled.jpg\",\"contentUrl\":\"https:\/\/atelier-diospyros.fr\/wp-content\/uploads\/2025\/10\/20250918_135010-scaled.jpg\",\"width\":1920,\"height\":2560,\"caption\":\"Boucles d'oreilles palmier rose\"},{\"@type\":\"BreadcrumbList\",\"@id\":\"https:\/\/atelier-diospyros.fr\/index.php\/produit\/boucles-doreilles-tortuga-en-bois-palmier-rose\/#breadcrumb\",\"itemListElement\":[{\"@type\":\"ListItem\",\"position\":1,\"name\":\"Accueil\",\"item\":\"https:\/\/atelier-diospyros.fr\/\"},{\"@type\":\"ListItem\",\"position\":2,\"name\":\"Boutique\",\"item\":\"https:\/\/atelier-diospyros.fr\/index.php\/boutique\/\"},{\"@type\":\"ListItem\",\"position\":3,\"name\":\"Boucles d&rsquo;oreilles Tortuga en bois de palmier rose\"}]},{\"@type\":\"WebSite\",\"@id\":\"https:\/\/atelier-diospyros.fr\/#website\",\"url\":\"https:\/\/atelier-diospyros.fr\/\",\"name\":\"Atelier Diospyros &amp; Cl\u00e9mence Quitterel\",\"description\":\"Objets en bois precieux et Cyanotypes : bijoux, d\u00e9coration d&#039;interieur, noeud papillon en bois, planches a decouper\",\"potentialAction\":[{\"@type\":\"SearchAction\",\"target\":{\"@type\":\"EntryPoint\",\"urlTemplate\":\"https:\/\/atelier-diospyros.fr\/?s={search_term_string}\"},\"query-input\":{\"@type\":\"PropertyValueSpecification\",\"valueRequired\":true,\"valueName\":\"search_term_string\"}}],\"inLanguage\":\"fr-FR\"}]}<\/script>\n<!-- \/ Yoast SEO plugin. -->","yoast_head_json":{"title":"Boucles d'oreilles Tortuga en bois de palmier rose - Atelier Diospyros","description":"Boucles d'oreilles Tortuga en bois de Palmier Rose : boucles d'oreilles l\u00e9g\u00e8res en bois pr\u00e9cieux . Fabrication artisanale dans notre atelier en bretagne.","robots":{"index":"index","follow":"follow","max-snippet":"max-snippet:-1","max-image-preview":"max-image-preview:large","max-video-preview":"max-video-preview:-1"},"canonical":"https:\/\/atelier-diospyros.fr\/index.php\/produit\/boucles-doreilles-tortuga-en-bois-palmier-rose\/","og_locale":"fr_FR","og_type":"article","og_title":"Boucles d'oreilles Tortuga en bois de palmier rose - Atelier Diospyros","og_description":"Boucles d'oreilles Tortuga en bois de Palmier Rose : boucles d'oreilles l\u00e9g\u00e8res en bois pr\u00e9cieux . Fabrication artisanale dans notre atelier en bretagne.","og_url":"https:\/\/atelier-diospyros.fr\/index.php\/produit\/boucles-doreilles-tortuga-en-bois-palmier-rose\/","og_site_name":"Atelier Diospyros &amp; Cl\u00e9mence Quitterel","article_modified_time":"2025-12-03T13:17:00+00:00","og_image":[{"width":1920,"height":2560,"url":"https:\/\/atelier-diospyros.fr\/wp-content\/uploads\/2025\/10\/20250918_135010-scaled.jpg","type":"image\/jpeg"}],"twitter_card":"summary_large_image","twitter_misc":{"Dur\u00e9e de lecture estim\u00e9e":"2 minutes"},"schema":{"@context":"https:\/\/schema.org","@graph":[{"@type":"WebPage","@id":"https:\/\/atelier-diospyros.fr\/index.php\/produit\/boucles-doreilles-tortuga-en-bois-palmier-rose\/","url":"https:\/\/atelier-diospyros.fr\/index.php\/produit\/boucles-doreilles-tortuga-en-bois-palmier-rose\/","name":"Boucles d'oreilles Tortuga en bois de palmier rose - Atelier Diospyros","isPartOf":{"@id":"https:\/\/atelier-diospyros.fr\/#website"},"primaryImageOfPage":{"@id":"https:\/\/atelier-diospyros.fr\/index.php\/produit\/boucles-doreilles-tortuga-en-bois-palmier-rose\/#primaryimage"},"image":{"@id":"https:\/\/atelier-diospyros.fr\/index.php\/produit\/boucles-doreilles-tortuga-en-bois-palmier-rose\/#primaryimage"},"thumbnailUrl":"https:\/\/atelier-diospyros.fr\/wp-content\/uploads\/2025\/10\/20250918_135010-scaled.jpg","datePublished":"2025-12-03T13:13:24+00:00","dateModified":"2025-12-03T13:17:00+00:00","description":"Boucles d'oreilles Tortuga en bois de Palmier Rose : boucles d'oreilles l\u00e9g\u00e8res en bois pr\u00e9cieux . Fabrication artisanale dans notre atelier en bretagne.","breadcrumb":{"@id":"https:\/\/atelier-diospyros.fr\/index.php\/produit\/boucles-doreilles-tortuga-en-bois-palmier-rose\/#breadcrumb"},"inLanguage":"fr-FR","potentialAction":[{"@type":"ReadAction","target":["https:\/\/atelier-diospyros.fr\/index.php\/produit\/boucles-doreilles-tortuga-en-bois-palmier-rose\/"]}]},{"@type":"ImageObject","inLanguage":"fr-FR","@id":"https:\/\/atelier-diospyros.fr\/index.php\/produit\/boucles-doreilles-tortuga-en-bois-palmier-rose\/#primaryimage","url":"https:\/\/atelier-diospyros.fr\/wp-content\/uploads\/2025\/10\/20250918_135010-scaled.jpg","contentUrl":"https:\/\/atelier-diospyros.fr\/wp-content\/uploads\/2025\/10\/20250918_135010-scaled.jpg","width":1920,"height":2560,"caption":"Boucles d'oreilles palmier rose"},{"@type":"BreadcrumbList","@id":"https:\/\/atelier-diospyros.fr\/index.php\/produit\/boucles-doreilles-tortuga-en-bois-palmier-rose\/#breadcrumb","itemListElement":[{"@type":"ListItem","position":1,"name":"Accueil","item":"https:\/\/atelier-diospyros.fr\/"},{"@type":"ListItem","position":2,"name":"Boutique","item":"https:\/\/atelier-diospyros.fr\/index.php\/boutique\/"},{"@type":"ListItem","position":3,"name":"Boucles d&rsquo;oreilles Tortuga en bois de palmier rose"}]},{"@type":"WebSite","@id":"https:\/\/atelier-diospyros.fr\/#website","url":"https:\/\/atelier-diospyros.fr\/","name":"Atelier Diospyros &amp; Cl\u00e9mence Quitterel","description":"Objets en bois precieux et Cyanotypes : bijoux, d\u00e9coration d&#039;interieur, noeud papillon en bois, planches a decouper","potentialAction":[{"@type":"SearchAction","target":{"@type":"EntryPoint","urlTemplate":"https:\/\/atelier-diospyros.fr\/?s={search_term_string}"},"query-input":{"@type":"PropertyValueSpecification","valueRequired":true,"valueName":"search_term_string"}}],"inLanguage":"fr-FR"}]}},"jetpack_sharing_enabled":true,"_links":{"self":[{"href":"https:\/\/atelier-diospyros.fr\/index.php\/wp-json\/wp\/v2\/product\/11027"}],"collection":[{"href":"https:\/\/atelier-diospyros.fr\/index.php\/wp-json\/wp\/v2\/product"}],"about":[{"href":"https:\/\/atelier-diospyros.fr\/index.php\/wp-json\/wp\/v2\/types\/product"}],"wp:featuredmedia":[{"embeddable":true,"href":"https:\/\/atelier-diospyros.fr\/index.php\/wp-json\/wp\/v2\/media\/10974"}],"wp:attachment":[{"href":"https:\/\/atelier-diospyros.fr\/index.php\/wp-json\/wp\/v2\/media?parent=11027"}],"wp:term":[{"taxonomy":"product_cat","embeddable":true,"href":"https:\/\/atelier-diospyros.fr\/index.php\/wp-json\/wp\/v2\/product_cat?post=11027"},{"taxonomy":"product_tag","embeddable":true,"href":"https:\/\/atelier-diospyros.fr\/index.php\/wp-json\/wp\/v2\/product_tag?post=11027"}],"curies":[{"name":"wp","href":"https:\/\/api.w.org\/{rel}","templated":true}]}}