{"id":10740,"date":"2024-12-09T11:55:08","date_gmt":"2024-12-09T10:55:08","guid":{"rendered":"https:\/\/atelier-diospyros.fr\/?post_type=product&#038;p=10740"},"modified":"2024-12-11T10:13:31","modified_gmt":"2024-12-11T09:13:31","slug":"magnet-girl-power-maison-joliette","status":"publish","type":"product","link":"https:\/\/atelier-diospyros.fr\/index.php\/produit\/magnet-girl-power-maison-joliette\/","title":{"rendered":"Magnet Girl Power &#8211; Maison Joliette"},"content":{"rendered":"<p>Magnet Girl Power &#8211; Maison Joliette<\/p>\n<p>Ce joli magnet rond, d&rsquo;un diam\u00e8tre de 32 mm, est dot\u00e9 d&rsquo;un aimant puissant. Il saura tenir solidement toutes vos notes, photos et souvenirs sur n&rsquo;importe quelle surface m\u00e9tallique. Son design \u00e9l\u00e9gant est rehauss\u00e9 d&rsquo;une finition mate qui lui donne un aspect moderne et \u00e9pur\u00e9. De plus, son toucher velours procure une sensation agr\u00e9able au contact. Imagin\u00e9 avec amour, imprim\u00e9 avec soin et fabriqu\u00e9 en France, ce magnet polyvalent est parfait pour d\u00e9corer votre frigo ou embellir votre bureau. Un v\u00e9ritable petit bijou magn\u00e9tique \u00e0 collectionner sans h\u00e9siter !<\/p>\n<p>Et comme c&rsquo;est trop chouette voir nos petits magnets dans vos int\u00e9rieurs, n&rsquo;h\u00e9sitez pas \u00e0 nous identifier sur vos photos <a href=\"https:\/\/www.instagram.com\/maison.joliette\/?hl=fr\" target=\"_blank\" rel=\"noopener\"><strong>@maison.joliette<\/strong><\/a> sur Instagram !<\/p>\n<p><strong>Caract\u00e9ristiques techniques :<\/strong><br \/>\n\u2022\u00a0Format :\u00a0rond 32 mm<br \/>\n\u2022 Finition mate, touch\u00e9 velours<br \/>\n\u2022 Imagin\u00e9 et imprim\u00e9 en France dans le Maine et Loire.<\/p>\n<h3>Maison Joliette<\/h3>\n<div class=\"rich-text__text rte\">\n<p>Maison Joliette est une marque fran\u00e7aise, cr\u00e9\u00e9e en 2023, qui propose des produits esth\u00e9tiques et ludiques pour grands enfants\u00a0: puzzles pour adultes, articles de papeterie, accessoires mode et d\u00e9co. Enti\u00e8rement con\u00e7us et fabriqu\u00e9s en France, ils sont pens\u00e9s, lanc\u00e9s et pr\u00e9sent\u00e9s sous forme de collection. Chacune comprend toute une vari\u00e9t\u00e9 de jolis objets \u2013\u00a0puzzles, carnets, badges, etc.\u00a0\u2013 arborant une seule et m\u00eame belle illustration, au design moderne, original et color\u00e9. Et cette joliette maison, c\u2019est moi, Fabienne, qui l\u2019ai imagin\u00e9e, puis r\u00eav\u00e9e, et enfin fond\u00e9e\u00a0! Une histoire haute en couleurs, exigeante mais passionnante, qui continue de s\u2019\u00e9crire jour apr\u00e8s jour\u2026<\/p>\n<\/div>\n<p>&nbsp;<\/p>\n<h5 data-aos=\"fade-up\" data-aos-offset=\"0\">La marque <a href=\"https:\/\/atelier-diospyros.fr\/index.php\/etiquette-produit\/maison-joliette\/\">Maison Joliette<\/a> fait partie de notre s\u00e9lection \u00ab\u00a0Les Artisans Voyageurs\u00a0\u00bb <a href=\"https:\/\/atelier-diospyros.fr\/index.php\/categorie-produit\/les-artisans-voyageurs\/\">Retrouvez ici tous nos coups de C\u0153ur Made in France !<\/a><\/h5>\n","protected":false},"excerpt":{"rendered":"<p>Magnet diametre 32 mm.<\/p>\n","protected":false},"featured_media":10742,"template":"","meta":[],"product_cat":[385],"product_tag":[495,494,504,64,493,492],"class_list":{"0":"post-10740","1":"product","2":"type-product","3":"status-publish","4":"has-post-thumbnail","6":"product_cat-les-artisans-voyageurs","7":"product_tag-aimant","8":"product_tag-girl","9":"product_tag-idee-cadeau-a-moins-de-5-e","10":"product_tag-idee-cadeau-femme","11":"product_tag-magnet","12":"product_tag-maison-joliette","14":"first","15":"instock","16":"shipping-taxable","17":"purchasable","18":"product-type-simple"},"yoast_head":"<!-- This site is optimized with the Yoast SEO plugin v24.2 - https:\/\/yoast.com\/wordpress\/plugins\/seo\/ -->\n<title>Magnet Girl Power - Maison Joliette - Atelier Diospyros &amp; Cl\u00e9mence Quitterel<\/title>\n<meta name=\"description\" content=\"Magnet Girl Power Imagin\u00e9 en Maine et Loire par Maison Joliette, Un aimant made in France de la s\u00e9lection des Artisans Voyageurs !\" \/>\n<meta name=\"robots\" content=\"index, follow, max-snippet:-1, max-image-preview:large, max-video-preview:-1\" \/>\n<link rel=\"canonical\" href=\"https:\/\/atelier-diospyros.fr\/index.php\/produit\/magnet-girl-power-maison-joliette\/\" \/>\n<meta property=\"og:locale\" content=\"fr_FR\" \/>\n<meta property=\"og:type\" content=\"article\" \/>\n<meta property=\"og:title\" content=\"Magnet Girl Power - Maison Joliette - Atelier Diospyros &amp; Cl\u00e9mence Quitterel\" \/>\n<meta property=\"og:description\" content=\"Magnet Girl Power Imagin\u00e9 en Maine et Loire par Maison Joliette, Un aimant made in France de la s\u00e9lection des Artisans Voyageurs !\" \/>\n<meta property=\"og:url\" content=\"https:\/\/atelier-diospyros.fr\/index.php\/produit\/magnet-girl-power-maison-joliette\/\" \/>\n<meta property=\"og:site_name\" content=\"Atelier Diospyros &amp; Cl\u00e9mence Quitterel\" \/>\n<meta property=\"article:modified_time\" content=\"2024-12-11T09:13:31+00:00\" \/>\n<meta property=\"og:image\" content=\"https:\/\/atelier-diospyros.fr\/wp-content\/uploads\/2024\/12\/Screenshot-2024-12-09-at-11-52-31-Magnet-MULTITUDE-Girl-Power-\u2013-Maison-Joliette.png\" \/>\n\t<meta property=\"og:image:width\" content=\"409\" \/>\n\t<meta property=\"og:image:height\" content=\"403\" \/>\n\t<meta property=\"og:image:type\" content=\"image\/png\" \/>\n<meta name=\"twitter:card\" content=\"summary_large_image\" \/>\n<meta name=\"twitter:label1\" content=\"Dur\u00e9e de lecture estim\u00e9e\" \/>\n\t<meta name=\"twitter:data1\" content=\"2 minutes\" \/>\n<script type=\"application\/ld+json\" class=\"yoast-schema-graph\">{\"@context\":\"https:\/\/schema.org\",\"@graph\":[{\"@type\":\"WebPage\",\"@id\":\"https:\/\/atelier-diospyros.fr\/index.php\/produit\/magnet-girl-power-maison-joliette\/\",\"url\":\"https:\/\/atelier-diospyros.fr\/index.php\/produit\/magnet-girl-power-maison-joliette\/\",\"name\":\"Magnet Girl Power - Maison Joliette - Atelier Diospyros &amp; Cl\u00e9mence Quitterel\",\"isPartOf\":{\"@id\":\"https:\/\/atelier-diospyros.fr\/#website\"},\"primaryImageOfPage\":{\"@id\":\"https:\/\/atelier-diospyros.fr\/index.php\/produit\/magnet-girl-power-maison-joliette\/#primaryimage\"},\"image\":{\"@id\":\"https:\/\/atelier-diospyros.fr\/index.php\/produit\/magnet-girl-power-maison-joliette\/#primaryimage\"},\"thumbnailUrl\":\"https:\/\/atelier-diospyros.fr\/wp-content\/uploads\/2024\/12\/Screenshot-2024-12-09-at-11-52-31-Magnet-MULTITUDE-Girl-Power-\u2013-Maison-Joliette.png\",\"datePublished\":\"2024-12-09T10:55:08+00:00\",\"dateModified\":\"2024-12-11T09:13:31+00:00\",\"description\":\"Magnet Girl Power Imagin\u00e9 en Maine et Loire par Maison Joliette, Un aimant made in France de la s\u00e9lection des Artisans Voyageurs !\",\"breadcrumb\":{\"@id\":\"https:\/\/atelier-diospyros.fr\/index.php\/produit\/magnet-girl-power-maison-joliette\/#breadcrumb\"},\"inLanguage\":\"fr-FR\",\"potentialAction\":[{\"@type\":\"ReadAction\",\"target\":[\"https:\/\/atelier-diospyros.fr\/index.php\/produit\/magnet-girl-power-maison-joliette\/\"]}]},{\"@type\":\"ImageObject\",\"inLanguage\":\"fr-FR\",\"@id\":\"https:\/\/atelier-diospyros.fr\/index.php\/produit\/magnet-girl-power-maison-joliette\/#primaryimage\",\"url\":\"https:\/\/atelier-diospyros.fr\/wp-content\/uploads\/2024\/12\/Screenshot-2024-12-09-at-11-52-31-Magnet-MULTITUDE-Girl-Power-\u2013-Maison-Joliette.png\",\"contentUrl\":\"https:\/\/atelier-diospyros.fr\/wp-content\/uploads\/2024\/12\/Screenshot-2024-12-09-at-11-52-31-Magnet-MULTITUDE-Girl-Power-\u2013-Maison-Joliette.png\",\"width\":409,\"height\":403,\"caption\":\"Magnet Maison Joliette Girl Power\"},{\"@type\":\"BreadcrumbList\",\"@id\":\"https:\/\/atelier-diospyros.fr\/index.php\/produit\/magnet-girl-power-maison-joliette\/#breadcrumb\",\"itemListElement\":[{\"@type\":\"ListItem\",\"position\":1,\"name\":\"Accueil\",\"item\":\"https:\/\/atelier-diospyros.fr\/\"},{\"@type\":\"ListItem\",\"position\":2,\"name\":\"Boutique\",\"item\":\"https:\/\/atelier-diospyros.fr\/index.php\/boutique\/\"},{\"@type\":\"ListItem\",\"position\":3,\"name\":\"Magnet Girl Power &#8211; Maison Joliette\"}]},{\"@type\":\"WebSite\",\"@id\":\"https:\/\/atelier-diospyros.fr\/#website\",\"url\":\"https:\/\/atelier-diospyros.fr\/\",\"name\":\"Atelier Diospyros &amp; Cl\u00e9mence Quitterel\",\"description\":\"Objets en bois precieux et Cyanotypes : bijoux, d\u00e9coration d&#039;interieur, noeud papillon en bois, planches a decouper\",\"potentialAction\":[{\"@type\":\"SearchAction\",\"target\":{\"@type\":\"EntryPoint\",\"urlTemplate\":\"https:\/\/atelier-diospyros.fr\/?s={search_term_string}\"},\"query-input\":{\"@type\":\"PropertyValueSpecification\",\"valueRequired\":true,\"valueName\":\"search_term_string\"}}],\"inLanguage\":\"fr-FR\"}]}<\/script>\n<!-- \/ Yoast SEO plugin. -->","yoast_head_json":{"title":"Magnet Girl Power - Maison Joliette - Atelier Diospyros &amp; Cl\u00e9mence Quitterel","description":"Magnet Girl Power Imagin\u00e9 en Maine et Loire par Maison Joliette, Un aimant made in France de la s\u00e9lection des Artisans Voyageurs !","robots":{"index":"index","follow":"follow","max-snippet":"max-snippet:-1","max-image-preview":"max-image-preview:large","max-video-preview":"max-video-preview:-1"},"canonical":"https:\/\/atelier-diospyros.fr\/index.php\/produit\/magnet-girl-power-maison-joliette\/","og_locale":"fr_FR","og_type":"article","og_title":"Magnet Girl Power - Maison Joliette - Atelier Diospyros &amp; Cl\u00e9mence Quitterel","og_description":"Magnet Girl Power Imagin\u00e9 en Maine et Loire par Maison Joliette, Un aimant made in France de la s\u00e9lection des Artisans Voyageurs !","og_url":"https:\/\/atelier-diospyros.fr\/index.php\/produit\/magnet-girl-power-maison-joliette\/","og_site_name":"Atelier Diospyros &amp; Cl\u00e9mence Quitterel","article_modified_time":"2024-12-11T09:13:31+00:00","og_image":[{"width":409,"height":403,"url":"https:\/\/atelier-diospyros.fr\/wp-content\/uploads\/2024\/12\/Screenshot-2024-12-09-at-11-52-31-Magnet-MULTITUDE-Girl-Power-\u2013-Maison-Joliette.png","type":"image\/png"}],"twitter_card":"summary_large_image","twitter_misc":{"Dur\u00e9e de lecture estim\u00e9e":"2 minutes"},"schema":{"@context":"https:\/\/schema.org","@graph":[{"@type":"WebPage","@id":"https:\/\/atelier-diospyros.fr\/index.php\/produit\/magnet-girl-power-maison-joliette\/","url":"https:\/\/atelier-diospyros.fr\/index.php\/produit\/magnet-girl-power-maison-joliette\/","name":"Magnet Girl Power - Maison Joliette - Atelier Diospyros &amp; Cl\u00e9mence Quitterel","isPartOf":{"@id":"https:\/\/atelier-diospyros.fr\/#website"},"primaryImageOfPage":{"@id":"https:\/\/atelier-diospyros.fr\/index.php\/produit\/magnet-girl-power-maison-joliette\/#primaryimage"},"image":{"@id":"https:\/\/atelier-diospyros.fr\/index.php\/produit\/magnet-girl-power-maison-joliette\/#primaryimage"},"thumbnailUrl":"https:\/\/atelier-diospyros.fr\/wp-content\/uploads\/2024\/12\/Screenshot-2024-12-09-at-11-52-31-Magnet-MULTITUDE-Girl-Power-\u2013-Maison-Joliette.png","datePublished":"2024-12-09T10:55:08+00:00","dateModified":"2024-12-11T09:13:31+00:00","description":"Magnet Girl Power Imagin\u00e9 en Maine et Loire par Maison Joliette, Un aimant made in France de la s\u00e9lection des Artisans Voyageurs !","breadcrumb":{"@id":"https:\/\/atelier-diospyros.fr\/index.php\/produit\/magnet-girl-power-maison-joliette\/#breadcrumb"},"inLanguage":"fr-FR","potentialAction":[{"@type":"ReadAction","target":["https:\/\/atelier-diospyros.fr\/index.php\/produit\/magnet-girl-power-maison-joliette\/"]}]},{"@type":"ImageObject","inLanguage":"fr-FR","@id":"https:\/\/atelier-diospyros.fr\/index.php\/produit\/magnet-girl-power-maison-joliette\/#primaryimage","url":"https:\/\/atelier-diospyros.fr\/wp-content\/uploads\/2024\/12\/Screenshot-2024-12-09-at-11-52-31-Magnet-MULTITUDE-Girl-Power-\u2013-Maison-Joliette.png","contentUrl":"https:\/\/atelier-diospyros.fr\/wp-content\/uploads\/2024\/12\/Screenshot-2024-12-09-at-11-52-31-Magnet-MULTITUDE-Girl-Power-\u2013-Maison-Joliette.png","width":409,"height":403,"caption":"Magnet Maison Joliette Girl Power"},{"@type":"BreadcrumbList","@id":"https:\/\/atelier-diospyros.fr\/index.php\/produit\/magnet-girl-power-maison-joliette\/#breadcrumb","itemListElement":[{"@type":"ListItem","position":1,"name":"Accueil","item":"https:\/\/atelier-diospyros.fr\/"},{"@type":"ListItem","position":2,"name":"Boutique","item":"https:\/\/atelier-diospyros.fr\/index.php\/boutique\/"},{"@type":"ListItem","position":3,"name":"Magnet Girl Power &#8211; Maison Joliette"}]},{"@type":"WebSite","@id":"https:\/\/atelier-diospyros.fr\/#website","url":"https:\/\/atelier-diospyros.fr\/","name":"Atelier Diospyros &amp; Cl\u00e9mence Quitterel","description":"Objets en bois precieux et Cyanotypes : bijoux, d\u00e9coration d&#039;interieur, noeud papillon en bois, planches a decouper","potentialAction":[{"@type":"SearchAction","target":{"@type":"EntryPoint","urlTemplate":"https:\/\/atelier-diospyros.fr\/?s={search_term_string}"},"query-input":{"@type":"PropertyValueSpecification","valueRequired":true,"valueName":"search_term_string"}}],"inLanguage":"fr-FR"}]}},"jetpack_sharing_enabled":true,"_links":{"self":[{"href":"https:\/\/atelier-diospyros.fr\/index.php\/wp-json\/wp\/v2\/product\/10740"}],"collection":[{"href":"https:\/\/atelier-diospyros.fr\/index.php\/wp-json\/wp\/v2\/product"}],"about":[{"href":"https:\/\/atelier-diospyros.fr\/index.php\/wp-json\/wp\/v2\/types\/product"}],"wp:featuredmedia":[{"embeddable":true,"href":"https:\/\/atelier-diospyros.fr\/index.php\/wp-json\/wp\/v2\/media\/10742"}],"wp:attachment":[{"href":"https:\/\/atelier-diospyros.fr\/index.php\/wp-json\/wp\/v2\/media?parent=10740"}],"wp:term":[{"taxonomy":"product_cat","embeddable":true,"href":"https:\/\/atelier-diospyros.fr\/index.php\/wp-json\/wp\/v2\/product_cat?post=10740"},{"taxonomy":"product_tag","embeddable":true,"href":"https:\/\/atelier-diospyros.fr\/index.php\/wp-json\/wp\/v2\/product_tag?post=10740"}],"curies":[{"name":"wp","href":"https:\/\/api.w.org\/{rel}","templated":true}]}}