{"id":10733,"date":"2024-12-09T11:41:58","date_gmt":"2024-12-09T10:41:58","guid":{"rendered":"https:\/\/atelier-diospyros.fr\/?post_type=product&#038;p=10733"},"modified":"2024-12-11T10:14:00","modified_gmt":"2024-12-11T09:14:00","slug":"affiche-bateau-bleu-coquille-30-40-cm","status":"publish","type":"product","link":"https:\/\/atelier-diospyros.fr\/index.php\/produit\/affiche-bateau-bleu-coquille-30-40-cm\/","title":{"rendered":"Affiche bateau 30&#215;40 cm &#8211; Bleu Coquille"},"content":{"rendered":"<div data-v-d91b54b3=\"\">\n<div class=\"ak-alert ds-bg-info-300 ds-border-info-300 ds-p-4 ds-bg-info-100 ds-rounded-md\" data-v-bfd01ec0=\"\">\n<div class=\"ak-alert__content\" data-v-bfd01ec0=\"\">\n<div class=\"\" data-v-bfd01ec0=\"\">\n<div>\n<div class=\"ds-pl-3 ds-ml-3\">Affiche Bateau, illustr\u00e9e par l&rsquo;artiste Bleu Coquille, Format 30*40 cm.<\/div>\n<\/div>\n<\/div>\n<\/div>\n<\/div>\n<\/div>\n<div class=\"description ds-flex ds-flex-col ds-gap-6 ds-text-neutral-700\" data-v-d91b54b3=\"\">\n<div data-v-d91b54b3=\"\">\n<h4 class=\"ak-heading--4 ds-text-primary\" data-v-31657ff4=\"\" data-v-d91b54b3=\"\">Description<\/h4>\n<div data-v-cbba9010=\"\" data-v-d91b54b3=\"\">\n<div class=\"rich-description ds-text-base ds-text-neutral-900 text-collapsed gradient-ellipsis\" data-v-cbba9010=\"\">\n<p>Une belle affiche pour embellir son int\u00e9rieur :<\/p>\n<ul>\n<li>Format : 30 x 40 cm<\/li>\n<li>Papier 280g, en papier de cr\u00e9ation haut-de-gamme textur\u00e9<\/li>\n<li>Papier certifi\u00e9 FSC (issu de sources responsables)<\/li>\n<li>Papeterie fabriqu\u00e9e en France (Illustration &amp; design \u00e0 Saint-Malo, impression en Bretagne)<\/li>\n<\/ul>\n<p>Merchandising : affiche vendue dans son enveloppe blanche protectrice avec fen\u00eatre transparente (+ contenu r\u00e9dactionnel sur la marque au dos)<\/p>\n<\/div>\n<\/div>\n<\/div>\n<\/div>\n<div class=\"description\" data-v-d91b54b3=\"\">\n<h4 class=\"ak-heading--4 ds-text-primary\" data-v-31657ff4=\"\" data-v-d91b54b3=\"\">Dimensions<\/h4>\n<div data-v-cbba9010=\"\" data-v-d91b54b3=\"\">\n<div class=\"rich-description ds-text-base ds-text-neutral-900 text-collapsed\" data-v-cbba9010=\"\">30 X 40 CM<\/div>\n<div data-v-cbba9010=\"\">\n<h3>Bleu Coquille, une marque de papeterie n\u00e9e \u00e0 Saint-Malo en 2020.<\/h3>\n<p>Ancienne charg\u00e9e d\u2019\u00e9tude marketing parisienne, Julia Cadiou est revenue avec sa famille \u00e0 Saint-Malo en 2018. Au d\u00e9tour d\u2019un cours de peinture, elle est imm\u00e9diatement tomb\u00e9e amoureuse de l\u2019aquarelle et en ai fait une passion. Une affinit\u00e9 retrouv\u00e9e avec cette technique, puisque son grand-p\u00e8re avait d\u00e9j\u00e0 commenc\u00e9 \u00e0 l&rsquo;initier \u00e0 cette pratique d\u00e9licate et complexe durant son enfance\u2026<\/p>\n<p>Port\u00e9e par l\u2019envie de d\u00e9velopper ses propres cr\u00e9ations, elle a d\u00e9cid\u00e9 d\u2019aller encore plus loin en me formant au design graphique en parall\u00e8le. Un \u00e9lan qui l\u2019a amen\u00e9e \u00e0 dessiner les contours de mon identit\u00e9 artistique et construire ma marque de papeterie.<\/p>\n<p>Convaincue des bienfaits de l\u2019\u00e9criture et toujours en recherche de supports esth\u00e9tiques, elle cr\u00e9\u00e9 des collections d\u2019affiches, de carnets et de cartes postales que je souhaite \u00e9l\u00e9gants et authentiques. Toutes ses cr\u00e9ations sont r\u00e9alis\u00e9es \u00e0 partir d\u2019aquarelles originales qu&rsquo;elle peins dans son atelier.<\/p>\n<p>&nbsp;<\/p>\n<p>L\u2019impression et le fa\u00e7onnage des produits Bleu Coquille sont r\u00e9alis\u00e9s par un imprimeur Breton. Elle s\u00e9lectionne soigneusement les papiers de ses carnets, cartes et affiches (tous labellis\u00e9s FSC). Ainsi, la couverture des carnets ainsi que les affiches et les cartes sont en papier de cr\u00e9ation haut-de-gamme, fabriqu\u00e9s par la Maison Fedrigoni (fabricant de papier italien depuis 1888). De jolis papiers textur\u00e9s pour apporter une douceur sensorielle et mettre en valeur le d\u00e9tail de l\u2019aquarelle.<\/p>\n<p>Ses cr\u00e9ations sont inspir\u00e9es de son d\u00e9cor malouin : illustrations marine, atmosph\u00e8re coquillages et crustac\u00e9s\u2026 mais pas seulement : chez Bleu Coquille, vous pourrez aussi d\u00e9couvrir des ambiances plus v\u00e9g\u00e9tales avec des motifs tropicaux !<\/p>\n<div>\n<h5 data-aos=\"fade-up\" data-aos-offset=\"0\">La marque <a href=\"https:\/\/atelier-diospyros.fr\/index.php\/etiquette-produit\/bleu-coquille\/\">Bleu Coquille<\/a> fait partie de notre s\u00e9lection \u00ab Les Artisans Voyageurs \u00bb <a href=\"https:\/\/atelier-diospyros.fr\/index.php\/categorie-produit\/les-artisans-voyageurs\/\">Retrouvez ici tous nos coups de C\u0153ur Made in France !<\/a><\/h5>\n<\/div>\n<\/div>\n<\/div>\n<\/div>\n","protected":false},"excerpt":{"rendered":"<p>Affiche Bateau, illustr\u00e9e par l&rsquo;artiste Bleu Coquille, Format 30*40 cm. Description Une belle affiche pour embellir son int\u00e9rieur : Format : 30 x 40 cm Papier 280g, en papier de cr\u00e9ation haut-de-gamme textur\u00e9 Papier certifi\u00e9 FSC (issu de sources responsables) &hellip; <a class=\"kt-excerpt-readmore\" href=\"https:\/\/atelier-diospyros.fr\/index.php\/produit\/affiche-bateau-bleu-coquille-30-40-cm\/\" aria-label=\"Affiche bateau 30&#215;40 cm &#8211; Bleu Coquille\">Lire la suite<\/a><\/p>\n","protected":false},"featured_media":10734,"template":"","meta":[],"product_cat":[385],"product_tag":[491,390,489,280,490,62],"class_list":{"0":"post-10733","1":"product","2":"type-product","3":"status-publish","4":"has-post-thumbnail","6":"product_cat-les-artisans-voyageurs","7":"product_tag-affiche","8":"product_tag-bateau","9":"product_tag-bleu-coquille","10":"product_tag-fabrique-en-bretagne","11":"product_tag-ffiche","12":"product_tag-idee-cadeau-homme","14":"first","15":"instock","16":"shipping-taxable","17":"purchasable","18":"product-type-simple"},"yoast_head":"<!-- This site is optimized with the Yoast SEO plugin v24.2 - https:\/\/yoast.com\/wordpress\/plugins\/seo\/ -->\n<title>Affiche bateau 30x40 cm - Bleu Coquille - Atelier Diospyros &amp; Cl\u00e9mence Quitterel<\/title>\n<meta name=\"description\" content=\"Affiche Bateau, illustr\u00e9e par l&#039;artiste Bleu Coquille, Format 30*40 cm. Une cr\u00e9ation fran\u00e7aise dessin\u00e9e \u00e0 saint Malo, Bretagne.\" \/>\n<meta name=\"robots\" content=\"index, follow, max-snippet:-1, max-image-preview:large, max-video-preview:-1\" \/>\n<link rel=\"canonical\" href=\"https:\/\/atelier-diospyros.fr\/index.php\/produit\/affiche-bateau-bleu-coquille-30-40-cm\/\" \/>\n<meta property=\"og:locale\" content=\"fr_FR\" \/>\n<meta property=\"og:type\" content=\"article\" \/>\n<meta property=\"og:title\" content=\"Affiche bateau 30x40 cm - Bleu Coquille - Atelier Diospyros &amp; Cl\u00e9mence Quitterel\" \/>\n<meta property=\"og:description\" content=\"Affiche Bateau, illustr\u00e9e par l&#039;artiste Bleu Coquille, Format 30*40 cm. Une cr\u00e9ation fran\u00e7aise dessin\u00e9e \u00e0 saint Malo, Bretagne.\" \/>\n<meta property=\"og:url\" content=\"https:\/\/atelier-diospyros.fr\/index.php\/produit\/affiche-bateau-bleu-coquille-30-40-cm\/\" \/>\n<meta property=\"og:site_name\" content=\"Atelier Diospyros &amp; Cl\u00e9mence Quitterel\" \/>\n<meta property=\"article:modified_time\" content=\"2024-12-11T09:14:00+00:00\" \/>\n<meta property=\"og:image\" content=\"https:\/\/atelier-diospyros.fr\/wp-content\/uploads\/2024\/12\/Screenshot-2024-12-09-at-11-30-49-Achat-Papeterie-Affiche-Deco-21-x-29-7-cm-Bateau-en-gros.png\" \/>\n\t<meta property=\"og:image:width\" content=\"480\" \/>\n\t<meta property=\"og:image:height\" content=\"480\" \/>\n\t<meta property=\"og:image:type\" content=\"image\/png\" \/>\n<meta name=\"twitter:card\" content=\"summary_large_image\" \/>\n<meta name=\"twitter:label1\" content=\"Dur\u00e9e de lecture estim\u00e9e\" \/>\n\t<meta name=\"twitter:data1\" content=\"3 minutes\" \/>\n<script type=\"application\/ld+json\" class=\"yoast-schema-graph\">{\"@context\":\"https:\/\/schema.org\",\"@graph\":[{\"@type\":\"WebPage\",\"@id\":\"https:\/\/atelier-diospyros.fr\/index.php\/produit\/affiche-bateau-bleu-coquille-30-40-cm\/\",\"url\":\"https:\/\/atelier-diospyros.fr\/index.php\/produit\/affiche-bateau-bleu-coquille-30-40-cm\/\",\"name\":\"Affiche bateau 30x40 cm - Bleu Coquille - Atelier Diospyros &amp; Cl\u00e9mence Quitterel\",\"isPartOf\":{\"@id\":\"https:\/\/atelier-diospyros.fr\/#website\"},\"primaryImageOfPage\":{\"@id\":\"https:\/\/atelier-diospyros.fr\/index.php\/produit\/affiche-bateau-bleu-coquille-30-40-cm\/#primaryimage\"},\"image\":{\"@id\":\"https:\/\/atelier-diospyros.fr\/index.php\/produit\/affiche-bateau-bleu-coquille-30-40-cm\/#primaryimage\"},\"thumbnailUrl\":\"https:\/\/atelier-diospyros.fr\/wp-content\/uploads\/2024\/12\/Screenshot-2024-12-09-at-11-30-49-Achat-Papeterie-Affiche-Deco-21-x-29-7-cm-Bateau-en-gros.png\",\"datePublished\":\"2024-12-09T10:41:58+00:00\",\"dateModified\":\"2024-12-11T09:14:00+00:00\",\"description\":\"Affiche Bateau, illustr\u00e9e par l'artiste Bleu Coquille, Format 30*40 cm. Une cr\u00e9ation fran\u00e7aise dessin\u00e9e \u00e0 saint Malo, Bretagne.\",\"breadcrumb\":{\"@id\":\"https:\/\/atelier-diospyros.fr\/index.php\/produit\/affiche-bateau-bleu-coquille-30-40-cm\/#breadcrumb\"},\"inLanguage\":\"fr-FR\",\"potentialAction\":[{\"@type\":\"ReadAction\",\"target\":[\"https:\/\/atelier-diospyros.fr\/index.php\/produit\/affiche-bateau-bleu-coquille-30-40-cm\/\"]}]},{\"@type\":\"ImageObject\",\"inLanguage\":\"fr-FR\",\"@id\":\"https:\/\/atelier-diospyros.fr\/index.php\/produit\/affiche-bateau-bleu-coquille-30-40-cm\/#primaryimage\",\"url\":\"https:\/\/atelier-diospyros.fr\/wp-content\/uploads\/2024\/12\/Screenshot-2024-12-09-at-11-30-49-Achat-Papeterie-Affiche-Deco-21-x-29-7-cm-Bateau-en-gros.png\",\"contentUrl\":\"https:\/\/atelier-diospyros.fr\/wp-content\/uploads\/2024\/12\/Screenshot-2024-12-09-at-11-30-49-Achat-Papeterie-Affiche-Deco-21-x-29-7-cm-Bateau-en-gros.png\",\"width\":480,\"height\":480,\"caption\":\"Affiche bateau Bleu Coquille 30x40 cm\"},{\"@type\":\"BreadcrumbList\",\"@id\":\"https:\/\/atelier-diospyros.fr\/index.php\/produit\/affiche-bateau-bleu-coquille-30-40-cm\/#breadcrumb\",\"itemListElement\":[{\"@type\":\"ListItem\",\"position\":1,\"name\":\"Accueil\",\"item\":\"https:\/\/atelier-diospyros.fr\/\"},{\"@type\":\"ListItem\",\"position\":2,\"name\":\"Boutique\",\"item\":\"https:\/\/atelier-diospyros.fr\/index.php\/boutique\/\"},{\"@type\":\"ListItem\",\"position\":3,\"name\":\"Affiche bateau 30&#215;40 cm &#8211; Bleu Coquille\"}]},{\"@type\":\"WebSite\",\"@id\":\"https:\/\/atelier-diospyros.fr\/#website\",\"url\":\"https:\/\/atelier-diospyros.fr\/\",\"name\":\"Atelier Diospyros &amp; Cl\u00e9mence Quitterel\",\"description\":\"Objets en bois precieux et Cyanotypes : bijoux, d\u00e9coration d&#039;interieur, noeud papillon en bois, planches a decouper\",\"potentialAction\":[{\"@type\":\"SearchAction\",\"target\":{\"@type\":\"EntryPoint\",\"urlTemplate\":\"https:\/\/atelier-diospyros.fr\/?s={search_term_string}\"},\"query-input\":{\"@type\":\"PropertyValueSpecification\",\"valueRequired\":true,\"valueName\":\"search_term_string\"}}],\"inLanguage\":\"fr-FR\"}]}<\/script>\n<!-- \/ Yoast SEO plugin. -->","yoast_head_json":{"title":"Affiche bateau 30x40 cm - Bleu Coquille - Atelier Diospyros &amp; Cl\u00e9mence Quitterel","description":"Affiche Bateau, illustr\u00e9e par l'artiste Bleu Coquille, Format 30*40 cm. Une cr\u00e9ation fran\u00e7aise dessin\u00e9e \u00e0 saint Malo, Bretagne.","robots":{"index":"index","follow":"follow","max-snippet":"max-snippet:-1","max-image-preview":"max-image-preview:large","max-video-preview":"max-video-preview:-1"},"canonical":"https:\/\/atelier-diospyros.fr\/index.php\/produit\/affiche-bateau-bleu-coquille-30-40-cm\/","og_locale":"fr_FR","og_type":"article","og_title":"Affiche bateau 30x40 cm - Bleu Coquille - Atelier Diospyros &amp; Cl\u00e9mence Quitterel","og_description":"Affiche Bateau, illustr\u00e9e par l'artiste Bleu Coquille, Format 30*40 cm. Une cr\u00e9ation fran\u00e7aise dessin\u00e9e \u00e0 saint Malo, Bretagne.","og_url":"https:\/\/atelier-diospyros.fr\/index.php\/produit\/affiche-bateau-bleu-coquille-30-40-cm\/","og_site_name":"Atelier Diospyros &amp; Cl\u00e9mence Quitterel","article_modified_time":"2024-12-11T09:14:00+00:00","og_image":[{"width":480,"height":480,"url":"https:\/\/atelier-diospyros.fr\/wp-content\/uploads\/2024\/12\/Screenshot-2024-12-09-at-11-30-49-Achat-Papeterie-Affiche-Deco-21-x-29-7-cm-Bateau-en-gros.png","type":"image\/png"}],"twitter_card":"summary_large_image","twitter_misc":{"Dur\u00e9e de lecture estim\u00e9e":"3 minutes"},"schema":{"@context":"https:\/\/schema.org","@graph":[{"@type":"WebPage","@id":"https:\/\/atelier-diospyros.fr\/index.php\/produit\/affiche-bateau-bleu-coquille-30-40-cm\/","url":"https:\/\/atelier-diospyros.fr\/index.php\/produit\/affiche-bateau-bleu-coquille-30-40-cm\/","name":"Affiche bateau 30x40 cm - Bleu Coquille - Atelier Diospyros &amp; Cl\u00e9mence Quitterel","isPartOf":{"@id":"https:\/\/atelier-diospyros.fr\/#website"},"primaryImageOfPage":{"@id":"https:\/\/atelier-diospyros.fr\/index.php\/produit\/affiche-bateau-bleu-coquille-30-40-cm\/#primaryimage"},"image":{"@id":"https:\/\/atelier-diospyros.fr\/index.php\/produit\/affiche-bateau-bleu-coquille-30-40-cm\/#primaryimage"},"thumbnailUrl":"https:\/\/atelier-diospyros.fr\/wp-content\/uploads\/2024\/12\/Screenshot-2024-12-09-at-11-30-49-Achat-Papeterie-Affiche-Deco-21-x-29-7-cm-Bateau-en-gros.png","datePublished":"2024-12-09T10:41:58+00:00","dateModified":"2024-12-11T09:14:00+00:00","description":"Affiche Bateau, illustr\u00e9e par l'artiste Bleu Coquille, Format 30*40 cm. Une cr\u00e9ation fran\u00e7aise dessin\u00e9e \u00e0 saint Malo, Bretagne.","breadcrumb":{"@id":"https:\/\/atelier-diospyros.fr\/index.php\/produit\/affiche-bateau-bleu-coquille-30-40-cm\/#breadcrumb"},"inLanguage":"fr-FR","potentialAction":[{"@type":"ReadAction","target":["https:\/\/atelier-diospyros.fr\/index.php\/produit\/affiche-bateau-bleu-coquille-30-40-cm\/"]}]},{"@type":"ImageObject","inLanguage":"fr-FR","@id":"https:\/\/atelier-diospyros.fr\/index.php\/produit\/affiche-bateau-bleu-coquille-30-40-cm\/#primaryimage","url":"https:\/\/atelier-diospyros.fr\/wp-content\/uploads\/2024\/12\/Screenshot-2024-12-09-at-11-30-49-Achat-Papeterie-Affiche-Deco-21-x-29-7-cm-Bateau-en-gros.png","contentUrl":"https:\/\/atelier-diospyros.fr\/wp-content\/uploads\/2024\/12\/Screenshot-2024-12-09-at-11-30-49-Achat-Papeterie-Affiche-Deco-21-x-29-7-cm-Bateau-en-gros.png","width":480,"height":480,"caption":"Affiche bateau Bleu Coquille 30x40 cm"},{"@type":"BreadcrumbList","@id":"https:\/\/atelier-diospyros.fr\/index.php\/produit\/affiche-bateau-bleu-coquille-30-40-cm\/#breadcrumb","itemListElement":[{"@type":"ListItem","position":1,"name":"Accueil","item":"https:\/\/atelier-diospyros.fr\/"},{"@type":"ListItem","position":2,"name":"Boutique","item":"https:\/\/atelier-diospyros.fr\/index.php\/boutique\/"},{"@type":"ListItem","position":3,"name":"Affiche bateau 30&#215;40 cm &#8211; Bleu Coquille"}]},{"@type":"WebSite","@id":"https:\/\/atelier-diospyros.fr\/#website","url":"https:\/\/atelier-diospyros.fr\/","name":"Atelier Diospyros &amp; Cl\u00e9mence Quitterel","description":"Objets en bois precieux et Cyanotypes : bijoux, d\u00e9coration d&#039;interieur, noeud papillon en bois, planches a decouper","potentialAction":[{"@type":"SearchAction","target":{"@type":"EntryPoint","urlTemplate":"https:\/\/atelier-diospyros.fr\/?s={search_term_string}"},"query-input":{"@type":"PropertyValueSpecification","valueRequired":true,"valueName":"search_term_string"}}],"inLanguage":"fr-FR"}]}},"jetpack_sharing_enabled":true,"_links":{"self":[{"href":"https:\/\/atelier-diospyros.fr\/index.php\/wp-json\/wp\/v2\/product\/10733"}],"collection":[{"href":"https:\/\/atelier-diospyros.fr\/index.php\/wp-json\/wp\/v2\/product"}],"about":[{"href":"https:\/\/atelier-diospyros.fr\/index.php\/wp-json\/wp\/v2\/types\/product"}],"wp:featuredmedia":[{"embeddable":true,"href":"https:\/\/atelier-diospyros.fr\/index.php\/wp-json\/wp\/v2\/media\/10734"}],"wp:attachment":[{"href":"https:\/\/atelier-diospyros.fr\/index.php\/wp-json\/wp\/v2\/media?parent=10733"}],"wp:term":[{"taxonomy":"product_cat","embeddable":true,"href":"https:\/\/atelier-diospyros.fr\/index.php\/wp-json\/wp\/v2\/product_cat?post=10733"},{"taxonomy":"product_tag","embeddable":true,"href":"https:\/\/atelier-diospyros.fr\/index.php\/wp-json\/wp\/v2\/product_tag?post=10733"}],"curies":[{"name":"wp","href":"https:\/\/api.w.org\/{rel}","templated":true}]}}