{"id":10723,"date":"2024-12-09T10:51:39","date_gmt":"2024-12-09T09:51:39","guid":{"rendered":"https:\/\/atelier-diospyros.fr\/?post_type=product&#038;p=10723"},"modified":"2025-06-28T15:54:02","modified_gmt":"2025-06-28T13:54:02","slug":"disque-tournant-voyageur-aventura-editions","status":"publish","type":"product","link":"https:\/\/atelier-diospyros.fr\/index.php\/produit\/disque-tournant-voyageur-aventura-editions\/","title":{"rendered":"Disque tournant du voyageur &#8211; Aventura \u00c9ditions"},"content":{"rendered":"<h3>Une d\u00e9co parfaite pour les grand voyageurs !<\/h3>\n<p>Le disque tournant du voyageur est une cr\u00e9ation de la marque Fran\u00e7aise <a href=\"https:\/\/www.instagram.com\/aventuraeditions\/\">Aventura \u00c9ditions.<\/a><\/p>\n<h4 class=\"ak-heading--4 ds-text-primary\" data-v-31657ff4=\"\" data-v-d91b54b3=\"\">Description<\/h4>\n<div data-v-cbba9010=\"\" data-v-d91b54b3=\"\">\n<div class=\"rich-description ds-text-base ds-text-neutral-900 text-collapsed gradient-ellipsis\" data-v-cbba9010=\"\">Ce calendrier sur disque mobile en carton aide \u00e0 choisir la destination et le meilleur moment pour partir dans le monde.<br \/>\nSi tous les pays sont \u00e0 visiter, il est pr\u00e9f\u00e9rable de savoir quelle est la meilleure p\u00e9riode pour en profiter pleinement.<br \/>\nIl indique les principales activit\u00e9s \u00e0 faire et les lieux \u00e0 ne pas manquer, ainsi que le budget moyen par pays.<br \/>\nIl est pratique de manipulation et peut s\u2019accrocher gr\u00e2ce \u00e0 une attache m\u00e9tallique.<\/div>\n<div data-v-cbba9010=\"\">Un objet ludique pour vous aider \u00e0 choisir votre destination de voyage, mois par mois , en fonction de votre budget et de ce que vous aimez !<\/div>\n<div data-v-cbba9010=\"\">Un code couleur vous aidera \u00e0 choisir selon votre budget : modeste, abordable ou on\u00e9reux.<\/div>\n<div data-v-cbba9010=\"\">Des pictogrammes vous permettront de choisir votre destination selon son type : culturel, cascade, plage, nature, trekking, d\u00e9tente, plong\u00e9e, volcan&#8230;<\/div>\n<div data-v-cbba9010=\"\"><\/div>\n<\/div>\n<div class=\"description\" data-v-d91b54b3=\"\">\n<h4 class=\"ak-heading--4 ds-text-primary\" data-v-31657ff4=\"\" data-v-d91b54b3=\"\">Dimensions<\/h4>\n<div data-v-cbba9010=\"\" data-v-d91b54b3=\"\">\n<div class=\"rich-description ds-text-base ds-text-neutral-900 text-collapsed\" data-v-cbba9010=\"\">28 cm x 30 cm<\/div>\n<\/div>\n<\/div>\n<p>&nbsp;<\/p>\n<h3>La marque Aventura \u00c9ditions<\/h3>\n<p>Aventura \u00c9dition est une maison d\u2019\u00e9ditions qui con\u00e7oit depuis six ans des cr\u00e9ations originales pour tous les voyageurs. Leur cr\u00e9ations ne cessent d\u2019augmenter pour vous accompagner dans n\u2019importe quelle aventure, pour \u00e9veiller l\u2019amour du voyage, la connaissance et l\u2019exploration. \u00c0 travers leur objets ils partagent avec vous cette envie d\u2019explorer, d\u2019apprendre, de faire de belles rencontres, de s\u2019\u00e9merveiller, de vivre de nouvelles exp\u00e9riences\u2026<\/p>\n<h5 data-aos=\"fade-up\" data-aos-offset=\"0\">La marque <a href=\"https:\/\/atelier-diospyros.fr\/index.php\/etiquette-produit\/aventura-editions\/\">Aventura \u00c9ditions<\/a> fait partie de notre s\u00e9lection \u00ab Les Artisans Voyageurs \u00bb <a href=\"https:\/\/atelier-diospyros.fr\/index.php\/categorie-produit\/les-artisans-voyageurs\/\">Retrouvez ici tous nos coups de C\u0153ur Made in France !<\/a><\/h5>\n<p>&nbsp;<\/p>\n","protected":false},"excerpt":{"rendered":"<div class=\"woocommerce-product-details__short-description\">Ce calendrier sur disque mobile en carton aide \u00e0 choisir la destination et le meilleur moment pour partir dans le monde.<\/div>\n","protected":false},"featured_media":10726,"template":"","meta":[],"product_cat":[385],"product_tag":[481,483,505,62,484,409,482],"class_list":{"0":"post-10723","1":"product","2":"type-product","3":"status-publish","4":"has-post-thumbnail","6":"product_cat-les-artisans-voyageurs","7":"product_tag-aventura-editions","8":"product_tag-disque","9":"product_tag-idee-cadeau-a-moins-de-15-euros","10":"product_tag-idee-cadeau-homme","11":"product_tag-pays","12":"product_tag-voyage","13":"product_tag-voyageur","15":"first","16":"outofstock","17":"shipping-taxable","18":"purchasable","19":"product-type-simple"},"yoast_head":"<!-- This site is optimized with the Yoast SEO plugin v24.2 - https:\/\/yoast.com\/wordpress\/plugins\/seo\/ -->\n<title>Disque tournant du voyageur - Aventura \u00c9ditions<\/title>\n<meta name=\"description\" content=\"Un objet ludique pour vous aider \u00e0 choisir votre destination de voyage, mois par mois , en fonction de votre budget et de ce que vous aimez !\" \/>\n<meta name=\"robots\" content=\"index, follow, max-snippet:-1, max-image-preview:large, max-video-preview:-1\" \/>\n<link rel=\"canonical\" href=\"https:\/\/atelier-diospyros.fr\/index.php\/produit\/disque-tournant-voyageur-aventura-editions\/\" \/>\n<meta property=\"og:locale\" content=\"fr_FR\" \/>\n<meta property=\"og:type\" content=\"article\" \/>\n<meta property=\"og:title\" content=\"Disque tournant du voyageur - Aventura \u00c9ditions\" \/>\n<meta property=\"og:description\" content=\"Un objet ludique pour vous aider \u00e0 choisir votre destination de voyage, mois par mois , en fonction de votre budget et de ce que vous aimez !\" \/>\n<meta property=\"og:url\" content=\"https:\/\/atelier-diospyros.fr\/index.php\/produit\/disque-tournant-voyageur-aventura-editions\/\" \/>\n<meta property=\"og:site_name\" content=\"Atelier Diospyros &amp; Cl\u00e9mence Quitterel\" \/>\n<meta property=\"article:modified_time\" content=\"2025-06-28T13:54:02+00:00\" \/>\n<meta property=\"og:image\" content=\"https:\/\/atelier-diospyros.fr\/wp-content\/uploads\/2024\/07\/Screenshot-2024-12-09-at-10-54-49-3346251-47d6fc3a1b274c.jpg-Image-WEBP-555-\u00d7-481-pixels.png\" \/>\n\t<meta property=\"og:image:width\" content=\"693\" \/>\n\t<meta property=\"og:image:height\" content=\"601\" \/>\n\t<meta property=\"og:image:type\" content=\"image\/png\" \/>\n<meta name=\"twitter:card\" content=\"summary_large_image\" \/>\n<meta name=\"twitter:label1\" content=\"Dur\u00e9e de lecture estim\u00e9e\" \/>\n\t<meta name=\"twitter:data1\" content=\"2 minutes\" \/>\n<script type=\"application\/ld+json\" class=\"yoast-schema-graph\">{\"@context\":\"https:\/\/schema.org\",\"@graph\":[{\"@type\":\"WebPage\",\"@id\":\"https:\/\/atelier-diospyros.fr\/index.php\/produit\/disque-tournant-voyageur-aventura-editions\/\",\"url\":\"https:\/\/atelier-diospyros.fr\/index.php\/produit\/disque-tournant-voyageur-aventura-editions\/\",\"name\":\"Disque tournant du voyageur - Aventura \u00c9ditions\",\"isPartOf\":{\"@id\":\"https:\/\/atelier-diospyros.fr\/#website\"},\"primaryImageOfPage\":{\"@id\":\"https:\/\/atelier-diospyros.fr\/index.php\/produit\/disque-tournant-voyageur-aventura-editions\/#primaryimage\"},\"image\":{\"@id\":\"https:\/\/atelier-diospyros.fr\/index.php\/produit\/disque-tournant-voyageur-aventura-editions\/#primaryimage\"},\"thumbnailUrl\":\"https:\/\/atelier-diospyros.fr\/wp-content\/uploads\/2024\/07\/Screenshot-2024-12-09-at-10-54-49-3346251-47d6fc3a1b274c.jpg-Image-WEBP-555-\u00d7-481-pixels.png\",\"datePublished\":\"2024-12-09T09:51:39+00:00\",\"dateModified\":\"2025-06-28T13:54:02+00:00\",\"description\":\"Un objet ludique pour vous aider \u00e0 choisir votre destination de voyage, mois par mois , en fonction de votre budget et de ce que vous aimez !\",\"breadcrumb\":{\"@id\":\"https:\/\/atelier-diospyros.fr\/index.php\/produit\/disque-tournant-voyageur-aventura-editions\/#breadcrumb\"},\"inLanguage\":\"fr-FR\",\"potentialAction\":[{\"@type\":\"ReadAction\",\"target\":[\"https:\/\/atelier-diospyros.fr\/index.php\/produit\/disque-tournant-voyageur-aventura-editions\/\"]}]},{\"@type\":\"ImageObject\",\"inLanguage\":\"fr-FR\",\"@id\":\"https:\/\/atelier-diospyros.fr\/index.php\/produit\/disque-tournant-voyageur-aventura-editions\/#primaryimage\",\"url\":\"https:\/\/atelier-diospyros.fr\/wp-content\/uploads\/2024\/07\/Screenshot-2024-12-09-at-10-54-49-3346251-47d6fc3a1b274c.jpg-Image-WEBP-555-\u00d7-481-pixels.png\",\"contentUrl\":\"https:\/\/atelier-diospyros.fr\/wp-content\/uploads\/2024\/07\/Screenshot-2024-12-09-at-10-54-49-3346251-47d6fc3a1b274c.jpg-Image-WEBP-555-\u00d7-481-pixels.png\",\"width\":693,\"height\":601,\"caption\":\"Disque tournant du voyageur Aventura Edition\"},{\"@type\":\"BreadcrumbList\",\"@id\":\"https:\/\/atelier-diospyros.fr\/index.php\/produit\/disque-tournant-voyageur-aventura-editions\/#breadcrumb\",\"itemListElement\":[{\"@type\":\"ListItem\",\"position\":1,\"name\":\"Accueil\",\"item\":\"https:\/\/atelier-diospyros.fr\/\"},{\"@type\":\"ListItem\",\"position\":2,\"name\":\"Boutique\",\"item\":\"https:\/\/atelier-diospyros.fr\/index.php\/boutique\/\"},{\"@type\":\"ListItem\",\"position\":3,\"name\":\"Disque tournant du voyageur &#8211; Aventura \u00c9ditions\"}]},{\"@type\":\"WebSite\",\"@id\":\"https:\/\/atelier-diospyros.fr\/#website\",\"url\":\"https:\/\/atelier-diospyros.fr\/\",\"name\":\"Atelier Diospyros &amp; Cl\u00e9mence Quitterel\",\"description\":\"Objets en bois precieux et Cyanotypes : bijoux, d\u00e9coration d&#039;interieur, noeud papillon en bois, planches a decouper\",\"potentialAction\":[{\"@type\":\"SearchAction\",\"target\":{\"@type\":\"EntryPoint\",\"urlTemplate\":\"https:\/\/atelier-diospyros.fr\/?s={search_term_string}\"},\"query-input\":{\"@type\":\"PropertyValueSpecification\",\"valueRequired\":true,\"valueName\":\"search_term_string\"}}],\"inLanguage\":\"fr-FR\"}]}<\/script>\n<!-- \/ Yoast SEO plugin. -->","yoast_head_json":{"title":"Disque tournant du voyageur - Aventura \u00c9ditions","description":"Un objet ludique pour vous aider \u00e0 choisir votre destination de voyage, mois par mois , en fonction de votre budget et de ce que vous aimez !","robots":{"index":"index","follow":"follow","max-snippet":"max-snippet:-1","max-image-preview":"max-image-preview:large","max-video-preview":"max-video-preview:-1"},"canonical":"https:\/\/atelier-diospyros.fr\/index.php\/produit\/disque-tournant-voyageur-aventura-editions\/","og_locale":"fr_FR","og_type":"article","og_title":"Disque tournant du voyageur - Aventura \u00c9ditions","og_description":"Un objet ludique pour vous aider \u00e0 choisir votre destination de voyage, mois par mois , en fonction de votre budget et de ce que vous aimez !","og_url":"https:\/\/atelier-diospyros.fr\/index.php\/produit\/disque-tournant-voyageur-aventura-editions\/","og_site_name":"Atelier Diospyros &amp; Cl\u00e9mence Quitterel","article_modified_time":"2025-06-28T13:54:02+00:00","og_image":[{"width":693,"height":601,"url":"https:\/\/atelier-diospyros.fr\/wp-content\/uploads\/2024\/07\/Screenshot-2024-12-09-at-10-54-49-3346251-47d6fc3a1b274c.jpg-Image-WEBP-555-\u00d7-481-pixels.png","type":"image\/png"}],"twitter_card":"summary_large_image","twitter_misc":{"Dur\u00e9e de lecture estim\u00e9e":"2 minutes"},"schema":{"@context":"https:\/\/schema.org","@graph":[{"@type":"WebPage","@id":"https:\/\/atelier-diospyros.fr\/index.php\/produit\/disque-tournant-voyageur-aventura-editions\/","url":"https:\/\/atelier-diospyros.fr\/index.php\/produit\/disque-tournant-voyageur-aventura-editions\/","name":"Disque tournant du voyageur - Aventura \u00c9ditions","isPartOf":{"@id":"https:\/\/atelier-diospyros.fr\/#website"},"primaryImageOfPage":{"@id":"https:\/\/atelier-diospyros.fr\/index.php\/produit\/disque-tournant-voyageur-aventura-editions\/#primaryimage"},"image":{"@id":"https:\/\/atelier-diospyros.fr\/index.php\/produit\/disque-tournant-voyageur-aventura-editions\/#primaryimage"},"thumbnailUrl":"https:\/\/atelier-diospyros.fr\/wp-content\/uploads\/2024\/07\/Screenshot-2024-12-09-at-10-54-49-3346251-47d6fc3a1b274c.jpg-Image-WEBP-555-\u00d7-481-pixels.png","datePublished":"2024-12-09T09:51:39+00:00","dateModified":"2025-06-28T13:54:02+00:00","description":"Un objet ludique pour vous aider \u00e0 choisir votre destination de voyage, mois par mois , en fonction de votre budget et de ce que vous aimez !","breadcrumb":{"@id":"https:\/\/atelier-diospyros.fr\/index.php\/produit\/disque-tournant-voyageur-aventura-editions\/#breadcrumb"},"inLanguage":"fr-FR","potentialAction":[{"@type":"ReadAction","target":["https:\/\/atelier-diospyros.fr\/index.php\/produit\/disque-tournant-voyageur-aventura-editions\/"]}]},{"@type":"ImageObject","inLanguage":"fr-FR","@id":"https:\/\/atelier-diospyros.fr\/index.php\/produit\/disque-tournant-voyageur-aventura-editions\/#primaryimage","url":"https:\/\/atelier-diospyros.fr\/wp-content\/uploads\/2024\/07\/Screenshot-2024-12-09-at-10-54-49-3346251-47d6fc3a1b274c.jpg-Image-WEBP-555-\u00d7-481-pixels.png","contentUrl":"https:\/\/atelier-diospyros.fr\/wp-content\/uploads\/2024\/07\/Screenshot-2024-12-09-at-10-54-49-3346251-47d6fc3a1b274c.jpg-Image-WEBP-555-\u00d7-481-pixels.png","width":693,"height":601,"caption":"Disque tournant du voyageur Aventura Edition"},{"@type":"BreadcrumbList","@id":"https:\/\/atelier-diospyros.fr\/index.php\/produit\/disque-tournant-voyageur-aventura-editions\/#breadcrumb","itemListElement":[{"@type":"ListItem","position":1,"name":"Accueil","item":"https:\/\/atelier-diospyros.fr\/"},{"@type":"ListItem","position":2,"name":"Boutique","item":"https:\/\/atelier-diospyros.fr\/index.php\/boutique\/"},{"@type":"ListItem","position":3,"name":"Disque tournant du voyageur &#8211; Aventura \u00c9ditions"}]},{"@type":"WebSite","@id":"https:\/\/atelier-diospyros.fr\/#website","url":"https:\/\/atelier-diospyros.fr\/","name":"Atelier Diospyros &amp; Cl\u00e9mence Quitterel","description":"Objets en bois precieux et Cyanotypes : bijoux, d\u00e9coration d&#039;interieur, noeud papillon en bois, planches a decouper","potentialAction":[{"@type":"SearchAction","target":{"@type":"EntryPoint","urlTemplate":"https:\/\/atelier-diospyros.fr\/?s={search_term_string}"},"query-input":{"@type":"PropertyValueSpecification","valueRequired":true,"valueName":"search_term_string"}}],"inLanguage":"fr-FR"}]}},"jetpack_sharing_enabled":true,"_links":{"self":[{"href":"https:\/\/atelier-diospyros.fr\/index.php\/wp-json\/wp\/v2\/product\/10723"}],"collection":[{"href":"https:\/\/atelier-diospyros.fr\/index.php\/wp-json\/wp\/v2\/product"}],"about":[{"href":"https:\/\/atelier-diospyros.fr\/index.php\/wp-json\/wp\/v2\/types\/product"}],"wp:featuredmedia":[{"embeddable":true,"href":"https:\/\/atelier-diospyros.fr\/index.php\/wp-json\/wp\/v2\/media\/10726"}],"wp:attachment":[{"href":"https:\/\/atelier-diospyros.fr\/index.php\/wp-json\/wp\/v2\/media?parent=10723"}],"wp:term":[{"taxonomy":"product_cat","embeddable":true,"href":"https:\/\/atelier-diospyros.fr\/index.php\/wp-json\/wp\/v2\/product_cat?post=10723"},{"taxonomy":"product_tag","embeddable":true,"href":"https:\/\/atelier-diospyros.fr\/index.php\/wp-json\/wp\/v2\/product_tag?post=10723"}],"curies":[{"name":"wp","href":"https:\/\/api.w.org\/{rel}","templated":true}]}}