{"id":10688,"date":"2024-12-09T09:32:36","date_gmt":"2024-12-09T08:32:36","guid":{"rendered":"https:\/\/atelier-diospyros.fr\/?post_type=product&#038;p=10688"},"modified":"2025-07-30T19:11:36","modified_gmt":"2025-07-30T17:11:36","slug":"choumarin-jouet-bois-maison-tirot","status":"publish","type":"product","link":"https:\/\/atelier-diospyros.fr\/index.php\/produit\/choumarin-jouet-bois-maison-tirot\/","title":{"rendered":"\u00ab\u00a0Le Choumarin\u00a0\u00bb sous-marin en bois &#8211; Maison Tirot"},"content":{"rendered":"<p>Le Choumarin est un sous-marin en bois navigable, fabriqu\u00e9 par l&rsquo;entreprise <a href=\"https:\/\/www.instagram.com\/maison_tirot\/?hl=fr\">Maison Tirot<\/a> (\u00e0 Romagn\u00e9 pr\u00e8s de Foug\u00e8res depuis 1946) !<\/p>\n<div class=\"woocommerce-product-details__short-description\">\n<p>Terriblement mignon, Le Choumarin incarne \u00e0 la fois le charme et la fantaisie. Id\u00e9al pour les bains des enfants, Le Choumarin est con\u00e7u pour r\u00e9sister m\u00eame aux mers les plus agit\u00e9es, garantissant ainsi qu\u2019il puisse \u00eatre transmis de g\u00e9n\u00e9ration en g\u00e9n\u00e9ration.<br \/>\nFabriqu\u00e9 \u00e0 partir de bois de h\u00eatre massif, comme nos bateau-jouet et nos sabots d\u2019autrefois, il apporte une touche de nostalgie et de durabilit\u00e9 aux jeux de bain. L\u2019h\u00e9lice est en acier inoxydable 316L r\u00e9sistant \u00e0 la corrosion.<\/p>\n<p>Le Choumarin est fait pour \u00eatre dans l\u2019eau, que ce soit le calme d\u2019une baignoire ou l\u2019immensit\u00e9 de l\u2019oc\u00e9an !<\/p>\n<p>Avec son ouverture arri\u00e8re, les enfants peuvent personnaliser Le Choumarin en ajoutant leur personnage pr\u00e9f\u00e9r\u00e9.<\/p>\n<p>Chaque aspect du Choumarin t\u00e9moigne de son h\u00e9ritage fran\u00e7ais. De la conception \u00e0 l\u2019assemblage, tout est fait dans un atelier \u00e0 Romagn\u00e9, en Bretagne. En utilisant du bois de h\u00eatre provenant de for\u00eats locales, il flotte fi\u00e8rement comme un vrai sous-marin \u00e0 la surface du plan d\u2019eau.<\/p>\n<p>M\u00eame l\u2019emballage et la peinture proviennent de Bretagne, garantissant une touche d\u2019authenticit\u00e9 et de qualit\u00e9 \u00e0 ce jouet terrible\u2026. mais si mignon \u00e0 la fois \ud83d\ude42<\/p>\n<p>Certaines rumeurs disent m\u00eame que l\u2019Australie nous aurait achet\u00e9 quelques exemplaires du Choumarin\u2026.<\/p>\n<p>\u2013 Fabriqu\u00e9 \u00e0 100% dans notre atelier en Bretagne<br \/>\n\u2013 Fabriqu\u00e9 en bois de h\u00eatre et inox 316L<br \/>\n\u2013 Flotte dans l\u2019eau.<br \/>\n\u2013 R\u00e9pond aux normes de s\u00e9curit\u00e9 europ\u00e9ennes EN-71.<br \/>\n\u2013 Emballage en carton recyclable.<\/p>\n<\/div>\n<p>&nbsp;<\/p>\n<h3>La marque Bretonne Maison Tirot<\/h3>\n<div class=\"elementor-element elementor-element-a133871 elementor-widget elementor-widget-text-editor\" data-id=\"a133871\" data-element_type=\"widget\" data-widget_type=\"text-editor.default\">\n<div class=\"elementor-widget-container\">\n<p>Fond\u00e9e en 1946 par Francis Tirot, l&rsquo;entreprise est instal\u00e9e \u00e0 Romagn\u00e9, en Bretagne depuis 75 ans.<\/p>\n<p>L&rsquo;arriv\u00e9e des tous premiers cong\u00e9s pay\u00e9s lui a donn\u00e9 l\u2019envie de cr\u00e9er un jouet en bois pour enfant. De cette id\u00e9e est n\u00e9e une fabrication unique, \u00e0 savoir un <strong>bateau jouet<\/strong>\u00a0<strong>bois navigable<\/strong>.<\/p>\n<\/div>\n<\/div>\n<div class=\"elementor-element elementor-element-0d94dca elementor-widget elementor-widget-text-editor\" data-id=\"0d94dca\" data-element_type=\"widget\" data-widget_type=\"text-editor.default\">\n<div class=\"elementor-widget-container\">\n<p>V\u00e9ritables jouets pour enfants, les bateaux sont aux normes fran\u00e7aises et europ\u00e9ennes de s\u00e9curit\u00e9. Tous les bateaux sont fabriqu\u00e9s et peints \u00e0 la main.<\/p>\n<p>Depuis 2021, Augustin Hubert, accompagn\u00e9 et form\u00e9 par Nicolas Tirot se retrouve \u00e0 la t\u00eate de l\u2019entreprise bretonne. Il est le seul fabricant fran\u00e7ais de bateaux jouets en bois.<\/p>\n<p>Plus de 15 000 bateaux sortent chaque ann\u00e9e de leur atelier pour \u00eatre vendus partout en France et \u00e0 l\u2019\u00e9tranger dans plus de 250 magasins de jeux et jouets en bois, boutiques de plages, mus\u00e9es).<\/p>\n<p>L\u2019entreprise Tirot est lab\u00e9lis\u00e9e en 2012 \u2018EPV\u2019 Entreprise du Patrimoine Vivant Fran\u00e7ais. C\u2019est une marque de reconnaissance de L\u2019Etat, mise en place pour distinguer des entreprises fran\u00e7aises aux savoir-faire artisanaux et industriels d\u2019excellence.<\/p>\n<p>Les bateaux jouets TIROT ont \u00e9galement obtenu en 2012 le Prix \u00e0 la Cr\u00e9ation en Bretagne<\/p>\n<h5 data-aos=\"fade-up\" data-aos-offset=\"0\">La marque Maison Tirot fait partie de notre s\u00e9lection \u00ab\u00a0Les Artisans Voyageurs\u00a0\u00bb <a href=\"https:\/\/atelier-diospyros.fr\/index.php\/categorie-produit\/les-artisans-voyageurs\/\">Retrouvez ici tous nos coups de C\u0153ur Made in France !<\/a><\/h5>\n<\/div>\n<\/div>\n","protected":false},"excerpt":{"rendered":"<div id=\"tab-description\" class=\"woocommerce-Tabs-panel woocommerce-Tabs-panel--description panel entry-content wc-tab\" role=\"tabpanel\" aria-labelledby=\"tab-title-description\">\n<p>Le Choumarin est le jouet de bain id\u00e9al pour accompagner votre enfant lors de ses aventures nautiques \ud83d\ude42<\/p>\n<p>Fabriqu\u00e9 enti\u00e8rement dans \u00e0 Romagn\u00e9 (Bretagne) en bois massif, du h\u00eatre, issu des for\u00eats situ\u00e9es autour de l&rsquo;atelier.<\/p>\n<p>L\u2019h\u00e9lice est fabriqu\u00e9e en inox 316L, r\u00e9sistant \u00e0 la corrosion. Votre Choumarin peut donc \u00eatre emport\u00e9 avec vous sur la plage pour profiter des apr\u00e8s-midi dans les bassins d\u2019eau de mer.<\/p>\n<p>Son entretien est tr\u00e8s ais\u00e9 : laissez s\u00e9cher votre Choumarin apr\u00e8s chaque utilisation \u00e0 l\u2019abri des fortes chaleurs (\u00e9viter le soleil direct du Sud de la France ou les radiateurs).<\/p>\n<\/div>\n<hr \/>\n<p>\ud83c\uddeb\ud83c\uddf7\u00a0 \u00a0 Artisanat Breton<br \/>\n\ud83c\udf33\u00a0 \u00a0 Bois massif (H\u00eatre)<br \/>\n\ud83c\udf0d\u00a0 \u00a0 Approvisionnement local<br \/>\n\ud83d\udca6\u00a0 \u00a0 Con\u00e7u pour \u00eatre utilis\u00e9 dans l\u2019eau<\/p>\n","protected":false},"featured_media":10698,"template":"","meta":[],"product_cat":[385],"product_tag":[195,463,390,394,392,275,101,280,106,62,462,391,196,393,395],"class_list":{"0":"post-10688","1":"product","2":"type-product","3":"status-publish","4":"has-post-thumbnail","6":"product_cat-les-artisans-voyageurs","7":"product_tag-artisanal","8":"product_tag-bain","9":"product_tag-bateau","10":"product_tag-bateau-tirot","11":"product_tag-cadeau-naissance","12":"product_tag-decoration","13":"product_tag-enfant","14":"product_tag-fabrique-en-bretagne","15":"product_tag-idee-cadeau-enfant","16":"product_tag-idee-cadeau-homme","17":"product_tag-jouet","18":"product_tag-jouet-en-bois","19":"product_tag-made-in-france","20":"product_tag-maison-tirot","21":"product_tag-voilier","23":"first","24":"outofstock","25":"shipping-taxable","26":"purchasable","27":"product-type-simple"},"yoast_head":"<!-- This site is optimized with the Yoast SEO plugin v24.2 - https:\/\/yoast.com\/wordpress\/plugins\/seo\/ -->\n<title>&quot;Le Choumarin&quot; sous-marin en bois - Maison Tirot<\/title>\n<meta name=\"description\" content=\"Fabriqu\u00e9 en Bretagne pr\u00e8s de Foug\u00e8res, le sous-marin jouet en bois \u201cChoumarin\u201d est le compagnon id\u00e9al lors des bains de vos enfants !\" \/>\n<meta name=\"robots\" content=\"index, follow, max-snippet:-1, max-image-preview:large, max-video-preview:-1\" \/>\n<link rel=\"canonical\" href=\"https:\/\/atelier-diospyros.fr\/index.php\/produit\/choumarin-jouet-bois-maison-tirot\/\" \/>\n<meta property=\"og:locale\" content=\"fr_FR\" \/>\n<meta property=\"og:type\" content=\"article\" \/>\n<meta property=\"og:title\" content=\"&quot;Le Choumarin&quot; sous-marin en bois - Maison Tirot\" \/>\n<meta property=\"og:description\" content=\"Fabriqu\u00e9 en Bretagne pr\u00e8s de Foug\u00e8res, le sous-marin jouet en bois \u201cChoumarin\u201d est le compagnon id\u00e9al lors des bains de vos enfants !\" \/>\n<meta property=\"og:url\" content=\"https:\/\/atelier-diospyros.fr\/index.php\/produit\/choumarin-jouet-bois-maison-tirot\/\" \/>\n<meta property=\"og:site_name\" content=\"Atelier Diospyros &amp; Cl\u00e9mence Quitterel\" \/>\n<meta property=\"article:modified_time\" content=\"2025-07-30T17:11:36+00:00\" \/>\n<meta property=\"og:image\" content=\"https:\/\/atelier-diospyros.fr\/wp-content\/uploads\/2024\/12\/Screenshot-2024-12-09-at-09-39-21-choumarin-jouet-de-bain-maison-tirot-3.jpg-Image-JPEG-444-\u00d7-444-pixels.png\" \/>\n\t<meta property=\"og:image:width\" content=\"521\" \/>\n\t<meta property=\"og:image:height\" content=\"448\" \/>\n\t<meta property=\"og:image:type\" content=\"image\/png\" \/>\n<meta name=\"twitter:card\" content=\"summary_large_image\" \/>\n<meta name=\"twitter:label1\" content=\"Dur\u00e9e de lecture estim\u00e9e\" \/>\n\t<meta name=\"twitter:data1\" content=\"3 minutes\" \/>\n<script type=\"application\/ld+json\" class=\"yoast-schema-graph\">{\"@context\":\"https:\/\/schema.org\",\"@graph\":[{\"@type\":\"WebPage\",\"@id\":\"https:\/\/atelier-diospyros.fr\/index.php\/produit\/choumarin-jouet-bois-maison-tirot\/\",\"url\":\"https:\/\/atelier-diospyros.fr\/index.php\/produit\/choumarin-jouet-bois-maison-tirot\/\",\"name\":\"\\\"Le Choumarin\\\" sous-marin en bois - Maison Tirot\",\"isPartOf\":{\"@id\":\"https:\/\/atelier-diospyros.fr\/#website\"},\"primaryImageOfPage\":{\"@id\":\"https:\/\/atelier-diospyros.fr\/index.php\/produit\/choumarin-jouet-bois-maison-tirot\/#primaryimage\"},\"image\":{\"@id\":\"https:\/\/atelier-diospyros.fr\/index.php\/produit\/choumarin-jouet-bois-maison-tirot\/#primaryimage\"},\"thumbnailUrl\":\"https:\/\/atelier-diospyros.fr\/wp-content\/uploads\/2024\/12\/Screenshot-2024-12-09-at-09-39-21-choumarin-jouet-de-bain-maison-tirot-3.jpg-Image-JPEG-444-\u00d7-444-pixels.png\",\"datePublished\":\"2024-12-09T08:32:36+00:00\",\"dateModified\":\"2025-07-30T17:11:36+00:00\",\"description\":\"Fabriqu\u00e9 en Bretagne pr\u00e8s de Foug\u00e8res, le sous-marin jouet en bois \u201cChoumarin\u201d est le compagnon id\u00e9al lors des bains de vos enfants !\",\"breadcrumb\":{\"@id\":\"https:\/\/atelier-diospyros.fr\/index.php\/produit\/choumarin-jouet-bois-maison-tirot\/#breadcrumb\"},\"inLanguage\":\"fr-FR\",\"potentialAction\":[{\"@type\":\"ReadAction\",\"target\":[\"https:\/\/atelier-diospyros.fr\/index.php\/produit\/choumarin-jouet-bois-maison-tirot\/\"]}]},{\"@type\":\"ImageObject\",\"inLanguage\":\"fr-FR\",\"@id\":\"https:\/\/atelier-diospyros.fr\/index.php\/produit\/choumarin-jouet-bois-maison-tirot\/#primaryimage\",\"url\":\"https:\/\/atelier-diospyros.fr\/wp-content\/uploads\/2024\/12\/Screenshot-2024-12-09-at-09-39-21-choumarin-jouet-de-bain-maison-tirot-3.jpg-Image-JPEG-444-\u00d7-444-pixels.png\",\"contentUrl\":\"https:\/\/atelier-diospyros.fr\/wp-content\/uploads\/2024\/12\/Screenshot-2024-12-09-at-09-39-21-choumarin-jouet-de-bain-maison-tirot-3.jpg-Image-JPEG-444-\u00d7-444-pixels.png\",\"width\":521,\"height\":448,\"caption\":\"Choumarin petit sous marin en bois jouet de bain maison tirot\"},{\"@type\":\"BreadcrumbList\",\"@id\":\"https:\/\/atelier-diospyros.fr\/index.php\/produit\/choumarin-jouet-bois-maison-tirot\/#breadcrumb\",\"itemListElement\":[{\"@type\":\"ListItem\",\"position\":1,\"name\":\"Accueil\",\"item\":\"https:\/\/atelier-diospyros.fr\/\"},{\"@type\":\"ListItem\",\"position\":2,\"name\":\"Boutique\",\"item\":\"https:\/\/atelier-diospyros.fr\/index.php\/boutique\/\"},{\"@type\":\"ListItem\",\"position\":3,\"name\":\"\u00ab\u00a0Le Choumarin\u00a0\u00bb sous-marin en bois &#8211; Maison Tirot\"}]},{\"@type\":\"WebSite\",\"@id\":\"https:\/\/atelier-diospyros.fr\/#website\",\"url\":\"https:\/\/atelier-diospyros.fr\/\",\"name\":\"Atelier Diospyros &amp; Cl\u00e9mence Quitterel\",\"description\":\"Objets en bois precieux et Cyanotypes : bijoux, d\u00e9coration d&#039;interieur, noeud papillon en bois, planches a decouper\",\"potentialAction\":[{\"@type\":\"SearchAction\",\"target\":{\"@type\":\"EntryPoint\",\"urlTemplate\":\"https:\/\/atelier-diospyros.fr\/?s={search_term_string}\"},\"query-input\":{\"@type\":\"PropertyValueSpecification\",\"valueRequired\":true,\"valueName\":\"search_term_string\"}}],\"inLanguage\":\"fr-FR\"}]}<\/script>\n<!-- \/ Yoast SEO plugin. -->","yoast_head_json":{"title":"\"Le Choumarin\" sous-marin en bois - Maison Tirot","description":"Fabriqu\u00e9 en Bretagne pr\u00e8s de Foug\u00e8res, le sous-marin jouet en bois \u201cChoumarin\u201d est le compagnon id\u00e9al lors des bains de vos enfants !","robots":{"index":"index","follow":"follow","max-snippet":"max-snippet:-1","max-image-preview":"max-image-preview:large","max-video-preview":"max-video-preview:-1"},"canonical":"https:\/\/atelier-diospyros.fr\/index.php\/produit\/choumarin-jouet-bois-maison-tirot\/","og_locale":"fr_FR","og_type":"article","og_title":"\"Le Choumarin\" sous-marin en bois - Maison Tirot","og_description":"Fabriqu\u00e9 en Bretagne pr\u00e8s de Foug\u00e8res, le sous-marin jouet en bois \u201cChoumarin\u201d est le compagnon id\u00e9al lors des bains de vos enfants !","og_url":"https:\/\/atelier-diospyros.fr\/index.php\/produit\/choumarin-jouet-bois-maison-tirot\/","og_site_name":"Atelier Diospyros &amp; Cl\u00e9mence Quitterel","article_modified_time":"2025-07-30T17:11:36+00:00","og_image":[{"width":521,"height":448,"url":"https:\/\/atelier-diospyros.fr\/wp-content\/uploads\/2024\/12\/Screenshot-2024-12-09-at-09-39-21-choumarin-jouet-de-bain-maison-tirot-3.jpg-Image-JPEG-444-\u00d7-444-pixels.png","type":"image\/png"}],"twitter_card":"summary_large_image","twitter_misc":{"Dur\u00e9e de lecture estim\u00e9e":"3 minutes"},"schema":{"@context":"https:\/\/schema.org","@graph":[{"@type":"WebPage","@id":"https:\/\/atelier-diospyros.fr\/index.php\/produit\/choumarin-jouet-bois-maison-tirot\/","url":"https:\/\/atelier-diospyros.fr\/index.php\/produit\/choumarin-jouet-bois-maison-tirot\/","name":"\"Le Choumarin\" sous-marin en bois - Maison Tirot","isPartOf":{"@id":"https:\/\/atelier-diospyros.fr\/#website"},"primaryImageOfPage":{"@id":"https:\/\/atelier-diospyros.fr\/index.php\/produit\/choumarin-jouet-bois-maison-tirot\/#primaryimage"},"image":{"@id":"https:\/\/atelier-diospyros.fr\/index.php\/produit\/choumarin-jouet-bois-maison-tirot\/#primaryimage"},"thumbnailUrl":"https:\/\/atelier-diospyros.fr\/wp-content\/uploads\/2024\/12\/Screenshot-2024-12-09-at-09-39-21-choumarin-jouet-de-bain-maison-tirot-3.jpg-Image-JPEG-444-\u00d7-444-pixels.png","datePublished":"2024-12-09T08:32:36+00:00","dateModified":"2025-07-30T17:11:36+00:00","description":"Fabriqu\u00e9 en Bretagne pr\u00e8s de Foug\u00e8res, le sous-marin jouet en bois \u201cChoumarin\u201d est le compagnon id\u00e9al lors des bains de vos enfants !","breadcrumb":{"@id":"https:\/\/atelier-diospyros.fr\/index.php\/produit\/choumarin-jouet-bois-maison-tirot\/#breadcrumb"},"inLanguage":"fr-FR","potentialAction":[{"@type":"ReadAction","target":["https:\/\/atelier-diospyros.fr\/index.php\/produit\/choumarin-jouet-bois-maison-tirot\/"]}]},{"@type":"ImageObject","inLanguage":"fr-FR","@id":"https:\/\/atelier-diospyros.fr\/index.php\/produit\/choumarin-jouet-bois-maison-tirot\/#primaryimage","url":"https:\/\/atelier-diospyros.fr\/wp-content\/uploads\/2024\/12\/Screenshot-2024-12-09-at-09-39-21-choumarin-jouet-de-bain-maison-tirot-3.jpg-Image-JPEG-444-\u00d7-444-pixels.png","contentUrl":"https:\/\/atelier-diospyros.fr\/wp-content\/uploads\/2024\/12\/Screenshot-2024-12-09-at-09-39-21-choumarin-jouet-de-bain-maison-tirot-3.jpg-Image-JPEG-444-\u00d7-444-pixels.png","width":521,"height":448,"caption":"Choumarin petit sous marin en bois jouet de bain maison tirot"},{"@type":"BreadcrumbList","@id":"https:\/\/atelier-diospyros.fr\/index.php\/produit\/choumarin-jouet-bois-maison-tirot\/#breadcrumb","itemListElement":[{"@type":"ListItem","position":1,"name":"Accueil","item":"https:\/\/atelier-diospyros.fr\/"},{"@type":"ListItem","position":2,"name":"Boutique","item":"https:\/\/atelier-diospyros.fr\/index.php\/boutique\/"},{"@type":"ListItem","position":3,"name":"\u00ab\u00a0Le Choumarin\u00a0\u00bb sous-marin en bois &#8211; Maison Tirot"}]},{"@type":"WebSite","@id":"https:\/\/atelier-diospyros.fr\/#website","url":"https:\/\/atelier-diospyros.fr\/","name":"Atelier Diospyros &amp; Cl\u00e9mence Quitterel","description":"Objets en bois precieux et Cyanotypes : bijoux, d\u00e9coration d&#039;interieur, noeud papillon en bois, planches a decouper","potentialAction":[{"@type":"SearchAction","target":{"@type":"EntryPoint","urlTemplate":"https:\/\/atelier-diospyros.fr\/?s={search_term_string}"},"query-input":{"@type":"PropertyValueSpecification","valueRequired":true,"valueName":"search_term_string"}}],"inLanguage":"fr-FR"}]}},"jetpack_sharing_enabled":true,"_links":{"self":[{"href":"https:\/\/atelier-diospyros.fr\/index.php\/wp-json\/wp\/v2\/product\/10688"}],"collection":[{"href":"https:\/\/atelier-diospyros.fr\/index.php\/wp-json\/wp\/v2\/product"}],"about":[{"href":"https:\/\/atelier-diospyros.fr\/index.php\/wp-json\/wp\/v2\/types\/product"}],"wp:featuredmedia":[{"embeddable":true,"href":"https:\/\/atelier-diospyros.fr\/index.php\/wp-json\/wp\/v2\/media\/10698"}],"wp:attachment":[{"href":"https:\/\/atelier-diospyros.fr\/index.php\/wp-json\/wp\/v2\/media?parent=10688"}],"wp:term":[{"taxonomy":"product_cat","embeddable":true,"href":"https:\/\/atelier-diospyros.fr\/index.php\/wp-json\/wp\/v2\/product_cat?post=10688"},{"taxonomy":"product_tag","embeddable":true,"href":"https:\/\/atelier-diospyros.fr\/index.php\/wp-json\/wp\/v2\/product_tag?post=10688"}],"curies":[{"name":"wp","href":"https:\/\/api.w.org\/{rel}","templated":true}]}}