{"id":10686,"date":"2024-12-09T10:06:14","date_gmt":"2024-12-09T09:06:14","guid":{"rendered":"https:\/\/atelier-diospyros.fr\/?post_type=product&#038;p=10686"},"modified":"2025-04-01T08:27:28","modified_gmt":"2025-04-01T06:27:28","slug":"baladeuse-dordogne-zaralobo","status":"publish","type":"product","link":"https:\/\/atelier-diospyros.fr\/index.php\/produit\/baladeuse-dordogne-zaralobo\/","title":{"rendered":"Baladeuse Dordogne &#8211; Zaralobo"},"content":{"rendered":"<h3>Lampe Baladeuse Zaralobo<\/h3>\n<p>Lampe Baladeuse de la marque<a href=\"https:\/\/www.instagram.com\/zaralobo1\/?hl=fr\"> Zaralobo<\/a>, \u00e0 poser ou \u00e0 suspendre o\u00f9 vous voulez !<br \/>\n<strong>Carte scolaire recto seul (pas de caret cot\u00e9 int\u00e9rieur)\u00a0 Dordogne et finition biais noir.<\/strong> Cordon \u00c9lectrique noir 2,50 m pour ampoule E14.<\/p>\n<p>Voyagez en Dordogne, Gironde et en Corr\u00e8ze ; Libourne, Bergerac, Rocamadou, Padirac, Brive-la-Gaillarde&#8230;<\/p>\n<p>Une <strong><em>d\u00e9co vintage<\/em><\/strong> toute en douceur avec cette lampe baladeuse Zaralobo!<\/p>\n<h5>Nos baladeuses offrent une lumi\u00e8re douce et agr\u00e9able, parfaite pour une veilleuse de nuit par exemple.<\/h5>\n<p>Dans la s\u00e9rie des baladeuses, \u00ab\u00a0Vous aimerez la g\u00e9o\u00a0\u00bb, on emporte la sienne en vacances ou on rapporte un souvenir.<\/p>\n<p>Zaralobo\u00a0: Des luminaires de qualit\u00e9, faits main et fabriqu\u00e9s en France aux formes simples et aux motifs exclusifs.<br \/>\nDes abats jour color\u00e9s, aux formes simples mais innovantes ; des pieds de lampes 3 tiges\u00a0en m\u00e9tal l\u00e9ger, aux cordons \u00e9lectriques\u00a0color\u00e9s\u00a0en tissu.<\/p>\n<p>Des motifs originaux, \u00a0\u00bb comme c&rsquo;\u00e9tait avant l&rsquo;\u00e9cole\u00a0\u00bb la collection cartes anciennes de g\u00e9ographie, aux finitions textiles bicolores.<\/p>\n<p>La marque Zaralobo aime s&rsquo;adapter \u00e0 votre int\u00e9rieur, et vous garantit une fabrication fran\u00e7aise et fait main. On est fan\u00a0!<\/p>\n<h3>La marque Zaralobo<\/h3>\n<div id=\"content-wrapper\">\n<section id=\"main\">\n<section id=\"content\" class=\"page-content page-cms page-cms-15\">\n<p class=\"aos-init aos-animate\" data-aos=\"fade-up\" data-aos-offset=\"0\"><strong>Edwige Bregaint, <\/strong>designer textile, r\u00e9alise des lampes depuis 2011, motif et conception du produit sous le nom de\u00a0<strong>Zaralobo.<\/strong><\/p>\n<p class=\"aos-init aos-animate\" data-aos=\"fade-up\" data-aos-offset=\"0\">Du slow design pour des pi\u00e8ces uniques et rares, r\u00e9alis\u00e9es avec des cartes anciennes de g\u00e9ographie, elle d\u00e9cide de commercialiser des lampes pr\u00eates \u00e0 utiliser.<\/p>\n<p class=\"aos-init aos-animate\" data-aos=\"fade-up\" data-aos-offset=\"0\">Edwige vous embarque pour son tour du monde depuis 2011.<\/p>\n<p class=\"aos-init aos-animate\" data-aos=\"fade-up\" data-aos-offset=\"0\"><strong>Et la lampe devient objet &#8230;<\/strong><\/p>\n<p class=\"aos-init aos-animate\" data-aos=\"fade-up\" data-aos-offset=\"0\">Les cartes sont une source d&rsquo;inspiration, leur graphisme est intemporel et elle touchent notre affect.<\/p>\n<p class=\"aos-init aos-animate\" data-aos=\"fade-up\" data-aos-offset=\"0\">Comme les anciennes affiches scolaires de notre enfance, nos lampes sont illustr\u00e9es.<\/p>\n<h5 data-aos=\"fade-up\" data-aos-offset=\"0\">La marque Zaralobo fait partie de notre s\u00e9lection \u00ab\u00a0Les Artisans Voyageurs\u00a0\u00bb <a href=\"https:\/\/atelier-diospyros.fr\/index.php\/categorie-produit\/les-artisans-voyageurs\/\">Retrouvez ici tous nos coups de C\u0153ur Made in France !<\/a><\/h5>\n<\/section>\n<\/section>\n<\/div>\n","protected":false},"excerpt":{"rendered":"<p>Baladeuse Dordogne Zaralobo. Carte scolaire recto seul et finition biais noir. Cordon Electrique noir 2,50 m pour amboule E14.<\/p>\n","protected":false},"featured_media":10705,"template":"","meta":[],"product_cat":[385],"product_tag":[465,473,398,467,470,468,469,62,464,471,472,466,399],"class_list":{"0":"post-10686","1":"product","2":"type-product","3":"status-publish","4":"has-post-thumbnail","6":"product_cat-les-artisans-voyageurs","7":"product_tag-baladeuse","8":"product_tag-bergerac","9":"product_tag-carte","10":"product_tag-carte-scolaire","11":"product_tag-correze","12":"product_tag-dordogne","13":"product_tag-geographie","14":"product_tag-idee-cadeau-homme","15":"product_tag-lampe","16":"product_tag-libourne","17":"product_tag-rocamadour","18":"product_tag-suspendre","19":"product_tag-vintage","21":"first","22":"outofstock","23":"shipping-taxable","24":"purchasable","25":"product-type-simple"},"yoast_head":"<!-- This site is optimized with the Yoast SEO plugin v24.2 - https:\/\/yoast.com\/wordpress\/plugins\/seo\/ -->\n<title>Baladeuse Dordogne - Zaralobo - Atelier Diospyros &amp; Cl\u00e9mence Quitterel<\/title>\n<meta name=\"description\" content=\"Lampe baladeuse made in France de la marque Zaralobo. \u00e0 accrocher ou poser partout, une d\u00e9co sur la dordogne parfaite pour votre int\u00e9rieur !\" \/>\n<meta name=\"robots\" content=\"index, follow, max-snippet:-1, max-image-preview:large, max-video-preview:-1\" \/>\n<link rel=\"canonical\" href=\"https:\/\/atelier-diospyros.fr\/index.php\/produit\/baladeuse-dordogne-zaralobo\/\" \/>\n<meta property=\"og:locale\" content=\"fr_FR\" \/>\n<meta property=\"og:type\" content=\"article\" \/>\n<meta property=\"og:title\" content=\"Baladeuse Dordogne - Zaralobo - Atelier Diospyros &amp; Cl\u00e9mence Quitterel\" \/>\n<meta property=\"og:description\" content=\"Lampe baladeuse made in France de la marque Zaralobo. \u00e0 accrocher ou poser partout, une d\u00e9co sur la dordogne parfaite pour votre int\u00e9rieur !\" \/>\n<meta property=\"og:url\" content=\"https:\/\/atelier-diospyros.fr\/index.php\/produit\/baladeuse-dordogne-zaralobo\/\" \/>\n<meta property=\"og:site_name\" content=\"Atelier Diospyros &amp; Cl\u00e9mence Quitterel\" \/>\n<meta property=\"article:modified_time\" content=\"2025-04-01T06:27:28+00:00\" \/>\n<meta property=\"og:image\" content=\"https:\/\/atelier-diospyros.fr\/wp-content\/uploads\/2024\/12\/baladeuse-dordogne.png\" \/>\n\t<meta property=\"og:image:width\" content=\"800\" \/>\n\t<meta property=\"og:image:height\" content=\"800\" \/>\n\t<meta property=\"og:image:type\" content=\"image\/png\" \/>\n<meta name=\"twitter:card\" content=\"summary_large_image\" \/>\n<meta name=\"twitter:label1\" content=\"Dur\u00e9e de lecture estim\u00e9e\" \/>\n\t<meta name=\"twitter:data1\" content=\"2 minutes\" \/>\n<script type=\"application\/ld+json\" class=\"yoast-schema-graph\">{\"@context\":\"https:\/\/schema.org\",\"@graph\":[{\"@type\":\"WebPage\",\"@id\":\"https:\/\/atelier-diospyros.fr\/index.php\/produit\/baladeuse-dordogne-zaralobo\/\",\"url\":\"https:\/\/atelier-diospyros.fr\/index.php\/produit\/baladeuse-dordogne-zaralobo\/\",\"name\":\"Baladeuse Dordogne - Zaralobo - Atelier Diospyros &amp; Cl\u00e9mence Quitterel\",\"isPartOf\":{\"@id\":\"https:\/\/atelier-diospyros.fr\/#website\"},\"primaryImageOfPage\":{\"@id\":\"https:\/\/atelier-diospyros.fr\/index.php\/produit\/baladeuse-dordogne-zaralobo\/#primaryimage\"},\"image\":{\"@id\":\"https:\/\/atelier-diospyros.fr\/index.php\/produit\/baladeuse-dordogne-zaralobo\/#primaryimage\"},\"thumbnailUrl\":\"https:\/\/atelier-diospyros.fr\/wp-content\/uploads\/2024\/12\/baladeuse-dordogne.png\",\"datePublished\":\"2024-12-09T09:06:14+00:00\",\"dateModified\":\"2025-04-01T06:27:28+00:00\",\"description\":\"Lampe baladeuse made in France de la marque Zaralobo. \u00e0 accrocher ou poser partout, une d\u00e9co sur la dordogne parfaite pour votre int\u00e9rieur !\",\"breadcrumb\":{\"@id\":\"https:\/\/atelier-diospyros.fr\/index.php\/produit\/baladeuse-dordogne-zaralobo\/#breadcrumb\"},\"inLanguage\":\"fr-FR\",\"potentialAction\":[{\"@type\":\"ReadAction\",\"target\":[\"https:\/\/atelier-diospyros.fr\/index.php\/produit\/baladeuse-dordogne-zaralobo\/\"]}]},{\"@type\":\"ImageObject\",\"inLanguage\":\"fr-FR\",\"@id\":\"https:\/\/atelier-diospyros.fr\/index.php\/produit\/baladeuse-dordogne-zaralobo\/#primaryimage\",\"url\":\"https:\/\/atelier-diospyros.fr\/wp-content\/uploads\/2024\/12\/baladeuse-dordogne.png\",\"contentUrl\":\"https:\/\/atelier-diospyros.fr\/wp-content\/uploads\/2024\/12\/baladeuse-dordogne.png\",\"width\":800,\"height\":800,\"caption\":\"Lampe baladeuse Zaralobo carte scolaire dordogne\"},{\"@type\":\"BreadcrumbList\",\"@id\":\"https:\/\/atelier-diospyros.fr\/index.php\/produit\/baladeuse-dordogne-zaralobo\/#breadcrumb\",\"itemListElement\":[{\"@type\":\"ListItem\",\"position\":1,\"name\":\"Accueil\",\"item\":\"https:\/\/atelier-diospyros.fr\/\"},{\"@type\":\"ListItem\",\"position\":2,\"name\":\"Boutique\",\"item\":\"https:\/\/atelier-diospyros.fr\/index.php\/boutique\/\"},{\"@type\":\"ListItem\",\"position\":3,\"name\":\"Baladeuse Dordogne &#8211; Zaralobo\"}]},{\"@type\":\"WebSite\",\"@id\":\"https:\/\/atelier-diospyros.fr\/#website\",\"url\":\"https:\/\/atelier-diospyros.fr\/\",\"name\":\"Atelier Diospyros &amp; Cl\u00e9mence Quitterel\",\"description\":\"Objets en bois precieux et Cyanotypes : bijoux, d\u00e9coration d&#039;interieur, noeud papillon en bois, planches a decouper\",\"potentialAction\":[{\"@type\":\"SearchAction\",\"target\":{\"@type\":\"EntryPoint\",\"urlTemplate\":\"https:\/\/atelier-diospyros.fr\/?s={search_term_string}\"},\"query-input\":{\"@type\":\"PropertyValueSpecification\",\"valueRequired\":true,\"valueName\":\"search_term_string\"}}],\"inLanguage\":\"fr-FR\"}]}<\/script>\n<!-- \/ Yoast SEO plugin. -->","yoast_head_json":{"title":"Baladeuse Dordogne - Zaralobo - Atelier Diospyros &amp; Cl\u00e9mence Quitterel","description":"Lampe baladeuse made in France de la marque Zaralobo. \u00e0 accrocher ou poser partout, une d\u00e9co sur la dordogne parfaite pour votre int\u00e9rieur !","robots":{"index":"index","follow":"follow","max-snippet":"max-snippet:-1","max-image-preview":"max-image-preview:large","max-video-preview":"max-video-preview:-1"},"canonical":"https:\/\/atelier-diospyros.fr\/index.php\/produit\/baladeuse-dordogne-zaralobo\/","og_locale":"fr_FR","og_type":"article","og_title":"Baladeuse Dordogne - Zaralobo - Atelier Diospyros &amp; Cl\u00e9mence Quitterel","og_description":"Lampe baladeuse made in France de la marque Zaralobo. \u00e0 accrocher ou poser partout, une d\u00e9co sur la dordogne parfaite pour votre int\u00e9rieur !","og_url":"https:\/\/atelier-diospyros.fr\/index.php\/produit\/baladeuse-dordogne-zaralobo\/","og_site_name":"Atelier Diospyros &amp; Cl\u00e9mence Quitterel","article_modified_time":"2025-04-01T06:27:28+00:00","og_image":[{"width":800,"height":800,"url":"https:\/\/atelier-diospyros.fr\/wp-content\/uploads\/2024\/12\/baladeuse-dordogne.png","type":"image\/png"}],"twitter_card":"summary_large_image","twitter_misc":{"Dur\u00e9e de lecture estim\u00e9e":"2 minutes"},"schema":{"@context":"https:\/\/schema.org","@graph":[{"@type":"WebPage","@id":"https:\/\/atelier-diospyros.fr\/index.php\/produit\/baladeuse-dordogne-zaralobo\/","url":"https:\/\/atelier-diospyros.fr\/index.php\/produit\/baladeuse-dordogne-zaralobo\/","name":"Baladeuse Dordogne - Zaralobo - Atelier Diospyros &amp; Cl\u00e9mence Quitterel","isPartOf":{"@id":"https:\/\/atelier-diospyros.fr\/#website"},"primaryImageOfPage":{"@id":"https:\/\/atelier-diospyros.fr\/index.php\/produit\/baladeuse-dordogne-zaralobo\/#primaryimage"},"image":{"@id":"https:\/\/atelier-diospyros.fr\/index.php\/produit\/baladeuse-dordogne-zaralobo\/#primaryimage"},"thumbnailUrl":"https:\/\/atelier-diospyros.fr\/wp-content\/uploads\/2024\/12\/baladeuse-dordogne.png","datePublished":"2024-12-09T09:06:14+00:00","dateModified":"2025-04-01T06:27:28+00:00","description":"Lampe baladeuse made in France de la marque Zaralobo. \u00e0 accrocher ou poser partout, une d\u00e9co sur la dordogne parfaite pour votre int\u00e9rieur !","breadcrumb":{"@id":"https:\/\/atelier-diospyros.fr\/index.php\/produit\/baladeuse-dordogne-zaralobo\/#breadcrumb"},"inLanguage":"fr-FR","potentialAction":[{"@type":"ReadAction","target":["https:\/\/atelier-diospyros.fr\/index.php\/produit\/baladeuse-dordogne-zaralobo\/"]}]},{"@type":"ImageObject","inLanguage":"fr-FR","@id":"https:\/\/atelier-diospyros.fr\/index.php\/produit\/baladeuse-dordogne-zaralobo\/#primaryimage","url":"https:\/\/atelier-diospyros.fr\/wp-content\/uploads\/2024\/12\/baladeuse-dordogne.png","contentUrl":"https:\/\/atelier-diospyros.fr\/wp-content\/uploads\/2024\/12\/baladeuse-dordogne.png","width":800,"height":800,"caption":"Lampe baladeuse Zaralobo carte scolaire dordogne"},{"@type":"BreadcrumbList","@id":"https:\/\/atelier-diospyros.fr\/index.php\/produit\/baladeuse-dordogne-zaralobo\/#breadcrumb","itemListElement":[{"@type":"ListItem","position":1,"name":"Accueil","item":"https:\/\/atelier-diospyros.fr\/"},{"@type":"ListItem","position":2,"name":"Boutique","item":"https:\/\/atelier-diospyros.fr\/index.php\/boutique\/"},{"@type":"ListItem","position":3,"name":"Baladeuse Dordogne &#8211; Zaralobo"}]},{"@type":"WebSite","@id":"https:\/\/atelier-diospyros.fr\/#website","url":"https:\/\/atelier-diospyros.fr\/","name":"Atelier Diospyros &amp; Cl\u00e9mence Quitterel","description":"Objets en bois precieux et Cyanotypes : bijoux, d\u00e9coration d&#039;interieur, noeud papillon en bois, planches a decouper","potentialAction":[{"@type":"SearchAction","target":{"@type":"EntryPoint","urlTemplate":"https:\/\/atelier-diospyros.fr\/?s={search_term_string}"},"query-input":{"@type":"PropertyValueSpecification","valueRequired":true,"valueName":"search_term_string"}}],"inLanguage":"fr-FR"}]}},"jetpack_sharing_enabled":true,"_links":{"self":[{"href":"https:\/\/atelier-diospyros.fr\/index.php\/wp-json\/wp\/v2\/product\/10686"}],"collection":[{"href":"https:\/\/atelier-diospyros.fr\/index.php\/wp-json\/wp\/v2\/product"}],"about":[{"href":"https:\/\/atelier-diospyros.fr\/index.php\/wp-json\/wp\/v2\/types\/product"}],"wp:featuredmedia":[{"embeddable":true,"href":"https:\/\/atelier-diospyros.fr\/index.php\/wp-json\/wp\/v2\/media\/10705"}],"wp:attachment":[{"href":"https:\/\/atelier-diospyros.fr\/index.php\/wp-json\/wp\/v2\/media?parent=10686"}],"wp:term":[{"taxonomy":"product_cat","embeddable":true,"href":"https:\/\/atelier-diospyros.fr\/index.php\/wp-json\/wp\/v2\/product_cat?post=10686"},{"taxonomy":"product_tag","embeddable":true,"href":"https:\/\/atelier-diospyros.fr\/index.php\/wp-json\/wp\/v2\/product_tag?post=10686"}],"curies":[{"name":"wp","href":"https:\/\/api.w.org\/{rel}","templated":true}]}}