{"id":10651,"date":"2024-11-22T17:05:11","date_gmt":"2024-11-22T16:05:11","guid":{"rendered":"https:\/\/atelier-diospyros.fr\/?post_type=product&#038;p=10651"},"modified":"2025-07-31T10:44:50","modified_gmt":"2025-07-31T08:44:50","slug":"cyanotype-18x24cm-chat-et-arbre-clemence-quitterel","status":"publish","type":"product","link":"https:\/\/atelier-diospyros.fr\/index.php\/produit\/cyanotype-18x24cm-chat-et-arbre-clemence-quitterel\/","title":{"rendered":"Cyanotype \u00ab\u00a0Le Chat et l&rsquo;arbre\u00a0\u00bb 18 x 24 cm &#8211; par Cl\u00e9mence Quitterel"},"content":{"rendered":"<p>\u00ab\u00a0Le Chat et l&rsquo;arbre\u00a0\u00bb<br \/>\nTirage original sur papier aquarelle &#8211; Cyanotype cr\u00e9\u00e9 par<a href=\"https:\/\/atelier-diospyros.fr\/index.php\/clemence-quitterel-cyanotypes\/\"> Cl\u00e9mence Quitterel<\/a><br \/>\n18 x 24 cm<br \/>\nPapier aquarelle 300 g<br \/>\nPi\u00e8ce unique fabriqu\u00e9e \u00e0 la lumi\u00e8re naturelle de mon jardin en Bretagne, \u00e0 partir d\u00a0\u00bbune photo et de papiers d\u00e9coup\u00e9s.<\/p>\n<p>Sign\u00e9 et num\u00e9rot\u00e9, envoy\u00e9 sous blister ou encadr\u00e9 sous verre avec Kraft gomm\u00e9 selon l&rsquo;option choisie (un suppl\u00e9ment est appliqu\u00e9 pour le travail d&rsquo;encadrement que effectu\u00e9 par mes soin, et le poids qui ajoute des frais d&rsquo;exp\u00e9dition).<\/p>\n<p>&nbsp;<\/p>\n<h3>Cl\u00e9mence Quitterel<\/h3>\n<p>R\u00eaveuse et sensible, Cl\u00e9mence attrape les r\u00eaves qu\u2019elle fait et les transforme en cyanotypes.<br \/>\n\u00c0 partir de photographies qu\u2019elle prend, de papiers qu\u2019elle d\u00e9coupe, de phrases qu\u2019elle invente, elle compose tout en bleu des images inspir\u00e9es par les paysages qui l\u2019entourent.<\/p>\n<p>Un m\u00e9lange doux et imaginaire qui tend \u00e0 rappeler la beaut\u00e9 du monde, songer \u00e0 la douceur de la vie et la pudeur des nuages et des paysages<\/p>\n<div class=\"vc_row wpb_row vc_row-fluid\">\n<div class=\"wpb_column vc_column_container vc_col-sm-12\">\n<div class=\"vc_column-inner\">\n<div class=\"wpb_wrapper\">\n<div class=\"wpb_text_column wpb_content_element \">\n<div class=\"wpb_wrapper\">\n<div class=\"oKdM2c ZZyype Kzv0Me\">\n<div id=\"h.25593b6df218a30_281\" class=\"hJDwNd-AhqUyc-OwsYgb Ft7HRd-AhqUyc-OwsYgb jXK9ad D2fZ2 zu5uec OjCsFc dmUFtb\">\n<div class=\"jXK9ad-SmKAyb\">\n<div class=\"tyJCtd mGzaTb Depvyb baZpAe\">\n<h3 class=\"CjVfdc\"><span class=\"puwcIf C9DxTc \">Les cyanotypes de Cl\u00e9mence Quitterel<\/span><\/h3>\n<h5 class=\"zfr3Q CDt4Ke \" dir=\"ltr\"><span class=\"C9DxTc \">Cl\u00e9mence est une cr\u00e9atrice aux milles facettes :\u00a0 cyanotypes, design graphique, \u00e9b\u00e9niste de l\u2019 <a href=\"https:\/\/atelier-diospyros.fr\/index.php\/atelier-diospyros\/\">Atelier Diospyros<\/a>\u2026 Elle aime le travail de la forme et de la couleur sous toutes ses formes !<br \/>\n<\/span><\/h5>\n<p>&nbsp;<\/p>\n<\/div>\n<\/div>\n<\/div>\n<\/div>\n<div class=\"oKdM2c ZZyype\">\n<div id=\"h.25593b6df218a30_283\" class=\"hJDwNd-AhqUyc-OwsYgb Ft7HRd-AhqUyc-OwsYgb jXK9ad D2fZ2 zu5uec wHaque g5GTcb\">\n<div class=\"jXK9ad-SmKAyb\">\n<div class=\"tyJCtd mGzaTb Depvyb baZpAe\">\n<p class=\"zfr3Q CDt4Ke \" dir=\"ltr\"><span class=\"C9DxTc \">Cl\u00e9mence Quitterel vient du graphisme, o\u00f9 durant ses \u00e9tudes en expression visuelle \u00e0 l\u2019\u00e9cole Boulle puis en \u00e9cole d\u2019art et de design \u00e0 Barcelone, elle d\u00e9couvre la photographie argentique.<\/span><\/p>\n<p class=\"zfr3Q CDt4Ke \" dir=\"ltr\"><span class=\"C9DxTc \">Dans le laboratoire nait une v\u00e9ritable passion, celle de la magie procur\u00e9e par l\u2019image qui apparait dans le r\u00e9v\u00e9lateur. Elle exp\u00e9rimente durant plusieurs ann\u00e9es cet art qui redevient plastique gr\u00e2ce \u00e0 la chimie et l\u2019agrandisseur.\u00a0<\/span><\/p>\n<p class=\"zfr3Q CDt4Ke \" dir=\"ltr\"><span class=\"C9DxTc \">Cl\u00e9mence d\u00e9couvre plus tard le cyanotype, l\u2019exp\u00e9rimentation est alors une \u00e9vidence et devient addictive !<\/span><\/p>\n<p class=\"zfr3Q CDt4Ke \" dir=\"ltr\"><span class=\"C9DxTc \">Dans ces cyanotypes, Cl\u00e9mence m\u00eale photographie argentique, num\u00e9rique, et papiers d\u00e9coup\u00e9s. Un m\u00e9lange d\u2019images po\u00e9tiques inspir\u00e9es par les paysages locaux.<\/span><\/p>\n<p dir=\"ltr\"><a href=\"https:\/\/fr.wikipedia.org\/wiki\/Cyanotype\">Le cyanotype<\/a> est un proc\u00e9d\u00e9 photographique monochrome ancien avec lequel on obtient un tirage bleu prusse, bleu cyan. Le cyanotype est l\u2019application manuelle d\u2019une \u00e9mulsion photosensible sur un papier qui sera expos\u00e9 aux UV pour r\u00e9v\u00e9ler une image en un exemplaire unique.<\/p>\n<\/div>\n<\/div>\n<\/div>\n<\/div>\n<\/div>\n<\/div>\n<\/div>\n<\/div>\n<\/div>\n<\/div>\n","protected":false},"excerpt":{"rendered":"<p>Cyanotype \u00ab\u00a0Le Chat et l&rsquo;arbre\u00a0\u00bb &#8211; pi\u00e8ce unique 18x24cm &#8211; sous blister ou encadr\u00e9 (choisir l&rsquo;option)<\/p>\n","protected":false},"featured_media":10652,"template":"","meta":[],"product_cat":[447],"product_tag":[456,446,366,457,406,430,429,275,506,458,434,455,279,459,453],"class_list":{"0":"post-10651","1":"product","2":"type-product","3":"status-publish","4":"has-post-thumbnail","6":"product_cat-cyanotypes-de-clemence-quitterel","7":"product_tag-aquarelle","8":"product_tag-arbre","9":"product_tag-bleu","10":"product_tag-cat","11":"product_tag-chat","12":"product_tag-clemence-quitterel","13":"product_tag-cyanotype","14":"product_tag-decoration","15":"product_tag-idees-cadeau-a-moins-de-25-euros","16":"product_tag-oeuvre","17":"product_tag-papier","18":"product_tag-photographie","19":"product_tag-piece-unique","20":"product_tag-tableau","21":"product_tag-tirage-original","23":"first","24":"outofstock","25":"shipping-taxable","26":"purchasable","27":"product-type-variable"},"yoast_head":"<!-- This site is optimized with the Yoast SEO plugin v24.2 - https:\/\/yoast.com\/wordpress\/plugins\/seo\/ -->\n<title>Cyanotype &quot;Le Chat et l&#039;arbre&quot; 18 x 24 cm - par Cl\u00e9mence Quitterel - Atelier Diospyros &amp; Cl\u00e9mence Quitterel<\/title>\n<meta name=\"description\" content=\"Cyanotype &quot;Le Chat et l&#039;arbre&quot; 18x24 cm : d\u00e9couvrez le monde sensible et r\u00eaveur de Cl\u00e9mence Quitterel, cr\u00e9atrice Bretonne.\" \/>\n<meta name=\"robots\" content=\"index, follow, max-snippet:-1, max-image-preview:large, max-video-preview:-1\" \/>\n<link rel=\"canonical\" href=\"https:\/\/atelier-diospyros.fr\/index.php\/produit\/cyanotype-18x24cm-chat-et-arbre-clemence-quitterel\/\" \/>\n<meta property=\"og:locale\" content=\"fr_FR\" \/>\n<meta property=\"og:type\" content=\"article\" \/>\n<meta property=\"og:title\" content=\"Cyanotype &quot;Le Chat et l&#039;arbre&quot; 18 x 24 cm - par Cl\u00e9mence Quitterel - Atelier Diospyros &amp; Cl\u00e9mence Quitterel\" \/>\n<meta property=\"og:description\" content=\"Cyanotype &quot;Le Chat et l&#039;arbre&quot; 18x24 cm : d\u00e9couvrez le monde sensible et r\u00eaveur de Cl\u00e9mence Quitterel, cr\u00e9atrice Bretonne.\" \/>\n<meta property=\"og:url\" content=\"https:\/\/atelier-diospyros.fr\/index.php\/produit\/cyanotype-18x24cm-chat-et-arbre-clemence-quitterel\/\" \/>\n<meta property=\"og:site_name\" content=\"Atelier Diospyros &amp; Cl\u00e9mence Quitterel\" \/>\n<meta property=\"article:modified_time\" content=\"2025-07-31T08:44:50+00:00\" \/>\n<meta property=\"og:image\" content=\"https:\/\/atelier-diospyros.fr\/wp-content\/uploads\/2024\/11\/20241122_105856.jpg\" \/>\n\t<meta property=\"og:image:width\" content=\"1536\" \/>\n\t<meta property=\"og:image:height\" content=\"2048\" \/>\n\t<meta property=\"og:image:type\" content=\"image\/jpeg\" \/>\n<meta name=\"twitter:card\" content=\"summary_large_image\" \/>\n<meta name=\"twitter:label1\" content=\"Dur\u00e9e de lecture estim\u00e9e\" \/>\n\t<meta name=\"twitter:data1\" content=\"2 minutes\" \/>\n<script type=\"application\/ld+json\" class=\"yoast-schema-graph\">{\"@context\":\"https:\/\/schema.org\",\"@graph\":[{\"@type\":\"WebPage\",\"@id\":\"https:\/\/atelier-diospyros.fr\/index.php\/produit\/cyanotype-18x24cm-chat-et-arbre-clemence-quitterel\/\",\"url\":\"https:\/\/atelier-diospyros.fr\/index.php\/produit\/cyanotype-18x24cm-chat-et-arbre-clemence-quitterel\/\",\"name\":\"Cyanotype \\\"Le Chat et l'arbre\\\" 18 x 24 cm - par Cl\u00e9mence Quitterel - Atelier Diospyros &amp; Cl\u00e9mence Quitterel\",\"isPartOf\":{\"@id\":\"https:\/\/atelier-diospyros.fr\/#website\"},\"primaryImageOfPage\":{\"@id\":\"https:\/\/atelier-diospyros.fr\/index.php\/produit\/cyanotype-18x24cm-chat-et-arbre-clemence-quitterel\/#primaryimage\"},\"image\":{\"@id\":\"https:\/\/atelier-diospyros.fr\/index.php\/produit\/cyanotype-18x24cm-chat-et-arbre-clemence-quitterel\/#primaryimage\"},\"thumbnailUrl\":\"https:\/\/atelier-diospyros.fr\/wp-content\/uploads\/2024\/11\/20241122_105856.jpg\",\"datePublished\":\"2024-11-22T16:05:11+00:00\",\"dateModified\":\"2025-07-31T08:44:50+00:00\",\"description\":\"Cyanotype \\\"Le Chat et l'arbre\\\" 18x24 cm : d\u00e9couvrez le monde sensible et r\u00eaveur de Cl\u00e9mence Quitterel, cr\u00e9atrice Bretonne.\",\"breadcrumb\":{\"@id\":\"https:\/\/atelier-diospyros.fr\/index.php\/produit\/cyanotype-18x24cm-chat-et-arbre-clemence-quitterel\/#breadcrumb\"},\"inLanguage\":\"fr-FR\",\"potentialAction\":[{\"@type\":\"ReadAction\",\"target\":[\"https:\/\/atelier-diospyros.fr\/index.php\/produit\/cyanotype-18x24cm-chat-et-arbre-clemence-quitterel\/\"]}]},{\"@type\":\"ImageObject\",\"inLanguage\":\"fr-FR\",\"@id\":\"https:\/\/atelier-diospyros.fr\/index.php\/produit\/cyanotype-18x24cm-chat-et-arbre-clemence-quitterel\/#primaryimage\",\"url\":\"https:\/\/atelier-diospyros.fr\/wp-content\/uploads\/2024\/11\/20241122_105856.jpg\",\"contentUrl\":\"https:\/\/atelier-diospyros.fr\/wp-content\/uploads\/2024\/11\/20241122_105856.jpg\",\"width\":1536,\"height\":2048,\"caption\":\"Cyanotype chat et arbre - made in France - piece unique\"},{\"@type\":\"BreadcrumbList\",\"@id\":\"https:\/\/atelier-diospyros.fr\/index.php\/produit\/cyanotype-18x24cm-chat-et-arbre-clemence-quitterel\/#breadcrumb\",\"itemListElement\":[{\"@type\":\"ListItem\",\"position\":1,\"name\":\"Accueil\",\"item\":\"https:\/\/atelier-diospyros.fr\/\"},{\"@type\":\"ListItem\",\"position\":2,\"name\":\"Boutique\",\"item\":\"https:\/\/atelier-diospyros.fr\/index.php\/boutique\/\"},{\"@type\":\"ListItem\",\"position\":3,\"name\":\"Cyanotype \u00ab\u00a0Le Chat et l&rsquo;arbre\u00a0\u00bb 18 x 24 cm &#8211; par Cl\u00e9mence Quitterel\"}]},{\"@type\":\"WebSite\",\"@id\":\"https:\/\/atelier-diospyros.fr\/#website\",\"url\":\"https:\/\/atelier-diospyros.fr\/\",\"name\":\"Atelier Diospyros &amp; Cl\u00e9mence Quitterel\",\"description\":\"Objets en bois precieux et Cyanotypes : bijoux, d\u00e9coration d&#039;interieur, noeud papillon en bois, planches a decouper\",\"potentialAction\":[{\"@type\":\"SearchAction\",\"target\":{\"@type\":\"EntryPoint\",\"urlTemplate\":\"https:\/\/atelier-diospyros.fr\/?s={search_term_string}\"},\"query-input\":{\"@type\":\"PropertyValueSpecification\",\"valueRequired\":true,\"valueName\":\"search_term_string\"}}],\"inLanguage\":\"fr-FR\"}]}<\/script>\n<!-- \/ Yoast SEO plugin. -->","yoast_head_json":{"title":"Cyanotype \"Le Chat et l'arbre\" 18 x 24 cm - par Cl\u00e9mence Quitterel - Atelier Diospyros &amp; Cl\u00e9mence Quitterel","description":"Cyanotype \"Le Chat et l'arbre\" 18x24 cm : d\u00e9couvrez le monde sensible et r\u00eaveur de Cl\u00e9mence Quitterel, cr\u00e9atrice Bretonne.","robots":{"index":"index","follow":"follow","max-snippet":"max-snippet:-1","max-image-preview":"max-image-preview:large","max-video-preview":"max-video-preview:-1"},"canonical":"https:\/\/atelier-diospyros.fr\/index.php\/produit\/cyanotype-18x24cm-chat-et-arbre-clemence-quitterel\/","og_locale":"fr_FR","og_type":"article","og_title":"Cyanotype \"Le Chat et l'arbre\" 18 x 24 cm - par Cl\u00e9mence Quitterel - Atelier Diospyros &amp; Cl\u00e9mence Quitterel","og_description":"Cyanotype \"Le Chat et l'arbre\" 18x24 cm : d\u00e9couvrez le monde sensible et r\u00eaveur de Cl\u00e9mence Quitterel, cr\u00e9atrice Bretonne.","og_url":"https:\/\/atelier-diospyros.fr\/index.php\/produit\/cyanotype-18x24cm-chat-et-arbre-clemence-quitterel\/","og_site_name":"Atelier Diospyros &amp; Cl\u00e9mence Quitterel","article_modified_time":"2025-07-31T08:44:50+00:00","og_image":[{"width":1536,"height":2048,"url":"https:\/\/atelier-diospyros.fr\/wp-content\/uploads\/2024\/11\/20241122_105856.jpg","type":"image\/jpeg"}],"twitter_card":"summary_large_image","twitter_misc":{"Dur\u00e9e de lecture estim\u00e9e":"2 minutes"},"schema":{"@context":"https:\/\/schema.org","@graph":[{"@type":"WebPage","@id":"https:\/\/atelier-diospyros.fr\/index.php\/produit\/cyanotype-18x24cm-chat-et-arbre-clemence-quitterel\/","url":"https:\/\/atelier-diospyros.fr\/index.php\/produit\/cyanotype-18x24cm-chat-et-arbre-clemence-quitterel\/","name":"Cyanotype \"Le Chat et l'arbre\" 18 x 24 cm - par Cl\u00e9mence Quitterel - Atelier Diospyros &amp; Cl\u00e9mence Quitterel","isPartOf":{"@id":"https:\/\/atelier-diospyros.fr\/#website"},"primaryImageOfPage":{"@id":"https:\/\/atelier-diospyros.fr\/index.php\/produit\/cyanotype-18x24cm-chat-et-arbre-clemence-quitterel\/#primaryimage"},"image":{"@id":"https:\/\/atelier-diospyros.fr\/index.php\/produit\/cyanotype-18x24cm-chat-et-arbre-clemence-quitterel\/#primaryimage"},"thumbnailUrl":"https:\/\/atelier-diospyros.fr\/wp-content\/uploads\/2024\/11\/20241122_105856.jpg","datePublished":"2024-11-22T16:05:11+00:00","dateModified":"2025-07-31T08:44:50+00:00","description":"Cyanotype \"Le Chat et l'arbre\" 18x24 cm : d\u00e9couvrez le monde sensible et r\u00eaveur de Cl\u00e9mence Quitterel, cr\u00e9atrice Bretonne.","breadcrumb":{"@id":"https:\/\/atelier-diospyros.fr\/index.php\/produit\/cyanotype-18x24cm-chat-et-arbre-clemence-quitterel\/#breadcrumb"},"inLanguage":"fr-FR","potentialAction":[{"@type":"ReadAction","target":["https:\/\/atelier-diospyros.fr\/index.php\/produit\/cyanotype-18x24cm-chat-et-arbre-clemence-quitterel\/"]}]},{"@type":"ImageObject","inLanguage":"fr-FR","@id":"https:\/\/atelier-diospyros.fr\/index.php\/produit\/cyanotype-18x24cm-chat-et-arbre-clemence-quitterel\/#primaryimage","url":"https:\/\/atelier-diospyros.fr\/wp-content\/uploads\/2024\/11\/20241122_105856.jpg","contentUrl":"https:\/\/atelier-diospyros.fr\/wp-content\/uploads\/2024\/11\/20241122_105856.jpg","width":1536,"height":2048,"caption":"Cyanotype chat et arbre - made in France - piece unique"},{"@type":"BreadcrumbList","@id":"https:\/\/atelier-diospyros.fr\/index.php\/produit\/cyanotype-18x24cm-chat-et-arbre-clemence-quitterel\/#breadcrumb","itemListElement":[{"@type":"ListItem","position":1,"name":"Accueil","item":"https:\/\/atelier-diospyros.fr\/"},{"@type":"ListItem","position":2,"name":"Boutique","item":"https:\/\/atelier-diospyros.fr\/index.php\/boutique\/"},{"@type":"ListItem","position":3,"name":"Cyanotype \u00ab\u00a0Le Chat et l&rsquo;arbre\u00a0\u00bb 18 x 24 cm &#8211; par Cl\u00e9mence Quitterel"}]},{"@type":"WebSite","@id":"https:\/\/atelier-diospyros.fr\/#website","url":"https:\/\/atelier-diospyros.fr\/","name":"Atelier Diospyros &amp; Cl\u00e9mence Quitterel","description":"Objets en bois precieux et Cyanotypes : bijoux, d\u00e9coration d&#039;interieur, noeud papillon en bois, planches a decouper","potentialAction":[{"@type":"SearchAction","target":{"@type":"EntryPoint","urlTemplate":"https:\/\/atelier-diospyros.fr\/?s={search_term_string}"},"query-input":{"@type":"PropertyValueSpecification","valueRequired":true,"valueName":"search_term_string"}}],"inLanguage":"fr-FR"}]}},"jetpack_sharing_enabled":true,"_links":{"self":[{"href":"https:\/\/atelier-diospyros.fr\/index.php\/wp-json\/wp\/v2\/product\/10651"}],"collection":[{"href":"https:\/\/atelier-diospyros.fr\/index.php\/wp-json\/wp\/v2\/product"}],"about":[{"href":"https:\/\/atelier-diospyros.fr\/index.php\/wp-json\/wp\/v2\/types\/product"}],"wp:featuredmedia":[{"embeddable":true,"href":"https:\/\/atelier-diospyros.fr\/index.php\/wp-json\/wp\/v2\/media\/10652"}],"wp:attachment":[{"href":"https:\/\/atelier-diospyros.fr\/index.php\/wp-json\/wp\/v2\/media?parent=10651"}],"wp:term":[{"taxonomy":"product_cat","embeddable":true,"href":"https:\/\/atelier-diospyros.fr\/index.php\/wp-json\/wp\/v2\/product_cat?post=10651"},{"taxonomy":"product_tag","embeddable":true,"href":"https:\/\/atelier-diospyros.fr\/index.php\/wp-json\/wp\/v2\/product_tag?post=10651"}],"curies":[{"name":"wp","href":"https:\/\/api.w.org\/{rel}","templated":true}]}}