{"id":10572,"date":"2025-07-15T17:14:27","date_gmt":"2025-07-15T15:14:27","guid":{"rendered":"https:\/\/atelier-diospyros.fr\/?post_type=product&#038;p=10572"},"modified":"2025-08-31T15:46:26","modified_gmt":"2025-08-31T13:46:26","slug":"carte-cyanotype-char-a-voile-par-clemence-quitterel-copie","status":"publish","type":"product","link":"https:\/\/atelier-diospyros.fr\/index.php\/produit\/carte-cyanotype-char-a-voile-par-clemence-quitterel-copie\/","title":{"rendered":"Carte cyanotype \u00ab\u00a0Char \u00e0 voile\u00a0\u00bb &#8211; par Cl\u00e9mence Quitterel"},"content":{"rendered":"<p>Carte simple \u00ab\u00a0Char \u00e0 voile\u00a0\u00bb<br \/>\nReproduction d&rsquo;un tirage de cyanotype cr\u00e9\u00e9 par<a href=\"https:\/\/atelier-diospyros.fr\/index.php\/clemence-quitterel-cyanotypes\/\"> Cl\u00e9mence Quitterel<\/a><br \/>\n10,5&#215;15 cm<br \/>\nPapier\u00a0 demi-mat 350 g<br \/>\nEnveloppe en papier recycl\u00e9 couleur\u00a0kraft<br \/>\nImprim\u00e9e en France<\/p>\n<p>&nbsp;<\/p>\n<h3>Cl\u00e9mence Quitterel<\/h3>\n<p>R\u00eaveuse et sensible, Cl\u00e9mence attrape les r\u00eaves qu\u2019elle fait et les transforme en cyanotypes.<br \/>\n\u00c0 partir de photographies qu\u2019elle prend, de papiers qu\u2019elle d\u00e9coupe, de phrases qu\u2019elle invente, elle compose tout en bleu des images inspir\u00e9es par les paysages qui l\u2019entourent.<\/p>\n<p>Un m\u00e9lange doux et imaginaire qui tend \u00e0 rappeler la beaut\u00e9 du monde, songer \u00e0 la douceur de la vie et la pudeur des nuages et des paysages<\/p>\n<div class=\"vc_row wpb_row vc_row-fluid\">\n<div class=\"wpb_column vc_column_container vc_col-sm-12\">\n<div class=\"vc_column-inner\">\n<div class=\"wpb_wrapper\">\n<div class=\"wpb_text_column wpb_content_element \">\n<div class=\"wpb_wrapper\">\n<div class=\"oKdM2c ZZyype Kzv0Me\">\n<div id=\"h.25593b6df218a30_281\" class=\"hJDwNd-AhqUyc-OwsYgb Ft7HRd-AhqUyc-OwsYgb jXK9ad D2fZ2 zu5uec OjCsFc dmUFtb\">\n<div class=\"jXK9ad-SmKAyb\">\n<div class=\"tyJCtd mGzaTb Depvyb baZpAe\">\n<h3 class=\"CjVfdc\"><span class=\"puwcIf C9DxTc \">Les cyanotypes de Cl\u00e9mence Quitterel<\/span><\/h3>\n<h5 class=\"zfr3Q CDt4Ke \" dir=\"ltr\"><span class=\"C9DxTc \">Cl\u00e9mence est une cr\u00e9atrice aux milles facettes :\u00a0 cyanotypes, design graphique, \u00e9b\u00e9niste de l\u2019 <a href=\"https:\/\/atelier-diospyros.fr\/index.php\/atelier-diospyros\/\">Atelier Diospyros<\/a>\u2026 Elle aime le travail de la forme et de la couleur sous toutes ses formes !<br \/>\n<\/span><\/h5>\n<p>&nbsp;<\/p>\n<\/div>\n<\/div>\n<\/div>\n<\/div>\n<div class=\"oKdM2c ZZyype\">\n<div id=\"h.25593b6df218a30_283\" class=\"hJDwNd-AhqUyc-OwsYgb Ft7HRd-AhqUyc-OwsYgb jXK9ad D2fZ2 zu5uec wHaque g5GTcb\">\n<div class=\"jXK9ad-SmKAyb\">\n<div class=\"tyJCtd mGzaTb Depvyb baZpAe\">\n<p class=\"zfr3Q CDt4Ke \" dir=\"ltr\"><span class=\"C9DxTc \">Cl\u00e9mence Quitterel vient du graphisme, o\u00f9 durant ses \u00e9tudes en expression visuelle \u00e0 l\u2019\u00e9cole Boulle puis en \u00e9cole d\u2019art et de design \u00e0 Barcelone, elle d\u00e9couvre la photographie argentique.<\/span><\/p>\n<p class=\"zfr3Q CDt4Ke \" dir=\"ltr\"><span class=\"C9DxTc \">Dans le laboratoire nait une v\u00e9ritable passion, celle de la magie procur\u00e9e par l\u2019image qui apparait dans le r\u00e9v\u00e9lateur. Elle exp\u00e9rimente durant plusieurs ann\u00e9es cet art qui redevient plastique gr\u00e2ce \u00e0 la chimie et l\u2019agrandisseur.\u00a0<\/span><\/p>\n<p class=\"zfr3Q CDt4Ke \" dir=\"ltr\"><span class=\"C9DxTc \">Cl\u00e9mence d\u00e9couvre plus tard le cyanotype, l\u2019exp\u00e9rimentation est alors une \u00e9vidence et devient addictive !<\/span><\/p>\n<p class=\"zfr3Q CDt4Ke \" dir=\"ltr\"><span class=\"C9DxTc \">Dans ces cyanotypes, Cl\u00e9mence m\u00eale photographie argentique, num\u00e9rique, et papiers d\u00e9coup\u00e9s. Un m\u00e9lange d\u2019images po\u00e9tiques inspir\u00e9es par les paysages locaux.<\/span><\/p>\n<p dir=\"ltr\"><a href=\"https:\/\/fr.wikipedia.org\/wiki\/Cyanotype\">Le cyanotype<\/a> est un proc\u00e9d\u00e9 photographique monochrome ancien avec lequel on obtient un tirage bleu prusse, bleu cyan. Le cyanotype est l\u2019application manuelle d\u2019une \u00e9mulsion photosensible sur un papier qui sera expos\u00e9 aux UV pour r\u00e9v\u00e9ler une image en un exemplaire unique.<\/p>\n<\/div>\n<\/div>\n<\/div>\n<\/div>\n<\/div>\n<\/div>\n<\/div>\n<\/div>\n<\/div>\n<\/div>\n","protected":false},"excerpt":{"rendered":"<p>Carte simple 10,5&#215;15 cm imprim\u00e9e en France<\/p>\n","protected":false},"featured_media":10945,"template":"","meta":[],"product_cat":[447],"product_tag":[366,387,430,429,504,445,389,444],"class_list":{"0":"post-10572","1":"product","2":"type-product","3":"status-publish","4":"has-post-thumbnail","6":"product_cat-cyanotypes-de-clemence-quitterel","7":"product_tag-bleu","8":"product_tag-carte-postale","9":"product_tag-clemence-quitterel","10":"product_tag-cyanotype","11":"product_tag-idee-cadeau-a-moins-de-5-e","12":"product_tag-mer","13":"product_tag-papeterie","14":"product_tag-voile","16":"first","17":"instock","18":"shipping-taxable","19":"purchasable","20":"product-type-simple"},"yoast_head":"<!-- This site is optimized with the Yoast SEO plugin v24.2 - https:\/\/yoast.com\/wordpress\/plugins\/seo\/ -->\n<title>Carte cyanotype &quot;Char \u00e0 voile&quot; - par Cl\u00e9mence Quitterel - Atelier Diospyros &amp; Cl\u00e9mence Quitterel<\/title>\n<meta name=\"description\" content=\"Carte postale cyanotype &quot;Char \u00e0 voile&quot; avec enveloppe : d\u00e9couvrez le monde sensible et r\u00eaveur de Cl\u00e9mence Quitterel, cr\u00e9atrice Bretonne.\" \/>\n<meta name=\"robots\" content=\"index, follow, max-snippet:-1, max-image-preview:large, max-video-preview:-1\" \/>\n<link rel=\"canonical\" href=\"https:\/\/atelier-diospyros.fr\/index.php\/produit\/carte-cyanotype-char-a-voile-par-clemence-quitterel-copie\/\" \/>\n<meta property=\"og:locale\" content=\"fr_FR\" \/>\n<meta property=\"og:type\" content=\"article\" \/>\n<meta property=\"og:title\" content=\"Carte cyanotype &quot;Char \u00e0 voile&quot; - par Cl\u00e9mence Quitterel - Atelier Diospyros &amp; Cl\u00e9mence Quitterel\" \/>\n<meta property=\"og:description\" content=\"Carte postale cyanotype &quot;Char \u00e0 voile&quot; avec enveloppe : d\u00e9couvrez le monde sensible et r\u00eaveur de Cl\u00e9mence Quitterel, cr\u00e9atrice Bretonne.\" \/>\n<meta property=\"og:url\" content=\"https:\/\/atelier-diospyros.fr\/index.php\/produit\/carte-cyanotype-char-a-voile-par-clemence-quitterel-copie\/\" \/>\n<meta property=\"og:site_name\" content=\"Atelier Diospyros &amp; Cl\u00e9mence Quitterel\" \/>\n<meta property=\"article:modified_time\" content=\"2025-08-31T13:46:26+00:00\" \/>\n<meta property=\"og:image\" content=\"https:\/\/atelier-diospyros.fr\/wp-content\/uploads\/2024\/08\/20250831_153144.jpg\" \/>\n\t<meta property=\"og:image:width\" content=\"2030\" \/>\n\t<meta property=\"og:image:height\" content=\"2030\" \/>\n\t<meta property=\"og:image:type\" content=\"image\/jpeg\" \/>\n<meta name=\"twitter:card\" content=\"summary_large_image\" \/>\n<meta name=\"twitter:label1\" content=\"Dur\u00e9e de lecture estim\u00e9e\" \/>\n\t<meta name=\"twitter:data1\" content=\"2 minutes\" \/>\n<script type=\"application\/ld+json\" class=\"yoast-schema-graph\">{\"@context\":\"https:\/\/schema.org\",\"@graph\":[{\"@type\":\"WebPage\",\"@id\":\"https:\/\/atelier-diospyros.fr\/index.php\/produit\/carte-cyanotype-char-a-voile-par-clemence-quitterel-copie\/\",\"url\":\"https:\/\/atelier-diospyros.fr\/index.php\/produit\/carte-cyanotype-char-a-voile-par-clemence-quitterel-copie\/\",\"name\":\"Carte cyanotype \\\"Char \u00e0 voile\\\" - par Cl\u00e9mence Quitterel - Atelier Diospyros &amp; Cl\u00e9mence Quitterel\",\"isPartOf\":{\"@id\":\"https:\/\/atelier-diospyros.fr\/#website\"},\"primaryImageOfPage\":{\"@id\":\"https:\/\/atelier-diospyros.fr\/index.php\/produit\/carte-cyanotype-char-a-voile-par-clemence-quitterel-copie\/#primaryimage\"},\"image\":{\"@id\":\"https:\/\/atelier-diospyros.fr\/index.php\/produit\/carte-cyanotype-char-a-voile-par-clemence-quitterel-copie\/#primaryimage\"},\"thumbnailUrl\":\"https:\/\/atelier-diospyros.fr\/wp-content\/uploads\/2024\/08\/20250831_153144.jpg\",\"datePublished\":\"2025-07-15T15:14:27+00:00\",\"dateModified\":\"2025-08-31T13:46:26+00:00\",\"description\":\"Carte postale cyanotype \\\"Char \u00e0 voile\\\" avec enveloppe : d\u00e9couvrez le monde sensible et r\u00eaveur de Cl\u00e9mence Quitterel, cr\u00e9atrice Bretonne.\",\"breadcrumb\":{\"@id\":\"https:\/\/atelier-diospyros.fr\/index.php\/produit\/carte-cyanotype-char-a-voile-par-clemence-quitterel-copie\/#breadcrumb\"},\"inLanguage\":\"fr-FR\",\"potentialAction\":[{\"@type\":\"ReadAction\",\"target\":[\"https:\/\/atelier-diospyros.fr\/index.php\/produit\/carte-cyanotype-char-a-voile-par-clemence-quitterel-copie\/\"]}]},{\"@type\":\"ImageObject\",\"inLanguage\":\"fr-FR\",\"@id\":\"https:\/\/atelier-diospyros.fr\/index.php\/produit\/carte-cyanotype-char-a-voile-par-clemence-quitterel-copie\/#primaryimage\",\"url\":\"https:\/\/atelier-diospyros.fr\/wp-content\/uploads\/2024\/08\/20250831_153144.jpg\",\"contentUrl\":\"https:\/\/atelier-diospyros.fr\/wp-content\/uploads\/2024\/08\/20250831_153144.jpg\",\"width\":2030,\"height\":2030,\"caption\":\"Carte char a voile cyanotype bretagne mer\"},{\"@type\":\"BreadcrumbList\",\"@id\":\"https:\/\/atelier-diospyros.fr\/index.php\/produit\/carte-cyanotype-char-a-voile-par-clemence-quitterel-copie\/#breadcrumb\",\"itemListElement\":[{\"@type\":\"ListItem\",\"position\":1,\"name\":\"Accueil\",\"item\":\"https:\/\/atelier-diospyros.fr\/\"},{\"@type\":\"ListItem\",\"position\":2,\"name\":\"Boutique\",\"item\":\"https:\/\/atelier-diospyros.fr\/index.php\/boutique\/\"},{\"@type\":\"ListItem\",\"position\":3,\"name\":\"Carte cyanotype \u00ab\u00a0Char \u00e0 voile\u00a0\u00bb &#8211; par Cl\u00e9mence Quitterel\"}]},{\"@type\":\"WebSite\",\"@id\":\"https:\/\/atelier-diospyros.fr\/#website\",\"url\":\"https:\/\/atelier-diospyros.fr\/\",\"name\":\"Atelier Diospyros &amp; Cl\u00e9mence Quitterel\",\"description\":\"Objets en bois precieux et Cyanotypes : bijoux, d\u00e9coration d&#039;interieur, noeud papillon en bois, planches a decouper\",\"potentialAction\":[{\"@type\":\"SearchAction\",\"target\":{\"@type\":\"EntryPoint\",\"urlTemplate\":\"https:\/\/atelier-diospyros.fr\/?s={search_term_string}\"},\"query-input\":{\"@type\":\"PropertyValueSpecification\",\"valueRequired\":true,\"valueName\":\"search_term_string\"}}],\"inLanguage\":\"fr-FR\"}]}<\/script>\n<!-- \/ Yoast SEO plugin. -->","yoast_head_json":{"title":"Carte cyanotype \"Char \u00e0 voile\" - par Cl\u00e9mence Quitterel - Atelier Diospyros &amp; Cl\u00e9mence Quitterel","description":"Carte postale cyanotype \"Char \u00e0 voile\" avec enveloppe : d\u00e9couvrez le monde sensible et r\u00eaveur de Cl\u00e9mence Quitterel, cr\u00e9atrice Bretonne.","robots":{"index":"index","follow":"follow","max-snippet":"max-snippet:-1","max-image-preview":"max-image-preview:large","max-video-preview":"max-video-preview:-1"},"canonical":"https:\/\/atelier-diospyros.fr\/index.php\/produit\/carte-cyanotype-char-a-voile-par-clemence-quitterel-copie\/","og_locale":"fr_FR","og_type":"article","og_title":"Carte cyanotype \"Char \u00e0 voile\" - par Cl\u00e9mence Quitterel - Atelier Diospyros &amp; Cl\u00e9mence Quitterel","og_description":"Carte postale cyanotype \"Char \u00e0 voile\" avec enveloppe : d\u00e9couvrez le monde sensible et r\u00eaveur de Cl\u00e9mence Quitterel, cr\u00e9atrice Bretonne.","og_url":"https:\/\/atelier-diospyros.fr\/index.php\/produit\/carte-cyanotype-char-a-voile-par-clemence-quitterel-copie\/","og_site_name":"Atelier Diospyros &amp; Cl\u00e9mence Quitterel","article_modified_time":"2025-08-31T13:46:26+00:00","og_image":[{"width":2030,"height":2030,"url":"https:\/\/atelier-diospyros.fr\/wp-content\/uploads\/2024\/08\/20250831_153144.jpg","type":"image\/jpeg"}],"twitter_card":"summary_large_image","twitter_misc":{"Dur\u00e9e de lecture estim\u00e9e":"2 minutes"},"schema":{"@context":"https:\/\/schema.org","@graph":[{"@type":"WebPage","@id":"https:\/\/atelier-diospyros.fr\/index.php\/produit\/carte-cyanotype-char-a-voile-par-clemence-quitterel-copie\/","url":"https:\/\/atelier-diospyros.fr\/index.php\/produit\/carte-cyanotype-char-a-voile-par-clemence-quitterel-copie\/","name":"Carte cyanotype \"Char \u00e0 voile\" - par Cl\u00e9mence Quitterel - Atelier Diospyros &amp; Cl\u00e9mence Quitterel","isPartOf":{"@id":"https:\/\/atelier-diospyros.fr\/#website"},"primaryImageOfPage":{"@id":"https:\/\/atelier-diospyros.fr\/index.php\/produit\/carte-cyanotype-char-a-voile-par-clemence-quitterel-copie\/#primaryimage"},"image":{"@id":"https:\/\/atelier-diospyros.fr\/index.php\/produit\/carte-cyanotype-char-a-voile-par-clemence-quitterel-copie\/#primaryimage"},"thumbnailUrl":"https:\/\/atelier-diospyros.fr\/wp-content\/uploads\/2024\/08\/20250831_153144.jpg","datePublished":"2025-07-15T15:14:27+00:00","dateModified":"2025-08-31T13:46:26+00:00","description":"Carte postale cyanotype \"Char \u00e0 voile\" avec enveloppe : d\u00e9couvrez le monde sensible et r\u00eaveur de Cl\u00e9mence Quitterel, cr\u00e9atrice Bretonne.","breadcrumb":{"@id":"https:\/\/atelier-diospyros.fr\/index.php\/produit\/carte-cyanotype-char-a-voile-par-clemence-quitterel-copie\/#breadcrumb"},"inLanguage":"fr-FR","potentialAction":[{"@type":"ReadAction","target":["https:\/\/atelier-diospyros.fr\/index.php\/produit\/carte-cyanotype-char-a-voile-par-clemence-quitterel-copie\/"]}]},{"@type":"ImageObject","inLanguage":"fr-FR","@id":"https:\/\/atelier-diospyros.fr\/index.php\/produit\/carte-cyanotype-char-a-voile-par-clemence-quitterel-copie\/#primaryimage","url":"https:\/\/atelier-diospyros.fr\/wp-content\/uploads\/2024\/08\/20250831_153144.jpg","contentUrl":"https:\/\/atelier-diospyros.fr\/wp-content\/uploads\/2024\/08\/20250831_153144.jpg","width":2030,"height":2030,"caption":"Carte char a voile cyanotype bretagne mer"},{"@type":"BreadcrumbList","@id":"https:\/\/atelier-diospyros.fr\/index.php\/produit\/carte-cyanotype-char-a-voile-par-clemence-quitterel-copie\/#breadcrumb","itemListElement":[{"@type":"ListItem","position":1,"name":"Accueil","item":"https:\/\/atelier-diospyros.fr\/"},{"@type":"ListItem","position":2,"name":"Boutique","item":"https:\/\/atelier-diospyros.fr\/index.php\/boutique\/"},{"@type":"ListItem","position":3,"name":"Carte cyanotype \u00ab\u00a0Char \u00e0 voile\u00a0\u00bb &#8211; par Cl\u00e9mence Quitterel"}]},{"@type":"WebSite","@id":"https:\/\/atelier-diospyros.fr\/#website","url":"https:\/\/atelier-diospyros.fr\/","name":"Atelier Diospyros &amp; Cl\u00e9mence Quitterel","description":"Objets en bois precieux et Cyanotypes : bijoux, d\u00e9coration d&#039;interieur, noeud papillon en bois, planches a decouper","potentialAction":[{"@type":"SearchAction","target":{"@type":"EntryPoint","urlTemplate":"https:\/\/atelier-diospyros.fr\/?s={search_term_string}"},"query-input":{"@type":"PropertyValueSpecification","valueRequired":true,"valueName":"search_term_string"}}],"inLanguage":"fr-FR"}]}},"jetpack_sharing_enabled":true,"_links":{"self":[{"href":"https:\/\/atelier-diospyros.fr\/index.php\/wp-json\/wp\/v2\/product\/10572"}],"collection":[{"href":"https:\/\/atelier-diospyros.fr\/index.php\/wp-json\/wp\/v2\/product"}],"about":[{"href":"https:\/\/atelier-diospyros.fr\/index.php\/wp-json\/wp\/v2\/types\/product"}],"wp:featuredmedia":[{"embeddable":true,"href":"https:\/\/atelier-diospyros.fr\/index.php\/wp-json\/wp\/v2\/media\/10945"}],"wp:attachment":[{"href":"https:\/\/atelier-diospyros.fr\/index.php\/wp-json\/wp\/v2\/media?parent=10572"}],"wp:term":[{"taxonomy":"product_cat","embeddable":true,"href":"https:\/\/atelier-diospyros.fr\/index.php\/wp-json\/wp\/v2\/product_cat?post=10572"},{"taxonomy":"product_tag","embeddable":true,"href":"https:\/\/atelier-diospyros.fr\/index.php\/wp-json\/wp\/v2\/product_tag?post=10572"}],"curies":[{"name":"wp","href":"https:\/\/api.w.org\/{rel}","templated":true}]}}