{"id":10554,"date":"2024-08-23T15:37:26","date_gmt":"2024-08-23T13:37:26","guid":{"rendered":"https:\/\/atelier-diospyros.fr\/?post_type=product&#038;p=10554"},"modified":"2024-12-11T10:36:18","modified_gmt":"2024-12-11T09:36:18","slug":"petit-bateau-jouet-misainier-maison-tirot","status":"publish","type":"product","link":"https:\/\/atelier-diospyros.fr\/index.php\/produit\/petit-bateau-jouet-misainier-maison-tirot\/","title":{"rendered":"Bateau jouet \u201cMisainier\u201d &#8211; Maison Tirot"},"content":{"rendered":"<p>Le Misainier est un petit bateau jouet en bois navigable, par l&rsquo;entreprise <a href=\"https:\/\/www.instagram.com\/maison_tirot\/?hl=fr\">Maison Tirot<\/a> \u00e0 Romagn\u00e9 pr\u00e8s de Foug\u00e8res depuis 1946 !<\/p>\n<p>Le mod\u00e8le N205 \u2013 dit le Misainier \u2013 est un petit canot de 22cm avec une coque noire et une voile rouge.<\/p>\n<p>Fabriqu\u00e9 en bois de h\u00eatre, issu des for\u00eats bretonnes ce bateau Misainier est \u00e9quip\u00e9 d\u2019une voile au tiers (en coton). Le canot breton \u00e0 misaine, \u00e9tait tr\u00e8s r\u00e9pandu en Bretagne Sud principalement pour un usage de p\u00eache. Sa coque, basse sur l\u2019eau, s\u2019int\u00e8gre admirablement au paysage marin, \u00e9pousant la houle.<\/p>\n<p>Ce bateau ravira les plus-petits et les accompagnera dans leurs premi\u00e8res aventures maritimes dans leur bain ou dans des bassins de plage.<\/p>\n<p>Ce bateau a \u00e9t\u00e9 fabriqu\u00e9 \u00e0 la main dans notre atelier breton selon le m\u00eame savoir-faire, les m\u00eames gestes, transmis de g\u00e9n\u00e9ration en g\u00e9n\u00e9ration depuis 1946.<\/p>\n<p>Robuste, il vous suivra toute votre vie si vous lui apportez le petit peu de soin qu\u2019il n\u00e9cessite.<\/p>\n<p>En effet le bois est une mati\u00e8re vivante qui r\u00e9agit \u00e0 l\u2019eau. Malgr\u00e9 tout le soin apport\u00e9 \u00e0 la fabrication de nos bateaux, au contact prolong\u00e9 de l\u2019eau il est possible que ce dernier se d\u00e9t\u00e9riore. Il est important de laisser votre bateau s\u00e9cher \u00e0 l\u2019ombre et \u00e0 l\u2019abri de trop fortes chaleurs apr\u00e8s chaque usage.<br \/>\nBon vent matelot !<\/p>\n<p>&nbsp;<\/p>\n<h3>La marque Bretonne Maison Tirot<\/h3>\n<div class=\"elementor-element elementor-element-a133871 elementor-widget elementor-widget-text-editor\" data-id=\"a133871\" data-element_type=\"widget\" data-widget_type=\"text-editor.default\">\n<div class=\"elementor-widget-container\">\n<p>Fond\u00e9e en 1946 par Francis Tirot, l&rsquo;entreprise est instal\u00e9e \u00e0 Romagn\u00e9, en Bretagne depuis 75 ans.<\/p>\n<p>L&rsquo;arriv\u00e9e des tous premiers cong\u00e9s pay\u00e9s lui a donn\u00e9 l\u2019envie de cr\u00e9er un jouet en bois pour enfant. De cette id\u00e9e est n\u00e9e une fabrication unique, \u00e0 savoir un <strong>bateau jouet<\/strong>\u00a0<strong>bois navigable<\/strong>.<\/p>\n<\/div>\n<\/div>\n<div class=\"elementor-element elementor-element-0d94dca elementor-widget elementor-widget-text-editor\" data-id=\"0d94dca\" data-element_type=\"widget\" data-widget_type=\"text-editor.default\">\n<div class=\"elementor-widget-container\">\n<p>V\u00e9ritables jouets pour enfants, les bateaux sont aux normes fran\u00e7aises et europ\u00e9ennes de s\u00e9curit\u00e9. Tous les bateaux sont fabriqu\u00e9s et peints \u00e0 la main.<\/p>\n<p>Depuis 2021, Augustin Hubert, accompagn\u00e9 et form\u00e9 par Nicolas Tirot se retrouve \u00e0 la t\u00eate de l\u2019entreprise bretonne. Il est le seul fabricant fran\u00e7ais de bateaux jouets en bois.<\/p>\n<p>Plus de 15 000 bateaux sortent chaque ann\u00e9e de leur atelier pour \u00eatre vendus partout en France et \u00e0 l\u2019\u00e9tranger dans plus de 250 magasins de jeux et jouets en bois, boutiques de plages, mus\u00e9es).<\/p>\n<p>L\u2019entreprise Tirot est lab\u00e9lis\u00e9e en 2012 \u2018EPV\u2019 Entreprise du Patrimoine Vivant Fran\u00e7ais. C\u2019est une marque de reconnaissance de L\u2019Etat, mise en place pour distinguer des entreprises fran\u00e7aises aux savoir-faire artisanaux et industriels d\u2019excellence.<\/p>\n<p>Les bateaux jouets TIROT ont \u00e9galement obtenu en 2012 le Prix \u00e0 la Cr\u00e9ation en Bretagne<\/p>\n<\/div>\n<\/div>\n","protected":false},"excerpt":{"rendered":"<p>Le bateau jouet \u201cMisainier\u201d de Maison Tirot est le compagnon id\u00e9al lors des bains de vos enfants !<\/p>\n<p>Fabriqu\u00e9 en bois massif, issu des for\u00eats bretonnes, ce jouet r\u00e9sistera aux ann\u00e9es et \u00e0 l\u2019enthousiasme des plus petits \ud83d\ude42<\/p>\n<p>Sa forme est inspir\u00e9e des thoniers, bateaux de p\u00eache d\u2019autrefois avec lesquels nos anciens p\u00eachaient\u2026. les gros poissons !<\/p>\n<hr \/>\n<p>\ud83c\uddeb\ud83c\uddf7\u00a0 \u00a0 Artisanat Breton<br \/>\n\ud83c\udf33\u00a0 \u00a0 Bois massif (H\u00eatre)<br \/>\n\ud83c\udf0d\u00a0 \u00a0 Approvisionnement local<br \/>\n\ud83d\udca6\u00a0 \u00a0 Con\u00e7u pour \u00eatre utilis\u00e9 dans l\u2019eau<\/p>\n","protected":false},"featured_media":10565,"template":"","meta":[],"product_cat":[385],"product_tag":[195,390,394,392,275,101,280,106,62,391,196,393,442,395],"class_list":{"0":"post-10554","1":"product","2":"type-product","3":"status-publish","4":"has-post-thumbnail","6":"product_cat-les-artisans-voyageurs","7":"product_tag-artisanal","8":"product_tag-bateau","9":"product_tag-bateau-tirot","10":"product_tag-cadeau-naissance","11":"product_tag-decoration","12":"product_tag-enfant","13":"product_tag-fabrique-en-bretagne","14":"product_tag-idee-cadeau-enfant","15":"product_tag-idee-cadeau-homme","16":"product_tag-jouet-en-bois","17":"product_tag-made-in-france","18":"product_tag-maison-tirot","19":"product_tag-misainier","20":"product_tag-voilier","22":"first","23":"instock","24":"shipping-taxable","25":"purchasable","26":"product-type-simple"},"yoast_head":"<!-- This site is optimized with the Yoast SEO plugin v24.2 - https:\/\/yoast.com\/wordpress\/plugins\/seo\/ -->\n<title>Bateau jouet \u201cMisainier\u201d - Maison Tirot<\/title>\n<meta name=\"description\" content=\"Fabriqu\u00e9 en Bretagne pr\u00e8s de Foug\u00e8res, le bateau jouet en bois \u201cMisainier\u201d est le compagnon id\u00e9al lors des bains de vos enfants !\" \/>\n<meta name=\"robots\" content=\"index, follow, max-snippet:-1, max-image-preview:large, max-video-preview:-1\" \/>\n<link rel=\"canonical\" href=\"https:\/\/atelier-diospyros.fr\/index.php\/produit\/petit-bateau-jouet-misainier-maison-tirot\/\" \/>\n<meta property=\"og:locale\" content=\"fr_FR\" \/>\n<meta property=\"og:type\" content=\"article\" \/>\n<meta property=\"og:title\" content=\"Bateau jouet \u201cMisainier\u201d - Maison Tirot\" \/>\n<meta property=\"og:description\" content=\"Fabriqu\u00e9 en Bretagne pr\u00e8s de Foug\u00e8res, le bateau jouet en bois \u201cMisainier\u201d est le compagnon id\u00e9al lors des bains de vos enfants !\" \/>\n<meta property=\"og:url\" content=\"https:\/\/atelier-diospyros.fr\/index.php\/produit\/petit-bateau-jouet-misainier-maison-tirot\/\" \/>\n<meta property=\"og:site_name\" content=\"Atelier Diospyros &amp; Cl\u00e9mence Quitterel\" \/>\n<meta property=\"article:modified_time\" content=\"2024-12-11T09:36:18+00:00\" \/>\n<meta property=\"og:image\" content=\"https:\/\/atelier-diospyros.fr\/wp-content\/uploads\/2024\/08\/Screenshot-2024-08-23-at-15-35-35-Bateau-Le-Misainier-Made-in-France-Maison-Tirot-\u2013-La-Miocherie.png\" \/>\n\t<meta property=\"og:image:width\" content=\"778\" \/>\n\t<meta property=\"og:image:height\" content=\"620\" \/>\n\t<meta property=\"og:image:type\" content=\"image\/png\" \/>\n<meta name=\"twitter:card\" content=\"summary_large_image\" \/>\n<meta name=\"twitter:label1\" content=\"Dur\u00e9e de lecture estim\u00e9e\" \/>\n\t<meta name=\"twitter:data1\" content=\"3 minutes\" \/>\n<script type=\"application\/ld+json\" class=\"yoast-schema-graph\">{\"@context\":\"https:\/\/schema.org\",\"@graph\":[{\"@type\":\"WebPage\",\"@id\":\"https:\/\/atelier-diospyros.fr\/index.php\/produit\/petit-bateau-jouet-misainier-maison-tirot\/\",\"url\":\"https:\/\/atelier-diospyros.fr\/index.php\/produit\/petit-bateau-jouet-misainier-maison-tirot\/\",\"name\":\"Bateau jouet \u201cMisainier\u201d - Maison Tirot\",\"isPartOf\":{\"@id\":\"https:\/\/atelier-diospyros.fr\/#website\"},\"primaryImageOfPage\":{\"@id\":\"https:\/\/atelier-diospyros.fr\/index.php\/produit\/petit-bateau-jouet-misainier-maison-tirot\/#primaryimage\"},\"image\":{\"@id\":\"https:\/\/atelier-diospyros.fr\/index.php\/produit\/petit-bateau-jouet-misainier-maison-tirot\/#primaryimage\"},\"thumbnailUrl\":\"https:\/\/atelier-diospyros.fr\/wp-content\/uploads\/2024\/08\/Screenshot-2024-08-23-at-15-35-35-Bateau-Le-Misainier-Made-in-France-Maison-Tirot-\u2013-La-Miocherie.png\",\"datePublished\":\"2024-08-23T13:37:26+00:00\",\"dateModified\":\"2024-12-11T09:36:18+00:00\",\"description\":\"Fabriqu\u00e9 en Bretagne pr\u00e8s de Foug\u00e8res, le bateau jouet en bois \u201cMisainier\u201d est le compagnon id\u00e9al lors des bains de vos enfants !\",\"breadcrumb\":{\"@id\":\"https:\/\/atelier-diospyros.fr\/index.php\/produit\/petit-bateau-jouet-misainier-maison-tirot\/#breadcrumb\"},\"inLanguage\":\"fr-FR\",\"potentialAction\":[{\"@type\":\"ReadAction\",\"target\":[\"https:\/\/atelier-diospyros.fr\/index.php\/produit\/petit-bateau-jouet-misainier-maison-tirot\/\"]}]},{\"@type\":\"ImageObject\",\"inLanguage\":\"fr-FR\",\"@id\":\"https:\/\/atelier-diospyros.fr\/index.php\/produit\/petit-bateau-jouet-misainier-maison-tirot\/#primaryimage\",\"url\":\"https:\/\/atelier-diospyros.fr\/wp-content\/uploads\/2024\/08\/Screenshot-2024-08-23-at-15-35-35-Bateau-Le-Misainier-Made-in-France-Maison-Tirot-\u2013-La-Miocherie.png\",\"contentUrl\":\"https:\/\/atelier-diospyros.fr\/wp-content\/uploads\/2024\/08\/Screenshot-2024-08-23-at-15-35-35-Bateau-Le-Misainier-Made-in-France-Maison-Tirot-\u2013-La-Miocherie.png\",\"width\":778,\"height\":620,\"caption\":\"Bateau jouet Le Misainier Maison Tirot\"},{\"@type\":\"BreadcrumbList\",\"@id\":\"https:\/\/atelier-diospyros.fr\/index.php\/produit\/petit-bateau-jouet-misainier-maison-tirot\/#breadcrumb\",\"itemListElement\":[{\"@type\":\"ListItem\",\"position\":1,\"name\":\"Accueil\",\"item\":\"https:\/\/atelier-diospyros.fr\/\"},{\"@type\":\"ListItem\",\"position\":2,\"name\":\"Boutique\",\"item\":\"https:\/\/atelier-diospyros.fr\/index.php\/boutique\/\"},{\"@type\":\"ListItem\",\"position\":3,\"name\":\"Bateau jouet \u201cMisainier\u201d &#8211; Maison Tirot\"}]},{\"@type\":\"WebSite\",\"@id\":\"https:\/\/atelier-diospyros.fr\/#website\",\"url\":\"https:\/\/atelier-diospyros.fr\/\",\"name\":\"Atelier Diospyros &amp; Cl\u00e9mence Quitterel\",\"description\":\"Objets en bois precieux et Cyanotypes : bijoux, d\u00e9coration d&#039;interieur, noeud papillon en bois, planches a decouper\",\"potentialAction\":[{\"@type\":\"SearchAction\",\"target\":{\"@type\":\"EntryPoint\",\"urlTemplate\":\"https:\/\/atelier-diospyros.fr\/?s={search_term_string}\"},\"query-input\":{\"@type\":\"PropertyValueSpecification\",\"valueRequired\":true,\"valueName\":\"search_term_string\"}}],\"inLanguage\":\"fr-FR\"}]}<\/script>\n<!-- \/ Yoast SEO plugin. -->","yoast_head_json":{"title":"Bateau jouet \u201cMisainier\u201d - Maison Tirot","description":"Fabriqu\u00e9 en Bretagne pr\u00e8s de Foug\u00e8res, le bateau jouet en bois \u201cMisainier\u201d est le compagnon id\u00e9al lors des bains de vos enfants !","robots":{"index":"index","follow":"follow","max-snippet":"max-snippet:-1","max-image-preview":"max-image-preview:large","max-video-preview":"max-video-preview:-1"},"canonical":"https:\/\/atelier-diospyros.fr\/index.php\/produit\/petit-bateau-jouet-misainier-maison-tirot\/","og_locale":"fr_FR","og_type":"article","og_title":"Bateau jouet \u201cMisainier\u201d - Maison Tirot","og_description":"Fabriqu\u00e9 en Bretagne pr\u00e8s de Foug\u00e8res, le bateau jouet en bois \u201cMisainier\u201d est le compagnon id\u00e9al lors des bains de vos enfants !","og_url":"https:\/\/atelier-diospyros.fr\/index.php\/produit\/petit-bateau-jouet-misainier-maison-tirot\/","og_site_name":"Atelier Diospyros &amp; Cl\u00e9mence Quitterel","article_modified_time":"2024-12-11T09:36:18+00:00","og_image":[{"width":778,"height":620,"url":"https:\/\/atelier-diospyros.fr\/wp-content\/uploads\/2024\/08\/Screenshot-2024-08-23-at-15-35-35-Bateau-Le-Misainier-Made-in-France-Maison-Tirot-\u2013-La-Miocherie.png","type":"image\/png"}],"twitter_card":"summary_large_image","twitter_misc":{"Dur\u00e9e de lecture estim\u00e9e":"3 minutes"},"schema":{"@context":"https:\/\/schema.org","@graph":[{"@type":"WebPage","@id":"https:\/\/atelier-diospyros.fr\/index.php\/produit\/petit-bateau-jouet-misainier-maison-tirot\/","url":"https:\/\/atelier-diospyros.fr\/index.php\/produit\/petit-bateau-jouet-misainier-maison-tirot\/","name":"Bateau jouet \u201cMisainier\u201d - Maison Tirot","isPartOf":{"@id":"https:\/\/atelier-diospyros.fr\/#website"},"primaryImageOfPage":{"@id":"https:\/\/atelier-diospyros.fr\/index.php\/produit\/petit-bateau-jouet-misainier-maison-tirot\/#primaryimage"},"image":{"@id":"https:\/\/atelier-diospyros.fr\/index.php\/produit\/petit-bateau-jouet-misainier-maison-tirot\/#primaryimage"},"thumbnailUrl":"https:\/\/atelier-diospyros.fr\/wp-content\/uploads\/2024\/08\/Screenshot-2024-08-23-at-15-35-35-Bateau-Le-Misainier-Made-in-France-Maison-Tirot-\u2013-La-Miocherie.png","datePublished":"2024-08-23T13:37:26+00:00","dateModified":"2024-12-11T09:36:18+00:00","description":"Fabriqu\u00e9 en Bretagne pr\u00e8s de Foug\u00e8res, le bateau jouet en bois \u201cMisainier\u201d est le compagnon id\u00e9al lors des bains de vos enfants !","breadcrumb":{"@id":"https:\/\/atelier-diospyros.fr\/index.php\/produit\/petit-bateau-jouet-misainier-maison-tirot\/#breadcrumb"},"inLanguage":"fr-FR","potentialAction":[{"@type":"ReadAction","target":["https:\/\/atelier-diospyros.fr\/index.php\/produit\/petit-bateau-jouet-misainier-maison-tirot\/"]}]},{"@type":"ImageObject","inLanguage":"fr-FR","@id":"https:\/\/atelier-diospyros.fr\/index.php\/produit\/petit-bateau-jouet-misainier-maison-tirot\/#primaryimage","url":"https:\/\/atelier-diospyros.fr\/wp-content\/uploads\/2024\/08\/Screenshot-2024-08-23-at-15-35-35-Bateau-Le-Misainier-Made-in-France-Maison-Tirot-\u2013-La-Miocherie.png","contentUrl":"https:\/\/atelier-diospyros.fr\/wp-content\/uploads\/2024\/08\/Screenshot-2024-08-23-at-15-35-35-Bateau-Le-Misainier-Made-in-France-Maison-Tirot-\u2013-La-Miocherie.png","width":778,"height":620,"caption":"Bateau jouet Le Misainier Maison Tirot"},{"@type":"BreadcrumbList","@id":"https:\/\/atelier-diospyros.fr\/index.php\/produit\/petit-bateau-jouet-misainier-maison-tirot\/#breadcrumb","itemListElement":[{"@type":"ListItem","position":1,"name":"Accueil","item":"https:\/\/atelier-diospyros.fr\/"},{"@type":"ListItem","position":2,"name":"Boutique","item":"https:\/\/atelier-diospyros.fr\/index.php\/boutique\/"},{"@type":"ListItem","position":3,"name":"Bateau jouet \u201cMisainier\u201d &#8211; Maison Tirot"}]},{"@type":"WebSite","@id":"https:\/\/atelier-diospyros.fr\/#website","url":"https:\/\/atelier-diospyros.fr\/","name":"Atelier Diospyros &amp; Cl\u00e9mence Quitterel","description":"Objets en bois precieux et Cyanotypes : bijoux, d\u00e9coration d&#039;interieur, noeud papillon en bois, planches a decouper","potentialAction":[{"@type":"SearchAction","target":{"@type":"EntryPoint","urlTemplate":"https:\/\/atelier-diospyros.fr\/?s={search_term_string}"},"query-input":{"@type":"PropertyValueSpecification","valueRequired":true,"valueName":"search_term_string"}}],"inLanguage":"fr-FR"}]}},"jetpack_sharing_enabled":true,"_links":{"self":[{"href":"https:\/\/atelier-diospyros.fr\/index.php\/wp-json\/wp\/v2\/product\/10554"}],"collection":[{"href":"https:\/\/atelier-diospyros.fr\/index.php\/wp-json\/wp\/v2\/product"}],"about":[{"href":"https:\/\/atelier-diospyros.fr\/index.php\/wp-json\/wp\/v2\/types\/product"}],"wp:featuredmedia":[{"embeddable":true,"href":"https:\/\/atelier-diospyros.fr\/index.php\/wp-json\/wp\/v2\/media\/10565"}],"wp:attachment":[{"href":"https:\/\/atelier-diospyros.fr\/index.php\/wp-json\/wp\/v2\/media?parent=10554"}],"wp:term":[{"taxonomy":"product_cat","embeddable":true,"href":"https:\/\/atelier-diospyros.fr\/index.php\/wp-json\/wp\/v2\/product_cat?post=10554"},{"taxonomy":"product_tag","embeddable":true,"href":"https:\/\/atelier-diospyros.fr\/index.php\/wp-json\/wp\/v2\/product_tag?post=10554"}],"curies":[{"name":"wp","href":"https:\/\/api.w.org\/{rel}","templated":true}]}}