{"id":10523,"date":"2024-08-22T17:50:52","date_gmt":"2024-08-22T15:50:52","guid":{"rendered":"https:\/\/atelier-diospyros.fr\/?post_type=product&#038;p=10523"},"modified":"2026-04-03T16:03:17","modified_gmt":"2026-04-03T14:03:17","slug":"coffret-peinture-au-numero-petit-pinceau-sahara-par-la-petite-epicerie","status":"publish","type":"product","link":"https:\/\/atelier-diospyros.fr\/index.php\/produit\/coffret-peinture-au-numero-petit-pinceau-sahara-par-la-petite-epicerie\/","title":{"rendered":"Coffret peinture au num\u00e9ro &#8211; Petit Pinceau -Sahara par La Petite Epicerie"},"content":{"rendered":"<div class=\"product-description\">\n<h2>D\u00e9tendez-vous avec ce coffret de peinture par num\u00e9ro Sahara\u00a0de la gamme Petit Pinceau !<\/h2>\n<p>La peinture au num\u00e9ro est une activit\u00e9 que les enfants adorent et qui suscite de plus en plus l&rsquo;int\u00e9r\u00eat\u00a0des adultes et pour cause : la peinture au num\u00e9ro a de <strong>multiples bienfaits<\/strong>. La Petite \u00c9picerie vous propose ce <strong>coffret de peinture au num\u00e9ro Petit Pinceau<\/strong>, qui ravira les fans de peinture au num\u00e9ro ! Avec cette illustration au design tendance imagin\u00e9e par l&rsquo;illustratrice Emilie de Castro, nul doute que vous allez<strong> adorer peindre cette affiche<\/strong>\u00a0<b>Sahara<\/b>. Vous pourrez ensuite l\u2019encadrer et la disposer en <strong>d\u00e9coration murale<\/strong> ou simplement la poser sur un meuble pour donner une <strong>touche design<\/strong> \u00e0 votre<strong>\u00a0int\u00e9rieur. <\/strong>Une note color\u00e9e qui<strong> invite au voyage avec cette chaleureuse illustration.<\/strong><\/p>\n<h3>Comment commencer \u00e0 peindre ?<\/h3>\n<p>Vous disposerez d&rsquo;une affiche divis\u00e9e en diff\u00e9rentes parties comportant chacune un num\u00e9ro bien pr\u00e9cis. Ce num\u00e9ro correspond \u00e0 la peinture \u00e0 utiliser pour remplir cette parcelle blanche. Vous n&rsquo;avez plus qu&rsquo;\u00e0 utiliser un des<strong> deux pinceaux<\/strong> fournis dans le coffret et peindre l&rsquo;espace correspondant \u00e0 la couleur. A vous de compl\u00e9ter toutes les parties afin de d\u00e9couvrir la jolie illustration color\u00e9e. Pour vous aider, une<strong>\u00a0planche de stickers num\u00e9rot\u00e9s<\/strong>\u00a0a \u00e9t\u00e9 gliss\u00e9e dans ce coffret, vous n&rsquo;avez plus qu&rsquo;\u00e0 les coller sur chaque petit pot de peinture pour<\/p>\n<h3>Que contient le coffret Petit Pinceau ?<\/h3>\n<p>Le coffret Petit Pinceau contient :<\/p>\n<p>-Une illustration \u00e0 peindre format 24,5 x 32,5 cm avec papier 430 g<\/p>\n<p>-2 pinceaux tailles n\u00b04 et n\u00b012<\/p>\n<p>-16 petits pots pr\u00e9-remplis de <strong>peinture saine et \u00e9cologique<\/strong><\/p>\n<p>-1 planche de stickers num\u00e9rot\u00e9s \u00e0 coller sur chaque petit pot de peinture<\/p>\n<p>-1 notice qui contient un descriptif des composants, des conseils et une interview in\u00e9dite de l&rsquo;illustratrice<\/p>\n<h3>Un mot sur l&rsquo;illustratrice \u00c9milie de Castro<\/h3>\n<p><strong>\u00c9milie de Castro<\/strong> est une illustratrice et graphiste fran\u00e7aise dont l&rsquo;univers d\u00e9licat s&rsquo;inspire de la nature et des fleurs. Amoureuse de la gouache, elle en a fait sa technique de pr\u00e9dilection apr\u00e8s en avoir explor\u00e9 les subtilit\u00e9s de A \u00e0 Z !<\/p>\n<p>Elle joue avec la d\u00e9licatesse purs des fleurs et des paysages pour apporter de la douceur \u00e0 toutes ses r\u00e9alisations. Une subtilit\u00e9 apport\u00e9e par une grande ma\u00eetrise de la peinture \u00e0 la gouache, \u00e0 qui, \u00c9milie de Castro, a notamment d\u00e9di\u00e9 un livre.<\/p>\n<p>Faites voyager votre pinceau au gr\u00e8s des touches de couleurs chaudes de\u00a0cette illustration !<\/p>\n<p>&nbsp;<\/p>\n<h3>Les bienfaits de la peinture au num\u00e9ro<\/h3>\n<p>La peinture au num\u00e9ro est une <strong>activit\u00e9 pour tous<\/strong> et elle poss\u00e8de de multiples bienfaits que vous ne soup\u00e7onniez peut-\u00eatre pas. \u00c0 la mani\u00e8re de<strong> la m\u00e9ditation<\/strong>, la peinture au num\u00e9ro permet de :<\/p>\n<p>-se d\u00e9connecter du quotidien<\/p>\n<p>-r\u00e9duire le stress et l&rsquo;anxi\u00e9t\u00e9<\/p>\n<p>-chasser les pens\u00e9es n\u00e9gatives<\/p>\n<p>-am\u00e9liorer la concentration<\/p>\n<p>-favoriser l&rsquo;estime de soi<\/p>\n<p>&nbsp;<\/p>\n<p><strong>Caract\u00e9ristiques :<\/strong><\/p>\n<p>-Peinture biosourc\u00e9e<\/p>\n<p>-Made in France<\/p>\n<p>-Pinceaux fabriqu\u00e9s en Bretagne<\/p>\n<p>-16 pots pr\u00e9-remplis<\/p>\n<p>-Dimension de l&rsquo;affiche : 24,5 x 32,5 cm<\/p>\n<p>-Dur\u00e9e de r\u00e9alisation : entre 15 et 20 heures<\/p>\n<p>Retrouvez un article complet sur <a href=\"https:\/\/la-petite-epicerie.fr\/fr\/content\/163-decouvrez-la-peinture-par-numero-avec-la-gamme-petit-pinceau-\">le site de La Petite \u00c9picerie<\/a> pour en d\u00e9couvrir davantage sur <strong>la cr\u00e9ation de la gamme Petit Pinceau<\/strong> et sur tous les bienfaits de la peinture au num\u00e9ro !<\/p>\n<\/div>\n","protected":false},"excerpt":{"rendered":"<p>La Petite \u00c9picerie a imagin\u00e9 sp\u00e9cialement pour vous une <strong>jolie s\u00e9rie de peintures au num\u00e9ro<\/strong>, Petit Pinceau. Elle vous propose cette <strong>peinture Sahara<\/strong>,\u00a0con\u00e7ue\u00a0par <strong>l&rsquo;illustratrice<\/strong><strong>\u00a0<\/strong><b>\u00c9milie De Castro<\/b>. Le coffret est <strong>Made in France.<\/strong> \u00c0 vos pinceaux !<\/p>\n","protected":false},"featured_media":10528,"template":"","meta":[],"product_cat":[385],"product_tag":[420,419,421,196,417,422,416,432],"class_list":{"0":"post-10523","1":"product","2":"type-product","3":"status-publish","4":"has-post-thumbnail","6":"product_cat-les-artisans-voyageurs","7":"product_tag-diy","8":"product_tag-kit","9":"product_tag-loisirs-creatifs","10":"product_tag-made-in-france","11":"product_tag-numero","12":"product_tag-peindre","13":"product_tag-peinture","14":"product_tag-sahara","16":"first","17":"outofstock","18":"shipping-taxable","19":"purchasable","20":"product-type-simple"},"yoast_head":"<!-- This site is optimized with the Yoast SEO plugin v24.2 - https:\/\/yoast.com\/wordpress\/plugins\/seo\/ -->\n<title>Petit pinceau - coffret de peinture au num\u00e9ro - Mont Saint Michel<\/title>\n<meta name=\"robots\" content=\"index, follow, max-snippet:-1, max-image-preview:large, max-video-preview:-1\" \/>\n<link rel=\"canonical\" href=\"https:\/\/atelier-diospyros.fr\/index.php\/produit\/coffret-peinture-au-numero-petit-pinceau-sahara-par-la-petite-epicerie\/\" \/>\n<meta property=\"og:locale\" content=\"fr_FR\" \/>\n<meta property=\"og:type\" content=\"article\" \/>\n<meta property=\"og:title\" content=\"Petit pinceau - coffret de peinture au num\u00e9ro - Mont Saint Michel\" \/>\n<meta property=\"og:description\" content=\"La Petite \u00c9picerie a imagin\u00e9 sp\u00e9cialement pour vous une jolie s\u00e9rie de peintures au num\u00e9ro, Petit Pinceau. Elle vous propose cette peinture Sahara,\u00a0con\u00e7ue\u00a0par l&#039;illustratrice\u00a0\u00c9milie De Castro. Le coffret est Made in France. \u00c0 vos pinceaux !\" \/>\n<meta property=\"og:url\" content=\"https:\/\/atelier-diospyros.fr\/index.php\/produit\/coffret-peinture-au-numero-petit-pinceau-sahara-par-la-petite-epicerie\/\" \/>\n<meta property=\"og:site_name\" content=\"Atelier Diospyros &amp; Cl\u00e9mence Quitterel\" \/>\n<meta property=\"article:modified_time\" content=\"2026-04-03T14:03:17+00:00\" \/>\n<meta property=\"og:image\" content=\"https:\/\/atelier-diospyros.fr\/wp-content\/uploads\/2024\/08\/Screenshot-2024-08-23-at-11-29-45-Sahara-Shopify.jpg-Image-WEBP-1200-\u00d7-1200-pixels-Redimensionnee-60.png\" \/>\n\t<meta property=\"og:image:width\" content=\"913\" \/>\n\t<meta property=\"og:image:height\" content=\"913\" \/>\n\t<meta property=\"og:image:type\" content=\"image\/png\" \/>\n<meta name=\"twitter:card\" content=\"summary_large_image\" \/>\n<meta name=\"twitter:label1\" content=\"Dur\u00e9e de lecture estim\u00e9e\" \/>\n\t<meta name=\"twitter:data1\" content=\"3 minutes\" \/>\n<script type=\"application\/ld+json\" class=\"yoast-schema-graph\">{\"@context\":\"https:\/\/schema.org\",\"@graph\":[{\"@type\":\"WebPage\",\"@id\":\"https:\/\/atelier-diospyros.fr\/index.php\/produit\/coffret-peinture-au-numero-petit-pinceau-sahara-par-la-petite-epicerie\/\",\"url\":\"https:\/\/atelier-diospyros.fr\/index.php\/produit\/coffret-peinture-au-numero-petit-pinceau-sahara-par-la-petite-epicerie\/\",\"name\":\"Petit pinceau - coffret de peinture au num\u00e9ro - Mont Saint Michel\",\"isPartOf\":{\"@id\":\"https:\/\/atelier-diospyros.fr\/#website\"},\"primaryImageOfPage\":{\"@id\":\"https:\/\/atelier-diospyros.fr\/index.php\/produit\/coffret-peinture-au-numero-petit-pinceau-sahara-par-la-petite-epicerie\/#primaryimage\"},\"image\":{\"@id\":\"https:\/\/atelier-diospyros.fr\/index.php\/produit\/coffret-peinture-au-numero-petit-pinceau-sahara-par-la-petite-epicerie\/#primaryimage\"},\"thumbnailUrl\":\"https:\/\/atelier-diospyros.fr\/wp-content\/uploads\/2024\/08\/Screenshot-2024-08-23-at-11-29-45-Sahara-Shopify.jpg-Image-WEBP-1200-\u00d7-1200-pixels-Redimensionnee-60.png\",\"datePublished\":\"2024-08-22T15:50:52+00:00\",\"dateModified\":\"2026-04-03T14:03:17+00:00\",\"breadcrumb\":{\"@id\":\"https:\/\/atelier-diospyros.fr\/index.php\/produit\/coffret-peinture-au-numero-petit-pinceau-sahara-par-la-petite-epicerie\/#breadcrumb\"},\"inLanguage\":\"fr-FR\",\"potentialAction\":[{\"@type\":\"ReadAction\",\"target\":[\"https:\/\/atelier-diospyros.fr\/index.php\/produit\/coffret-peinture-au-numero-petit-pinceau-sahara-par-la-petite-epicerie\/\"]}]},{\"@type\":\"ImageObject\",\"inLanguage\":\"fr-FR\",\"@id\":\"https:\/\/atelier-diospyros.fr\/index.php\/produit\/coffret-peinture-au-numero-petit-pinceau-sahara-par-la-petite-epicerie\/#primaryimage\",\"url\":\"https:\/\/atelier-diospyros.fr\/wp-content\/uploads\/2024\/08\/Screenshot-2024-08-23-at-11-29-45-Sahara-Shopify.jpg-Image-WEBP-1200-\u00d7-1200-pixels-Redimensionnee-60.png\",\"contentUrl\":\"https:\/\/atelier-diospyros.fr\/wp-content\/uploads\/2024\/08\/Screenshot-2024-08-23-at-11-29-45-Sahara-Shopify.jpg-Image-WEBP-1200-\u00d7-1200-pixels-Redimensionnee-60.png\",\"width\":913,\"height\":913,\"caption\":\"Petit pinceau Sahara La Petite Epicerie\"},{\"@type\":\"BreadcrumbList\",\"@id\":\"https:\/\/atelier-diospyros.fr\/index.php\/produit\/coffret-peinture-au-numero-petit-pinceau-sahara-par-la-petite-epicerie\/#breadcrumb\",\"itemListElement\":[{\"@type\":\"ListItem\",\"position\":1,\"name\":\"Accueil\",\"item\":\"https:\/\/atelier-diospyros.fr\/\"},{\"@type\":\"ListItem\",\"position\":2,\"name\":\"Boutique\",\"item\":\"https:\/\/atelier-diospyros.fr\/index.php\/boutique\/\"},{\"@type\":\"ListItem\",\"position\":3,\"name\":\"Coffret peinture au num\u00e9ro &#8211; Petit Pinceau -Sahara par La Petite Epicerie\"}]},{\"@type\":\"WebSite\",\"@id\":\"https:\/\/atelier-diospyros.fr\/#website\",\"url\":\"https:\/\/atelier-diospyros.fr\/\",\"name\":\"Atelier Diospyros &amp; Cl\u00e9mence Quitterel\",\"description\":\"Objets en bois precieux et Cyanotypes : bijoux, d\u00e9coration d&#039;interieur, noeud papillon en bois, planches a decouper\",\"potentialAction\":[{\"@type\":\"SearchAction\",\"target\":{\"@type\":\"EntryPoint\",\"urlTemplate\":\"https:\/\/atelier-diospyros.fr\/?s={search_term_string}\"},\"query-input\":{\"@type\":\"PropertyValueSpecification\",\"valueRequired\":true,\"valueName\":\"search_term_string\"}}],\"inLanguage\":\"fr-FR\"}]}<\/script>\n<!-- \/ Yoast SEO plugin. -->","yoast_head_json":{"title":"Petit pinceau - coffret de peinture au num\u00e9ro - Mont Saint Michel","robots":{"index":"index","follow":"follow","max-snippet":"max-snippet:-1","max-image-preview":"max-image-preview:large","max-video-preview":"max-video-preview:-1"},"canonical":"https:\/\/atelier-diospyros.fr\/index.php\/produit\/coffret-peinture-au-numero-petit-pinceau-sahara-par-la-petite-epicerie\/","og_locale":"fr_FR","og_type":"article","og_title":"Petit pinceau - coffret de peinture au num\u00e9ro - Mont Saint Michel","og_description":"La Petite \u00c9picerie a imagin\u00e9 sp\u00e9cialement pour vous une jolie s\u00e9rie de peintures au num\u00e9ro, Petit Pinceau. Elle vous propose cette peinture Sahara,\u00a0con\u00e7ue\u00a0par l'illustratrice\u00a0\u00c9milie De Castro. Le coffret est Made in France. \u00c0 vos pinceaux !","og_url":"https:\/\/atelier-diospyros.fr\/index.php\/produit\/coffret-peinture-au-numero-petit-pinceau-sahara-par-la-petite-epicerie\/","og_site_name":"Atelier Diospyros &amp; Cl\u00e9mence Quitterel","article_modified_time":"2026-04-03T14:03:17+00:00","og_image":[{"width":913,"height":913,"url":"https:\/\/atelier-diospyros.fr\/wp-content\/uploads\/2024\/08\/Screenshot-2024-08-23-at-11-29-45-Sahara-Shopify.jpg-Image-WEBP-1200-\u00d7-1200-pixels-Redimensionnee-60.png","type":"image\/png"}],"twitter_card":"summary_large_image","twitter_misc":{"Dur\u00e9e de lecture estim\u00e9e":"3 minutes"},"schema":{"@context":"https:\/\/schema.org","@graph":[{"@type":"WebPage","@id":"https:\/\/atelier-diospyros.fr\/index.php\/produit\/coffret-peinture-au-numero-petit-pinceau-sahara-par-la-petite-epicerie\/","url":"https:\/\/atelier-diospyros.fr\/index.php\/produit\/coffret-peinture-au-numero-petit-pinceau-sahara-par-la-petite-epicerie\/","name":"Petit pinceau - coffret de peinture au num\u00e9ro - Mont Saint Michel","isPartOf":{"@id":"https:\/\/atelier-diospyros.fr\/#website"},"primaryImageOfPage":{"@id":"https:\/\/atelier-diospyros.fr\/index.php\/produit\/coffret-peinture-au-numero-petit-pinceau-sahara-par-la-petite-epicerie\/#primaryimage"},"image":{"@id":"https:\/\/atelier-diospyros.fr\/index.php\/produit\/coffret-peinture-au-numero-petit-pinceau-sahara-par-la-petite-epicerie\/#primaryimage"},"thumbnailUrl":"https:\/\/atelier-diospyros.fr\/wp-content\/uploads\/2024\/08\/Screenshot-2024-08-23-at-11-29-45-Sahara-Shopify.jpg-Image-WEBP-1200-\u00d7-1200-pixels-Redimensionnee-60.png","datePublished":"2024-08-22T15:50:52+00:00","dateModified":"2026-04-03T14:03:17+00:00","breadcrumb":{"@id":"https:\/\/atelier-diospyros.fr\/index.php\/produit\/coffret-peinture-au-numero-petit-pinceau-sahara-par-la-petite-epicerie\/#breadcrumb"},"inLanguage":"fr-FR","potentialAction":[{"@type":"ReadAction","target":["https:\/\/atelier-diospyros.fr\/index.php\/produit\/coffret-peinture-au-numero-petit-pinceau-sahara-par-la-petite-epicerie\/"]}]},{"@type":"ImageObject","inLanguage":"fr-FR","@id":"https:\/\/atelier-diospyros.fr\/index.php\/produit\/coffret-peinture-au-numero-petit-pinceau-sahara-par-la-petite-epicerie\/#primaryimage","url":"https:\/\/atelier-diospyros.fr\/wp-content\/uploads\/2024\/08\/Screenshot-2024-08-23-at-11-29-45-Sahara-Shopify.jpg-Image-WEBP-1200-\u00d7-1200-pixels-Redimensionnee-60.png","contentUrl":"https:\/\/atelier-diospyros.fr\/wp-content\/uploads\/2024\/08\/Screenshot-2024-08-23-at-11-29-45-Sahara-Shopify.jpg-Image-WEBP-1200-\u00d7-1200-pixels-Redimensionnee-60.png","width":913,"height":913,"caption":"Petit pinceau Sahara La Petite Epicerie"},{"@type":"BreadcrumbList","@id":"https:\/\/atelier-diospyros.fr\/index.php\/produit\/coffret-peinture-au-numero-petit-pinceau-sahara-par-la-petite-epicerie\/#breadcrumb","itemListElement":[{"@type":"ListItem","position":1,"name":"Accueil","item":"https:\/\/atelier-diospyros.fr\/"},{"@type":"ListItem","position":2,"name":"Boutique","item":"https:\/\/atelier-diospyros.fr\/index.php\/boutique\/"},{"@type":"ListItem","position":3,"name":"Coffret peinture au num\u00e9ro &#8211; Petit Pinceau -Sahara par La Petite Epicerie"}]},{"@type":"WebSite","@id":"https:\/\/atelier-diospyros.fr\/#website","url":"https:\/\/atelier-diospyros.fr\/","name":"Atelier Diospyros &amp; Cl\u00e9mence Quitterel","description":"Objets en bois precieux et Cyanotypes : bijoux, d\u00e9coration d&#039;interieur, noeud papillon en bois, planches a decouper","potentialAction":[{"@type":"SearchAction","target":{"@type":"EntryPoint","urlTemplate":"https:\/\/atelier-diospyros.fr\/?s={search_term_string}"},"query-input":{"@type":"PropertyValueSpecification","valueRequired":true,"valueName":"search_term_string"}}],"inLanguage":"fr-FR"}]}},"jetpack_sharing_enabled":true,"_links":{"self":[{"href":"https:\/\/atelier-diospyros.fr\/index.php\/wp-json\/wp\/v2\/product\/10523"}],"collection":[{"href":"https:\/\/atelier-diospyros.fr\/index.php\/wp-json\/wp\/v2\/product"}],"about":[{"href":"https:\/\/atelier-diospyros.fr\/index.php\/wp-json\/wp\/v2\/types\/product"}],"wp:featuredmedia":[{"embeddable":true,"href":"https:\/\/atelier-diospyros.fr\/index.php\/wp-json\/wp\/v2\/media\/10528"}],"wp:attachment":[{"href":"https:\/\/atelier-diospyros.fr\/index.php\/wp-json\/wp\/v2\/media?parent=10523"}],"wp:term":[{"taxonomy":"product_cat","embeddable":true,"href":"https:\/\/atelier-diospyros.fr\/index.php\/wp-json\/wp\/v2\/product_cat?post=10523"},{"taxonomy":"product_tag","embeddable":true,"href":"https:\/\/atelier-diospyros.fr\/index.php\/wp-json\/wp\/v2\/product_tag?post=10523"}],"curies":[{"name":"wp","href":"https:\/\/api.w.org\/{rel}","templated":true}]}}