{"id":10502,"date":"2024-07-30T12:13:05","date_gmt":"2024-07-30T10:13:05","guid":{"rendered":"https:\/\/atelier-diospyros.fr\/?post_type=product&#038;p=10502"},"modified":"2025-09-17T02:14:36","modified_gmt":"2025-09-17T00:14:36","slug":"les-bons-baisers-saveur-champetre-carnet-de-bisous-a-distribuer","status":"publish","type":"product","link":"https:\/\/atelier-diospyros.fr\/index.php\/produit\/les-bons-baisers-saveur-champetre-carnet-de-bisous-a-distribuer\/","title":{"rendered":"Les Bons baisers &#8211; saveur champ\u00eatre &#8211; carnet de bisous \u00e0 distribuer"},"content":{"rendered":"<div title=\"Page 4\">\n<div>\n<div>\n<div>\n<p class=\"edition_titre\">Bons baisers saveur Champ\u00eatre, par<a href=\"https:\/\/www.frichtre.fr\"> Serge MORIN \/ FRICHTRE<\/a>, \u00e9dit\u00e9 \u00e0 Saint Malo (35).<\/p>\n<p>&nbsp;<\/p>\n<p><strong>Des baisers \u00e0 la saveur champ\u00eatre, d\u00f4r\u00e9s comme les bl\u00e9s.<\/strong><br \/>\nTu passes sur ton motoculteur et je ne peux r\u00e9sister \u00e0 cette beaut\u00e9 rurale qui \u00e9mane de toi. J\u2019enl\u00e8ve mes bottes et je t\u2019embrasse sur l\u2019herbe follement.<\/p>\n<\/div>\n<\/div>\n<\/div>\n<\/div>\n<p>Un carnet de 26 bons d\u00e9tachables et tous diff\u00e9rents, pour offrir\u00a0des baisers \u00e0 la saveur variable.<br \/>\nQue l\u2019on soit dragueur, brute \u00e9paisse ou\u00a0gros romantique, tout le monde y trouvera le baiser qu\u2019il lui faut offrir.<\/p>\n<p>1. Choisissez un baiser du meilleur go\u00fbt.<br \/>\n2. D\u00e9tachez-le soigneusement.<br \/>\n3. Offrez le \u00e0 la personne de votre choix.<br \/>\n4. Laissez agir.<\/p>\n<h3>Les Prestigieux Ets. FRiCHTRE Mais qu\u2019est-ce donc que cela ?<\/h3>\n<p>Les Prestigieux Ets. FRiCHTRE sont un gigantesque consortium de cr\u00e9ations install\u00e9 depuis des lustres dans une zone tenue au grand secret.<br \/>\nSurveill\u00e9 jour et nuit par des patrouilles d\u2019h\u00e9licopt\u00e8res, de sous-marins et second\u00e9es par des ma\u00eetres-chats z\u00e9l\u00e9s franchement antipathiques, ce laboratoire d\u2019exp\u00e9rimentations cr\u00e9atives poursuit sans rel\u00e2che l\u2019ardente mission de mettre au point des choses pratiques, belles, po\u00e9tiques, malicieuses et terriblement efficaces.<br \/>\nC\u2019est dans cet immense laboratoire que des hommes et des femmes, dans une d\u00e9votion quasi mystique, oeuvrent \u00e0 faire le bien, le beau, l\u2019utile et guider ainsi l\u2019humanit\u00e9 dans la bonne direction.<br \/>\nTenu d\u2019une main de velours par un groupe d\u2019anciennes milliardaires d\u00e9sillusionn\u00e9es par le pouvoir de l\u2019argent, ce consortium tentaculaire au nom impronon\u00e7able n\u2019a de cesse d\u2019inventer, d\u2019innover, de surprendre pour le plaisir de tous.<\/p>\n","protected":false},"excerpt":{"rendered":"<p>Un carnet de 26 bons d\u00e9tachables<br \/>\n7&#215;4 cm<\/p>\n<p>\u00c9dit\u00e9 \u00e0 St Malo par les<a href=\"https:\/\/www.frichtre.fr\/\"> Prestigieux \u00e9tablissements Frichtre<\/a><\/p>\n","protected":false},"featured_media":10504,"template":"","meta":[],"product_cat":[385],"product_tag":[423,424,425,426,504,368],"class_list":{"0":"post-10502","1":"product","2":"type-product","3":"status-publish","4":"has-post-thumbnail","6":"product_cat-les-artisans-voyageurs","7":"product_tag-baiser","8":"product_tag-bisou","9":"product_tag-carnet","10":"product_tag-distribuer","11":"product_tag-idee-cadeau-a-moins-de-5-e","12":"product_tag-poesie","14":"first","15":"instock","16":"shipping-taxable","17":"purchasable","18":"product-type-simple"},"yoast_head":"<!-- This site is optimized with the Yoast SEO plugin v24.2 - https:\/\/yoast.com\/wordpress\/plugins\/seo\/ -->\n<title>Les Bons baisers - saveur champ\u00eatre - carnet de bisous \u00e0 distribuer - Atelier Diospyros &amp; Cl\u00e9mence Quitterel<\/title>\n<meta name=\"description\" content=\"Les Bons baisers saveur champ\u00eatre : carnet de 26 bons d\u00e9tachables \u00e0 distribuer pour offrir des bisous champ\u00eatres. \u00c9dit\u00e9 par les ETS Frichtre\" \/>\n<meta name=\"robots\" content=\"index, follow, max-snippet:-1, max-image-preview:large, max-video-preview:-1\" \/>\n<link rel=\"canonical\" href=\"https:\/\/atelier-diospyros.fr\/index.php\/produit\/les-bons-baisers-saveur-champetre-carnet-de-bisous-a-distribuer\/\" \/>\n<meta property=\"og:locale\" content=\"fr_FR\" \/>\n<meta property=\"og:type\" content=\"article\" \/>\n<meta property=\"og:title\" content=\"Les Bons baisers - saveur champ\u00eatre - carnet de bisous \u00e0 distribuer - Atelier Diospyros &amp; Cl\u00e9mence Quitterel\" \/>\n<meta property=\"og:description\" content=\"Les Bons baisers saveur champ\u00eatre : carnet de 26 bons d\u00e9tachables \u00e0 distribuer pour offrir des bisous champ\u00eatres. \u00c9dit\u00e9 par les ETS Frichtre\" \/>\n<meta property=\"og:url\" content=\"https:\/\/atelier-diospyros.fr\/index.php\/produit\/les-bons-baisers-saveur-champetre-carnet-de-bisous-a-distribuer\/\" \/>\n<meta property=\"og:site_name\" content=\"Atelier Diospyros &amp; Cl\u00e9mence Quitterel\" \/>\n<meta property=\"article:modified_time\" content=\"2025-09-17T00:14:36+00:00\" \/>\n<meta property=\"og:image\" content=\"https:\/\/atelier-diospyros.fr\/wp-content\/uploads\/2024\/08\/IMG_0811.jpg\" \/>\n\t<meta property=\"og:image:width\" content=\"1512\" \/>\n\t<meta property=\"og:image:height\" content=\"1512\" \/>\n\t<meta property=\"og:image:type\" content=\"image\/jpeg\" \/>\n<meta name=\"twitter:card\" content=\"summary_large_image\" \/>\n<meta name=\"twitter:label1\" content=\"Dur\u00e9e de lecture estim\u00e9e\" \/>\n\t<meta name=\"twitter:data1\" content=\"2 minutes\" \/>\n<script type=\"application\/ld+json\" class=\"yoast-schema-graph\">{\"@context\":\"https:\/\/schema.org\",\"@graph\":[{\"@type\":\"WebPage\",\"@id\":\"https:\/\/atelier-diospyros.fr\/index.php\/produit\/les-bons-baisers-saveur-champetre-carnet-de-bisous-a-distribuer\/\",\"url\":\"https:\/\/atelier-diospyros.fr\/index.php\/produit\/les-bons-baisers-saveur-champetre-carnet-de-bisous-a-distribuer\/\",\"name\":\"Les Bons baisers - saveur champ\u00eatre - carnet de bisous \u00e0 distribuer - Atelier Diospyros &amp; Cl\u00e9mence Quitterel\",\"isPartOf\":{\"@id\":\"https:\/\/atelier-diospyros.fr\/#website\"},\"primaryImageOfPage\":{\"@id\":\"https:\/\/atelier-diospyros.fr\/index.php\/produit\/les-bons-baisers-saveur-champetre-carnet-de-bisous-a-distribuer\/#primaryimage\"},\"image\":{\"@id\":\"https:\/\/atelier-diospyros.fr\/index.php\/produit\/les-bons-baisers-saveur-champetre-carnet-de-bisous-a-distribuer\/#primaryimage\"},\"thumbnailUrl\":\"https:\/\/atelier-diospyros.fr\/wp-content\/uploads\/2024\/08\/IMG_0811.jpg\",\"datePublished\":\"2024-07-30T10:13:05+00:00\",\"dateModified\":\"2025-09-17T00:14:36+00:00\",\"description\":\"Les Bons baisers saveur champ\u00eatre : carnet de 26 bons d\u00e9tachables \u00e0 distribuer pour offrir des bisous champ\u00eatres. \u00c9dit\u00e9 par les ETS Frichtre\",\"breadcrumb\":{\"@id\":\"https:\/\/atelier-diospyros.fr\/index.php\/produit\/les-bons-baisers-saveur-champetre-carnet-de-bisous-a-distribuer\/#breadcrumb\"},\"inLanguage\":\"fr-FR\",\"potentialAction\":[{\"@type\":\"ReadAction\",\"target\":[\"https:\/\/atelier-diospyros.fr\/index.php\/produit\/les-bons-baisers-saveur-champetre-carnet-de-bisous-a-distribuer\/\"]}]},{\"@type\":\"ImageObject\",\"inLanguage\":\"fr-FR\",\"@id\":\"https:\/\/atelier-diospyros.fr\/index.php\/produit\/les-bons-baisers-saveur-champetre-carnet-de-bisous-a-distribuer\/#primaryimage\",\"url\":\"https:\/\/atelier-diospyros.fr\/wp-content\/uploads\/2024\/08\/IMG_0811.jpg\",\"contentUrl\":\"https:\/\/atelier-diospyros.fr\/wp-content\/uploads\/2024\/08\/IMG_0811.jpg\",\"width\":1512,\"height\":1512,\"caption\":\"Bons baisers Frichtre saveur champ\u00eatre\"},{\"@type\":\"BreadcrumbList\",\"@id\":\"https:\/\/atelier-diospyros.fr\/index.php\/produit\/les-bons-baisers-saveur-champetre-carnet-de-bisous-a-distribuer\/#breadcrumb\",\"itemListElement\":[{\"@type\":\"ListItem\",\"position\":1,\"name\":\"Accueil\",\"item\":\"https:\/\/atelier-diospyros.fr\/\"},{\"@type\":\"ListItem\",\"position\":2,\"name\":\"Boutique\",\"item\":\"https:\/\/atelier-diospyros.fr\/index.php\/boutique\/\"},{\"@type\":\"ListItem\",\"position\":3,\"name\":\"Les Bons baisers &#8211; saveur champ\u00eatre &#8211; carnet de bisous \u00e0 distribuer\"}]},{\"@type\":\"WebSite\",\"@id\":\"https:\/\/atelier-diospyros.fr\/#website\",\"url\":\"https:\/\/atelier-diospyros.fr\/\",\"name\":\"Atelier Diospyros &amp; Cl\u00e9mence Quitterel\",\"description\":\"Objets en bois precieux et Cyanotypes : bijoux, d\u00e9coration d&#039;interieur, noeud papillon en bois, planches a decouper\",\"potentialAction\":[{\"@type\":\"SearchAction\",\"target\":{\"@type\":\"EntryPoint\",\"urlTemplate\":\"https:\/\/atelier-diospyros.fr\/?s={search_term_string}\"},\"query-input\":{\"@type\":\"PropertyValueSpecification\",\"valueRequired\":true,\"valueName\":\"search_term_string\"}}],\"inLanguage\":\"fr-FR\"}]}<\/script>\n<!-- \/ Yoast SEO plugin. -->","yoast_head_json":{"title":"Les Bons baisers - saveur champ\u00eatre - carnet de bisous \u00e0 distribuer - Atelier Diospyros &amp; Cl\u00e9mence Quitterel","description":"Les Bons baisers saveur champ\u00eatre : carnet de 26 bons d\u00e9tachables \u00e0 distribuer pour offrir des bisous champ\u00eatres. \u00c9dit\u00e9 par les ETS Frichtre","robots":{"index":"index","follow":"follow","max-snippet":"max-snippet:-1","max-image-preview":"max-image-preview:large","max-video-preview":"max-video-preview:-1"},"canonical":"https:\/\/atelier-diospyros.fr\/index.php\/produit\/les-bons-baisers-saveur-champetre-carnet-de-bisous-a-distribuer\/","og_locale":"fr_FR","og_type":"article","og_title":"Les Bons baisers - saveur champ\u00eatre - carnet de bisous \u00e0 distribuer - Atelier Diospyros &amp; Cl\u00e9mence Quitterel","og_description":"Les Bons baisers saveur champ\u00eatre : carnet de 26 bons d\u00e9tachables \u00e0 distribuer pour offrir des bisous champ\u00eatres. \u00c9dit\u00e9 par les ETS Frichtre","og_url":"https:\/\/atelier-diospyros.fr\/index.php\/produit\/les-bons-baisers-saveur-champetre-carnet-de-bisous-a-distribuer\/","og_site_name":"Atelier Diospyros &amp; Cl\u00e9mence Quitterel","article_modified_time":"2025-09-17T00:14:36+00:00","og_image":[{"width":1512,"height":1512,"url":"https:\/\/atelier-diospyros.fr\/wp-content\/uploads\/2024\/08\/IMG_0811.jpg","type":"image\/jpeg"}],"twitter_card":"summary_large_image","twitter_misc":{"Dur\u00e9e de lecture estim\u00e9e":"2 minutes"},"schema":{"@context":"https:\/\/schema.org","@graph":[{"@type":"WebPage","@id":"https:\/\/atelier-diospyros.fr\/index.php\/produit\/les-bons-baisers-saveur-champetre-carnet-de-bisous-a-distribuer\/","url":"https:\/\/atelier-diospyros.fr\/index.php\/produit\/les-bons-baisers-saveur-champetre-carnet-de-bisous-a-distribuer\/","name":"Les Bons baisers - saveur champ\u00eatre - carnet de bisous \u00e0 distribuer - Atelier Diospyros &amp; Cl\u00e9mence Quitterel","isPartOf":{"@id":"https:\/\/atelier-diospyros.fr\/#website"},"primaryImageOfPage":{"@id":"https:\/\/atelier-diospyros.fr\/index.php\/produit\/les-bons-baisers-saveur-champetre-carnet-de-bisous-a-distribuer\/#primaryimage"},"image":{"@id":"https:\/\/atelier-diospyros.fr\/index.php\/produit\/les-bons-baisers-saveur-champetre-carnet-de-bisous-a-distribuer\/#primaryimage"},"thumbnailUrl":"https:\/\/atelier-diospyros.fr\/wp-content\/uploads\/2024\/08\/IMG_0811.jpg","datePublished":"2024-07-30T10:13:05+00:00","dateModified":"2025-09-17T00:14:36+00:00","description":"Les Bons baisers saveur champ\u00eatre : carnet de 26 bons d\u00e9tachables \u00e0 distribuer pour offrir des bisous champ\u00eatres. \u00c9dit\u00e9 par les ETS Frichtre","breadcrumb":{"@id":"https:\/\/atelier-diospyros.fr\/index.php\/produit\/les-bons-baisers-saveur-champetre-carnet-de-bisous-a-distribuer\/#breadcrumb"},"inLanguage":"fr-FR","potentialAction":[{"@type":"ReadAction","target":["https:\/\/atelier-diospyros.fr\/index.php\/produit\/les-bons-baisers-saveur-champetre-carnet-de-bisous-a-distribuer\/"]}]},{"@type":"ImageObject","inLanguage":"fr-FR","@id":"https:\/\/atelier-diospyros.fr\/index.php\/produit\/les-bons-baisers-saveur-champetre-carnet-de-bisous-a-distribuer\/#primaryimage","url":"https:\/\/atelier-diospyros.fr\/wp-content\/uploads\/2024\/08\/IMG_0811.jpg","contentUrl":"https:\/\/atelier-diospyros.fr\/wp-content\/uploads\/2024\/08\/IMG_0811.jpg","width":1512,"height":1512,"caption":"Bons baisers Frichtre saveur champ\u00eatre"},{"@type":"BreadcrumbList","@id":"https:\/\/atelier-diospyros.fr\/index.php\/produit\/les-bons-baisers-saveur-champetre-carnet-de-bisous-a-distribuer\/#breadcrumb","itemListElement":[{"@type":"ListItem","position":1,"name":"Accueil","item":"https:\/\/atelier-diospyros.fr\/"},{"@type":"ListItem","position":2,"name":"Boutique","item":"https:\/\/atelier-diospyros.fr\/index.php\/boutique\/"},{"@type":"ListItem","position":3,"name":"Les Bons baisers &#8211; saveur champ\u00eatre &#8211; carnet de bisous \u00e0 distribuer"}]},{"@type":"WebSite","@id":"https:\/\/atelier-diospyros.fr\/#website","url":"https:\/\/atelier-diospyros.fr\/","name":"Atelier Diospyros &amp; Cl\u00e9mence Quitterel","description":"Objets en bois precieux et Cyanotypes : bijoux, d\u00e9coration d&#039;interieur, noeud papillon en bois, planches a decouper","potentialAction":[{"@type":"SearchAction","target":{"@type":"EntryPoint","urlTemplate":"https:\/\/atelier-diospyros.fr\/?s={search_term_string}"},"query-input":{"@type":"PropertyValueSpecification","valueRequired":true,"valueName":"search_term_string"}}],"inLanguage":"fr-FR"}]}},"jetpack_sharing_enabled":true,"_links":{"self":[{"href":"https:\/\/atelier-diospyros.fr\/index.php\/wp-json\/wp\/v2\/product\/10502"}],"collection":[{"href":"https:\/\/atelier-diospyros.fr\/index.php\/wp-json\/wp\/v2\/product"}],"about":[{"href":"https:\/\/atelier-diospyros.fr\/index.php\/wp-json\/wp\/v2\/types\/product"}],"wp:featuredmedia":[{"embeddable":true,"href":"https:\/\/atelier-diospyros.fr\/index.php\/wp-json\/wp\/v2\/media\/10504"}],"wp:attachment":[{"href":"https:\/\/atelier-diospyros.fr\/index.php\/wp-json\/wp\/v2\/media?parent=10502"}],"wp:term":[{"taxonomy":"product_cat","embeddable":true,"href":"https:\/\/atelier-diospyros.fr\/index.php\/wp-json\/wp\/v2\/product_cat?post=10502"},{"taxonomy":"product_tag","embeddable":true,"href":"https:\/\/atelier-diospyros.fr\/index.php\/wp-json\/wp\/v2\/product_tag?post=10502"}],"curies":[{"name":"wp","href":"https:\/\/api.w.org\/{rel}","templated":true}]}}