{"id":10480,"date":"2024-08-14T18:39:00","date_gmt":"2024-08-14T16:39:00","guid":{"rendered":"https:\/\/atelier-diospyros.fr\/?post_type=product&#038;p=10480"},"modified":"2024-09-22T00:05:40","modified_gmt":"2024-09-21T22:05:40","slug":"petit-pinceau-mont-saint-michel-par-la-petite-epicerie","status":"publish","type":"product","link":"https:\/\/atelier-diospyros.fr\/index.php\/produit\/petit-pinceau-mont-saint-michel-par-la-petite-epicerie\/","title":{"rendered":"Coffret peinture au num\u00e9ro &#8211; Petit Pinceau &#8211; Mont Saint-Michel par La Petite Epicerie"},"content":{"rendered":"<div class=\"product-description\">\n<h2>D\u00e9tendez-vous avec ce coffret de peinture par num\u00e9ro Mont Saint-Michel par La Petite Epicerie !<\/h2>\n<p>Plongez dans la magie envo\u00fbtante du Mont Saint-Michel avec notre kit de peinture au num\u00e9ro Mont Saint-Michel par La Petite Epicerie. Ce kit vous transporte sur les rives de cette merveille architecturale, offrant une vue saisissante au coucher du soleil. Les teintes chaudes de la palette \u00e9voquent la douce lumi\u00e8re du cr\u00e9puscule qui baigne les remparts et les toits du mont, tandis que les mouettes survolent gracieusement la mer en contrebas. Chaque coup de pinceau capture l&rsquo;atmosph\u00e8re f\u00e9\u00e9rique de ce lieu embl\u00e9matique, offrant aux artistes une exp\u00e9rience de cr\u00e9ation immersive et captivante.<\/p>\n<h3>Comment commencer \u00e0 peindre ?<\/h3>\n<p>Dans votre coffret Petit Pinceau, vous disposez d&rsquo;une illustration sur papier \u00e9pais blanc dont les diff\u00e9rentes couleurs sont repr\u00e9sent\u00e9es\u00a0uniquement par un num\u00e9ro bien pr\u00e9cis. Chaque zone est num\u00e9rot\u00e9e et doit \u00eatre remplie avec la couleur correspondante. Vous n&rsquo;avez plus qu&rsquo;\u00e0 utiliser un des<strong> deux pinceaux<\/strong> fournis dans le coffret et peindre l&rsquo;espace correspondant \u00e0 la couleur selon votre pr\u00e9f\u00e9rence d&rsquo;\u00e9paisseur. Pour vous aider, une<strong>\u00a0planche de stickers num\u00e9rot\u00e9s<\/strong>\u00a0a \u00e9t\u00e9 gliss\u00e9e dans ce coffret, vous n&rsquo;avez plus qu&rsquo;\u00e0 les coller sur chaque petit pot de peinture pour ne pas vous m\u00e9langer les pinceaux avec les couleurs. Vous d\u00e9couvrirez au fur et \u00e0 mesure la jolie illustration color\u00e9e d&rsquo;une mani\u00e8re si satisfaisante ! Prenez ce temps pour d\u00e9tendre et vous offrir une bulle de bien \u00eatre. L&rsquo;artiste c&rsquo;est vous !<\/p>\n<h3>Que contient le coffret Petit Pinceau ?<\/h3>\n<p>Le coffret Petit Pinceau contient :<\/p>\n<p>&#8211; Une illustration \u00e0 peindre format 24,5 x 32,5 cm avec papier 430g<br \/>\n&#8211; 2 pinceaux tailles n \u00b04 et n\u00b012<br \/>\n&#8211; 18 petits pots pr\u00e9-remplis de\u00a0<strong>peinture saine et \u00e9cologique<br \/>\n<\/strong>&#8211; 1 planche de stickers num\u00e9rot\u00e9s \u00e0 coller sur chaque petit pot de peinture<br \/>\n&#8211; 1 notice qui contient un descriptif des composants, des conseils et une interview in\u00e9dite de l&rsquo;illustratrice<\/p>\n<p><strong>Caract\u00e9ristiques :<\/strong><\/p>\n<p>&#8211; Peinture biosourc\u00e9e<\/p>\n<p>&#8211; Made in France<\/p>\n<p>&#8211; Pinceaux fabriqu\u00e9s en Bretagne<\/p>\n<p>&#8211; 14 pots pr\u00e9-remplis<\/p>\n<p>&#8211; Dimension de l&rsquo;affiche : 24,5 x 32,5 cm<\/p>\n<p>&#8211; Dur\u00e9e de r\u00e9alisation : entre 15 et 20 heures<\/p>\n<h3><strong>L&rsquo;univers p\u00e9tillant de La Petite Epicerie<\/strong><\/h3>\n<h3>La Petite Epicerie est n\u00e9e de la passion pour l&rsquo;art, la d\u00e9coration et le bricolage DIY ! Depuis sa cr\u00e9ation, elle s&rsquo;est impos\u00e9e comme une r\u00e9f\u00e9rence incontournable pour les amateurs de loisirs cr\u00e9atifs en France et au-del\u00e0. En proposant des kits de qualit\u00e9 et des illustrations originales, La Petite Epicerie vise \u00e0 inspirer la cr\u00e9ativit\u00e9 et \u00e0 offrir des moments de d\u00e9tente artistique. Chaque produit est con\u00e7u avec soin, refl\u00e9tant une attention m\u00e9ticuleuse aux d\u00e9tails et une v\u00e9ritable passion pour le fait main. Les kits de peinture au num\u00e9ro Petit Pinceau sont de parfaits exemples de cette philosophie, combinant \u00e9l\u00e9gance et plaisir de peindre pour une exp\u00e9rience artistique unique.<\/h3>\n<h3>Les bienfaits de la peinture au num\u00e9ro<\/h3>\n<p>Bien plus qu\u2019un simple passe-temps ? La peinture au num\u00e9ro est une bulle de bien-\u00eatre, une \u00e9vasion cr\u00e9ative o\u00f9 chaque coup de pinceau apaise l\u2019esprit et r\u00e9duit le stress. Ce DIY qualitatif, imagin\u00e9 et fabriqu\u00e9 en France, vous apaise et vous offre un moment de d\u00e9tente unique, am\u00e9liorant la motricit\u00e9 fine et stimulant la cr\u00e9ativit\u00e9. En plus d&rsquo;\u00eatre une activit\u00e9 relaxante, chaque \u0153uvre devient une d\u00e9coration fi\u00e8rement affich\u00e9e chez vous. Transformez vos moments de loisirs en une exp\u00e9rience enrichissante et esth\u00e9tique avec La Petite Epicerie !<\/p>\n<p>La peinture au num\u00e9ro est une <strong>activit\u00e9 pour tous<\/strong> et elle poss\u00e8de de multiples bienfaits que vous ne soup\u00e7onniez peut-\u00eatre pas.<\/p>\n<p>\u00c0 la mani\u00e8re de<strong> la m\u00e9ditation<\/strong>, la peinture au num\u00e9ro permet de :<\/p>\n<p>&#8211; se d\u00e9connecter du quotidien<\/p>\n<p>&#8211; r\u00e9duire le stress et l&rsquo;anxi\u00e9t\u00e9<\/p>\n<p>&#8211; chasser les pens\u00e9es n\u00e9gatives<\/p>\n<p>&#8211; am\u00e9liorer la concentration<\/p>\n<p>&#8211; favoriser l&rsquo;estime de soi<\/p>\n<\/div>\n","protected":false},"excerpt":{"rendered":"<p><span class=\"s1\"><b>La Petite Epicerie<\/b> vous invite dans la magie envo\u00fbtante du Mont Saint-Michel au coucher du soleil avec ce <b>kit de peinture au num\u00e9ro Petit Pinceau <\/b><\/span><b>Mont Saint-Michel<\/b>, illustr\u00e9 et <strong>fabriqu\u00e9 en France<\/strong>\u00a0!<\/p>\n","protected":false},"featured_media":10481,"template":"","meta":[],"product_cat":[385],"product_tag":[420,419,421,196,418,417,422,416],"class_list":{"0":"post-10480","1":"product","2":"type-product","3":"status-publish","4":"has-post-thumbnail","6":"product_cat-les-artisans-voyageurs","7":"product_tag-diy","8":"product_tag-kit","9":"product_tag-loisirs-creatifs","10":"product_tag-made-in-france","11":"product_tag-mont-saint-michel","12":"product_tag-numero","13":"product_tag-peindre","14":"product_tag-peinture","16":"first","17":"outofstock","18":"shipping-taxable","19":"purchasable","20":"product-type-simple"},"yoast_head":"<!-- This site is optimized with the Yoast SEO plugin v24.2 - https:\/\/yoast.com\/wordpress\/plugins\/seo\/ -->\n<title>Petit pinceau - coffret de peinture au num\u00e9ro - Mont Saint Michel<\/title>\n<meta name=\"robots\" content=\"index, follow, max-snippet:-1, max-image-preview:large, max-video-preview:-1\" \/>\n<link rel=\"canonical\" href=\"https:\/\/atelier-diospyros.fr\/index.php\/produit\/petit-pinceau-mont-saint-michel-par-la-petite-epicerie\/\" \/>\n<meta property=\"og:locale\" content=\"fr_FR\" \/>\n<meta property=\"og:type\" content=\"article\" \/>\n<meta property=\"og:title\" content=\"Petit pinceau - coffret de peinture au num\u00e9ro - Mont Saint Michel\" \/>\n<meta property=\"og:description\" content=\"La Petite Epicerie vous invite dans la magie envo\u00fbtante du Mont Saint-Michel au coucher du soleil avec ce kit de peinture au num\u00e9ro Petit Pinceau Mont Saint-Michel, illustr\u00e9 et fabriqu\u00e9 en France\u00a0!\" \/>\n<meta property=\"og:url\" content=\"https:\/\/atelier-diospyros.fr\/index.php\/produit\/petit-pinceau-mont-saint-michel-par-la-petite-epicerie\/\" \/>\n<meta property=\"og:site_name\" content=\"Atelier Diospyros &amp; Cl\u00e9mence Quitterel\" \/>\n<meta property=\"article:modified_time\" content=\"2024-09-21T22:05:40+00:00\" \/>\n<meta property=\"og:image\" content=\"https:\/\/atelier-diospyros.fr\/wp-content\/uploads\/2024\/08\/Screenshot-2024-07-17-at-14-31-33-coffret-peinture-au-numero-mont-saint-michel-par-la-petite-epicerie.webp-Image-WEBP-800-\u00d7-800-pixels-Redimensionnee-91.png\" \/>\n\t<meta property=\"og:image:width\" content=\"913\" \/>\n\t<meta property=\"og:image:height\" content=\"913\" \/>\n\t<meta property=\"og:image:type\" content=\"image\/png\" \/>\n<meta name=\"twitter:card\" content=\"summary_large_image\" \/>\n<meta name=\"twitter:label1\" content=\"Dur\u00e9e de lecture estim\u00e9e\" \/>\n\t<meta name=\"twitter:data1\" content=\"4 minutes\" \/>\n<script type=\"application\/ld+json\" class=\"yoast-schema-graph\">{\"@context\":\"https:\/\/schema.org\",\"@graph\":[{\"@type\":\"WebPage\",\"@id\":\"https:\/\/atelier-diospyros.fr\/index.php\/produit\/petit-pinceau-mont-saint-michel-par-la-petite-epicerie\/\",\"url\":\"https:\/\/atelier-diospyros.fr\/index.php\/produit\/petit-pinceau-mont-saint-michel-par-la-petite-epicerie\/\",\"name\":\"Petit pinceau - coffret de peinture au num\u00e9ro - Mont Saint Michel\",\"isPartOf\":{\"@id\":\"https:\/\/atelier-diospyros.fr\/#website\"},\"primaryImageOfPage\":{\"@id\":\"https:\/\/atelier-diospyros.fr\/index.php\/produit\/petit-pinceau-mont-saint-michel-par-la-petite-epicerie\/#primaryimage\"},\"image\":{\"@id\":\"https:\/\/atelier-diospyros.fr\/index.php\/produit\/petit-pinceau-mont-saint-michel-par-la-petite-epicerie\/#primaryimage\"},\"thumbnailUrl\":\"https:\/\/atelier-diospyros.fr\/wp-content\/uploads\/2024\/08\/Screenshot-2024-07-17-at-14-31-33-coffret-peinture-au-numero-mont-saint-michel-par-la-petite-epicerie.webp-Image-WEBP-800-\u00d7-800-pixels-Redimensionnee-91.png\",\"datePublished\":\"2024-08-14T16:39:00+00:00\",\"dateModified\":\"2024-09-21T22:05:40+00:00\",\"breadcrumb\":{\"@id\":\"https:\/\/atelier-diospyros.fr\/index.php\/produit\/petit-pinceau-mont-saint-michel-par-la-petite-epicerie\/#breadcrumb\"},\"inLanguage\":\"fr-FR\",\"potentialAction\":[{\"@type\":\"ReadAction\",\"target\":[\"https:\/\/atelier-diospyros.fr\/index.php\/produit\/petit-pinceau-mont-saint-michel-par-la-petite-epicerie\/\"]}]},{\"@type\":\"ImageObject\",\"inLanguage\":\"fr-FR\",\"@id\":\"https:\/\/atelier-diospyros.fr\/index.php\/produit\/petit-pinceau-mont-saint-michel-par-la-petite-epicerie\/#primaryimage\",\"url\":\"https:\/\/atelier-diospyros.fr\/wp-content\/uploads\/2024\/08\/Screenshot-2024-07-17-at-14-31-33-coffret-peinture-au-numero-mont-saint-michel-par-la-petite-epicerie.webp-Image-WEBP-800-\u00d7-800-pixels-Redimensionnee-91.png\",\"contentUrl\":\"https:\/\/atelier-diospyros.fr\/wp-content\/uploads\/2024\/08\/Screenshot-2024-07-17-at-14-31-33-coffret-peinture-au-numero-mont-saint-michel-par-la-petite-epicerie.webp-Image-WEBP-800-\u00d7-800-pixels-Redimensionnee-91.png\",\"width\":913,\"height\":913,\"caption\":\"Petit pinceau - Mont Saint michel - Peinture au num\u00e9ro\"},{\"@type\":\"BreadcrumbList\",\"@id\":\"https:\/\/atelier-diospyros.fr\/index.php\/produit\/petit-pinceau-mont-saint-michel-par-la-petite-epicerie\/#breadcrumb\",\"itemListElement\":[{\"@type\":\"ListItem\",\"position\":1,\"name\":\"Accueil\",\"item\":\"https:\/\/atelier-diospyros.fr\/\"},{\"@type\":\"ListItem\",\"position\":2,\"name\":\"Boutique\",\"item\":\"https:\/\/atelier-diospyros.fr\/index.php\/boutique\/\"},{\"@type\":\"ListItem\",\"position\":3,\"name\":\"Coffret peinture au num\u00e9ro &#8211; Petit Pinceau &#8211; Mont Saint-Michel par La Petite Epicerie\"}]},{\"@type\":\"WebSite\",\"@id\":\"https:\/\/atelier-diospyros.fr\/#website\",\"url\":\"https:\/\/atelier-diospyros.fr\/\",\"name\":\"Atelier Diospyros &amp; Cl\u00e9mence Quitterel\",\"description\":\"Objets en bois precieux et Cyanotypes : bijoux, d\u00e9coration d&#039;interieur, noeud papillon en bois, planches a decouper\",\"potentialAction\":[{\"@type\":\"SearchAction\",\"target\":{\"@type\":\"EntryPoint\",\"urlTemplate\":\"https:\/\/atelier-diospyros.fr\/?s={search_term_string}\"},\"query-input\":{\"@type\":\"PropertyValueSpecification\",\"valueRequired\":true,\"valueName\":\"search_term_string\"}}],\"inLanguage\":\"fr-FR\"}]}<\/script>\n<!-- \/ Yoast SEO plugin. -->","yoast_head_json":{"title":"Petit pinceau - coffret de peinture au num\u00e9ro - Mont Saint Michel","robots":{"index":"index","follow":"follow","max-snippet":"max-snippet:-1","max-image-preview":"max-image-preview:large","max-video-preview":"max-video-preview:-1"},"canonical":"https:\/\/atelier-diospyros.fr\/index.php\/produit\/petit-pinceau-mont-saint-michel-par-la-petite-epicerie\/","og_locale":"fr_FR","og_type":"article","og_title":"Petit pinceau - coffret de peinture au num\u00e9ro - Mont Saint Michel","og_description":"La Petite Epicerie vous invite dans la magie envo\u00fbtante du Mont Saint-Michel au coucher du soleil avec ce kit de peinture au num\u00e9ro Petit Pinceau Mont Saint-Michel, illustr\u00e9 et fabriqu\u00e9 en France\u00a0!","og_url":"https:\/\/atelier-diospyros.fr\/index.php\/produit\/petit-pinceau-mont-saint-michel-par-la-petite-epicerie\/","og_site_name":"Atelier Diospyros &amp; Cl\u00e9mence Quitterel","article_modified_time":"2024-09-21T22:05:40+00:00","og_image":[{"width":913,"height":913,"url":"https:\/\/atelier-diospyros.fr\/wp-content\/uploads\/2024\/08\/Screenshot-2024-07-17-at-14-31-33-coffret-peinture-au-numero-mont-saint-michel-par-la-petite-epicerie.webp-Image-WEBP-800-\u00d7-800-pixels-Redimensionnee-91.png","type":"image\/png"}],"twitter_card":"summary_large_image","twitter_misc":{"Dur\u00e9e de lecture estim\u00e9e":"4 minutes"},"schema":{"@context":"https:\/\/schema.org","@graph":[{"@type":"WebPage","@id":"https:\/\/atelier-diospyros.fr\/index.php\/produit\/petit-pinceau-mont-saint-michel-par-la-petite-epicerie\/","url":"https:\/\/atelier-diospyros.fr\/index.php\/produit\/petit-pinceau-mont-saint-michel-par-la-petite-epicerie\/","name":"Petit pinceau - coffret de peinture au num\u00e9ro - Mont Saint Michel","isPartOf":{"@id":"https:\/\/atelier-diospyros.fr\/#website"},"primaryImageOfPage":{"@id":"https:\/\/atelier-diospyros.fr\/index.php\/produit\/petit-pinceau-mont-saint-michel-par-la-petite-epicerie\/#primaryimage"},"image":{"@id":"https:\/\/atelier-diospyros.fr\/index.php\/produit\/petit-pinceau-mont-saint-michel-par-la-petite-epicerie\/#primaryimage"},"thumbnailUrl":"https:\/\/atelier-diospyros.fr\/wp-content\/uploads\/2024\/08\/Screenshot-2024-07-17-at-14-31-33-coffret-peinture-au-numero-mont-saint-michel-par-la-petite-epicerie.webp-Image-WEBP-800-\u00d7-800-pixels-Redimensionnee-91.png","datePublished":"2024-08-14T16:39:00+00:00","dateModified":"2024-09-21T22:05:40+00:00","breadcrumb":{"@id":"https:\/\/atelier-diospyros.fr\/index.php\/produit\/petit-pinceau-mont-saint-michel-par-la-petite-epicerie\/#breadcrumb"},"inLanguage":"fr-FR","potentialAction":[{"@type":"ReadAction","target":["https:\/\/atelier-diospyros.fr\/index.php\/produit\/petit-pinceau-mont-saint-michel-par-la-petite-epicerie\/"]}]},{"@type":"ImageObject","inLanguage":"fr-FR","@id":"https:\/\/atelier-diospyros.fr\/index.php\/produit\/petit-pinceau-mont-saint-michel-par-la-petite-epicerie\/#primaryimage","url":"https:\/\/atelier-diospyros.fr\/wp-content\/uploads\/2024\/08\/Screenshot-2024-07-17-at-14-31-33-coffret-peinture-au-numero-mont-saint-michel-par-la-petite-epicerie.webp-Image-WEBP-800-\u00d7-800-pixels-Redimensionnee-91.png","contentUrl":"https:\/\/atelier-diospyros.fr\/wp-content\/uploads\/2024\/08\/Screenshot-2024-07-17-at-14-31-33-coffret-peinture-au-numero-mont-saint-michel-par-la-petite-epicerie.webp-Image-WEBP-800-\u00d7-800-pixels-Redimensionnee-91.png","width":913,"height":913,"caption":"Petit pinceau - Mont Saint michel - Peinture au num\u00e9ro"},{"@type":"BreadcrumbList","@id":"https:\/\/atelier-diospyros.fr\/index.php\/produit\/petit-pinceau-mont-saint-michel-par-la-petite-epicerie\/#breadcrumb","itemListElement":[{"@type":"ListItem","position":1,"name":"Accueil","item":"https:\/\/atelier-diospyros.fr\/"},{"@type":"ListItem","position":2,"name":"Boutique","item":"https:\/\/atelier-diospyros.fr\/index.php\/boutique\/"},{"@type":"ListItem","position":3,"name":"Coffret peinture au num\u00e9ro &#8211; Petit Pinceau &#8211; Mont Saint-Michel par La Petite Epicerie"}]},{"@type":"WebSite","@id":"https:\/\/atelier-diospyros.fr\/#website","url":"https:\/\/atelier-diospyros.fr\/","name":"Atelier Diospyros &amp; Cl\u00e9mence Quitterel","description":"Objets en bois precieux et Cyanotypes : bijoux, d\u00e9coration d&#039;interieur, noeud papillon en bois, planches a decouper","potentialAction":[{"@type":"SearchAction","target":{"@type":"EntryPoint","urlTemplate":"https:\/\/atelier-diospyros.fr\/?s={search_term_string}"},"query-input":{"@type":"PropertyValueSpecification","valueRequired":true,"valueName":"search_term_string"}}],"inLanguage":"fr-FR"}]}},"jetpack_sharing_enabled":true,"_links":{"self":[{"href":"https:\/\/atelier-diospyros.fr\/index.php\/wp-json\/wp\/v2\/product\/10480"}],"collection":[{"href":"https:\/\/atelier-diospyros.fr\/index.php\/wp-json\/wp\/v2\/product"}],"about":[{"href":"https:\/\/atelier-diospyros.fr\/index.php\/wp-json\/wp\/v2\/types\/product"}],"wp:featuredmedia":[{"embeddable":true,"href":"https:\/\/atelier-diospyros.fr\/index.php\/wp-json\/wp\/v2\/media\/10481"}],"wp:attachment":[{"href":"https:\/\/atelier-diospyros.fr\/index.php\/wp-json\/wp\/v2\/media?parent=10480"}],"wp:term":[{"taxonomy":"product_cat","embeddable":true,"href":"https:\/\/atelier-diospyros.fr\/index.php\/wp-json\/wp\/v2\/product_cat?post=10480"},{"taxonomy":"product_tag","embeddable":true,"href":"https:\/\/atelier-diospyros.fr\/index.php\/wp-json\/wp\/v2\/product_tag?post=10480"}],"curies":[{"name":"wp","href":"https:\/\/api.w.org\/{rel}","templated":true}]}}