{"id":10458,"date":"2024-08-17T11:19:50","date_gmt":"2024-08-17T09:19:50","guid":{"rendered":"https:\/\/atelier-diospyros.fr\/?post_type=product&#038;p=10458"},"modified":"2024-12-11T09:58:06","modified_gmt":"2024-12-11T08:58:06","slug":"pins-chat-lovely-cat-my-lovely-thing","status":"publish","type":"product","link":"https:\/\/atelier-diospyros.fr\/index.php\/produit\/pins-chat-lovely-cat-my-lovely-thing\/","title":{"rendered":"Pin&rsquo;s chat \u00ab\u00a0Lovely Cat\u00a0\u00bb &#8211; My Lovely Thing"},"content":{"rendered":"<div id=\"product-description-short-792\" class=\"description-short\">\n<p>Ce pin&rsquo;s chat \u00ab\u00a0Lovely Cat\u00a0\u00bb est une cr\u00e9ation de la marque <a href=\"https:\/\/www.instagram.com\/mariemylovelything\/\">My Lovely Thing<\/a>, implant\u00e9e \u00e0 La Rochelle.<\/p>\n<p>Ce pin&rsquo;s chat est id\u00e9al pour ajouter une touche personnelle \u00e0 votre tenue ou pour collectionner. Il est fabriqu\u00e9 en laiton, un mat\u00e9riau durable et robuste, avec des d\u00e9tails soign\u00e9s. Ce pin&rsquo;s en laiton \u00ab\u00a0Lovely Cat\u00a0\u00bb est un excellent choix pour tous ceux qui cherchent un accessoire tendance et \u00e0 honorer nos compagnons qu&rsquo;on aime tant.<\/p>\n<\/div>\n<div id=\"product-description-792\" class=\"description\">\n<p>Dimensions : 25,6mm\u00a0x 33mm\u00a0x 0,5mm<br \/>\nPin&rsquo;s fabriqu\u00e9 en laiton avec attache papillon moul\u00e9e et finition dor\u00e9e brillant<\/p>\n<\/div>\n<p><span style=\"color: #808080;\"><em><a href=\"https:\/\/atelier-diospyros.fr\/index.php\/etiquette-produit\/pins\/\">Les pin&rsquo;s<\/a> et broches repr\u00e9sentent l&rsquo;univers My Lovely Thing. Ils sont fabriqu\u00e9s en alliage de zinc (zamak) et en laiton, avec un \u00e9maillage selon les couleurs. La finition est dor\u00e9e brillant. Les pin&rsquo;s et broches sont fournis fix\u00e9s sur une carte et prot\u00e9g\u00e9s sous sachet plastique transparent.<\/em><\/span><\/p>\n<p>&nbsp;<\/p>\n<div class=\"vc_col-sm-6 wpb_column vc_column_container\">\n<div class=\"vc_column-inner \">\n<div class=\"wpb_wrapper\">\n<div class=\"wpb_text_column wpb_content_element \">\n<div class=\"wpb_wrapper\">\n<p>\u00a0<strong>Marie PERTRIAUX<\/strong> cr\u00e9e la marque <strong>MY LOVELY THING <\/strong>en 2013.<\/p>\n<p>Graphiste et illustratrice de formation, elle a tout d\u2019abord travaill\u00e9 pour plusieurs maisons dans le monde du textile.<\/p>\n<p>Apr\u00e8s avoir d\u00e9m\u00e9nag\u00e9 \u00e0 La Rochelle, elle d\u00e9cide de se lancer en cr\u00e9ant sa propre collection d\u2019illustrations. Ses cr\u00e9ations sont inspir\u00e9es de son quotidien, de ses \u00e9motions, de ses envies, de ses r\u00eaves.<\/p>\n<p>Un trait fin, un style \u00e9pur\u00e9, des couleurs pastel, font partie de l\u2019identit\u00e9 de Marie. Elle souhaite ainsi transmettre, via ses dessins, de la po\u00e9sie, de la l\u00e9g\u00e8ret\u00e9, des valeurs simples.<\/p>\n<p>&nbsp;<\/p>\n<\/div>\n<\/div>\n<div class=\"vc_empty_space\"><\/div>\n<\/div>\n<\/div>\n<\/div>\n<div class=\"vc_col-sm-6 wpb_column vc_column_container\">\n<div class=\"vc_column-inner \">\n<div class=\"wpb_wrapper\">\n<div class=\"wpb_single_image wpb_content_element vc_align_center\">\n<div class=\"wpb_wrapper\"><\/div>\n<\/div>\n<\/div>\n<\/div>\n<\/div>\n","protected":false},"excerpt":{"rendered":"<div id=\"product-description-short-792\" class=\"description-short\">\n<p>Pin&rsquo;s Chat dor\u00e9, une cr\u00e9ation de la marque Fran\u00e7aise My Lovely Thing.<\/p>\n<\/div>\n<div id=\"product-description-792\" class=\"description\">\n<p>Dimensions : 25,6mm\u00a0x 33mm\u00a0x 0,5mm<\/p>\n<\/div>\n","protected":false},"featured_media":10469,"template":"","meta":[],"product_cat":[385],"product_tag":[408,406,268,505,407],"class_list":{"0":"post-10458","1":"product","2":"type-product","3":"status-publish","4":"has-post-thumbnail","6":"product_cat-les-artisans-voyageurs","7":"product_tag-broche","8":"product_tag-chat","9":"product_tag-dore","10":"product_tag-idee-cadeau-a-moins-de-15-euros","11":"product_tag-pins","13":"first","14":"instock","15":"shipping-taxable","16":"purchasable","17":"product-type-simple"},"yoast_head":"<!-- This site is optimized with the Yoast SEO plugin v24.2 - https:\/\/yoast.com\/wordpress\/plugins\/seo\/ -->\n<title>Pin&#039;s chat &quot;Lovely Cat&quot; - My Lovely Thing -<\/title>\n<meta name=\"description\" content=\"Ce pin&#039;s dor\u00e9 chat &quot;Lovely Cat&quot; est une cr\u00e9ation de la marque My Lovely Thing, implant\u00e9e \u00e0 La Rochelle. Une cr\u00e9ation fran\u00e7aise \u00e0 petit prix !\" \/>\n<meta name=\"robots\" content=\"index, follow, max-snippet:-1, max-image-preview:large, max-video-preview:-1\" \/>\n<link rel=\"canonical\" href=\"https:\/\/atelier-diospyros.fr\/index.php\/produit\/pins-chat-lovely-cat-my-lovely-thing\/\" \/>\n<meta property=\"og:locale\" content=\"fr_FR\" \/>\n<meta property=\"og:type\" content=\"article\" \/>\n<meta property=\"og:title\" content=\"Pin&#039;s chat &quot;Lovely Cat&quot; - My Lovely Thing -\" \/>\n<meta property=\"og:description\" content=\"Ce pin&#039;s dor\u00e9 chat &quot;Lovely Cat&quot; est une cr\u00e9ation de la marque My Lovely Thing, implant\u00e9e \u00e0 La Rochelle. Une cr\u00e9ation fran\u00e7aise \u00e0 petit prix !\" \/>\n<meta property=\"og:url\" content=\"https:\/\/atelier-diospyros.fr\/index.php\/produit\/pins-chat-lovely-cat-my-lovely-thing\/\" \/>\n<meta property=\"og:site_name\" content=\"Atelier Diospyros &amp; Cl\u00e9mence Quitterel\" \/>\n<meta property=\"article:modified_time\" content=\"2024-12-11T08:58:06+00:00\" \/>\n<meta property=\"og:image\" content=\"https:\/\/atelier-diospyros.fr\/wp-content\/uploads\/2024\/07\/Screenshot-2024-07-30-at-12-24-29-Un-joli-pins-en-forme-de-chat-en-laiton.png\" \/>\n\t<meta property=\"og:image:width\" content=\"693\" \/>\n\t<meta property=\"og:image:height\" content=\"693\" \/>\n\t<meta property=\"og:image:type\" content=\"image\/png\" \/>\n<meta name=\"twitter:card\" content=\"summary_large_image\" \/>\n<meta name=\"twitter:label1\" content=\"Dur\u00e9e de lecture estim\u00e9e\" \/>\n\t<meta name=\"twitter:data1\" content=\"2 minutes\" \/>\n<script type=\"application\/ld+json\" class=\"yoast-schema-graph\">{\"@context\":\"https:\/\/schema.org\",\"@graph\":[{\"@type\":\"WebPage\",\"@id\":\"https:\/\/atelier-diospyros.fr\/index.php\/produit\/pins-chat-lovely-cat-my-lovely-thing\/\",\"url\":\"https:\/\/atelier-diospyros.fr\/index.php\/produit\/pins-chat-lovely-cat-my-lovely-thing\/\",\"name\":\"Pin's chat \\\"Lovely Cat\\\" - My Lovely Thing -\",\"isPartOf\":{\"@id\":\"https:\/\/atelier-diospyros.fr\/#website\"},\"primaryImageOfPage\":{\"@id\":\"https:\/\/atelier-diospyros.fr\/index.php\/produit\/pins-chat-lovely-cat-my-lovely-thing\/#primaryimage\"},\"image\":{\"@id\":\"https:\/\/atelier-diospyros.fr\/index.php\/produit\/pins-chat-lovely-cat-my-lovely-thing\/#primaryimage\"},\"thumbnailUrl\":\"https:\/\/atelier-diospyros.fr\/wp-content\/uploads\/2024\/07\/Screenshot-2024-07-30-at-12-24-29-Un-joli-pins-en-forme-de-chat-en-laiton.png\",\"datePublished\":\"2024-08-17T09:19:50+00:00\",\"dateModified\":\"2024-12-11T08:58:06+00:00\",\"description\":\"Ce pin's dor\u00e9 chat \\\"Lovely Cat\\\" est une cr\u00e9ation de la marque My Lovely Thing, implant\u00e9e \u00e0 La Rochelle. Une cr\u00e9ation fran\u00e7aise \u00e0 petit prix !\",\"breadcrumb\":{\"@id\":\"https:\/\/atelier-diospyros.fr\/index.php\/produit\/pins-chat-lovely-cat-my-lovely-thing\/#breadcrumb\"},\"inLanguage\":\"fr-FR\",\"potentialAction\":[{\"@type\":\"ReadAction\",\"target\":[\"https:\/\/atelier-diospyros.fr\/index.php\/produit\/pins-chat-lovely-cat-my-lovely-thing\/\"]}]},{\"@type\":\"ImageObject\",\"inLanguage\":\"fr-FR\",\"@id\":\"https:\/\/atelier-diospyros.fr\/index.php\/produit\/pins-chat-lovely-cat-my-lovely-thing\/#primaryimage\",\"url\":\"https:\/\/atelier-diospyros.fr\/wp-content\/uploads\/2024\/07\/Screenshot-2024-07-30-at-12-24-29-Un-joli-pins-en-forme-de-chat-en-laiton.png\",\"contentUrl\":\"https:\/\/atelier-diospyros.fr\/wp-content\/uploads\/2024\/07\/Screenshot-2024-07-30-at-12-24-29-Un-joli-pins-en-forme-de-chat-en-laiton.png\",\"width\":693,\"height\":693,\"caption\":\"Pin's chat My lovely thing\"},{\"@type\":\"BreadcrumbList\",\"@id\":\"https:\/\/atelier-diospyros.fr\/index.php\/produit\/pins-chat-lovely-cat-my-lovely-thing\/#breadcrumb\",\"itemListElement\":[{\"@type\":\"ListItem\",\"position\":1,\"name\":\"Accueil\",\"item\":\"https:\/\/atelier-diospyros.fr\/\"},{\"@type\":\"ListItem\",\"position\":2,\"name\":\"Boutique\",\"item\":\"https:\/\/atelier-diospyros.fr\/index.php\/boutique\/\"},{\"@type\":\"ListItem\",\"position\":3,\"name\":\"Pin&rsquo;s chat \u00ab\u00a0Lovely Cat\u00a0\u00bb &#8211; My Lovely Thing\"}]},{\"@type\":\"WebSite\",\"@id\":\"https:\/\/atelier-diospyros.fr\/#website\",\"url\":\"https:\/\/atelier-diospyros.fr\/\",\"name\":\"Atelier Diospyros &amp; Cl\u00e9mence Quitterel\",\"description\":\"Objets en bois precieux et Cyanotypes : bijoux, d\u00e9coration d&#039;interieur, noeud papillon en bois, planches a decouper\",\"potentialAction\":[{\"@type\":\"SearchAction\",\"target\":{\"@type\":\"EntryPoint\",\"urlTemplate\":\"https:\/\/atelier-diospyros.fr\/?s={search_term_string}\"},\"query-input\":{\"@type\":\"PropertyValueSpecification\",\"valueRequired\":true,\"valueName\":\"search_term_string\"}}],\"inLanguage\":\"fr-FR\"}]}<\/script>\n<!-- \/ Yoast SEO plugin. -->","yoast_head_json":{"title":"Pin's chat \"Lovely Cat\" - My Lovely Thing -","description":"Ce pin's dor\u00e9 chat \"Lovely Cat\" est une cr\u00e9ation de la marque My Lovely Thing, implant\u00e9e \u00e0 La Rochelle. Une cr\u00e9ation fran\u00e7aise \u00e0 petit prix !","robots":{"index":"index","follow":"follow","max-snippet":"max-snippet:-1","max-image-preview":"max-image-preview:large","max-video-preview":"max-video-preview:-1"},"canonical":"https:\/\/atelier-diospyros.fr\/index.php\/produit\/pins-chat-lovely-cat-my-lovely-thing\/","og_locale":"fr_FR","og_type":"article","og_title":"Pin's chat \"Lovely Cat\" - My Lovely Thing -","og_description":"Ce pin's dor\u00e9 chat \"Lovely Cat\" est une cr\u00e9ation de la marque My Lovely Thing, implant\u00e9e \u00e0 La Rochelle. Une cr\u00e9ation fran\u00e7aise \u00e0 petit prix !","og_url":"https:\/\/atelier-diospyros.fr\/index.php\/produit\/pins-chat-lovely-cat-my-lovely-thing\/","og_site_name":"Atelier Diospyros &amp; Cl\u00e9mence Quitterel","article_modified_time":"2024-12-11T08:58:06+00:00","og_image":[{"width":693,"height":693,"url":"https:\/\/atelier-diospyros.fr\/wp-content\/uploads\/2024\/07\/Screenshot-2024-07-30-at-12-24-29-Un-joli-pins-en-forme-de-chat-en-laiton.png","type":"image\/png"}],"twitter_card":"summary_large_image","twitter_misc":{"Dur\u00e9e de lecture estim\u00e9e":"2 minutes"},"schema":{"@context":"https:\/\/schema.org","@graph":[{"@type":"WebPage","@id":"https:\/\/atelier-diospyros.fr\/index.php\/produit\/pins-chat-lovely-cat-my-lovely-thing\/","url":"https:\/\/atelier-diospyros.fr\/index.php\/produit\/pins-chat-lovely-cat-my-lovely-thing\/","name":"Pin's chat \"Lovely Cat\" - My Lovely Thing -","isPartOf":{"@id":"https:\/\/atelier-diospyros.fr\/#website"},"primaryImageOfPage":{"@id":"https:\/\/atelier-diospyros.fr\/index.php\/produit\/pins-chat-lovely-cat-my-lovely-thing\/#primaryimage"},"image":{"@id":"https:\/\/atelier-diospyros.fr\/index.php\/produit\/pins-chat-lovely-cat-my-lovely-thing\/#primaryimage"},"thumbnailUrl":"https:\/\/atelier-diospyros.fr\/wp-content\/uploads\/2024\/07\/Screenshot-2024-07-30-at-12-24-29-Un-joli-pins-en-forme-de-chat-en-laiton.png","datePublished":"2024-08-17T09:19:50+00:00","dateModified":"2024-12-11T08:58:06+00:00","description":"Ce pin's dor\u00e9 chat \"Lovely Cat\" est une cr\u00e9ation de la marque My Lovely Thing, implant\u00e9e \u00e0 La Rochelle. Une cr\u00e9ation fran\u00e7aise \u00e0 petit prix !","breadcrumb":{"@id":"https:\/\/atelier-diospyros.fr\/index.php\/produit\/pins-chat-lovely-cat-my-lovely-thing\/#breadcrumb"},"inLanguage":"fr-FR","potentialAction":[{"@type":"ReadAction","target":["https:\/\/atelier-diospyros.fr\/index.php\/produit\/pins-chat-lovely-cat-my-lovely-thing\/"]}]},{"@type":"ImageObject","inLanguage":"fr-FR","@id":"https:\/\/atelier-diospyros.fr\/index.php\/produit\/pins-chat-lovely-cat-my-lovely-thing\/#primaryimage","url":"https:\/\/atelier-diospyros.fr\/wp-content\/uploads\/2024\/07\/Screenshot-2024-07-30-at-12-24-29-Un-joli-pins-en-forme-de-chat-en-laiton.png","contentUrl":"https:\/\/atelier-diospyros.fr\/wp-content\/uploads\/2024\/07\/Screenshot-2024-07-30-at-12-24-29-Un-joli-pins-en-forme-de-chat-en-laiton.png","width":693,"height":693,"caption":"Pin's chat My lovely thing"},{"@type":"BreadcrumbList","@id":"https:\/\/atelier-diospyros.fr\/index.php\/produit\/pins-chat-lovely-cat-my-lovely-thing\/#breadcrumb","itemListElement":[{"@type":"ListItem","position":1,"name":"Accueil","item":"https:\/\/atelier-diospyros.fr\/"},{"@type":"ListItem","position":2,"name":"Boutique","item":"https:\/\/atelier-diospyros.fr\/index.php\/boutique\/"},{"@type":"ListItem","position":3,"name":"Pin&rsquo;s chat \u00ab\u00a0Lovely Cat\u00a0\u00bb &#8211; My Lovely Thing"}]},{"@type":"WebSite","@id":"https:\/\/atelier-diospyros.fr\/#website","url":"https:\/\/atelier-diospyros.fr\/","name":"Atelier Diospyros &amp; Cl\u00e9mence Quitterel","description":"Objets en bois precieux et Cyanotypes : bijoux, d\u00e9coration d&#039;interieur, noeud papillon en bois, planches a decouper","potentialAction":[{"@type":"SearchAction","target":{"@type":"EntryPoint","urlTemplate":"https:\/\/atelier-diospyros.fr\/?s={search_term_string}"},"query-input":{"@type":"PropertyValueSpecification","valueRequired":true,"valueName":"search_term_string"}}],"inLanguage":"fr-FR"}]}},"jetpack_sharing_enabled":true,"_links":{"self":[{"href":"https:\/\/atelier-diospyros.fr\/index.php\/wp-json\/wp\/v2\/product\/10458"}],"collection":[{"href":"https:\/\/atelier-diospyros.fr\/index.php\/wp-json\/wp\/v2\/product"}],"about":[{"href":"https:\/\/atelier-diospyros.fr\/index.php\/wp-json\/wp\/v2\/types\/product"}],"wp:featuredmedia":[{"embeddable":true,"href":"https:\/\/atelier-diospyros.fr\/index.php\/wp-json\/wp\/v2\/media\/10469"}],"wp:attachment":[{"href":"https:\/\/atelier-diospyros.fr\/index.php\/wp-json\/wp\/v2\/media?parent=10458"}],"wp:term":[{"taxonomy":"product_cat","embeddable":true,"href":"https:\/\/atelier-diospyros.fr\/index.php\/wp-json\/wp\/v2\/product_cat?post=10458"},{"taxonomy":"product_tag","embeddable":true,"href":"https:\/\/atelier-diospyros.fr\/index.php\/wp-json\/wp\/v2\/product_tag?post=10458"}],"curies":[{"name":"wp","href":"https:\/\/api.w.org\/{rel}","templated":true}]}}