{"id":10389,"date":"2024-12-05T17:02:29","date_gmt":"2024-12-05T16:02:29","guid":{"rendered":"https:\/\/atelier-diospyros.fr\/?post_type=product&#038;p=10389"},"modified":"2025-07-31T10:45:42","modified_gmt":"2025-07-31T08:45:42","slug":"petit-bateau-jouet-le-bachi-maison-tirot","status":"publish","type":"product","link":"https:\/\/atelier-diospyros.fr\/index.php\/produit\/petit-bateau-jouet-le-bachi-maison-tirot\/","title":{"rendered":"Petit bateau jouet \u00ab\u00a0le Bachi\u00a0\u00bb &#8211; Maison Tirot"},"content":{"rendered":"<p>Le Bachi est un petit bateau en bois navigable, par l&rsquo;entreprise <a href=\"https:\/\/www.instagram.com\/maison_tirot\/?hl=fr\">Maison Tirot<\/a> \u00e0 Romagn\u00e9 pr\u00e8s de Foug\u00e8res depuis 1946 !<\/p>\n<p>Dans l\u2019argot maritime fran\u00e7ais le bachi est le couvre-chef des matelots et quartiers-ma\u00eetres de la Marine. Fabriqu\u00e9 en drap de laine bleu, il est surmont\u00e9 d\u2019un pompon rouge dans la marine fran\u00e7aise.<\/p>\n<p>Le mod\u00e8le 200 \u2013 dit le Bachi \u2013 est un bateau thonier de 17cm. Il est fabriqu\u00e9 en bois de h\u00eatre et issu des for\u00eats bretonnes. Il est \u00e9quip\u00e9 d\u2019une voile en coton de type bermud\u00e9en.<\/p>\n<p>Ce bateau a \u00e9t\u00e9 fabriqu\u00e9 \u00e0 la main dans un atelier breton selon le m\u00eame savoir-faire, les m\u00eames gestes, transmis de g\u00e9n\u00e9ration en g\u00e9n\u00e9ration depuis 1946.<\/p>\n<p>Robuste, il vous suivra toute votre vie si vous lui apportez le petit peu de soin qu\u2019il n\u00e9cessite.<\/p>\n<p>En effet le bois est une mati\u00e8re vivante qui r\u00e9agit \u00e0 l\u2019eau. Malgr\u00e9 tout le soin apport\u00e9 \u00e0 la fabrication des bateaux, au contact prolong\u00e9 de l\u2019eau il est possible que ce dernier se d\u00e9t\u00e9riore. Il est important de laisser votre bateau s\u00e9cher \u00e0 l\u2019ombre et \u00e0 l\u2019abri de trop fortes chaleurs apr\u00e8s chaque usage.<br \/>\nBon vent matelot !<\/p>\n<p>Une belle id\u00e9e pour vos cadeaux de naissance ou tout autre f\u00eate !<\/p>\n<h3>La marque Bretonne Maison Tirot<\/h3>\n<div class=\"elementor-element elementor-element-a133871 elementor-widget elementor-widget-text-editor\" data-id=\"a133871\" data-element_type=\"widget\" data-widget_type=\"text-editor.default\">\n<div class=\"elementor-widget-container\">\n<p>Fond\u00e9e en 1946 par Francis Tirot, l&rsquo;entreprise est instal\u00e9e \u00e0 Romagn\u00e9, en Bretagne depuis 75 ans.<\/p>\n<p>L&rsquo;arriv\u00e9e des tous premiers cong\u00e9s pay\u00e9s lui a donn\u00e9 l\u2019envie de cr\u00e9er un jouet en bois pour enfant. De cette id\u00e9e est n\u00e9e une fabrication unique, \u00e0 savoir un <strong>bateau jouet<\/strong>\u00a0<strong>bois navigable<\/strong>.<\/p>\n<\/div>\n<\/div>\n<div class=\"elementor-element elementor-element-0d94dca elementor-widget elementor-widget-text-editor\" data-id=\"0d94dca\" data-element_type=\"widget\" data-widget_type=\"text-editor.default\">\n<div class=\"elementor-widget-container\">\n<p>V\u00e9ritables jouets pour enfants, les bateaux sont aux normes fran\u00e7aises et europ\u00e9ennes de s\u00e9curit\u00e9. Tous les bateaux sont fabriqu\u00e9s et peints \u00e0 la main.<\/p>\n<p>Depuis 2021, Augustin Hubert, accompagn\u00e9 et form\u00e9 par Nicolas Tirot se retrouve \u00e0 la t\u00eate de l\u2019entreprise bretonne. Il est le seul fabricant fran\u00e7ais de bateaux jouets en bois.<\/p>\n<p>Plus de 15 000 bateaux sortent chaque ann\u00e9e de leur atelier pour \u00eatre vendus partout en France et \u00e0 l\u2019\u00e9tranger dans plus de 250 magasins de jeux et jouets en bois, boutiques de plages, mus\u00e9es).<\/p>\n<p>L\u2019entreprise Tirot est lab\u00e9lis\u00e9e en 2012 \u2018EPV\u2019 Entreprise du Patrimoine Vivant Fran\u00e7ais. C\u2019est une marque de reconnaissance de L\u2019Etat, mise en place pour distinguer des entreprises fran\u00e7aises aux savoir-faire artisanaux et industriels d\u2019excellence.<\/p>\n<p>Les bateaux jouets TIROT ont \u00e9galement obtenu en 2012 le Prix \u00e0 la Cr\u00e9ation en Bretagne<\/p>\n<\/div>\n<\/div>\n","protected":false},"excerpt":{"rendered":"<p>Le bateau jouet \u201cBachi\u201d de Maison Tirot est le compagnon id\u00e9al lors des bains de vos enfants !<\/p>\n<p>Fabriqu\u00e9 en bois massif, issu des for\u00eats bretonnes, ce jouet r\u00e9sistera aux ann\u00e9es et \u00e0 l\u2019enthousiasme des plus petits \ud83d\ude42<\/p>\n<p>Sa forme est inspir\u00e9e des thoniers, bateaux de p\u00eache d\u2019autrefois avec lesquels nos anciens p\u00eachaient\u2026. les gros poissons !<\/p>\n<hr \/>\n<p>\ud83c\uddeb\ud83c\uddf7\u00a0 \u00a0 Artisanat Breton<br \/>\n\ud83c\udf33\u00a0 \u00a0 Bois massif (H\u00eatre)<br \/>\n\ud83c\udf0d\u00a0 \u00a0 Approvisionnement local<br \/>\n\ud83d\udca6\u00a0 \u00a0 Con\u00e7u pour \u00eatre utilis\u00e9 dans l\u2019eau<\/p>\n","protected":false},"featured_media":10399,"template":"","meta":[],"product_cat":[385],"product_tag":[195,390,394,392,275,101,280,106,62,391,196,393,395],"class_list":{"0":"post-10389","1":"product","2":"type-product","3":"status-publish","4":"has-post-thumbnail","6":"product_cat-les-artisans-voyageurs","7":"product_tag-artisanal","8":"product_tag-bateau","9":"product_tag-bateau-tirot","10":"product_tag-cadeau-naissance","11":"product_tag-decoration","12":"product_tag-enfant","13":"product_tag-fabrique-en-bretagne","14":"product_tag-idee-cadeau-enfant","15":"product_tag-idee-cadeau-homme","16":"product_tag-jouet-en-bois","17":"product_tag-made-in-france","18":"product_tag-maison-tirot","19":"product_tag-voilier","21":"first","22":"instock","23":"shipping-taxable","24":"purchasable","25":"product-type-variable"},"yoast_head":"<!-- This site is optimized with the Yoast SEO plugin v24.2 - https:\/\/yoast.com\/wordpress\/plugins\/seo\/ -->\n<title>Petit bateau jouet &quot;le Bachi&quot; - Maison Tirot<\/title>\n<meta name=\"description\" content=\"Fabriqu\u00e9 en Bretagne pr\u00e8s de Foug\u00e8res, le bateau jouet en bois \u201cBachi\u201d est le compagnon id\u00e9al lors des bains de vos enfants !\" \/>\n<meta name=\"robots\" content=\"index, follow, max-snippet:-1, max-image-preview:large, max-video-preview:-1\" \/>\n<link rel=\"canonical\" href=\"https:\/\/atelier-diospyros.fr\/index.php\/produit\/petit-bateau-jouet-le-bachi-maison-tirot\/\" \/>\n<meta property=\"og:locale\" content=\"fr_FR\" \/>\n<meta property=\"og:type\" content=\"article\" \/>\n<meta property=\"og:title\" content=\"Petit bateau jouet &quot;le Bachi&quot; - Maison Tirot\" \/>\n<meta property=\"og:description\" content=\"Fabriqu\u00e9 en Bretagne pr\u00e8s de Foug\u00e8res, le bateau jouet en bois \u201cBachi\u201d est le compagnon id\u00e9al lors des bains de vos enfants !\" \/>\n<meta property=\"og:url\" content=\"https:\/\/atelier-diospyros.fr\/index.php\/produit\/petit-bateau-jouet-le-bachi-maison-tirot\/\" \/>\n<meta property=\"og:site_name\" content=\"Atelier Diospyros &amp; Cl\u00e9mence Quitterel\" \/>\n<meta property=\"article:modified_time\" content=\"2025-07-31T08:45:42+00:00\" \/>\n<meta property=\"og:image\" content=\"https:\/\/atelier-diospyros.fr\/wp-content\/uploads\/2024\/07\/Bachi-3-scaled-2.jpg\" \/>\n\t<meta property=\"og:image:width\" content=\"2560\" \/>\n\t<meta property=\"og:image:height\" content=\"1633\" \/>\n\t<meta property=\"og:image:type\" content=\"image\/jpeg\" \/>\n<meta name=\"twitter:card\" content=\"summary_large_image\" \/>\n<meta name=\"twitter:label1\" content=\"Dur\u00e9e de lecture estim\u00e9e\" \/>\n\t<meta name=\"twitter:data1\" content=\"3 minutes\" \/>\n<script type=\"application\/ld+json\" class=\"yoast-schema-graph\">{\"@context\":\"https:\/\/schema.org\",\"@graph\":[{\"@type\":\"WebPage\",\"@id\":\"https:\/\/atelier-diospyros.fr\/index.php\/produit\/petit-bateau-jouet-le-bachi-maison-tirot\/\",\"url\":\"https:\/\/atelier-diospyros.fr\/index.php\/produit\/petit-bateau-jouet-le-bachi-maison-tirot\/\",\"name\":\"Petit bateau jouet \\\"le Bachi\\\" - Maison Tirot\",\"isPartOf\":{\"@id\":\"https:\/\/atelier-diospyros.fr\/#website\"},\"primaryImageOfPage\":{\"@id\":\"https:\/\/atelier-diospyros.fr\/index.php\/produit\/petit-bateau-jouet-le-bachi-maison-tirot\/#primaryimage\"},\"image\":{\"@id\":\"https:\/\/atelier-diospyros.fr\/index.php\/produit\/petit-bateau-jouet-le-bachi-maison-tirot\/#primaryimage\"},\"thumbnailUrl\":\"https:\/\/atelier-diospyros.fr\/wp-content\/uploads\/2024\/07\/Bachi-3-scaled-2.jpg\",\"datePublished\":\"2024-12-05T16:02:29+00:00\",\"dateModified\":\"2025-07-31T08:45:42+00:00\",\"description\":\"Fabriqu\u00e9 en Bretagne pr\u00e8s de Foug\u00e8res, le bateau jouet en bois \u201cBachi\u201d est le compagnon id\u00e9al lors des bains de vos enfants !\",\"breadcrumb\":{\"@id\":\"https:\/\/atelier-diospyros.fr\/index.php\/produit\/petit-bateau-jouet-le-bachi-maison-tirot\/#breadcrumb\"},\"inLanguage\":\"fr-FR\",\"potentialAction\":[{\"@type\":\"ReadAction\",\"target\":[\"https:\/\/atelier-diospyros.fr\/index.php\/produit\/petit-bateau-jouet-le-bachi-maison-tirot\/\"]}]},{\"@type\":\"ImageObject\",\"inLanguage\":\"fr-FR\",\"@id\":\"https:\/\/atelier-diospyros.fr\/index.php\/produit\/petit-bateau-jouet-le-bachi-maison-tirot\/#primaryimage\",\"url\":\"https:\/\/atelier-diospyros.fr\/wp-content\/uploads\/2024\/07\/Bachi-3-scaled-2.jpg\",\"contentUrl\":\"https:\/\/atelier-diospyros.fr\/wp-content\/uploads\/2024\/07\/Bachi-3-scaled-2.jpg\",\"width\":2560,\"height\":1633,\"caption\":\"Bateaux bachi vert d'eau Maison tirot voilier jouet navigable\"},{\"@type\":\"BreadcrumbList\",\"@id\":\"https:\/\/atelier-diospyros.fr\/index.php\/produit\/petit-bateau-jouet-le-bachi-maison-tirot\/#breadcrumb\",\"itemListElement\":[{\"@type\":\"ListItem\",\"position\":1,\"name\":\"Accueil\",\"item\":\"https:\/\/atelier-diospyros.fr\/\"},{\"@type\":\"ListItem\",\"position\":2,\"name\":\"Boutique\",\"item\":\"https:\/\/atelier-diospyros.fr\/index.php\/boutique\/\"},{\"@type\":\"ListItem\",\"position\":3,\"name\":\"Petit bateau jouet \u00ab\u00a0le Bachi\u00a0\u00bb &#8211; Maison Tirot\"}]},{\"@type\":\"WebSite\",\"@id\":\"https:\/\/atelier-diospyros.fr\/#website\",\"url\":\"https:\/\/atelier-diospyros.fr\/\",\"name\":\"Atelier Diospyros &amp; Cl\u00e9mence Quitterel\",\"description\":\"Objets en bois precieux et Cyanotypes : bijoux, d\u00e9coration d&#039;interieur, noeud papillon en bois, planches a decouper\",\"potentialAction\":[{\"@type\":\"SearchAction\",\"target\":{\"@type\":\"EntryPoint\",\"urlTemplate\":\"https:\/\/atelier-diospyros.fr\/?s={search_term_string}\"},\"query-input\":{\"@type\":\"PropertyValueSpecification\",\"valueRequired\":true,\"valueName\":\"search_term_string\"}}],\"inLanguage\":\"fr-FR\"}]}<\/script>\n<!-- \/ Yoast SEO plugin. -->","yoast_head_json":{"title":"Petit bateau jouet \"le Bachi\" - Maison Tirot","description":"Fabriqu\u00e9 en Bretagne pr\u00e8s de Foug\u00e8res, le bateau jouet en bois \u201cBachi\u201d est le compagnon id\u00e9al lors des bains de vos enfants !","robots":{"index":"index","follow":"follow","max-snippet":"max-snippet:-1","max-image-preview":"max-image-preview:large","max-video-preview":"max-video-preview:-1"},"canonical":"https:\/\/atelier-diospyros.fr\/index.php\/produit\/petit-bateau-jouet-le-bachi-maison-tirot\/","og_locale":"fr_FR","og_type":"article","og_title":"Petit bateau jouet \"le Bachi\" - Maison Tirot","og_description":"Fabriqu\u00e9 en Bretagne pr\u00e8s de Foug\u00e8res, le bateau jouet en bois \u201cBachi\u201d est le compagnon id\u00e9al lors des bains de vos enfants !","og_url":"https:\/\/atelier-diospyros.fr\/index.php\/produit\/petit-bateau-jouet-le-bachi-maison-tirot\/","og_site_name":"Atelier Diospyros &amp; Cl\u00e9mence Quitterel","article_modified_time":"2025-07-31T08:45:42+00:00","og_image":[{"width":2560,"height":1633,"url":"https:\/\/atelier-diospyros.fr\/wp-content\/uploads\/2024\/07\/Bachi-3-scaled-2.jpg","type":"image\/jpeg"}],"twitter_card":"summary_large_image","twitter_misc":{"Dur\u00e9e de lecture estim\u00e9e":"3 minutes"},"schema":{"@context":"https:\/\/schema.org","@graph":[{"@type":"WebPage","@id":"https:\/\/atelier-diospyros.fr\/index.php\/produit\/petit-bateau-jouet-le-bachi-maison-tirot\/","url":"https:\/\/atelier-diospyros.fr\/index.php\/produit\/petit-bateau-jouet-le-bachi-maison-tirot\/","name":"Petit bateau jouet \"le Bachi\" - Maison Tirot","isPartOf":{"@id":"https:\/\/atelier-diospyros.fr\/#website"},"primaryImageOfPage":{"@id":"https:\/\/atelier-diospyros.fr\/index.php\/produit\/petit-bateau-jouet-le-bachi-maison-tirot\/#primaryimage"},"image":{"@id":"https:\/\/atelier-diospyros.fr\/index.php\/produit\/petit-bateau-jouet-le-bachi-maison-tirot\/#primaryimage"},"thumbnailUrl":"https:\/\/atelier-diospyros.fr\/wp-content\/uploads\/2024\/07\/Bachi-3-scaled-2.jpg","datePublished":"2024-12-05T16:02:29+00:00","dateModified":"2025-07-31T08:45:42+00:00","description":"Fabriqu\u00e9 en Bretagne pr\u00e8s de Foug\u00e8res, le bateau jouet en bois \u201cBachi\u201d est le compagnon id\u00e9al lors des bains de vos enfants !","breadcrumb":{"@id":"https:\/\/atelier-diospyros.fr\/index.php\/produit\/petit-bateau-jouet-le-bachi-maison-tirot\/#breadcrumb"},"inLanguage":"fr-FR","potentialAction":[{"@type":"ReadAction","target":["https:\/\/atelier-diospyros.fr\/index.php\/produit\/petit-bateau-jouet-le-bachi-maison-tirot\/"]}]},{"@type":"ImageObject","inLanguage":"fr-FR","@id":"https:\/\/atelier-diospyros.fr\/index.php\/produit\/petit-bateau-jouet-le-bachi-maison-tirot\/#primaryimage","url":"https:\/\/atelier-diospyros.fr\/wp-content\/uploads\/2024\/07\/Bachi-3-scaled-2.jpg","contentUrl":"https:\/\/atelier-diospyros.fr\/wp-content\/uploads\/2024\/07\/Bachi-3-scaled-2.jpg","width":2560,"height":1633,"caption":"Bateaux bachi vert d'eau Maison tirot voilier jouet navigable"},{"@type":"BreadcrumbList","@id":"https:\/\/atelier-diospyros.fr\/index.php\/produit\/petit-bateau-jouet-le-bachi-maison-tirot\/#breadcrumb","itemListElement":[{"@type":"ListItem","position":1,"name":"Accueil","item":"https:\/\/atelier-diospyros.fr\/"},{"@type":"ListItem","position":2,"name":"Boutique","item":"https:\/\/atelier-diospyros.fr\/index.php\/boutique\/"},{"@type":"ListItem","position":3,"name":"Petit bateau jouet \u00ab\u00a0le Bachi\u00a0\u00bb &#8211; Maison Tirot"}]},{"@type":"WebSite","@id":"https:\/\/atelier-diospyros.fr\/#website","url":"https:\/\/atelier-diospyros.fr\/","name":"Atelier Diospyros &amp; Cl\u00e9mence Quitterel","description":"Objets en bois precieux et Cyanotypes : bijoux, d\u00e9coration d&#039;interieur, noeud papillon en bois, planches a decouper","potentialAction":[{"@type":"SearchAction","target":{"@type":"EntryPoint","urlTemplate":"https:\/\/atelier-diospyros.fr\/?s={search_term_string}"},"query-input":{"@type":"PropertyValueSpecification","valueRequired":true,"valueName":"search_term_string"}}],"inLanguage":"fr-FR"}]}},"jetpack_sharing_enabled":true,"_links":{"self":[{"href":"https:\/\/atelier-diospyros.fr\/index.php\/wp-json\/wp\/v2\/product\/10389"}],"collection":[{"href":"https:\/\/atelier-diospyros.fr\/index.php\/wp-json\/wp\/v2\/product"}],"about":[{"href":"https:\/\/atelier-diospyros.fr\/index.php\/wp-json\/wp\/v2\/types\/product"}],"wp:featuredmedia":[{"embeddable":true,"href":"https:\/\/atelier-diospyros.fr\/index.php\/wp-json\/wp\/v2\/media\/10399"}],"wp:attachment":[{"href":"https:\/\/atelier-diospyros.fr\/index.php\/wp-json\/wp\/v2\/media?parent=10389"}],"wp:term":[{"taxonomy":"product_cat","embeddable":true,"href":"https:\/\/atelier-diospyros.fr\/index.php\/wp-json\/wp\/v2\/product_cat?post=10389"},{"taxonomy":"product_tag","embeddable":true,"href":"https:\/\/atelier-diospyros.fr\/index.php\/wp-json\/wp\/v2\/product_tag?post=10389"}],"curies":[{"name":"wp","href":"https:\/\/api.w.org\/{rel}","templated":true}]}}