{"id":10366,"date":"2024-06-15T18:33:23","date_gmt":"2024-06-15T16:33:23","guid":{"rendered":"https:\/\/atelier-diospyros.fr\/?post_type=product&#038;p=10366"},"modified":"2024-12-11T09:49:28","modified_gmt":"2024-12-11T08:49:28","slug":"carte-bonjour-papillonnage","status":"publish","type":"product","link":"https:\/\/atelier-diospyros.fr\/index.php\/produit\/carte-bonjour-papillonnage\/","title":{"rendered":"Carte \u00ab\u00a0bonjour\u00a0\u00bb &#8211; Papillonnage"},"content":{"rendered":"<p>Carte double \u00ab\u00a0bonjour\u00a0\u00bb<br \/>\n10,5&#215;15 cm (repli\u00e9e)<br \/>\nPapier 240 g<br \/>\nEnveloppe en papier recycl\u00e9 couleur\u00a0kraft<br \/>\nImprim\u00e9e en France<\/p>\n<p>Une cr\u00e9ation de l&rsquo;artiste <a href=\"https:\/\/papillonnage.com\/pages\/a-propos\">Papillonnage<\/a><\/p>\n<p>Sybille, la cr\u00e9atrice de la marque Papillonnage cr\u00e9e de la papeterie sensible, d\u00e9licate et po\u00e9tique. Son travail fait partie de notre s\u00e9lection dans notre atelier-boutique <a href=\"https:\/\/atelier-diospyros.fr\/index.php\/les-artisans-voyageurs\/\">Les artisans Voyageurs.<\/a><\/p>\n<p>&nbsp;<\/p>\n<h3>La marque fran\u00e7aise Papillonnage<\/h3>\n<div class=\"image-with-text__text-item grid__item\">\n<div id=\"ImageWithText--template--22147453452629__image_with_text_YRBHYB\" class=\"image-with-text__content image-with-text__content--middle image-with-text__content--desktop-left image-with-text__content--mobile-center image-with-text__content--adapt content-container background-transparent\">\n<div class=\"image-with-text__text rte body\">\n<p>\u00ab\u00a0L\u2019aventure Papillonnage a commenc\u00e9 en 2009 avec l\u2019ouverture d&rsquo;un blog et l\u2019envie d\u2019\u00e9crire le plus simplement possible sur la multitude de sensations qui me traversent, sur les petits riens qui font ce que nous sommes. J\u2019ai spontan\u00e9ment accompagn\u00e9 mes textes, souvent courts, de dessins \u00e0 l\u2019encre, \u00e9pur\u00e9s et na\u00effs. Cet univers tr\u00e8s personnel a rapidement touch\u00e9 mes lecteurs qui m\u2019ont encourag\u00e9e \u00e0 proposer ce travail en cartes, calendriers, carnets ou d\u00e9pliants. C\u2019est ainsi qu\u2019est n\u00e9e, un peu plus tard, la marque de papeterie sensible Papillonnage.<br \/>\nJ\u2019\u00e9cris et je dessine toutes mes cr\u00e9ations \u00e0 la main, en y m\u00ealant mes doutes, mes failles, ma l\u00e9g\u00e8ret\u00e9 et ma fantaisie.\u00a0\u00bb Sybille<\/p>\n<p>&nbsp;<\/p>\n<h5 data-aos=\"fade-up\" data-aos-offset=\"0\">La marque <a href=\"https:\/\/atelier-diospyros.fr\/index.php\/etiquette-produit\/papillonnage\/\">Papillonnage f<\/a>ait partie de notre s\u00e9lection \u00ab\u00a0Les Artisans Voyageurs\u00a0\u00bb <a href=\"https:\/\/atelier-diospyros.fr\/index.php\/categorie-produit\/les-artisans-voyageurs\/\">Retrouvez ici tous nos coups de C\u0153ur Made in France !<\/a><\/h5>\n<\/div>\n<\/div>\n<\/div>\n","protected":false},"excerpt":{"rendered":"<p>Carte double 10,5&#215;15 cm (repli\u00e9e) imprim\u00e9e en France<\/p>\n","protected":false},"featured_media":10369,"template":"","meta":[],"product_cat":[385,386],"product_tag":[387,504,389,388],"class_list":{"0":"post-10366","1":"product","2":"type-product","3":"status-publish","4":"has-post-thumbnail","6":"product_cat-les-artisans-voyageurs","7":"product_cat-cartes-postales","8":"product_tag-carte-postale","9":"product_tag-idee-cadeau-a-moins-de-5-e","10":"product_tag-papeterie","11":"product_tag-papillonnage","13":"first","14":"instock","15":"shipping-taxable","16":"purchasable","17":"product-type-simple"},"yoast_head":"<!-- This site is optimized with the Yoast SEO plugin v24.2 - https:\/\/yoast.com\/wordpress\/plugins\/seo\/ -->\n<title>Carte &quot;bonjour&quot; - Papillonnage - Atelier Diospyros &amp; Cl\u00e9mence Quitterel<\/title>\n<meta name=\"description\" content=\"Carte postale &quot;bonjour&quot; avec enveloppe : D\u00e9couvrez la papeterie sensible de papillonnage !\" \/>\n<meta name=\"robots\" content=\"index, follow, max-snippet:-1, max-image-preview:large, max-video-preview:-1\" \/>\n<link rel=\"canonical\" href=\"https:\/\/atelier-diospyros.fr\/index.php\/produit\/carte-bonjour-papillonnage\/\" \/>\n<meta property=\"og:locale\" content=\"fr_FR\" \/>\n<meta property=\"og:type\" content=\"article\" \/>\n<meta property=\"og:title\" content=\"Carte &quot;bonjour&quot; - Papillonnage - Atelier Diospyros &amp; Cl\u00e9mence Quitterel\" \/>\n<meta property=\"og:description\" content=\"Carte postale &quot;bonjour&quot; avec enveloppe : D\u00e9couvrez la papeterie sensible de papillonnage !\" \/>\n<meta property=\"og:url\" content=\"https:\/\/atelier-diospyros.fr\/index.php\/produit\/carte-bonjour-papillonnage\/\" \/>\n<meta property=\"og:site_name\" content=\"Atelier Diospyros &amp; Cl\u00e9mence Quitterel\" \/>\n<meta property=\"article:modified_time\" content=\"2024-12-11T08:49:28+00:00\" \/>\n<meta property=\"og:image\" content=\"https:\/\/atelier-diospyros.fr\/wp-content\/uploads\/2024\/06\/Screenshot-2024-06-15-at-18-24-56-Bonjour.png\" \/>\n\t<meta property=\"og:image:width\" content=\"960\" \/>\n\t<meta property=\"og:image:height\" content=\"716\" \/>\n\t<meta property=\"og:image:type\" content=\"image\/png\" \/>\n<meta name=\"twitter:card\" content=\"summary_large_image\" \/>\n<meta name=\"twitter:label1\" content=\"Dur\u00e9e de lecture estim\u00e9e\" \/>\n\t<meta name=\"twitter:data1\" content=\"2 minutes\" \/>\n<script type=\"application\/ld+json\" class=\"yoast-schema-graph\">{\"@context\":\"https:\/\/schema.org\",\"@graph\":[{\"@type\":\"WebPage\",\"@id\":\"https:\/\/atelier-diospyros.fr\/index.php\/produit\/carte-bonjour-papillonnage\/\",\"url\":\"https:\/\/atelier-diospyros.fr\/index.php\/produit\/carte-bonjour-papillonnage\/\",\"name\":\"Carte \\\"bonjour\\\" - Papillonnage - Atelier Diospyros &amp; Cl\u00e9mence Quitterel\",\"isPartOf\":{\"@id\":\"https:\/\/atelier-diospyros.fr\/#website\"},\"primaryImageOfPage\":{\"@id\":\"https:\/\/atelier-diospyros.fr\/index.php\/produit\/carte-bonjour-papillonnage\/#primaryimage\"},\"image\":{\"@id\":\"https:\/\/atelier-diospyros.fr\/index.php\/produit\/carte-bonjour-papillonnage\/#primaryimage\"},\"thumbnailUrl\":\"https:\/\/atelier-diospyros.fr\/wp-content\/uploads\/2024\/06\/Screenshot-2024-06-15-at-18-24-56-Bonjour.png\",\"datePublished\":\"2024-06-15T16:33:23+00:00\",\"dateModified\":\"2024-12-11T08:49:28+00:00\",\"description\":\"Carte postale \\\"bonjour\\\" avec enveloppe : D\u00e9couvrez la papeterie sensible de papillonnage !\",\"breadcrumb\":{\"@id\":\"https:\/\/atelier-diospyros.fr\/index.php\/produit\/carte-bonjour-papillonnage\/#breadcrumb\"},\"inLanguage\":\"fr-FR\",\"potentialAction\":[{\"@type\":\"ReadAction\",\"target\":[\"https:\/\/atelier-diospyros.fr\/index.php\/produit\/carte-bonjour-papillonnage\/\"]}]},{\"@type\":\"ImageObject\",\"inLanguage\":\"fr-FR\",\"@id\":\"https:\/\/atelier-diospyros.fr\/index.php\/produit\/carte-bonjour-papillonnage\/#primaryimage\",\"url\":\"https:\/\/atelier-diospyros.fr\/wp-content\/uploads\/2024\/06\/Screenshot-2024-06-15-at-18-24-56-Bonjour.png\",\"contentUrl\":\"https:\/\/atelier-diospyros.fr\/wp-content\/uploads\/2024\/06\/Screenshot-2024-06-15-at-18-24-56-Bonjour.png\",\"width\":960,\"height\":716,\"caption\":\"carte bonjour papillonnage\"},{\"@type\":\"BreadcrumbList\",\"@id\":\"https:\/\/atelier-diospyros.fr\/index.php\/produit\/carte-bonjour-papillonnage\/#breadcrumb\",\"itemListElement\":[{\"@type\":\"ListItem\",\"position\":1,\"name\":\"Accueil\",\"item\":\"https:\/\/atelier-diospyros.fr\/\"},{\"@type\":\"ListItem\",\"position\":2,\"name\":\"Boutique\",\"item\":\"https:\/\/atelier-diospyros.fr\/index.php\/boutique\/\"},{\"@type\":\"ListItem\",\"position\":3,\"name\":\"Carte \u00ab\u00a0bonjour\u00a0\u00bb &#8211; Papillonnage\"}]},{\"@type\":\"WebSite\",\"@id\":\"https:\/\/atelier-diospyros.fr\/#website\",\"url\":\"https:\/\/atelier-diospyros.fr\/\",\"name\":\"Atelier Diospyros &amp; Cl\u00e9mence Quitterel\",\"description\":\"Objets en bois precieux et Cyanotypes : bijoux, d\u00e9coration d&#039;interieur, noeud papillon en bois, planches a decouper\",\"potentialAction\":[{\"@type\":\"SearchAction\",\"target\":{\"@type\":\"EntryPoint\",\"urlTemplate\":\"https:\/\/atelier-diospyros.fr\/?s={search_term_string}\"},\"query-input\":{\"@type\":\"PropertyValueSpecification\",\"valueRequired\":true,\"valueName\":\"search_term_string\"}}],\"inLanguage\":\"fr-FR\"}]}<\/script>\n<!-- \/ Yoast SEO plugin. -->","yoast_head_json":{"title":"Carte \"bonjour\" - Papillonnage - Atelier Diospyros &amp; Cl\u00e9mence Quitterel","description":"Carte postale \"bonjour\" avec enveloppe : D\u00e9couvrez la papeterie sensible de papillonnage !","robots":{"index":"index","follow":"follow","max-snippet":"max-snippet:-1","max-image-preview":"max-image-preview:large","max-video-preview":"max-video-preview:-1"},"canonical":"https:\/\/atelier-diospyros.fr\/index.php\/produit\/carte-bonjour-papillonnage\/","og_locale":"fr_FR","og_type":"article","og_title":"Carte \"bonjour\" - Papillonnage - Atelier Diospyros &amp; Cl\u00e9mence Quitterel","og_description":"Carte postale \"bonjour\" avec enveloppe : D\u00e9couvrez la papeterie sensible de papillonnage !","og_url":"https:\/\/atelier-diospyros.fr\/index.php\/produit\/carte-bonjour-papillonnage\/","og_site_name":"Atelier Diospyros &amp; Cl\u00e9mence Quitterel","article_modified_time":"2024-12-11T08:49:28+00:00","og_image":[{"width":960,"height":716,"url":"https:\/\/atelier-diospyros.fr\/wp-content\/uploads\/2024\/06\/Screenshot-2024-06-15-at-18-24-56-Bonjour.png","type":"image\/png"}],"twitter_card":"summary_large_image","twitter_misc":{"Dur\u00e9e de lecture estim\u00e9e":"2 minutes"},"schema":{"@context":"https:\/\/schema.org","@graph":[{"@type":"WebPage","@id":"https:\/\/atelier-diospyros.fr\/index.php\/produit\/carte-bonjour-papillonnage\/","url":"https:\/\/atelier-diospyros.fr\/index.php\/produit\/carte-bonjour-papillonnage\/","name":"Carte \"bonjour\" - Papillonnage - Atelier Diospyros &amp; Cl\u00e9mence Quitterel","isPartOf":{"@id":"https:\/\/atelier-diospyros.fr\/#website"},"primaryImageOfPage":{"@id":"https:\/\/atelier-diospyros.fr\/index.php\/produit\/carte-bonjour-papillonnage\/#primaryimage"},"image":{"@id":"https:\/\/atelier-diospyros.fr\/index.php\/produit\/carte-bonjour-papillonnage\/#primaryimage"},"thumbnailUrl":"https:\/\/atelier-diospyros.fr\/wp-content\/uploads\/2024\/06\/Screenshot-2024-06-15-at-18-24-56-Bonjour.png","datePublished":"2024-06-15T16:33:23+00:00","dateModified":"2024-12-11T08:49:28+00:00","description":"Carte postale \"bonjour\" avec enveloppe : D\u00e9couvrez la papeterie sensible de papillonnage !","breadcrumb":{"@id":"https:\/\/atelier-diospyros.fr\/index.php\/produit\/carte-bonjour-papillonnage\/#breadcrumb"},"inLanguage":"fr-FR","potentialAction":[{"@type":"ReadAction","target":["https:\/\/atelier-diospyros.fr\/index.php\/produit\/carte-bonjour-papillonnage\/"]}]},{"@type":"ImageObject","inLanguage":"fr-FR","@id":"https:\/\/atelier-diospyros.fr\/index.php\/produit\/carte-bonjour-papillonnage\/#primaryimage","url":"https:\/\/atelier-diospyros.fr\/wp-content\/uploads\/2024\/06\/Screenshot-2024-06-15-at-18-24-56-Bonjour.png","contentUrl":"https:\/\/atelier-diospyros.fr\/wp-content\/uploads\/2024\/06\/Screenshot-2024-06-15-at-18-24-56-Bonjour.png","width":960,"height":716,"caption":"carte bonjour papillonnage"},{"@type":"BreadcrumbList","@id":"https:\/\/atelier-diospyros.fr\/index.php\/produit\/carte-bonjour-papillonnage\/#breadcrumb","itemListElement":[{"@type":"ListItem","position":1,"name":"Accueil","item":"https:\/\/atelier-diospyros.fr\/"},{"@type":"ListItem","position":2,"name":"Boutique","item":"https:\/\/atelier-diospyros.fr\/index.php\/boutique\/"},{"@type":"ListItem","position":3,"name":"Carte \u00ab\u00a0bonjour\u00a0\u00bb &#8211; Papillonnage"}]},{"@type":"WebSite","@id":"https:\/\/atelier-diospyros.fr\/#website","url":"https:\/\/atelier-diospyros.fr\/","name":"Atelier Diospyros &amp; Cl\u00e9mence Quitterel","description":"Objets en bois precieux et Cyanotypes : bijoux, d\u00e9coration d&#039;interieur, noeud papillon en bois, planches a decouper","potentialAction":[{"@type":"SearchAction","target":{"@type":"EntryPoint","urlTemplate":"https:\/\/atelier-diospyros.fr\/?s={search_term_string}"},"query-input":{"@type":"PropertyValueSpecification","valueRequired":true,"valueName":"search_term_string"}}],"inLanguage":"fr-FR"}]}},"jetpack_sharing_enabled":true,"_links":{"self":[{"href":"https:\/\/atelier-diospyros.fr\/index.php\/wp-json\/wp\/v2\/product\/10366"}],"collection":[{"href":"https:\/\/atelier-diospyros.fr\/index.php\/wp-json\/wp\/v2\/product"}],"about":[{"href":"https:\/\/atelier-diospyros.fr\/index.php\/wp-json\/wp\/v2\/types\/product"}],"wp:featuredmedia":[{"embeddable":true,"href":"https:\/\/atelier-diospyros.fr\/index.php\/wp-json\/wp\/v2\/media\/10369"}],"wp:attachment":[{"href":"https:\/\/atelier-diospyros.fr\/index.php\/wp-json\/wp\/v2\/media?parent=10366"}],"wp:term":[{"taxonomy":"product_cat","embeddable":true,"href":"https:\/\/atelier-diospyros.fr\/index.php\/wp-json\/wp\/v2\/product_cat?post=10366"},{"taxonomy":"product_tag","embeddable":true,"href":"https:\/\/atelier-diospyros.fr\/index.php\/wp-json\/wp\/v2\/product_tag?post=10366"}],"curies":[{"name":"wp","href":"https:\/\/api.w.org\/{rel}","templated":true}]}}