{"id":10270,"date":"2023-12-02T18:26:44","date_gmt":"2023-12-02T17:26:44","guid":{"rendered":"https:\/\/atelier-diospyros.fr\/?post_type=product&#038;p=10270"},"modified":"2024-12-11T10:24:02","modified_gmt":"2024-12-11T09:24:02","slug":"boucles-doreilles-lunita-en-oranger","status":"publish","type":"product","link":"https:\/\/atelier-diospyros.fr\/index.php\/produit\/boucles-doreilles-lunita-en-oranger\/","title":{"rendered":"Boucles d&rsquo;oreilles Lunita en Oranger"},"content":{"rendered":"[vc_row][vc_column][vc_column_text]Paire de boucles d&rsquo;oreilles <em>Lunita<\/em> en <a href=\"https:\/\/fr.wikipedia.org\/wiki\/Oranger_des_Osages\">Oranger des osages<\/a> (bois massif), crochet au choix : argent\u00e9 ou dor\u00e9.<br \/>\nCe bois au tons jaune deviendra avec le temps l\u00e9g\u00e8rement moutarde au contact des UV.<\/p>\n<p>Moderne et tr\u00e8s l\u00e9g\u00e8re, cette paire de boucles d&rsquo;oreilles vient se balancer avec son long crochet !<\/p>\n<p>La <a href=\"https:\/\/atelier-diospyros.fr\/index.php\/etiquette-produit\/collection-lunita\/?customize_changeset_uuid=5e63d212-aa24-442a-ba81-0cdbcad72114&amp;customize_autosaved=on\">collection Lunita<\/a> et associe le bois pr\u00e9cieux \u00e0 des formes rondes telles des petites lunes \u00e0 porter au creux du cou ! Ce bijou artisanal existe en deux tailles : petit mod\u00e8le (crochets de 24 mm) ou grand mod\u00e8le (crochet de 42 mm).<\/p>\n<p>Faites vous plaisir avec le bois pr\u00e9cieux : d\u00e9couvrez sa finesse et ses couleurs naturelles ![\/vc_column_text][\/vc_column][\/vc_row][vc_row][vc_column][vc_column_text]<span style=\"color: #999999;\"><em>Nos cr\u00e9ations sont issues d\u2019une d\u00e9marche \u00e9co-responsable.<\/em><em> Ainsi, nous n\u2019utilisons que des chutes de bois pour notre mati\u00e8re premi\u00e8re, le bois pr\u00e9cieux.<\/em><br \/>\nLa valorisation, ou \u00ab\u00a0upcycling\u00a0\u00bb est au c\u0153ur de notre m\u00e9tier. Parce que nous sommes conscients de la valeur inestimable de ces bois rares, nous n\u2019utilisons que des chutes de bois que nous achetons en France. Nous nourrissons et prot\u00e9geons nos bois simplement \u00e0 l\u2019huile de lin. <\/span><\/p>\n<p><span style=\"color: #999999;\"><em>\u00c0 la mani\u00e8re des pierres pr\u00e9cieuses, nous fa\u00e7onnons nos cr\u00e9ations \u00e0 la main dans une esth\u00e9tique min\u00e9rale et g\u00e9om\u00e9trique.<br \/>\n<\/em><\/span><\/p>\n<p><span style=\"color: #999999;\"><em>En achetant un bijou ou accessoire en bois <a style=\"color: #999999;\" href=\"https:\/\/atelier-diospyros.fr\/index.php\/boutique\/\">Atelier Diospyros<\/a>, vous soutenez l&rsquo;artisanat Made In France, la cr\u00e9ation locale en circuit court ainsi que le savoir-faire de deux artisans Bretons passionn\u00e9s : Merci !<\/em><\/span>[\/vc_column_text][\/vc_column][\/vc_row][vc_row][vc_column][vc_column_text]Ce bijou est fabriqu\u00e9 en petite s\u00e9rie, le veinage du bois peut l\u00e9g\u00e8rement varier de la photo pr\u00e9sent\u00e9e.[\/vc_column_text][\/vc_column][\/vc_row]\n","protected":false},"excerpt":{"rendered":"<p>Boucles d&rsquo;oreilles Lunita : attache argent\u00e9e ou dor\u00e9e au choix. Bois massif.<\/p>\n<p><span style=\"color: #808080;\"><em>Livraison : nos cr\u00e9ations sont envoy\u00e9es en lettre suivie dans un d\u00e9lai de 3 \u00e0 5 jours \u00e0 r\u00e9ception du paiement.<\/em><\/span><\/p>\n","protected":false},"featured_media":10273,"template":"","meta":[],"product_cat":[27,24,298],"product_tag":[269,384,381,383,382,268,506,338,301],"class_list":{"0":"post-10270","1":"product","2":"type-product","3":"status-publish","4":"has-post-thumbnail","6":"product_cat-bijoux","7":"product_cat-boucles-doreilles","8":"product_cat-selva-bois-massif","9":"product_tag-argente","10":"product_tag-bijou-leger","11":"product_tag-bijoux-createur","12":"product_tag-boucles-pendantes","13":"product_tag-collection-lunita","14":"product_tag-dore","15":"product_tag-idees-cadeau-a-moins-de-25-euros","16":"product_tag-oranger-des-osages","17":"product_tag-oreille","19":"first","20":"instock","21":"featured","22":"shipping-taxable","23":"purchasable","24":"product-type-variable"},"yoast_head":"<!-- This site is optimized with the Yoast SEO plugin v24.2 - https:\/\/yoast.com\/wordpress\/plugins\/seo\/ -->\n<title>Boucles d&#039;oreilles Lunita en Oranger -<\/title>\n<meta name=\"description\" content=\"Boucles d&#039;oreilles &quot;Lunita&quot; en oranger. Dor\u00e9 ou argent\u00e9. Fabrication artisanale dans notre atelier en bretagne.\" \/>\n<meta name=\"robots\" content=\"index, follow, max-snippet:-1, max-image-preview:large, max-video-preview:-1\" \/>\n<link rel=\"canonical\" href=\"https:\/\/atelier-diospyros.fr\/index.php\/produit\/boucles-doreilles-lunita-en-oranger\/\" \/>\n<meta property=\"og:locale\" content=\"fr_FR\" \/>\n<meta property=\"og:type\" content=\"article\" \/>\n<meta property=\"og:title\" content=\"Boucles d&#039;oreilles Lunita en Oranger -\" \/>\n<meta property=\"og:description\" content=\"Boucles d&#039;oreilles &quot;Lunita&quot; en oranger. Dor\u00e9 ou argent\u00e9. Fabrication artisanale dans notre atelier en bretagne.\" \/>\n<meta property=\"og:url\" content=\"https:\/\/atelier-diospyros.fr\/index.php\/produit\/boucles-doreilles-lunita-en-oranger\/\" \/>\n<meta property=\"og:site_name\" content=\"Atelier Diospyros &amp; Cl\u00e9mence Quitterel\" \/>\n<meta property=\"article:modified_time\" content=\"2024-12-11T09:24:02+00:00\" \/>\n<meta property=\"og:image\" content=\"https:\/\/atelier-diospyros.fr\/wp-content\/uploads\/2023\/12\/IMG_0063-2.jpg\" \/>\n\t<meta property=\"og:image:width\" content=\"1105\" \/>\n\t<meta property=\"og:image:height\" content=\"1473\" \/>\n\t<meta property=\"og:image:type\" content=\"image\/jpeg\" \/>\n<meta name=\"twitter:card\" content=\"summary_large_image\" \/>\n<meta name=\"twitter:label1\" content=\"Dur\u00e9e de lecture estim\u00e9e\" \/>\n\t<meta name=\"twitter:data1\" content=\"2 minutes\" \/>\n<script type=\"application\/ld+json\" class=\"yoast-schema-graph\">{\"@context\":\"https:\/\/schema.org\",\"@graph\":[{\"@type\":\"WebPage\",\"@id\":\"https:\/\/atelier-diospyros.fr\/index.php\/produit\/boucles-doreilles-lunita-en-oranger\/\",\"url\":\"https:\/\/atelier-diospyros.fr\/index.php\/produit\/boucles-doreilles-lunita-en-oranger\/\",\"name\":\"Boucles d'oreilles Lunita en Oranger -\",\"isPartOf\":{\"@id\":\"https:\/\/atelier-diospyros.fr\/#website\"},\"primaryImageOfPage\":{\"@id\":\"https:\/\/atelier-diospyros.fr\/index.php\/produit\/boucles-doreilles-lunita-en-oranger\/#primaryimage\"},\"image\":{\"@id\":\"https:\/\/atelier-diospyros.fr\/index.php\/produit\/boucles-doreilles-lunita-en-oranger\/#primaryimage\"},\"thumbnailUrl\":\"https:\/\/atelier-diospyros.fr\/wp-content\/uploads\/2023\/12\/IMG_0063-2.jpg\",\"datePublished\":\"2023-12-02T17:26:44+00:00\",\"dateModified\":\"2024-12-11T09:24:02+00:00\",\"description\":\"Boucles d'oreilles \\\"Lunita\\\" en oranger. Dor\u00e9 ou argent\u00e9. Fabrication artisanale dans notre atelier en bretagne.\",\"breadcrumb\":{\"@id\":\"https:\/\/atelier-diospyros.fr\/index.php\/produit\/boucles-doreilles-lunita-en-oranger\/#breadcrumb\"},\"inLanguage\":\"fr-FR\",\"potentialAction\":[{\"@type\":\"ReadAction\",\"target\":[\"https:\/\/atelier-diospyros.fr\/index.php\/produit\/boucles-doreilles-lunita-en-oranger\/\"]}]},{\"@type\":\"ImageObject\",\"inLanguage\":\"fr-FR\",\"@id\":\"https:\/\/atelier-diospyros.fr\/index.php\/produit\/boucles-doreilles-lunita-en-oranger\/#primaryimage\",\"url\":\"https:\/\/atelier-diospyros.fr\/wp-content\/uploads\/2023\/12\/IMG_0063-2.jpg\",\"contentUrl\":\"https:\/\/atelier-diospyros.fr\/wp-content\/uploads\/2023\/12\/IMG_0063-2.jpg\",\"width\":1105,\"height\":1473,\"caption\":\"boucles lunita oranger\"},{\"@type\":\"BreadcrumbList\",\"@id\":\"https:\/\/atelier-diospyros.fr\/index.php\/produit\/boucles-doreilles-lunita-en-oranger\/#breadcrumb\",\"itemListElement\":[{\"@type\":\"ListItem\",\"position\":1,\"name\":\"Accueil\",\"item\":\"https:\/\/atelier-diospyros.fr\/\"},{\"@type\":\"ListItem\",\"position\":2,\"name\":\"Boutique\",\"item\":\"https:\/\/atelier-diospyros.fr\/index.php\/boutique\/\"},{\"@type\":\"ListItem\",\"position\":3,\"name\":\"Boucles d&rsquo;oreilles Lunita en Oranger\"}]},{\"@type\":\"WebSite\",\"@id\":\"https:\/\/atelier-diospyros.fr\/#website\",\"url\":\"https:\/\/atelier-diospyros.fr\/\",\"name\":\"Atelier Diospyros &amp; Cl\u00e9mence Quitterel\",\"description\":\"Objets en bois precieux et Cyanotypes : bijoux, d\u00e9coration d&#039;interieur, noeud papillon en bois, planches a decouper\",\"potentialAction\":[{\"@type\":\"SearchAction\",\"target\":{\"@type\":\"EntryPoint\",\"urlTemplate\":\"https:\/\/atelier-diospyros.fr\/?s={search_term_string}\"},\"query-input\":{\"@type\":\"PropertyValueSpecification\",\"valueRequired\":true,\"valueName\":\"search_term_string\"}}],\"inLanguage\":\"fr-FR\"}]}<\/script>\n<!-- \/ Yoast SEO plugin. -->","yoast_head_json":{"title":"Boucles d'oreilles Lunita en Oranger -","description":"Boucles d'oreilles \"Lunita\" en oranger. Dor\u00e9 ou argent\u00e9. Fabrication artisanale dans notre atelier en bretagne.","robots":{"index":"index","follow":"follow","max-snippet":"max-snippet:-1","max-image-preview":"max-image-preview:large","max-video-preview":"max-video-preview:-1"},"canonical":"https:\/\/atelier-diospyros.fr\/index.php\/produit\/boucles-doreilles-lunita-en-oranger\/","og_locale":"fr_FR","og_type":"article","og_title":"Boucles d'oreilles Lunita en Oranger -","og_description":"Boucles d'oreilles \"Lunita\" en oranger. Dor\u00e9 ou argent\u00e9. Fabrication artisanale dans notre atelier en bretagne.","og_url":"https:\/\/atelier-diospyros.fr\/index.php\/produit\/boucles-doreilles-lunita-en-oranger\/","og_site_name":"Atelier Diospyros &amp; Cl\u00e9mence Quitterel","article_modified_time":"2024-12-11T09:24:02+00:00","og_image":[{"width":1105,"height":1473,"url":"https:\/\/atelier-diospyros.fr\/wp-content\/uploads\/2023\/12\/IMG_0063-2.jpg","type":"image\/jpeg"}],"twitter_card":"summary_large_image","twitter_misc":{"Dur\u00e9e de lecture estim\u00e9e":"2 minutes"},"schema":{"@context":"https:\/\/schema.org","@graph":[{"@type":"WebPage","@id":"https:\/\/atelier-diospyros.fr\/index.php\/produit\/boucles-doreilles-lunita-en-oranger\/","url":"https:\/\/atelier-diospyros.fr\/index.php\/produit\/boucles-doreilles-lunita-en-oranger\/","name":"Boucles d'oreilles Lunita en Oranger -","isPartOf":{"@id":"https:\/\/atelier-diospyros.fr\/#website"},"primaryImageOfPage":{"@id":"https:\/\/atelier-diospyros.fr\/index.php\/produit\/boucles-doreilles-lunita-en-oranger\/#primaryimage"},"image":{"@id":"https:\/\/atelier-diospyros.fr\/index.php\/produit\/boucles-doreilles-lunita-en-oranger\/#primaryimage"},"thumbnailUrl":"https:\/\/atelier-diospyros.fr\/wp-content\/uploads\/2023\/12\/IMG_0063-2.jpg","datePublished":"2023-12-02T17:26:44+00:00","dateModified":"2024-12-11T09:24:02+00:00","description":"Boucles d'oreilles \"Lunita\" en oranger. Dor\u00e9 ou argent\u00e9. Fabrication artisanale dans notre atelier en bretagne.","breadcrumb":{"@id":"https:\/\/atelier-diospyros.fr\/index.php\/produit\/boucles-doreilles-lunita-en-oranger\/#breadcrumb"},"inLanguage":"fr-FR","potentialAction":[{"@type":"ReadAction","target":["https:\/\/atelier-diospyros.fr\/index.php\/produit\/boucles-doreilles-lunita-en-oranger\/"]}]},{"@type":"ImageObject","inLanguage":"fr-FR","@id":"https:\/\/atelier-diospyros.fr\/index.php\/produit\/boucles-doreilles-lunita-en-oranger\/#primaryimage","url":"https:\/\/atelier-diospyros.fr\/wp-content\/uploads\/2023\/12\/IMG_0063-2.jpg","contentUrl":"https:\/\/atelier-diospyros.fr\/wp-content\/uploads\/2023\/12\/IMG_0063-2.jpg","width":1105,"height":1473,"caption":"boucles lunita oranger"},{"@type":"BreadcrumbList","@id":"https:\/\/atelier-diospyros.fr\/index.php\/produit\/boucles-doreilles-lunita-en-oranger\/#breadcrumb","itemListElement":[{"@type":"ListItem","position":1,"name":"Accueil","item":"https:\/\/atelier-diospyros.fr\/"},{"@type":"ListItem","position":2,"name":"Boutique","item":"https:\/\/atelier-diospyros.fr\/index.php\/boutique\/"},{"@type":"ListItem","position":3,"name":"Boucles d&rsquo;oreilles Lunita en Oranger"}]},{"@type":"WebSite","@id":"https:\/\/atelier-diospyros.fr\/#website","url":"https:\/\/atelier-diospyros.fr\/","name":"Atelier Diospyros &amp; Cl\u00e9mence Quitterel","description":"Objets en bois precieux et Cyanotypes : bijoux, d\u00e9coration d&#039;interieur, noeud papillon en bois, planches a decouper","potentialAction":[{"@type":"SearchAction","target":{"@type":"EntryPoint","urlTemplate":"https:\/\/atelier-diospyros.fr\/?s={search_term_string}"},"query-input":{"@type":"PropertyValueSpecification","valueRequired":true,"valueName":"search_term_string"}}],"inLanguage":"fr-FR"}]}},"jetpack_sharing_enabled":true,"_links":{"self":[{"href":"https:\/\/atelier-diospyros.fr\/index.php\/wp-json\/wp\/v2\/product\/10270"}],"collection":[{"href":"https:\/\/atelier-diospyros.fr\/index.php\/wp-json\/wp\/v2\/product"}],"about":[{"href":"https:\/\/atelier-diospyros.fr\/index.php\/wp-json\/wp\/v2\/types\/product"}],"wp:featuredmedia":[{"embeddable":true,"href":"https:\/\/atelier-diospyros.fr\/index.php\/wp-json\/wp\/v2\/media\/10273"}],"wp:attachment":[{"href":"https:\/\/atelier-diospyros.fr\/index.php\/wp-json\/wp\/v2\/media?parent=10270"}],"wp:term":[{"taxonomy":"product_cat","embeddable":true,"href":"https:\/\/atelier-diospyros.fr\/index.php\/wp-json\/wp\/v2\/product_cat?post=10270"},{"taxonomy":"product_tag","embeddable":true,"href":"https:\/\/atelier-diospyros.fr\/index.php\/wp-json\/wp\/v2\/product_tag?post=10270"}],"curies":[{"name":"wp","href":"https:\/\/api.w.org\/{rel}","templated":true}]}}