{"id":10184,"date":"2023-09-06T18:28:53","date_gmt":"2023-09-06T16:28:53","guid":{"rendered":"https:\/\/atelier-diospyros.fr\/?post_type=product&#038;p=10184"},"modified":"2024-12-11T10:19:36","modified_gmt":"2024-12-11T09:19:36","slug":"decoration-murale-maison-et-nuage-de-poesie","status":"publish","type":"product","link":"https:\/\/atelier-diospyros.fr\/index.php\/produit\/decoration-murale-maison-et-nuage-de-poesie\/","title":{"rendered":"Maison et nuage de po\u00e9sie &#8211; d\u00e9coration murale"},"content":{"rendered":"<p>Maison et nuage de po\u00e9sie fabriqu\u00e9e \u00e0 quatre main par <a href=\"http:\/\/www.clemencequitterel.fr\">Cl\u00e9mence Quitterel<\/a> et<a href=\"https:\/\/www.delphinelecrivain.com\/\"> Delphine L\u00e9crivain<\/a><\/p>\n<p>D\u00e9coration murale en bois et c\u00e9ramique avec attache murale. Dimensions : environ 12x 6 cm (variable selon le mod\u00e8le choisi).<\/p>\n<p>Cette maison et nuage de po\u00e9sie est issue de la collaboration entre les \u00e9b\u00e9nistes de l&rsquo;Atelier Diospyros et la c\u00e9ramiste Delphine L\u00e9crivain.<\/p>\n<p>\u00c0 offrir ou pour se faire plaisir, ces maisons po\u00e9tiques sauront donner une touche de po\u00e9sie \u00e0 votre int\u00e9rieur !<\/p>\n<p>Les maisons et nuages pr\u00e9sentent diff\u00e9rentes formes et messages, vous pouvez s\u00e9lectionner celui de votre choix lors de votre commande.<\/p>\n<p>Les nuages po\u00e9tiques sont issus d&rsquo;une collection d\u2019\u0153uvres uniques cr\u00e9es en 2023.<\/p>\n<p>Un objet d\u00e9coratif \u00e9coresponsable : cette d\u00e9coration murale a \u00e9t\u00e9 cr\u00e9\u00e9e \u00e0 partir de chutes de bois.<\/p>\n[vc_row][vc_column][vc_column_text]<em>Nos cr\u00e9ations sont issues d\u2019une d\u00e9marche \u00e9co-responsable. Ainsi, nous n\u2019utilisons que des chutes de bois pour nos mati\u00e8res premi\u00e8res, le bois pr\u00e9cieux et le bois local.<\/em><\/p>\n<p><em>La valorisation, ou \u00ab\u00a0upcycling\u00a0\u00bb est au c\u0153ur de notre m\u00e9tier. Parce que nous sommes conscients de la valeur inestimable de ces bois rares, nous n\u2019utilisons que des chutes de bois que nous achetons en France. <\/em><br \/>\n<em>\u00c0 la mani\u00e8re des pierres pr\u00e9cieuses, nous fa\u00e7onnons nos cr\u00e9ations \u00e0 la main dans une esth\u00e9tique min\u00e9rale et g\u00e9om\u00e9trique.<\/em><br \/>\n<em>En achetant un bijou ou accessoire en bois <\/em><em><a href=\"https:\/\/atelier-diospyros.fr\/index.php\/boutique\/\">Atelier Diospyros<\/a><\/em><em>, vous soutenez l&rsquo;artisanat Made In France, la cr\u00e9ation locale en circuit court ainsi que le savoir-faire de deux artisans Bretons passionn\u00e9s : Merci !<\/em>[\/vc_column_text][\/vc_column][\/vc_row][vc_row][vc_column][\/vc_column][\/vc_row]\n<p>La forme du nuage et de l&rsquo;\u00e9criture peut l\u00e9g\u00e8rement varier de la photographie.<\/p>\n","protected":false},"excerpt":{"rendered":"<p><span style=\"color: #999999;\"><em>Livraison : nos cr\u00e9ations sont envoy\u00e9es en lettre suivie dans un d\u00e9lai de 3 \u00e0 5 jours \u00e0 r\u00e9ception du paiement.<\/em><\/span><\/p>\n","protected":false},"featured_media":10190,"template":"","meta":[],"product_cat":[271],"product_tag":[377,370,371,277,322,372,375,106,64,62,506,367,369,373,378,374,368,376],"class_list":{"0":"post-10184","1":"product","2":"type-product","3":"status-publish","4":"has-post-thumbnail","6":"product_cat-decoration","7":"product_tag-amour","8":"product_tag-ceramique","9":"product_tag-collaboration","10":"product_tag-decoration-interieure","11":"product_tag-decoration-murale","12":"product_tag-delphine-lecrivain","13":"product_tag-ecriture","14":"product_tag-idee-cadeau-enfant","15":"product_tag-idee-cadeau-femme","16":"product_tag-idee-cadeau-homme","17":"product_tag-idees-cadeau-a-moins-de-25-euros","18":"product_tag-maison","19":"product_tag-nuage","20":"product_tag-nuage-de-poesie","21":"product_tag-petit-cadeau","22":"product_tag-petite-deco","23":"product_tag-poesie","24":"product_tag-sensible","26":"first","27":"instock","28":"shipping-taxable","29":"purchasable","30":"product-type-variable"},"yoast_head":"<!-- This site is optimized with the Yoast SEO plugin v24.2 - https:\/\/yoast.com\/wordpress\/plugins\/seo\/ -->\n<title>Maison et nuage de po\u00e9sie - d\u00e9coration murale<\/title>\n<meta name=\"description\" content=\"Maison et nuage de po\u00e9sie en bois et c\u00e9ramique. Fabriqu\u00e9 \u00e0 quatre mains \u00e0 Foug\u00e8res en Bretagne par Atelier Diospyros et Delphine L\u00e9crivain\" \/>\n<meta name=\"robots\" content=\"index, follow, max-snippet:-1, max-image-preview:large, max-video-preview:-1\" \/>\n<link rel=\"canonical\" href=\"https:\/\/atelier-diospyros.fr\/index.php\/produit\/decoration-murale-maison-et-nuage-de-poesie\/\" \/>\n<meta property=\"og:locale\" content=\"fr_FR\" \/>\n<meta property=\"og:type\" content=\"article\" \/>\n<meta property=\"og:title\" content=\"Maison et nuage de po\u00e9sie - d\u00e9coration murale\" \/>\n<meta property=\"og:description\" content=\"Maison et nuage de po\u00e9sie en bois et c\u00e9ramique. Fabriqu\u00e9 \u00e0 quatre mains \u00e0 Foug\u00e8res en Bretagne par Atelier Diospyros et Delphine L\u00e9crivain\" \/>\n<meta property=\"og:url\" content=\"https:\/\/atelier-diospyros.fr\/index.php\/produit\/decoration-murale-maison-et-nuage-de-poesie\/\" \/>\n<meta property=\"og:site_name\" content=\"Atelier Diospyros &amp; Cl\u00e9mence Quitterel\" \/>\n<meta property=\"article:modified_time\" content=\"2024-12-11T09:19:36+00:00\" \/>\n<meta property=\"og:image\" content=\"https:\/\/atelier-diospyros.fr\/wp-content\/uploads\/2023\/09\/20230906_174300-2.jpg\" \/>\n\t<meta property=\"og:image:width\" content=\"2048\" \/>\n\t<meta property=\"og:image:height\" content=\"2048\" \/>\n\t<meta property=\"og:image:type\" content=\"image\/jpeg\" \/>\n<meta name=\"twitter:card\" content=\"summary_large_image\" \/>\n<meta name=\"twitter:label1\" content=\"Dur\u00e9e de lecture estim\u00e9e\" \/>\n\t<meta name=\"twitter:data1\" content=\"2 minutes\" \/>\n<script type=\"application\/ld+json\" class=\"yoast-schema-graph\">{\"@context\":\"https:\/\/schema.org\",\"@graph\":[{\"@type\":\"WebPage\",\"@id\":\"https:\/\/atelier-diospyros.fr\/index.php\/produit\/decoration-murale-maison-et-nuage-de-poesie\/\",\"url\":\"https:\/\/atelier-diospyros.fr\/index.php\/produit\/decoration-murale-maison-et-nuage-de-poesie\/\",\"name\":\"Maison et nuage de po\u00e9sie - d\u00e9coration murale\",\"isPartOf\":{\"@id\":\"https:\/\/atelier-diospyros.fr\/#website\"},\"primaryImageOfPage\":{\"@id\":\"https:\/\/atelier-diospyros.fr\/index.php\/produit\/decoration-murale-maison-et-nuage-de-poesie\/#primaryimage\"},\"image\":{\"@id\":\"https:\/\/atelier-diospyros.fr\/index.php\/produit\/decoration-murale-maison-et-nuage-de-poesie\/#primaryimage\"},\"thumbnailUrl\":\"https:\/\/atelier-diospyros.fr\/wp-content\/uploads\/2023\/09\/20230906_174300-2.jpg\",\"datePublished\":\"2023-09-06T16:28:53+00:00\",\"dateModified\":\"2024-12-11T09:19:36+00:00\",\"description\":\"Maison et nuage de po\u00e9sie en bois et c\u00e9ramique. Fabriqu\u00e9 \u00e0 quatre mains \u00e0 Foug\u00e8res en Bretagne par Atelier Diospyros et Delphine L\u00e9crivain\",\"breadcrumb\":{\"@id\":\"https:\/\/atelier-diospyros.fr\/index.php\/produit\/decoration-murale-maison-et-nuage-de-poesie\/#breadcrumb\"},\"inLanguage\":\"fr-FR\",\"potentialAction\":[{\"@type\":\"ReadAction\",\"target\":[\"https:\/\/atelier-diospyros.fr\/index.php\/produit\/decoration-murale-maison-et-nuage-de-poesie\/\"]}]},{\"@type\":\"ImageObject\",\"inLanguage\":\"fr-FR\",\"@id\":\"https:\/\/atelier-diospyros.fr\/index.php\/produit\/decoration-murale-maison-et-nuage-de-poesie\/#primaryimage\",\"url\":\"https:\/\/atelier-diospyros.fr\/wp-content\/uploads\/2023\/09\/20230906_174300-2.jpg\",\"contentUrl\":\"https:\/\/atelier-diospyros.fr\/wp-content\/uploads\/2023\/09\/20230906_174300-2.jpg\",\"width\":2048,\"height\":2048,\"caption\":\"Maison nuage de po\u00e9sie\"},{\"@type\":\"BreadcrumbList\",\"@id\":\"https:\/\/atelier-diospyros.fr\/index.php\/produit\/decoration-murale-maison-et-nuage-de-poesie\/#breadcrumb\",\"itemListElement\":[{\"@type\":\"ListItem\",\"position\":1,\"name\":\"Accueil\",\"item\":\"https:\/\/atelier-diospyros.fr\/\"},{\"@type\":\"ListItem\",\"position\":2,\"name\":\"Boutique\",\"item\":\"https:\/\/atelier-diospyros.fr\/index.php\/boutique\/\"},{\"@type\":\"ListItem\",\"position\":3,\"name\":\"Maison et nuage de po\u00e9sie &#8211; d\u00e9coration murale\"}]},{\"@type\":\"WebSite\",\"@id\":\"https:\/\/atelier-diospyros.fr\/#website\",\"url\":\"https:\/\/atelier-diospyros.fr\/\",\"name\":\"Atelier Diospyros &amp; Cl\u00e9mence Quitterel\",\"description\":\"Objets en bois precieux et Cyanotypes : bijoux, d\u00e9coration d&#039;interieur, noeud papillon en bois, planches a decouper\",\"potentialAction\":[{\"@type\":\"SearchAction\",\"target\":{\"@type\":\"EntryPoint\",\"urlTemplate\":\"https:\/\/atelier-diospyros.fr\/?s={search_term_string}\"},\"query-input\":{\"@type\":\"PropertyValueSpecification\",\"valueRequired\":true,\"valueName\":\"search_term_string\"}}],\"inLanguage\":\"fr-FR\"}]}<\/script>\n<!-- \/ Yoast SEO plugin. -->","yoast_head_json":{"title":"Maison et nuage de po\u00e9sie - d\u00e9coration murale","description":"Maison et nuage de po\u00e9sie en bois et c\u00e9ramique. Fabriqu\u00e9 \u00e0 quatre mains \u00e0 Foug\u00e8res en Bretagne par Atelier Diospyros et Delphine L\u00e9crivain","robots":{"index":"index","follow":"follow","max-snippet":"max-snippet:-1","max-image-preview":"max-image-preview:large","max-video-preview":"max-video-preview:-1"},"canonical":"https:\/\/atelier-diospyros.fr\/index.php\/produit\/decoration-murale-maison-et-nuage-de-poesie\/","og_locale":"fr_FR","og_type":"article","og_title":"Maison et nuage de po\u00e9sie - d\u00e9coration murale","og_description":"Maison et nuage de po\u00e9sie en bois et c\u00e9ramique. Fabriqu\u00e9 \u00e0 quatre mains \u00e0 Foug\u00e8res en Bretagne par Atelier Diospyros et Delphine L\u00e9crivain","og_url":"https:\/\/atelier-diospyros.fr\/index.php\/produit\/decoration-murale-maison-et-nuage-de-poesie\/","og_site_name":"Atelier Diospyros &amp; Cl\u00e9mence Quitterel","article_modified_time":"2024-12-11T09:19:36+00:00","og_image":[{"width":2048,"height":2048,"url":"https:\/\/atelier-diospyros.fr\/wp-content\/uploads\/2023\/09\/20230906_174300-2.jpg","type":"image\/jpeg"}],"twitter_card":"summary_large_image","twitter_misc":{"Dur\u00e9e de lecture estim\u00e9e":"2 minutes"},"schema":{"@context":"https:\/\/schema.org","@graph":[{"@type":"WebPage","@id":"https:\/\/atelier-diospyros.fr\/index.php\/produit\/decoration-murale-maison-et-nuage-de-poesie\/","url":"https:\/\/atelier-diospyros.fr\/index.php\/produit\/decoration-murale-maison-et-nuage-de-poesie\/","name":"Maison et nuage de po\u00e9sie - d\u00e9coration murale","isPartOf":{"@id":"https:\/\/atelier-diospyros.fr\/#website"},"primaryImageOfPage":{"@id":"https:\/\/atelier-diospyros.fr\/index.php\/produit\/decoration-murale-maison-et-nuage-de-poesie\/#primaryimage"},"image":{"@id":"https:\/\/atelier-diospyros.fr\/index.php\/produit\/decoration-murale-maison-et-nuage-de-poesie\/#primaryimage"},"thumbnailUrl":"https:\/\/atelier-diospyros.fr\/wp-content\/uploads\/2023\/09\/20230906_174300-2.jpg","datePublished":"2023-09-06T16:28:53+00:00","dateModified":"2024-12-11T09:19:36+00:00","description":"Maison et nuage de po\u00e9sie en bois et c\u00e9ramique. Fabriqu\u00e9 \u00e0 quatre mains \u00e0 Foug\u00e8res en Bretagne par Atelier Diospyros et Delphine L\u00e9crivain","breadcrumb":{"@id":"https:\/\/atelier-diospyros.fr\/index.php\/produit\/decoration-murale-maison-et-nuage-de-poesie\/#breadcrumb"},"inLanguage":"fr-FR","potentialAction":[{"@type":"ReadAction","target":["https:\/\/atelier-diospyros.fr\/index.php\/produit\/decoration-murale-maison-et-nuage-de-poesie\/"]}]},{"@type":"ImageObject","inLanguage":"fr-FR","@id":"https:\/\/atelier-diospyros.fr\/index.php\/produit\/decoration-murale-maison-et-nuage-de-poesie\/#primaryimage","url":"https:\/\/atelier-diospyros.fr\/wp-content\/uploads\/2023\/09\/20230906_174300-2.jpg","contentUrl":"https:\/\/atelier-diospyros.fr\/wp-content\/uploads\/2023\/09\/20230906_174300-2.jpg","width":2048,"height":2048,"caption":"Maison nuage de po\u00e9sie"},{"@type":"BreadcrumbList","@id":"https:\/\/atelier-diospyros.fr\/index.php\/produit\/decoration-murale-maison-et-nuage-de-poesie\/#breadcrumb","itemListElement":[{"@type":"ListItem","position":1,"name":"Accueil","item":"https:\/\/atelier-diospyros.fr\/"},{"@type":"ListItem","position":2,"name":"Boutique","item":"https:\/\/atelier-diospyros.fr\/index.php\/boutique\/"},{"@type":"ListItem","position":3,"name":"Maison et nuage de po\u00e9sie &#8211; d\u00e9coration murale"}]},{"@type":"WebSite","@id":"https:\/\/atelier-diospyros.fr\/#website","url":"https:\/\/atelier-diospyros.fr\/","name":"Atelier Diospyros &amp; Cl\u00e9mence Quitterel","description":"Objets en bois precieux et Cyanotypes : bijoux, d\u00e9coration d&#039;interieur, noeud papillon en bois, planches a decouper","potentialAction":[{"@type":"SearchAction","target":{"@type":"EntryPoint","urlTemplate":"https:\/\/atelier-diospyros.fr\/?s={search_term_string}"},"query-input":{"@type":"PropertyValueSpecification","valueRequired":true,"valueName":"search_term_string"}}],"inLanguage":"fr-FR"}]}},"jetpack_sharing_enabled":true,"_links":{"self":[{"href":"https:\/\/atelier-diospyros.fr\/index.php\/wp-json\/wp\/v2\/product\/10184"}],"collection":[{"href":"https:\/\/atelier-diospyros.fr\/index.php\/wp-json\/wp\/v2\/product"}],"about":[{"href":"https:\/\/atelier-diospyros.fr\/index.php\/wp-json\/wp\/v2\/types\/product"}],"wp:featuredmedia":[{"embeddable":true,"href":"https:\/\/atelier-diospyros.fr\/index.php\/wp-json\/wp\/v2\/media\/10190"}],"wp:attachment":[{"href":"https:\/\/atelier-diospyros.fr\/index.php\/wp-json\/wp\/v2\/media?parent=10184"}],"wp:term":[{"taxonomy":"product_cat","embeddable":true,"href":"https:\/\/atelier-diospyros.fr\/index.php\/wp-json\/wp\/v2\/product_cat?post=10184"},{"taxonomy":"product_tag","embeddable":true,"href":"https:\/\/atelier-diospyros.fr\/index.php\/wp-json\/wp\/v2\/product_tag?post=10184"}],"curies":[{"name":"wp","href":"https:\/\/api.w.org\/{rel}","templated":true}]}}