{"id":10161,"date":"2023-08-23T11:20:52","date_gmt":"2023-08-23T09:20:52","guid":{"rendered":"https:\/\/atelier-diospyros.fr\/?post_type=product&#038;p=10161"},"modified":"2025-12-03T14:55:27","modified_gmt":"2025-12-03T13:55:27","slug":"sculpture-murale-en-bois-de-noyer","status":"publish","type":"product","link":"https:\/\/atelier-diospyros.fr\/index.php\/produit\/sculpture-murale-en-bois-de-noyer\/","title":{"rendered":"Sculpture murale en bois de noyer &#8211; Outre bois"},"content":{"rendered":"<p>Sculpture murale en <a href=\"https:\/\/fr.wikipedia.org\/wiki\/Noyer\">bois de noyer<\/a> \u00ab\u00a0Outre bois\u00a0\u00bb avec attache murale. Diam\u00e8tre : 10 cm.<\/p>\n<p>Con\u00e7ue et fabriqu\u00e9e \u00e0 Foug\u00e8res en Bretagne, cette \u0153uvre s&rsquo;inspire des jeux de lumi\u00e8re et des nuances du soleil.<\/p>\n<p>Cet objet est issue d&rsquo;une collection d&rsquo;oeuvres uniques cr\u00e9es en 2023 et inspir\u00e9es par le travail de Pierre Soulage. Cette sculpture murale est une pi\u00e8ce unique et est vendue avec son certificat d&rsquo;authenticit\u00e9.<\/p>\n<p>Cr\u00e9\u00e9e \u00e0 partir de chutes de bois, cette sculpture murale en bois de noyer est un objet d\u00e9coratif \u00e9coresponsable.<\/p>\n[vc_row][vc_column][vc_column_text]<em>Nos cr\u00e9ations sont issues d\u2019une d\u00e9marche \u00e9co-responsable. Ainsi, nous n\u2019utilisons que des chutes de bois pour nos mati\u00e8res premi\u00e8res, le bois pr\u00e9cieux et le bois local.<\/em><\/p>\n<p><em>La valorisation, ou \u00ab\u00a0upcycling\u00a0\u00bb est au c\u0153ur de notre m\u00e9tier. Parce que nous sommes conscients de la valeur inestimable de ces bois rares, nous n\u2019utilisons que des chutes de bois que nous achetons en France. <\/em><br \/>\n<em>\u00c0 la mani\u00e8re des pierres pr\u00e9cieuses, nous fa\u00e7onnons nos cr\u00e9ations \u00e0 la main dans une esth\u00e9tique min\u00e9rale et g\u00e9om\u00e9trique.<\/em><br \/>\n<em>En achetant un bijou ou accessoire en bois <\/em><em><a href=\"https:\/\/atelier-diospyros.fr\/index.php\/boutique\/\">Atelier Diospyros<\/a><\/em><em>, vous soutenez l&rsquo;artisanat Made In France, la cr\u00e9ation locale en circuit court ainsi que le savoir-faire de deux artisans Bretons passionn\u00e9s : Merci !<\/em>[\/vc_column_text][\/vc_column][\/vc_row][vc_row][vc_column][\/vc_column][\/vc_row]\n","protected":false},"excerpt":{"rendered":"<p><span style=\"color: #999999;\"><em>Livraison : nos cr\u00e9ations sont envoy\u00e9es en lettre suivie dans un d\u00e9lai de 3 \u00e0 5 jours \u00e0 r\u00e9ception du paiement.<\/em><\/span><\/p>\n","protected":false},"featured_media":10211,"template":"","meta":[],"product_cat":[29,271],"product_tag":[195,360,275,277,280,281,276,196,279,361],"class_list":{"0":"post-10161","1":"product","2":"type-product","3":"status-publish","4":"has-post-thumbnail","6":"product_cat-accessoires-maison","7":"product_cat-decoration","8":"product_tag-artisanal","9":"product_tag-bois-debene","10":"product_tag-decoration","11":"product_tag-decoration-interieure","12":"product_tag-fabrique-en-bretagne","13":"product_tag-fougeres","14":"product_tag-interieur","15":"product_tag-made-in-france","16":"product_tag-piece-unique","17":"product_tag-sculpture-murale","19":"first","20":"instock","21":"sale","22":"shipping-taxable","23":"purchasable","24":"product-type-simple"},"yoast_head":"<!-- This site is optimized with the Yoast SEO plugin v24.2 - https:\/\/yoast.com\/wordpress\/plugins\/seo\/ -->\n<title>Sculpture murale en bois de noyer - Outre bois -<\/title>\n<meta name=\"description\" content=\"Oeuvre inspir\u00e9e du travail de Pierre Soulage, cette sculpture murale en bois de noyer fabriqu\u00e9e en Bretagne vient habiller votre int\u00e9rieur !\" \/>\n<meta name=\"robots\" content=\"index, follow, max-snippet:-1, max-image-preview:large, max-video-preview:-1\" \/>\n<link rel=\"canonical\" href=\"https:\/\/atelier-diospyros.fr\/index.php\/produit\/sculpture-murale-en-bois-de-noyer\/\" \/>\n<meta property=\"og:locale\" content=\"fr_FR\" \/>\n<meta property=\"og:type\" content=\"article\" \/>\n<meta property=\"og:title\" content=\"Sculpture murale en bois de noyer - Outre bois -\" \/>\n<meta property=\"og:description\" content=\"Oeuvre inspir\u00e9e du travail de Pierre Soulage, cette sculpture murale en bois de noyer fabriqu\u00e9e en Bretagne vient habiller votre int\u00e9rieur !\" \/>\n<meta property=\"og:url\" content=\"https:\/\/atelier-diospyros.fr\/index.php\/produit\/sculpture-murale-en-bois-de-noyer\/\" \/>\n<meta property=\"og:site_name\" content=\"Atelier Diospyros &amp; Cl\u00e9mence Quitterel\" \/>\n<meta property=\"article:modified_time\" content=\"2025-12-03T13:55:27+00:00\" \/>\n<meta property=\"og:image\" content=\"https:\/\/atelier-diospyros.fr\/wp-content\/uploads\/2023\/08\/IMG_20230823_104124-scaled.jpg\" \/>\n\t<meta property=\"og:image:width\" content=\"1441\" \/>\n\t<meta property=\"og:image:height\" content=\"2560\" \/>\n\t<meta property=\"og:image:type\" content=\"image\/jpeg\" \/>\n<meta name=\"twitter:card\" content=\"summary_large_image\" \/>\n<meta name=\"twitter:label1\" content=\"Dur\u00e9e de lecture estim\u00e9e\" \/>\n\t<meta name=\"twitter:data1\" content=\"2 minutes\" \/>\n<script type=\"application\/ld+json\" class=\"yoast-schema-graph\">{\"@context\":\"https:\/\/schema.org\",\"@graph\":[{\"@type\":\"WebPage\",\"@id\":\"https:\/\/atelier-diospyros.fr\/index.php\/produit\/sculpture-murale-en-bois-de-noyer\/\",\"url\":\"https:\/\/atelier-diospyros.fr\/index.php\/produit\/sculpture-murale-en-bois-de-noyer\/\",\"name\":\"Sculpture murale en bois de noyer - Outre bois -\",\"isPartOf\":{\"@id\":\"https:\/\/atelier-diospyros.fr\/#website\"},\"primaryImageOfPage\":{\"@id\":\"https:\/\/atelier-diospyros.fr\/index.php\/produit\/sculpture-murale-en-bois-de-noyer\/#primaryimage\"},\"image\":{\"@id\":\"https:\/\/atelier-diospyros.fr\/index.php\/produit\/sculpture-murale-en-bois-de-noyer\/#primaryimage\"},\"thumbnailUrl\":\"https:\/\/atelier-diospyros.fr\/wp-content\/uploads\/2023\/08\/IMG_20230823_104124-scaled.jpg\",\"datePublished\":\"2023-08-23T09:20:52+00:00\",\"dateModified\":\"2025-12-03T13:55:27+00:00\",\"description\":\"Oeuvre inspir\u00e9e du travail de Pierre Soulage, cette sculpture murale en bois de noyer fabriqu\u00e9e en Bretagne vient habiller votre int\u00e9rieur !\",\"breadcrumb\":{\"@id\":\"https:\/\/atelier-diospyros.fr\/index.php\/produit\/sculpture-murale-en-bois-de-noyer\/#breadcrumb\"},\"inLanguage\":\"fr-FR\",\"potentialAction\":[{\"@type\":\"ReadAction\",\"target\":[\"https:\/\/atelier-diospyros.fr\/index.php\/produit\/sculpture-murale-en-bois-de-noyer\/\"]}]},{\"@type\":\"ImageObject\",\"inLanguage\":\"fr-FR\",\"@id\":\"https:\/\/atelier-diospyros.fr\/index.php\/produit\/sculpture-murale-en-bois-de-noyer\/#primaryimage\",\"url\":\"https:\/\/atelier-diospyros.fr\/wp-content\/uploads\/2023\/08\/IMG_20230823_104124-scaled.jpg\",\"contentUrl\":\"https:\/\/atelier-diospyros.fr\/wp-content\/uploads\/2023\/08\/IMG_20230823_104124-scaled.jpg\",\"width\":1441,\"height\":2560,\"caption\":\"Sculpture murale en bois de noyer\"},{\"@type\":\"BreadcrumbList\",\"@id\":\"https:\/\/atelier-diospyros.fr\/index.php\/produit\/sculpture-murale-en-bois-de-noyer\/#breadcrumb\",\"itemListElement\":[{\"@type\":\"ListItem\",\"position\":1,\"name\":\"Accueil\",\"item\":\"https:\/\/atelier-diospyros.fr\/\"},{\"@type\":\"ListItem\",\"position\":2,\"name\":\"Boutique\",\"item\":\"https:\/\/atelier-diospyros.fr\/index.php\/boutique\/\"},{\"@type\":\"ListItem\",\"position\":3,\"name\":\"Sculpture murale en bois de noyer &#8211; Outre bois\"}]},{\"@type\":\"WebSite\",\"@id\":\"https:\/\/atelier-diospyros.fr\/#website\",\"url\":\"https:\/\/atelier-diospyros.fr\/\",\"name\":\"Atelier Diospyros &amp; Cl\u00e9mence Quitterel\",\"description\":\"Objets en bois precieux et Cyanotypes : bijoux, d\u00e9coration d&#039;interieur, noeud papillon en bois, planches a decouper\",\"potentialAction\":[{\"@type\":\"SearchAction\",\"target\":{\"@type\":\"EntryPoint\",\"urlTemplate\":\"https:\/\/atelier-diospyros.fr\/?s={search_term_string}\"},\"query-input\":{\"@type\":\"PropertyValueSpecification\",\"valueRequired\":true,\"valueName\":\"search_term_string\"}}],\"inLanguage\":\"fr-FR\"}]}<\/script>\n<!-- \/ Yoast SEO plugin. -->","yoast_head_json":{"title":"Sculpture murale en bois de noyer - Outre bois -","description":"Oeuvre inspir\u00e9e du travail de Pierre Soulage, cette sculpture murale en bois de noyer fabriqu\u00e9e en Bretagne vient habiller votre int\u00e9rieur !","robots":{"index":"index","follow":"follow","max-snippet":"max-snippet:-1","max-image-preview":"max-image-preview:large","max-video-preview":"max-video-preview:-1"},"canonical":"https:\/\/atelier-diospyros.fr\/index.php\/produit\/sculpture-murale-en-bois-de-noyer\/","og_locale":"fr_FR","og_type":"article","og_title":"Sculpture murale en bois de noyer - Outre bois -","og_description":"Oeuvre inspir\u00e9e du travail de Pierre Soulage, cette sculpture murale en bois de noyer fabriqu\u00e9e en Bretagne vient habiller votre int\u00e9rieur !","og_url":"https:\/\/atelier-diospyros.fr\/index.php\/produit\/sculpture-murale-en-bois-de-noyer\/","og_site_name":"Atelier Diospyros &amp; Cl\u00e9mence Quitterel","article_modified_time":"2025-12-03T13:55:27+00:00","og_image":[{"width":1441,"height":2560,"url":"https:\/\/atelier-diospyros.fr\/wp-content\/uploads\/2023\/08\/IMG_20230823_104124-scaled.jpg","type":"image\/jpeg"}],"twitter_card":"summary_large_image","twitter_misc":{"Dur\u00e9e de lecture estim\u00e9e":"2 minutes"},"schema":{"@context":"https:\/\/schema.org","@graph":[{"@type":"WebPage","@id":"https:\/\/atelier-diospyros.fr\/index.php\/produit\/sculpture-murale-en-bois-de-noyer\/","url":"https:\/\/atelier-diospyros.fr\/index.php\/produit\/sculpture-murale-en-bois-de-noyer\/","name":"Sculpture murale en bois de noyer - Outre bois -","isPartOf":{"@id":"https:\/\/atelier-diospyros.fr\/#website"},"primaryImageOfPage":{"@id":"https:\/\/atelier-diospyros.fr\/index.php\/produit\/sculpture-murale-en-bois-de-noyer\/#primaryimage"},"image":{"@id":"https:\/\/atelier-diospyros.fr\/index.php\/produit\/sculpture-murale-en-bois-de-noyer\/#primaryimage"},"thumbnailUrl":"https:\/\/atelier-diospyros.fr\/wp-content\/uploads\/2023\/08\/IMG_20230823_104124-scaled.jpg","datePublished":"2023-08-23T09:20:52+00:00","dateModified":"2025-12-03T13:55:27+00:00","description":"Oeuvre inspir\u00e9e du travail de Pierre Soulage, cette sculpture murale en bois de noyer fabriqu\u00e9e en Bretagne vient habiller votre int\u00e9rieur !","breadcrumb":{"@id":"https:\/\/atelier-diospyros.fr\/index.php\/produit\/sculpture-murale-en-bois-de-noyer\/#breadcrumb"},"inLanguage":"fr-FR","potentialAction":[{"@type":"ReadAction","target":["https:\/\/atelier-diospyros.fr\/index.php\/produit\/sculpture-murale-en-bois-de-noyer\/"]}]},{"@type":"ImageObject","inLanguage":"fr-FR","@id":"https:\/\/atelier-diospyros.fr\/index.php\/produit\/sculpture-murale-en-bois-de-noyer\/#primaryimage","url":"https:\/\/atelier-diospyros.fr\/wp-content\/uploads\/2023\/08\/IMG_20230823_104124-scaled.jpg","contentUrl":"https:\/\/atelier-diospyros.fr\/wp-content\/uploads\/2023\/08\/IMG_20230823_104124-scaled.jpg","width":1441,"height":2560,"caption":"Sculpture murale en bois de noyer"},{"@type":"BreadcrumbList","@id":"https:\/\/atelier-diospyros.fr\/index.php\/produit\/sculpture-murale-en-bois-de-noyer\/#breadcrumb","itemListElement":[{"@type":"ListItem","position":1,"name":"Accueil","item":"https:\/\/atelier-diospyros.fr\/"},{"@type":"ListItem","position":2,"name":"Boutique","item":"https:\/\/atelier-diospyros.fr\/index.php\/boutique\/"},{"@type":"ListItem","position":3,"name":"Sculpture murale en bois de noyer &#8211; Outre bois"}]},{"@type":"WebSite","@id":"https:\/\/atelier-diospyros.fr\/#website","url":"https:\/\/atelier-diospyros.fr\/","name":"Atelier Diospyros &amp; Cl\u00e9mence Quitterel","description":"Objets en bois precieux et Cyanotypes : bijoux, d\u00e9coration d&#039;interieur, noeud papillon en bois, planches a decouper","potentialAction":[{"@type":"SearchAction","target":{"@type":"EntryPoint","urlTemplate":"https:\/\/atelier-diospyros.fr\/?s={search_term_string}"},"query-input":{"@type":"PropertyValueSpecification","valueRequired":true,"valueName":"search_term_string"}}],"inLanguage":"fr-FR"}]}},"jetpack_sharing_enabled":true,"_links":{"self":[{"href":"https:\/\/atelier-diospyros.fr\/index.php\/wp-json\/wp\/v2\/product\/10161"}],"collection":[{"href":"https:\/\/atelier-diospyros.fr\/index.php\/wp-json\/wp\/v2\/product"}],"about":[{"href":"https:\/\/atelier-diospyros.fr\/index.php\/wp-json\/wp\/v2\/types\/product"}],"wp:featuredmedia":[{"embeddable":true,"href":"https:\/\/atelier-diospyros.fr\/index.php\/wp-json\/wp\/v2\/media\/10211"}],"wp:attachment":[{"href":"https:\/\/atelier-diospyros.fr\/index.php\/wp-json\/wp\/v2\/media?parent=10161"}],"wp:term":[{"taxonomy":"product_cat","embeddable":true,"href":"https:\/\/atelier-diospyros.fr\/index.php\/wp-json\/wp\/v2\/product_cat?post=10161"},{"taxonomy":"product_tag","embeddable":true,"href":"https:\/\/atelier-diospyros.fr\/index.php\/wp-json\/wp\/v2\/product_tag?post=10161"}],"curies":[{"name":"wp","href":"https:\/\/api.w.org\/{rel}","templated":true}]}}