{"id":10159,"date":"2023-08-23T10:57:38","date_gmt":"2023-08-23T08:57:38","guid":{"rendered":"https:\/\/atelier-diospyros.fr\/?post_type=product&#038;p=10159"},"modified":"2024-09-14T11:16:12","modified_gmt":"2024-09-14T09:16:12","slug":"sculpture-murale-en-bois-precieux-et-gres","status":"publish","type":"product","link":"https:\/\/atelier-diospyros.fr\/index.php\/produit\/sculpture-murale-en-bois-precieux-et-gres\/","title":{"rendered":"Sculpture murale en bois pr\u00e9cieux et gr\u00e8s &#8211; Outre terre et bois"},"content":{"rendered":"<p>Sculpture murale\u00a0en bois pr\u00e9cieux et gr\u00e8s \u00ab\u00a0Outre terre et bois\u00a0\u00bb avec attache murale. Diam\u00e8tre : 11.7 cm.<\/p>\n<p>Sculpture murale fabriqu\u00e9e \u00e0 six main par les \u00e9b\u00e9nistes de l&rsquo;Atelier Diospyros et la c\u00e9ramiste Delphine L\u00e9crivain.<\/p>\n<p>\u00ab\u00a0Au d\u00e9part il y a eu le bois, puis la lumi\u00e8re s&rsquo;invita. Puis la collaboration cr\u00e9ative entre \u00e9b\u00e9nistes et c\u00e9ramiste.\u00a0\u00bb<\/p>\n<p>C&rsquo;est l&rsquo;admiration commune du travail de<a href=\"https:\/\/fr.wikipedia.org\/wiki\/Pierre_Soulages\"> Pierre Soulage<\/a> qui f\u00fbt le commencement d&rsquo;une recherche sur la mati\u00e8re et ses contrastes : les bois pr\u00e9cieux et le gr\u00e8s, le brillant et la mat, le noir et le blanc, le lisse et le textur\u00e9&#8230;<\/p>\n<p>Cet objet est issue d&rsquo;une collection d&rsquo;oeuvres uniques cr\u00e9es en 2023. Cette sculpture murale en bois pr\u00e9cieux et gr\u00e8s est une pi\u00e8ce unique et est vendue avec son certificat d&rsquo;authenticit\u00e9.<\/p>\n<p>Un objet d\u00e9coratif \u00e9coresponsable : cette sculpture murale a \u00e9t\u00e9 cr\u00e9\u00e9e \u00e0 partir de chutes de bois pr\u00e9cieux.<\/p>\n[vc_row][vc_column][vc_column_text]<em>Nos cr\u00e9ations sont issues d\u2019une d\u00e9marche \u00e9co-responsable. Ainsi, nous n\u2019utilisons que des chutes de bois pour nos mati\u00e8res premi\u00e8res, le bois pr\u00e9cieux et le bois local.<\/em><\/p>\n<p><em>La valorisation, ou \u00ab\u00a0upcycling\u00a0\u00bb est au c\u0153ur de notre m\u00e9tier. Parce que nous sommes conscients de la valeur inestimable de ces bois rares, nous n\u2019utilisons que des chutes de bois que nous achetons en France. <\/em><br \/>\n<em>\u00c0 la mani\u00e8re des pierres pr\u00e9cieuses, nous fa\u00e7onnons nos cr\u00e9ations \u00e0 la main dans une esth\u00e9tique min\u00e9rale et g\u00e9om\u00e9trique.<\/em><br \/>\n<em>En achetant un bijou ou accessoire en bois <\/em><em><a href=\"https:\/\/atelier-diospyros.fr\/index.php\/boutique\/\">Atelier Diospyros<\/a><\/em><em>, vous soutenez l&rsquo;artisanat Made In France, la cr\u00e9ation locale en circuit court ainsi que le savoir-faire de deux artisans Bretons passionn\u00e9s : Merci !<\/em>[\/vc_column_text][\/vc_column][\/vc_row][vc_row][vc_column][\/vc_column][\/vc_row]\n","protected":false},"excerpt":{"rendered":"<p>Sculpture murale\u00a0en bois pr\u00e9cieux et gr\u00e8s \u00ab\u00a0Outre terre et bois\u00a0\u00bb avec attache murale. Diam\u00e8tre : 11.7 cm. Sculpture murale fabriqu\u00e9e \u00e0 six main par les \u00e9b\u00e9nistes de l&rsquo;Atelier Diospyros et la c\u00e9ramiste Delphine L\u00e9crivain. \u00ab\u00a0Au d\u00e9part il y a eu &hellip; <a class=\"kt-excerpt-readmore\" href=\"https:\/\/atelier-diospyros.fr\/index.php\/produit\/sculpture-murale-en-bois-precieux-et-gres\/\" aria-label=\"Sculpture murale en bois pr\u00e9cieux et gr\u00e8s &#8211; Outre terre et bois\">Lire la suite<\/a><\/p>\n","protected":false},"featured_media":10225,"template":"","meta":[],"product_cat":[29,271],"product_tag":[195,182,360,370,275,277,372,280,281,276,196,279,361],"class_list":{"0":"post-10159","1":"product","2":"type-product","3":"status-publish","4":"has-post-thumbnail","6":"product_cat-accessoires-maison","7":"product_cat-decoration","8":"product_tag-artisanal","9":"product_tag-bois","10":"product_tag-bois-debene","11":"product_tag-ceramique","12":"product_tag-decoration","13":"product_tag-decoration-interieure","14":"product_tag-delphine-lecrivain","15":"product_tag-fabrique-en-bretagne","16":"product_tag-fougeres","17":"product_tag-interieur","18":"product_tag-made-in-france","19":"product_tag-piece-unique","20":"product_tag-sculpture-murale","22":"first","23":"instock","24":"shipping-taxable","25":"purchasable","26":"product-type-simple"},"yoast_head":"<!-- This site is optimized with the Yoast SEO plugin v24.2 - https:\/\/yoast.com\/wordpress\/plugins\/seo\/ -->\n<title>Sculpture murale en bois pr\u00e9cieux et gr\u00e8s - Outre terre et bois -<\/title>\n<meta name=\"description\" content=\"Oeuvre inspir\u00e9e du travail de Pierre Soulage, cette Sculpture murale en bois pr\u00e9cieux et gr\u00e8s est fabriqu\u00e9e en Bretagne.\" \/>\n<meta name=\"robots\" content=\"index, follow, max-snippet:-1, max-image-preview:large, max-video-preview:-1\" \/>\n<link rel=\"canonical\" href=\"https:\/\/atelier-diospyros.fr\/index.php\/produit\/sculpture-murale-en-bois-precieux-et-gres\/\" \/>\n<meta property=\"og:locale\" content=\"fr_FR\" \/>\n<meta property=\"og:type\" content=\"article\" \/>\n<meta property=\"og:title\" content=\"Sculpture murale en bois pr\u00e9cieux et gr\u00e8s - Outre terre et bois -\" \/>\n<meta property=\"og:description\" content=\"Oeuvre inspir\u00e9e du travail de Pierre Soulage, cette Sculpture murale en bois pr\u00e9cieux et gr\u00e8s est fabriqu\u00e9e en Bretagne.\" \/>\n<meta property=\"og:url\" content=\"https:\/\/atelier-diospyros.fr\/index.php\/produit\/sculpture-murale-en-bois-precieux-et-gres\/\" \/>\n<meta property=\"og:site_name\" content=\"Atelier Diospyros &amp; Cl\u00e9mence Quitterel\" \/>\n<meta property=\"article:modified_time\" content=\"2024-09-14T09:16:12+00:00\" \/>\n<meta property=\"og:image\" content=\"https:\/\/atelier-diospyros.fr\/wp-content\/uploads\/2023\/08\/IMG_20230823_104920-scaled.jpg\" \/>\n\t<meta property=\"og:image:width\" content=\"1441\" \/>\n\t<meta property=\"og:image:height\" content=\"2560\" \/>\n\t<meta property=\"og:image:type\" content=\"image\/jpeg\" \/>\n<meta name=\"twitter:card\" content=\"summary_large_image\" \/>\n<meta name=\"twitter:label1\" content=\"Dur\u00e9e de lecture estim\u00e9e\" \/>\n\t<meta name=\"twitter:data1\" content=\"2 minutes\" \/>\n<script type=\"application\/ld+json\" class=\"yoast-schema-graph\">{\"@context\":\"https:\/\/schema.org\",\"@graph\":[{\"@type\":\"WebPage\",\"@id\":\"https:\/\/atelier-diospyros.fr\/index.php\/produit\/sculpture-murale-en-bois-precieux-et-gres\/\",\"url\":\"https:\/\/atelier-diospyros.fr\/index.php\/produit\/sculpture-murale-en-bois-precieux-et-gres\/\",\"name\":\"Sculpture murale en bois pr\u00e9cieux et gr\u00e8s - Outre terre et bois -\",\"isPartOf\":{\"@id\":\"https:\/\/atelier-diospyros.fr\/#website\"},\"primaryImageOfPage\":{\"@id\":\"https:\/\/atelier-diospyros.fr\/index.php\/produit\/sculpture-murale-en-bois-precieux-et-gres\/#primaryimage\"},\"image\":{\"@id\":\"https:\/\/atelier-diospyros.fr\/index.php\/produit\/sculpture-murale-en-bois-precieux-et-gres\/#primaryimage\"},\"thumbnailUrl\":\"https:\/\/atelier-diospyros.fr\/wp-content\/uploads\/2023\/08\/IMG_20230823_104920-scaled.jpg\",\"datePublished\":\"2023-08-23T08:57:38+00:00\",\"dateModified\":\"2024-09-14T09:16:12+00:00\",\"description\":\"Oeuvre inspir\u00e9e du travail de Pierre Soulage, cette Sculpture murale en bois pr\u00e9cieux et gr\u00e8s est fabriqu\u00e9e en Bretagne.\",\"breadcrumb\":{\"@id\":\"https:\/\/atelier-diospyros.fr\/index.php\/produit\/sculpture-murale-en-bois-precieux-et-gres\/#breadcrumb\"},\"inLanguage\":\"fr-FR\",\"potentialAction\":[{\"@type\":\"ReadAction\",\"target\":[\"https:\/\/atelier-diospyros.fr\/index.php\/produit\/sculpture-murale-en-bois-precieux-et-gres\/\"]}]},{\"@type\":\"ImageObject\",\"inLanguage\":\"fr-FR\",\"@id\":\"https:\/\/atelier-diospyros.fr\/index.php\/produit\/sculpture-murale-en-bois-precieux-et-gres\/#primaryimage\",\"url\":\"https:\/\/atelier-diospyros.fr\/wp-content\/uploads\/2023\/08\/IMG_20230823_104920-scaled.jpg\",\"contentUrl\":\"https:\/\/atelier-diospyros.fr\/wp-content\/uploads\/2023\/08\/IMG_20230823_104920-scaled.jpg\",\"width\":1441,\"height\":2560},{\"@type\":\"BreadcrumbList\",\"@id\":\"https:\/\/atelier-diospyros.fr\/index.php\/produit\/sculpture-murale-en-bois-precieux-et-gres\/#breadcrumb\",\"itemListElement\":[{\"@type\":\"ListItem\",\"position\":1,\"name\":\"Accueil\",\"item\":\"https:\/\/atelier-diospyros.fr\/\"},{\"@type\":\"ListItem\",\"position\":2,\"name\":\"Boutique\",\"item\":\"https:\/\/atelier-diospyros.fr\/index.php\/boutique\/\"},{\"@type\":\"ListItem\",\"position\":3,\"name\":\"Sculpture murale en bois pr\u00e9cieux et gr\u00e8s &#8211; Outre terre et bois\"}]},{\"@type\":\"WebSite\",\"@id\":\"https:\/\/atelier-diospyros.fr\/#website\",\"url\":\"https:\/\/atelier-diospyros.fr\/\",\"name\":\"Atelier Diospyros &amp; Cl\u00e9mence Quitterel\",\"description\":\"Objets en bois precieux et Cyanotypes : bijoux, d\u00e9coration d&#039;interieur, noeud papillon en bois, planches a decouper\",\"potentialAction\":[{\"@type\":\"SearchAction\",\"target\":{\"@type\":\"EntryPoint\",\"urlTemplate\":\"https:\/\/atelier-diospyros.fr\/?s={search_term_string}\"},\"query-input\":{\"@type\":\"PropertyValueSpecification\",\"valueRequired\":true,\"valueName\":\"search_term_string\"}}],\"inLanguage\":\"fr-FR\"}]}<\/script>\n<!-- \/ Yoast SEO plugin. -->","yoast_head_json":{"title":"Sculpture murale en bois pr\u00e9cieux et gr\u00e8s - Outre terre et bois -","description":"Oeuvre inspir\u00e9e du travail de Pierre Soulage, cette Sculpture murale en bois pr\u00e9cieux et gr\u00e8s est fabriqu\u00e9e en Bretagne.","robots":{"index":"index","follow":"follow","max-snippet":"max-snippet:-1","max-image-preview":"max-image-preview:large","max-video-preview":"max-video-preview:-1"},"canonical":"https:\/\/atelier-diospyros.fr\/index.php\/produit\/sculpture-murale-en-bois-precieux-et-gres\/","og_locale":"fr_FR","og_type":"article","og_title":"Sculpture murale en bois pr\u00e9cieux et gr\u00e8s - Outre terre et bois -","og_description":"Oeuvre inspir\u00e9e du travail de Pierre Soulage, cette Sculpture murale en bois pr\u00e9cieux et gr\u00e8s est fabriqu\u00e9e en Bretagne.","og_url":"https:\/\/atelier-diospyros.fr\/index.php\/produit\/sculpture-murale-en-bois-precieux-et-gres\/","og_site_name":"Atelier Diospyros &amp; Cl\u00e9mence Quitterel","article_modified_time":"2024-09-14T09:16:12+00:00","og_image":[{"width":1441,"height":2560,"url":"https:\/\/atelier-diospyros.fr\/wp-content\/uploads\/2023\/08\/IMG_20230823_104920-scaled.jpg","type":"image\/jpeg"}],"twitter_card":"summary_large_image","twitter_misc":{"Dur\u00e9e de lecture estim\u00e9e":"2 minutes"},"schema":{"@context":"https:\/\/schema.org","@graph":[{"@type":"WebPage","@id":"https:\/\/atelier-diospyros.fr\/index.php\/produit\/sculpture-murale-en-bois-precieux-et-gres\/","url":"https:\/\/atelier-diospyros.fr\/index.php\/produit\/sculpture-murale-en-bois-precieux-et-gres\/","name":"Sculpture murale en bois pr\u00e9cieux et gr\u00e8s - Outre terre et bois -","isPartOf":{"@id":"https:\/\/atelier-diospyros.fr\/#website"},"primaryImageOfPage":{"@id":"https:\/\/atelier-diospyros.fr\/index.php\/produit\/sculpture-murale-en-bois-precieux-et-gres\/#primaryimage"},"image":{"@id":"https:\/\/atelier-diospyros.fr\/index.php\/produit\/sculpture-murale-en-bois-precieux-et-gres\/#primaryimage"},"thumbnailUrl":"https:\/\/atelier-diospyros.fr\/wp-content\/uploads\/2023\/08\/IMG_20230823_104920-scaled.jpg","datePublished":"2023-08-23T08:57:38+00:00","dateModified":"2024-09-14T09:16:12+00:00","description":"Oeuvre inspir\u00e9e du travail de Pierre Soulage, cette Sculpture murale en bois pr\u00e9cieux et gr\u00e8s est fabriqu\u00e9e en Bretagne.","breadcrumb":{"@id":"https:\/\/atelier-diospyros.fr\/index.php\/produit\/sculpture-murale-en-bois-precieux-et-gres\/#breadcrumb"},"inLanguage":"fr-FR","potentialAction":[{"@type":"ReadAction","target":["https:\/\/atelier-diospyros.fr\/index.php\/produit\/sculpture-murale-en-bois-precieux-et-gres\/"]}]},{"@type":"ImageObject","inLanguage":"fr-FR","@id":"https:\/\/atelier-diospyros.fr\/index.php\/produit\/sculpture-murale-en-bois-precieux-et-gres\/#primaryimage","url":"https:\/\/atelier-diospyros.fr\/wp-content\/uploads\/2023\/08\/IMG_20230823_104920-scaled.jpg","contentUrl":"https:\/\/atelier-diospyros.fr\/wp-content\/uploads\/2023\/08\/IMG_20230823_104920-scaled.jpg","width":1441,"height":2560},{"@type":"BreadcrumbList","@id":"https:\/\/atelier-diospyros.fr\/index.php\/produit\/sculpture-murale-en-bois-precieux-et-gres\/#breadcrumb","itemListElement":[{"@type":"ListItem","position":1,"name":"Accueil","item":"https:\/\/atelier-diospyros.fr\/"},{"@type":"ListItem","position":2,"name":"Boutique","item":"https:\/\/atelier-diospyros.fr\/index.php\/boutique\/"},{"@type":"ListItem","position":3,"name":"Sculpture murale en bois pr\u00e9cieux et gr\u00e8s &#8211; Outre terre et bois"}]},{"@type":"WebSite","@id":"https:\/\/atelier-diospyros.fr\/#website","url":"https:\/\/atelier-diospyros.fr\/","name":"Atelier Diospyros &amp; Cl\u00e9mence Quitterel","description":"Objets en bois precieux et Cyanotypes : bijoux, d\u00e9coration d&#039;interieur, noeud papillon en bois, planches a decouper","potentialAction":[{"@type":"SearchAction","target":{"@type":"EntryPoint","urlTemplate":"https:\/\/atelier-diospyros.fr\/?s={search_term_string}"},"query-input":{"@type":"PropertyValueSpecification","valueRequired":true,"valueName":"search_term_string"}}],"inLanguage":"fr-FR"}]}},"jetpack_sharing_enabled":true,"_links":{"self":[{"href":"https:\/\/atelier-diospyros.fr\/index.php\/wp-json\/wp\/v2\/product\/10159"}],"collection":[{"href":"https:\/\/atelier-diospyros.fr\/index.php\/wp-json\/wp\/v2\/product"}],"about":[{"href":"https:\/\/atelier-diospyros.fr\/index.php\/wp-json\/wp\/v2\/types\/product"}],"wp:featuredmedia":[{"embeddable":true,"href":"https:\/\/atelier-diospyros.fr\/index.php\/wp-json\/wp\/v2\/media\/10225"}],"wp:attachment":[{"href":"https:\/\/atelier-diospyros.fr\/index.php\/wp-json\/wp\/v2\/media?parent=10159"}],"wp:term":[{"taxonomy":"product_cat","embeddable":true,"href":"https:\/\/atelier-diospyros.fr\/index.php\/wp-json\/wp\/v2\/product_cat?post=10159"},{"taxonomy":"product_tag","embeddable":true,"href":"https:\/\/atelier-diospyros.fr\/index.php\/wp-json\/wp\/v2\/product_tag?post=10159"}],"curies":[{"name":"wp","href":"https:\/\/api.w.org\/{rel}","templated":true}]}}