{"id":10103,"date":"2023-08-22T15:42:04","date_gmt":"2023-08-22T13:42:04","guid":{"rendered":"https:\/\/atelier-diospyros.fr\/?post_type=product&#038;p=10103"},"modified":"2023-09-02T16:18:57","modified_gmt":"2023-09-02T14:18:57","slug":"collier-inti-en-bois","status":"publish","type":"product","link":"https:\/\/atelier-diospyros.fr\/index.php\/produit\/collier-inti-en-bois\/","title":{"rendered":"Colliers Inti en bois"},"content":{"rendered":"[vc_row][vc_column][vc_column_text]<strong>Collier<em>\u00a0Inti<\/em> en bois d&rsquo;amarante, de buis ou d&rsquo;\u00e9b\u00e8ne,<\/strong> plaqu\u00e9 argent et d\u00e9coup\u00e9es \u00e0 la main.<\/p>\n<p>Dans un soucis de qualit\u00e9, nous d\u00e9coupons la tige en aluminium \u00e0 la main. Nous utilisons une scie bocfil qui est un outil de bijoutier. Nous avons cr\u00e9e un losange de bois ponc\u00e9 puis huil\u00e9 pour lui donner de l\u2019\u00e9clat. Le collier est une chaine de 45 cm plaqu\u00e9e argent.<\/p>\n<p>Graphique et l\u00e9ger, ce collier <em>Inti<\/em> en bois convient aussi bien pour les occasions comme le quotidien. Lumineuse,<a href=\"https:\/\/atelier-diospyros.fr\/index.php\/etiquette-produit\/collection-inti\/\"> la collection <em>Inti<\/em><\/a> tire son nom d&rsquo;Inti, le roi du soleil inca et de la f\u00eate du soleil inca, en souvenir d&rsquo;un long voyage en Am\u00e9rique latine que nous avons v\u00e9cu. La tige en laiton bross\u00e9 se balance telle un rayon de soleil au gr\u00e9 de vos mouvements !<\/p>\n<p>Un bijou tout l\u00e9ger pour l&rsquo;\u00e9t\u00e9 !<\/p>\n<h5 dir=\"auto\"><a href=\"https:\/\/fr.wikipedia.org\/wiki\/Buis\">Buis<\/a>, <a href=\"https:\/\/fr.wikipedia.org\/wiki\/%C3%89b%C3%A8ne\">\u00e9b\u00e8ne<\/a> et <a href=\"https:\/\/fr.wikipedia.org\/wiki\/Amarante_(plante)\">amarante<\/a>, ce sont les trois essences de bois que nous avons choisi pour cette nouvelle collection de bijou \ud835\udc3c\ud835\udc5b\ud835\udc61\ud835\udc56 !<\/h5>\n<div dir=\"auto\"><\/div>\n<div dir=\"auto\">Choisissez le bois de votre bijou parmi les trois essences de bois disponibles dans la cat\u00e9gorie <em>bois<\/em>.<\/div>\n<div dir=\"auto\"><\/div>\n[\/vc_column_text][\/vc_column][\/vc_row][vc_row][vc_column][vc_column_text]\n<div class=\"vc_row wpb_row vc_row-fluid\">\n<div class=\"wpb_column vc_column_container vc_col-sm-12\">\n<div class=\"vc_column-inner\">\n<div class=\"wpb_wrapper\">\n<div class=\"wpb_text_column wpb_content_element \">\n<div class=\"wpb_wrapper\">\n<p><span style=\"color: #808080;\"><em>Nos cr\u00e9ations sont issues d\u2019une d\u00e9marche \u00e9co-responsable.<\/em><em> Ainsi, nous n\u2019utilisons que des chutes de bois pour notre mati\u00e8re premi\u00e8re, le bois pr\u00e9cieux.<\/em><br \/>\nLa valorisation est au c\u0153ur de notre m\u00e9tier. Parce que nous sommes conscients de la valeur inestimable de ces bois rares, nous n\u2019utilisons que des chutes de bois que nous achetons en France. Nos bois sont simplement nourris et prot\u00e9g\u00e9s \u00e0 l\u2019huile de lin. <\/span><\/p>\n<p><span style=\"color: #808080;\"><em>\u00c0 la mani\u00e8re des pierres pr\u00e9cieuses, nous fa\u00e7onnons nos cr\u00e9ations \u00e0 la main dans une esth\u00e9tique min\u00e9rale et g\u00e9om\u00e9trique.<\/em><\/span><\/p>\n<\/div>\n<\/div>\n<\/div>\n<\/div>\n<\/div>\n<\/div>\n","protected":false},"excerpt":{"rendered":"<p><span style=\"color: #808080;\"><em>Livraison : nos cr\u00e9ations sont envoy\u00e9es en lettre suivie dans un d\u00e9lai de 3 \u00e0 5 jours \u00e0 r\u00e9ception du paiement.<\/em>\u00a0<\/span><\/p>\n","protected":false},"featured_media":10095,"template":"","meta":[],"product_cat":[27,111],"product_tag":[287,195,182,63,66,242,347,65,64,31],"class_list":{"0":"post-10103","1":"product","2":"type-product","3":"status-publish","4":"has-post-thumbnail","6":"product_cat-bijoux","7":"product_cat-collier","8":"product_tag-amarante","9":"product_tag-artisanal","10":"product_tag-bois","11":"product_tag-buis","12":"product_tag-collection-inti","13":"product_tag-collier","14":"product_tag-creoles","15":"product_tag-ebene","16":"product_tag-idee-cadeau-femme","17":"product_tag-losange","19":"first","20":"instock","21":"featured","22":"shipping-taxable","23":"purchasable","24":"product-type-variable"},"yoast_head":"<!-- This site is optimized with the Yoast SEO plugin v24.2 - https:\/\/yoast.com\/wordpress\/plugins\/seo\/ -->\n<title>Colliers Inti en bois - Cr\u00e9ations en bois fabriqu\u00e9es \u00e0 Foug\u00e8res<\/title>\n<meta name=\"description\" content=\"Collier Inti en m\u00e9tal et bois d&#039;amarante, de buis ou d&#039;\u00e9b\u00e8ne. Cha\u00eene en placage argent. Fabrication artisanale en Bretagne.\" \/>\n<meta name=\"robots\" content=\"index, follow, max-snippet:-1, max-image-preview:large, max-video-preview:-1\" \/>\n<link rel=\"canonical\" href=\"https:\/\/atelier-diospyros.fr\/index.php\/produit\/collier-inti-en-bois\/\" \/>\n<meta property=\"og:locale\" content=\"fr_FR\" \/>\n<meta property=\"og:type\" content=\"article\" \/>\n<meta property=\"og:title\" content=\"Colliers Inti en bois - Cr\u00e9ations en bois fabriqu\u00e9es \u00e0 Foug\u00e8res\" \/>\n<meta property=\"og:description\" content=\"Collier Inti en m\u00e9tal et bois d&#039;amarante, de buis ou d&#039;\u00e9b\u00e8ne. Cha\u00eene en placage argent. Fabrication artisanale en Bretagne.\" \/>\n<meta property=\"og:url\" content=\"https:\/\/atelier-diospyros.fr\/index.php\/produit\/collier-inti-en-bois\/\" \/>\n<meta property=\"og:site_name\" content=\"Atelier Diospyros &amp; Cl\u00e9mence Quitterel\" \/>\n<meta property=\"article:modified_time\" content=\"2023-09-02T14:18:57+00:00\" \/>\n<meta property=\"og:image\" content=\"https:\/\/atelier-diospyros.fr\/wp-content\/uploads\/2023\/05\/IMG_20230822_100938.jpg\" \/>\n\t<meta property=\"og:image:width\" content=\"1700\" \/>\n\t<meta property=\"og:image:height\" content=\"1700\" \/>\n\t<meta property=\"og:image:type\" content=\"image\/jpeg\" \/>\n<meta name=\"twitter:card\" content=\"summary_large_image\" \/>\n<meta name=\"twitter:label1\" content=\"Dur\u00e9e de lecture estim\u00e9e\" \/>\n\t<meta name=\"twitter:data1\" content=\"2 minutes\" \/>\n<script type=\"application\/ld+json\" class=\"yoast-schema-graph\">{\"@context\":\"https:\/\/schema.org\",\"@graph\":[{\"@type\":\"WebPage\",\"@id\":\"https:\/\/atelier-diospyros.fr\/index.php\/produit\/collier-inti-en-bois\/\",\"url\":\"https:\/\/atelier-diospyros.fr\/index.php\/produit\/collier-inti-en-bois\/\",\"name\":\"Colliers Inti en bois - Cr\u00e9ations en bois fabriqu\u00e9es \u00e0 Foug\u00e8res\",\"isPartOf\":{\"@id\":\"https:\/\/atelier-diospyros.fr\/#website\"},\"primaryImageOfPage\":{\"@id\":\"https:\/\/atelier-diospyros.fr\/index.php\/produit\/collier-inti-en-bois\/#primaryimage\"},\"image\":{\"@id\":\"https:\/\/atelier-diospyros.fr\/index.php\/produit\/collier-inti-en-bois\/#primaryimage\"},\"thumbnailUrl\":\"https:\/\/atelier-diospyros.fr\/wp-content\/uploads\/2023\/05\/IMG_20230822_100938.jpg\",\"datePublished\":\"2023-08-22T13:42:04+00:00\",\"dateModified\":\"2023-09-02T14:18:57+00:00\",\"description\":\"Collier Inti en m\u00e9tal et bois d'amarante, de buis ou d'\u00e9b\u00e8ne. Cha\u00eene en placage argent. Fabrication artisanale en Bretagne.\",\"breadcrumb\":{\"@id\":\"https:\/\/atelier-diospyros.fr\/index.php\/produit\/collier-inti-en-bois\/#breadcrumb\"},\"inLanguage\":\"fr-FR\",\"potentialAction\":[{\"@type\":\"ReadAction\",\"target\":[\"https:\/\/atelier-diospyros.fr\/index.php\/produit\/collier-inti-en-bois\/\"]}]},{\"@type\":\"ImageObject\",\"inLanguage\":\"fr-FR\",\"@id\":\"https:\/\/atelier-diospyros.fr\/index.php\/produit\/collier-inti-en-bois\/#primaryimage\",\"url\":\"https:\/\/atelier-diospyros.fr\/wp-content\/uploads\/2023\/05\/IMG_20230822_100938.jpg\",\"contentUrl\":\"https:\/\/atelier-diospyros.fr\/wp-content\/uploads\/2023\/05\/IMG_20230822_100938.jpg\",\"width\":1700,\"height\":1700,\"caption\":\"Colliers argent\u00e9s en bois d'amarante buis \u00e9b\u00e8ne\"},{\"@type\":\"BreadcrumbList\",\"@id\":\"https:\/\/atelier-diospyros.fr\/index.php\/produit\/collier-inti-en-bois\/#breadcrumb\",\"itemListElement\":[{\"@type\":\"ListItem\",\"position\":1,\"name\":\"Accueil\",\"item\":\"https:\/\/atelier-diospyros.fr\/\"},{\"@type\":\"ListItem\",\"position\":2,\"name\":\"Boutique\",\"item\":\"https:\/\/atelier-diospyros.fr\/index.php\/boutique\/\"},{\"@type\":\"ListItem\",\"position\":3,\"name\":\"Colliers Inti en bois\"}]},{\"@type\":\"WebSite\",\"@id\":\"https:\/\/atelier-diospyros.fr\/#website\",\"url\":\"https:\/\/atelier-diospyros.fr\/\",\"name\":\"Atelier Diospyros &amp; Cl\u00e9mence Quitterel\",\"description\":\"Objets en bois precieux et Cyanotypes : bijoux, d\u00e9coration d&#039;interieur, noeud papillon en bois, planches a decouper\",\"potentialAction\":[{\"@type\":\"SearchAction\",\"target\":{\"@type\":\"EntryPoint\",\"urlTemplate\":\"https:\/\/atelier-diospyros.fr\/?s={search_term_string}\"},\"query-input\":{\"@type\":\"PropertyValueSpecification\",\"valueRequired\":true,\"valueName\":\"search_term_string\"}}],\"inLanguage\":\"fr-FR\"}]}<\/script>\n<!-- \/ Yoast SEO plugin. -->","yoast_head_json":{"title":"Colliers Inti en bois - Cr\u00e9ations en bois fabriqu\u00e9es \u00e0 Foug\u00e8res","description":"Collier Inti en m\u00e9tal et bois d'amarante, de buis ou d'\u00e9b\u00e8ne. Cha\u00eene en placage argent. Fabrication artisanale en Bretagne.","robots":{"index":"index","follow":"follow","max-snippet":"max-snippet:-1","max-image-preview":"max-image-preview:large","max-video-preview":"max-video-preview:-1"},"canonical":"https:\/\/atelier-diospyros.fr\/index.php\/produit\/collier-inti-en-bois\/","og_locale":"fr_FR","og_type":"article","og_title":"Colliers Inti en bois - Cr\u00e9ations en bois fabriqu\u00e9es \u00e0 Foug\u00e8res","og_description":"Collier Inti en m\u00e9tal et bois d'amarante, de buis ou d'\u00e9b\u00e8ne. Cha\u00eene en placage argent. Fabrication artisanale en Bretagne.","og_url":"https:\/\/atelier-diospyros.fr\/index.php\/produit\/collier-inti-en-bois\/","og_site_name":"Atelier Diospyros &amp; Cl\u00e9mence Quitterel","article_modified_time":"2023-09-02T14:18:57+00:00","og_image":[{"width":1700,"height":1700,"url":"https:\/\/atelier-diospyros.fr\/wp-content\/uploads\/2023\/05\/IMG_20230822_100938.jpg","type":"image\/jpeg"}],"twitter_card":"summary_large_image","twitter_misc":{"Dur\u00e9e de lecture estim\u00e9e":"2 minutes"},"schema":{"@context":"https:\/\/schema.org","@graph":[{"@type":"WebPage","@id":"https:\/\/atelier-diospyros.fr\/index.php\/produit\/collier-inti-en-bois\/","url":"https:\/\/atelier-diospyros.fr\/index.php\/produit\/collier-inti-en-bois\/","name":"Colliers Inti en bois - Cr\u00e9ations en bois fabriqu\u00e9es \u00e0 Foug\u00e8res","isPartOf":{"@id":"https:\/\/atelier-diospyros.fr\/#website"},"primaryImageOfPage":{"@id":"https:\/\/atelier-diospyros.fr\/index.php\/produit\/collier-inti-en-bois\/#primaryimage"},"image":{"@id":"https:\/\/atelier-diospyros.fr\/index.php\/produit\/collier-inti-en-bois\/#primaryimage"},"thumbnailUrl":"https:\/\/atelier-diospyros.fr\/wp-content\/uploads\/2023\/05\/IMG_20230822_100938.jpg","datePublished":"2023-08-22T13:42:04+00:00","dateModified":"2023-09-02T14:18:57+00:00","description":"Collier Inti en m\u00e9tal et bois d'amarante, de buis ou d'\u00e9b\u00e8ne. Cha\u00eene en placage argent. Fabrication artisanale en Bretagne.","breadcrumb":{"@id":"https:\/\/atelier-diospyros.fr\/index.php\/produit\/collier-inti-en-bois\/#breadcrumb"},"inLanguage":"fr-FR","potentialAction":[{"@type":"ReadAction","target":["https:\/\/atelier-diospyros.fr\/index.php\/produit\/collier-inti-en-bois\/"]}]},{"@type":"ImageObject","inLanguage":"fr-FR","@id":"https:\/\/atelier-diospyros.fr\/index.php\/produit\/collier-inti-en-bois\/#primaryimage","url":"https:\/\/atelier-diospyros.fr\/wp-content\/uploads\/2023\/05\/IMG_20230822_100938.jpg","contentUrl":"https:\/\/atelier-diospyros.fr\/wp-content\/uploads\/2023\/05\/IMG_20230822_100938.jpg","width":1700,"height":1700,"caption":"Colliers argent\u00e9s en bois d'amarante buis \u00e9b\u00e8ne"},{"@type":"BreadcrumbList","@id":"https:\/\/atelier-diospyros.fr\/index.php\/produit\/collier-inti-en-bois\/#breadcrumb","itemListElement":[{"@type":"ListItem","position":1,"name":"Accueil","item":"https:\/\/atelier-diospyros.fr\/"},{"@type":"ListItem","position":2,"name":"Boutique","item":"https:\/\/atelier-diospyros.fr\/index.php\/boutique\/"},{"@type":"ListItem","position":3,"name":"Colliers Inti en bois"}]},{"@type":"WebSite","@id":"https:\/\/atelier-diospyros.fr\/#website","url":"https:\/\/atelier-diospyros.fr\/","name":"Atelier Diospyros &amp; Cl\u00e9mence Quitterel","description":"Objets en bois precieux et Cyanotypes : bijoux, d\u00e9coration d&#039;interieur, noeud papillon en bois, planches a decouper","potentialAction":[{"@type":"SearchAction","target":{"@type":"EntryPoint","urlTemplate":"https:\/\/atelier-diospyros.fr\/?s={search_term_string}"},"query-input":{"@type":"PropertyValueSpecification","valueRequired":true,"valueName":"search_term_string"}}],"inLanguage":"fr-FR"}]}},"jetpack_sharing_enabled":true,"_links":{"self":[{"href":"https:\/\/atelier-diospyros.fr\/index.php\/wp-json\/wp\/v2\/product\/10103"}],"collection":[{"href":"https:\/\/atelier-diospyros.fr\/index.php\/wp-json\/wp\/v2\/product"}],"about":[{"href":"https:\/\/atelier-diospyros.fr\/index.php\/wp-json\/wp\/v2\/types\/product"}],"wp:featuredmedia":[{"embeddable":true,"href":"https:\/\/atelier-diospyros.fr\/index.php\/wp-json\/wp\/v2\/media\/10095"}],"wp:attachment":[{"href":"https:\/\/atelier-diospyros.fr\/index.php\/wp-json\/wp\/v2\/media?parent=10103"}],"wp:term":[{"taxonomy":"product_cat","embeddable":true,"href":"https:\/\/atelier-diospyros.fr\/index.php\/wp-json\/wp\/v2\/product_cat?post=10103"},{"taxonomy":"product_tag","embeddable":true,"href":"https:\/\/atelier-diospyros.fr\/index.php\/wp-json\/wp\/v2\/product_tag?post=10103"}],"curies":[{"name":"wp","href":"https:\/\/api.w.org\/{rel}","templated":true}]}}