{"id":341,"date":"2019-11-14T14:21:06","date_gmt":"2019-11-14T13:21:06","guid":{"rendered":"https:\/\/atelier-diospyros.fr\/?page_id=341"},"modified":"2022-08-25T10:26:03","modified_gmt":"2022-08-25T08:26:03","slug":"mentions-legales","status":"publish","type":"page","link":"https:\/\/atelier-diospyros.fr\/index.php\/mentions-legales\/","title":{"rendered":"Mentions l\u00e9gales"},"content":{"rendered":"<div id=\"pageheader\" class=\"titleclass\">\n<div class=\"container\">\n<div class=\"page-header\">\n<h1 class=\"entry-title\">Mentions l\u00e9gales<\/h1>\n<\/div>\n<\/div>\n<\/div>\n<div id=\"content\" class=\"container container-contained\">\n<div class=\"row\">\n<div class=\"main col-md-12\" role=\"main\">\n<div class=\"entry-content\">\n<div class=\"vc_row wpb_row vc_row-fluid\">\n<div class=\"wpb_column vc_column_container vc_col-sm-12\">\n<div class=\"vc_column-inner\">\n<div class=\"wpb_wrapper\">\n<div class=\"wpb_text_column wpb_content_element \">\n<div class=\"wpb_wrapper\">\n<p>GIE Atelier Diospyros<br \/>\nCl\u00e9mence Quitterel\u00a0 et Antoine Buron<br \/>\n28 rue nationale<br \/>\n35300 Foug\u00e8res<\/p>\n<p>Groupement d&rsquo;int\u00e9r\u00eat \u00e9conomique Atelier diospyros<br \/>\nImmatricul\u00e9 au RCS de Rennes : 881 558 258<\/p>\n<p>Directeurs de publication : GIE Atelier Diospyros<\/p>\n<hr \/>\n<h4><em><strong>H\u00e9bergement :<\/strong><\/em><\/h4>\n<h1>OVH<\/h1>\n<div class=\"marginTop20\">SAS au capital de 10 069 020 \u20ac<br \/>\nRCS Lille M\u00e9tropole 424 761 419 00045<br \/>\nCode APE 2620Z<br \/>\nN\u00b0 TVA : FR 22 424 761 419<br \/>\nSi\u00e8ge social : 2 rue Kellermann &#8211; 59100 Roubaix &#8211; France<\/div>\n<h2>Propri\u00e9t\u00e9 Intellectuelle<\/h2>\n<p>La structure g\u00e9n\u00e9rale ainsi que les logiciels, textes, images, vid\u00e9os, sons, animations, graphismes \u2026 et tout autre \u00e9l\u00e9ment composant le site sont la propri\u00e9t\u00e9 exclusive de Atelier Diospyros, ou bien sont r\u00e9guli\u00e8rement exploit\u00e9s sous licence. Toute repr\u00e9sentation totale ou partielle de ce site par quelque proc\u00e9d\u00e9 que ce soit, sans l\u2019autorisation expresse de GIE Atelier Diospyros, est interdite et constituerait une contrefa\u00e7on sanctionn\u00e9e par les articles L.335-2 et suivants du Code de la propri\u00e9t\u00e9 intellectuelle. L\u2019ensemble des textes et illustrations mis en ligne par GIE Atelier Diospyros est prot\u00e9g\u00e9 par le droit d\u2019auteur et par le droit prot\u00e9geant les bases de donn\u00e9es dont l\u2019Editeur est producteur au sens des articles L 341-1 et suivants du Code de la Propri\u00e9t\u00e9 Intellectuelle.<\/p>\n<h4>Droits d\u2019images<\/h4>\n<p>\u00a9 Toutes les autres images et illustrations de ce site sont la propri\u00e9t\u00e9 exclusive de GIE Atelier Diospyros.<\/p>\n<h2>Liens hypertextes<\/h2>\n<p>GIE Atelier Diospyros d\u00e9cline toute responsabilit\u00e9 sur le contenu des sites dont il n\u2019est pas l\u2019\u00e9diteur et qui sont accessibles par l\u2019interm\u00e9diaire de liens hypertextes.<br \/>\nLes utilisateurs du site \u00abatelier-diospyros.fr\u00bb ne peuvent mettre en place un hyperlien en direction de ce site sans l\u2019autorisation expresse et pr\u00e9alable de GIE Atelier Diospyros.<\/p>\n<h2>Limitation de responsabilit\u00e9<\/h2>\n<p>L\u2019utilisateur utilise le site \u00e0 ses seuls risques. En aucun cas, GIE Atelier Diospyros pourrait \u00eatre tenu responsable des dommages directs ou indirects, et notamment pr\u00e9judice mat\u00e9riel, perte de donn\u00e9es ou de programme, pr\u00e9judice financier, r\u00e9sultant de l\u2019acc\u00e8s ou de l\u2019utilisation de ce site ou de tous sites qui lui sont li\u00e9s. Le contenu du site est pr\u00e9sent\u00e9 sans aucune garantie de quelque nature que ce soit.<br \/>\nLes informations sur les produits et leurs caract\u00e9ristiques correspondent \u00e0 une d\u00e9finition au moment de la mise en ligne ou des mises \u00e0 jour des diff\u00e9rentes pages du site ; elles ne sont donn\u00e9es qu\u2019\u00e0 titre indicatif et ne sauraient \u00eatre consid\u00e9r\u00e9es comme constituant une offre contractuelle de produits ou services \u00e9manant de GIE Atelier Diospyros. Des erreurs ou omissions peuvent survenir.<br \/>\nL\u2019acc\u00e8s aux produits et services pr\u00e9sent\u00e9s sur le site peut faire l\u2019objet de restrictions. Vous devez donc vous assurer que la loi du pays \u00e0 partir duquel la connexion est \u00e9tablie vous autorise \u00e0 acc\u00e9der \u00e0 notre site.<\/p>\n<div class=\"wpb_text_column wpb_content_element \">\n<div class=\"wpb_wrapper\">\n<h4>Cookies<\/h4>\n<p>Nous souhaitons implanter un cookie dans votre ordinateur. Un cookie ne nous permet pas de vous identifier; en revanche, il enregistre des informations relatives \u00e0 la navigation de votre ordinateur sur notre site (les pages que vous avez consult\u00e9es, la date et l\u2019heure de la consultation, etc.) que nous pourrons lire lors de vos visites ult\u00e9rieures. La dur\u00e9e de conservation de ces informations dans votre ordinateur n\u2019exc\u00e8de pas un an.<br \/>\nNous vous informons que vous pouvez vous opposer \u00e0 l\u2019enregistrement de \u201ccookies\u201d en param\u00e9trant votre navigateur.<\/p>\n<\/div>\n<\/div>\n<div class=\"wpb_text_column wpb_content_element \">\n<div class=\"wpb_wrapper\">\n<h4>Donn\u00e9es nominatives :<\/h4>\n<p>En application de la Loi n\u00b0 78-17 du 6 janvier 1978 relative \u00e0 l\u2019Informatique, aux Fichiers et aux Libert\u00e9s, vous disposez des droits d\u2019opposition (art. 26 de la loi), d\u2019acc\u00e8s (art.34 \u00e0 38 de la loi) et de rectification (art. 36 de la loi) des donn\u00e9es vous concernant. Ainsi, vous pouvez nous contacter pour que soient rectifi\u00e9es, compl\u00e9t\u00e9es, mises \u00e0 jour ou effac\u00e9es les informations vous concernant qui sont inexactes, incompl\u00e8tes, \u00e9quivoques, p\u00e9rim\u00e9es ou dont la collecte ou l\u2019utilisation, la communication ou la conservation est interdite. Les informations qui vous concernent sont uniquement destin\u00e9es \u00e0 GIE Atelier Diospyros. Nous ne transmettons ces informations \u00e0 aucun tiers (partenaires commerciaux, etc).<\/p>\n<\/div>\n<\/div>\n<\/div>\n<\/div>\n<\/div>\n<\/div>\n<\/div>\n<\/div>\n<\/div>\n<\/div>\n<\/div>\n<\/div>\n","protected":false},"excerpt":{"rendered":"<p>Mentions l\u00e9gales GIE Atelier Diospyros Cl\u00e9mence Quitterel\u00a0 et Antoine Buron 28 rue nationale 35300 Foug\u00e8res Groupement d&rsquo;int\u00e9r\u00eat \u00e9conomique Atelier diospyros Immatricul\u00e9 au RCS de Rennes : 881 558 258 Directeurs de publication : GIE Atelier Diospyros H\u00e9bergement : OVH SAS &hellip; <a class=\"kt-excerpt-readmore\" href=\"https:\/\/atelier-diospyros.fr\/index.php\/mentions-legales\/\" aria-label=\"Mentions l\u00e9gales\">Lire la suite<\/a><\/p>\n","protected":false},"author":17,"featured_media":0,"parent":0,"menu_order":0,"comment_status":"closed","ping_status":"closed","template":"","meta":{"footnotes":""},"class_list":["post-341","page","type-page","status-publish","hentry"],"yoast_head":"<!-- This site is optimized with the Yoast SEO plugin v24.2 - https:\/\/yoast.com\/wordpress\/plugins\/seo\/ -->\n<title>Mentions l\u00e9gales - Atelier Diospyros &amp; Cl\u00e9mence Quitterel<\/title>\n<meta name=\"robots\" content=\"index, follow, max-snippet:-1, max-image-preview:large, max-video-preview:-1\" \/>\n<link rel=\"canonical\" href=\"https:\/\/atelier-diospyros.fr\/index.php\/mentions-legales\/\" \/>\n<meta property=\"og:locale\" content=\"fr_FR\" \/>\n<meta property=\"og:type\" content=\"article\" \/>\n<meta property=\"og:title\" content=\"Mentions l\u00e9gales - Atelier Diospyros &amp; Cl\u00e9mence Quitterel\" \/>\n<meta property=\"og:description\" content=\"Mentions l\u00e9gales GIE Atelier Diospyros Cl\u00e9mence Quitterel\u00a0 et Antoine Buron 28 rue nationale 35300 Foug\u00e8res Groupement d&rsquo;int\u00e9r\u00eat \u00e9conomique Atelier diospyros Immatricul\u00e9 au RCS de Rennes : 881 558 258 Directeurs de publication : GIE Atelier Diospyros H\u00e9bergement : OVH SAS &hellip; Lire la suite\" \/>\n<meta property=\"og:url\" content=\"https:\/\/atelier-diospyros.fr\/index.php\/mentions-legales\/\" \/>\n<meta property=\"og:site_name\" content=\"Atelier Diospyros &amp; Cl\u00e9mence Quitterel\" \/>\n<meta property=\"article:modified_time\" content=\"2022-08-25T08:26:03+00:00\" \/>\n<meta name=\"twitter:card\" content=\"summary_large_image\" \/>\n<meta name=\"twitter:label1\" content=\"Dur\u00e9e de lecture estim\u00e9e\" \/>\n\t<meta name=\"twitter:data1\" content=\"3 minutes\" \/>\n<script type=\"application\/ld+json\" class=\"yoast-schema-graph\">{\"@context\":\"https:\/\/schema.org\",\"@graph\":[{\"@type\":\"WebPage\",\"@id\":\"https:\/\/atelier-diospyros.fr\/index.php\/mentions-legales\/\",\"url\":\"https:\/\/atelier-diospyros.fr\/index.php\/mentions-legales\/\",\"name\":\"Mentions l\u00e9gales - Atelier Diospyros &amp; Cl\u00e9mence Quitterel\",\"isPartOf\":{\"@id\":\"https:\/\/atelier-diospyros.fr\/#website\"},\"datePublished\":\"2019-11-14T13:21:06+00:00\",\"dateModified\":\"2022-08-25T08:26:03+00:00\",\"breadcrumb\":{\"@id\":\"https:\/\/atelier-diospyros.fr\/index.php\/mentions-legales\/#breadcrumb\"},\"inLanguage\":\"fr-FR\",\"potentialAction\":[{\"@type\":\"ReadAction\",\"target\":[\"https:\/\/atelier-diospyros.fr\/index.php\/mentions-legales\/\"]}]},{\"@type\":\"BreadcrumbList\",\"@id\":\"https:\/\/atelier-diospyros.fr\/index.php\/mentions-legales\/#breadcrumb\",\"itemListElement\":[{\"@type\":\"ListItem\",\"position\":1,\"name\":\"Accueil\",\"item\":\"https:\/\/atelier-diospyros.fr\/\"},{\"@type\":\"ListItem\",\"position\":2,\"name\":\"Mentions l\u00e9gales\"}]},{\"@type\":\"WebSite\",\"@id\":\"https:\/\/atelier-diospyros.fr\/#website\",\"url\":\"https:\/\/atelier-diospyros.fr\/\",\"name\":\"Atelier Diospyros &amp; Cl\u00e9mence Quitterel\",\"description\":\"Objets en bois precieux et Cyanotypes : bijoux, d\u00e9coration d&#039;interieur, noeud papillon en bois, planches a decouper\",\"potentialAction\":[{\"@type\":\"SearchAction\",\"target\":{\"@type\":\"EntryPoint\",\"urlTemplate\":\"https:\/\/atelier-diospyros.fr\/?s={search_term_string}\"},\"query-input\":{\"@type\":\"PropertyValueSpecification\",\"valueRequired\":true,\"valueName\":\"search_term_string\"}}],\"inLanguage\":\"fr-FR\"}]}<\/script>\n<!-- \/ Yoast SEO plugin. -->","yoast_head_json":{"title":"Mentions l\u00e9gales - Atelier Diospyros &amp; Cl\u00e9mence Quitterel","robots":{"index":"index","follow":"follow","max-snippet":"max-snippet:-1","max-image-preview":"max-image-preview:large","max-video-preview":"max-video-preview:-1"},"canonical":"https:\/\/atelier-diospyros.fr\/index.php\/mentions-legales\/","og_locale":"fr_FR","og_type":"article","og_title":"Mentions l\u00e9gales - Atelier Diospyros &amp; Cl\u00e9mence Quitterel","og_description":"Mentions l\u00e9gales GIE Atelier Diospyros Cl\u00e9mence Quitterel\u00a0 et Antoine Buron 28 rue nationale 35300 Foug\u00e8res Groupement d&rsquo;int\u00e9r\u00eat \u00e9conomique Atelier diospyros Immatricul\u00e9 au RCS de Rennes : 881 558 258 Directeurs de publication : GIE Atelier Diospyros H\u00e9bergement : OVH SAS &hellip; Lire la suite","og_url":"https:\/\/atelier-diospyros.fr\/index.php\/mentions-legales\/","og_site_name":"Atelier Diospyros &amp; Cl\u00e9mence Quitterel","article_modified_time":"2022-08-25T08:26:03+00:00","twitter_card":"summary_large_image","twitter_misc":{"Dur\u00e9e de lecture estim\u00e9e":"3 minutes"},"schema":{"@context":"https:\/\/schema.org","@graph":[{"@type":"WebPage","@id":"https:\/\/atelier-diospyros.fr\/index.php\/mentions-legales\/","url":"https:\/\/atelier-diospyros.fr\/index.php\/mentions-legales\/","name":"Mentions l\u00e9gales - Atelier Diospyros &amp; Cl\u00e9mence Quitterel","isPartOf":{"@id":"https:\/\/atelier-diospyros.fr\/#website"},"datePublished":"2019-11-14T13:21:06+00:00","dateModified":"2022-08-25T08:26:03+00:00","breadcrumb":{"@id":"https:\/\/atelier-diospyros.fr\/index.php\/mentions-legales\/#breadcrumb"},"inLanguage":"fr-FR","potentialAction":[{"@type":"ReadAction","target":["https:\/\/atelier-diospyros.fr\/index.php\/mentions-legales\/"]}]},{"@type":"BreadcrumbList","@id":"https:\/\/atelier-diospyros.fr\/index.php\/mentions-legales\/#breadcrumb","itemListElement":[{"@type":"ListItem","position":1,"name":"Accueil","item":"https:\/\/atelier-diospyros.fr\/"},{"@type":"ListItem","position":2,"name":"Mentions l\u00e9gales"}]},{"@type":"WebSite","@id":"https:\/\/atelier-diospyros.fr\/#website","url":"https:\/\/atelier-diospyros.fr\/","name":"Atelier Diospyros &amp; Cl\u00e9mence Quitterel","description":"Objets en bois precieux et Cyanotypes : bijoux, d\u00e9coration d&#039;interieur, noeud papillon en bois, planches a decouper","potentialAction":[{"@type":"SearchAction","target":{"@type":"EntryPoint","urlTemplate":"https:\/\/atelier-diospyros.fr\/?s={search_term_string}"},"query-input":{"@type":"PropertyValueSpecification","valueRequired":true,"valueName":"search_term_string"}}],"inLanguage":"fr-FR"}]}},"jetpack_sharing_enabled":true,"_links":{"self":[{"href":"https:\/\/atelier-diospyros.fr\/index.php\/wp-json\/wp\/v2\/pages\/341"}],"collection":[{"href":"https:\/\/atelier-diospyros.fr\/index.php\/wp-json\/wp\/v2\/pages"}],"about":[{"href":"https:\/\/atelier-diospyros.fr\/index.php\/wp-json\/wp\/v2\/types\/page"}],"author":[{"embeddable":true,"href":"https:\/\/atelier-diospyros.fr\/index.php\/wp-json\/wp\/v2\/users\/17"}],"replies":[{"embeddable":true,"href":"https:\/\/atelier-diospyros.fr\/index.php\/wp-json\/wp\/v2\/comments?post=341"}],"version-history":[{"count":4,"href":"https:\/\/atelier-diospyros.fr\/index.php\/wp-json\/wp\/v2\/pages\/341\/revisions"}],"predecessor-version":[{"id":9923,"href":"https:\/\/atelier-diospyros.fr\/index.php\/wp-json\/wp\/v2\/pages\/341\/revisions\/9923"}],"wp:attachment":[{"href":"https:\/\/atelier-diospyros.fr\/index.php\/wp-json\/wp\/v2\/media?parent=341"}],"curies":[{"name":"wp","href":"https:\/\/api.w.org\/{rel}","templated":true}]}}