{"id":11082,"date":"2026-02-20T11:45:15","date_gmt":"2026-02-20T10:45:15","guid":{"rendered":"https:\/\/atelier-diospyros.fr\/?page_id=11082"},"modified":"2026-02-20T12:13:23","modified_gmt":"2026-02-20T11:13:23","slug":"bonus-eco-maison-restauration-de-mobilier-ebeniste-35","status":"publish","type":"page","link":"https:\/\/atelier-diospyros.fr\/index.php\/bonus-eco-maison-restauration-de-mobilier-ebeniste-35\/","title":{"rendered":"Bonus \u00c9co Maison pour la restauration de mobilier"},"content":{"rendered":"[vc_row][vc_column][vc_column_text]\n<h2><strong>\u00c0 Montreuil-des-Landes,<br \/>\nun artisan d\u2019art permet de r\u00e9parer ses meubles \u00e0 moindre co\u00fbt gr\u00e2ce au Bonus R\u00e9paration<\/strong><\/h2>\n<p><strong>\u00a0<\/strong><\/p>\n<p>Install\u00e9 \u00e0 <strong>Montreuil-des-Landes (35210), entre Foug\u00e8res et Vitr\u00e9<\/strong>, Antoine Buron, \u00e9b\u00e9niste restaurateur de mobilier, propose d\u00e9sormais \u00e0 ses clients de b\u00e9n\u00e9ficier du <strong>Bonus R\u00e9paration Ecomaison<\/strong>. Une aide financi\u00e8re qui permet aux habitants de faire r\u00e9parer leurs meubles \u00e0 moindre co\u00fbt.[\/vc_column_text][\/vc_column][\/vc_row][vc_row][vc_column width=\u00a0\u00bb2\/3&Prime;][vc_single_image image=\u00a0\u00bb11083&Prime; img_size=\u00a0\u00bblarge\u00a0\u00bb][\/vc_column][vc_column width=\u00a0\u00bb1\/3&Prime;][vc_column_text]\n<h4>18 ans d\u2019exp\u00e9rience en \u00e9b\u00e9nisterie<\/h4>\n<p>Originaire de Touraine, Antoine Buron s\u2019est install\u00e9 en Bretagne en 2014 avant de cr\u00e9er son atelier en Ille-et-Vilaine en 2020. Titulaire d\u2019un Brevet des M\u00e9tiers d\u2019Art et <strong>d\u2019un Dipl\u00f4me des M\u00e9tiers d\u2019Art, il se consacre au travail du bois depuis plus de 18 ans.<\/strong><\/p>\n<p>Dans son atelier, il restaure chaises, armoires, buffets ou tables, de toutes \u00e9poques, en privil\u00e9giant des techniques traditionnelles comme les colles animales ou le vernis au tampon.<\/p>\n<div class=\"addtoany_share_save_container addtoany_content addtoany_content_bottom\"><\/div>\n<p>Sp\u00e9cialiste du mobilier ancien, il restaure votre meuble qu&rsquo;il soit d&rsquo;\u00e9poque ou de famille.[\/vc_column_text][\/vc_column][\/vc_row][vc_row][vc_column width=\u00a0\u00bb1\/2&Prime;][vc_single_image image=\u00a0\u00bb11092&Prime; img_size=\u00a0\u00bblarge\u00a0\u00bb][vc_single_image image=\u00a0\u00bb10311&Prime; img_size=\u00a0\u00bblarge\u00a0\u00bb][\/vc_column][vc_column width=\u00a0\u00bb1\/2&Prime;][vc_column_text]\n<h4>Des r\u00e9ductions directement sur votre facture<\/h4>\n<p>Aujourd\u2019hui, l\u2019artisan est labellis\u00e9 pour proposer le <strong>Bonus R\u00e9paration Ecomaison<\/strong>. Concr\u00e8tement, cette aide se traduit par <strong>une r\u00e9duction directement appliqu\u00e9e sur la facture du client<\/strong>, sans d\u00e9marche administrative.<\/p>\n<h5><em>\u00ab Gr\u00e2ce au Bonus R\u00e9paration, mes clients peuvent \u00e9conomiser entre 30 et 60 euros selon l\u2019intervention et le type de meuble. C\u2019est une aide concr\u00e8te qui rend la r\u00e9paration encore plus accessible. Cela peut concerner une chaise qui bouge, un buffet dont les assemblages se desserrent, un tiroir ancien qui coince ou un pied de table fragilis\u00e9\u2026 Dans bien des cas, ces meubles peuvent \u00eatre r\u00e9par\u00e9s solidement et repartir pour de longues ann\u00e9es \u00bb,<\/em> explique Antoine Buron<\/h5>\n<p>Une d\u00e9marche \u00e0 la fois \u00e9conomique et \u00e9cologique, qui permet de prolonger la vie des meubles tout en soutenant le savoir-faire local.<\/p>\n<p>\u00c0 Montreuil-des-Landes, cette initiative offre ainsi une solution concr\u00e8te aux habitants du Pays de Foug\u00e8res et du secteur de Vitr\u00e9 souhaitant donner une seconde vie \u00e0 leur mobilier.[\/vc_column_text][\/vc_column][\/vc_row][vc_row][vc_column][vc_column_text]\n<h3>Contacter Antoine Buron<\/h3>\n<p>t\u00e9l\u00e9phone : 07 81 15 79 93[\/vc_column_text][\/vc_column][\/vc_row][vc_row][vc_column]\n<div class=\"wpcf7 no-js\" id=\"wpcf7-f10363-o1\" lang=\"fr-FR\" dir=\"ltr\" data-wpcf7-id=\"10363\">\n<div class=\"screen-reader-response\"><p role=\"status\" aria-live=\"polite\" aria-atomic=\"true\"><\/p> <ul><\/ul><\/div>\n<form action=\"\/index.php\/wp-json\/wp\/v2\/pages\/11082#wpcf7-f10363-o1\" method=\"post\" class=\"wpcf7-form init\" aria-label=\"Formulaire de contact\" novalidate=\"novalidate\" data-status=\"init\">\n<div style=\"display: none;\">\n<input type=\"hidden\" name=\"_wpcf7\" value=\"10363\" \/>\n<input type=\"hidden\" name=\"_wpcf7_version\" value=\"6.0.6\" \/>\n<input type=\"hidden\" name=\"_wpcf7_locale\" value=\"fr_FR\" \/>\n<input type=\"hidden\" name=\"_wpcf7_unit_tag\" value=\"wpcf7-f10363-o1\" \/>\n<input type=\"hidden\" name=\"_wpcf7_container_post\" value=\"0\" \/>\n<input type=\"hidden\" name=\"_wpcf7_posted_data_hash\" value=\"\" \/>\n<input type=\"hidden\" name=\"_wpcf7_recaptcha_response\" value=\"\" \/>\n<\/div>\n<p><label> Votre nom<br \/>\n<span class=\"wpcf7-form-control-wrap\" data-name=\"your-name\"><input size=\"40\" maxlength=\"400\" class=\"wpcf7-form-control wpcf7-text wpcf7-validates-as-required\" aria-required=\"true\" aria-invalid=\"false\" value=\"\" type=\"text\" name=\"your-name\" \/><\/span> <\/label>\n<\/p>\n<p><label> Votre e-mail<br \/>\n<span class=\"wpcf7-form-control-wrap\" data-name=\"your-email\"><input size=\"40\" maxlength=\"400\" class=\"wpcf7-form-control wpcf7-email wpcf7-validates-as-required wpcf7-text wpcf7-validates-as-email\" aria-required=\"true\" aria-invalid=\"false\" value=\"\" type=\"email\" name=\"your-email\" \/><\/span> <\/label>\n<\/p>\n<p><label> Objet<br \/>\n<span class=\"wpcf7-form-control-wrap\" data-name=\"your-subject\"><input size=\"40\" maxlength=\"400\" class=\"wpcf7-form-control wpcf7-text wpcf7-validates-as-required\" aria-required=\"true\" aria-invalid=\"false\" value=\"\" type=\"text\" name=\"your-subject\" \/><\/span> <\/label>\n<\/p>\n<p><label> Votre message (facultatif)<br \/>\n<span class=\"wpcf7-form-control-wrap\" data-name=\"your-message\"><textarea cols=\"40\" rows=\"10\" maxlength=\"2000\" class=\"wpcf7-form-control wpcf7-textarea\" aria-invalid=\"false\" name=\"your-message\"><\/textarea><\/span> <\/label>\n<\/p>\n<p><input class=\"wpcf7-form-control wpcf7-submit has-spinner\" type=\"submit\" value=\"Envoyer\" \/>\n<\/p><p style=\"display: none !important;\" class=\"akismet-fields-container\" data-prefix=\"_wpcf7_ak_\"><label>&#916;<textarea name=\"_wpcf7_ak_hp_textarea\" cols=\"45\" rows=\"8\" maxlength=\"100\"><\/textarea><\/label><input type=\"hidden\" id=\"ak_js_1\" name=\"_wpcf7_ak_js\" value=\"211\"\/><script>document.getElementById( \"ak_js_1\" ).setAttribute( \"value\", ( new Date() ).getTime() );<\/script><\/p><div class=\"wpcf7-response-output\" aria-hidden=\"true\"><\/div>\n<\/form>\n<\/div>\n[\/vc_column][\/vc_row]\n","protected":false},"excerpt":{"rendered":"<p>[vc_row][vc_column][vc_column_text] \u00c0 Montreuil-des-Landes, un artisan d\u2019art permet de r\u00e9parer ses meubles \u00e0 moindre co\u00fbt gr\u00e2ce au Bonus R\u00e9paration \u00a0 Install\u00e9 \u00e0 Montreuil-des-Landes (35210), entre Foug\u00e8res et Vitr\u00e9, Antoine Buron, \u00e9b\u00e9niste restaurateur de mobilier, propose d\u00e9sormais \u00e0 ses clients de b\u00e9n\u00e9ficier &hellip; <a class=\"kt-excerpt-readmore\" href=\"https:\/\/atelier-diospyros.fr\/index.php\/bonus-eco-maison-restauration-de-mobilier-ebeniste-35\/\" aria-label=\"Bonus \u00c9co Maison pour la restauration de mobilier\">Lire la suite<\/a><\/p>\n","protected":false},"author":17,"featured_media":0,"parent":0,"menu_order":0,"comment_status":"closed","ping_status":"closed","template":"","meta":{"footnotes":""},"class_list":["post-11082","page","type-page","status-publish","hentry"],"yoast_head":"<!-- This site is optimized with the Yoast SEO plugin v24.2 - https:\/\/yoast.com\/wordpress\/plugins\/seo\/ -->\n<title>Bonus \u00c9co Maison pour la restauration de mobilier - Atelier Diospyros &amp; Cl\u00e9mence Quitterel<\/title>\n<meta name=\"robots\" content=\"index, follow, max-snippet:-1, max-image-preview:large, max-video-preview:-1\" \/>\n<link rel=\"canonical\" href=\"https:\/\/atelier-diospyros.fr\/index.php\/bonus-eco-maison-restauration-de-mobilier-ebeniste-35\/\" \/>\n<meta property=\"og:locale\" content=\"fr_FR\" \/>\n<meta property=\"og:type\" content=\"article\" \/>\n<meta property=\"og:title\" content=\"Bonus \u00c9co Maison pour la restauration de mobilier - Atelier Diospyros &amp; Cl\u00e9mence Quitterel\" \/>\n<meta property=\"og:description\" content=\"[vc_row][vc_column][vc_column_text] \u00c0 Montreuil-des-Landes, un artisan d\u2019art permet de r\u00e9parer ses meubles \u00e0 moindre co\u00fbt gr\u00e2ce au Bonus R\u00e9paration \u00a0 Install\u00e9 \u00e0 Montreuil-des-Landes (35210), entre Foug\u00e8res et Vitr\u00e9, Antoine Buron, \u00e9b\u00e9niste restaurateur de mobilier, propose d\u00e9sormais \u00e0 ses clients de b\u00e9n\u00e9ficier &hellip; Lire la suite\" \/>\n<meta property=\"og:url\" content=\"https:\/\/atelier-diospyros.fr\/index.php\/bonus-eco-maison-restauration-de-mobilier-ebeniste-35\/\" \/>\n<meta property=\"og:site_name\" content=\"Atelier Diospyros &amp; Cl\u00e9mence Quitterel\" \/>\n<meta property=\"article:modified_time\" content=\"2026-02-20T11:13:23+00:00\" \/>\n<meta name=\"twitter:card\" content=\"summary_large_image\" \/>\n<meta name=\"twitter:label1\" content=\"Dur\u00e9e de lecture estim\u00e9e\" \/>\n\t<meta name=\"twitter:data1\" content=\"2 minutes\" \/>\n<script type=\"application\/ld+json\" class=\"yoast-schema-graph\">{\"@context\":\"https:\/\/schema.org\",\"@graph\":[{\"@type\":\"WebPage\",\"@id\":\"https:\/\/atelier-diospyros.fr\/index.php\/bonus-eco-maison-restauration-de-mobilier-ebeniste-35\/\",\"url\":\"https:\/\/atelier-diospyros.fr\/index.php\/bonus-eco-maison-restauration-de-mobilier-ebeniste-35\/\",\"name\":\"Bonus \u00c9co Maison pour la restauration de mobilier - Atelier Diospyros &amp; Cl\u00e9mence Quitterel\",\"isPartOf\":{\"@id\":\"https:\/\/atelier-diospyros.fr\/#website\"},\"datePublished\":\"2026-02-20T10:45:15+00:00\",\"dateModified\":\"2026-02-20T11:13:23+00:00\",\"breadcrumb\":{\"@id\":\"https:\/\/atelier-diospyros.fr\/index.php\/bonus-eco-maison-restauration-de-mobilier-ebeniste-35\/#breadcrumb\"},\"inLanguage\":\"fr-FR\",\"potentialAction\":[{\"@type\":\"ReadAction\",\"target\":[\"https:\/\/atelier-diospyros.fr\/index.php\/bonus-eco-maison-restauration-de-mobilier-ebeniste-35\/\"]}]},{\"@type\":\"BreadcrumbList\",\"@id\":\"https:\/\/atelier-diospyros.fr\/index.php\/bonus-eco-maison-restauration-de-mobilier-ebeniste-35\/#breadcrumb\",\"itemListElement\":[{\"@type\":\"ListItem\",\"position\":1,\"name\":\"Accueil\",\"item\":\"https:\/\/atelier-diospyros.fr\/\"},{\"@type\":\"ListItem\",\"position\":2,\"name\":\"Bonus \u00c9co Maison pour la restauration de mobilier\"}]},{\"@type\":\"WebSite\",\"@id\":\"https:\/\/atelier-diospyros.fr\/#website\",\"url\":\"https:\/\/atelier-diospyros.fr\/\",\"name\":\"Atelier Diospyros &amp; Cl\u00e9mence Quitterel\",\"description\":\"Objets en bois precieux et Cyanotypes : bijoux, d\u00e9coration d&#039;interieur, noeud papillon en bois, planches a decouper\",\"potentialAction\":[{\"@type\":\"SearchAction\",\"target\":{\"@type\":\"EntryPoint\",\"urlTemplate\":\"https:\/\/atelier-diospyros.fr\/?s={search_term_string}\"},\"query-input\":{\"@type\":\"PropertyValueSpecification\",\"valueRequired\":true,\"valueName\":\"search_term_string\"}}],\"inLanguage\":\"fr-FR\"}]}<\/script>\n<!-- \/ Yoast SEO plugin. -->","yoast_head_json":{"title":"Bonus \u00c9co Maison pour la restauration de mobilier - Atelier Diospyros &amp; Cl\u00e9mence Quitterel","robots":{"index":"index","follow":"follow","max-snippet":"max-snippet:-1","max-image-preview":"max-image-preview:large","max-video-preview":"max-video-preview:-1"},"canonical":"https:\/\/atelier-diospyros.fr\/index.php\/bonus-eco-maison-restauration-de-mobilier-ebeniste-35\/","og_locale":"fr_FR","og_type":"article","og_title":"Bonus \u00c9co Maison pour la restauration de mobilier - Atelier Diospyros &amp; Cl\u00e9mence Quitterel","og_description":"[vc_row][vc_column][vc_column_text] \u00c0 Montreuil-des-Landes, un artisan d\u2019art permet de r\u00e9parer ses meubles \u00e0 moindre co\u00fbt gr\u00e2ce au Bonus R\u00e9paration \u00a0 Install\u00e9 \u00e0 Montreuil-des-Landes (35210), entre Foug\u00e8res et Vitr\u00e9, Antoine Buron, \u00e9b\u00e9niste restaurateur de mobilier, propose d\u00e9sormais \u00e0 ses clients de b\u00e9n\u00e9ficier &hellip; Lire la suite","og_url":"https:\/\/atelier-diospyros.fr\/index.php\/bonus-eco-maison-restauration-de-mobilier-ebeniste-35\/","og_site_name":"Atelier Diospyros &amp; Cl\u00e9mence Quitterel","article_modified_time":"2026-02-20T11:13:23+00:00","twitter_card":"summary_large_image","twitter_misc":{"Dur\u00e9e de lecture estim\u00e9e":"2 minutes"},"schema":{"@context":"https:\/\/schema.org","@graph":[{"@type":"WebPage","@id":"https:\/\/atelier-diospyros.fr\/index.php\/bonus-eco-maison-restauration-de-mobilier-ebeniste-35\/","url":"https:\/\/atelier-diospyros.fr\/index.php\/bonus-eco-maison-restauration-de-mobilier-ebeniste-35\/","name":"Bonus \u00c9co Maison pour la restauration de mobilier - Atelier Diospyros &amp; Cl\u00e9mence Quitterel","isPartOf":{"@id":"https:\/\/atelier-diospyros.fr\/#website"},"datePublished":"2026-02-20T10:45:15+00:00","dateModified":"2026-02-20T11:13:23+00:00","breadcrumb":{"@id":"https:\/\/atelier-diospyros.fr\/index.php\/bonus-eco-maison-restauration-de-mobilier-ebeniste-35\/#breadcrumb"},"inLanguage":"fr-FR","potentialAction":[{"@type":"ReadAction","target":["https:\/\/atelier-diospyros.fr\/index.php\/bonus-eco-maison-restauration-de-mobilier-ebeniste-35\/"]}]},{"@type":"BreadcrumbList","@id":"https:\/\/atelier-diospyros.fr\/index.php\/bonus-eco-maison-restauration-de-mobilier-ebeniste-35\/#breadcrumb","itemListElement":[{"@type":"ListItem","position":1,"name":"Accueil","item":"https:\/\/atelier-diospyros.fr\/"},{"@type":"ListItem","position":2,"name":"Bonus \u00c9co Maison pour la restauration de mobilier"}]},{"@type":"WebSite","@id":"https:\/\/atelier-diospyros.fr\/#website","url":"https:\/\/atelier-diospyros.fr\/","name":"Atelier Diospyros &amp; Cl\u00e9mence Quitterel","description":"Objets en bois precieux et Cyanotypes : bijoux, d\u00e9coration d&#039;interieur, noeud papillon en bois, planches a decouper","potentialAction":[{"@type":"SearchAction","target":{"@type":"EntryPoint","urlTemplate":"https:\/\/atelier-diospyros.fr\/?s={search_term_string}"},"query-input":{"@type":"PropertyValueSpecification","valueRequired":true,"valueName":"search_term_string"}}],"inLanguage":"fr-FR"}]}},"jetpack_sharing_enabled":true,"_links":{"self":[{"href":"https:\/\/atelier-diospyros.fr\/index.php\/wp-json\/wp\/v2\/pages\/11082"}],"collection":[{"href":"https:\/\/atelier-diospyros.fr\/index.php\/wp-json\/wp\/v2\/pages"}],"about":[{"href":"https:\/\/atelier-diospyros.fr\/index.php\/wp-json\/wp\/v2\/types\/page"}],"author":[{"embeddable":true,"href":"https:\/\/atelier-diospyros.fr\/index.php\/wp-json\/wp\/v2\/users\/17"}],"replies":[{"embeddable":true,"href":"https:\/\/atelier-diospyros.fr\/index.php\/wp-json\/wp\/v2\/comments?post=11082"}],"version-history":[{"count":12,"href":"https:\/\/atelier-diospyros.fr\/index.php\/wp-json\/wp\/v2\/pages\/11082\/revisions"}],"predecessor-version":[{"id":11100,"href":"https:\/\/atelier-diospyros.fr\/index.php\/wp-json\/wp\/v2\/pages\/11082\/revisions\/11100"}],"wp:attachment":[{"href":"https:\/\/atelier-diospyros.fr\/index.php\/wp-json\/wp\/v2\/media?parent=11082"}],"curies":[{"name":"wp","href":"https:\/\/api.w.org\/{rel}","templated":true}]}}